{"id":1107,"date":"2019-11-22T15:54:55","date_gmt":"2019-11-22T15:54:55","guid":{"rendered":"https:\/\/www.stille.se\/se\/513-2__trashed\/investerarrelationer\/"},"modified":"2024-02-19T17:01:25","modified_gmt":"2024-02-19T16:01:25","slug":"investerare","status":"publish","type":"page","link":"https:\/\/www.stille.se\/se\/investerare\/","title":{"rendered":"Investerare"},"content":{"rendered":"<h1>Surgical perfection. For Life.<\/h1>\n<p>Den globala sjukv\u00e5rdsmarknaden d\u00e4r Stille verkar \u00e4r i stabil tillv\u00e4xt. Stille \u00e4r ett bolag med stor innovationskraft och en historia av produktledarskap som g\u00e5r n\u00e4rmare 180 \u00e5r bak\u00e5t i tiden.<\/p>\n<p>Vi utvecklar, tillverkar och marknadsf\u00f6r kirurgiska instrument och avancerade operationsbord som anv\u00e4nds vid modern operationsteknik. V\u00e5ra viktigaste kunder \u00e4r sjukhus, kliniker och dagkirurgiska enheter, framf\u00f6rallt i Nordamerika och Europa.<\/p>\n<p>S\u00e4rskilt fokus l\u00e4gger vi p\u00e5 tv\u00e5 marknadssegment som visar en s\u00e4rskilt stabil och l\u00e5ngsiktig tillv\u00e4xt: kardiovaskul\u00e4r kirurgi och plastikkirurgi. Tillv\u00e4xten i dessa segment drivs starka underliggande trender som \u00f6kad levnadsl\u00e4ngd och f\u00f6rb\u00e4ttrat v\u00e4lst\u00e5nd som g\u00f6r att behovet av sjukv\u00e5rd \u00f6kar samtidigt som mer resurser finns tillg\u00e4ngliga.<\/p>\n<p>Vi utvecklar v\u00e5ra produkter i n\u00e4ra samarbete med l\u00e4kare och kirurger. Genom innovationer och ett kvalitetsarbete som sp\u00e4nner \u00f6ver generationer har vi byggt ett mycket starkt varum\u00e4rke hos v\u00e5r m\u00e5lgrupp. Stilles f\u00f6ruts\u00e4ttningar f\u00f6r framtida tillv\u00e4xt \u00e4r d\u00e4rf\u00f6r goda.<\/p>\n<div class=\"\"><\/div>\n<div><\/div>\n<div><\/div>\n","protected":false},"excerpt":{"rendered":"<p>Surgical perfection. For Life. Den globala sjukv\u00e5rdsmarknaden d\u00e4r Stille verkar \u00e4r i stabil tillv\u00e4xt. Stille \u00e4r ett bolag med stor innovationskraft och en historia av produktledarskap som g\u00e5r n\u00e4rmare 180 \u00e5r bak\u00e5t i tiden. Vi utvecklar, tillverkar och marknadsf\u00f6r kirurgiska instrument och avancerade operationsbord som anv\u00e4nds vid modern operationsteknik. V\u00e5ra viktigaste kunder \u00e4r sjukhus, kliniker&#8230;<\/p>\n","protected":false},"author":33,"featured_media":0,"parent":0,"menu_order":5,"comment_status":"open","ping_status":"closed","template":"","meta":[],"acf":[],"yoast_head":"<!-- This site is optimized with the Yoast SEO plugin v17.9 - https:\/\/yoast.com\/wordpress\/plugins\/seo\/ -->\n<title>Investerare - STILLE<\/title>\n<meta name=\"robots\" content=\"index, follow, max-snippet:-1, max-image-preview:large, max-video-preview:-1\" \/>\n<link rel=\"canonical\" href=\"https:\/\/www.stille.se\/se\/?page_id=1107\" \/>\n<meta property=\"og:locale\" content=\"sv_SE\" \/>\n<meta property=\"og:type\" content=\"article\" \/>\n<meta property=\"og:title\" content=\"Investerare - STILLE\" \/>\n<meta property=\"og:description\" content=\"Surgical perfection. For Life. Den globala sjukv\u00e5rdsmarknaden d\u00e4r Stille verkar \u00e4r i stabil tillv\u00e4xt. Stille \u00e4r ett bolag med stor innovationskraft och en historia av produktledarskap som g\u00e5r n\u00e4rmare 180 \u00e5r bak\u00e5t i tiden. Vi utvecklar, tillverkar och marknadsf\u00f6r kirurgiska instrument och avancerade operationsbord som anv\u00e4nds vid modern operationsteknik. V\u00e5ra viktigaste kunder \u00e4r sjukhus, kliniker...\" \/>\n<meta property=\"og:url\" content=\"https:\/\/www.stille.se\/se\/?page_id=1107\" \/>\n<meta property=\"og:site_name\" content=\"Stille SE\" \/>\n<meta property=\"article:publisher\" content=\"https:\/\/www.facebook.com\/stilleab\/\" \/>\n<meta property=\"article:modified_time\" content=\"2024-02-19T16:01:25+00:00\" \/>\n<meta property=\"og:image\" content=\"https:\/\/www.stille.se\/se\/wp-content\/uploads\/2019\/12\/stille-logo-800.jpg\" \/>\n\t<meta property=\"og:image:width\" content=\"562\" \/>\n\t<meta property=\"og:image:height\" content=\"314\" \/>\n\t<meta property=\"og:image:type\" content=\"image\/jpeg\" \/>\n<meta name=\"twitter:card\" content=\"summary_large_image\" \/>\n<meta name=\"twitter:label1\" content=\"Ber\u00e4knad l\u00e4stid\" \/>\n\t<meta name=\"twitter:data1\" content=\"1 minut\" \/>\n<script type=\"application\/ld+json\" class=\"yoast-schema-graph\">{\"@context\":\"https:\/\/schema.org\",\"@graph\":[{\"@type\":\"Organization\",\"@id\":\"https:\/\/www.stille.se\/se\/#organization\",\"name\":\"Stille AB\",\"url\":\"https:\/\/www.stille.se\/se\/\",\"sameAs\":[\"https:\/\/www.facebook.com\/stilleab\/\",\"https:\/\/www.linkedin.com\/company\/stille-ab\/\",\"https:\/\/www.youtube.com\/channel\/UCpxmVroiwKKSXWe3ZCOrSqw\"],\"logo\":{\"@type\":\"ImageObject\",\"@id\":\"https:\/\/www.stille.se\/se\/#logo\",\"inLanguage\":\"sv-SE\",\"url\":\"https:\/\/www.stille.se\/se\/wp-content\/uploads\/2019\/12\/stille-logo-800.jpg\",\"contentUrl\":\"https:\/\/www.stille.se\/se\/wp-content\/uploads\/2019\/12\/stille-logo-800.jpg\",\"width\":562,\"height\":314,\"caption\":\"Stille AB\"},\"image\":{\"@id\":\"https:\/\/www.stille.se\/se\/#logo\"}},{\"@type\":\"WebSite\",\"@id\":\"https:\/\/www.stille.se\/se\/#website\",\"url\":\"https:\/\/www.stille.se\/se\/\",\"name\":\"Stille SE\",\"description\":\"\",\"publisher\":{\"@id\":\"https:\/\/www.stille.se\/se\/#organization\"},\"potentialAction\":[{\"@type\":\"SearchAction\",\"target\":{\"@type\":\"EntryPoint\",\"urlTemplate\":\"https:\/\/www.stille.se\/se\/?s={search_term_string}\"},\"query-input\":\"required name=search_term_string\"}],\"inLanguage\":\"sv-SE\"},{\"@type\":\"WebPage\",\"@id\":\"https:\/\/www.stille.se\/se\/?page_id=1107#webpage\",\"url\":\"https:\/\/www.stille.se\/se\/?page_id=1107\",\"name\":\"Investerare - STILLE\",\"isPartOf\":{\"@id\":\"https:\/\/www.stille.se\/se\/#website\"},\"datePublished\":\"2019-11-22T15:54:55+00:00\",\"dateModified\":\"2024-02-19T16:01:25+00:00\",\"breadcrumb\":{\"@id\":\"https:\/\/www.stille.se\/se\/?page_id=1107#breadcrumb\"},\"inLanguage\":\"sv-SE\",\"potentialAction\":[{\"@type\":\"ReadAction\",\"target\":[\"https:\/\/www.stille.se\/se\/?page_id=1107\"]}]},{\"@type\":\"BreadcrumbList\",\"@id\":\"https:\/\/www.stille.se\/se\/?page_id=1107#breadcrumb\",\"itemListElement\":[{\"@type\":\"ListItem\",\"position\":1,\"name\":\"Hem\",\"item\":\"https:\/\/www.stille.se\/se\/\"},{\"@type\":\"ListItem\",\"position\":2,\"name\":\"Investerare\"}]}]}<\/script>\n<!-- \/ Yoast SEO plugin. -->","yoast_head_json":{"title":"Investerare - STILLE","robots":{"index":"index","follow":"follow","max-snippet":"max-snippet:-1","max-image-preview":"max-image-preview:large","max-video-preview":"max-video-preview:-1"},"canonical":"https:\/\/www.stille.se\/se\/?page_id=1107","og_locale":"sv_SE","og_type":"article","og_title":"Investerare - STILLE","og_description":"Surgical perfection. For Life. Den globala sjukv\u00e5rdsmarknaden d\u00e4r Stille verkar \u00e4r i stabil tillv\u00e4xt. Stille \u00e4r ett bolag med stor innovationskraft och en historia av produktledarskap som g\u00e5r n\u00e4rmare 180 \u00e5r bak\u00e5t i tiden. Vi utvecklar, tillverkar och marknadsf\u00f6r kirurgiska instrument och avancerade operationsbord som anv\u00e4nds vid modern operationsteknik. V\u00e5ra viktigaste kunder \u00e4r sjukhus, kliniker...","og_url":"https:\/\/www.stille.se\/se\/?page_id=1107","og_site_name":"Stille SE","article_publisher":"https:\/\/www.facebook.com\/stilleab\/","article_modified_time":"2024-02-19T16:01:25+00:00","og_image":[{"width":562,"height":314,"url":"https:\/\/www.stille.se\/se\/wp-content\/uploads\/2019\/12\/stille-logo-800.jpg","type":"image\/jpeg"}],"twitter_card":"summary_large_image","twitter_misc":{"Ber\u00e4knad l\u00e4stid":"1 minut"},"schema":{"@context":"https:\/\/schema.org","@graph":[{"@type":"Organization","@id":"https:\/\/www.stille.se\/se\/#organization","name":"Stille AB","url":"https:\/\/www.stille.se\/se\/","sameAs":["https:\/\/www.facebook.com\/stilleab\/","https:\/\/www.linkedin.com\/company\/stille-ab\/","https:\/\/www.youtube.com\/channel\/UCpxmVroiwKKSXWe3ZCOrSqw"],"logo":{"@type":"ImageObject","@id":"https:\/\/www.stille.se\/se\/#logo","inLanguage":"sv-SE","url":"https:\/\/www.stille.se\/se\/wp-content\/uploads\/2019\/12\/stille-logo-800.jpg","contentUrl":"https:\/\/www.stille.se\/se\/wp-content\/uploads\/2019\/12\/stille-logo-800.jpg","width":562,"height":314,"caption":"Stille AB"},"image":{"@id":"https:\/\/www.stille.se\/se\/#logo"}},{"@type":"WebSite","@id":"https:\/\/www.stille.se\/se\/#website","url":"https:\/\/www.stille.se\/se\/","name":"Stille SE","description":"","publisher":{"@id":"https:\/\/www.stille.se\/se\/#organization"},"potentialAction":[{"@type":"SearchAction","target":{"@type":"EntryPoint","urlTemplate":"https:\/\/www.stille.se\/se\/?s={search_term_string}"},"query-input":"required name=search_term_string"}],"inLanguage":"sv-SE"},{"@type":"WebPage","@id":"https:\/\/www.stille.se\/se\/?page_id=1107#webpage","url":"https:\/\/www.stille.se\/se\/?page_id=1107","name":"Investerare - STILLE","isPartOf":{"@id":"https:\/\/www.stille.se\/se\/#website"},"datePublished":"2019-11-22T15:54:55+00:00","dateModified":"2024-02-19T16:01:25+00:00","breadcrumb":{"@id":"https:\/\/www.stille.se\/se\/?page_id=1107#breadcrumb"},"inLanguage":"sv-SE","potentialAction":[{"@type":"ReadAction","target":["https:\/\/www.stille.se\/se\/?page_id=1107"]}]},{"@type":"BreadcrumbList","@id":"https:\/\/www.stille.se\/se\/?page_id=1107#breadcrumb","itemListElement":[{"@type":"ListItem","position":1,"name":"Hem","item":"https:\/\/www.stille.se\/se\/"},{"@type":"ListItem","position":2,"name":"Investerare"}]}]}},"_links":{"self":[{"href":"https:\/\/www.stille.se\/se\/wp-json\/wp\/v2\/pages\/1107"}],"collection":[{"href":"https:\/\/www.stille.se\/se\/wp-json\/wp\/v2\/pages"}],"about":[{"href":"https:\/\/www.stille.se\/se\/wp-json\/wp\/v2\/types\/page"}],"author":[{"embeddable":true,"href":"https:\/\/www.stille.se\/se\/wp-json\/wp\/v2\/users\/33"}],"replies":[{"embeddable":true,"href":"https:\/\/www.stille.se\/se\/wp-json\/wp\/v2\/comments?post=1107"}],"version-history":[{"count":33,"href":"https:\/\/www.stille.se\/se\/wp-json\/wp\/v2\/pages\/1107\/revisions"}],"predecessor-version":[{"id":47450,"href":"https:\/\/www.stille.se\/se\/wp-json\/wp\/v2\/pages\/1107\/revisions\/47450"}],"wp:attachment":[{"href":"https:\/\/www.stille.se\/se\/wp-json\/wp\/v2\/media?parent=1107"}],"curies":[{"name":"wp","href":"https:\/\/api.w.org\/{rel}","templated":true}]}}