{"id":1119,"date":"2019-11-22T15:55:20","date_gmt":"2019-11-22T15:55:20","guid":{"rendered":"https:\/\/www.stille.se\/se\/513-2__trashed\/aktien\/"},"modified":"2024-04-10T19:23:34","modified_gmt":"2024-04-10T17:23:34","slug":"aktien","status":"publish","type":"page","link":"https:\/\/www.stille.se\/se\/investerare\/aktien\/","title":{"rendered":"Aktieinformation"},"content":{"rendered":"\n<h1>Aktieinformation<\/h1>\n\n\n\n<h4>Aktiekursens utveckling<\/h4>\n\n\n<div class=\"widget widget_mf_widget\"><div id='widget-stock-chart-1281411684'><\/div>\n        <script>\n            if(!window._MF){\n                let b = document.createElement(\"script\");\n                b.type = \"text\/javascript\";\n                b.async = true;\n                b.src =  \" https:\/\/widget.datablocks.se\/api\/rose\/assets\/js\/loader-v4.js\";\n                document.getElementsByTagName(\"body\")[0].appendChild(b);\n\n                window._MF = window._MF || {\n                    data: [],\n                    url: \" https:\/\/widget.datablocks.se\/api\/rose\",\n                    ready: !!0,\n                    render: function() {\n                        window._MF.ready = !0\n                    },\n                    push: function(conf){\n                        this.data.push(conf)\n                    }\n                }\n            }\n            var widget = {\"query\":\"#widget-stock-chart-1281411684\",\"widget\":\"stock-chart\",\"locale\":\"sv\",\"c\":\"\",\"token\":\"ca86d00c-d45b-4d40-8492-84d321aa4539\",\"demo\":false,\"class\":\"\"};\n\n            window._MF.push(widget);\n        <\/script>\n        <\/div>\n\n\n\n<h4>Aktie\u00e4garstruktur<\/h4>\n\n\n<div class=\"widget widget_mf_widget\"><div id='widget-owner-list-633795367'><\/div>\n        <script>\n            if(!window._MF){\n                let b = document.createElement(\"script\");\n                b.type = \"text\/javascript\";\n                b.async = true;\n                b.src =  \" https:\/\/widget.datablocks.se\/api\/rose\/assets\/js\/loader-v4.js\";\n                document.getElementsByTagName(\"body\")[0].appendChild(b);\n\n                window._MF = window._MF || {\n                    data: [],\n                    url: \" https:\/\/widget.datablocks.se\/api\/rose\",\n                    ready: !!0,\n                    render: function() {\n                        window._MF.ready = !0\n                    },\n                    push: function(conf){\n                        this.data.push(conf)\n                    }\n                }\n            }\n            var widget = {\"query\":\"#widget-owner-list-633795367\",\"widget\":\"owner-list\",\"locale\":\"sv\",\"c\":\"\",\"token\":\"19c7c206-4f0f-4665-8865-d0af76662bef\",\"demo\":false,\"class\":\"\"};\n\n            window._MF.push(widget);\n        <\/script>\n        <\/div>\n\n\n\n<h4>Aktiekapital<\/h4>\n\n\n\n<p>Det finns endast ett aktieslag. Samtliga aktier \u00e4r fullt betalda och ber\u00e4ttigar till lika andel i bolagets tillg\u00e5ngar och samma r\u00f6str\u00e4tt.<\/p>\n\n\n\n<hr class=\"wp-block-separator has-css-opacity\"\/>\n\n\n\n<div class=\"wp-container-3 wp-block-columns has-2-columns\">\n<div class=\"wp-container-1 wp-block-column\">\n<h5> Certified Adviser <\/h5>\n\n\n\n<p>Eminova Fondkommission AB<br><a href=\"tel:0046868421100\">+46 8 684 211 10<\/a><br><a href=\"mailto:info@eminova.se\">adviser@eminova.se<\/a><\/p>\n<\/div>\n\n\n\n<div class=\"wp-container-2 wp-block-column\">\n<h5>Listdata<\/h5>\n\n\n\n<p>Kortnamn (Nasdaq First North Growth Market): STIL<br>ISIN: SE0000998650<br>LEI-kod: 549300NWY73USOO92415 <\/p>\n<\/div>\n<\/div>\n","protected":false},"excerpt":{"rendered":"<p>Aktieinformation Aktiekursens utveckling Aktie\u00e4garstruktur Aktiekapital Det finns endast ett aktieslag. Samtliga aktier \u00e4r fullt betalda och ber\u00e4ttigar till lika andel i bolagets tillg\u00e5ngar och samma r\u00f6str\u00e4tt. Certified Adviser Eminova Fondkommission AB+46 8 684 211 10adviser@eminova.se Listdata Kortnamn (Nasdaq First North Growth Market): STILISIN: SE0000998650LEI-kod: 549300NWY73USOO92415<\/p>\n","protected":false},"author":33,"featured_media":0,"parent":1107,"menu_order":0,"comment_status":"open","ping_status":"open","template":"","meta":[],"acf":[],"yoast_head":"<!-- This site is optimized with the Yoast SEO plugin v17.9 - https:\/\/yoast.com\/wordpress\/plugins\/seo\/ -->\n<title>Aktieinformation - STILLE<\/title>\n<meta name=\"robots\" content=\"index, follow, max-snippet:-1, max-image-preview:large, max-video-preview:-1\" \/>\n<link rel=\"canonical\" href=\"https:\/\/www.stille.se\/se\/investerare\/aktien\/\" \/>\n<meta property=\"og:locale\" content=\"sv_SE\" \/>\n<meta property=\"og:type\" content=\"article\" \/>\n<meta property=\"og:title\" content=\"Aktieinformation - STILLE\" \/>\n<meta property=\"og:description\" content=\"Aktieinformation Aktiekursens utveckling Aktie\u00e4garstruktur Aktiekapital Det finns endast ett aktieslag. Samtliga aktier \u00e4r fullt betalda och ber\u00e4ttigar till lika andel i bolagets tillg\u00e5ngar och samma r\u00f6str\u00e4tt. Certified Adviser Eminova Fondkommission AB+46 8 684 211 10adviser@eminova.se Listdata Kortnamn (Nasdaq First North Growth Market): STILISIN: SE0000998650LEI-kod: 549300NWY73USOO92415\" \/>\n<meta property=\"og:url\" content=\"https:\/\/www.stille.se\/se\/investerare\/aktien\/\" \/>\n<meta property=\"og:site_name\" content=\"Stille SE\" \/>\n<meta property=\"article:publisher\" content=\"https:\/\/www.facebook.com\/stilleab\/\" \/>\n<meta property=\"article:modified_time\" content=\"2024-04-10T17:23:34+00:00\" \/>\n<meta property=\"og:image\" content=\"https:\/\/www.stille.se\/se\/wp-content\/uploads\/2019\/12\/stille-logo-800.jpg\" \/>\n\t<meta property=\"og:image:width\" content=\"562\" \/>\n\t<meta property=\"og:image:height\" content=\"314\" \/>\n\t<meta property=\"og:image:type\" content=\"image\/jpeg\" \/>\n<meta name=\"twitter:card\" content=\"summary_large_image\" \/>\n<meta name=\"twitter:label1\" content=\"Ber\u00e4knad l\u00e4stid\" \/>\n\t<meta name=\"twitter:data1\" content=\"1 minut\" \/>\n<script type=\"application\/ld+json\" class=\"yoast-schema-graph\">{\"@context\":\"https:\/\/schema.org\",\"@graph\":[{\"@type\":\"Organization\",\"@id\":\"https:\/\/www.stille.se\/se\/#organization\",\"name\":\"Stille AB\",\"url\":\"https:\/\/www.stille.se\/se\/\",\"sameAs\":[\"https:\/\/www.facebook.com\/stilleab\/\",\"https:\/\/www.linkedin.com\/company\/stille-ab\/\",\"https:\/\/www.youtube.com\/channel\/UCpxmVroiwKKSXWe3ZCOrSqw\"],\"logo\":{\"@type\":\"ImageObject\",\"@id\":\"https:\/\/www.stille.se\/se\/#logo\",\"inLanguage\":\"sv-SE\",\"url\":\"https:\/\/www.stille.se\/se\/wp-content\/uploads\/2019\/12\/stille-logo-800.jpg\",\"contentUrl\":\"https:\/\/www.stille.se\/se\/wp-content\/uploads\/2019\/12\/stille-logo-800.jpg\",\"width\":562,\"height\":314,\"caption\":\"Stille AB\"},\"image\":{\"@id\":\"https:\/\/www.stille.se\/se\/#logo\"}},{\"@type\":\"WebSite\",\"@id\":\"https:\/\/www.stille.se\/se\/#website\",\"url\":\"https:\/\/www.stille.se\/se\/\",\"name\":\"Stille SE\",\"description\":\"\",\"publisher\":{\"@id\":\"https:\/\/www.stille.se\/se\/#organization\"},\"potentialAction\":[{\"@type\":\"SearchAction\",\"target\":{\"@type\":\"EntryPoint\",\"urlTemplate\":\"https:\/\/www.stille.se\/se\/?s={search_term_string}\"},\"query-input\":\"required name=search_term_string\"}],\"inLanguage\":\"sv-SE\"},{\"@type\":\"WebPage\",\"@id\":\"https:\/\/www.stille.se\/se\/investerare\/aktien\/#webpage\",\"url\":\"https:\/\/www.stille.se\/se\/investerare\/aktien\/\",\"name\":\"Aktieinformation - STILLE\",\"isPartOf\":{\"@id\":\"https:\/\/www.stille.se\/se\/#website\"},\"datePublished\":\"2019-11-22T15:55:20+00:00\",\"dateModified\":\"2024-04-10T17:23:34+00:00\",\"breadcrumb\":{\"@id\":\"https:\/\/www.stille.se\/se\/investerare\/aktien\/#breadcrumb\"},\"inLanguage\":\"sv-SE\",\"potentialAction\":[{\"@type\":\"ReadAction\",\"target\":[\"https:\/\/www.stille.se\/se\/investerare\/aktien\/\"]}]},{\"@type\":\"BreadcrumbList\",\"@id\":\"https:\/\/www.stille.se\/se\/investerare\/aktien\/#breadcrumb\",\"itemListElement\":[{\"@type\":\"ListItem\",\"position\":1,\"name\":\"Hem\",\"item\":\"https:\/\/www.stille.se\/se\/\"},{\"@type\":\"ListItem\",\"position\":2,\"name\":\"Investerare\",\"item\":\"https:\/\/www.stille.se\/se\/?page_id=1107\"},{\"@type\":\"ListItem\",\"position\":3,\"name\":\"Aktieinformation\"}]}]}<\/script>\n<!-- \/ Yoast SEO plugin. -->","yoast_head_json":{"title":"Aktieinformation - STILLE","robots":{"index":"index","follow":"follow","max-snippet":"max-snippet:-1","max-image-preview":"max-image-preview:large","max-video-preview":"max-video-preview:-1"},"canonical":"https:\/\/www.stille.se\/se\/investerare\/aktien\/","og_locale":"sv_SE","og_type":"article","og_title":"Aktieinformation - STILLE","og_description":"Aktieinformation Aktiekursens utveckling Aktie\u00e4garstruktur Aktiekapital Det finns endast ett aktieslag. Samtliga aktier \u00e4r fullt betalda och ber\u00e4ttigar till lika andel i bolagets tillg\u00e5ngar och samma r\u00f6str\u00e4tt. Certified Adviser Eminova Fondkommission AB+46 8 684 211 10adviser@eminova.se Listdata Kortnamn (Nasdaq First North Growth Market): STILISIN: SE0000998650LEI-kod: 549300NWY73USOO92415","og_url":"https:\/\/www.stille.se\/se\/investerare\/aktien\/","og_site_name":"Stille SE","article_publisher":"https:\/\/www.facebook.com\/stilleab\/","article_modified_time":"2024-04-10T17:23:34+00:00","og_image":[{"width":562,"height":314,"url":"https:\/\/www.stille.se\/se\/wp-content\/uploads\/2019\/12\/stille-logo-800.jpg","type":"image\/jpeg"}],"twitter_card":"summary_large_image","twitter_misc":{"Ber\u00e4knad l\u00e4stid":"1 minut"},"schema":{"@context":"https:\/\/schema.org","@graph":[{"@type":"Organization","@id":"https:\/\/www.stille.se\/se\/#organization","name":"Stille AB","url":"https:\/\/www.stille.se\/se\/","sameAs":["https:\/\/www.facebook.com\/stilleab\/","https:\/\/www.linkedin.com\/company\/stille-ab\/","https:\/\/www.youtube.com\/channel\/UCpxmVroiwKKSXWe3ZCOrSqw"],"logo":{"@type":"ImageObject","@id":"https:\/\/www.stille.se\/se\/#logo","inLanguage":"sv-SE","url":"https:\/\/www.stille.se\/se\/wp-content\/uploads\/2019\/12\/stille-logo-800.jpg","contentUrl":"https:\/\/www.stille.se\/se\/wp-content\/uploads\/2019\/12\/stille-logo-800.jpg","width":562,"height":314,"caption":"Stille AB"},"image":{"@id":"https:\/\/www.stille.se\/se\/#logo"}},{"@type":"WebSite","@id":"https:\/\/www.stille.se\/se\/#website","url":"https:\/\/www.stille.se\/se\/","name":"Stille SE","description":"","publisher":{"@id":"https:\/\/www.stille.se\/se\/#organization"},"potentialAction":[{"@type":"SearchAction","target":{"@type":"EntryPoint","urlTemplate":"https:\/\/www.stille.se\/se\/?s={search_term_string}"},"query-input":"required name=search_term_string"}],"inLanguage":"sv-SE"},{"@type":"WebPage","@id":"https:\/\/www.stille.se\/se\/investerare\/aktien\/#webpage","url":"https:\/\/www.stille.se\/se\/investerare\/aktien\/","name":"Aktieinformation - STILLE","isPartOf":{"@id":"https:\/\/www.stille.se\/se\/#website"},"datePublished":"2019-11-22T15:55:20+00:00","dateModified":"2024-04-10T17:23:34+00:00","breadcrumb":{"@id":"https:\/\/www.stille.se\/se\/investerare\/aktien\/#breadcrumb"},"inLanguage":"sv-SE","potentialAction":[{"@type":"ReadAction","target":["https:\/\/www.stille.se\/se\/investerare\/aktien\/"]}]},{"@type":"BreadcrumbList","@id":"https:\/\/www.stille.se\/se\/investerare\/aktien\/#breadcrumb","itemListElement":[{"@type":"ListItem","position":1,"name":"Hem","item":"https:\/\/www.stille.se\/se\/"},{"@type":"ListItem","position":2,"name":"Investerare","item":"https:\/\/www.stille.se\/se\/?page_id=1107"},{"@type":"ListItem","position":3,"name":"Aktieinformation"}]}]}},"_links":{"self":[{"href":"https:\/\/www.stille.se\/se\/wp-json\/wp\/v2\/pages\/1119"}],"collection":[{"href":"https:\/\/www.stille.se\/se\/wp-json\/wp\/v2\/pages"}],"about":[{"href":"https:\/\/www.stille.se\/se\/wp-json\/wp\/v2\/types\/page"}],"author":[{"embeddable":true,"href":"https:\/\/www.stille.se\/se\/wp-json\/wp\/v2\/users\/33"}],"replies":[{"embeddable":true,"href":"https:\/\/www.stille.se\/se\/wp-json\/wp\/v2\/comments?post=1119"}],"version-history":[{"count":23,"href":"https:\/\/www.stille.se\/se\/wp-json\/wp\/v2\/pages\/1119\/revisions"}],"predecessor-version":[{"id":47669,"href":"https:\/\/www.stille.se\/se\/wp-json\/wp\/v2\/pages\/1119\/revisions\/47669"}],"up":[{"embeddable":true,"href":"https:\/\/www.stille.se\/se\/wp-json\/wp\/v2\/pages\/1107"}],"wp:attachment":[{"href":"https:\/\/www.stille.se\/se\/wp-json\/wp\/v2\/media?parent=1119"}],"curies":[{"name":"wp","href":"https:\/\/api.w.org\/{rel}","templated":true}]}}