{"id":1128,"date":"2019-11-22T15:55:24","date_gmt":"2019-11-22T15:55:24","guid":{"rendered":"https:\/\/www.stille.se\/se\/513-2__trashed\/investera-i-stille\/"},"modified":"2026-01-15T11:39:52","modified_gmt":"2026-01-15T10:39:52","slug":"investera-i-stille","status":"publish","type":"page","link":"https:\/\/www.stille.se\/se\/investerare\/investera-i-stille\/","title":{"rendered":"Investera i Stille"},"content":{"rendered":"<h1>Investera i Stille<\/h1>\n<p class=\"preamble\"><strong>Stille har goda m\u00f6jligheter att utvecklas med st\u00f6d av underliggande marknadsutveckling. V\u00e5rt fokus p\u00e5 kvalitet och innovation i marknadssegment med stabil tillv\u00e4xt skapar goda f\u00f6ruts\u00e4ttningar f\u00f6r stabil och l\u00e5ngsiktig avkastning till v\u00e5ra aktie\u00e4gare.<\/strong><\/p>\n<p>Ny operationsteknik och \u00f6kad medellivsl\u00e4ngd \u00e4r n\u00e5gra av de faktorer som p\u00e5verkar h\u00e4lso- och sjukv\u00e5rden och d\u00e4rmed f\u00f6ruts\u00e4ttningarna f\u00f6r v\u00e5r verksamhet.<\/p>\n<p>Stilles kirurgiska instrument anv\u00e4nds framf\u00f6rallt vid olika typer av \u00f6ppen kirurgi. Under minimalinvasiva ingrepp \u00e4r operationsborden imagiQ3 Legacy och Medstone nyckelprodukter.<\/p>\n","protected":false},"excerpt":{"rendered":"<p>Investera i Stille Stille har goda m\u00f6jligheter att utvecklas med st\u00f6d av underliggande marknadsutveckling. V\u00e5rt fokus p\u00e5 kvalitet och innovation i marknadssegment med stabil tillv\u00e4xt skapar goda f\u00f6ruts\u00e4ttningar f\u00f6r stabil och l\u00e5ngsiktig avkastning till v\u00e5ra aktie\u00e4gare. Ny operationsteknik och \u00f6kad medellivsl\u00e4ngd \u00e4r n\u00e5gra av de faktorer som p\u00e5verkar h\u00e4lso- och sjukv\u00e5rden och d\u00e4rmed f\u00f6ruts\u00e4ttningarna f\u00f6r&#8230;<\/p>\n","protected":false},"author":33,"featured_media":0,"parent":1107,"menu_order":0,"comment_status":"open","ping_status":"closed","template":"","meta":[],"acf":[],"yoast_head":"<!-- This site is optimized with the Yoast SEO plugin v17.9 - https:\/\/yoast.com\/wordpress\/plugins\/seo\/ -->\n<title>Investera i Stille - STILLE<\/title>\n<meta name=\"robots\" content=\"index, follow, max-snippet:-1, max-image-preview:large, max-video-preview:-1\" \/>\n<link rel=\"canonical\" href=\"https:\/\/www.stille.se\/se\/investerare\/investera-i-stille\/\" \/>\n<meta property=\"og:locale\" content=\"sv_SE\" \/>\n<meta property=\"og:type\" content=\"article\" \/>\n<meta property=\"og:title\" content=\"Investera i Stille - STILLE\" \/>\n<meta property=\"og:description\" content=\"Investera i Stille Stille har goda m\u00f6jligheter att utvecklas med st\u00f6d av underliggande marknadsutveckling. V\u00e5rt fokus p\u00e5 kvalitet och innovation i marknadssegment med stabil tillv\u00e4xt skapar goda f\u00f6ruts\u00e4ttningar f\u00f6r stabil och l\u00e5ngsiktig avkastning till v\u00e5ra aktie\u00e4gare. Ny operationsteknik och \u00f6kad medellivsl\u00e4ngd \u00e4r n\u00e5gra av de faktorer som p\u00e5verkar h\u00e4lso- och sjukv\u00e5rden och d\u00e4rmed f\u00f6ruts\u00e4ttningarna f\u00f6r...\" \/>\n<meta property=\"og:url\" content=\"https:\/\/www.stille.se\/se\/investerare\/investera-i-stille\/\" \/>\n<meta property=\"og:site_name\" content=\"Stille SE\" \/>\n<meta property=\"article:publisher\" content=\"https:\/\/www.facebook.com\/stilleab\/\" \/>\n<meta property=\"article:modified_time\" content=\"2026-01-15T10:39:52+00:00\" \/>\n<meta property=\"og:image\" content=\"https:\/\/www.stille.se\/se\/wp-content\/uploads\/2019\/12\/stille-logo-800.jpg\" \/>\n\t<meta property=\"og:image:width\" content=\"562\" \/>\n\t<meta property=\"og:image:height\" content=\"314\" \/>\n\t<meta property=\"og:image:type\" content=\"image\/jpeg\" \/>\n<meta name=\"twitter:card\" content=\"summary_large_image\" \/>\n<meta name=\"twitter:label1\" content=\"Ber\u00e4knad l\u00e4stid\" \/>\n\t<meta name=\"twitter:data1\" content=\"1 minut\" \/>\n<script type=\"application\/ld+json\" class=\"yoast-schema-graph\">{\"@context\":\"https:\/\/schema.org\",\"@graph\":[{\"@type\":\"Organization\",\"@id\":\"https:\/\/www.stille.se\/se\/#organization\",\"name\":\"Stille AB\",\"url\":\"https:\/\/www.stille.se\/se\/\",\"sameAs\":[\"https:\/\/www.facebook.com\/stilleab\/\",\"https:\/\/www.linkedin.com\/company\/stille-ab\/\",\"https:\/\/www.youtube.com\/channel\/UCpxmVroiwKKSXWe3ZCOrSqw\"],\"logo\":{\"@type\":\"ImageObject\",\"@id\":\"https:\/\/www.stille.se\/se\/#logo\",\"inLanguage\":\"sv-SE\",\"url\":\"https:\/\/www.stille.se\/se\/wp-content\/uploads\/2019\/12\/stille-logo-800.jpg\",\"contentUrl\":\"https:\/\/www.stille.se\/se\/wp-content\/uploads\/2019\/12\/stille-logo-800.jpg\",\"width\":562,\"height\":314,\"caption\":\"Stille AB\"},\"image\":{\"@id\":\"https:\/\/www.stille.se\/se\/#logo\"}},{\"@type\":\"WebSite\",\"@id\":\"https:\/\/www.stille.se\/se\/#website\",\"url\":\"https:\/\/www.stille.se\/se\/\",\"name\":\"Stille SE\",\"description\":\"\",\"publisher\":{\"@id\":\"https:\/\/www.stille.se\/se\/#organization\"},\"potentialAction\":[{\"@type\":\"SearchAction\",\"target\":{\"@type\":\"EntryPoint\",\"urlTemplate\":\"https:\/\/www.stille.se\/se\/?s={search_term_string}\"},\"query-input\":\"required name=search_term_string\"}],\"inLanguage\":\"sv-SE\"},{\"@type\":\"WebPage\",\"@id\":\"https:\/\/www.stille.se\/se\/investerare\/investera-i-stille\/#webpage\",\"url\":\"https:\/\/www.stille.se\/se\/investerare\/investera-i-stille\/\",\"name\":\"Investera i Stille - STILLE\",\"isPartOf\":{\"@id\":\"https:\/\/www.stille.se\/se\/#website\"},\"datePublished\":\"2019-11-22T15:55:24+00:00\",\"dateModified\":\"2026-01-15T10:39:52+00:00\",\"breadcrumb\":{\"@id\":\"https:\/\/www.stille.se\/se\/investerare\/investera-i-stille\/#breadcrumb\"},\"inLanguage\":\"sv-SE\",\"potentialAction\":[{\"@type\":\"ReadAction\",\"target\":[\"https:\/\/www.stille.se\/se\/investerare\/investera-i-stille\/\"]}]},{\"@type\":\"BreadcrumbList\",\"@id\":\"https:\/\/www.stille.se\/se\/investerare\/investera-i-stille\/#breadcrumb\",\"itemListElement\":[{\"@type\":\"ListItem\",\"position\":1,\"name\":\"Hem\",\"item\":\"https:\/\/www.stille.se\/se\/\"},{\"@type\":\"ListItem\",\"position\":2,\"name\":\"Investerare\",\"item\":\"https:\/\/www.stille.se\/se\/?page_id=1107\"},{\"@type\":\"ListItem\",\"position\":3,\"name\":\"Investera i Stille\"}]}]}<\/script>\n<!-- \/ Yoast SEO plugin. -->","yoast_head_json":{"title":"Investera i Stille - STILLE","robots":{"index":"index","follow":"follow","max-snippet":"max-snippet:-1","max-image-preview":"max-image-preview:large","max-video-preview":"max-video-preview:-1"},"canonical":"https:\/\/www.stille.se\/se\/investerare\/investera-i-stille\/","og_locale":"sv_SE","og_type":"article","og_title":"Investera i Stille - STILLE","og_description":"Investera i Stille Stille har goda m\u00f6jligheter att utvecklas med st\u00f6d av underliggande marknadsutveckling. V\u00e5rt fokus p\u00e5 kvalitet och innovation i marknadssegment med stabil tillv\u00e4xt skapar goda f\u00f6ruts\u00e4ttningar f\u00f6r stabil och l\u00e5ngsiktig avkastning till v\u00e5ra aktie\u00e4gare. Ny operationsteknik och \u00f6kad medellivsl\u00e4ngd \u00e4r n\u00e5gra av de faktorer som p\u00e5verkar h\u00e4lso- och sjukv\u00e5rden och d\u00e4rmed f\u00f6ruts\u00e4ttningarna f\u00f6r...","og_url":"https:\/\/www.stille.se\/se\/investerare\/investera-i-stille\/","og_site_name":"Stille SE","article_publisher":"https:\/\/www.facebook.com\/stilleab\/","article_modified_time":"2026-01-15T10:39:52+00:00","og_image":[{"width":562,"height":314,"url":"https:\/\/www.stille.se\/se\/wp-content\/uploads\/2019\/12\/stille-logo-800.jpg","type":"image\/jpeg"}],"twitter_card":"summary_large_image","twitter_misc":{"Ber\u00e4knad l\u00e4stid":"1 minut"},"schema":{"@context":"https:\/\/schema.org","@graph":[{"@type":"Organization","@id":"https:\/\/www.stille.se\/se\/#organization","name":"Stille AB","url":"https:\/\/www.stille.se\/se\/","sameAs":["https:\/\/www.facebook.com\/stilleab\/","https:\/\/www.linkedin.com\/company\/stille-ab\/","https:\/\/www.youtube.com\/channel\/UCpxmVroiwKKSXWe3ZCOrSqw"],"logo":{"@type":"ImageObject","@id":"https:\/\/www.stille.se\/se\/#logo","inLanguage":"sv-SE","url":"https:\/\/www.stille.se\/se\/wp-content\/uploads\/2019\/12\/stille-logo-800.jpg","contentUrl":"https:\/\/www.stille.se\/se\/wp-content\/uploads\/2019\/12\/stille-logo-800.jpg","width":562,"height":314,"caption":"Stille AB"},"image":{"@id":"https:\/\/www.stille.se\/se\/#logo"}},{"@type":"WebSite","@id":"https:\/\/www.stille.se\/se\/#website","url":"https:\/\/www.stille.se\/se\/","name":"Stille SE","description":"","publisher":{"@id":"https:\/\/www.stille.se\/se\/#organization"},"potentialAction":[{"@type":"SearchAction","target":{"@type":"EntryPoint","urlTemplate":"https:\/\/www.stille.se\/se\/?s={search_term_string}"},"query-input":"required name=search_term_string"}],"inLanguage":"sv-SE"},{"@type":"WebPage","@id":"https:\/\/www.stille.se\/se\/investerare\/investera-i-stille\/#webpage","url":"https:\/\/www.stille.se\/se\/investerare\/investera-i-stille\/","name":"Investera i Stille - STILLE","isPartOf":{"@id":"https:\/\/www.stille.se\/se\/#website"},"datePublished":"2019-11-22T15:55:24+00:00","dateModified":"2026-01-15T10:39:52+00:00","breadcrumb":{"@id":"https:\/\/www.stille.se\/se\/investerare\/investera-i-stille\/#breadcrumb"},"inLanguage":"sv-SE","potentialAction":[{"@type":"ReadAction","target":["https:\/\/www.stille.se\/se\/investerare\/investera-i-stille\/"]}]},{"@type":"BreadcrumbList","@id":"https:\/\/www.stille.se\/se\/investerare\/investera-i-stille\/#breadcrumb","itemListElement":[{"@type":"ListItem","position":1,"name":"Hem","item":"https:\/\/www.stille.se\/se\/"},{"@type":"ListItem","position":2,"name":"Investerare","item":"https:\/\/www.stille.se\/se\/?page_id=1107"},{"@type":"ListItem","position":3,"name":"Investera i Stille"}]}]}},"_links":{"self":[{"href":"https:\/\/www.stille.se\/se\/wp-json\/wp\/v2\/pages\/1128"}],"collection":[{"href":"https:\/\/www.stille.se\/se\/wp-json\/wp\/v2\/pages"}],"about":[{"href":"https:\/\/www.stille.se\/se\/wp-json\/wp\/v2\/types\/page"}],"author":[{"embeddable":true,"href":"https:\/\/www.stille.se\/se\/wp-json\/wp\/v2\/users\/33"}],"replies":[{"embeddable":true,"href":"https:\/\/www.stille.se\/se\/wp-json\/wp\/v2\/comments?post=1128"}],"version-history":[{"count":23,"href":"https:\/\/www.stille.se\/se\/wp-json\/wp\/v2\/pages\/1128\/revisions"}],"predecessor-version":[{"id":48302,"href":"https:\/\/www.stille.se\/se\/wp-json\/wp\/v2\/pages\/1128\/revisions\/48302"}],"up":[{"embeddable":true,"href":"https:\/\/www.stille.se\/se\/wp-json\/wp\/v2\/pages\/1107"}],"wp:attachment":[{"href":"https:\/\/www.stille.se\/se\/wp-json\/wp\/v2\/media?parent=1128"}],"curies":[{"name":"wp","href":"https:\/\/api.w.org\/{rel}","templated":true}]}}