{"id":1137,"date":"2019-11-22T15:55:40","date_gmt":"2019-11-22T15:55:40","guid":{"rendered":"https:\/\/www.stille.se\/se\/513-2__trashed\/sjukvardsmarknaden\/"},"modified":"2026-01-15T14:56:41","modified_gmt":"2026-01-15T13:56:41","slug":"sjukvardsmarknaden","status":"publish","type":"page","link":"https:\/\/www.stille.se\/se\/investerare\/investera-i-stille\/sjukvardsmarknaden\/","title":{"rendered":"Sjukv\u00e5rdsmarknaden"},"content":{"rendered":"<h1>Stille och sjukv\u00e5rdsmarknaden<\/h1>\n<p class=\"preamble\"><strong>Den globala sjukv\u00e5rdsmarknaden d\u00e4r Stille verkar \u00e4r i stabil tillv\u00e4xt. Ny operationsteknik och \u00f6kad medellivsl\u00e4ngd \u00e4r n\u00e5gra av de faktorer som p\u00e5verkar sjukv\u00e5rden och d\u00e4rmed f\u00f6ruts\u00e4ttningarna f\u00f6r v\u00e5r verksamhet.<\/strong><\/p>\n<h5>V\u00e5ra kunder<\/h5>\n<p>Stille har f\u00f6rs\u00e4ljning riktad mot flera olika kundgrupper. De viktigaste bland dessa \u00e4r:<\/p>\n<ul>\n<li>Sjukhus. N\u00e4r det g\u00e4ller f\u00f6rs\u00e4ljning av instrument och operationsbord \u00e4r det sjukhuskunderna som st\u00e5r f\u00f6r st\u00f6rst del av v\u00e5r oms\u00e4ttning. Majoriteten av elektiva och akuta operationer, bland dessa kardiovaskul\u00e4ra ingrepp, sker p\u00e5 ett sjukhus och antalet operationer \u00f6kar ocks\u00e5 stadigt. F\u00f6rs\u00e4ljningen i Europa sker ofta via offentliga upphandlingar.<\/li>\n<li>Kliniker. Frist\u00e5ende kliniker \u00e4r vanliga bland annat n\u00e4r det g\u00e4ller estetisk plastikkirurgi och ortopedi. Ortopediska kliniker \u00e4r ofta specialiserade p\u00e5 specifika sjukdomstillst\u00e5nd och antalet kirurgiska ingrepp som utf\u00f6rs p\u00e5 frist\u00e5ende kliniker \u00f6kar. \u00c4ven estetisk plastikkirurgi \u00e4r en marknad i stark tillv\u00e4xt.<\/li>\n<li>Dagkirurgiska enheter \u00e4r v\u00e5rdenheter som l\u00e4mpar sig f\u00f6r ingrepp som endast kr\u00e4ver kort eller ingen efterf\u00f6ljande v\u00e5rd p\u00e5 sjukhus. I takt med den tekniska utvecklingen och ny operationsteknik, till exempel minimalinvasiva ingrepp, kan allt fler operationer utf\u00f6ras av dagkirurgiska enheter, vilket g\u00f6r att fler patienter kan behandlas. Dagkirurgiska enheter \u00f6kar som andel av sjukv\u00e5rdsmarknaden, framf\u00f6rallt i USA.<\/li>\n<\/ul>\n<p>Stilles viktigaste geografiska marknader \u00e4r USA, Norden, Storbritannien, Spanien, Tyskland, Frankrike och Italien. \u00c4ven Kanada, Australien och Japan \u00e4r marknader med god potential.<\/p>\n<h5>H\u00e4r anv\u00e4nds v\u00e5ra produkter<\/h5>\n<p>Stilles kirurgiska instrument anv\u00e4nds framf\u00f6rallt vid olika typer av \u00f6ppen kirurgi. Under minimalinvasiva ingrepp \u00e4r operationsborden imagiQ3 Legacy och Medstone nyckelprodukter. De anv\u00e4nds tillsammans med en C-b\u00e5ge f\u00f6r genomlysning under operationen.<\/p>\n<p>De viktigaste anv\u00e4ndningsomr\u00e5dena f\u00f6r Stilles produkter \u00e4r hj\u00e4rt-k\u00e4rlkirurgi och plastikkirurgi.<\/p>\n<p>Hj\u00e4rt-k\u00e4rlsjukdomar \u00e4r idag den vanligaste d\u00f6dsorsaken i v\u00e4rlden. Hj\u00e4rt-k\u00e4rlsjukdomar leder till b\u00e5de f\u00f6rebyggande och akuta kardiovaskul\u00e4ra ingrepp. Stilles produktutbud av kirurgiska instrument och operationsbord matchar det behov av produkter med h\u00f6g kvalitet och precision som finns inom hj\u00e4rt-k\u00e4rlkirurgin.<\/p>\n<p>Plastikkirurgi \u00e4r, efter kardiovaskul\u00e4r kirurgi, v\u00e5rt n\u00e4st viktigaste anv\u00e4ndningsomr\u00e5de. Plastikkirurgi omfattar allt fr\u00e5n rekonstruktiv kirurgi till estetisk kirurgi. \u00c4ven h\u00e4r \u00e4r kraven h\u00f6ga p\u00e5 precision och kvalitet.<\/p>\n","protected":false},"excerpt":{"rendered":"<p>Stille och sjukv\u00e5rdsmarknaden Den globala sjukv\u00e5rdsmarknaden d\u00e4r Stille verkar \u00e4r i stabil tillv\u00e4xt. Ny operationsteknik och \u00f6kad medellivsl\u00e4ngd \u00e4r n\u00e5gra av de faktorer som p\u00e5verkar sjukv\u00e5rden och d\u00e4rmed f\u00f6ruts\u00e4ttningarna f\u00f6r v\u00e5r verksamhet. V\u00e5ra kunder Stille har f\u00f6rs\u00e4ljning riktad mot flera olika kundgrupper. De viktigaste bland dessa \u00e4r: Sjukhus. N\u00e4r det g\u00e4ller f\u00f6rs\u00e4ljning av instrument och&#8230;<\/p>\n","protected":false},"author":33,"featured_media":0,"parent":1128,"menu_order":0,"comment_status":"open","ping_status":"open","template":"","meta":[],"acf":[],"yoast_head":"<!-- This site is optimized with the Yoast SEO plugin v17.9 - https:\/\/yoast.com\/wordpress\/plugins\/seo\/ -->\n<title>Sjukv\u00e5rdsmarknaden - STILLE<\/title>\n<meta name=\"robots\" content=\"index, follow, max-snippet:-1, max-image-preview:large, max-video-preview:-1\" \/>\n<link rel=\"canonical\" href=\"https:\/\/www.stille.se\/se\/investerare\/investera-i-stille\/sjukvardsmarknaden\/\" \/>\n<meta property=\"og:locale\" content=\"sv_SE\" \/>\n<meta property=\"og:type\" content=\"article\" \/>\n<meta property=\"og:title\" content=\"Sjukv\u00e5rdsmarknaden - STILLE\" \/>\n<meta property=\"og:description\" content=\"Stille och sjukv\u00e5rdsmarknaden Den globala sjukv\u00e5rdsmarknaden d\u00e4r Stille verkar \u00e4r i stabil tillv\u00e4xt. Ny operationsteknik och \u00f6kad medellivsl\u00e4ngd \u00e4r n\u00e5gra av de faktorer som p\u00e5verkar sjukv\u00e5rden och d\u00e4rmed f\u00f6ruts\u00e4ttningarna f\u00f6r v\u00e5r verksamhet. V\u00e5ra kunder Stille har f\u00f6rs\u00e4ljning riktad mot flera olika kundgrupper. De viktigaste bland dessa \u00e4r: Sjukhus. N\u00e4r det g\u00e4ller f\u00f6rs\u00e4ljning av instrument och...\" \/>\n<meta property=\"og:url\" content=\"https:\/\/www.stille.se\/se\/investerare\/investera-i-stille\/sjukvardsmarknaden\/\" \/>\n<meta property=\"og:site_name\" content=\"Stille SE\" \/>\n<meta property=\"article:publisher\" content=\"https:\/\/www.facebook.com\/stilleab\/\" \/>\n<meta property=\"article:modified_time\" content=\"2026-01-15T13:56:41+00:00\" \/>\n<meta property=\"og:image\" content=\"https:\/\/www.stille.se\/se\/wp-content\/uploads\/2019\/12\/stille-logo-800.jpg\" \/>\n\t<meta property=\"og:image:width\" content=\"562\" \/>\n\t<meta property=\"og:image:height\" content=\"314\" \/>\n\t<meta property=\"og:image:type\" content=\"image\/jpeg\" \/>\n<meta name=\"twitter:card\" content=\"summary_large_image\" \/>\n<meta name=\"twitter:label1\" content=\"Ber\u00e4knad l\u00e4stid\" \/>\n\t<meta name=\"twitter:data1\" content=\"2 minuter\" \/>\n<script type=\"application\/ld+json\" class=\"yoast-schema-graph\">{\"@context\":\"https:\/\/schema.org\",\"@graph\":[{\"@type\":\"Organization\",\"@id\":\"https:\/\/www.stille.se\/se\/#organization\",\"name\":\"Stille AB\",\"url\":\"https:\/\/www.stille.se\/se\/\",\"sameAs\":[\"https:\/\/www.facebook.com\/stilleab\/\",\"https:\/\/www.linkedin.com\/company\/stille-ab\/\",\"https:\/\/www.youtube.com\/channel\/UCpxmVroiwKKSXWe3ZCOrSqw\"],\"logo\":{\"@type\":\"ImageObject\",\"@id\":\"https:\/\/www.stille.se\/se\/#logo\",\"inLanguage\":\"sv-SE\",\"url\":\"https:\/\/www.stille.se\/se\/wp-content\/uploads\/2019\/12\/stille-logo-800.jpg\",\"contentUrl\":\"https:\/\/www.stille.se\/se\/wp-content\/uploads\/2019\/12\/stille-logo-800.jpg\",\"width\":562,\"height\":314,\"caption\":\"Stille AB\"},\"image\":{\"@id\":\"https:\/\/www.stille.se\/se\/#logo\"}},{\"@type\":\"WebSite\",\"@id\":\"https:\/\/www.stille.se\/se\/#website\",\"url\":\"https:\/\/www.stille.se\/se\/\",\"name\":\"Stille SE\",\"description\":\"\",\"publisher\":{\"@id\":\"https:\/\/www.stille.se\/se\/#organization\"},\"potentialAction\":[{\"@type\":\"SearchAction\",\"target\":{\"@type\":\"EntryPoint\",\"urlTemplate\":\"https:\/\/www.stille.se\/se\/?s={search_term_string}\"},\"query-input\":\"required name=search_term_string\"}],\"inLanguage\":\"sv-SE\"},{\"@type\":\"WebPage\",\"@id\":\"https:\/\/www.stille.se\/se\/investerare\/investera-i-stille\/sjukvardsmarknaden\/#webpage\",\"url\":\"https:\/\/www.stille.se\/se\/investerare\/investera-i-stille\/sjukvardsmarknaden\/\",\"name\":\"Sjukv\\u00e5rdsmarknaden - STILLE\",\"isPartOf\":{\"@id\":\"https:\/\/www.stille.se\/se\/#website\"},\"datePublished\":\"2019-11-22T15:55:40+00:00\",\"dateModified\":\"2026-01-15T13:56:41+00:00\",\"breadcrumb\":{\"@id\":\"https:\/\/www.stille.se\/se\/investerare\/investera-i-stille\/sjukvardsmarknaden\/#breadcrumb\"},\"inLanguage\":\"sv-SE\",\"potentialAction\":[{\"@type\":\"ReadAction\",\"target\":[\"https:\/\/www.stille.se\/se\/investerare\/investera-i-stille\/sjukvardsmarknaden\/\"]}]},{\"@type\":\"BreadcrumbList\",\"@id\":\"https:\/\/www.stille.se\/se\/investerare\/investera-i-stille\/sjukvardsmarknaden\/#breadcrumb\",\"itemListElement\":[{\"@type\":\"ListItem\",\"position\":1,\"name\":\"Hem\",\"item\":\"https:\/\/www.stille.se\/se\/\"},{\"@type\":\"ListItem\",\"position\":2,\"name\":\"Investerare\",\"item\":\"https:\/\/www.stille.se\/se\/?page_id=1107\"},{\"@type\":\"ListItem\",\"position\":3,\"name\":\"Investera i Stille\",\"item\":\"https:\/\/www.stille.se\/se\/investerare\/investera-i-stille\/\"},{\"@type\":\"ListItem\",\"position\":4,\"name\":\"Sjukv\\u00e5rdsmarknaden\"}]}]}<\/script>\n<!-- \/ Yoast SEO plugin. -->","yoast_head_json":{"title":"Sjukv\u00e5rdsmarknaden - STILLE","robots":{"index":"index","follow":"follow","max-snippet":"max-snippet:-1","max-image-preview":"max-image-preview:large","max-video-preview":"max-video-preview:-1"},"canonical":"https:\/\/www.stille.se\/se\/investerare\/investera-i-stille\/sjukvardsmarknaden\/","og_locale":"sv_SE","og_type":"article","og_title":"Sjukv\u00e5rdsmarknaden - STILLE","og_description":"Stille och sjukv\u00e5rdsmarknaden Den globala sjukv\u00e5rdsmarknaden d\u00e4r Stille verkar \u00e4r i stabil tillv\u00e4xt. Ny operationsteknik och \u00f6kad medellivsl\u00e4ngd \u00e4r n\u00e5gra av de faktorer som p\u00e5verkar sjukv\u00e5rden och d\u00e4rmed f\u00f6ruts\u00e4ttningarna f\u00f6r v\u00e5r verksamhet. V\u00e5ra kunder Stille har f\u00f6rs\u00e4ljning riktad mot flera olika kundgrupper. De viktigaste bland dessa \u00e4r: Sjukhus. N\u00e4r det g\u00e4ller f\u00f6rs\u00e4ljning av instrument och...","og_url":"https:\/\/www.stille.se\/se\/investerare\/investera-i-stille\/sjukvardsmarknaden\/","og_site_name":"Stille SE","article_publisher":"https:\/\/www.facebook.com\/stilleab\/","article_modified_time":"2026-01-15T13:56:41+00:00","og_image":[{"width":562,"height":314,"url":"https:\/\/www.stille.se\/se\/wp-content\/uploads\/2019\/12\/stille-logo-800.jpg","type":"image\/jpeg"}],"twitter_card":"summary_large_image","twitter_misc":{"Ber\u00e4knad l\u00e4stid":"2 minuter"},"schema":{"@context":"https:\/\/schema.org","@graph":[{"@type":"Organization","@id":"https:\/\/www.stille.se\/se\/#organization","name":"Stille AB","url":"https:\/\/www.stille.se\/se\/","sameAs":["https:\/\/www.facebook.com\/stilleab\/","https:\/\/www.linkedin.com\/company\/stille-ab\/","https:\/\/www.youtube.com\/channel\/UCpxmVroiwKKSXWe3ZCOrSqw"],"logo":{"@type":"ImageObject","@id":"https:\/\/www.stille.se\/se\/#logo","inLanguage":"sv-SE","url":"https:\/\/www.stille.se\/se\/wp-content\/uploads\/2019\/12\/stille-logo-800.jpg","contentUrl":"https:\/\/www.stille.se\/se\/wp-content\/uploads\/2019\/12\/stille-logo-800.jpg","width":562,"height":314,"caption":"Stille AB"},"image":{"@id":"https:\/\/www.stille.se\/se\/#logo"}},{"@type":"WebSite","@id":"https:\/\/www.stille.se\/se\/#website","url":"https:\/\/www.stille.se\/se\/","name":"Stille SE","description":"","publisher":{"@id":"https:\/\/www.stille.se\/se\/#organization"},"potentialAction":[{"@type":"SearchAction","target":{"@type":"EntryPoint","urlTemplate":"https:\/\/www.stille.se\/se\/?s={search_term_string}"},"query-input":"required name=search_term_string"}],"inLanguage":"sv-SE"},{"@type":"WebPage","@id":"https:\/\/www.stille.se\/se\/investerare\/investera-i-stille\/sjukvardsmarknaden\/#webpage","url":"https:\/\/www.stille.se\/se\/investerare\/investera-i-stille\/sjukvardsmarknaden\/","name":"Sjukv\u00e5rdsmarknaden - STILLE","isPartOf":{"@id":"https:\/\/www.stille.se\/se\/#website"},"datePublished":"2019-11-22T15:55:40+00:00","dateModified":"2026-01-15T13:56:41+00:00","breadcrumb":{"@id":"https:\/\/www.stille.se\/se\/investerare\/investera-i-stille\/sjukvardsmarknaden\/#breadcrumb"},"inLanguage":"sv-SE","potentialAction":[{"@type":"ReadAction","target":["https:\/\/www.stille.se\/se\/investerare\/investera-i-stille\/sjukvardsmarknaden\/"]}]},{"@type":"BreadcrumbList","@id":"https:\/\/www.stille.se\/se\/investerare\/investera-i-stille\/sjukvardsmarknaden\/#breadcrumb","itemListElement":[{"@type":"ListItem","position":1,"name":"Hem","item":"https:\/\/www.stille.se\/se\/"},{"@type":"ListItem","position":2,"name":"Investerare","item":"https:\/\/www.stille.se\/se\/?page_id=1107"},{"@type":"ListItem","position":3,"name":"Investera i Stille","item":"https:\/\/www.stille.se\/se\/investerare\/investera-i-stille\/"},{"@type":"ListItem","position":4,"name":"Sjukv\u00e5rdsmarknaden"}]}]}},"_links":{"self":[{"href":"https:\/\/www.stille.se\/se\/wp-json\/wp\/v2\/pages\/1137"}],"collection":[{"href":"https:\/\/www.stille.se\/se\/wp-json\/wp\/v2\/pages"}],"about":[{"href":"https:\/\/www.stille.se\/se\/wp-json\/wp\/v2\/types\/page"}],"author":[{"embeddable":true,"href":"https:\/\/www.stille.se\/se\/wp-json\/wp\/v2\/users\/33"}],"replies":[{"embeddable":true,"href":"https:\/\/www.stille.se\/se\/wp-json\/wp\/v2\/comments?post=1137"}],"version-history":[{"count":15,"href":"https:\/\/www.stille.se\/se\/wp-json\/wp\/v2\/pages\/1137\/revisions"}],"predecessor-version":[{"id":48321,"href":"https:\/\/www.stille.se\/se\/wp-json\/wp\/v2\/pages\/1137\/revisions\/48321"}],"up":[{"embeddable":true,"href":"https:\/\/www.stille.se\/se\/wp-json\/wp\/v2\/pages\/1128"}],"wp:attachment":[{"href":"https:\/\/www.stille.se\/se\/wp-json\/wp\/v2\/media?parent=1137"}],"curies":[{"name":"wp","href":"https:\/\/api.w.org\/{rel}","templated":true}]}}