{"id":1146,"date":"2019-11-22T15:55:54","date_gmt":"2019-11-22T15:55:54","guid":{"rendered":"https:\/\/www.stille.se\/se\/513-2__trashed\/varfor-stille\/"},"modified":"2026-01-15T14:58:25","modified_gmt":"2026-01-15T13:58:25","slug":"varfor-stille","status":"publish","type":"page","link":"https:\/\/www.stille.se\/se\/investerare\/investera-i-stille\/varfor-stille\/","title":{"rendered":"Varf\u00f6r Stille"},"content":{"rendered":"<h1>Varf\u00f6r investera i Stille?<\/h1>\n<p class=\"preamble\"><strong>Stille har goda m\u00f6jligheter att utvecklas med st\u00f6d av underliggande marknadsutveckling. V\u00e5rt fokus p\u00e5 kvalitet och innovation i ett marknadssegment med stabil tillv\u00e4xt skapar goda f\u00f6ruts\u00e4ttningar f\u00f6r stabil och l\u00e5ngsiktig avkastning till v\u00e5ra aktie\u00e4gare.<\/strong><\/p>\n<h5>Kvalitet som skapar efterfr\u00e5gan<\/h5>\n<p>Stilles kirurgiska instrument \u00e4r av v\u00e4rldsledande kvalitet. H\u00f6gkvalitativa instrument och god ergonomi ger \u00f6kad precision och underl\u00e4ttar f\u00f6r kirurger b\u00e5de vid enklare ingrepp och n\u00e4r avancerade operationsmetoder anv\u00e4nds.<\/p>\n<p>V\u00e5rt operationsbord imagiQ3 Legacy reducerar operationstiden upp till 40 minuter per ingrepp. Det ger \u00f6kad effektivitet och ett h\u00f6gre utnyttjande av b\u00e5de specialister, lokaler och annan operationsutrustning. God ergonomi och minskad exponering f\u00f6r str\u00e5lning vid genomlysning, g\u00f6r v\u00e5ra operationsbord till ett attraktivt val f\u00f6r l\u00e4kare, kirurger och operationspersonal.<\/p>\n<h5>Innovationer som skapar v\u00e4rde<\/h5>\n<p>Produktledarskap har varit Stilles aff\u00e4rsid\u00e9 sedan 1841. Genom n\u00e4ra kontakt och dialog med l\u00e4kare, kirurger och operationspersonal kan vi identifiera var det finns potential f\u00f6r nya och f\u00f6rb\u00e4ttrade l\u00f6sningar som underl\u00e4ttar arbetet i operationssalen, \u00f6kar kvaliteten p\u00e5 behandlingar eller bidrar till f\u00f6rb\u00e4ttrad arbetsmilj\u00f6 f\u00f6r medarbetare.<\/p>\n<p>M\u00e5nga av Stilles produkter har varit de f\u00f6rsta i sitt slag och adresserat h\u00f6gst verkliga och konkreta problem. Oavsett om det \u00e4r kirurgiska instrument som m\u00f6jligg\u00f6r nya typer av procedurer eller operationsbord som f\u00f6rkortar operationstiden bidrar Stille till b\u00e4ttre kvalitet och f\u00f6rb\u00e4ttrat resursutnyttjande i h\u00e4lso- och sjukv\u00e5rden. Det har gjort oss till marknadsledande inom och inom segmentet operationsbord som anv\u00e4nds tillsammans med C-b\u00e5gen vid kardiovaskul\u00e4rkirurgi.<\/p>\n<h5>Fokus p\u00e5 marknadssegment i l\u00e5ngsiktig tillv\u00e4xt<\/h5>\n<p>Stille verkar p\u00e5 en marknad i tillv\u00e4xt d\u00e4r vi fokuserar p\u00e5 kirurgiska discipliner med l\u00e5ngsiktig och h\u00e5llbar tillv\u00e4xt. V\u00e5rt st\u00f6rsta fokus ligger p\u00e5 l\u00f6sningar f\u00f6r kardiovaskul\u00e4r kirurgi, ett omr\u00e5de vars tillv\u00e4xt bland annat drivs av att fler m\u00e4nniskor lever l\u00e4ngre och ett \u00f6kat behov av f\u00f6rebyggande ingrepp.<\/p>\n<p>Mer information om marknadens storlek och f\u00f6rv\u00e4ntade utveckling finns under <a href=\"https:\/\/www.stille.se\/se\/investerare\/investera-i-stille\/sjukvardsmarknaden\/\">Stille och sjukv\u00e5rdsmarknaden<\/a>.<\/p>\n","protected":false},"excerpt":{"rendered":"<p>Varf\u00f6r investera i Stille? Stille har goda m\u00f6jligheter att utvecklas med st\u00f6d av underliggande marknadsutveckling. V\u00e5rt fokus p\u00e5 kvalitet och innovation i ett marknadssegment med stabil tillv\u00e4xt skapar goda f\u00f6ruts\u00e4ttningar f\u00f6r stabil och l\u00e5ngsiktig avkastning till v\u00e5ra aktie\u00e4gare. Kvalitet som skapar efterfr\u00e5gan Stilles kirurgiska instrument \u00e4r av v\u00e4rldsledande kvalitet. H\u00f6gkvalitativa instrument och god ergonomi ger&#8230;<\/p>\n","protected":false},"author":33,"featured_media":0,"parent":1128,"menu_order":0,"comment_status":"open","ping_status":"open","template":"","meta":[],"acf":[],"yoast_head":"<!-- This site is optimized with the Yoast SEO plugin v17.9 - https:\/\/yoast.com\/wordpress\/plugins\/seo\/ -->\n<title>Varf\u00f6r Stille - STILLE<\/title>\n<meta name=\"robots\" content=\"index, follow, max-snippet:-1, max-image-preview:large, max-video-preview:-1\" \/>\n<link rel=\"canonical\" href=\"https:\/\/www.stille.se\/se\/investerare\/investera-i-stille\/varfor-stille\/\" \/>\n<meta property=\"og:locale\" content=\"sv_SE\" \/>\n<meta property=\"og:type\" content=\"article\" \/>\n<meta property=\"og:title\" content=\"Varf\u00f6r Stille - STILLE\" \/>\n<meta property=\"og:description\" content=\"Varf\u00f6r investera i Stille? Stille har goda m\u00f6jligheter att utvecklas med st\u00f6d av underliggande marknadsutveckling. V\u00e5rt fokus p\u00e5 kvalitet och innovation i ett marknadssegment med stabil tillv\u00e4xt skapar goda f\u00f6ruts\u00e4ttningar f\u00f6r stabil och l\u00e5ngsiktig avkastning till v\u00e5ra aktie\u00e4gare. Kvalitet som skapar efterfr\u00e5gan Stilles kirurgiska instrument \u00e4r av v\u00e4rldsledande kvalitet. H\u00f6gkvalitativa instrument och god ergonomi ger...\" \/>\n<meta property=\"og:url\" content=\"https:\/\/www.stille.se\/se\/investerare\/investera-i-stille\/varfor-stille\/\" \/>\n<meta property=\"og:site_name\" content=\"Stille SE\" \/>\n<meta property=\"article:publisher\" content=\"https:\/\/www.facebook.com\/stilleab\/\" \/>\n<meta property=\"article:modified_time\" content=\"2026-01-15T13:58:25+00:00\" \/>\n<meta property=\"og:image\" content=\"https:\/\/www.stille.se\/se\/wp-content\/uploads\/2019\/12\/stille-logo-800.jpg\" \/>\n\t<meta property=\"og:image:width\" content=\"562\" \/>\n\t<meta property=\"og:image:height\" content=\"314\" \/>\n\t<meta property=\"og:image:type\" content=\"image\/jpeg\" \/>\n<meta name=\"twitter:card\" content=\"summary_large_image\" \/>\n<meta name=\"twitter:label1\" content=\"Ber\u00e4knad l\u00e4stid\" \/>\n\t<meta name=\"twitter:data1\" content=\"2 minuter\" \/>\n<script type=\"application\/ld+json\" class=\"yoast-schema-graph\">{\"@context\":\"https:\/\/schema.org\",\"@graph\":[{\"@type\":\"Organization\",\"@id\":\"https:\/\/www.stille.se\/se\/#organization\",\"name\":\"Stille AB\",\"url\":\"https:\/\/www.stille.se\/se\/\",\"sameAs\":[\"https:\/\/www.facebook.com\/stilleab\/\",\"https:\/\/www.linkedin.com\/company\/stille-ab\/\",\"https:\/\/www.youtube.com\/channel\/UCpxmVroiwKKSXWe3ZCOrSqw\"],\"logo\":{\"@type\":\"ImageObject\",\"@id\":\"https:\/\/www.stille.se\/se\/#logo\",\"inLanguage\":\"sv-SE\",\"url\":\"https:\/\/www.stille.se\/se\/wp-content\/uploads\/2019\/12\/stille-logo-800.jpg\",\"contentUrl\":\"https:\/\/www.stille.se\/se\/wp-content\/uploads\/2019\/12\/stille-logo-800.jpg\",\"width\":562,\"height\":314,\"caption\":\"Stille AB\"},\"image\":{\"@id\":\"https:\/\/www.stille.se\/se\/#logo\"}},{\"@type\":\"WebSite\",\"@id\":\"https:\/\/www.stille.se\/se\/#website\",\"url\":\"https:\/\/www.stille.se\/se\/\",\"name\":\"Stille SE\",\"description\":\"\",\"publisher\":{\"@id\":\"https:\/\/www.stille.se\/se\/#organization\"},\"potentialAction\":[{\"@type\":\"SearchAction\",\"target\":{\"@type\":\"EntryPoint\",\"urlTemplate\":\"https:\/\/www.stille.se\/se\/?s={search_term_string}\"},\"query-input\":\"required name=search_term_string\"}],\"inLanguage\":\"sv-SE\"},{\"@type\":\"WebPage\",\"@id\":\"https:\/\/www.stille.se\/se\/investerare\/investera-i-stille\/varfor-stille\/#webpage\",\"url\":\"https:\/\/www.stille.se\/se\/investerare\/investera-i-stille\/varfor-stille\/\",\"name\":\"Varf\\u00f6r Stille - STILLE\",\"isPartOf\":{\"@id\":\"https:\/\/www.stille.se\/se\/#website\"},\"datePublished\":\"2019-11-22T15:55:54+00:00\",\"dateModified\":\"2026-01-15T13:58:25+00:00\",\"breadcrumb\":{\"@id\":\"https:\/\/www.stille.se\/se\/investerare\/investera-i-stille\/varfor-stille\/#breadcrumb\"},\"inLanguage\":\"sv-SE\",\"potentialAction\":[{\"@type\":\"ReadAction\",\"target\":[\"https:\/\/www.stille.se\/se\/investerare\/investera-i-stille\/varfor-stille\/\"]}]},{\"@type\":\"BreadcrumbList\",\"@id\":\"https:\/\/www.stille.se\/se\/investerare\/investera-i-stille\/varfor-stille\/#breadcrumb\",\"itemListElement\":[{\"@type\":\"ListItem\",\"position\":1,\"name\":\"Hem\",\"item\":\"https:\/\/www.stille.se\/se\/\"},{\"@type\":\"ListItem\",\"position\":2,\"name\":\"Investerare\",\"item\":\"https:\/\/www.stille.se\/se\/?page_id=1107\"},{\"@type\":\"ListItem\",\"position\":3,\"name\":\"Investera i Stille\",\"item\":\"https:\/\/www.stille.se\/se\/investerare\/investera-i-stille\/\"},{\"@type\":\"ListItem\",\"position\":4,\"name\":\"Varf\\u00f6r Stille\"}]}]}<\/script>\n<!-- \/ Yoast SEO plugin. -->","yoast_head_json":{"title":"Varf\u00f6r Stille - STILLE","robots":{"index":"index","follow":"follow","max-snippet":"max-snippet:-1","max-image-preview":"max-image-preview:large","max-video-preview":"max-video-preview:-1"},"canonical":"https:\/\/www.stille.se\/se\/investerare\/investera-i-stille\/varfor-stille\/","og_locale":"sv_SE","og_type":"article","og_title":"Varf\u00f6r Stille - STILLE","og_description":"Varf\u00f6r investera i Stille? Stille har goda m\u00f6jligheter att utvecklas med st\u00f6d av underliggande marknadsutveckling. V\u00e5rt fokus p\u00e5 kvalitet och innovation i ett marknadssegment med stabil tillv\u00e4xt skapar goda f\u00f6ruts\u00e4ttningar f\u00f6r stabil och l\u00e5ngsiktig avkastning till v\u00e5ra aktie\u00e4gare. Kvalitet som skapar efterfr\u00e5gan Stilles kirurgiska instrument \u00e4r av v\u00e4rldsledande kvalitet. H\u00f6gkvalitativa instrument och god ergonomi ger...","og_url":"https:\/\/www.stille.se\/se\/investerare\/investera-i-stille\/varfor-stille\/","og_site_name":"Stille SE","article_publisher":"https:\/\/www.facebook.com\/stilleab\/","article_modified_time":"2026-01-15T13:58:25+00:00","og_image":[{"width":562,"height":314,"url":"https:\/\/www.stille.se\/se\/wp-content\/uploads\/2019\/12\/stille-logo-800.jpg","type":"image\/jpeg"}],"twitter_card":"summary_large_image","twitter_misc":{"Ber\u00e4knad l\u00e4stid":"2 minuter"},"schema":{"@context":"https:\/\/schema.org","@graph":[{"@type":"Organization","@id":"https:\/\/www.stille.se\/se\/#organization","name":"Stille AB","url":"https:\/\/www.stille.se\/se\/","sameAs":["https:\/\/www.facebook.com\/stilleab\/","https:\/\/www.linkedin.com\/company\/stille-ab\/","https:\/\/www.youtube.com\/channel\/UCpxmVroiwKKSXWe3ZCOrSqw"],"logo":{"@type":"ImageObject","@id":"https:\/\/www.stille.se\/se\/#logo","inLanguage":"sv-SE","url":"https:\/\/www.stille.se\/se\/wp-content\/uploads\/2019\/12\/stille-logo-800.jpg","contentUrl":"https:\/\/www.stille.se\/se\/wp-content\/uploads\/2019\/12\/stille-logo-800.jpg","width":562,"height":314,"caption":"Stille AB"},"image":{"@id":"https:\/\/www.stille.se\/se\/#logo"}},{"@type":"WebSite","@id":"https:\/\/www.stille.se\/se\/#website","url":"https:\/\/www.stille.se\/se\/","name":"Stille SE","description":"","publisher":{"@id":"https:\/\/www.stille.se\/se\/#organization"},"potentialAction":[{"@type":"SearchAction","target":{"@type":"EntryPoint","urlTemplate":"https:\/\/www.stille.se\/se\/?s={search_term_string}"},"query-input":"required name=search_term_string"}],"inLanguage":"sv-SE"},{"@type":"WebPage","@id":"https:\/\/www.stille.se\/se\/investerare\/investera-i-stille\/varfor-stille\/#webpage","url":"https:\/\/www.stille.se\/se\/investerare\/investera-i-stille\/varfor-stille\/","name":"Varf\u00f6r Stille - STILLE","isPartOf":{"@id":"https:\/\/www.stille.se\/se\/#website"},"datePublished":"2019-11-22T15:55:54+00:00","dateModified":"2026-01-15T13:58:25+00:00","breadcrumb":{"@id":"https:\/\/www.stille.se\/se\/investerare\/investera-i-stille\/varfor-stille\/#breadcrumb"},"inLanguage":"sv-SE","potentialAction":[{"@type":"ReadAction","target":["https:\/\/www.stille.se\/se\/investerare\/investera-i-stille\/varfor-stille\/"]}]},{"@type":"BreadcrumbList","@id":"https:\/\/www.stille.se\/se\/investerare\/investera-i-stille\/varfor-stille\/#breadcrumb","itemListElement":[{"@type":"ListItem","position":1,"name":"Hem","item":"https:\/\/www.stille.se\/se\/"},{"@type":"ListItem","position":2,"name":"Investerare","item":"https:\/\/www.stille.se\/se\/?page_id=1107"},{"@type":"ListItem","position":3,"name":"Investera i Stille","item":"https:\/\/www.stille.se\/se\/investerare\/investera-i-stille\/"},{"@type":"ListItem","position":4,"name":"Varf\u00f6r Stille"}]}]}},"_links":{"self":[{"href":"https:\/\/www.stille.se\/se\/wp-json\/wp\/v2\/pages\/1146"}],"collection":[{"href":"https:\/\/www.stille.se\/se\/wp-json\/wp\/v2\/pages"}],"about":[{"href":"https:\/\/www.stille.se\/se\/wp-json\/wp\/v2\/types\/page"}],"author":[{"embeddable":true,"href":"https:\/\/www.stille.se\/se\/wp-json\/wp\/v2\/users\/33"}],"replies":[{"embeddable":true,"href":"https:\/\/www.stille.se\/se\/wp-json\/wp\/v2\/comments?post=1146"}],"version-history":[{"count":10,"href":"https:\/\/www.stille.se\/se\/wp-json\/wp\/v2\/pages\/1146\/revisions"}],"predecessor-version":[{"id":48322,"href":"https:\/\/www.stille.se\/se\/wp-json\/wp\/v2\/pages\/1146\/revisions\/48322"}],"up":[{"embeddable":true,"href":"https:\/\/www.stille.se\/se\/wp-json\/wp\/v2\/pages\/1128"}],"wp:attachment":[{"href":"https:\/\/www.stille.se\/se\/wp-json\/wp\/v2\/media?parent=1146"}],"curies":[{"name":"wp","href":"https:\/\/api.w.org\/{rel}","templated":true}]}}