{"id":1155,"date":"2019-11-22T16:56:08","date_gmt":"2019-11-22T15:56:08","guid":{"rendered":"https:\/\/www.stille.se\/se\/513-2__trashed\/finansiella-mal-och-strategier\/"},"modified":"2024-10-24T08:25:06","modified_gmt":"2024-10-24T06:25:06","slug":"finansiella-mal-och-strategier","status":"publish","type":"page","link":"https:\/\/www.stille.se\/se\/investerare\/investera-i-stille\/finansiella-mal-och-strategier\/","title":{"rendered":"Finansiella m\u00e5l och strategier"},"content":{"rendered":"\n<h1 class=\"wp-block-heading\">Finansiella m\u00e5l och strategier<\/h1>\n\n\n\n<p><strong><span class=\"normaltextrun\">Styrelsen och bolagets ledning har under 2024 utv\u00e4rderat bolagets position, inriktning och m\u00e5l under kommande \u00e5r. Resultatet av detta arbete beskrivs kortfattat nedan.&nbsp;<\/span><\/strong><\/p>\n\n\n\n<h5 class=\"wp-block-heading\">Finansiella m\u00e5l<\/h5>\n\n\n\n<p><span class=\"normaltextrun\">Stabilitet och l\u00f6nsamhet \u00e4r Stilles grundfundament. Stilles koncern\u00f6vergripande finansiella m\u00e5l den n\u00e4rmaste fem\u00e5rsperioden best\u00e5r av:<\/span><\/p>\n\n\n\n<div class=\"wp-container-1 is-vertical wp-block-group\">\n<p>1. Organisk tillv\u00e4xt om minst 10 procent,&nbsp;<\/p>\n\n\n\n<p>2. EBITDA-marginal f\u00f6re poster av eng\u00e5ngskarakt\u00e4r om minst 25 procent,&nbsp;<\/p>\n\n\n\n<p>3. Nettoskuld \/ EBITDA R12 f\u00f6re poster av eng\u00e5ngskarakt\u00e4r \u00f6ver tid skall vara &lt; 3.&nbsp;<\/p>\n<\/div>\n\n\n\n<p><\/p>\n\n\n\n<p>Vi vill med detta \u00e5stadkomma en stabil och l\u00e5ngsiktig avkastning till aktie\u00e4garna.<\/p>\n\n\n\n<h5 class=\"wp-block-heading\">Strategier f\u00f6r att n\u00e5 m\u00e5len<\/h5>\n\n\n\n<p>Vi arbetar f\u00f6r tillv\u00e4xt dels genom organisk tillv\u00e4xt, dels genom f\u00f6rv\u00e4rv som kompletterar befintlig produktportf\u00f6lj eller marknadsn\u00e4rvaro. Detta g\u00e4ller b\u00e5da v\u00e5ra aff\u00e4rsomr\u00e5den.<br>I handlingsplanen ing\u00e5r bland annat:<\/p>\n\n\n\n<ul>\n\n<li>Fortsatta investeringar i produktutveckling.<\/li>\n\n\n<li>F\u00f6rv\u00e4rv av kompletterande verksamheter och\/eller produkter.<\/li>\n\n\n<li>F\u00f6rst\u00e4rkt n\u00e4rvaro och organisation i USA.<\/li>\n\n\n<li>F\u00f6rst\u00e4rkt f\u00f6rs\u00e4ljningsorganisation.<\/li>\n\n\n<li>Identifiera och utveckla ytterligare distributionskanaler f\u00f6r v\u00e5ra produkter aff\u00e4rsomr\u00e5de kirurgiska instrument.<\/li>\n\n\n<li>Marknadsexpansion tillsammans med v\u00e5ra distribut\u00f6rer aff\u00e4rsomr\u00e5de operationsbord.<\/li>\n\n<\/ul>\n\n\n\n<p>Stille \u00e4r idag ett starkt varum\u00e4rke med mycket h\u00f6g k\u00e4nnedom och gott rykte bland kirurger runtom i v\u00e4rlden. Vi ska anv\u00e4nda och f\u00f6rvalta v\u00e5rt varum\u00e4rke f\u00f6r fortsatt l\u00f6nsam tillv\u00e4xt.<\/p>\n\n\n\n<p><\/p>\n","protected":false},"excerpt":{"rendered":"<p>Finansiella m\u00e5l och strategier Styrelsen och bolagets ledning har under 2024 utv\u00e4rderat bolagets position, inriktning och m\u00e5l under kommande \u00e5r. Resultatet av detta arbete beskrivs kortfattat nedan.&nbsp; Finansiella m\u00e5l Stabilitet och l\u00f6nsamhet \u00e4r Stilles grundfundament. Stilles koncern\u00f6vergripande finansiella m\u00e5l den n\u00e4rmaste fem\u00e5rsperioden best\u00e5r av: 1. Organisk tillv\u00e4xt om minst 10 procent,&nbsp; 2. EBITDA-marginal f\u00f6re poster&#8230;<\/p>\n","protected":false},"author":33,"featured_media":0,"parent":1128,"menu_order":0,"comment_status":"open","ping_status":"closed","template":"","meta":[],"acf":[],"yoast_head":"<!-- This site is optimized with the Yoast SEO plugin v17.9 - https:\/\/yoast.com\/wordpress\/plugins\/seo\/ -->\n<title>Finansiella m\u00e5l och strategier - STILLE<\/title>\n<meta name=\"robots\" content=\"index, follow, max-snippet:-1, max-image-preview:large, max-video-preview:-1\" \/>\n<link rel=\"canonical\" href=\"https:\/\/www.stille.se\/se\/investerare\/investera-i-stille\/finansiella-mal-och-strategier\/\" \/>\n<meta property=\"og:locale\" content=\"sv_SE\" \/>\n<meta property=\"og:type\" content=\"article\" \/>\n<meta property=\"og:title\" content=\"Finansiella m\u00e5l och strategier - STILLE\" \/>\n<meta property=\"og:description\" content=\"Finansiella m\u00e5l och strategier Styrelsen och bolagets ledning har under 2024 utv\u00e4rderat bolagets position, inriktning och m\u00e5l under kommande \u00e5r. Resultatet av detta arbete beskrivs kortfattat nedan.&nbsp; Finansiella m\u00e5l Stabilitet och l\u00f6nsamhet \u00e4r Stilles grundfundament. Stilles koncern\u00f6vergripande finansiella m\u00e5l den n\u00e4rmaste fem\u00e5rsperioden best\u00e5r av: 1. Organisk tillv\u00e4xt om minst 10 procent,&nbsp; 2. EBITDA-marginal f\u00f6re poster...\" \/>\n<meta property=\"og:url\" content=\"https:\/\/www.stille.se\/se\/investerare\/investera-i-stille\/finansiella-mal-och-strategier\/\" \/>\n<meta property=\"og:site_name\" content=\"Stille SE\" \/>\n<meta property=\"article:publisher\" content=\"https:\/\/www.facebook.com\/stilleab\/\" \/>\n<meta property=\"article:modified_time\" content=\"2024-10-24T06:25:06+00:00\" \/>\n<meta property=\"og:image\" content=\"https:\/\/www.stille.se\/se\/wp-content\/uploads\/2019\/12\/stille-logo-800.jpg\" \/>\n\t<meta property=\"og:image:width\" content=\"562\" \/>\n\t<meta property=\"og:image:height\" content=\"314\" \/>\n\t<meta property=\"og:image:type\" content=\"image\/jpeg\" \/>\n<meta name=\"twitter:card\" content=\"summary_large_image\" \/>\n<meta name=\"twitter:label1\" content=\"Ber\u00e4knad l\u00e4stid\" \/>\n\t<meta name=\"twitter:data1\" content=\"1 minut\" \/>\n<script type=\"application\/ld+json\" class=\"yoast-schema-graph\">{\"@context\":\"https:\/\/schema.org\",\"@graph\":[{\"@type\":\"Organization\",\"@id\":\"https:\/\/www.stille.se\/se\/#organization\",\"name\":\"Stille AB\",\"url\":\"https:\/\/www.stille.se\/se\/\",\"sameAs\":[\"https:\/\/www.facebook.com\/stilleab\/\",\"https:\/\/www.linkedin.com\/company\/stille-ab\/\",\"https:\/\/www.youtube.com\/channel\/UCpxmVroiwKKSXWe3ZCOrSqw\"],\"logo\":{\"@type\":\"ImageObject\",\"@id\":\"https:\/\/www.stille.se\/se\/#logo\",\"inLanguage\":\"sv-SE\",\"url\":\"https:\/\/www.stille.se\/se\/wp-content\/uploads\/2019\/12\/stille-logo-800.jpg\",\"contentUrl\":\"https:\/\/www.stille.se\/se\/wp-content\/uploads\/2019\/12\/stille-logo-800.jpg\",\"width\":562,\"height\":314,\"caption\":\"Stille AB\"},\"image\":{\"@id\":\"https:\/\/www.stille.se\/se\/#logo\"}},{\"@type\":\"WebSite\",\"@id\":\"https:\/\/www.stille.se\/se\/#website\",\"url\":\"https:\/\/www.stille.se\/se\/\",\"name\":\"Stille SE\",\"description\":\"\",\"publisher\":{\"@id\":\"https:\/\/www.stille.se\/se\/#organization\"},\"potentialAction\":[{\"@type\":\"SearchAction\",\"target\":{\"@type\":\"EntryPoint\",\"urlTemplate\":\"https:\/\/www.stille.se\/se\/?s={search_term_string}\"},\"query-input\":\"required name=search_term_string\"}],\"inLanguage\":\"sv-SE\"},{\"@type\":\"WebPage\",\"@id\":\"https:\/\/www.stille.se\/se\/investerare\/investera-i-stille\/finansiella-mal-och-strategier\/#webpage\",\"url\":\"https:\/\/www.stille.se\/se\/investerare\/investera-i-stille\/finansiella-mal-och-strategier\/\",\"name\":\"Finansiella m\\u00e5l och strategier - STILLE\",\"isPartOf\":{\"@id\":\"https:\/\/www.stille.se\/se\/#website\"},\"datePublished\":\"2019-11-22T15:56:08+00:00\",\"dateModified\":\"2024-10-24T06:25:06+00:00\",\"breadcrumb\":{\"@id\":\"https:\/\/www.stille.se\/se\/investerare\/investera-i-stille\/finansiella-mal-och-strategier\/#breadcrumb\"},\"inLanguage\":\"sv-SE\",\"potentialAction\":[{\"@type\":\"ReadAction\",\"target\":[\"https:\/\/www.stille.se\/se\/investerare\/investera-i-stille\/finansiella-mal-och-strategier\/\"]}]},{\"@type\":\"BreadcrumbList\",\"@id\":\"https:\/\/www.stille.se\/se\/investerare\/investera-i-stille\/finansiella-mal-och-strategier\/#breadcrumb\",\"itemListElement\":[{\"@type\":\"ListItem\",\"position\":1,\"name\":\"Hem\",\"item\":\"https:\/\/www.stille.se\/se\/\"},{\"@type\":\"ListItem\",\"position\":2,\"name\":\"Investerare\",\"item\":\"https:\/\/www.stille.se\/se\/?page_id=1107\"},{\"@type\":\"ListItem\",\"position\":3,\"name\":\"Investera i Stille\",\"item\":\"https:\/\/www.stille.se\/se\/investerare\/investera-i-stille\/\"},{\"@type\":\"ListItem\",\"position\":4,\"name\":\"Finansiella m\\u00e5l och strategier\"}]}]}<\/script>\n<!-- \/ Yoast SEO plugin. -->","yoast_head_json":{"title":"Finansiella m\u00e5l och strategier - STILLE","robots":{"index":"index","follow":"follow","max-snippet":"max-snippet:-1","max-image-preview":"max-image-preview:large","max-video-preview":"max-video-preview:-1"},"canonical":"https:\/\/www.stille.se\/se\/investerare\/investera-i-stille\/finansiella-mal-och-strategier\/","og_locale":"sv_SE","og_type":"article","og_title":"Finansiella m\u00e5l och strategier - STILLE","og_description":"Finansiella m\u00e5l och strategier Styrelsen och bolagets ledning har under 2024 utv\u00e4rderat bolagets position, inriktning och m\u00e5l under kommande \u00e5r. Resultatet av detta arbete beskrivs kortfattat nedan.&nbsp; Finansiella m\u00e5l Stabilitet och l\u00f6nsamhet \u00e4r Stilles grundfundament. Stilles koncern\u00f6vergripande finansiella m\u00e5l den n\u00e4rmaste fem\u00e5rsperioden best\u00e5r av: 1. Organisk tillv\u00e4xt om minst 10 procent,&nbsp; 2. EBITDA-marginal f\u00f6re poster...","og_url":"https:\/\/www.stille.se\/se\/investerare\/investera-i-stille\/finansiella-mal-och-strategier\/","og_site_name":"Stille SE","article_publisher":"https:\/\/www.facebook.com\/stilleab\/","article_modified_time":"2024-10-24T06:25:06+00:00","og_image":[{"width":562,"height":314,"url":"https:\/\/www.stille.se\/se\/wp-content\/uploads\/2019\/12\/stille-logo-800.jpg","type":"image\/jpeg"}],"twitter_card":"summary_large_image","twitter_misc":{"Ber\u00e4knad l\u00e4stid":"1 minut"},"schema":{"@context":"https:\/\/schema.org","@graph":[{"@type":"Organization","@id":"https:\/\/www.stille.se\/se\/#organization","name":"Stille AB","url":"https:\/\/www.stille.se\/se\/","sameAs":["https:\/\/www.facebook.com\/stilleab\/","https:\/\/www.linkedin.com\/company\/stille-ab\/","https:\/\/www.youtube.com\/channel\/UCpxmVroiwKKSXWe3ZCOrSqw"],"logo":{"@type":"ImageObject","@id":"https:\/\/www.stille.se\/se\/#logo","inLanguage":"sv-SE","url":"https:\/\/www.stille.se\/se\/wp-content\/uploads\/2019\/12\/stille-logo-800.jpg","contentUrl":"https:\/\/www.stille.se\/se\/wp-content\/uploads\/2019\/12\/stille-logo-800.jpg","width":562,"height":314,"caption":"Stille AB"},"image":{"@id":"https:\/\/www.stille.se\/se\/#logo"}},{"@type":"WebSite","@id":"https:\/\/www.stille.se\/se\/#website","url":"https:\/\/www.stille.se\/se\/","name":"Stille SE","description":"","publisher":{"@id":"https:\/\/www.stille.se\/se\/#organization"},"potentialAction":[{"@type":"SearchAction","target":{"@type":"EntryPoint","urlTemplate":"https:\/\/www.stille.se\/se\/?s={search_term_string}"},"query-input":"required name=search_term_string"}],"inLanguage":"sv-SE"},{"@type":"WebPage","@id":"https:\/\/www.stille.se\/se\/investerare\/investera-i-stille\/finansiella-mal-och-strategier\/#webpage","url":"https:\/\/www.stille.se\/se\/investerare\/investera-i-stille\/finansiella-mal-och-strategier\/","name":"Finansiella m\u00e5l och strategier - STILLE","isPartOf":{"@id":"https:\/\/www.stille.se\/se\/#website"},"datePublished":"2019-11-22T15:56:08+00:00","dateModified":"2024-10-24T06:25:06+00:00","breadcrumb":{"@id":"https:\/\/www.stille.se\/se\/investerare\/investera-i-stille\/finansiella-mal-och-strategier\/#breadcrumb"},"inLanguage":"sv-SE","potentialAction":[{"@type":"ReadAction","target":["https:\/\/www.stille.se\/se\/investerare\/investera-i-stille\/finansiella-mal-och-strategier\/"]}]},{"@type":"BreadcrumbList","@id":"https:\/\/www.stille.se\/se\/investerare\/investera-i-stille\/finansiella-mal-och-strategier\/#breadcrumb","itemListElement":[{"@type":"ListItem","position":1,"name":"Hem","item":"https:\/\/www.stille.se\/se\/"},{"@type":"ListItem","position":2,"name":"Investerare","item":"https:\/\/www.stille.se\/se\/?page_id=1107"},{"@type":"ListItem","position":3,"name":"Investera i Stille","item":"https:\/\/www.stille.se\/se\/investerare\/investera-i-stille\/"},{"@type":"ListItem","position":4,"name":"Finansiella m\u00e5l och strategier"}]}]}},"_links":{"self":[{"href":"https:\/\/www.stille.se\/se\/wp-json\/wp\/v2\/pages\/1155"}],"collection":[{"href":"https:\/\/www.stille.se\/se\/wp-json\/wp\/v2\/pages"}],"about":[{"href":"https:\/\/www.stille.se\/se\/wp-json\/wp\/v2\/types\/page"}],"author":[{"embeddable":true,"href":"https:\/\/www.stille.se\/se\/wp-json\/wp\/v2\/users\/33"}],"replies":[{"embeddable":true,"href":"https:\/\/www.stille.se\/se\/wp-json\/wp\/v2\/comments?post=1155"}],"version-history":[{"count":23,"href":"https:\/\/www.stille.se\/se\/wp-json\/wp\/v2\/pages\/1155\/revisions"}],"predecessor-version":[{"id":47886,"href":"https:\/\/www.stille.se\/se\/wp-json\/wp\/v2\/pages\/1155\/revisions\/47886"}],"up":[{"embeddable":true,"href":"https:\/\/www.stille.se\/se\/wp-json\/wp\/v2\/pages\/1128"}],"wp:attachment":[{"href":"https:\/\/www.stille.se\/se\/wp-json\/wp\/v2\/media?parent=1155"}],"curies":[{"name":"wp","href":"https:\/\/api.w.org\/{rel}","templated":true}]}}