{"id":1161,"date":"2019-11-22T15:56:11","date_gmt":"2019-11-22T15:56:11","guid":{"rendered":"https:\/\/www.stille.se\/se\/513-2__trashed\/hallbarhet\/"},"modified":"2020-02-19T13:13:26","modified_gmt":"2020-02-19T13:13:26","slug":"hallbarhet","status":"publish","type":"page","link":"https:\/\/www.stille.se\/se\/investerare\/investera-i-stille\/hallbarhet\/","title":{"rendered":"H\u00e5llbarhet"},"content":{"rendered":"<h1>H\u00e5llbarhet<\/h1>\n<p class=\"preamble\"><strong>Stille grundades redan 1841 av Albert Stille. L\u00e5ngsiktighet och h\u00e5llbarhet har kommit att bli en del av v\u00e5r f\u00f6retagskultur. Sedan l\u00e4nge l\u00e4gger vi stor vikt vid att upptr\u00e4da etiskt och med respekt f\u00f6r b\u00e5de m\u00e4nniskor och milj\u00f6.<\/strong><\/p>\n<h5>Social h\u00e5llbarhet<\/h5>\n<p>Stille st\u00f6djer och respekterar FN:s deklaration om m\u00e4nskliga r\u00e4ttigheter samt de globala m\u00e5len i Agenda 2030 s\u00e5 som de kan appliceras p\u00e5 v\u00e5r verksamhet. Vi arbetar aktivt med att ge alla anst\u00e4llda en trygg arbetsmilj\u00f6 och f\u00f6r att f\u00f6rhindra och f\u00f6rebygga olyckor och f\u00f6rslitningsskador.<br \/>\nV\u00e5rt j\u00e4mst\u00e4lldhetsarbete syftar till att eliminera all form av diskriminering eller missgynnande som \u00e4r baserat p\u00e5 till exempel k\u00f6n, k\u00f6ns\u00f6verskridande identitet eller uttryck, etnisk tillh\u00f6righet, religion eller trosuppfattning, funktionshinder, sexuell l\u00e4ggning eller \u00e5lder. Vi arbetar f\u00f6r allas lika m\u00f6jligheter.<\/p>\n<p>Vi l\u00e4gger stor vikt vid att alla v\u00e5ra anst\u00e4llda upptr\u00e4der med h\u00f6g integritet och inte bara f\u00f6ljer g\u00e4llande lagar, utan ocks\u00e5 agerar etiskt och \u00e4r \u00f6ppna med sakf\u00f6rh\u00e5llanden och h\u00e5ller sig till sanningen, b\u00e5de internt och i kommunikation med kunder och myndighetsrepresentanter. P\u00e5 detta s\u00e4tt vill vi bidra till ett b\u00e4ttre samh\u00e4llsklimat p\u00e5 alla de marknader d\u00e4r vi verkar.<\/p>\n<h5>Milj\u00f6- och klimatp\u00e5verkan<\/h5>\n<p>Vi str\u00e4var efter att minimera den klimat- och milj\u00f6p\u00e5verkan som uppkommer som ett resultat av v\u00e5r verksamhet. Det g\u00e4ller bland annat anv\u00e4ndningen av milj\u00f6p\u00e5verkande kemikalier, transporter och v\u00e5r energif\u00f6rbrukning. F\u00f6r anst\u00e4llda g\u00e4ller att tj\u00e4nstebilar ska v\u00e4ljas med tanke p\u00e5 milj\u00f6v\u00e4nlighet, br\u00e4nslef\u00f6rbrukning och utsl\u00e4pp.<\/p>\n<p>Vi l\u00e4gger ocks\u00e5 stor vikt vid att de produkter vi tillverkar ska kunna anv\u00e4ndas under l\u00e5ng tid. Det minskar konsumtionen av r\u00e5varor med den energi\u00e5tg\u00e5ng och koldioxidutsl\u00e4pp som det inneb\u00e4r i allt fr\u00e5n prospektering och utvinning till anrikning, bearbetning och transporter. Samma sak g\u00e4ller f\u00f6r energif\u00f6rbrukningen i v\u00e5r egen tillverkning. Genom att tillhandah\u00e5lla produkter med l\u00e5ng h\u00e5llbarhet, minskas andelen koldioxidutsl\u00e4pp per operation f\u00f6r v\u00e5ra instrument och operationsbord. V\u00e5r h\u00f6ga produktkvalitet g\u00f6r att vi kan l\u00e4mna 30 \u00e5rs garanti p\u00e5 alla v\u00e5ra instrument. \u00d6ver tid blir v\u00e5r klimatp\u00e5verkan l\u00e4gre tack vare v\u00e5rt kvalitetsfokus.<\/p>\n","protected":false},"excerpt":{"rendered":"<p>H\u00e5llbarhet Stille grundades redan 1841 av Albert Stille. L\u00e5ngsiktighet och h\u00e5llbarhet har kommit att bli en del av v\u00e5r f\u00f6retagskultur. Sedan l\u00e4nge l\u00e4gger vi stor vikt vid att upptr\u00e4da etiskt och med respekt f\u00f6r b\u00e5de m\u00e4nniskor och milj\u00f6. Social h\u00e5llbarhet Stille st\u00f6djer och respekterar FN:s deklaration om m\u00e4nskliga r\u00e4ttigheter samt de globala m\u00e5len i Agenda&#8230;<\/p>\n","protected":false},"author":33,"featured_media":0,"parent":1128,"menu_order":0,"comment_status":"open","ping_status":"open","template":"","meta":[],"acf":[],"yoast_head":"<!-- This site is optimized with the Yoast SEO plugin v17.9 - https:\/\/yoast.com\/wordpress\/plugins\/seo\/ -->\n<title>H\u00e5llbarhet - STILLE<\/title>\n<meta name=\"robots\" content=\"index, follow, max-snippet:-1, max-image-preview:large, max-video-preview:-1\" \/>\n<link rel=\"canonical\" href=\"https:\/\/www.stille.se\/se\/investerare\/investera-i-stille\/hallbarhet\/\" \/>\n<meta property=\"og:locale\" content=\"sv_SE\" \/>\n<meta property=\"og:type\" content=\"article\" \/>\n<meta property=\"og:title\" content=\"H\u00e5llbarhet - STILLE\" \/>\n<meta property=\"og:description\" content=\"H\u00e5llbarhet Stille grundades redan 1841 av Albert Stille. L\u00e5ngsiktighet och h\u00e5llbarhet har kommit att bli en del av v\u00e5r f\u00f6retagskultur. Sedan l\u00e4nge l\u00e4gger vi stor vikt vid att upptr\u00e4da etiskt och med respekt f\u00f6r b\u00e5de m\u00e4nniskor och milj\u00f6. Social h\u00e5llbarhet Stille st\u00f6djer och respekterar FN:s deklaration om m\u00e4nskliga r\u00e4ttigheter samt de globala m\u00e5len i Agenda...\" \/>\n<meta property=\"og:url\" content=\"https:\/\/www.stille.se\/se\/investerare\/investera-i-stille\/hallbarhet\/\" \/>\n<meta property=\"og:site_name\" content=\"Stille SE\" \/>\n<meta property=\"article:publisher\" content=\"https:\/\/www.facebook.com\/stilleab\/\" \/>\n<meta property=\"article:modified_time\" content=\"2020-02-19T13:13:26+00:00\" \/>\n<meta property=\"og:image\" content=\"https:\/\/www.stille.se\/se\/wp-content\/uploads\/2019\/12\/stille-logo-800.jpg\" \/>\n\t<meta property=\"og:image:width\" content=\"562\" \/>\n\t<meta property=\"og:image:height\" content=\"314\" \/>\n\t<meta property=\"og:image:type\" content=\"image\/jpeg\" \/>\n<meta name=\"twitter:card\" content=\"summary_large_image\" \/>\n<meta name=\"twitter:label1\" content=\"Ber\u00e4knad l\u00e4stid\" \/>\n\t<meta name=\"twitter:data1\" content=\"2 minuter\" \/>\n<script type=\"application\/ld+json\" class=\"yoast-schema-graph\">{\"@context\":\"https:\/\/schema.org\",\"@graph\":[{\"@type\":\"Organization\",\"@id\":\"https:\/\/www.stille.se\/se\/#organization\",\"name\":\"Stille AB\",\"url\":\"https:\/\/www.stille.se\/se\/\",\"sameAs\":[\"https:\/\/www.facebook.com\/stilleab\/\",\"https:\/\/www.linkedin.com\/company\/stille-ab\/\",\"https:\/\/www.youtube.com\/channel\/UCpxmVroiwKKSXWe3ZCOrSqw\"],\"logo\":{\"@type\":\"ImageObject\",\"@id\":\"https:\/\/www.stille.se\/se\/#logo\",\"inLanguage\":\"sv-SE\",\"url\":\"https:\/\/www.stille.se\/se\/wp-content\/uploads\/2019\/12\/stille-logo-800.jpg\",\"contentUrl\":\"https:\/\/www.stille.se\/se\/wp-content\/uploads\/2019\/12\/stille-logo-800.jpg\",\"width\":562,\"height\":314,\"caption\":\"Stille AB\"},\"image\":{\"@id\":\"https:\/\/www.stille.se\/se\/#logo\"}},{\"@type\":\"WebSite\",\"@id\":\"https:\/\/www.stille.se\/se\/#website\",\"url\":\"https:\/\/www.stille.se\/se\/\",\"name\":\"Stille SE\",\"description\":\"\",\"publisher\":{\"@id\":\"https:\/\/www.stille.se\/se\/#organization\"},\"potentialAction\":[{\"@type\":\"SearchAction\",\"target\":{\"@type\":\"EntryPoint\",\"urlTemplate\":\"https:\/\/www.stille.se\/se\/?s={search_term_string}\"},\"query-input\":\"required name=search_term_string\"}],\"inLanguage\":\"sv-SE\"},{\"@type\":\"WebPage\",\"@id\":\"https:\/\/www.stille.se\/se\/investerare\/investera-i-stille\/hallbarhet\/#webpage\",\"url\":\"https:\/\/www.stille.se\/se\/investerare\/investera-i-stille\/hallbarhet\/\",\"name\":\"H\\u00e5llbarhet - STILLE\",\"isPartOf\":{\"@id\":\"https:\/\/www.stille.se\/se\/#website\"},\"datePublished\":\"2019-11-22T15:56:11+00:00\",\"dateModified\":\"2020-02-19T13:13:26+00:00\",\"breadcrumb\":{\"@id\":\"https:\/\/www.stille.se\/se\/investerare\/investera-i-stille\/hallbarhet\/#breadcrumb\"},\"inLanguage\":\"sv-SE\",\"potentialAction\":[{\"@type\":\"ReadAction\",\"target\":[\"https:\/\/www.stille.se\/se\/investerare\/investera-i-stille\/hallbarhet\/\"]}]},{\"@type\":\"BreadcrumbList\",\"@id\":\"https:\/\/www.stille.se\/se\/investerare\/investera-i-stille\/hallbarhet\/#breadcrumb\",\"itemListElement\":[{\"@type\":\"ListItem\",\"position\":1,\"name\":\"Hem\",\"item\":\"https:\/\/www.stille.se\/se\/\"},{\"@type\":\"ListItem\",\"position\":2,\"name\":\"Investerare\",\"item\":\"https:\/\/www.stille.se\/se\/?page_id=1107\"},{\"@type\":\"ListItem\",\"position\":3,\"name\":\"Investera i Stille\",\"item\":\"https:\/\/www.stille.se\/se\/investerare\/investera-i-stille\/\"},{\"@type\":\"ListItem\",\"position\":4,\"name\":\"H\\u00e5llbarhet\"}]}]}<\/script>\n<!-- \/ Yoast SEO plugin. -->","yoast_head_json":{"title":"H\u00e5llbarhet - STILLE","robots":{"index":"index","follow":"follow","max-snippet":"max-snippet:-1","max-image-preview":"max-image-preview:large","max-video-preview":"max-video-preview:-1"},"canonical":"https:\/\/www.stille.se\/se\/investerare\/investera-i-stille\/hallbarhet\/","og_locale":"sv_SE","og_type":"article","og_title":"H\u00e5llbarhet - STILLE","og_description":"H\u00e5llbarhet Stille grundades redan 1841 av Albert Stille. L\u00e5ngsiktighet och h\u00e5llbarhet har kommit att bli en del av v\u00e5r f\u00f6retagskultur. Sedan l\u00e4nge l\u00e4gger vi stor vikt vid att upptr\u00e4da etiskt och med respekt f\u00f6r b\u00e5de m\u00e4nniskor och milj\u00f6. Social h\u00e5llbarhet Stille st\u00f6djer och respekterar FN:s deklaration om m\u00e4nskliga r\u00e4ttigheter samt de globala m\u00e5len i Agenda...","og_url":"https:\/\/www.stille.se\/se\/investerare\/investera-i-stille\/hallbarhet\/","og_site_name":"Stille SE","article_publisher":"https:\/\/www.facebook.com\/stilleab\/","article_modified_time":"2020-02-19T13:13:26+00:00","og_image":[{"width":562,"height":314,"url":"https:\/\/www.stille.se\/se\/wp-content\/uploads\/2019\/12\/stille-logo-800.jpg","type":"image\/jpeg"}],"twitter_card":"summary_large_image","twitter_misc":{"Ber\u00e4knad l\u00e4stid":"2 minuter"},"schema":{"@context":"https:\/\/schema.org","@graph":[{"@type":"Organization","@id":"https:\/\/www.stille.se\/se\/#organization","name":"Stille AB","url":"https:\/\/www.stille.se\/se\/","sameAs":["https:\/\/www.facebook.com\/stilleab\/","https:\/\/www.linkedin.com\/company\/stille-ab\/","https:\/\/www.youtube.com\/channel\/UCpxmVroiwKKSXWe3ZCOrSqw"],"logo":{"@type":"ImageObject","@id":"https:\/\/www.stille.se\/se\/#logo","inLanguage":"sv-SE","url":"https:\/\/www.stille.se\/se\/wp-content\/uploads\/2019\/12\/stille-logo-800.jpg","contentUrl":"https:\/\/www.stille.se\/se\/wp-content\/uploads\/2019\/12\/stille-logo-800.jpg","width":562,"height":314,"caption":"Stille AB"},"image":{"@id":"https:\/\/www.stille.se\/se\/#logo"}},{"@type":"WebSite","@id":"https:\/\/www.stille.se\/se\/#website","url":"https:\/\/www.stille.se\/se\/","name":"Stille SE","description":"","publisher":{"@id":"https:\/\/www.stille.se\/se\/#organization"},"potentialAction":[{"@type":"SearchAction","target":{"@type":"EntryPoint","urlTemplate":"https:\/\/www.stille.se\/se\/?s={search_term_string}"},"query-input":"required name=search_term_string"}],"inLanguage":"sv-SE"},{"@type":"WebPage","@id":"https:\/\/www.stille.se\/se\/investerare\/investera-i-stille\/hallbarhet\/#webpage","url":"https:\/\/www.stille.se\/se\/investerare\/investera-i-stille\/hallbarhet\/","name":"H\u00e5llbarhet - STILLE","isPartOf":{"@id":"https:\/\/www.stille.se\/se\/#website"},"datePublished":"2019-11-22T15:56:11+00:00","dateModified":"2020-02-19T13:13:26+00:00","breadcrumb":{"@id":"https:\/\/www.stille.se\/se\/investerare\/investera-i-stille\/hallbarhet\/#breadcrumb"},"inLanguage":"sv-SE","potentialAction":[{"@type":"ReadAction","target":["https:\/\/www.stille.se\/se\/investerare\/investera-i-stille\/hallbarhet\/"]}]},{"@type":"BreadcrumbList","@id":"https:\/\/www.stille.se\/se\/investerare\/investera-i-stille\/hallbarhet\/#breadcrumb","itemListElement":[{"@type":"ListItem","position":1,"name":"Hem","item":"https:\/\/www.stille.se\/se\/"},{"@type":"ListItem","position":2,"name":"Investerare","item":"https:\/\/www.stille.se\/se\/?page_id=1107"},{"@type":"ListItem","position":3,"name":"Investera i Stille","item":"https:\/\/www.stille.se\/se\/investerare\/investera-i-stille\/"},{"@type":"ListItem","position":4,"name":"H\u00e5llbarhet"}]}]}},"_links":{"self":[{"href":"https:\/\/www.stille.se\/se\/wp-json\/wp\/v2\/pages\/1161"}],"collection":[{"href":"https:\/\/www.stille.se\/se\/wp-json\/wp\/v2\/pages"}],"about":[{"href":"https:\/\/www.stille.se\/se\/wp-json\/wp\/v2\/types\/page"}],"author":[{"embeddable":true,"href":"https:\/\/www.stille.se\/se\/wp-json\/wp\/v2\/users\/33"}],"replies":[{"embeddable":true,"href":"https:\/\/www.stille.se\/se\/wp-json\/wp\/v2\/comments?post=1161"}],"version-history":[{"count":6,"href":"https:\/\/www.stille.se\/se\/wp-json\/wp\/v2\/pages\/1161\/revisions"}],"predecessor-version":[{"id":30227,"href":"https:\/\/www.stille.se\/se\/wp-json\/wp\/v2\/pages\/1161\/revisions\/30227"}],"up":[{"embeddable":true,"href":"https:\/\/www.stille.se\/se\/wp-json\/wp\/v2\/pages\/1128"}],"wp:attachment":[{"href":"https:\/\/www.stille.se\/se\/wp-json\/wp\/v2\/media?parent=1161"}],"curies":[{"name":"wp","href":"https:\/\/api.w.org\/{rel}","templated":true}]}}