{"id":1167,"date":"2019-11-22T15:56:17","date_gmt":"2019-11-22T15:56:17","guid":{"rendered":"https:\/\/www.stille.se\/se\/513-2__trashed\/bolagsstyrning\/"},"modified":"2022-10-10T15:09:35","modified_gmt":"2022-10-10T13:09:35","slug":"bolagsstyrning","status":"publish","type":"page","link":"https:\/\/www.stille.se\/se\/investerare\/bolagsstyrning\/","title":{"rendered":"Bolagsstyrning"},"content":{"rendered":"<h1>Bolagsstyrning<\/h1>\n<p>Stilles bolagsstyrning utg\u00e5r fr\u00e5n svensk lagstiftning och f\u00f6ljer svensk kod f\u00f6r bolagsstyrning. Bolagsstyrningen ska s\u00e4kerst\u00e4lla att Stille sk\u00f6ts p\u00e5 ett h\u00e5llbart, ansvarsfullt och effektivt s\u00e4tt.<\/p>\n<p>Bolagsstyrningen b\u00f6r vara utformad efter koncernens verksamhet och behov f\u00f6r att f\u00f6r att bidra till aff\u00e4rsm\u00e4ssig framg\u00e5ng och l\u00f6nsamhet. God bolagsstyrning inneb\u00e4r tydlig ansvarsf\u00f6rdelning och klarhet mot \u00e4garna och marknaden samt en effektiv styrning och kontroll av koncerns verksamhet f\u00f6r att s\u00e4kerst\u00e4lla att den f\u00f6ljer m\u00e5l, lagstiftning och regelverk.<\/p>\n<p>Koden f\u00f6r bolagsstyrning syftar till att uppr\u00e4tth\u00e5lla Stilles f\u00f6rtroende hos befintliga och framtida investerare samt hos \u00f6vriga akt\u00f6rer p\u00e5 den finansiella marknaden. Koden bist\u00e5r \u00e4garna n\u00e4r det g\u00e4ller b\u00e5de direkt och indirekt styrning och \u00e4r en del av n\u00e4ringslivets sj\u00e4lvreglering. Stille f\u00f6ljer principen \u201df\u00f6lj eller f\u00f6rklara\u201d vilket betyder att vi redovisar bakomliggande orsaker och resonemang i de fall Stille avvikit fr\u00e5n kodens regler.<\/p>\n","protected":false},"excerpt":{"rendered":"<p>Bolagsstyrning Stilles bolagsstyrning utg\u00e5r fr\u00e5n svensk lagstiftning och f\u00f6ljer svensk kod f\u00f6r bolagsstyrning. Bolagsstyrningen ska s\u00e4kerst\u00e4lla att Stille sk\u00f6ts p\u00e5 ett h\u00e5llbart, ansvarsfullt och effektivt s\u00e4tt. Bolagsstyrningen b\u00f6r vara utformad efter koncernens verksamhet och behov f\u00f6r att f\u00f6r att bidra till aff\u00e4rsm\u00e4ssig framg\u00e5ng och l\u00f6nsamhet. God bolagsstyrning inneb\u00e4r tydlig ansvarsf\u00f6rdelning och klarhet mot \u00e4garna och&#8230;<\/p>\n","protected":false},"author":33,"featured_media":0,"parent":1107,"menu_order":0,"comment_status":"open","ping_status":"closed","template":"","meta":[],"acf":[],"yoast_head":"<!-- This site is optimized with the Yoast SEO plugin v17.9 - https:\/\/yoast.com\/wordpress\/plugins\/seo\/ -->\n<title>Bolagsstyrning - STILLE<\/title>\n<meta name=\"robots\" content=\"index, follow, max-snippet:-1, max-image-preview:large, max-video-preview:-1\" \/>\n<link rel=\"canonical\" href=\"https:\/\/www.stille.se\/se\/investerare\/bolagsstyrning\/\" \/>\n<meta property=\"og:locale\" content=\"sv_SE\" \/>\n<meta property=\"og:type\" content=\"article\" \/>\n<meta property=\"og:title\" content=\"Bolagsstyrning - STILLE\" \/>\n<meta property=\"og:description\" content=\"Bolagsstyrning Stilles bolagsstyrning utg\u00e5r fr\u00e5n svensk lagstiftning och f\u00f6ljer svensk kod f\u00f6r bolagsstyrning. Bolagsstyrningen ska s\u00e4kerst\u00e4lla att Stille sk\u00f6ts p\u00e5 ett h\u00e5llbart, ansvarsfullt och effektivt s\u00e4tt. Bolagsstyrningen b\u00f6r vara utformad efter koncernens verksamhet och behov f\u00f6r att f\u00f6r att bidra till aff\u00e4rsm\u00e4ssig framg\u00e5ng och l\u00f6nsamhet. God bolagsstyrning inneb\u00e4r tydlig ansvarsf\u00f6rdelning och klarhet mot \u00e4garna och...\" \/>\n<meta property=\"og:url\" content=\"https:\/\/www.stille.se\/se\/investerare\/bolagsstyrning\/\" \/>\n<meta property=\"og:site_name\" content=\"Stille SE\" \/>\n<meta property=\"article:publisher\" content=\"https:\/\/www.facebook.com\/stilleab\/\" \/>\n<meta property=\"article:modified_time\" content=\"2022-10-10T13:09:35+00:00\" \/>\n<meta property=\"og:image\" content=\"https:\/\/www.stille.se\/se\/wp-content\/uploads\/2019\/12\/stille-logo-800.jpg\" \/>\n\t<meta property=\"og:image:width\" content=\"562\" \/>\n\t<meta property=\"og:image:height\" content=\"314\" \/>\n\t<meta property=\"og:image:type\" content=\"image\/jpeg\" \/>\n<meta name=\"twitter:card\" content=\"summary_large_image\" \/>\n<meta name=\"twitter:label1\" content=\"Ber\u00e4knad l\u00e4stid\" \/>\n\t<meta name=\"twitter:data1\" content=\"1 minut\" \/>\n<script type=\"application\/ld+json\" class=\"yoast-schema-graph\">{\"@context\":\"https:\/\/schema.org\",\"@graph\":[{\"@type\":\"Organization\",\"@id\":\"https:\/\/www.stille.se\/se\/#organization\",\"name\":\"Stille AB\",\"url\":\"https:\/\/www.stille.se\/se\/\",\"sameAs\":[\"https:\/\/www.facebook.com\/stilleab\/\",\"https:\/\/www.linkedin.com\/company\/stille-ab\/\",\"https:\/\/www.youtube.com\/channel\/UCpxmVroiwKKSXWe3ZCOrSqw\"],\"logo\":{\"@type\":\"ImageObject\",\"@id\":\"https:\/\/www.stille.se\/se\/#logo\",\"inLanguage\":\"sv-SE\",\"url\":\"https:\/\/www.stille.se\/se\/wp-content\/uploads\/2019\/12\/stille-logo-800.jpg\",\"contentUrl\":\"https:\/\/www.stille.se\/se\/wp-content\/uploads\/2019\/12\/stille-logo-800.jpg\",\"width\":562,\"height\":314,\"caption\":\"Stille AB\"},\"image\":{\"@id\":\"https:\/\/www.stille.se\/se\/#logo\"}},{\"@type\":\"WebSite\",\"@id\":\"https:\/\/www.stille.se\/se\/#website\",\"url\":\"https:\/\/www.stille.se\/se\/\",\"name\":\"Stille SE\",\"description\":\"\",\"publisher\":{\"@id\":\"https:\/\/www.stille.se\/se\/#organization\"},\"potentialAction\":[{\"@type\":\"SearchAction\",\"target\":{\"@type\":\"EntryPoint\",\"urlTemplate\":\"https:\/\/www.stille.se\/se\/?s={search_term_string}\"},\"query-input\":\"required name=search_term_string\"}],\"inLanguage\":\"sv-SE\"},{\"@type\":\"WebPage\",\"@id\":\"https:\/\/www.stille.se\/se\/investerare\/bolagsstyrning\/#webpage\",\"url\":\"https:\/\/www.stille.se\/se\/investerare\/bolagsstyrning\/\",\"name\":\"Bolagsstyrning - STILLE\",\"isPartOf\":{\"@id\":\"https:\/\/www.stille.se\/se\/#website\"},\"datePublished\":\"2019-11-22T15:56:17+00:00\",\"dateModified\":\"2022-10-10T13:09:35+00:00\",\"breadcrumb\":{\"@id\":\"https:\/\/www.stille.se\/se\/investerare\/bolagsstyrning\/#breadcrumb\"},\"inLanguage\":\"sv-SE\",\"potentialAction\":[{\"@type\":\"ReadAction\",\"target\":[\"https:\/\/www.stille.se\/se\/investerare\/bolagsstyrning\/\"]}]},{\"@type\":\"BreadcrumbList\",\"@id\":\"https:\/\/www.stille.se\/se\/investerare\/bolagsstyrning\/#breadcrumb\",\"itemListElement\":[{\"@type\":\"ListItem\",\"position\":1,\"name\":\"Hem\",\"item\":\"https:\/\/www.stille.se\/se\/\"},{\"@type\":\"ListItem\",\"position\":2,\"name\":\"Investerare\",\"item\":\"https:\/\/www.stille.se\/se\/?page_id=1107\"},{\"@type\":\"ListItem\",\"position\":3,\"name\":\"Bolagsstyrning\"}]}]}<\/script>\n<!-- \/ Yoast SEO plugin. -->","yoast_head_json":{"title":"Bolagsstyrning - STILLE","robots":{"index":"index","follow":"follow","max-snippet":"max-snippet:-1","max-image-preview":"max-image-preview:large","max-video-preview":"max-video-preview:-1"},"canonical":"https:\/\/www.stille.se\/se\/investerare\/bolagsstyrning\/","og_locale":"sv_SE","og_type":"article","og_title":"Bolagsstyrning - STILLE","og_description":"Bolagsstyrning Stilles bolagsstyrning utg\u00e5r fr\u00e5n svensk lagstiftning och f\u00f6ljer svensk kod f\u00f6r bolagsstyrning. Bolagsstyrningen ska s\u00e4kerst\u00e4lla att Stille sk\u00f6ts p\u00e5 ett h\u00e5llbart, ansvarsfullt och effektivt s\u00e4tt. Bolagsstyrningen b\u00f6r vara utformad efter koncernens verksamhet och behov f\u00f6r att f\u00f6r att bidra till aff\u00e4rsm\u00e4ssig framg\u00e5ng och l\u00f6nsamhet. God bolagsstyrning inneb\u00e4r tydlig ansvarsf\u00f6rdelning och klarhet mot \u00e4garna och...","og_url":"https:\/\/www.stille.se\/se\/investerare\/bolagsstyrning\/","og_site_name":"Stille SE","article_publisher":"https:\/\/www.facebook.com\/stilleab\/","article_modified_time":"2022-10-10T13:09:35+00:00","og_image":[{"width":562,"height":314,"url":"https:\/\/www.stille.se\/se\/wp-content\/uploads\/2019\/12\/stille-logo-800.jpg","type":"image\/jpeg"}],"twitter_card":"summary_large_image","twitter_misc":{"Ber\u00e4knad l\u00e4stid":"1 minut"},"schema":{"@context":"https:\/\/schema.org","@graph":[{"@type":"Organization","@id":"https:\/\/www.stille.se\/se\/#organization","name":"Stille AB","url":"https:\/\/www.stille.se\/se\/","sameAs":["https:\/\/www.facebook.com\/stilleab\/","https:\/\/www.linkedin.com\/company\/stille-ab\/","https:\/\/www.youtube.com\/channel\/UCpxmVroiwKKSXWe3ZCOrSqw"],"logo":{"@type":"ImageObject","@id":"https:\/\/www.stille.se\/se\/#logo","inLanguage":"sv-SE","url":"https:\/\/www.stille.se\/se\/wp-content\/uploads\/2019\/12\/stille-logo-800.jpg","contentUrl":"https:\/\/www.stille.se\/se\/wp-content\/uploads\/2019\/12\/stille-logo-800.jpg","width":562,"height":314,"caption":"Stille AB"},"image":{"@id":"https:\/\/www.stille.se\/se\/#logo"}},{"@type":"WebSite","@id":"https:\/\/www.stille.se\/se\/#website","url":"https:\/\/www.stille.se\/se\/","name":"Stille SE","description":"","publisher":{"@id":"https:\/\/www.stille.se\/se\/#organization"},"potentialAction":[{"@type":"SearchAction","target":{"@type":"EntryPoint","urlTemplate":"https:\/\/www.stille.se\/se\/?s={search_term_string}"},"query-input":"required name=search_term_string"}],"inLanguage":"sv-SE"},{"@type":"WebPage","@id":"https:\/\/www.stille.se\/se\/investerare\/bolagsstyrning\/#webpage","url":"https:\/\/www.stille.se\/se\/investerare\/bolagsstyrning\/","name":"Bolagsstyrning - STILLE","isPartOf":{"@id":"https:\/\/www.stille.se\/se\/#website"},"datePublished":"2019-11-22T15:56:17+00:00","dateModified":"2022-10-10T13:09:35+00:00","breadcrumb":{"@id":"https:\/\/www.stille.se\/se\/investerare\/bolagsstyrning\/#breadcrumb"},"inLanguage":"sv-SE","potentialAction":[{"@type":"ReadAction","target":["https:\/\/www.stille.se\/se\/investerare\/bolagsstyrning\/"]}]},{"@type":"BreadcrumbList","@id":"https:\/\/www.stille.se\/se\/investerare\/bolagsstyrning\/#breadcrumb","itemListElement":[{"@type":"ListItem","position":1,"name":"Hem","item":"https:\/\/www.stille.se\/se\/"},{"@type":"ListItem","position":2,"name":"Investerare","item":"https:\/\/www.stille.se\/se\/?page_id=1107"},{"@type":"ListItem","position":3,"name":"Bolagsstyrning"}]}]}},"_links":{"self":[{"href":"https:\/\/www.stille.se\/se\/wp-json\/wp\/v2\/pages\/1167"}],"collection":[{"href":"https:\/\/www.stille.se\/se\/wp-json\/wp\/v2\/pages"}],"about":[{"href":"https:\/\/www.stille.se\/se\/wp-json\/wp\/v2\/types\/page"}],"author":[{"embeddable":true,"href":"https:\/\/www.stille.se\/se\/wp-json\/wp\/v2\/users\/33"}],"replies":[{"embeddable":true,"href":"https:\/\/www.stille.se\/se\/wp-json\/wp\/v2\/comments?post=1167"}],"version-history":[{"count":6,"href":"https:\/\/www.stille.se\/se\/wp-json\/wp\/v2\/pages\/1167\/revisions"}],"predecessor-version":[{"id":45951,"href":"https:\/\/www.stille.se\/se\/wp-json\/wp\/v2\/pages\/1167\/revisions\/45951"}],"up":[{"embeddable":true,"href":"https:\/\/www.stille.se\/se\/wp-json\/wp\/v2\/pages\/1107"}],"wp:attachment":[{"href":"https:\/\/www.stille.se\/se\/wp-json\/wp\/v2\/media?parent=1167"}],"curies":[{"name":"wp","href":"https:\/\/api.w.org\/{rel}","templated":true}]}}