{"id":1170,"date":"2019-11-22T15:56:18","date_gmt":"2019-11-22T15:56:18","guid":{"rendered":"https:\/\/www.stille.se\/se\/513-2__trashed\/styrelse\/"},"modified":"2024-03-07T14:16:01","modified_gmt":"2024-03-07T13:16:01","slug":"styrelse","status":"publish","type":"page","link":"https:\/\/www.stille.se\/se\/investerare\/bolagsstyrning\/styrelse\/","title":{"rendered":"Styrelse"},"content":{"rendered":"\n<h1>Styrelse<\/h1>\n\n\n\n<p>Stilles styrelse best\u00e5r av ordf\u00f6randen samt sex ledam\u00f6ter varav en arbetstagarrepresentant. Enligt bolagsordningen ska styrelsen best\u00e5 av l\u00e4gst tre och h\u00f6gst sju ordinarie ledam\u00f6ter, utan eller med h\u00f6gst en suppleant. Styrelsen ska enligt arbetsordningen ha minst fyra styrelsem\u00f6ten per \u00e5r.<\/p>\n\n\n<div class=\"wp-block-columns has-2-columns\"><div class=\"wp-block-column list-people\"><p class='wp-block-image'><img width=\"201\" height=\"300\" src=\"https:\/\/www.stille.se\/se\/wp-content\/uploads\/2025\/05\/jon_sigurdsson-1-201x300.jpg\" class=\"attachment-medium size-medium wp-post-image\" alt=\"\" loading=\"lazy\" srcset=\"https:\/\/www.stille.se\/se\/wp-content\/uploads\/2025\/05\/jon_sigurdsson-1-201x300.jpg 201w, https:\/\/www.stille.se\/se\/wp-content\/uploads\/2025\/05\/jon_sigurdsson-1-686x1024.jpg 686w, https:\/\/www.stille.se\/se\/wp-content\/uploads\/2025\/05\/jon_sigurdsson-1-768x1146.jpg 768w, https:\/\/www.stille.se\/se\/wp-content\/uploads\/2025\/05\/jon_sigurdsson-1-1029x1536.jpg 1029w, https:\/\/www.stille.se\/se\/wp-content\/uploads\/2025\/05\/jon_sigurdsson-1-600x896.jpg 600w, https:\/\/www.stille.se\/se\/wp-content\/uploads\/2025\/05\/jon_sigurdsson-1.jpg 1340w\" sizes=\"(max-width: 201px) 100vw, 201px\" \/><\/p><h4>Jon Sigurdsson<\/h4><div class='person'><p class=\"subheading\">Styrelseordf\u00f6rande <\/p><\/div><div class='person'><p class=\"\"><strong>Invald<\/strong><br\/> 2025<\/p><\/div><div class='person'><p class=\"\"><strong>Utbildning<\/strong><br\/> B.Sc Industriell Ekonomi, Sydansk University Denmark. Masterexamen, F\u00f6retagsekonomi (MBA) Alliant International University San Diego California.<\/p><\/div><div class='person'><p class=\"\"><strong>\u00d6vriga aktuella uppdrag<\/strong><br\/> Styrelseordf\u00f6rande i Vitrolife AB (VITR:ST), Styrelseordf\u00f6rande i SET Hf och styrelsemedlem i Alfa Umbreyting 2&amp;3<\/p><\/div><div class='person'><p class=\"\"><strong>Huvudsaklig arbetslivserfarenhet och \u00f6vrig information<\/strong><br\/> VD f\u00f6r \u00d6ssur (EMBLA.CO), nu Embla Medical, ett protesf\u00f6retag, i 26 \u00e5r. N\u00e4r han tilltr\u00e4dde som VD var \u00d6ssur ett litet lokalt f\u00f6retag med 42 anst\u00e4llda och en f\u00f6rs\u00e4ljning p\u00e5 3 miljoner dollar. \u00c5r 2022 var det en av ledarna i branschen med en oms\u00e4ttning p\u00e5 700 miljoner USD och 4 000 anst\u00e4llda. Tog f\u00f6retaget till b\u00f6rsen 1999 och noterade det \u00e4ven p\u00e5 Nasdaq K\u00f6penhamn 2012. Expanderade genom intern tillv\u00e4xt och konsolidering av branschen, med \u00f6ver 70 f\u00f6retagsf\u00f6rv\u00e4rv under sin tid som VD. Styrelseordf\u00f6rande i Icelandic American Chamber of Commerce. Handelsr\u00e5d f\u00f6r Islands Handelsr\u00e5d i New York, ekonomichef p\u00e5 \u00c1lafoss, chef f\u00f6r internationella avdelningen p\u00e5 Eimskip och ingenj\u00f6r p\u00e5 Bang &amp; Olufsen i Danmark.<\/p><\/div><div class='person'><p class=\"\"><strong>Oberoende i f\u00f6rh\u00e5llande till f\u00f6retaget och f\u00f6retagsledningen<\/strong><br\/> Ja<\/p><\/div><div class='person'><p class=\"\"><strong>Oberoende i f\u00f6rh\u00e5llande till st\u00f6rre aktie\u00e4gare<\/strong><br\/> Ja<\/p><\/div><div class='person'><p class=\"\"><strong>Innehav<\/strong><br\/> 5'600<\/p><\/div><\/div><div class=\"wp-block-column list-people\"><p class='wp-block-image'><img width=\"200\" height=\"300\" src=\"https:\/\/www.stille.se\/se\/wp-content\/uploads\/2024\/02\/sti-0038-portraits_web_200x300px_s04_victor-steien_240415.jpg\" class=\"attachment-medium size-medium wp-post-image\" alt=\"\" loading=\"lazy\" \/><\/p><h4>Victor Steien<\/h4><div class='person'><p class=\"subheading\">Styrelseledamot <\/p><\/div><div class='person'><p class=\"pull-left\"><strong>F\u00f6delse\u00e5r<\/strong><br\/> 1983<\/p><\/div><div class='person'><p class=\"\"><strong>Invald<\/strong><br\/> 2023<\/p><\/div><div class='person'><p class=\"\"><strong>Utbildning<\/strong><br\/> Civilekonom (Major i Finance) fr\u00e5n Handelsh\u00f6gskolan i Stockholm.<\/p><\/div><div class='person'><p class=\"\"><strong>\u00d6vriga aktuella uppdrag<\/strong><br\/> Partner p\u00e5 Impilo och Styrelseledamot Impilo, Pelago Bioscience, VaccinDirekt.<\/p><\/div><div class='person'><p class=\"\"><strong>Huvudsaklig arbetslivserfarenhet och \u00f6vrig information<\/strong><br\/> Del av Impilos investeringsteam sedan 2018 och dessf\u00f6rinnan tio \u00e5r inom Investment Banking p\u00e5 Goldman Sachs (2008-2014) och Morgan Stanley (2014-2018).<\/p><\/div><div class='person'><p class=\"\"><strong>Oberoende i f\u00f6rh\u00e5llande till f\u00f6retaget och f\u00f6retagsledningen<\/strong><br\/> Ja<\/p><\/div><div class='person'><p class=\"\"><strong>Oberoende i f\u00f6rh\u00e5llande till st\u00f6rre aktie\u00e4gare<\/strong><br\/> Nej<\/p><\/div><div class='person'><p class=\"\"><strong>Innehav<\/strong><br\/> N\u00e4rst\u00e5endes innehav: 2,056,075 aktier<\/p><\/div><\/div><\/div><div class=\"wp-block-columns has-2-columns\"><div class=\"wp-block-column list-people\"><p class='wp-block-image'><img width=\"200\" height=\"300\" src=\"https:\/\/www.stille.se\/se\/wp-content\/uploads\/2022\/01\/sti-0038-portraits_web_200x300px_s05_yonna-olsson_240415.jpg\" class=\"attachment-medium size-medium wp-post-image\" alt=\"\" loading=\"lazy\" \/><\/p><h4>Yonna Olsson<\/h4><div class='person'><p class=\"subheading\">Styrelseledamot <\/p><\/div><div class='person'><p class=\"pull-left\"><strong>F\u00f6delse\u00e5r<\/strong><br\/> 1963<\/p><\/div><div class='person'><p class=\"\"><strong>Invald<\/strong><br\/> 2021<\/p><\/div><div class='person'><p class=\"\"><strong>Utbildning<\/strong><br\/> Civilingenj\u00f6r, MBA, Styrelseakademin.<\/p><\/div><div class='person'><p class=\"\"><strong>\u00d6vriga aktuella uppdrag<\/strong><br\/> Styrelseledamot och r\u00e5dgivare framf\u00f6r allt inom medtech.<\/p><\/div><div class='person'><p class=\"\"><strong>Huvudsaklig arbetslivserfarenhet och \u00f6vrig information<\/strong><br\/> Styrelseledamot och investerare. 30 \u00e5rs erfarenhet i internationella chefsbefattningar inom s\u00e4lj, marknad, strategi och general management inom Johnson &amp; Johnson, AstraZeneca m fl. Senast VD och Regionchef f\u00f6r Norra Europa hos Olympus. Styrelsearbete sedan 2010.<\/p><\/div><div class='person'><p class=\"\"><strong>Oberoende i f\u00f6rh\u00e5llande till f\u00f6retaget och f\u00f6retagsledningen<\/strong><br\/> Ja<\/p><\/div><div class='person'><p class=\"\"><strong>Oberoende i f\u00f6rh\u00e5llande till st\u00f6rre aktie\u00e4gare<\/strong><br\/> Ja<\/p><\/div><div class='person'><p class=\"\"><strong>Innehav<\/strong><br\/> 1'431<\/p><\/div><\/div><div class=\"wp-block-column list-people\"><p class='wp-block-image'><img width=\"200\" height=\"300\" src=\"https:\/\/www.stille.se\/se\/wp-content\/uploads\/2022\/01\/sti-0038-portraits_web_200x300px_s06_per-carlsson_240415.jpg\" class=\"attachment-medium size-medium wp-post-image\" alt=\"\" loading=\"lazy\" \/><\/p><h4>Per Carlsson<\/h4><div class='person'><p class=\"subheading\">Styrelseledamot <\/p><\/div><div class='person'><p class=\"pull-left\"><strong>F\u00f6delse\u00e5r<\/strong><br\/> 1964<\/p><\/div><div class='person'><p class=\"\"><strong>Invald<\/strong><br\/> 2023<\/p><\/div><div class='person'><p class=\"\"><strong>Utbildning<\/strong><br\/> Civilekonom, Uppsala Universitet<\/p><\/div><div class='person'><p class=\"\"><strong>Huvudsaklig arbetslivserfarenhet och \u00f6vrig information<\/strong><br\/> Omfattande internationell erfarenhet fr\u00e5n befattningar inom finans bland annat som CFO Electrolux Small Appliances och CFO Dometic.<\/p><\/div><div class='person'><p class=\"\"><strong>Oberoende i f\u00f6rh\u00e5llande till f\u00f6retaget och f\u00f6retagsledningen<\/strong><br\/> Ja<\/p><\/div><div class='person'><p class=\"\"><strong>Oberoende i f\u00f6rh\u00e5llande till st\u00f6rre aktie\u00e4gare<\/strong><br\/> Ja<\/p><\/div><div class='person'><p class=\"\"><strong>Innehav<\/strong><br\/> 230 aktier<\/p><\/div><\/div><\/div><div class=\"wp-block-columns has-2-columns\"><div class=\"wp-block-column list-people\"><p class='wp-block-image'><img width=\"200\" height=\"300\" src=\"https:\/\/www.stille.se\/se\/wp-content\/uploads\/2024\/05\/sti-image001-1-scaled-200x300.jpg\" class=\"attachment-medium size-medium wp-post-image\" alt=\"\" loading=\"lazy\" srcset=\"https:\/\/www.stille.se\/se\/wp-content\/uploads\/2024\/05\/sti-image001-1-scaled-200x300.jpg 200w, https:\/\/www.stille.se\/se\/wp-content\/uploads\/2024\/05\/sti-image001-1-scaled-683x1024.jpg 683w, https:\/\/www.stille.se\/se\/wp-content\/uploads\/2024\/05\/sti-image001-1-scaled-768x1152.jpg 768w, https:\/\/www.stille.se\/se\/wp-content\/uploads\/2024\/05\/sti-image001-1-scaled-1024x1536.jpg 1024w, https:\/\/www.stille.se\/se\/wp-content\/uploads\/2024\/05\/sti-image001-1-scaled-1366x2048.jpg 1366w, https:\/\/www.stille.se\/se\/wp-content\/uploads\/2024\/05\/sti-image001-1-scaled-600x900.jpg 600w, https:\/\/www.stille.se\/se\/wp-content\/uploads\/2024\/05\/sti-image001-1-scaled.jpg 1707w\" sizes=\"(max-width: 200px) 100vw, 200px\" \/><\/p><h4>Jens Viebke<\/h4><div class='person'><p class=\"subheading\">Styrelseledamot <\/p><\/div><div class='person'><p class=\"pull-left\"><strong>F\u00f6delse\u00e5r<\/strong><br\/> 1967<\/p><\/div><div class='person'><p class=\"\"><strong>Invald<\/strong><br\/> 2024<\/p><\/div><div class='person'><p class=\"\"><strong>Utbildning<\/strong><br\/> Civilingenj\u00f6r och PhD i polymerteknologi fr\u00e5n Kungliga Tekniska H\u00f6gskolan i Stockholm och Executive MBA fr\u00e5n Handelsh\u00f6gskolan i Stockholm.<\/p><\/div><div class='person'><p class=\"\"><strong>Huvudsaklig arbetslivserfarenhet och \u00f6vrig information<\/strong><br\/> L\u00e5ng erfarenhet inom Life Science i olika chefsbefattningar inom strategi, aff\u00e4rsutveckling, forskning och utevckling i bolag som GE Healthcare, Pharmacia &amp; Upjohn och Getinge.<\/p><\/div><div class='person'><p class=\"\"><strong>Oberoende i f\u00f6rh\u00e5llande till f\u00f6retaget och f\u00f6retagsledningen<\/strong><br\/> Ja<\/p><\/div><div class='person'><p class=\"\"><strong>Oberoende i f\u00f6rh\u00e5llande till st\u00f6rre aktie\u00e4gare<\/strong><br\/> Ja<\/p><\/div><div class='person'><p class=\"\"><strong>Innehav<\/strong><br\/> 2'750<\/p><\/div><\/div><div class=\"wp-block-column list-people\"><p class='wp-block-image'><img width=\"200\" height=\"300\" src=\"https:\/\/www.stille.se\/se\/wp-content\/uploads\/2022\/01\/sti-0038-portraits_web_200x300px_s07_sirpa-ma\u0308kipa\u0308a\u0308_240415.jpg\" class=\"attachment-medium size-medium wp-post-image\" alt=\"\" loading=\"lazy\" \/><\/p><h4>Sirpa M\u00e4kip\u00e4\u00e4<\/h4><div class='person'><p class=\"subheading\">Styrelseledamot<br\/>(Arbetstagarrepresentant) <\/p><\/div><div class='person'><p class=\"pull-left\"><strong>F\u00f6delse\u00e5r<\/strong><br\/> 1960<\/p><\/div><div class='person'><p class=\"\"><strong>Invald<\/strong><br\/> 2000<\/p><\/div><div class='person'><p class=\"\"><strong>Oberoende i f\u00f6rh\u00e5llande till f\u00f6retaget och f\u00f6retagsledningen<\/strong><br\/> Ja<\/p><\/div><div class='person'><p class=\"\"><strong>Oberoende i f\u00f6rh\u00e5llande till st\u00f6rre aktie\u00e4gare<\/strong><br\/> Ja<\/p><\/div><div class='person'><p class=\"\"><strong>Innehav<\/strong><br\/> 0 aktier<\/p><\/div><\/div><\/div>\n\n\n<hr \/>\n<p>Verkst\u00e4llande direkt\u00f6ren framl\u00e4gger vid varje m\u00f6te i samband med kvartalsbokslut ekonomisk och finansiell rapport \u00f6ver verksamheten och tillst\u00e4ller d\u00e4rut\u00f6ver styrelsen en m\u00e5natlig rapport inneh\u00e5llande viktiga h\u00e4ndelser samt ekonomisk information i sammandrag.<\/p>\n<p>Styrelsen behandlar \u00e5rligen revisorernas rapport, av vilken bland annat framg\u00e5r hur bolagets organisation \u00e4r utformad s\u00e5 att bokf\u00f6ringen, medelsf\u00f6rvaltningen och bolagets ekonomiska f\u00f6rh\u00e5llande kontrolleras p\u00e5 ett betryggande s\u00e4tt.<\/p>\n<p>Styrelsen beslutar i fr\u00e5gor om ers\u00e4ttningar och andra anst\u00e4llningsvillkor f\u00f6r koncernledningen. Beslut om principerna f\u00f6r ers\u00e4ttning till verkst\u00e4llande direkt\u00f6r och \u00f6vrig koncernledning tas av \u00e5rsst\u00e4mman.<\/p>","protected":false},"excerpt":{"rendered":"<p>Styrelse Stilles styrelse best\u00e5r av ordf\u00f6randen samt sex ledam\u00f6ter varav en arbetstagarrepresentant. Enligt bolagsordningen ska styrelsen best\u00e5 av l\u00e4gst tre och h\u00f6gst sju ordinarie ledam\u00f6ter, utan eller med h\u00f6gst en suppleant. Styrelsen ska enligt arbetsordningen ha minst fyra styrelsem\u00f6ten per \u00e5r. Verkst\u00e4llande direkt\u00f6ren framl\u00e4gger vid varje m\u00f6te i samband med kvartalsbokslut ekonomisk och finansiell rapport&#8230;<\/p>\n","protected":false},"author":33,"featured_media":0,"parent":1167,"menu_order":0,"comment_status":"open","ping_status":"open","template":"","meta":[],"acf":[],"yoast_head":"<!-- This site is optimized with the Yoast SEO plugin v17.9 - https:\/\/yoast.com\/wordpress\/plugins\/seo\/ -->\n<title>Styrelse - STILLE<\/title>\n<meta name=\"robots\" content=\"index, follow, max-snippet:-1, max-image-preview:large, max-video-preview:-1\" \/>\n<link rel=\"canonical\" href=\"https:\/\/www.stille.se\/se\/investerare\/bolagsstyrning\/styrelse\/\" \/>\n<meta property=\"og:locale\" content=\"sv_SE\" \/>\n<meta property=\"og:type\" content=\"article\" \/>\n<meta property=\"og:title\" content=\"Styrelse - STILLE\" \/>\n<meta property=\"og:description\" content=\"Styrelse Stilles styrelse best\u00e5r av ordf\u00f6randen samt sex ledam\u00f6ter varav en arbetstagarrepresentant. Enligt bolagsordningen ska styrelsen best\u00e5 av l\u00e4gst tre och h\u00f6gst sju ordinarie ledam\u00f6ter, utan eller med h\u00f6gst en suppleant. Styrelsen ska enligt arbetsordningen ha minst fyra styrelsem\u00f6ten per \u00e5r. Verkst\u00e4llande direkt\u00f6ren framl\u00e4gger vid varje m\u00f6te i samband med kvartalsbokslut ekonomisk och finansiell rapport...\" \/>\n<meta property=\"og:url\" content=\"https:\/\/www.stille.se\/se\/investerare\/bolagsstyrning\/styrelse\/\" \/>\n<meta property=\"og:site_name\" content=\"Stille SE\" \/>\n<meta property=\"article:publisher\" content=\"https:\/\/www.facebook.com\/stilleab\/\" \/>\n<meta property=\"article:modified_time\" content=\"2024-03-07T13:16:01+00:00\" \/>\n<meta property=\"og:image\" content=\"https:\/\/www.stille.se\/se\/wp-content\/uploads\/2019\/12\/stille-logo-800.jpg\" \/>\n\t<meta property=\"og:image:width\" content=\"562\" \/>\n\t<meta property=\"og:image:height\" content=\"314\" \/>\n\t<meta property=\"og:image:type\" content=\"image\/jpeg\" \/>\n<meta name=\"twitter:card\" content=\"summary_large_image\" \/>\n<meta name=\"twitter:label1\" content=\"Ber\u00e4knad l\u00e4stid\" \/>\n\t<meta name=\"twitter:data1\" content=\"1 minut\" \/>\n<script type=\"application\/ld+json\" class=\"yoast-schema-graph\">{\"@context\":\"https:\/\/schema.org\",\"@graph\":[{\"@type\":\"Organization\",\"@id\":\"https:\/\/www.stille.se\/se\/#organization\",\"name\":\"Stille AB\",\"url\":\"https:\/\/www.stille.se\/se\/\",\"sameAs\":[\"https:\/\/www.facebook.com\/stilleab\/\",\"https:\/\/www.linkedin.com\/company\/stille-ab\/\",\"https:\/\/www.youtube.com\/channel\/UCpxmVroiwKKSXWe3ZCOrSqw\"],\"logo\":{\"@type\":\"ImageObject\",\"@id\":\"https:\/\/www.stille.se\/se\/#logo\",\"inLanguage\":\"sv-SE\",\"url\":\"https:\/\/www.stille.se\/se\/wp-content\/uploads\/2019\/12\/stille-logo-800.jpg\",\"contentUrl\":\"https:\/\/www.stille.se\/se\/wp-content\/uploads\/2019\/12\/stille-logo-800.jpg\",\"width\":562,\"height\":314,\"caption\":\"Stille AB\"},\"image\":{\"@id\":\"https:\/\/www.stille.se\/se\/#logo\"}},{\"@type\":\"WebSite\",\"@id\":\"https:\/\/www.stille.se\/se\/#website\",\"url\":\"https:\/\/www.stille.se\/se\/\",\"name\":\"Stille SE\",\"description\":\"\",\"publisher\":{\"@id\":\"https:\/\/www.stille.se\/se\/#organization\"},\"potentialAction\":[{\"@type\":\"SearchAction\",\"target\":{\"@type\":\"EntryPoint\",\"urlTemplate\":\"https:\/\/www.stille.se\/se\/?s={search_term_string}\"},\"query-input\":\"required name=search_term_string\"}],\"inLanguage\":\"sv-SE\"},{\"@type\":\"WebPage\",\"@id\":\"https:\/\/www.stille.se\/se\/investerare\/bolagsstyrning\/styrelse\/#webpage\",\"url\":\"https:\/\/www.stille.se\/se\/investerare\/bolagsstyrning\/styrelse\/\",\"name\":\"Styrelse - STILLE\",\"isPartOf\":{\"@id\":\"https:\/\/www.stille.se\/se\/#website\"},\"datePublished\":\"2019-11-22T15:56:18+00:00\",\"dateModified\":\"2024-03-07T13:16:01+00:00\",\"breadcrumb\":{\"@id\":\"https:\/\/www.stille.se\/se\/investerare\/bolagsstyrning\/styrelse\/#breadcrumb\"},\"inLanguage\":\"sv-SE\",\"potentialAction\":[{\"@type\":\"ReadAction\",\"target\":[\"https:\/\/www.stille.se\/se\/investerare\/bolagsstyrning\/styrelse\/\"]}]},{\"@type\":\"BreadcrumbList\",\"@id\":\"https:\/\/www.stille.se\/se\/investerare\/bolagsstyrning\/styrelse\/#breadcrumb\",\"itemListElement\":[{\"@type\":\"ListItem\",\"position\":1,\"name\":\"Hem\",\"item\":\"https:\/\/www.stille.se\/se\/\"},{\"@type\":\"ListItem\",\"position\":2,\"name\":\"Investerare\",\"item\":\"https:\/\/www.stille.se\/se\/?page_id=1107\"},{\"@type\":\"ListItem\",\"position\":3,\"name\":\"Bolagsstyrning\",\"item\":\"https:\/\/www.stille.se\/se\/investerare\/bolagsstyrning\/\"},{\"@type\":\"ListItem\",\"position\":4,\"name\":\"Styrelse\"}]}]}<\/script>\n<!-- \/ Yoast SEO plugin. -->","yoast_head_json":{"title":"Styrelse - STILLE","robots":{"index":"index","follow":"follow","max-snippet":"max-snippet:-1","max-image-preview":"max-image-preview:large","max-video-preview":"max-video-preview:-1"},"canonical":"https:\/\/www.stille.se\/se\/investerare\/bolagsstyrning\/styrelse\/","og_locale":"sv_SE","og_type":"article","og_title":"Styrelse - STILLE","og_description":"Styrelse Stilles styrelse best\u00e5r av ordf\u00f6randen samt sex ledam\u00f6ter varav en arbetstagarrepresentant. Enligt bolagsordningen ska styrelsen best\u00e5 av l\u00e4gst tre och h\u00f6gst sju ordinarie ledam\u00f6ter, utan eller med h\u00f6gst en suppleant. Styrelsen ska enligt arbetsordningen ha minst fyra styrelsem\u00f6ten per \u00e5r. Verkst\u00e4llande direkt\u00f6ren framl\u00e4gger vid varje m\u00f6te i samband med kvartalsbokslut ekonomisk och finansiell rapport...","og_url":"https:\/\/www.stille.se\/se\/investerare\/bolagsstyrning\/styrelse\/","og_site_name":"Stille SE","article_publisher":"https:\/\/www.facebook.com\/stilleab\/","article_modified_time":"2024-03-07T13:16:01+00:00","og_image":[{"width":562,"height":314,"url":"https:\/\/www.stille.se\/se\/wp-content\/uploads\/2019\/12\/stille-logo-800.jpg","type":"image\/jpeg"}],"twitter_card":"summary_large_image","twitter_misc":{"Ber\u00e4knad l\u00e4stid":"1 minut"},"schema":{"@context":"https:\/\/schema.org","@graph":[{"@type":"Organization","@id":"https:\/\/www.stille.se\/se\/#organization","name":"Stille AB","url":"https:\/\/www.stille.se\/se\/","sameAs":["https:\/\/www.facebook.com\/stilleab\/","https:\/\/www.linkedin.com\/company\/stille-ab\/","https:\/\/www.youtube.com\/channel\/UCpxmVroiwKKSXWe3ZCOrSqw"],"logo":{"@type":"ImageObject","@id":"https:\/\/www.stille.se\/se\/#logo","inLanguage":"sv-SE","url":"https:\/\/www.stille.se\/se\/wp-content\/uploads\/2019\/12\/stille-logo-800.jpg","contentUrl":"https:\/\/www.stille.se\/se\/wp-content\/uploads\/2019\/12\/stille-logo-800.jpg","width":562,"height":314,"caption":"Stille AB"},"image":{"@id":"https:\/\/www.stille.se\/se\/#logo"}},{"@type":"WebSite","@id":"https:\/\/www.stille.se\/se\/#website","url":"https:\/\/www.stille.se\/se\/","name":"Stille SE","description":"","publisher":{"@id":"https:\/\/www.stille.se\/se\/#organization"},"potentialAction":[{"@type":"SearchAction","target":{"@type":"EntryPoint","urlTemplate":"https:\/\/www.stille.se\/se\/?s={search_term_string}"},"query-input":"required name=search_term_string"}],"inLanguage":"sv-SE"},{"@type":"WebPage","@id":"https:\/\/www.stille.se\/se\/investerare\/bolagsstyrning\/styrelse\/#webpage","url":"https:\/\/www.stille.se\/se\/investerare\/bolagsstyrning\/styrelse\/","name":"Styrelse - STILLE","isPartOf":{"@id":"https:\/\/www.stille.se\/se\/#website"},"datePublished":"2019-11-22T15:56:18+00:00","dateModified":"2024-03-07T13:16:01+00:00","breadcrumb":{"@id":"https:\/\/www.stille.se\/se\/investerare\/bolagsstyrning\/styrelse\/#breadcrumb"},"inLanguage":"sv-SE","potentialAction":[{"@type":"ReadAction","target":["https:\/\/www.stille.se\/se\/investerare\/bolagsstyrning\/styrelse\/"]}]},{"@type":"BreadcrumbList","@id":"https:\/\/www.stille.se\/se\/investerare\/bolagsstyrning\/styrelse\/#breadcrumb","itemListElement":[{"@type":"ListItem","position":1,"name":"Hem","item":"https:\/\/www.stille.se\/se\/"},{"@type":"ListItem","position":2,"name":"Investerare","item":"https:\/\/www.stille.se\/se\/?page_id=1107"},{"@type":"ListItem","position":3,"name":"Bolagsstyrning","item":"https:\/\/www.stille.se\/se\/investerare\/bolagsstyrning\/"},{"@type":"ListItem","position":4,"name":"Styrelse"}]}]}},"_links":{"self":[{"href":"https:\/\/www.stille.se\/se\/wp-json\/wp\/v2\/pages\/1170"}],"collection":[{"href":"https:\/\/www.stille.se\/se\/wp-json\/wp\/v2\/pages"}],"about":[{"href":"https:\/\/www.stille.se\/se\/wp-json\/wp\/v2\/types\/page"}],"author":[{"embeddable":true,"href":"https:\/\/www.stille.se\/se\/wp-json\/wp\/v2\/users\/33"}],"replies":[{"embeddable":true,"href":"https:\/\/www.stille.se\/se\/wp-json\/wp\/v2\/comments?post=1170"}],"version-history":[{"count":25,"href":"https:\/\/www.stille.se\/se\/wp-json\/wp\/v2\/pages\/1170\/revisions"}],"predecessor-version":[{"id":47641,"href":"https:\/\/www.stille.se\/se\/wp-json\/wp\/v2\/pages\/1170\/revisions\/47641"}],"up":[{"embeddable":true,"href":"https:\/\/www.stille.se\/se\/wp-json\/wp\/v2\/pages\/1167"}],"wp:attachment":[{"href":"https:\/\/www.stille.se\/se\/wp-json\/wp\/v2\/media?parent=1170"}],"curies":[{"name":"wp","href":"https:\/\/api.w.org\/{rel}","templated":true}]}}