{"id":1173,"date":"2019-11-22T15:56:20","date_gmt":"2019-11-22T15:56:20","guid":{"rendered":"https:\/\/www.stille.se\/se\/513-2__trashed\/verkstallande-ledning\/"},"modified":"2022-10-10T15:19:03","modified_gmt":"2022-10-10T13:19:03","slug":"verkstallande-ledning","status":"publish","type":"page","link":"https:\/\/www.stille.se\/se\/investerare\/bolagsstyrning\/verkstallande-ledning\/","title":{"rendered":"Verkst\u00e4llande ledning"},"content":{"rendered":"<div class=\"wp-block-columns has-2-columns\"><div class=\"wp-block-column list-people\"><p class='wp-block-image'><img width=\"200\" height=\"300\" src=\"https:\/\/www.stille.se\/se\/wp-content\/uploads\/2025\/06\/ulrik-scaled-200x300.jpg\" class=\"attachment-medium size-medium wp-post-image\" alt=\"\" loading=\"lazy\" srcset=\"https:\/\/www.stille.se\/se\/wp-content\/uploads\/2025\/06\/ulrik-scaled-200x300.jpg 200w, https:\/\/www.stille.se\/se\/wp-content\/uploads\/2025\/06\/ulrik-scaled-683x1024.jpg 683w, https:\/\/www.stille.se\/se\/wp-content\/uploads\/2025\/06\/ulrik-scaled-768x1152.jpg 768w, https:\/\/www.stille.se\/se\/wp-content\/uploads\/2025\/06\/ulrik-scaled-1024x1536.jpg 1024w, https:\/\/www.stille.se\/se\/wp-content\/uploads\/2025\/06\/ulrik-scaled-1366x2048.jpg 1366w, https:\/\/www.stille.se\/se\/wp-content\/uploads\/2025\/06\/ulrik-scaled-600x900.jpg 600w, https:\/\/www.stille.se\/se\/wp-content\/uploads\/2025\/06\/ulrik-scaled.jpg 1707w\" sizes=\"(max-width: 200px) 100vw, 200px\" \/><\/p><h4>Ulrik Berthelsen<\/h4><div class='person'><p class=\"\"><strong>F\u00f6dd<\/strong><br\/> 1978<\/p><\/div><div class='person'><p class=\"\"><strong>Anst\u00e4lld sedan<\/strong><br\/> 2025<\/p><\/div><div class='person'><p class=\"\"><strong>Roll<\/strong><br\/> VD &amp; Koncernchef<\/p><\/div><div class='person'><p class=\"\"><strong>Aktieinnehav<\/strong><br\/> 17'828<\/p><\/div><div class='person'><p class=\"\"><strong>Tidigare erfarenhet<\/strong><br\/> 20 \u00e5rs erfarenhet inom den medicintekniska industrin fr\u00e4mst fr\u00e5n Coloplast och Atos Medical. Tidigare roller inkluderar: VD XO CARE A\/S, Chief Commercialization &amp; Innovation Officer Atos Medical AB; Senior Vice President - Sales, Atos Medical AB; Vice President &amp; General Manager, Coloplast UK &amp; Ireland; Vice President &amp; General Manager, Coloplast Italy; Director of Master Dealer Sales och andra kommersiella ledande befattning p\u00e5 Coloplast US och Coloplast A\/S, Associate at McKinsey &amp; Co.<\/p><\/div><\/div><div class=\"wp-block-column list-people\"><p class='wp-block-image'><img width=\"194\" height=\"292\" src=\"https:\/\/www.stille.se\/se\/wp-content\/uploads\/2022\/01\/niklas.png\" class=\"attachment-medium size-medium wp-post-image\" alt=\"\" loading=\"lazy\" \/><\/p><h4>Niklas Tyr\u00e9n<\/h4><div class='person'><p class=\"\"><strong>F\u00f6dd<\/strong><br\/> 1972<\/p><\/div><div class='person'><p class=\"\"><strong>Anst\u00e4lld sedan<\/strong><br\/> 2025<\/p><\/div><div class='person'><p class=\"\"><strong>Roll<\/strong><br\/> Chief Financial Officer<\/p><\/div><div class='person'><p class=\"\"><strong>Aktieinnehav<\/strong><br\/> 0<\/p><\/div><div class='person'><p class=\"\"><strong>Tidigare erfarenhet<\/strong><br\/> Omfattande erfarenhet fr\u00e5n olika seniora strategiska finansroller i b\u00f6rsnoterade, private equity\u2011\u00e4gda och familje\u00e4gda f\u00f6retag inom MedTech, FMCG och detaljhandel. Exempel inkluderar koncern-CFO f\u00f6r Kjell Group, interim-CFO p\u00e5 Barry Callebaut Beverages samt seniora finanspositioner p\u00e5 Findus, Heinz Nordic, Gambro och Unilever.<\/p><\/div><\/div><\/div><div class=\"wp-block-columns has-2-columns\"><div class=\"wp-block-column list-people\"><p class='wp-block-image'><img width=\"201\" height=\"300\" src=\"https:\/\/www.stille.se\/se\/wp-content\/uploads\/2026\/01\/tm_martin-17-1-201x300.jpg\" class=\"attachment-medium size-medium wp-post-image\" alt=\"\" loading=\"lazy\" srcset=\"https:\/\/www.stille.se\/se\/wp-content\/uploads\/2026\/01\/tm_martin-17-1-201x300.jpg 201w, https:\/\/www.stille.se\/se\/wp-content\/uploads\/2026\/01\/tm_martin-17-1.jpg 523w\" sizes=\"(max-width: 201px) 100vw, 201px\" \/><\/p><h4>Martin Richardson<\/h4><div class='person'><p class=\"\"><strong>F\u00f6dd<\/strong><br\/> 1975<\/p><\/div><div class='person'><p class=\"\"><strong>Anst\u00e4lld sedan<\/strong><br\/> 2026<\/p><\/div><div class='person'><p class=\"\"><strong>Roll<\/strong><br\/> Chief Operations Officer<\/p><\/div><div class='person'><p class=\"\"><strong>Aktieinnehav<\/strong><br\/> 0<\/p><\/div><div class='person'><p class=\"\"><strong>Tidigare erfarenhet<\/strong><br\/> Mer \u00e4n 20 \u00e5rs erfarenhet inom Operations och MedTech f\u00f6r b\u00e5de b\u00f6rsnoterade och private equity-\u00e4gda bolag, s\u00e5som Gambro, Baxter, Atos Medical och Coloplast. Har haft ledande roller inom Supply Chain, Produktion och \u00f6vergripande Operations som SVP Operations f\u00f6r Atos Medical och VP International Manufacturing CN, DE and SE f\u00f6r Coloplast A\/S.<\/p><\/div><\/div><div class='wp-block-column list-people'><\/div><\/div>\n","protected":false},"excerpt":{"rendered":"","protected":false},"author":33,"featured_media":0,"parent":1167,"menu_order":0,"comment_status":"open","ping_status":"open","template":"","meta":[],"acf":[],"yoast_head":"<!-- This site is optimized with the Yoast SEO plugin v17.9 - https:\/\/yoast.com\/wordpress\/plugins\/seo\/ -->\n<title>Verkst\u00e4llande ledning - STILLE<\/title>\n<meta name=\"robots\" content=\"index, follow, max-snippet:-1, max-image-preview:large, max-video-preview:-1\" \/>\n<link rel=\"canonical\" href=\"https:\/\/www.stille.se\/se\/investerare\/bolagsstyrning\/verkstallande-ledning\/\" \/>\n<meta property=\"og:locale\" content=\"sv_SE\" \/>\n<meta property=\"og:type\" content=\"article\" \/>\n<meta property=\"og:title\" content=\"Verkst\u00e4llande ledning - STILLE\" \/>\n<meta property=\"og:url\" content=\"https:\/\/www.stille.se\/se\/investerare\/bolagsstyrning\/verkstallande-ledning\/\" \/>\n<meta property=\"og:site_name\" content=\"Stille SE\" \/>\n<meta property=\"article:publisher\" content=\"https:\/\/www.facebook.com\/stilleab\/\" \/>\n<meta property=\"article:modified_time\" content=\"2022-10-10T13:19:03+00:00\" \/>\n<meta property=\"og:image\" content=\"https:\/\/www.stille.se\/se\/wp-content\/uploads\/2019\/12\/stille-logo-800.jpg\" \/>\n\t<meta property=\"og:image:width\" content=\"562\" \/>\n\t<meta property=\"og:image:height\" content=\"314\" \/>\n\t<meta property=\"og:image:type\" content=\"image\/jpeg\" \/>\n<meta name=\"twitter:card\" content=\"summary_large_image\" \/>\n<meta name=\"twitter:label1\" content=\"Ber\u00e4knad l\u00e4stid\" \/>\n\t<meta name=\"twitter:data1\" content=\"1 minut\" \/>\n<script type=\"application\/ld+json\" class=\"yoast-schema-graph\">{\"@context\":\"https:\/\/schema.org\",\"@graph\":[{\"@type\":\"Organization\",\"@id\":\"https:\/\/www.stille.se\/se\/#organization\",\"name\":\"Stille AB\",\"url\":\"https:\/\/www.stille.se\/se\/\",\"sameAs\":[\"https:\/\/www.facebook.com\/stilleab\/\",\"https:\/\/www.linkedin.com\/company\/stille-ab\/\",\"https:\/\/www.youtube.com\/channel\/UCpxmVroiwKKSXWe3ZCOrSqw\"],\"logo\":{\"@type\":\"ImageObject\",\"@id\":\"https:\/\/www.stille.se\/se\/#logo\",\"inLanguage\":\"sv-SE\",\"url\":\"https:\/\/www.stille.se\/se\/wp-content\/uploads\/2019\/12\/stille-logo-800.jpg\",\"contentUrl\":\"https:\/\/www.stille.se\/se\/wp-content\/uploads\/2019\/12\/stille-logo-800.jpg\",\"width\":562,\"height\":314,\"caption\":\"Stille AB\"},\"image\":{\"@id\":\"https:\/\/www.stille.se\/se\/#logo\"}},{\"@type\":\"WebSite\",\"@id\":\"https:\/\/www.stille.se\/se\/#website\",\"url\":\"https:\/\/www.stille.se\/se\/\",\"name\":\"Stille SE\",\"description\":\"\",\"publisher\":{\"@id\":\"https:\/\/www.stille.se\/se\/#organization\"},\"potentialAction\":[{\"@type\":\"SearchAction\",\"target\":{\"@type\":\"EntryPoint\",\"urlTemplate\":\"https:\/\/www.stille.se\/se\/?s={search_term_string}\"},\"query-input\":\"required name=search_term_string\"}],\"inLanguage\":\"sv-SE\"},{\"@type\":\"WebPage\",\"@id\":\"https:\/\/www.stille.se\/se\/investerare\/bolagsstyrning\/verkstallande-ledning\/#webpage\",\"url\":\"https:\/\/www.stille.se\/se\/investerare\/bolagsstyrning\/verkstallande-ledning\/\",\"name\":\"Verkst\\u00e4llande ledning - STILLE\",\"isPartOf\":{\"@id\":\"https:\/\/www.stille.se\/se\/#website\"},\"datePublished\":\"2019-11-22T15:56:20+00:00\",\"dateModified\":\"2022-10-10T13:19:03+00:00\",\"breadcrumb\":{\"@id\":\"https:\/\/www.stille.se\/se\/investerare\/bolagsstyrning\/verkstallande-ledning\/#breadcrumb\"},\"inLanguage\":\"sv-SE\",\"potentialAction\":[{\"@type\":\"ReadAction\",\"target\":[\"https:\/\/www.stille.se\/se\/investerare\/bolagsstyrning\/verkstallande-ledning\/\"]}]},{\"@type\":\"BreadcrumbList\",\"@id\":\"https:\/\/www.stille.se\/se\/investerare\/bolagsstyrning\/verkstallande-ledning\/#breadcrumb\",\"itemListElement\":[{\"@type\":\"ListItem\",\"position\":1,\"name\":\"Hem\",\"item\":\"https:\/\/www.stille.se\/se\/\"},{\"@type\":\"ListItem\",\"position\":2,\"name\":\"Investerare\",\"item\":\"https:\/\/www.stille.se\/se\/?page_id=1107\"},{\"@type\":\"ListItem\",\"position\":3,\"name\":\"Bolagsstyrning\",\"item\":\"https:\/\/www.stille.se\/se\/investerare\/bolagsstyrning\/\"},{\"@type\":\"ListItem\",\"position\":4,\"name\":\"Verkst\\u00e4llande ledning\"}]}]}<\/script>\n<!-- \/ Yoast SEO plugin. -->","yoast_head_json":{"title":"Verkst\u00e4llande ledning - STILLE","robots":{"index":"index","follow":"follow","max-snippet":"max-snippet:-1","max-image-preview":"max-image-preview:large","max-video-preview":"max-video-preview:-1"},"canonical":"https:\/\/www.stille.se\/se\/investerare\/bolagsstyrning\/verkstallande-ledning\/","og_locale":"sv_SE","og_type":"article","og_title":"Verkst\u00e4llande ledning - STILLE","og_url":"https:\/\/www.stille.se\/se\/investerare\/bolagsstyrning\/verkstallande-ledning\/","og_site_name":"Stille SE","article_publisher":"https:\/\/www.facebook.com\/stilleab\/","article_modified_time":"2022-10-10T13:19:03+00:00","og_image":[{"width":562,"height":314,"url":"https:\/\/www.stille.se\/se\/wp-content\/uploads\/2019\/12\/stille-logo-800.jpg","type":"image\/jpeg"}],"twitter_card":"summary_large_image","twitter_misc":{"Ber\u00e4knad l\u00e4stid":"1 minut"},"schema":{"@context":"https:\/\/schema.org","@graph":[{"@type":"Organization","@id":"https:\/\/www.stille.se\/se\/#organization","name":"Stille AB","url":"https:\/\/www.stille.se\/se\/","sameAs":["https:\/\/www.facebook.com\/stilleab\/","https:\/\/www.linkedin.com\/company\/stille-ab\/","https:\/\/www.youtube.com\/channel\/UCpxmVroiwKKSXWe3ZCOrSqw"],"logo":{"@type":"ImageObject","@id":"https:\/\/www.stille.se\/se\/#logo","inLanguage":"sv-SE","url":"https:\/\/www.stille.se\/se\/wp-content\/uploads\/2019\/12\/stille-logo-800.jpg","contentUrl":"https:\/\/www.stille.se\/se\/wp-content\/uploads\/2019\/12\/stille-logo-800.jpg","width":562,"height":314,"caption":"Stille AB"},"image":{"@id":"https:\/\/www.stille.se\/se\/#logo"}},{"@type":"WebSite","@id":"https:\/\/www.stille.se\/se\/#website","url":"https:\/\/www.stille.se\/se\/","name":"Stille SE","description":"","publisher":{"@id":"https:\/\/www.stille.se\/se\/#organization"},"potentialAction":[{"@type":"SearchAction","target":{"@type":"EntryPoint","urlTemplate":"https:\/\/www.stille.se\/se\/?s={search_term_string}"},"query-input":"required name=search_term_string"}],"inLanguage":"sv-SE"},{"@type":"WebPage","@id":"https:\/\/www.stille.se\/se\/investerare\/bolagsstyrning\/verkstallande-ledning\/#webpage","url":"https:\/\/www.stille.se\/se\/investerare\/bolagsstyrning\/verkstallande-ledning\/","name":"Verkst\u00e4llande ledning - STILLE","isPartOf":{"@id":"https:\/\/www.stille.se\/se\/#website"},"datePublished":"2019-11-22T15:56:20+00:00","dateModified":"2022-10-10T13:19:03+00:00","breadcrumb":{"@id":"https:\/\/www.stille.se\/se\/investerare\/bolagsstyrning\/verkstallande-ledning\/#breadcrumb"},"inLanguage":"sv-SE","potentialAction":[{"@type":"ReadAction","target":["https:\/\/www.stille.se\/se\/investerare\/bolagsstyrning\/verkstallande-ledning\/"]}]},{"@type":"BreadcrumbList","@id":"https:\/\/www.stille.se\/se\/investerare\/bolagsstyrning\/verkstallande-ledning\/#breadcrumb","itemListElement":[{"@type":"ListItem","position":1,"name":"Hem","item":"https:\/\/www.stille.se\/se\/"},{"@type":"ListItem","position":2,"name":"Investerare","item":"https:\/\/www.stille.se\/se\/?page_id=1107"},{"@type":"ListItem","position":3,"name":"Bolagsstyrning","item":"https:\/\/www.stille.se\/se\/investerare\/bolagsstyrning\/"},{"@type":"ListItem","position":4,"name":"Verkst\u00e4llande ledning"}]}]}},"_links":{"self":[{"href":"https:\/\/www.stille.se\/se\/wp-json\/wp\/v2\/pages\/1173"}],"collection":[{"href":"https:\/\/www.stille.se\/se\/wp-json\/wp\/v2\/pages"}],"about":[{"href":"https:\/\/www.stille.se\/se\/wp-json\/wp\/v2\/types\/page"}],"author":[{"embeddable":true,"href":"https:\/\/www.stille.se\/se\/wp-json\/wp\/v2\/users\/33"}],"replies":[{"embeddable":true,"href":"https:\/\/www.stille.se\/se\/wp-json\/wp\/v2\/comments?post=1173"}],"version-history":[{"count":19,"href":"https:\/\/www.stille.se\/se\/wp-json\/wp\/v2\/pages\/1173\/revisions"}],"predecessor-version":[{"id":45963,"href":"https:\/\/www.stille.se\/se\/wp-json\/wp\/v2\/pages\/1173\/revisions\/45963"}],"up":[{"embeddable":true,"href":"https:\/\/www.stille.se\/se\/wp-json\/wp\/v2\/pages\/1167"}],"wp:attachment":[{"href":"https:\/\/www.stille.se\/se\/wp-json\/wp\/v2\/media?parent=1173"}],"curies":[{"name":"wp","href":"https:\/\/api.w.org\/{rel}","templated":true}]}}