{"id":1176,"date":"2019-11-22T15:56:21","date_gmt":"2019-11-22T15:56:21","guid":{"rendered":"https:\/\/www.stille.se\/se\/513-2__trashed\/valberedning\/"},"modified":"2024-03-05T18:36:08","modified_gmt":"2024-03-05T17:36:08","slug":"valberedning","status":"publish","type":"page","link":"https:\/\/www.stille.se\/se\/investerare\/bolagsstyrning\/valberedning\/","title":{"rendered":"Valberedning"},"content":{"rendered":"\n<h1>Valberedning<\/h1>\n\n\n\n<p>Valberedningen skall best\u00e5 av tre ledam\u00f6ter, vilka skall representera de tre aktie\u00e4gare med h\u00f6gst antal aktier som \u00e4r villiga att ing\u00e5 i valberedningen, samt styrelsens ordf\u00f6rande. Valberedningen skall utses under fj\u00e4rde kvartalet p\u00e5 basis av aktieinnehavet vid utg\u00e5ngen av det tredje kvartalet. Valberedningens uppgifter skall vara att l\u00e4mna f\u00f6rslag till bolagsst\u00e4mman avseende val av styrelse och styrelseordf\u00f6rande, i f\u00f6rekommande fall val av revisor, arvode till styrelse och revisor, f\u00f6rslag avseende ordf\u00f6rande vid bolagsst\u00e4mma, samt f\u00f6rslag till hur valberedning skall utses.<\/p>\n\n\n\n<p><\/p>\n\n\n\n<p><\/p>\n","protected":false},"excerpt":{"rendered":"<p>Valberedning Valberedningen skall best\u00e5 av tre ledam\u00f6ter, vilka skall representera de tre aktie\u00e4gare med h\u00f6gst antal aktier som \u00e4r villiga att ing\u00e5 i valberedningen, samt styrelsens ordf\u00f6rande. Valberedningen skall utses under fj\u00e4rde kvartalet p\u00e5 basis av aktieinnehavet vid utg\u00e5ngen av det tredje kvartalet. Valberedningens uppgifter skall vara att l\u00e4mna f\u00f6rslag till bolagsst\u00e4mman avseende val av&#8230;<\/p>\n","protected":false},"author":33,"featured_media":0,"parent":1167,"menu_order":0,"comment_status":"open","ping_status":"open","template":"","meta":[],"acf":[],"yoast_head":"<!-- This site is optimized with the Yoast SEO plugin v17.9 - https:\/\/yoast.com\/wordpress\/plugins\/seo\/ -->\n<title>Valberedning - STILLE<\/title>\n<meta name=\"robots\" content=\"index, follow, max-snippet:-1, max-image-preview:large, max-video-preview:-1\" \/>\n<link rel=\"canonical\" href=\"https:\/\/www.stille.se\/se\/investerare\/bolagsstyrning\/valberedning\/\" \/>\n<meta property=\"og:locale\" content=\"sv_SE\" \/>\n<meta property=\"og:type\" content=\"article\" \/>\n<meta property=\"og:title\" content=\"Valberedning - STILLE\" \/>\n<meta property=\"og:description\" content=\"Valberedning Valberedningen skall best\u00e5 av tre ledam\u00f6ter, vilka skall representera de tre aktie\u00e4gare med h\u00f6gst antal aktier som \u00e4r villiga att ing\u00e5 i valberedningen, samt styrelsens ordf\u00f6rande. Valberedningen skall utses under fj\u00e4rde kvartalet p\u00e5 basis av aktieinnehavet vid utg\u00e5ngen av det tredje kvartalet. Valberedningens uppgifter skall vara att l\u00e4mna f\u00f6rslag till bolagsst\u00e4mman avseende val av...\" \/>\n<meta property=\"og:url\" content=\"https:\/\/www.stille.se\/se\/investerare\/bolagsstyrning\/valberedning\/\" \/>\n<meta property=\"og:site_name\" content=\"Stille SE\" \/>\n<meta property=\"article:publisher\" content=\"https:\/\/www.facebook.com\/stilleab\/\" \/>\n<meta property=\"article:modified_time\" content=\"2024-03-05T17:36:08+00:00\" \/>\n<meta property=\"og:image\" content=\"https:\/\/www.stille.se\/se\/wp-content\/uploads\/2019\/12\/stille-logo-800.jpg\" \/>\n\t<meta property=\"og:image:width\" content=\"562\" \/>\n\t<meta property=\"og:image:height\" content=\"314\" \/>\n\t<meta property=\"og:image:type\" content=\"image\/jpeg\" \/>\n<meta name=\"twitter:card\" content=\"summary_large_image\" \/>\n<meta name=\"twitter:label1\" content=\"Ber\u00e4knad l\u00e4stid\" \/>\n\t<meta name=\"twitter:data1\" content=\"1 minut\" \/>\n<script type=\"application\/ld+json\" class=\"yoast-schema-graph\">{\"@context\":\"https:\/\/schema.org\",\"@graph\":[{\"@type\":\"Organization\",\"@id\":\"https:\/\/www.stille.se\/se\/#organization\",\"name\":\"Stille AB\",\"url\":\"https:\/\/www.stille.se\/se\/\",\"sameAs\":[\"https:\/\/www.facebook.com\/stilleab\/\",\"https:\/\/www.linkedin.com\/company\/stille-ab\/\",\"https:\/\/www.youtube.com\/channel\/UCpxmVroiwKKSXWe3ZCOrSqw\"],\"logo\":{\"@type\":\"ImageObject\",\"@id\":\"https:\/\/www.stille.se\/se\/#logo\",\"inLanguage\":\"sv-SE\",\"url\":\"https:\/\/www.stille.se\/se\/wp-content\/uploads\/2019\/12\/stille-logo-800.jpg\",\"contentUrl\":\"https:\/\/www.stille.se\/se\/wp-content\/uploads\/2019\/12\/stille-logo-800.jpg\",\"width\":562,\"height\":314,\"caption\":\"Stille AB\"},\"image\":{\"@id\":\"https:\/\/www.stille.se\/se\/#logo\"}},{\"@type\":\"WebSite\",\"@id\":\"https:\/\/www.stille.se\/se\/#website\",\"url\":\"https:\/\/www.stille.se\/se\/\",\"name\":\"Stille SE\",\"description\":\"\",\"publisher\":{\"@id\":\"https:\/\/www.stille.se\/se\/#organization\"},\"potentialAction\":[{\"@type\":\"SearchAction\",\"target\":{\"@type\":\"EntryPoint\",\"urlTemplate\":\"https:\/\/www.stille.se\/se\/?s={search_term_string}\"},\"query-input\":\"required name=search_term_string\"}],\"inLanguage\":\"sv-SE\"},{\"@type\":\"WebPage\",\"@id\":\"https:\/\/www.stille.se\/se\/investerare\/bolagsstyrning\/valberedning\/#webpage\",\"url\":\"https:\/\/www.stille.se\/se\/investerare\/bolagsstyrning\/valberedning\/\",\"name\":\"Valberedning - STILLE\",\"isPartOf\":{\"@id\":\"https:\/\/www.stille.se\/se\/#website\"},\"datePublished\":\"2019-11-22T15:56:21+00:00\",\"dateModified\":\"2024-03-05T17:36:08+00:00\",\"breadcrumb\":{\"@id\":\"https:\/\/www.stille.se\/se\/investerare\/bolagsstyrning\/valberedning\/#breadcrumb\"},\"inLanguage\":\"sv-SE\",\"potentialAction\":[{\"@type\":\"ReadAction\",\"target\":[\"https:\/\/www.stille.se\/se\/investerare\/bolagsstyrning\/valberedning\/\"]}]},{\"@type\":\"BreadcrumbList\",\"@id\":\"https:\/\/www.stille.se\/se\/investerare\/bolagsstyrning\/valberedning\/#breadcrumb\",\"itemListElement\":[{\"@type\":\"ListItem\",\"position\":1,\"name\":\"Hem\",\"item\":\"https:\/\/www.stille.se\/se\/\"},{\"@type\":\"ListItem\",\"position\":2,\"name\":\"Investerare\",\"item\":\"https:\/\/www.stille.se\/se\/?page_id=1107\"},{\"@type\":\"ListItem\",\"position\":3,\"name\":\"Bolagsstyrning\",\"item\":\"https:\/\/www.stille.se\/se\/investerare\/bolagsstyrning\/\"},{\"@type\":\"ListItem\",\"position\":4,\"name\":\"Valberedning\"}]}]}<\/script>\n<!-- \/ Yoast SEO plugin. -->","yoast_head_json":{"title":"Valberedning - STILLE","robots":{"index":"index","follow":"follow","max-snippet":"max-snippet:-1","max-image-preview":"max-image-preview:large","max-video-preview":"max-video-preview:-1"},"canonical":"https:\/\/www.stille.se\/se\/investerare\/bolagsstyrning\/valberedning\/","og_locale":"sv_SE","og_type":"article","og_title":"Valberedning - STILLE","og_description":"Valberedning Valberedningen skall best\u00e5 av tre ledam\u00f6ter, vilka skall representera de tre aktie\u00e4gare med h\u00f6gst antal aktier som \u00e4r villiga att ing\u00e5 i valberedningen, samt styrelsens ordf\u00f6rande. Valberedningen skall utses under fj\u00e4rde kvartalet p\u00e5 basis av aktieinnehavet vid utg\u00e5ngen av det tredje kvartalet. Valberedningens uppgifter skall vara att l\u00e4mna f\u00f6rslag till bolagsst\u00e4mman avseende val av...","og_url":"https:\/\/www.stille.se\/se\/investerare\/bolagsstyrning\/valberedning\/","og_site_name":"Stille SE","article_publisher":"https:\/\/www.facebook.com\/stilleab\/","article_modified_time":"2024-03-05T17:36:08+00:00","og_image":[{"width":562,"height":314,"url":"https:\/\/www.stille.se\/se\/wp-content\/uploads\/2019\/12\/stille-logo-800.jpg","type":"image\/jpeg"}],"twitter_card":"summary_large_image","twitter_misc":{"Ber\u00e4knad l\u00e4stid":"1 minut"},"schema":{"@context":"https:\/\/schema.org","@graph":[{"@type":"Organization","@id":"https:\/\/www.stille.se\/se\/#organization","name":"Stille AB","url":"https:\/\/www.stille.se\/se\/","sameAs":["https:\/\/www.facebook.com\/stilleab\/","https:\/\/www.linkedin.com\/company\/stille-ab\/","https:\/\/www.youtube.com\/channel\/UCpxmVroiwKKSXWe3ZCOrSqw"],"logo":{"@type":"ImageObject","@id":"https:\/\/www.stille.se\/se\/#logo","inLanguage":"sv-SE","url":"https:\/\/www.stille.se\/se\/wp-content\/uploads\/2019\/12\/stille-logo-800.jpg","contentUrl":"https:\/\/www.stille.se\/se\/wp-content\/uploads\/2019\/12\/stille-logo-800.jpg","width":562,"height":314,"caption":"Stille AB"},"image":{"@id":"https:\/\/www.stille.se\/se\/#logo"}},{"@type":"WebSite","@id":"https:\/\/www.stille.se\/se\/#website","url":"https:\/\/www.stille.se\/se\/","name":"Stille SE","description":"","publisher":{"@id":"https:\/\/www.stille.se\/se\/#organization"},"potentialAction":[{"@type":"SearchAction","target":{"@type":"EntryPoint","urlTemplate":"https:\/\/www.stille.se\/se\/?s={search_term_string}"},"query-input":"required name=search_term_string"}],"inLanguage":"sv-SE"},{"@type":"WebPage","@id":"https:\/\/www.stille.se\/se\/investerare\/bolagsstyrning\/valberedning\/#webpage","url":"https:\/\/www.stille.se\/se\/investerare\/bolagsstyrning\/valberedning\/","name":"Valberedning - STILLE","isPartOf":{"@id":"https:\/\/www.stille.se\/se\/#website"},"datePublished":"2019-11-22T15:56:21+00:00","dateModified":"2024-03-05T17:36:08+00:00","breadcrumb":{"@id":"https:\/\/www.stille.se\/se\/investerare\/bolagsstyrning\/valberedning\/#breadcrumb"},"inLanguage":"sv-SE","potentialAction":[{"@type":"ReadAction","target":["https:\/\/www.stille.se\/se\/investerare\/bolagsstyrning\/valberedning\/"]}]},{"@type":"BreadcrumbList","@id":"https:\/\/www.stille.se\/se\/investerare\/bolagsstyrning\/valberedning\/#breadcrumb","itemListElement":[{"@type":"ListItem","position":1,"name":"Hem","item":"https:\/\/www.stille.se\/se\/"},{"@type":"ListItem","position":2,"name":"Investerare","item":"https:\/\/www.stille.se\/se\/?page_id=1107"},{"@type":"ListItem","position":3,"name":"Bolagsstyrning","item":"https:\/\/www.stille.se\/se\/investerare\/bolagsstyrning\/"},{"@type":"ListItem","position":4,"name":"Valberedning"}]}]}},"_links":{"self":[{"href":"https:\/\/www.stille.se\/se\/wp-json\/wp\/v2\/pages\/1176"}],"collection":[{"href":"https:\/\/www.stille.se\/se\/wp-json\/wp\/v2\/pages"}],"about":[{"href":"https:\/\/www.stille.se\/se\/wp-json\/wp\/v2\/types\/page"}],"author":[{"embeddable":true,"href":"https:\/\/www.stille.se\/se\/wp-json\/wp\/v2\/users\/33"}],"replies":[{"embeddable":true,"href":"https:\/\/www.stille.se\/se\/wp-json\/wp\/v2\/comments?post=1176"}],"version-history":[{"count":17,"href":"https:\/\/www.stille.se\/se\/wp-json\/wp\/v2\/pages\/1176\/revisions"}],"predecessor-version":[{"id":47942,"href":"https:\/\/www.stille.se\/se\/wp-json\/wp\/v2\/pages\/1176\/revisions\/47942"}],"up":[{"embeddable":true,"href":"https:\/\/www.stille.se\/se\/wp-json\/wp\/v2\/pages\/1167"}],"wp:attachment":[{"href":"https:\/\/www.stille.se\/se\/wp-json\/wp\/v2\/media?parent=1176"}],"curies":[{"name":"wp","href":"https:\/\/api.w.org\/{rel}","templated":true}]}}