{"id":1179,"date":"2019-11-22T15:56:22","date_gmt":"2019-11-22T15:56:22","guid":{"rendered":"https:\/\/www.stille.se\/se\/513-2__trashed\/revisorer\/"},"modified":"2022-10-10T15:15:39","modified_gmt":"2022-10-10T13:15:39","slug":"revisorer","status":"publish","type":"page","link":"https:\/\/www.stille.se\/se\/investerare\/bolagsstyrning\/revisorer\/","title":{"rendered":"Revisorer"},"content":{"rendered":"<h1>Revisorer<\/h1>\n<p class=\"preamble\"><strong>Revisorer v\u00e4ljs av \u00e5rsst\u00e4mman f\u00f6r en mandatperiod om ett \u00e5r. R\u00e5dek AB valdes till revisor vid den senaste \u00e5rsst\u00e4mman. Huvudansvarig \u00e4r auktoriserad revisor, Johan Rudengren.<\/strong><\/p>\n<p>Revisorerna arbetar efter en revisionsplan och rapporterar fortl\u00f6pande sina iakttagelser till styrelsen, dels under revisionens g\u00e5ng, dels i samband med att \u00e5rsredovisningen fastst\u00e4lls.<\/p>\n<p>Revisorerna granskar en del\u00e5rsrapport samt \u00e5rsbokslutet f\u00f6r att bed\u00f6ma dess riktighet, fullst\u00e4ndighet och redovisningens \u00f6verensst\u00e4mmelse med god redovisningssed och redovisningsprinciper. Huvudansvarig revisor deltar vid \u00e5rsst\u00e4mman och beskriver revisionsarbetet och observationer.<\/p>\n","protected":false},"excerpt":{"rendered":"<p>Revisorer Revisorer v\u00e4ljs av \u00e5rsst\u00e4mman f\u00f6r en mandatperiod om ett \u00e5r. R\u00e5dek AB valdes till revisor vid den senaste \u00e5rsst\u00e4mman. Huvudansvarig \u00e4r auktoriserad revisor, Johan Rudengren. Revisorerna arbetar efter en revisionsplan och rapporterar fortl\u00f6pande sina iakttagelser till styrelsen, dels under revisionens g\u00e5ng, dels i samband med att \u00e5rsredovisningen fastst\u00e4lls. Revisorerna granskar en del\u00e5rsrapport samt \u00e5rsbokslutet&#8230;<\/p>\n","protected":false},"author":33,"featured_media":0,"parent":1167,"menu_order":0,"comment_status":"open","ping_status":"open","template":"","meta":[],"acf":[],"yoast_head":"<!-- This site is optimized with the Yoast SEO plugin v17.9 - https:\/\/yoast.com\/wordpress\/plugins\/seo\/ -->\n<title>Revisorer - STILLE<\/title>\n<meta name=\"robots\" content=\"index, follow, max-snippet:-1, max-image-preview:large, max-video-preview:-1\" \/>\n<link rel=\"canonical\" href=\"https:\/\/www.stille.se\/se\/investerare\/bolagsstyrning\/revisorer\/\" \/>\n<meta property=\"og:locale\" content=\"sv_SE\" \/>\n<meta property=\"og:type\" content=\"article\" \/>\n<meta property=\"og:title\" content=\"Revisorer - STILLE\" \/>\n<meta property=\"og:description\" content=\"Revisorer Revisorer v\u00e4ljs av \u00e5rsst\u00e4mman f\u00f6r en mandatperiod om ett \u00e5r. R\u00e5dek AB valdes till revisor vid den senaste \u00e5rsst\u00e4mman. Huvudansvarig \u00e4r auktoriserad revisor, Johan Rudengren. Revisorerna arbetar efter en revisionsplan och rapporterar fortl\u00f6pande sina iakttagelser till styrelsen, dels under revisionens g\u00e5ng, dels i samband med att \u00e5rsredovisningen fastst\u00e4lls. Revisorerna granskar en del\u00e5rsrapport samt \u00e5rsbokslutet...\" \/>\n<meta property=\"og:url\" content=\"https:\/\/www.stille.se\/se\/investerare\/bolagsstyrning\/revisorer\/\" \/>\n<meta property=\"og:site_name\" content=\"Stille SE\" \/>\n<meta property=\"article:publisher\" content=\"https:\/\/www.facebook.com\/stilleab\/\" \/>\n<meta property=\"article:modified_time\" content=\"2022-10-10T13:15:39+00:00\" \/>\n<meta property=\"og:image\" content=\"https:\/\/www.stille.se\/se\/wp-content\/uploads\/2019\/12\/stille-logo-800.jpg\" \/>\n\t<meta property=\"og:image:width\" content=\"562\" \/>\n\t<meta property=\"og:image:height\" content=\"314\" \/>\n\t<meta property=\"og:image:type\" content=\"image\/jpeg\" \/>\n<meta name=\"twitter:card\" content=\"summary_large_image\" \/>\n<meta name=\"twitter:label1\" content=\"Ber\u00e4knad l\u00e4stid\" \/>\n\t<meta name=\"twitter:data1\" content=\"1 minut\" \/>\n<script type=\"application\/ld+json\" class=\"yoast-schema-graph\">{\"@context\":\"https:\/\/schema.org\",\"@graph\":[{\"@type\":\"Organization\",\"@id\":\"https:\/\/www.stille.se\/se\/#organization\",\"name\":\"Stille AB\",\"url\":\"https:\/\/www.stille.se\/se\/\",\"sameAs\":[\"https:\/\/www.facebook.com\/stilleab\/\",\"https:\/\/www.linkedin.com\/company\/stille-ab\/\",\"https:\/\/www.youtube.com\/channel\/UCpxmVroiwKKSXWe3ZCOrSqw\"],\"logo\":{\"@type\":\"ImageObject\",\"@id\":\"https:\/\/www.stille.se\/se\/#logo\",\"inLanguage\":\"sv-SE\",\"url\":\"https:\/\/www.stille.se\/se\/wp-content\/uploads\/2019\/12\/stille-logo-800.jpg\",\"contentUrl\":\"https:\/\/www.stille.se\/se\/wp-content\/uploads\/2019\/12\/stille-logo-800.jpg\",\"width\":562,\"height\":314,\"caption\":\"Stille AB\"},\"image\":{\"@id\":\"https:\/\/www.stille.se\/se\/#logo\"}},{\"@type\":\"WebSite\",\"@id\":\"https:\/\/www.stille.se\/se\/#website\",\"url\":\"https:\/\/www.stille.se\/se\/\",\"name\":\"Stille SE\",\"description\":\"\",\"publisher\":{\"@id\":\"https:\/\/www.stille.se\/se\/#organization\"},\"potentialAction\":[{\"@type\":\"SearchAction\",\"target\":{\"@type\":\"EntryPoint\",\"urlTemplate\":\"https:\/\/www.stille.se\/se\/?s={search_term_string}\"},\"query-input\":\"required name=search_term_string\"}],\"inLanguage\":\"sv-SE\"},{\"@type\":\"WebPage\",\"@id\":\"https:\/\/www.stille.se\/se\/investerare\/bolagsstyrning\/revisorer\/#webpage\",\"url\":\"https:\/\/www.stille.se\/se\/investerare\/bolagsstyrning\/revisorer\/\",\"name\":\"Revisorer - STILLE\",\"isPartOf\":{\"@id\":\"https:\/\/www.stille.se\/se\/#website\"},\"datePublished\":\"2019-11-22T15:56:22+00:00\",\"dateModified\":\"2022-10-10T13:15:39+00:00\",\"breadcrumb\":{\"@id\":\"https:\/\/www.stille.se\/se\/investerare\/bolagsstyrning\/revisorer\/#breadcrumb\"},\"inLanguage\":\"sv-SE\",\"potentialAction\":[{\"@type\":\"ReadAction\",\"target\":[\"https:\/\/www.stille.se\/se\/investerare\/bolagsstyrning\/revisorer\/\"]}]},{\"@type\":\"BreadcrumbList\",\"@id\":\"https:\/\/www.stille.se\/se\/investerare\/bolagsstyrning\/revisorer\/#breadcrumb\",\"itemListElement\":[{\"@type\":\"ListItem\",\"position\":1,\"name\":\"Hem\",\"item\":\"https:\/\/www.stille.se\/se\/\"},{\"@type\":\"ListItem\",\"position\":2,\"name\":\"Investerare\",\"item\":\"https:\/\/www.stille.se\/se\/?page_id=1107\"},{\"@type\":\"ListItem\",\"position\":3,\"name\":\"Bolagsstyrning\",\"item\":\"https:\/\/www.stille.se\/se\/investerare\/bolagsstyrning\/\"},{\"@type\":\"ListItem\",\"position\":4,\"name\":\"Revisorer\"}]}]}<\/script>\n<!-- \/ Yoast SEO plugin. -->","yoast_head_json":{"title":"Revisorer - STILLE","robots":{"index":"index","follow":"follow","max-snippet":"max-snippet:-1","max-image-preview":"max-image-preview:large","max-video-preview":"max-video-preview:-1"},"canonical":"https:\/\/www.stille.se\/se\/investerare\/bolagsstyrning\/revisorer\/","og_locale":"sv_SE","og_type":"article","og_title":"Revisorer - STILLE","og_description":"Revisorer Revisorer v\u00e4ljs av \u00e5rsst\u00e4mman f\u00f6r en mandatperiod om ett \u00e5r. R\u00e5dek AB valdes till revisor vid den senaste \u00e5rsst\u00e4mman. Huvudansvarig \u00e4r auktoriserad revisor, Johan Rudengren. Revisorerna arbetar efter en revisionsplan och rapporterar fortl\u00f6pande sina iakttagelser till styrelsen, dels under revisionens g\u00e5ng, dels i samband med att \u00e5rsredovisningen fastst\u00e4lls. Revisorerna granskar en del\u00e5rsrapport samt \u00e5rsbokslutet...","og_url":"https:\/\/www.stille.se\/se\/investerare\/bolagsstyrning\/revisorer\/","og_site_name":"Stille SE","article_publisher":"https:\/\/www.facebook.com\/stilleab\/","article_modified_time":"2022-10-10T13:15:39+00:00","og_image":[{"width":562,"height":314,"url":"https:\/\/www.stille.se\/se\/wp-content\/uploads\/2019\/12\/stille-logo-800.jpg","type":"image\/jpeg"}],"twitter_card":"summary_large_image","twitter_misc":{"Ber\u00e4knad l\u00e4stid":"1 minut"},"schema":{"@context":"https:\/\/schema.org","@graph":[{"@type":"Organization","@id":"https:\/\/www.stille.se\/se\/#organization","name":"Stille AB","url":"https:\/\/www.stille.se\/se\/","sameAs":["https:\/\/www.facebook.com\/stilleab\/","https:\/\/www.linkedin.com\/company\/stille-ab\/","https:\/\/www.youtube.com\/channel\/UCpxmVroiwKKSXWe3ZCOrSqw"],"logo":{"@type":"ImageObject","@id":"https:\/\/www.stille.se\/se\/#logo","inLanguage":"sv-SE","url":"https:\/\/www.stille.se\/se\/wp-content\/uploads\/2019\/12\/stille-logo-800.jpg","contentUrl":"https:\/\/www.stille.se\/se\/wp-content\/uploads\/2019\/12\/stille-logo-800.jpg","width":562,"height":314,"caption":"Stille AB"},"image":{"@id":"https:\/\/www.stille.se\/se\/#logo"}},{"@type":"WebSite","@id":"https:\/\/www.stille.se\/se\/#website","url":"https:\/\/www.stille.se\/se\/","name":"Stille SE","description":"","publisher":{"@id":"https:\/\/www.stille.se\/se\/#organization"},"potentialAction":[{"@type":"SearchAction","target":{"@type":"EntryPoint","urlTemplate":"https:\/\/www.stille.se\/se\/?s={search_term_string}"},"query-input":"required name=search_term_string"}],"inLanguage":"sv-SE"},{"@type":"WebPage","@id":"https:\/\/www.stille.se\/se\/investerare\/bolagsstyrning\/revisorer\/#webpage","url":"https:\/\/www.stille.se\/se\/investerare\/bolagsstyrning\/revisorer\/","name":"Revisorer - STILLE","isPartOf":{"@id":"https:\/\/www.stille.se\/se\/#website"},"datePublished":"2019-11-22T15:56:22+00:00","dateModified":"2022-10-10T13:15:39+00:00","breadcrumb":{"@id":"https:\/\/www.stille.se\/se\/investerare\/bolagsstyrning\/revisorer\/#breadcrumb"},"inLanguage":"sv-SE","potentialAction":[{"@type":"ReadAction","target":["https:\/\/www.stille.se\/se\/investerare\/bolagsstyrning\/revisorer\/"]}]},{"@type":"BreadcrumbList","@id":"https:\/\/www.stille.se\/se\/investerare\/bolagsstyrning\/revisorer\/#breadcrumb","itemListElement":[{"@type":"ListItem","position":1,"name":"Hem","item":"https:\/\/www.stille.se\/se\/"},{"@type":"ListItem","position":2,"name":"Investerare","item":"https:\/\/www.stille.se\/se\/?page_id=1107"},{"@type":"ListItem","position":3,"name":"Bolagsstyrning","item":"https:\/\/www.stille.se\/se\/investerare\/bolagsstyrning\/"},{"@type":"ListItem","position":4,"name":"Revisorer"}]}]}},"_links":{"self":[{"href":"https:\/\/www.stille.se\/se\/wp-json\/wp\/v2\/pages\/1179"}],"collection":[{"href":"https:\/\/www.stille.se\/se\/wp-json\/wp\/v2\/pages"}],"about":[{"href":"https:\/\/www.stille.se\/se\/wp-json\/wp\/v2\/types\/page"}],"author":[{"embeddable":true,"href":"https:\/\/www.stille.se\/se\/wp-json\/wp\/v2\/users\/33"}],"replies":[{"embeddable":true,"href":"https:\/\/www.stille.se\/se\/wp-json\/wp\/v2\/comments?post=1179"}],"version-history":[{"count":10,"href":"https:\/\/www.stille.se\/se\/wp-json\/wp\/v2\/pages\/1179\/revisions"}],"predecessor-version":[{"id":45957,"href":"https:\/\/www.stille.se\/se\/wp-json\/wp\/v2\/pages\/1179\/revisions\/45957"}],"up":[{"embeddable":true,"href":"https:\/\/www.stille.se\/se\/wp-json\/wp\/v2\/pages\/1167"}],"wp:attachment":[{"href":"https:\/\/www.stille.se\/se\/wp-json\/wp\/v2\/media?parent=1179"}],"curies":[{"name":"wp","href":"https:\/\/api.w.org\/{rel}","templated":true}]}}