{"id":1182,"date":"2026-04-01T09:00:00","date_gmt":"2026-04-01T07:00:00","guid":{"rendered":"https:\/\/www.stille.se\/se\/513-2__trashed\/arsstamma\/"},"modified":"2026-04-02T08:49:44","modified_gmt":"2026-04-02T06:49:44","slug":"arsstamma","status":"publish","type":"page","link":"https:\/\/www.stille.se\/se\/investerare\/bolagsstyrning\/arsstamma\/","title":{"rendered":"\u00c5rsst\u00e4mma"},"content":{"rendered":"\n<h1>\u00c5rsst\u00e4mma<\/h1>\n\n\n\n<p class=\"preamble\"><strong>Stilles \u00e5rsst\u00e4mma \u00e4r det h\u00f6gsta beslutsorganet f\u00f6r bolagets aktie\u00e4gare. Aktie\u00e4gare som vill delta och utnyttja sin r\u00f6str\u00e4tt vid Stilles \u00e5rsst\u00e4mma ska dels vara inf\u00f6rda i aktieboken, dels anm\u00e4la sitt deltagande.<\/strong><\/p>\n\n\n\n<p>\u00c5rsst\u00e4mman beslutar om fastst\u00e4llande av resultat och balansr\u00e4kningar, disposition betr\u00e4ffande bolagets resultat, beviljande av ansvarsfrihet f\u00f6r styrelseledam\u00f6terna och verkst\u00e4llande direkt\u00f6ren, arvoden \u00e5t styrelse och revisorer, val av styrelse och revisorer samt \u00f6vrigt f\u00f6rekommande punkter.<\/p>\n\n\n\n<p>Du kan se n\u00e4r n\u00e4sta \u00e5rsst\u00e4mma h\u00e5lls i v\u00e5rt <a href=\"https:\/\/www.stille.se\/se\/investerare\/finansiella-rapporter-nyheter\/finansiell-kalender\/\">finansiella kalendarium.<\/a><\/p>\n\n\n\n<p>Nedan hittar du information om och material fr\u00e5n bolagsst\u00e4mmor.<\/p>\n\n\n\n<div class=\"wp-block-pb-accordion-item c-accordion__item js-accordion-item no-js\" data-initially-open=\"false\" data-click-to-close=\"true\" data-auto-close=\"true\" data-scroll=\"false\" data-scroll-offset=\"0\"><h3 id=\"at-11820\" class=\"c-accordion__title js-accordion-controller\" role=\"button\">Information &amp; Material<\/h3><div id=\"ac-11820\" class=\"c-accordion__content\">\n<div class=\"wp-block-pb-accordion-item c-accordion__item js-accordion-item no-js\" data-initially-open=\"false\" data-click-to-close=\"true\" data-auto-close=\"true\" data-scroll=\"false\" data-scroll-offset=\"0\"><h5 id=\"at-11821\" class=\"c-accordion__title js-accordion-controller\" role=\"button\">2026<\/h5><div id=\"ac-11821\" class=\"c-accordion__content\">\n<div class=\"wp-block-pb-accordion-item c-accordion__item js-accordion-item no-js\" data-initially-open=\"false\" data-click-to-close=\"true\" data-auto-close=\"true\" data-scroll=\"false\" data-scroll-offset=\"0\"><h6 id=\"at-11822\" class=\"c-accordion__title js-accordion-controller\" role=\"button\">Ordinarie bolagsst\u00e4mma<\/h6><div id=\"ac-11822\" class=\"c-accordion__content\">\n<div class=\"wp-block-file\"><a id=\"wp-block-file--media-f518cfe1-8845-4a69-95e0-c50bc6dc3b06\" href=\"https:\/\/www.stille.se\/se\/wp-content\/uploads\/2026\/04\/kallelse-till-ordinarie-bolagsstamma-i-stille-ab.pdf\">Kallelse till ordinarie bolagsst\u00e4mma i Stille AB<\/a><a href=\"https:\/\/www.stille.se\/se\/wp-content\/uploads\/2026\/04\/kallelse-till-ordinarie-bolagsstamma-i-stille-ab.pdf\" class=\"wp-block-file__button\" download aria-describedby=\"wp-block-file--media-f518cfe1-8845-4a69-95e0-c50bc6dc3b06\">Ladda ner<\/a><\/div>\n\n\n\n<div class=\"wp-block-file\"><a id=\"wp-block-file--media-f518cfe1-8845-4a69-95e0-c50bc6dc3b06\" href=\"https:\/\/www.stille.se\/se\/wp-content\/uploads\/2026\/04\/notice-of-annual-general-meeting-in-stille-ab.pdf\">Notice of Annual General Meeting in Stille AB<\/a><a href=\"https:\/\/www.stille.se\/se\/wp-content\/uploads\/2026\/04\/notice-of-annual-general-meeting-in-stille-ab.pdf\" class=\"wp-block-file__button\" download aria-describedby=\"wp-block-file--media-f518cfe1-8845-4a69-95e0-c50bc6dc3b06\">Ladda ner<\/a><\/div>\n\n\n\n<div class=\"wp-block-file\"><a id=\"wp-block-file--media-f518cfe1-8845-4a69-95e0-c50bc6dc3b06\" href=\"https:\/\/www.stille.se\/se\/wp-content\/uploads\/2026\/04\/stille-ab-fullmaktsformular-arsstamma-2026.pdf\">Stille AB fullmaktsformul\u00e4r \u00e5rsst\u00e4mma 2026<\/a><a href=\"https:\/\/www.stille.se\/se\/wp-content\/uploads\/2026\/04\/stille-ab-fullmaktsformular-arsstamma-2026.pdf\" class=\"wp-block-file__button\" download aria-describedby=\"wp-block-file--media-f518cfe1-8845-4a69-95e0-c50bc6dc3b06\">Ladda ner<\/a><\/div>\n\n\n\n<div class=\"wp-block-file\"><a id=\"wp-block-file--media-f518cfe1-8845-4a69-95e0-c50bc6dc3b06\" href=\"https:\/\/www.stille.se\/se\/wp-content\/uploads\/2026\/04\/stille-ab-proxy-form-agm-2026.pdf\">Stille AB Proxy form AGM 2026<\/a><a href=\"https:\/\/www.stille.se\/se\/wp-content\/uploads\/2026\/04\/stille-ab-proxy-form-agm-2026.pdf\" class=\"wp-block-file__button\" download aria-describedby=\"wp-block-file--media-f518cfe1-8845-4a69-95e0-c50bc6dc3b06\">Ladda ner<\/a><\/div>\n<\/div><\/div>\n<\/div><\/div>\n\n\n\n<div class=\"wp-block-pb-accordion-item c-accordion__item js-accordion-item no-js\" data-initially-open=\"false\" data-click-to-close=\"true\" data-auto-close=\"true\" data-scroll=\"false\" data-scroll-offset=\"0\"><h5 id=\"at-11823\" class=\"c-accordion__title js-accordion-controller\" role=\"button\">2025<\/h5><div id=\"ac-11823\" class=\"c-accordion__content\">\n<div class=\"wp-block-pb-accordion-item c-accordion__item js-accordion-item no-js\" data-initially-open=\"false\" data-click-to-close=\"true\" data-auto-close=\"true\" data-scroll=\"false\" data-scroll-offset=\"0\"><h6 id=\"at-11824\" class=\"c-accordion__title js-accordion-controller\" role=\"button\">Ordinarie bolagsst\u00e4mma<\/h6><div id=\"ac-11824\" class=\"c-accordion__content\">\n<div class=\"wp-block-file\"><a id=\"wp-block-file--media-f518cfe1-8845-4a69-95e0-c50bc6dc3b06\" href=\"https:\/\/www.stille.se\/se\/wp-content\/uploads\/2025\/04\/kallelse-till-arsstamma-i-stille-ab.pdf\">Kallelse till ordinarie bolagsst\u00e4mma i Stille AB<\/a><a href=\"https:\/\/www.stille.se\/se\/wp-content\/uploads\/2025\/04\/kallelse-till-arsstamma-i-stille-ab.pdf\" class=\"wp-block-file__button\" download aria-describedby=\"wp-block-file--media-f518cfe1-8845-4a69-95e0-c50bc6dc3b06\">Ladda ner<\/a><\/div>\n\n\n\n<div class=\"wp-block-file\"><a id=\"wp-block-file--media-f518cfe1-8845-4a69-95e0-c50bc6dc3b06\" href=\"https:\/\/www.stille.se\/se\/wp-content\/uploads\/2025\/04\/stille-villkor-fo\u0308r-teckningsoptioner-2025_2028.pdf\">Bilaga &#8211; Villkor fo\u0308r teckningsoptioner 2025-2028<\/a><a href=\"https:\/\/www.stille.se\/se\/wp-content\/uploads\/2025\/04\/stille-villkor-fo\u0308r-teckningsoptioner-2025_2028.pdf\" class=\"wp-block-file__button\" download aria-describedby=\"wp-block-file--media-f518cfe1-8845-4a69-95e0-c50bc6dc3b06\">Ladda ner<\/a><\/div>\n\n\n\n<div class=\"wp-block-file\"><a id=\"wp-block-file--media-f518cfe1-8845-4a69-95e0-c50bc6dc3b06\" href=\"https:\/\/www.stille.se\/se\/wp-content\/uploads\/2025\/04\/stille-ab-fullmaktsformula\u0308r.pdf\">Fullmaktsformul\u00e4r<\/a><a href=\"https:\/\/www.stille.se\/se\/wp-content\/uploads\/2025\/04\/stille-ab-fullmaktsformula\u0308r.pdf\" class=\"wp-block-file__button\" download aria-describedby=\"wp-block-file--media-f518cfe1-8845-4a69-95e0-c50bc6dc3b06\">Ladda ner<\/a><\/div>\n<\/div><\/div>\n<\/div><\/div>\n\n\n\n<div class=\"wp-block-pb-accordion-item c-accordion__item js-accordion-item no-js\" data-initially-open=\"false\" data-click-to-close=\"true\" data-auto-close=\"true\" data-scroll=\"false\" data-scroll-offset=\"0\"><h5 id=\"at-11825\" class=\"c-accordion__title js-accordion-controller\" role=\"button\">2024<\/h5><div id=\"ac-11825\" class=\"c-accordion__content\">\n<div class=\"wp-block-pb-accordion-item c-accordion__item js-accordion-item no-js\" data-initially-open=\"false\" data-click-to-close=\"true\" data-auto-close=\"true\" data-scroll=\"false\" data-scroll-offset=\"0\"><h6 id=\"at-11826\" class=\"c-accordion__title js-accordion-controller\" role=\"button\">Ordinarie bolagsst\u00e4mma<\/h6><div id=\"ac-11826\" class=\"c-accordion__content\">\n<div class=\"wp-block-file\"><a id=\"wp-block-file--media-cecd50f9-da95-408c-b1c1-183b31eefc7a\" href=\"https:\/\/www.stille.se\/se\/wp-content\/uploads\/2024\/05\/stille-ab-protokoll-arssta\u0308mma-2024.pdf\">St\u00e4mmoprotokoll<\/a><a href=\"https:\/\/www.stille.se\/se\/wp-content\/uploads\/2024\/05\/stille-ab-protokoll-arssta\u0308mma-2024.pdf\" class=\"wp-block-file__button\" download aria-describedby=\"wp-block-file--media-cecd50f9-da95-408c-b1c1-183b31eefc7a\">Ladda ner<\/a><\/div>\n\n\n\n<div class=\"wp-block-file\"><a id=\"wp-block-file--media-cecd50f9-da95-408c-b1c1-183b31eefc7a\" href=\"https:\/\/www.stille.se\/se\/wp-content\/uploads\/2024\/04\/240410_se_kallelse-arssta\u0308mma-2024.pdf\">Kallelse till ordinarie Bolagsst\u00e4mma i Stille AB<\/a><a href=\"https:\/\/www.stille.se\/se\/wp-content\/uploads\/2024\/04\/240410_se_kallelse-arssta\u0308mma-2024.pdf\" class=\"wp-block-file__button\" download aria-describedby=\"wp-block-file--media-cecd50f9-da95-408c-b1c1-183b31eefc7a\">Ladda ner<\/a><\/div>\n\n\n\n<div class=\"wp-block-file\"><a id=\"wp-block-file--media-f518cfe1-8845-4a69-95e0-c50bc6dc3b06\" href=\"https:\/\/www.stille.se\/se\/wp-content\/uploads\/2024\/04\/stille-ab-fullmaktsformula\u0308r.pdf\">Fullmaktsformul\u00e4r<\/a><a href=\"https:\/\/www.stille.se\/se\/wp-content\/uploads\/2024\/04\/stille-ab-fullmaktsformula\u0308r.pdf\" class=\"wp-block-file__button\" download aria-describedby=\"wp-block-file--media-f518cfe1-8845-4a69-95e0-c50bc6dc3b06\">Ladda ner<\/a><\/div>\n<\/div><\/div>\n<\/div><\/div>\n\n\n\n<div class=\"wp-block-pb-accordion-item c-accordion__item js-accordion-item no-js\" data-initially-open=\"false\" data-click-to-close=\"true\" data-auto-close=\"true\" data-scroll=\"false\" data-scroll-offset=\"0\"><h5 id=\"at-11827\" class=\"c-accordion__title js-accordion-controller\" role=\"button\">2023<\/h5><div id=\"ac-11827\" class=\"c-accordion__content\">\n<div class=\"wp-block-pb-accordion-item c-accordion__item js-accordion-item no-js\" data-initially-open=\"false\" data-click-to-close=\"true\" data-auto-close=\"true\" data-scroll=\"false\" data-scroll-offset=\"0\"><h6 id=\"at-11828\" class=\"c-accordion__title js-accordion-controller\" role=\"button\">Extra bolagsst\u00e4mma &#8211; December<\/h6><div id=\"ac-11828\" class=\"c-accordion__content\">\n<div class=\"wp-block-file\"><a id=\"wp-block-file--media-d8a05d3f-cda8-4ba8-ac75-50d2a21730d3\" href=\"https:\/\/www.stille.se\/se\/wp-content\/uploads\/2024\/01\/signerat-sta\u0308mmoprotokoll-stille-ab-extra-bolagssta\u0308mma-2023-12-29.pdf\">St\u00e4mmoprotokoll<\/a><a href=\"https:\/\/www.stille.se\/se\/wp-content\/uploads\/2024\/01\/signerat-sta\u0308mmoprotokoll-stille-ab-extra-bolagssta\u0308mma-2023-12-29.pdf\" class=\"wp-block-file__button\" download aria-describedby=\"wp-block-file--media-d8a05d3f-cda8-4ba8-ac75-50d2a21730d3\">Ladda ner<\/a><\/div>\n\n\n\n<div class=\"wp-block-file\"><a id=\"wp-block-file--media-9afc110b-8b7b-4438-9215-e2c25f56d6ad\" href=\"https:\/\/www.stille.se\/se\/wp-content\/uploads\/2023\/11\/styrelsens-redogo\u0308relse-enligt-13-kap.-6-\u00a7-abl.pdf\">Styrelsens redogo\u0308relse enligt 13 kap. 6 \u00a7 ABL<\/a><a href=\"https:\/\/www.stille.se\/se\/wp-content\/uploads\/2023\/11\/styrelsens-redogo\u0308relse-enligt-13-kap.-6-\u00a7-abl.pdf\" class=\"wp-block-file__button\" download aria-describedby=\"wp-block-file--media-9afc110b-8b7b-4438-9215-e2c25f56d6ad\">Ladda ner<\/a><\/div>\n\n\n\n<div class=\"wp-block-file\"><a id=\"wp-block-file--media-7d60a439-9328-4667-8819-cd81fee26f54\" href=\"https:\/\/www.stille.se\/se\/wp-content\/uploads\/2023\/11\/revisorsyttrande-enligt-13-kap-6-\u00a7-abl.pdf\">Revisorsyttrande enligt 13 kap 6 \u00a7 ABL<\/a><a href=\"https:\/\/www.stille.se\/se\/wp-content\/uploads\/2023\/11\/revisorsyttrande-enligt-13-kap-6-\u00a7-abl.pdf\" class=\"wp-block-file__button\" download aria-describedby=\"wp-block-file--media-7d60a439-9328-4667-8819-cd81fee26f54\">Ladda ner<\/a><\/div>\n\n\n\n<div class=\"wp-block-file\"><a id=\"wp-block-file--media-09806823-2d5c-4a9e-aa2c-835801375993\" href=\"https:\/\/www.stille.se\/se\/wp-content\/uploads\/2023\/11\/styrelsens-beslut-om-riktad-nyemission.pdf\">Styrelsens beslut om riktad nyemission<\/a><a href=\"https:\/\/www.stille.se\/se\/wp-content\/uploads\/2023\/11\/styrelsens-beslut-om-riktad-nyemission.pdf\" class=\"wp-block-file__button\" download aria-describedby=\"wp-block-file--media-09806823-2d5c-4a9e-aa2c-835801375993\">Ladda ner<\/a><\/div>\n\n\n\n<div class=\"wp-block-file\"><a id=\"wp-block-file--media-a1e179d8-13cb-44ee-bea9-20f4d5ad892d\" href=\"https:\/\/www.stille.se\/se\/wp-content\/uploads\/2024\/01\/bilaga-2.pdf\">Bilaga 2 &#8211; Styrelsens f\u00f6rslag till beslut om \u00e4ndring av bolagsordningen<\/a><a href=\"https:\/\/www.stille.se\/se\/wp-content\/uploads\/2024\/01\/bilaga-2.pdf\" class=\"wp-block-file__button\" download aria-describedby=\"wp-block-file--media-a1e179d8-13cb-44ee-bea9-20f4d5ad892d\">Ladda ner<\/a><\/div>\n\n\n\n<div class=\"wp-block-file\"><a id=\"wp-block-file--media-cecd50f9-da95-408c-b1c1-183b31eefc7a\" href=\"https:\/\/www.stille.se\/se\/wp-content\/uploads\/2024\/01\/bilaga-3.pdf\">Bilaga 3 &#8211; Kallelse till Extra Bolagsst\u00e4mma i Stille AB<\/a><a href=\"https:\/\/www.stille.se\/se\/wp-content\/uploads\/2024\/01\/bilaga-3.pdf\" class=\"wp-block-file__button\" download aria-describedby=\"wp-block-file--media-cecd50f9-da95-408c-b1c1-183b31eefc7a\">Ladda ner<\/a><\/div>\n\n\n\n<div class=\"wp-block-file\"><a id=\"wp-block-file--media-f518cfe1-8845-4a69-95e0-c50bc6dc3b06\" href=\"https:\/\/www.stille.se\/se\/wp-content\/uploads\/2023\/11\/fullmaktsformula\u0308r-extra-bolagssta\u0308mma-2023.pdf\">Fullmaktsformula\u0308r<\/a><a href=\"https:\/\/www.stille.se\/se\/wp-content\/uploads\/2023\/11\/fullmaktsformula\u0308r-extra-bolagssta\u0308mma-2023.pdf\" class=\"wp-block-file__button\" download aria-describedby=\"wp-block-file--media-f518cfe1-8845-4a69-95e0-c50bc6dc3b06\">Ladda ner<\/a><\/div>\n<\/div><\/div>\n<\/div><\/div>\n<\/div><\/div>\n","protected":false},"excerpt":{"rendered":"<p>\u00c5rsst\u00e4mma Stilles \u00e5rsst\u00e4mma \u00e4r det h\u00f6gsta beslutsorganet f\u00f6r bolagets aktie\u00e4gare. Aktie\u00e4gare som vill delta och utnyttja sin r\u00f6str\u00e4tt vid Stilles \u00e5rsst\u00e4mma ska dels vara inf\u00f6rda i aktieboken, dels anm\u00e4la sitt deltagande. \u00c5rsst\u00e4mman beslutar om fastst\u00e4llande av resultat och balansr\u00e4kningar, disposition betr\u00e4ffande bolagets resultat, beviljande av ansvarsfrihet f\u00f6r styrelseledam\u00f6terna och verkst\u00e4llande direkt\u00f6ren, arvoden \u00e5t styrelse och&#8230;<\/p>\n","protected":false},"author":761,"featured_media":0,"parent":1167,"menu_order":0,"comment_status":"open","ping_status":"open","template":"","meta":[],"acf":[],"yoast_head":"<!-- This site is optimized with the Yoast SEO plugin v17.9 - https:\/\/yoast.com\/wordpress\/plugins\/seo\/ -->\n<title>\u00c5rsst\u00e4mma - STILLE<\/title>\n<meta name=\"robots\" content=\"index, follow, max-snippet:-1, max-image-preview:large, max-video-preview:-1\" \/>\n<link rel=\"canonical\" href=\"https:\/\/www.stille.se\/se\/investerare\/bolagsstyrning\/arsstamma\/\" \/>\n<meta property=\"og:locale\" content=\"sv_SE\" \/>\n<meta property=\"og:type\" content=\"article\" \/>\n<meta property=\"og:title\" content=\"\u00c5rsst\u00e4mma - STILLE\" \/>\n<meta property=\"og:description\" content=\"\u00c5rsst\u00e4mma Stilles \u00e5rsst\u00e4mma \u00e4r det h\u00f6gsta beslutsorganet f\u00f6r bolagets aktie\u00e4gare. Aktie\u00e4gare som vill delta och utnyttja sin r\u00f6str\u00e4tt vid Stilles \u00e5rsst\u00e4mma ska dels vara inf\u00f6rda i aktieboken, dels anm\u00e4la sitt deltagande. \u00c5rsst\u00e4mman beslutar om fastst\u00e4llande av resultat och balansr\u00e4kningar, disposition betr\u00e4ffande bolagets resultat, beviljande av ansvarsfrihet f\u00f6r styrelseledam\u00f6terna och verkst\u00e4llande direkt\u00f6ren, arvoden \u00e5t styrelse och...\" \/>\n<meta property=\"og:url\" content=\"https:\/\/www.stille.se\/se\/investerare\/bolagsstyrning\/arsstamma\/\" \/>\n<meta property=\"og:site_name\" content=\"Stille SE\" \/>\n<meta property=\"article:publisher\" content=\"https:\/\/www.facebook.com\/stilleab\/\" \/>\n<meta property=\"article:modified_time\" content=\"2026-04-02T06:49:44+00:00\" \/>\n<meta property=\"og:image\" content=\"https:\/\/www.stille.se\/se\/wp-content\/uploads\/2019\/12\/stille-logo-800.jpg\" \/>\n\t<meta property=\"og:image:width\" content=\"562\" \/>\n\t<meta property=\"og:image:height\" content=\"314\" \/>\n\t<meta property=\"og:image:type\" content=\"image\/jpeg\" \/>\n<meta name=\"twitter:card\" content=\"summary_large_image\" \/>\n<meta name=\"twitter:label1\" content=\"Ber\u00e4knad l\u00e4stid\" \/>\n\t<meta name=\"twitter:data1\" content=\"2 minuter\" \/>\n<script type=\"application\/ld+json\" class=\"yoast-schema-graph\">{\"@context\":\"https:\/\/schema.org\",\"@graph\":[{\"@type\":\"Organization\",\"@id\":\"https:\/\/www.stille.se\/se\/#organization\",\"name\":\"Stille AB\",\"url\":\"https:\/\/www.stille.se\/se\/\",\"sameAs\":[\"https:\/\/www.facebook.com\/stilleab\/\",\"https:\/\/www.linkedin.com\/company\/stille-ab\/\",\"https:\/\/www.youtube.com\/channel\/UCpxmVroiwKKSXWe3ZCOrSqw\"],\"logo\":{\"@type\":\"ImageObject\",\"@id\":\"https:\/\/www.stille.se\/se\/#logo\",\"inLanguage\":\"sv-SE\",\"url\":\"https:\/\/www.stille.se\/se\/wp-content\/uploads\/2019\/12\/stille-logo-800.jpg\",\"contentUrl\":\"https:\/\/www.stille.se\/se\/wp-content\/uploads\/2019\/12\/stille-logo-800.jpg\",\"width\":562,\"height\":314,\"caption\":\"Stille AB\"},\"image\":{\"@id\":\"https:\/\/www.stille.se\/se\/#logo\"}},{\"@type\":\"WebSite\",\"@id\":\"https:\/\/www.stille.se\/se\/#website\",\"url\":\"https:\/\/www.stille.se\/se\/\",\"name\":\"Stille SE\",\"description\":\"\",\"publisher\":{\"@id\":\"https:\/\/www.stille.se\/se\/#organization\"},\"potentialAction\":[{\"@type\":\"SearchAction\",\"target\":{\"@type\":\"EntryPoint\",\"urlTemplate\":\"https:\/\/www.stille.se\/se\/?s={search_term_string}\"},\"query-input\":\"required name=search_term_string\"}],\"inLanguage\":\"sv-SE\"},{\"@type\":\"WebPage\",\"@id\":\"https:\/\/www.stille.se\/se\/investerare\/bolagsstyrning\/arsstamma\/#webpage\",\"url\":\"https:\/\/www.stille.se\/se\/investerare\/bolagsstyrning\/arsstamma\/\",\"name\":\"\\u00c5rsst\\u00e4mma - STILLE\",\"isPartOf\":{\"@id\":\"https:\/\/www.stille.se\/se\/#website\"},\"datePublished\":\"2026-04-01T07:00:00+00:00\",\"dateModified\":\"2026-04-02T06:49:44+00:00\",\"breadcrumb\":{\"@id\":\"https:\/\/www.stille.se\/se\/investerare\/bolagsstyrning\/arsstamma\/#breadcrumb\"},\"inLanguage\":\"sv-SE\",\"potentialAction\":[{\"@type\":\"ReadAction\",\"target\":[\"https:\/\/www.stille.se\/se\/investerare\/bolagsstyrning\/arsstamma\/\"]}]},{\"@type\":\"BreadcrumbList\",\"@id\":\"https:\/\/www.stille.se\/se\/investerare\/bolagsstyrning\/arsstamma\/#breadcrumb\",\"itemListElement\":[{\"@type\":\"ListItem\",\"position\":1,\"name\":\"Hem\",\"item\":\"https:\/\/www.stille.se\/se\/\"},{\"@type\":\"ListItem\",\"position\":2,\"name\":\"Investerare\",\"item\":\"https:\/\/www.stille.se\/se\/?page_id=1107\"},{\"@type\":\"ListItem\",\"position\":3,\"name\":\"Bolagsstyrning\",\"item\":\"https:\/\/www.stille.se\/se\/investerare\/bolagsstyrning\/\"},{\"@type\":\"ListItem\",\"position\":4,\"name\":\"\\u00c5rsst\\u00e4mma\"}]}]}<\/script>\n<!-- \/ Yoast SEO plugin. -->","yoast_head_json":{"title":"\u00c5rsst\u00e4mma - STILLE","robots":{"index":"index","follow":"follow","max-snippet":"max-snippet:-1","max-image-preview":"max-image-preview:large","max-video-preview":"max-video-preview:-1"},"canonical":"https:\/\/www.stille.se\/se\/investerare\/bolagsstyrning\/arsstamma\/","og_locale":"sv_SE","og_type":"article","og_title":"\u00c5rsst\u00e4mma - STILLE","og_description":"\u00c5rsst\u00e4mma Stilles \u00e5rsst\u00e4mma \u00e4r det h\u00f6gsta beslutsorganet f\u00f6r bolagets aktie\u00e4gare. Aktie\u00e4gare som vill delta och utnyttja sin r\u00f6str\u00e4tt vid Stilles \u00e5rsst\u00e4mma ska dels vara inf\u00f6rda i aktieboken, dels anm\u00e4la sitt deltagande. \u00c5rsst\u00e4mman beslutar om fastst\u00e4llande av resultat och balansr\u00e4kningar, disposition betr\u00e4ffande bolagets resultat, beviljande av ansvarsfrihet f\u00f6r styrelseledam\u00f6terna och verkst\u00e4llande direkt\u00f6ren, arvoden \u00e5t styrelse och...","og_url":"https:\/\/www.stille.se\/se\/investerare\/bolagsstyrning\/arsstamma\/","og_site_name":"Stille SE","article_publisher":"https:\/\/www.facebook.com\/stilleab\/","article_modified_time":"2026-04-02T06:49:44+00:00","og_image":[{"width":562,"height":314,"url":"https:\/\/www.stille.se\/se\/wp-content\/uploads\/2019\/12\/stille-logo-800.jpg","type":"image\/jpeg"}],"twitter_card":"summary_large_image","twitter_misc":{"Ber\u00e4knad l\u00e4stid":"2 minuter"},"schema":{"@context":"https:\/\/schema.org","@graph":[{"@type":"Organization","@id":"https:\/\/www.stille.se\/se\/#organization","name":"Stille AB","url":"https:\/\/www.stille.se\/se\/","sameAs":["https:\/\/www.facebook.com\/stilleab\/","https:\/\/www.linkedin.com\/company\/stille-ab\/","https:\/\/www.youtube.com\/channel\/UCpxmVroiwKKSXWe3ZCOrSqw"],"logo":{"@type":"ImageObject","@id":"https:\/\/www.stille.se\/se\/#logo","inLanguage":"sv-SE","url":"https:\/\/www.stille.se\/se\/wp-content\/uploads\/2019\/12\/stille-logo-800.jpg","contentUrl":"https:\/\/www.stille.se\/se\/wp-content\/uploads\/2019\/12\/stille-logo-800.jpg","width":562,"height":314,"caption":"Stille AB"},"image":{"@id":"https:\/\/www.stille.se\/se\/#logo"}},{"@type":"WebSite","@id":"https:\/\/www.stille.se\/se\/#website","url":"https:\/\/www.stille.se\/se\/","name":"Stille SE","description":"","publisher":{"@id":"https:\/\/www.stille.se\/se\/#organization"},"potentialAction":[{"@type":"SearchAction","target":{"@type":"EntryPoint","urlTemplate":"https:\/\/www.stille.se\/se\/?s={search_term_string}"},"query-input":"required name=search_term_string"}],"inLanguage":"sv-SE"},{"@type":"WebPage","@id":"https:\/\/www.stille.se\/se\/investerare\/bolagsstyrning\/arsstamma\/#webpage","url":"https:\/\/www.stille.se\/se\/investerare\/bolagsstyrning\/arsstamma\/","name":"\u00c5rsst\u00e4mma - STILLE","isPartOf":{"@id":"https:\/\/www.stille.se\/se\/#website"},"datePublished":"2026-04-01T07:00:00+00:00","dateModified":"2026-04-02T06:49:44+00:00","breadcrumb":{"@id":"https:\/\/www.stille.se\/se\/investerare\/bolagsstyrning\/arsstamma\/#breadcrumb"},"inLanguage":"sv-SE","potentialAction":[{"@type":"ReadAction","target":["https:\/\/www.stille.se\/se\/investerare\/bolagsstyrning\/arsstamma\/"]}]},{"@type":"BreadcrumbList","@id":"https:\/\/www.stille.se\/se\/investerare\/bolagsstyrning\/arsstamma\/#breadcrumb","itemListElement":[{"@type":"ListItem","position":1,"name":"Hem","item":"https:\/\/www.stille.se\/se\/"},{"@type":"ListItem","position":2,"name":"Investerare","item":"https:\/\/www.stille.se\/se\/?page_id=1107"},{"@type":"ListItem","position":3,"name":"Bolagsstyrning","item":"https:\/\/www.stille.se\/se\/investerare\/bolagsstyrning\/"},{"@type":"ListItem","position":4,"name":"\u00c5rsst\u00e4mma"}]}]}},"_links":{"self":[{"href":"https:\/\/www.stille.se\/se\/wp-json\/wp\/v2\/pages\/1182"}],"collection":[{"href":"https:\/\/www.stille.se\/se\/wp-json\/wp\/v2\/pages"}],"about":[{"href":"https:\/\/www.stille.se\/se\/wp-json\/wp\/v2\/types\/page"}],"author":[{"embeddable":true,"href":"https:\/\/www.stille.se\/se\/wp-json\/wp\/v2\/users\/761"}],"replies":[{"embeddable":true,"href":"https:\/\/www.stille.se\/se\/wp-json\/wp\/v2\/comments?post=1182"}],"version-history":[{"count":52,"href":"https:\/\/www.stille.se\/se\/wp-json\/wp\/v2\/pages\/1182\/revisions"}],"predecessor-version":[{"id":48489,"href":"https:\/\/www.stille.se\/se\/wp-json\/wp\/v2\/pages\/1182\/revisions\/48489"}],"up":[{"embeddable":true,"href":"https:\/\/www.stille.se\/se\/wp-json\/wp\/v2\/pages\/1167"}],"wp:attachment":[{"href":"https:\/\/www.stille.se\/se\/wp-json\/wp\/v2\/media?parent=1182"}],"curies":[{"name":"wp","href":"https:\/\/api.w.org\/{rel}","templated":true}]}}