{"id":1188,"date":"2019-11-22T15:56:26","date_gmt":"2019-11-22T15:56:26","guid":{"rendered":"https:\/\/www.stille.se\/se\/513-2__trashed\/bolagsordning\/"},"modified":"2024-05-13T11:53:46","modified_gmt":"2024-05-13T09:53:46","slug":"bolagsordning","status":"publish","type":"page","link":"https:\/\/www.stille.se\/se\/investerare\/bolagsstyrning\/bolagsordning\/","title":{"rendered":"Bolagsordning"},"content":{"rendered":"<h1>Bolagsordning<\/h1>\n<p><strong>\u00a7 1 | F\u00f6retagsnamn<\/strong><br \/>Bolagets firma \u00e4r Stille AB. Bolaget skall vara publikt (publ)<\/p>\n<p><strong>\u00a7 2 | Styrelsens s\u00e4te<\/strong><br \/>Styrelsen skall ha sitt s\u00e4te i Eskilstuna kommun. \u00c5rsst\u00e4mma skall h\u00e5llas i Eskilstuna eller Stockholm.<\/p>\n<p><strong>\u00a7 3 | Verksamhet<\/strong><br \/>Bolaget utvecklar och marknadsf\u00f6r medicintekniska produkter f\u00f6r kunder inom sjukv\u00e5rd och terapi, som har h\u00f6ga krav p\u00e5 funktion och prestanda.<\/p>\n<p><strong>\u00a7 4 | Aktiekapital<\/strong><br \/>Aktiekapitalet skall utg\u00f6ra l\u00e4gst 33 000 000 kronor och h\u00f6gst 132 000 000 kronor.<\/p>\n<p><strong>\u00a7 5 | Aktieslag<\/strong><br \/>Aktierna skall endast utg\u00f6ras av en serie med lika r\u00e4tt i bolaget.<\/p>\n<p><strong>\u00a7 6 | Aktier<\/strong><br \/>Bolaget skall kunna utge l\u00e4gst 6 700 000 aktier och h\u00f6gst 26 800 000 aktier.<\/p>\n<p><strong>\u00a7 7 | Avst\u00e4mningsf\u00f6rbeh\u00e5ll<\/strong><br \/>Bolagets aktier skall vara registrerade i ett avst\u00e4mningsregister enligt lagen (1998:1479) om kontof\u00f6ring av finansiella instrument.<\/p>\n<p><strong>\u00a7 8 | Styrelse<br \/><\/strong>Styrelsen skall best\u00e5 av l\u00e4gst tre och h\u00f6gst sju ordinarie ledam\u00f6ter med h\u00f6gst en suppleant.<\/p>\n<p><strong>\u00a7 9 | Revisorer<\/strong><br \/>F\u00f6r granskning av bolagets \u00e5rsredovisning samt styrelsens och verkst\u00e4llande direkt\u00f6rens f\u00f6rvaltning utses en och h\u00f6gst tv\u00e5 revisorer med h\u00f6gst tv\u00e5 suppleanter. Till revisor kan auktoriserad revisor eller ett registrerat revisionsbolag utses.<\/p>\n<p><strong>\u00a7 10 | Kallelse till bolagsst\u00e4mma<br \/><\/strong>Kallelse till bolagsst\u00e4mma skall ske genom annonsering i Post- och Inrikes Tidningar samt p\u00e5 bolagets webbplats. Att kallelse skett skall annonseras i Svenska Dagbladet.<\/p>\n<p><strong>\u00a7 11 | Deltagande p\u00e5 bolagsst\u00e4mma<\/strong><\/p>\n<p>Aktie\u00e4gare som \u00f6nskar deltaga p\u00e5 bolagsst\u00e4mma skall anm\u00e4la sig hos bolaget senast den dagen som anges i kallelsen till st\u00e4mman. Denna dag f\u00e5r ej vara s\u00f6ndag, annan allm\u00e4nhelgdag, l\u00f6rdag, midsommarafton, julafton eller ny\u00e5rsafton och f\u00e5r ej infalla tidigare \u00e4n femte vardagen f\u00f6re st\u00e4mman. Bitr\u00e4de \u00e5t aktie\u00e4gare f\u00e5r medf\u00f6ras vid bolagsst\u00e4mman endast om aktie\u00e4garen till bolaget anm\u00e4ler antalet bitr\u00e4den p\u00e5 det s\u00e4tt som anges ovan f\u00f6r anm\u00e4lan om aktie\u00e4garens n\u00e4rvaro.<\/p>\n<p>Styrelsen f\u00e5r samla in fullmakter p\u00e5 bolagets bekostnad enligt det f\u00f6rfarande som anges i 7 kap. 4 \u00a7 andra stycket aktiebolagslagen. Styrelsen f\u00e5r, inf\u00f6r en bolagsst\u00e4mma, besluta att aktie\u00e4garna skall kunna ut\u00f6va sin r\u00f6str\u00e4tt per post enligt det f\u00f6rfarande som anges i 7 kap. 4 a \u00a7 andra stycket aktiebolagslagen. Styrelsen f\u00e5r enligt vad som anges i 7 kap. 15 \u00a7 f\u00f6rsta stycket aktiebolagslagen besluta att bolagsst\u00e4mma skall h\u00e5llas digitalt.<\/p>\n<p><strong>\u00a7 12 | \u00c5rsst\u00e4mma<br \/><\/strong>Ordinarie \u00e5rsst\u00e4mma h\u00e5lles inom sex (6) m\u00e5nader efter r\u00e4kenskaps\u00e5rets utg\u00e5ng. P\u00e5 ordinarie \u00e5rsst\u00e4mma skall f\u00f6ljande \u00e4renden f\u00f6rekomma:<\/p>\n<ol>\n<li>Val av ordf\u00f6rande vid st\u00e4mman<\/li>\n<li>Uppr\u00e4ttande och godk\u00e4nnande av r\u00f6stl\u00e4ngd<\/li>\n<li>Godk\u00e4nnande av styrelsens f\u00f6rslag till dagordning<\/li>\n<li>Val av en eller tv\u00e5 protokolljusterade<\/li>\n<li>Pr\u00f6vning av om st\u00e4mman blivit beh\u00f6rigen sammankallad<\/li>\n<li>F\u00f6redragning av framlagd \u00e5rsredovisning och revisionsber\u00e4ttelse samt i f\u00f6rekommande fall koncernredovisning och koncernrevisionsber\u00e4ttelse<\/li>\n<li>Beslut ang\u00e5ende<br \/>a) fastst\u00e4llande av resultatr\u00e4kning och balansr\u00e4kning samt i f\u00f6rekommande fall koncernresultatr\u00e4kning och koncernbalansr\u00e4kning<br \/>b) disposition av Bolagets vinst eller f\u00f6rlust enligt den fastst\u00e4llda balansr\u00e4kningen<br \/>c) om ansvarsfrihet \u00e5t styrelseledam\u00f6ter och verkst\u00e4llande direkt\u00f6r n\u00e4r s\u00e5dan f\u00f6rekommer<br \/>d) avst\u00e4mningsdag, f\u00f6r det fall st\u00e4mman beslutar om vinstutdelning<\/li>\n<li>Fastst\u00e4llande av arvoden f\u00f6r styrelse och revisorer<\/li>\n<li>Fastst\u00e4llande av antalet styrelseledam\u00f6ter och, i f\u00f6rekommande fall, av antalet styrelsesuppleanter<\/li>\n<li>I f\u00f6rekommande fall, fastst\u00e4llande av antalet revisorer och revisorssuppleanter<\/li>\n<li>Ordf\u00f6randen l\u00e4mnar uppgift om vilka uppdrag de, som styrelseavtalet g\u00e4ller, har i andra f\u00f6retag<\/li>\n<li>Val av styrelseledam\u00f6ter och eventuell styrelsesuppleant, samt, i f\u00f6rekommande fall revisorer och eventuella revisorssuppleanter<\/li>\n<li>Annat \u00e4rende, som ankommer p\u00e5 st\u00e4mman enligt aktiebolagslagen eller bolagsordningen<\/li>\n<\/ol>\n<p><strong>\u00a7 13 | R\u00e4kenskaps\u00e5r<\/strong><br \/>Bolagets r\u00e4kenskaps\u00e5r skall omfatta kalender\u00e5r.<\/p>\n<p>Bolagsordningen antogs vid bolagsst\u00e4mman den 8 maj 2024.<\/p>\n\n\n<p><\/p>\n","protected":false},"excerpt":{"rendered":"<p>Bolagsordning \u00a7 1 | F\u00f6retagsnamnBolagets firma \u00e4r Stille AB. Bolaget skall vara publikt (publ) \u00a7 2 | Styrelsens s\u00e4teStyrelsen skall ha sitt s\u00e4te i Eskilstuna kommun. \u00c5rsst\u00e4mma skall h\u00e5llas i Eskilstuna eller Stockholm. \u00a7 3 | VerksamhetBolaget utvecklar och marknadsf\u00f6r medicintekniska produkter f\u00f6r kunder inom sjukv\u00e5rd och terapi, som har h\u00f6ga krav p\u00e5 funktion och&#8230;<\/p>\n","protected":false},"author":33,"featured_media":0,"parent":1167,"menu_order":0,"comment_status":"open","ping_status":"open","template":"","meta":[],"acf":[],"yoast_head":"<!-- This site is optimized with the Yoast SEO plugin v17.9 - https:\/\/yoast.com\/wordpress\/plugins\/seo\/ -->\n<title>Bolagsordning - STILLE<\/title>\n<meta name=\"robots\" content=\"index, follow, max-snippet:-1, max-image-preview:large, max-video-preview:-1\" \/>\n<link rel=\"canonical\" href=\"https:\/\/www.stille.se\/se\/investerare\/bolagsstyrning\/bolagsordning\/\" \/>\n<meta property=\"og:locale\" content=\"sv_SE\" \/>\n<meta property=\"og:type\" content=\"article\" \/>\n<meta property=\"og:title\" content=\"Bolagsordning - STILLE\" \/>\n<meta property=\"og:description\" content=\"Bolagsordning \u00a7 1 | F\u00f6retagsnamnBolagets firma \u00e4r Stille AB. Bolaget skall vara publikt (publ) \u00a7 2 | Styrelsens s\u00e4teStyrelsen skall ha sitt s\u00e4te i Eskilstuna kommun. \u00c5rsst\u00e4mma skall h\u00e5llas i Eskilstuna eller Stockholm. \u00a7 3 | VerksamhetBolaget utvecklar och marknadsf\u00f6r medicintekniska produkter f\u00f6r kunder inom sjukv\u00e5rd och terapi, som har h\u00f6ga krav p\u00e5 funktion och...\" \/>\n<meta property=\"og:url\" content=\"https:\/\/www.stille.se\/se\/investerare\/bolagsstyrning\/bolagsordning\/\" \/>\n<meta property=\"og:site_name\" content=\"Stille SE\" \/>\n<meta property=\"article:publisher\" content=\"https:\/\/www.facebook.com\/stilleab\/\" \/>\n<meta property=\"article:modified_time\" content=\"2024-05-13T09:53:46+00:00\" \/>\n<meta property=\"og:image\" content=\"https:\/\/www.stille.se\/se\/wp-content\/uploads\/2019\/12\/stille-logo-800.jpg\" \/>\n\t<meta property=\"og:image:width\" content=\"562\" \/>\n\t<meta property=\"og:image:height\" content=\"314\" \/>\n\t<meta property=\"og:image:type\" content=\"image\/jpeg\" \/>\n<meta name=\"twitter:card\" content=\"summary_large_image\" \/>\n<meta name=\"twitter:label1\" content=\"Ber\u00e4knad l\u00e4stid\" \/>\n\t<meta name=\"twitter:data1\" content=\"3 minuter\" \/>\n<script type=\"application\/ld+json\" class=\"yoast-schema-graph\">{\"@context\":\"https:\/\/schema.org\",\"@graph\":[{\"@type\":\"Organization\",\"@id\":\"https:\/\/www.stille.se\/se\/#organization\",\"name\":\"Stille AB\",\"url\":\"https:\/\/www.stille.se\/se\/\",\"sameAs\":[\"https:\/\/www.facebook.com\/stilleab\/\",\"https:\/\/www.linkedin.com\/company\/stille-ab\/\",\"https:\/\/www.youtube.com\/channel\/UCpxmVroiwKKSXWe3ZCOrSqw\"],\"logo\":{\"@type\":\"ImageObject\",\"@id\":\"https:\/\/www.stille.se\/se\/#logo\",\"inLanguage\":\"sv-SE\",\"url\":\"https:\/\/www.stille.se\/se\/wp-content\/uploads\/2019\/12\/stille-logo-800.jpg\",\"contentUrl\":\"https:\/\/www.stille.se\/se\/wp-content\/uploads\/2019\/12\/stille-logo-800.jpg\",\"width\":562,\"height\":314,\"caption\":\"Stille AB\"},\"image\":{\"@id\":\"https:\/\/www.stille.se\/se\/#logo\"}},{\"@type\":\"WebSite\",\"@id\":\"https:\/\/www.stille.se\/se\/#website\",\"url\":\"https:\/\/www.stille.se\/se\/\",\"name\":\"Stille SE\",\"description\":\"\",\"publisher\":{\"@id\":\"https:\/\/www.stille.se\/se\/#organization\"},\"potentialAction\":[{\"@type\":\"SearchAction\",\"target\":{\"@type\":\"EntryPoint\",\"urlTemplate\":\"https:\/\/www.stille.se\/se\/?s={search_term_string}\"},\"query-input\":\"required name=search_term_string\"}],\"inLanguage\":\"sv-SE\"},{\"@type\":\"WebPage\",\"@id\":\"https:\/\/www.stille.se\/se\/investerare\/bolagsstyrning\/bolagsordning\/#webpage\",\"url\":\"https:\/\/www.stille.se\/se\/investerare\/bolagsstyrning\/bolagsordning\/\",\"name\":\"Bolagsordning - STILLE\",\"isPartOf\":{\"@id\":\"https:\/\/www.stille.se\/se\/#website\"},\"datePublished\":\"2019-11-22T15:56:26+00:00\",\"dateModified\":\"2024-05-13T09:53:46+00:00\",\"breadcrumb\":{\"@id\":\"https:\/\/www.stille.se\/se\/investerare\/bolagsstyrning\/bolagsordning\/#breadcrumb\"},\"inLanguage\":\"sv-SE\",\"potentialAction\":[{\"@type\":\"ReadAction\",\"target\":[\"https:\/\/www.stille.se\/se\/investerare\/bolagsstyrning\/bolagsordning\/\"]}]},{\"@type\":\"BreadcrumbList\",\"@id\":\"https:\/\/www.stille.se\/se\/investerare\/bolagsstyrning\/bolagsordning\/#breadcrumb\",\"itemListElement\":[{\"@type\":\"ListItem\",\"position\":1,\"name\":\"Hem\",\"item\":\"https:\/\/www.stille.se\/se\/\"},{\"@type\":\"ListItem\",\"position\":2,\"name\":\"Investerare\",\"item\":\"https:\/\/www.stille.se\/se\/?page_id=1107\"},{\"@type\":\"ListItem\",\"position\":3,\"name\":\"Bolagsstyrning\",\"item\":\"https:\/\/www.stille.se\/se\/investerare\/bolagsstyrning\/\"},{\"@type\":\"ListItem\",\"position\":4,\"name\":\"Bolagsordning\"}]}]}<\/script>\n<!-- \/ Yoast SEO plugin. -->","yoast_head_json":{"title":"Bolagsordning - STILLE","robots":{"index":"index","follow":"follow","max-snippet":"max-snippet:-1","max-image-preview":"max-image-preview:large","max-video-preview":"max-video-preview:-1"},"canonical":"https:\/\/www.stille.se\/se\/investerare\/bolagsstyrning\/bolagsordning\/","og_locale":"sv_SE","og_type":"article","og_title":"Bolagsordning - STILLE","og_description":"Bolagsordning \u00a7 1 | F\u00f6retagsnamnBolagets firma \u00e4r Stille AB. Bolaget skall vara publikt (publ) \u00a7 2 | Styrelsens s\u00e4teStyrelsen skall ha sitt s\u00e4te i Eskilstuna kommun. \u00c5rsst\u00e4mma skall h\u00e5llas i Eskilstuna eller Stockholm. \u00a7 3 | VerksamhetBolaget utvecklar och marknadsf\u00f6r medicintekniska produkter f\u00f6r kunder inom sjukv\u00e5rd och terapi, som har h\u00f6ga krav p\u00e5 funktion och...","og_url":"https:\/\/www.stille.se\/se\/investerare\/bolagsstyrning\/bolagsordning\/","og_site_name":"Stille SE","article_publisher":"https:\/\/www.facebook.com\/stilleab\/","article_modified_time":"2024-05-13T09:53:46+00:00","og_image":[{"width":562,"height":314,"url":"https:\/\/www.stille.se\/se\/wp-content\/uploads\/2019\/12\/stille-logo-800.jpg","type":"image\/jpeg"}],"twitter_card":"summary_large_image","twitter_misc":{"Ber\u00e4knad l\u00e4stid":"3 minuter"},"schema":{"@context":"https:\/\/schema.org","@graph":[{"@type":"Organization","@id":"https:\/\/www.stille.se\/se\/#organization","name":"Stille AB","url":"https:\/\/www.stille.se\/se\/","sameAs":["https:\/\/www.facebook.com\/stilleab\/","https:\/\/www.linkedin.com\/company\/stille-ab\/","https:\/\/www.youtube.com\/channel\/UCpxmVroiwKKSXWe3ZCOrSqw"],"logo":{"@type":"ImageObject","@id":"https:\/\/www.stille.se\/se\/#logo","inLanguage":"sv-SE","url":"https:\/\/www.stille.se\/se\/wp-content\/uploads\/2019\/12\/stille-logo-800.jpg","contentUrl":"https:\/\/www.stille.se\/se\/wp-content\/uploads\/2019\/12\/stille-logo-800.jpg","width":562,"height":314,"caption":"Stille AB"},"image":{"@id":"https:\/\/www.stille.se\/se\/#logo"}},{"@type":"WebSite","@id":"https:\/\/www.stille.se\/se\/#website","url":"https:\/\/www.stille.se\/se\/","name":"Stille SE","description":"","publisher":{"@id":"https:\/\/www.stille.se\/se\/#organization"},"potentialAction":[{"@type":"SearchAction","target":{"@type":"EntryPoint","urlTemplate":"https:\/\/www.stille.se\/se\/?s={search_term_string}"},"query-input":"required name=search_term_string"}],"inLanguage":"sv-SE"},{"@type":"WebPage","@id":"https:\/\/www.stille.se\/se\/investerare\/bolagsstyrning\/bolagsordning\/#webpage","url":"https:\/\/www.stille.se\/se\/investerare\/bolagsstyrning\/bolagsordning\/","name":"Bolagsordning - STILLE","isPartOf":{"@id":"https:\/\/www.stille.se\/se\/#website"},"datePublished":"2019-11-22T15:56:26+00:00","dateModified":"2024-05-13T09:53:46+00:00","breadcrumb":{"@id":"https:\/\/www.stille.se\/se\/investerare\/bolagsstyrning\/bolagsordning\/#breadcrumb"},"inLanguage":"sv-SE","potentialAction":[{"@type":"ReadAction","target":["https:\/\/www.stille.se\/se\/investerare\/bolagsstyrning\/bolagsordning\/"]}]},{"@type":"BreadcrumbList","@id":"https:\/\/www.stille.se\/se\/investerare\/bolagsstyrning\/bolagsordning\/#breadcrumb","itemListElement":[{"@type":"ListItem","position":1,"name":"Hem","item":"https:\/\/www.stille.se\/se\/"},{"@type":"ListItem","position":2,"name":"Investerare","item":"https:\/\/www.stille.se\/se\/?page_id=1107"},{"@type":"ListItem","position":3,"name":"Bolagsstyrning","item":"https:\/\/www.stille.se\/se\/investerare\/bolagsstyrning\/"},{"@type":"ListItem","position":4,"name":"Bolagsordning"}]}]}},"_links":{"self":[{"href":"https:\/\/www.stille.se\/se\/wp-json\/wp\/v2\/pages\/1188"}],"collection":[{"href":"https:\/\/www.stille.se\/se\/wp-json\/wp\/v2\/pages"}],"about":[{"href":"https:\/\/www.stille.se\/se\/wp-json\/wp\/v2\/types\/page"}],"author":[{"embeddable":true,"href":"https:\/\/www.stille.se\/se\/wp-json\/wp\/v2\/users\/33"}],"replies":[{"embeddable":true,"href":"https:\/\/www.stille.se\/se\/wp-json\/wp\/v2\/comments?post=1188"}],"version-history":[{"count":14,"href":"https:\/\/www.stille.se\/se\/wp-json\/wp\/v2\/pages\/1188\/revisions"}],"predecessor-version":[{"id":47747,"href":"https:\/\/www.stille.se\/se\/wp-json\/wp\/v2\/pages\/1188\/revisions\/47747"}],"up":[{"embeddable":true,"href":"https:\/\/www.stille.se\/se\/wp-json\/wp\/v2\/pages\/1167"}],"wp:attachment":[{"href":"https:\/\/www.stille.se\/se\/wp-json\/wp\/v2\/media?parent=1188"}],"curies":[{"name":"wp","href":"https:\/\/api.w.org\/{rel}","templated":true}]}}