{"id":1191,"date":"2019-11-22T15:56:28","date_gmt":"2019-11-22T15:56:28","guid":{"rendered":"https:\/\/www.stille.se\/se\/513-2__trashed\/finansiella-rapporter-nyheter\/"},"modified":"2024-02-19T16:11:01","modified_gmt":"2024-02-19T15:11:01","slug":"finansiella-rapporter-nyheter","status":"publish","type":"page","link":"https:\/\/www.stille.se\/se\/investerare\/finansiella-rapporter-nyheter\/","title":{"rendered":"Finansiella rapporter &amp; nyheter"},"content":{"rendered":"<h1>Finansiella rapporter &amp; nyheter<\/h1>\n<p>H\u00e4r hittar du alla v\u00e5ra finansiella rapporter som \u00e5rsredovisningar och kvartalsrapporter, pressmeddelanden och v\u00e5r finansiella kalender d\u00e4r du kan se datum f\u00f6r kommande rapporter och bolagsst\u00e4mma.<\/p>\n\n\n<div class=\"wp-container-3 wp-block-columns has-3-columns\">\n<div class=\"wp-container-1 wp-block-column\">\n<h4>Finansiell kalender<\/h4>\n\n\n\n<p>Datum f\u00f6r publicering av olika finansiella rapporter, n\u00e4sta \u00e5rsm\u00f6te etc.<\/p>\n\n\n\n<p><a class=\"myt-btn myt-btn--primary\" href=\"https:\/\/www.stille.se\/se\/investerare\/finansiella-rapporter-nyheter\/finansiell-kalender\/\">Finansiell kalender<\/a><\/p>\n<\/div>\n\n\n\n<div class=\"wp-container-2 wp-block-column\">\n<h4>Pressmeddelanden <\/h4>\n\n\n\n<p>H\u00e4r \u00e5terfinner du samtliga regulatoriska pressmeddelanden som publicerats. <\/p>\n\n\n\n<p><a class=\"myt-btn myt-btn--primary\" href=\"https:\/\/www.stille.se\/se\/investerare\/finansiella-rapporter-nyheter\/regulatoriska-pressmeddelanden\/\" data-wplink-edit=\"true\">Pressmeddelanden<\/a><\/p>\n<\/div>\n<\/div>\n\n\n\n<div class=\"wp-container-6 wp-block-columns has-3-columns\">\n<div class=\"wp-container-4 wp-block-column\">\n<h4>Finansiella rapporter<\/h4>\n\n\n\n<p>Hel- och del\u00e5rsrapporter, bokslutskommunik\u00e9er och \u00e5rsredovisningar som publicerats de senaste \u00e5ren.<\/p>\n\n\n\n<p><a class=\"myt-btn myt-btn--primary\" href=\"https:\/\/www.stille.se\/se\/investerare\/finansiella-rapporter-nyheter\/finansiella-rapporter\/\">Finansiella rapporter<\/a><\/p>\n<\/div>\n\n\n\n<div class=\"wp-container-5 wp-block-column\">\n<h4>Presentationer<\/h4>\n\n\n\n<p>Investerarpresentationer, intervjuer och annat material som presenterats om Stille som bolag.<\/p>\n\n\n\n<p><a class=\"myt-btn myt-btn--primary\" href=\"https:\/\/www.stille.se\/se\/investerare\/finansiella-rapporter-nyheter\/presentationer\/\">Presentationer<\/a><\/p>\n<\/div>\n<\/div>\n","protected":false},"excerpt":{"rendered":"<p>Finansiella rapporter &amp; nyheter H\u00e4r hittar du alla v\u00e5ra finansiella rapporter som \u00e5rsredovisningar och kvartalsrapporter, pressmeddelanden och v\u00e5r finansiella kalender d\u00e4r du kan se datum f\u00f6r kommande rapporter och bolagsst\u00e4mma. Finansiell kalender Datum f\u00f6r publicering av olika finansiella rapporter, n\u00e4sta \u00e5rsm\u00f6te etc. Finansiell kalender Pressmeddelanden H\u00e4r \u00e5terfinner du samtliga regulatoriska pressmeddelanden som publicerats. Pressmeddelanden Finansiella&#8230;<\/p>\n","protected":false},"author":33,"featured_media":0,"parent":1107,"menu_order":0,"comment_status":"open","ping_status":"closed","template":"","meta":[],"acf":[],"yoast_head":"<!-- This site is optimized with the Yoast SEO plugin v17.9 - https:\/\/yoast.com\/wordpress\/plugins\/seo\/ -->\n<title>Finansiella rapporter &amp; nyheter - STILLE<\/title>\n<meta name=\"robots\" content=\"index, follow, max-snippet:-1, max-image-preview:large, max-video-preview:-1\" \/>\n<link rel=\"canonical\" href=\"https:\/\/www.stille.se\/se\/?page_id=1191\" \/>\n<meta property=\"og:locale\" content=\"sv_SE\" \/>\n<meta property=\"og:type\" content=\"article\" \/>\n<meta property=\"og:title\" content=\"Finansiella rapporter &amp; nyheter - STILLE\" \/>\n<meta property=\"og:description\" content=\"Finansiella rapporter &amp; nyheter H\u00e4r hittar du alla v\u00e5ra finansiella rapporter som \u00e5rsredovisningar och kvartalsrapporter, pressmeddelanden och v\u00e5r finansiella kalender d\u00e4r du kan se datum f\u00f6r kommande rapporter och bolagsst\u00e4mma. Finansiell kalender Datum f\u00f6r publicering av olika finansiella rapporter, n\u00e4sta \u00e5rsm\u00f6te etc. Finansiell kalender Pressmeddelanden H\u00e4r \u00e5terfinner du samtliga regulatoriska pressmeddelanden som publicerats. Pressmeddelanden Finansiella...\" \/>\n<meta property=\"og:url\" content=\"https:\/\/www.stille.se\/se\/?page_id=1191\" \/>\n<meta property=\"og:site_name\" content=\"Stille SE\" \/>\n<meta property=\"article:publisher\" content=\"https:\/\/www.facebook.com\/stilleab\/\" \/>\n<meta property=\"article:modified_time\" content=\"2024-02-19T15:11:01+00:00\" \/>\n<meta property=\"og:image\" content=\"https:\/\/www.stille.se\/se\/wp-content\/uploads\/2019\/12\/stille-logo-800.jpg\" \/>\n\t<meta property=\"og:image:width\" content=\"562\" \/>\n\t<meta property=\"og:image:height\" content=\"314\" \/>\n\t<meta property=\"og:image:type\" content=\"image\/jpeg\" \/>\n<meta name=\"twitter:card\" content=\"summary_large_image\" \/>\n<meta name=\"twitter:label1\" content=\"Ber\u00e4knad l\u00e4stid\" \/>\n\t<meta name=\"twitter:data1\" content=\"1 minut\" \/>\n<script type=\"application\/ld+json\" class=\"yoast-schema-graph\">{\"@context\":\"https:\/\/schema.org\",\"@graph\":[{\"@type\":\"Organization\",\"@id\":\"https:\/\/www.stille.se\/se\/#organization\",\"name\":\"Stille AB\",\"url\":\"https:\/\/www.stille.se\/se\/\",\"sameAs\":[\"https:\/\/www.facebook.com\/stilleab\/\",\"https:\/\/www.linkedin.com\/company\/stille-ab\/\",\"https:\/\/www.youtube.com\/channel\/UCpxmVroiwKKSXWe3ZCOrSqw\"],\"logo\":{\"@type\":\"ImageObject\",\"@id\":\"https:\/\/www.stille.se\/se\/#logo\",\"inLanguage\":\"sv-SE\",\"url\":\"https:\/\/www.stille.se\/se\/wp-content\/uploads\/2019\/12\/stille-logo-800.jpg\",\"contentUrl\":\"https:\/\/www.stille.se\/se\/wp-content\/uploads\/2019\/12\/stille-logo-800.jpg\",\"width\":562,\"height\":314,\"caption\":\"Stille AB\"},\"image\":{\"@id\":\"https:\/\/www.stille.se\/se\/#logo\"}},{\"@type\":\"WebSite\",\"@id\":\"https:\/\/www.stille.se\/se\/#website\",\"url\":\"https:\/\/www.stille.se\/se\/\",\"name\":\"Stille SE\",\"description\":\"\",\"publisher\":{\"@id\":\"https:\/\/www.stille.se\/se\/#organization\"},\"potentialAction\":[{\"@type\":\"SearchAction\",\"target\":{\"@type\":\"EntryPoint\",\"urlTemplate\":\"https:\/\/www.stille.se\/se\/?s={search_term_string}\"},\"query-input\":\"required name=search_term_string\"}],\"inLanguage\":\"sv-SE\"},{\"@type\":\"WebPage\",\"@id\":\"https:\/\/www.stille.se\/se\/?page_id=1191#webpage\",\"url\":\"https:\/\/www.stille.se\/se\/?page_id=1191\",\"name\":\"Finansiella rapporter &amp; nyheter - STILLE\",\"isPartOf\":{\"@id\":\"https:\/\/www.stille.se\/se\/#website\"},\"datePublished\":\"2019-11-22T15:56:28+00:00\",\"dateModified\":\"2024-02-19T15:11:01+00:00\",\"breadcrumb\":{\"@id\":\"https:\/\/www.stille.se\/se\/?page_id=1191#breadcrumb\"},\"inLanguage\":\"sv-SE\",\"potentialAction\":[{\"@type\":\"ReadAction\",\"target\":[\"https:\/\/www.stille.se\/se\/?page_id=1191\"]}]},{\"@type\":\"BreadcrumbList\",\"@id\":\"https:\/\/www.stille.se\/se\/?page_id=1191#breadcrumb\",\"itemListElement\":[{\"@type\":\"ListItem\",\"position\":1,\"name\":\"Hem\",\"item\":\"https:\/\/www.stille.se\/se\/\"},{\"@type\":\"ListItem\",\"position\":2,\"name\":\"Investerare\",\"item\":\"https:\/\/www.stille.se\/se\/?page_id=1107\"},{\"@type\":\"ListItem\",\"position\":3,\"name\":\"Finansiella rapporter &amp; nyheter\"}]}]}<\/script>\n<!-- \/ Yoast SEO plugin. -->","yoast_head_json":{"title":"Finansiella rapporter &amp; nyheter - STILLE","robots":{"index":"index","follow":"follow","max-snippet":"max-snippet:-1","max-image-preview":"max-image-preview:large","max-video-preview":"max-video-preview:-1"},"canonical":"https:\/\/www.stille.se\/se\/?page_id=1191","og_locale":"sv_SE","og_type":"article","og_title":"Finansiella rapporter &amp; nyheter - STILLE","og_description":"Finansiella rapporter &amp; nyheter H\u00e4r hittar du alla v\u00e5ra finansiella rapporter som \u00e5rsredovisningar och kvartalsrapporter, pressmeddelanden och v\u00e5r finansiella kalender d\u00e4r du kan se datum f\u00f6r kommande rapporter och bolagsst\u00e4mma. Finansiell kalender Datum f\u00f6r publicering av olika finansiella rapporter, n\u00e4sta \u00e5rsm\u00f6te etc. Finansiell kalender Pressmeddelanden H\u00e4r \u00e5terfinner du samtliga regulatoriska pressmeddelanden som publicerats. Pressmeddelanden Finansiella...","og_url":"https:\/\/www.stille.se\/se\/?page_id=1191","og_site_name":"Stille SE","article_publisher":"https:\/\/www.facebook.com\/stilleab\/","article_modified_time":"2024-02-19T15:11:01+00:00","og_image":[{"width":562,"height":314,"url":"https:\/\/www.stille.se\/se\/wp-content\/uploads\/2019\/12\/stille-logo-800.jpg","type":"image\/jpeg"}],"twitter_card":"summary_large_image","twitter_misc":{"Ber\u00e4knad l\u00e4stid":"1 minut"},"schema":{"@context":"https:\/\/schema.org","@graph":[{"@type":"Organization","@id":"https:\/\/www.stille.se\/se\/#organization","name":"Stille AB","url":"https:\/\/www.stille.se\/se\/","sameAs":["https:\/\/www.facebook.com\/stilleab\/","https:\/\/www.linkedin.com\/company\/stille-ab\/","https:\/\/www.youtube.com\/channel\/UCpxmVroiwKKSXWe3ZCOrSqw"],"logo":{"@type":"ImageObject","@id":"https:\/\/www.stille.se\/se\/#logo","inLanguage":"sv-SE","url":"https:\/\/www.stille.se\/se\/wp-content\/uploads\/2019\/12\/stille-logo-800.jpg","contentUrl":"https:\/\/www.stille.se\/se\/wp-content\/uploads\/2019\/12\/stille-logo-800.jpg","width":562,"height":314,"caption":"Stille AB"},"image":{"@id":"https:\/\/www.stille.se\/se\/#logo"}},{"@type":"WebSite","@id":"https:\/\/www.stille.se\/se\/#website","url":"https:\/\/www.stille.se\/se\/","name":"Stille SE","description":"","publisher":{"@id":"https:\/\/www.stille.se\/se\/#organization"},"potentialAction":[{"@type":"SearchAction","target":{"@type":"EntryPoint","urlTemplate":"https:\/\/www.stille.se\/se\/?s={search_term_string}"},"query-input":"required name=search_term_string"}],"inLanguage":"sv-SE"},{"@type":"WebPage","@id":"https:\/\/www.stille.se\/se\/?page_id=1191#webpage","url":"https:\/\/www.stille.se\/se\/?page_id=1191","name":"Finansiella rapporter &amp; nyheter - STILLE","isPartOf":{"@id":"https:\/\/www.stille.se\/se\/#website"},"datePublished":"2019-11-22T15:56:28+00:00","dateModified":"2024-02-19T15:11:01+00:00","breadcrumb":{"@id":"https:\/\/www.stille.se\/se\/?page_id=1191#breadcrumb"},"inLanguage":"sv-SE","potentialAction":[{"@type":"ReadAction","target":["https:\/\/www.stille.se\/se\/?page_id=1191"]}]},{"@type":"BreadcrumbList","@id":"https:\/\/www.stille.se\/se\/?page_id=1191#breadcrumb","itemListElement":[{"@type":"ListItem","position":1,"name":"Hem","item":"https:\/\/www.stille.se\/se\/"},{"@type":"ListItem","position":2,"name":"Investerare","item":"https:\/\/www.stille.se\/se\/?page_id=1107"},{"@type":"ListItem","position":3,"name":"Finansiella rapporter &amp; nyheter"}]}]}},"_links":{"self":[{"href":"https:\/\/www.stille.se\/se\/wp-json\/wp\/v2\/pages\/1191"}],"collection":[{"href":"https:\/\/www.stille.se\/se\/wp-json\/wp\/v2\/pages"}],"about":[{"href":"https:\/\/www.stille.se\/se\/wp-json\/wp\/v2\/types\/page"}],"author":[{"embeddable":true,"href":"https:\/\/www.stille.se\/se\/wp-json\/wp\/v2\/users\/33"}],"replies":[{"embeddable":true,"href":"https:\/\/www.stille.se\/se\/wp-json\/wp\/v2\/comments?post=1191"}],"version-history":[{"count":22,"href":"https:\/\/www.stille.se\/se\/wp-json\/wp\/v2\/pages\/1191\/revisions"}],"predecessor-version":[{"id":47977,"href":"https:\/\/www.stille.se\/se\/wp-json\/wp\/v2\/pages\/1191\/revisions\/47977"}],"up":[{"embeddable":true,"href":"https:\/\/www.stille.se\/se\/wp-json\/wp\/v2\/pages\/1107"}],"wp:attachment":[{"href":"https:\/\/www.stille.se\/se\/wp-json\/wp\/v2\/media?parent=1191"}],"curies":[{"name":"wp","href":"https:\/\/api.w.org\/{rel}","templated":true}]}}