{"id":1197,"date":"2019-11-22T15:56:30","date_gmt":"2019-11-22T15:56:30","guid":{"rendered":"https:\/\/www.stille.se\/se\/513-2__trashed\/regulatoriska-pressmeddelanden\/"},"modified":"2024-02-26T10:14:57","modified_gmt":"2024-02-26T09:14:57","slug":"regulatoriska-pressmeddelanden","status":"publish","type":"page","link":"https:\/\/www.stille.se\/se\/investerare\/finansiella-rapporter-nyheter\/regulatoriska-pressmeddelanden\/","title":{"rendered":"Regulatoriska pressmeddelanden"},"content":{"rendered":"<h1>Regulatoriska pressmeddelanden<\/h1>\n<p>H\u00e4r hittar du alla v\u00e5ra regulatoriska pressmeddelanden.<\/p>\n\n<div class=\"mfn-newsfeed\"><div class=\"mfn-list\"><h4 class='mfn-feed-year-header' id='mfn-feed-year-header-2026'>2026<\/h4>\n            <div class='mfn-item'>\n                <div class='mfn-item-header'>\n                    <span class='mfn-date'>2026-04-02 09:00<\/span>\n                    <span class='mfn-title'>\n                        <a href='https:\/\/www.stille.se\/se\/nyheter\/kallelse-till-arsstamma-i-stille-ab-4\/'>KALLELSE TILL \u00c5RSST\u00c4MMA I STILLE AB<\/a>\n                    <\/span>\n                    <span class='mfn-tags'>\n            <span class='mfn-tag mfn-tag-mfn-regulatory'>Regulatory<\/span>\n        <\/span>\n                <\/div>     \n        <div class='mfn-item-thumbnail'><\/div>\n                <div class='mfn-item-body'>\n                    <div class='mfn-preview'>Stille AB h&aring;ller &aring;rsst&auml;mma den 7 maj 2026 klockan 14:00 p&aring; Advokatfirman Lindahls kontor p&aring; Sm&aring;landsgatan 16, Stockholm. Registreringen b&ouml;rjar klockan 13:30. F&Ouml;RUTS&Auml;TTNINGAR F&Ouml;R DELTAGANDE Aktie&auml;gare som vill delta i st&auml;mman ska: Anm&auml;lan om deltagande kan ske skriftligen till bolaget p&aring; adress Stille AB, Att: &Aring;rsst&auml;mma<span class=\"mfn-ellipsis\">...<\/span><\/div>\n                <\/div>\n            <\/div>        \n        \n            <div class='mfn-item'>\n                <div class='mfn-item-header'>\n                    <span class='mfn-date'>2026-04-02 08:00<\/span>\n                    <span class='mfn-title'>\n                        <a href='https:\/\/www.stille.se\/se\/nyheter\/stille-ab-arsredovisning-2025\/'>Stille AB: \u00c5rsredovisning 2025<\/a>\n                    <\/span>\n                    <span class='mfn-tags'>\n            <span class='mfn-tag mfn-tag-mfn-regulatory'>Regulatory<\/span>\n        <\/span>\n                <\/div>     \n        <div class='mfn-item-thumbnail'><\/div>\n                <div class='mfn-item-body'>\n                    <div class='mfn-preview'>Idag publiceras Stilles &aring;rsredovisning f&ouml;r verksamhets&aring;ret 2025 och &aring;terfinns p&aring; bolagets hemsida www.stille.se. En fullst&auml;ndig engelsk version kommer att publiceras p&aring; bolagets webbplats senast den 29 april.Torsh&auml;lla den 2 april, 2026. KontaktuppgifterUlrik BerthelsenVD och koncernchef+46 (0)73 033 38 25 | ulrik.berthelsen@stille.se Om ossStille AB (publ)<span class=\"mfn-ellipsis\">...<\/span><\/div>\n                <\/div>\n            <\/div>        \n        \n            <div class='mfn-item'>\n                <div class='mfn-item-header'>\n                    <span class='mfn-date'>2026-02-12 08:00<\/span>\n                    <span class='mfn-title'>\n                        <a href='https:\/\/www.stille.se\/se\/nyheter\/stille-ab-publ-redovisar-idag-rapporten-for-det-fjarde-kvartalet-och-helaret-2025\/'>Stille AB (publ) redovisar idag rapporten f\u00f6r det fj\u00e4rde kvartalet och hel\u00e5ret 2025.<\/a>\n                    <\/span>\n                    <span class='mfn-tags'>\n            <span class='mfn-tag mfn-tag-mfn-regulatory'>Regulatory<\/span>\n        \n            <span class='mfn-tag mfn-tag-mfn-regulatory-mar'>MAR<\/span>\n        <\/span>\n                <\/div>     \n        <div class='mfn-item-thumbnail'><\/div>\n                <div class='mfn-item-body'>\n                    <div class='mfn-preview'>Nettooms&auml;ttningen uppgick till 174,9 MSEK (161,2), en &ouml;kning med 8,5 procent (negativ organisk tillv&auml;xt om 6,1 procent). Kvartalet p&aring;verkades negativt av den utfasning av icke-strategiska produkter inom kirurgiska instrument som inleddes i b&ouml;rjan av 2025 (5,8 MSEK) samt en negativ valutaeffekt (9,9 MSEK). Justerat f&ouml;r dessa tv&aring; faktorer skulle den underliggande<span class=\"mfn-ellipsis\">...<\/span><\/div>\n                <\/div>\n            <\/div>        \n        <h4 class='mfn-feed-year-header' id='mfn-feed-year-header-2025'>2025<\/h4>\n            <div class='mfn-item'>\n                <div class='mfn-item-header'>\n                    <span class='mfn-date'>2025-12-23 14:40<\/span>\n                    <span class='mfn-title'>\n                        <a href='https:\/\/www.stille.se\/se\/nyheter\/rattelse-valberedning-for-arsstamman-2026-i-stille\/'>R\u00e4ttelse: Valberedning f\u00f6r \u00e5rsst\u00e4mman 2026 i Stille<\/a>\n                    <\/span>\n                    <span class='mfn-tags'>\n            <span class='mfn-tag mfn-tag-mfn-regulatory'>Regulatory<\/span>\n        <\/span>\n                <\/div>     \n        <div class='mfn-item-thumbnail'><\/div>\n                <div class='mfn-item-body'>\n                    <div class='mfn-preview'>Det f&ouml;reg&aring;ende pressmeddelandet skickades ut klockan 14:00 CET och har uppdaterats f&ouml;r att korrigera ett stavfel. Ingenting annat skiljer sig fr&aring;n det f&ouml;reg&aring;ende pressmeddelandet. Valberedningen i Stille AB (publ) (&ldquo;Stille&rdquo;, or &ldquo;the Company&rdquo;) skall best&aring; av tre ledam&ouml;ter, vilka skall representera de tre aktie&auml;gare med h&ouml;gst<span class=\"mfn-ellipsis\">...<\/span><\/div>\n                <\/div>\n            <\/div>        \n        \n            <div class='mfn-item'>\n                <div class='mfn-item-header'>\n                    <span class='mfn-date'>2025-12-23 14:00<\/span>\n                    <span class='mfn-title'>\n                        <a href='https:\/\/www.stille.se\/se\/nyheter\/valberedning-for-arsstammman-2026-i-stille\/'>Valberedning f\u00f6r \u00e5rsst\u00e4mmman 2026 i Stille<\/a>\n                    <\/span>\n                    <span class='mfn-tags'>\n            <span class='mfn-tag mfn-tag-mfn-regulatory'>Regulatory<\/span>\n        <\/span>\n                <\/div>     \n        <div class='mfn-item-thumbnail'><\/div>\n                <div class='mfn-item-body'>\n                    <div class='mfn-preview'>Valeberedningen i Stille AB (publ) (&ldquo;Stille&rdquo;, or &ldquo;the Company&rdquo;) skall best&aring; av tre ledam&ouml;ter, vilka skall representera de tre aktie&auml;gare med h&ouml;gst antal aktier som &auml;r villiga att ing&aring; i valberedningen, samt styrelsens ordf&ouml;rande. Valberedningen skall utses under fj&auml;rde kvartalet p&aring; basis av aktieinnehavet vid utg&aring;ngen av<span class=\"mfn-ellipsis\">...<\/span><\/div>\n                <\/div>\n            <\/div>        \n        <\/div><div class='mfn-newsfeed-pagination'><a href='https:\/\/www.stille.se\/se\/wp-json\/wp\/v2\/pages\/1197?m-page=1' class='mfn-page-link mfn-page-link-next'>N\u00e4sta<\/a><\/div><\/div>\n","protected":false},"excerpt":{"rendered":"<p>Regulatoriska pressmeddelanden H\u00e4r hittar du alla v\u00e5ra regulatoriska pressmeddelanden.<\/p>\n","protected":false},"author":33,"featured_media":0,"parent":1191,"menu_order":0,"comment_status":"open","ping_status":"closed","template":"","meta":[],"acf":[],"yoast_head":"<!-- This site is optimized with the Yoast SEO plugin v17.9 - https:\/\/yoast.com\/wordpress\/plugins\/seo\/ -->\n<title>Regulatoriska pressmeddelanden - STILLE<\/title>\n<meta name=\"robots\" content=\"index, follow, max-snippet:-1, max-image-preview:large, max-video-preview:-1\" \/>\n<link rel=\"canonical\" href=\"https:\/\/www.stille.se\/se\/investerare\/finansiella-rapporter-nyheter\/regulatoriska-pressmeddelanden\/\" \/>\n<meta property=\"og:locale\" content=\"sv_SE\" \/>\n<meta property=\"og:type\" content=\"article\" \/>\n<meta property=\"og:title\" content=\"Regulatoriska pressmeddelanden - STILLE\" \/>\n<meta property=\"og:description\" content=\"Regulatoriska pressmeddelanden H\u00e4r hittar du alla v\u00e5ra regulatoriska pressmeddelanden.\" \/>\n<meta property=\"og:url\" content=\"https:\/\/www.stille.se\/se\/investerare\/finansiella-rapporter-nyheter\/regulatoriska-pressmeddelanden\/\" \/>\n<meta property=\"og:site_name\" content=\"Stille SE\" \/>\n<meta property=\"article:publisher\" content=\"https:\/\/www.facebook.com\/stilleab\/\" \/>\n<meta property=\"article:modified_time\" content=\"2024-02-26T09:14:57+00:00\" \/>\n<meta property=\"og:image\" content=\"https:\/\/www.stille.se\/se\/wp-content\/uploads\/2019\/12\/stille-logo-800.jpg\" \/>\n\t<meta property=\"og:image:width\" content=\"562\" \/>\n\t<meta property=\"og:image:height\" content=\"314\" \/>\n\t<meta property=\"og:image:type\" content=\"image\/jpeg\" \/>\n<meta name=\"twitter:card\" content=\"summary_large_image\" \/>\n<meta name=\"twitter:label1\" content=\"Ber\u00e4knad l\u00e4stid\" \/>\n\t<meta name=\"twitter:data1\" content=\"1 minut\" \/>\n<script type=\"application\/ld+json\" class=\"yoast-schema-graph\">{\"@context\":\"https:\/\/schema.org\",\"@graph\":[{\"@type\":\"Organization\",\"@id\":\"https:\/\/www.stille.se\/se\/#organization\",\"name\":\"Stille AB\",\"url\":\"https:\/\/www.stille.se\/se\/\",\"sameAs\":[\"https:\/\/www.facebook.com\/stilleab\/\",\"https:\/\/www.linkedin.com\/company\/stille-ab\/\",\"https:\/\/www.youtube.com\/channel\/UCpxmVroiwKKSXWe3ZCOrSqw\"],\"logo\":{\"@type\":\"ImageObject\",\"@id\":\"https:\/\/www.stille.se\/se\/#logo\",\"inLanguage\":\"sv-SE\",\"url\":\"https:\/\/www.stille.se\/se\/wp-content\/uploads\/2019\/12\/stille-logo-800.jpg\",\"contentUrl\":\"https:\/\/www.stille.se\/se\/wp-content\/uploads\/2019\/12\/stille-logo-800.jpg\",\"width\":562,\"height\":314,\"caption\":\"Stille AB\"},\"image\":{\"@id\":\"https:\/\/www.stille.se\/se\/#logo\"}},{\"@type\":\"WebSite\",\"@id\":\"https:\/\/www.stille.se\/se\/#website\",\"url\":\"https:\/\/www.stille.se\/se\/\",\"name\":\"Stille SE\",\"description\":\"\",\"publisher\":{\"@id\":\"https:\/\/www.stille.se\/se\/#organization\"},\"potentialAction\":[{\"@type\":\"SearchAction\",\"target\":{\"@type\":\"EntryPoint\",\"urlTemplate\":\"https:\/\/www.stille.se\/se\/?s={search_term_string}\"},\"query-input\":\"required name=search_term_string\"}],\"inLanguage\":\"sv-SE\"},{\"@type\":\"WebPage\",\"@id\":\"https:\/\/www.stille.se\/se\/investerare\/finansiella-rapporter-nyheter\/regulatoriska-pressmeddelanden\/#webpage\",\"url\":\"https:\/\/www.stille.se\/se\/investerare\/finansiella-rapporter-nyheter\/regulatoriska-pressmeddelanden\/\",\"name\":\"Regulatoriska pressmeddelanden - STILLE\",\"isPartOf\":{\"@id\":\"https:\/\/www.stille.se\/se\/#website\"},\"datePublished\":\"2019-11-22T15:56:30+00:00\",\"dateModified\":\"2024-02-26T09:14:57+00:00\",\"breadcrumb\":{\"@id\":\"https:\/\/www.stille.se\/se\/investerare\/finansiella-rapporter-nyheter\/regulatoriska-pressmeddelanden\/#breadcrumb\"},\"inLanguage\":\"sv-SE\",\"potentialAction\":[{\"@type\":\"ReadAction\",\"target\":[\"https:\/\/www.stille.se\/se\/investerare\/finansiella-rapporter-nyheter\/regulatoriska-pressmeddelanden\/\"]}]},{\"@type\":\"BreadcrumbList\",\"@id\":\"https:\/\/www.stille.se\/se\/investerare\/finansiella-rapporter-nyheter\/regulatoriska-pressmeddelanden\/#breadcrumb\",\"itemListElement\":[{\"@type\":\"ListItem\",\"position\":1,\"name\":\"Hem\",\"item\":\"https:\/\/www.stille.se\/se\/\"},{\"@type\":\"ListItem\",\"position\":2,\"name\":\"Investerare\",\"item\":\"https:\/\/www.stille.se\/se\/?page_id=1107\"},{\"@type\":\"ListItem\",\"position\":3,\"name\":\"Finansiella rapporter &amp; nyheter\",\"item\":\"https:\/\/www.stille.se\/se\/?page_id=1191\"},{\"@type\":\"ListItem\",\"position\":4,\"name\":\"Regulatoriska pressmeddelanden\"}]}]}<\/script>\n<!-- \/ Yoast SEO plugin. -->","yoast_head_json":{"title":"Regulatoriska pressmeddelanden - STILLE","robots":{"index":"index","follow":"follow","max-snippet":"max-snippet:-1","max-image-preview":"max-image-preview:large","max-video-preview":"max-video-preview:-1"},"canonical":"https:\/\/www.stille.se\/se\/investerare\/finansiella-rapporter-nyheter\/regulatoriska-pressmeddelanden\/","og_locale":"sv_SE","og_type":"article","og_title":"Regulatoriska pressmeddelanden - STILLE","og_description":"Regulatoriska pressmeddelanden H\u00e4r hittar du alla v\u00e5ra regulatoriska pressmeddelanden.","og_url":"https:\/\/www.stille.se\/se\/investerare\/finansiella-rapporter-nyheter\/regulatoriska-pressmeddelanden\/","og_site_name":"Stille SE","article_publisher":"https:\/\/www.facebook.com\/stilleab\/","article_modified_time":"2024-02-26T09:14:57+00:00","og_image":[{"width":562,"height":314,"url":"https:\/\/www.stille.se\/se\/wp-content\/uploads\/2019\/12\/stille-logo-800.jpg","type":"image\/jpeg"}],"twitter_card":"summary_large_image","twitter_misc":{"Ber\u00e4knad l\u00e4stid":"1 minut"},"schema":{"@context":"https:\/\/schema.org","@graph":[{"@type":"Organization","@id":"https:\/\/www.stille.se\/se\/#organization","name":"Stille AB","url":"https:\/\/www.stille.se\/se\/","sameAs":["https:\/\/www.facebook.com\/stilleab\/","https:\/\/www.linkedin.com\/company\/stille-ab\/","https:\/\/www.youtube.com\/channel\/UCpxmVroiwKKSXWe3ZCOrSqw"],"logo":{"@type":"ImageObject","@id":"https:\/\/www.stille.se\/se\/#logo","inLanguage":"sv-SE","url":"https:\/\/www.stille.se\/se\/wp-content\/uploads\/2019\/12\/stille-logo-800.jpg","contentUrl":"https:\/\/www.stille.se\/se\/wp-content\/uploads\/2019\/12\/stille-logo-800.jpg","width":562,"height":314,"caption":"Stille AB"},"image":{"@id":"https:\/\/www.stille.se\/se\/#logo"}},{"@type":"WebSite","@id":"https:\/\/www.stille.se\/se\/#website","url":"https:\/\/www.stille.se\/se\/","name":"Stille SE","description":"","publisher":{"@id":"https:\/\/www.stille.se\/se\/#organization"},"potentialAction":[{"@type":"SearchAction","target":{"@type":"EntryPoint","urlTemplate":"https:\/\/www.stille.se\/se\/?s={search_term_string}"},"query-input":"required name=search_term_string"}],"inLanguage":"sv-SE"},{"@type":"WebPage","@id":"https:\/\/www.stille.se\/se\/investerare\/finansiella-rapporter-nyheter\/regulatoriska-pressmeddelanden\/#webpage","url":"https:\/\/www.stille.se\/se\/investerare\/finansiella-rapporter-nyheter\/regulatoriska-pressmeddelanden\/","name":"Regulatoriska pressmeddelanden - STILLE","isPartOf":{"@id":"https:\/\/www.stille.se\/se\/#website"},"datePublished":"2019-11-22T15:56:30+00:00","dateModified":"2024-02-26T09:14:57+00:00","breadcrumb":{"@id":"https:\/\/www.stille.se\/se\/investerare\/finansiella-rapporter-nyheter\/regulatoriska-pressmeddelanden\/#breadcrumb"},"inLanguage":"sv-SE","potentialAction":[{"@type":"ReadAction","target":["https:\/\/www.stille.se\/se\/investerare\/finansiella-rapporter-nyheter\/regulatoriska-pressmeddelanden\/"]}]},{"@type":"BreadcrumbList","@id":"https:\/\/www.stille.se\/se\/investerare\/finansiella-rapporter-nyheter\/regulatoriska-pressmeddelanden\/#breadcrumb","itemListElement":[{"@type":"ListItem","position":1,"name":"Hem","item":"https:\/\/www.stille.se\/se\/"},{"@type":"ListItem","position":2,"name":"Investerare","item":"https:\/\/www.stille.se\/se\/?page_id=1107"},{"@type":"ListItem","position":3,"name":"Finansiella rapporter &amp; nyheter","item":"https:\/\/www.stille.se\/se\/?page_id=1191"},{"@type":"ListItem","position":4,"name":"Regulatoriska pressmeddelanden"}]}]}},"_links":{"self":[{"href":"https:\/\/www.stille.se\/se\/wp-json\/wp\/v2\/pages\/1197"}],"collection":[{"href":"https:\/\/www.stille.se\/se\/wp-json\/wp\/v2\/pages"}],"about":[{"href":"https:\/\/www.stille.se\/se\/wp-json\/wp\/v2\/types\/page"}],"author":[{"embeddable":true,"href":"https:\/\/www.stille.se\/se\/wp-json\/wp\/v2\/users\/33"}],"replies":[{"embeddable":true,"href":"https:\/\/www.stille.se\/se\/wp-json\/wp\/v2\/comments?post=1197"}],"version-history":[{"count":16,"href":"https:\/\/www.stille.se\/se\/wp-json\/wp\/v2\/pages\/1197\/revisions"}],"predecessor-version":[{"id":47578,"href":"https:\/\/www.stille.se\/se\/wp-json\/wp\/v2\/pages\/1197\/revisions\/47578"}],"up":[{"embeddable":true,"href":"https:\/\/www.stille.se\/se\/wp-json\/wp\/v2\/pages\/1191"}],"wp:attachment":[{"href":"https:\/\/www.stille.se\/se\/wp-json\/wp\/v2\/media?parent=1197"}],"curies":[{"name":"wp","href":"https:\/\/api.w.org\/{rel}","templated":true}]}}