{"id":1203,"date":"2019-11-22T15:56:33","date_gmt":"2019-11-22T15:56:33","guid":{"rendered":"https:\/\/www.stille.se\/se\/513-2__trashed\/om-oss\/"},"modified":"2020-02-19T08:13:42","modified_gmt":"2020-02-19T08:13:42","slug":"om-oss","status":"publish","type":"page","link":"https:\/\/www.stille.se\/se\/om-oss\/","title":{"rendered":"Om oss"},"content":{"rendered":"<h1>Om Stille<\/h1>\n<p>Dagens Stille \u00e4r resultatet av n\u00e4rmare 180 \u00e5r av innovation i h\u00e4lso- och sjukv\u00e5rdens tj\u00e4nst, allt sedan Albert Stille grundade f\u00f6retaget 1841. Vi har sedan starten tillverkat och marknadsf\u00f6rt operationsinstrument av premiumkvalitet som underl\u00e4ttar arbetet f\u00f6r l\u00e4kare och kirurger och som gjort nya typer av operationer m\u00f6jliga.<\/p>\n<p>Vi \u00e4r ocks\u00e5 marknadsledande inom segmentet operationsbord som anv\u00e4nds tillsammans med C-b\u00e5ge vid minimalinvasiva ingrepp med hj\u00e4lp av fluoroskopi. Vi har etablerade samarbeten med bland annat GE Healthcare, Ziehm Imaging, Philips och Siemens Healthineers.<\/p>\n<p><strong>V\u00e5r vision och v\u00e5ra v\u00e4rderingar<\/strong><\/p>\n<p>Stilles vision \u00e4r att vi med v\u00e5ra produkter ska skapa f\u00f6ruts\u00e4ttningar f\u00f6r kirurgisk perfektion: \u201dSurgical Perfection. For Life\u201d.<\/p>\n<p>Vi str\u00e4var efter att utveckla produkter och l\u00f6sningar som g\u00f6r dina kirurgiska ingrepp s\u00e4krare och mer kostnadseffektiva. Genom ett n\u00e4ra samarbete med kirurger och deras team l\u00e4r vi oss st\u00e4ndigt mer om vilka problem och utmaningar ni m\u00f6ter i ert arbete och om vilka l\u00f6sningar ni efterfr\u00e5gar. V\u00e5r produktutveckling och produktion k\u00e4nnetecknas av mycket h\u00f6ga krav p\u00e5 kvalitet.<\/p>\n<p>I allt vi g\u00f6r, har vi v\u00e5ra tre k\u00e4rnv\u00e4rden som ledstj\u00e4rnor:<\/p>\n<p><strong>Perfektion<\/strong><\/p>\n<p>Vi str\u00e4var efter perfektion i allt vi g\u00f6r. F\u00f6r att leva upp till dina h\u00f6gt st\u00e4llda f\u00f6rv\u00e4ntningar str\u00e4var vi i varje led efter ett perfekt resultat: en perfekt produktionsprocess, en perfekt leverans och perfekt service till dig som kund.<\/p>\n<p><strong>Passion<\/strong><\/p>\n<p>Hos Stille finns en ned\u00e4rvd passion f\u00f6r det vi g\u00f6r. Vi utvecklar och marknadsf\u00f6r m\u00e5nga olika produkter och de har en viktig sak gemensamt: att de ska f\u00f6renkla och f\u00f6rb\u00e4ttra, b\u00e5de f\u00f6r dig som l\u00e4kare och f\u00f6r dina patienter.<\/p>\n<p><strong>P\u00e5litlighet<\/strong><\/p>\n<p>Du och dina patienter ska alltid kunna lita p\u00e5 v\u00e5ra produkter och p\u00e5 att vi som f\u00f6retag lever upp till det vi lovat. Alla som arbetar p\u00e5 Stille tar personligt ansvar f\u00f6r sitt arbete och en del av v\u00e5r f\u00f6retagskultur \u00e4r att vi \u00e4r \u00e4rliga och \u00f6ppna, b\u00e5de mot varandra och mot dig som kund.<\/p>\n<p>V\u00e5ra k\u00e4rnv\u00e4rden utg\u00f6r grunden f\u00f6r Stilles kultur, ledarskap och framg\u00e5ng.<\/p>\n","protected":false},"excerpt":{"rendered":"<p>Om Stille Dagens Stille \u00e4r resultatet av n\u00e4rmare 180 \u00e5r av innovation i h\u00e4lso- och sjukv\u00e5rdens tj\u00e4nst, allt sedan Albert Stille grundade f\u00f6retaget 1841. Vi har sedan starten tillverkat och marknadsf\u00f6rt operationsinstrument av premiumkvalitet som underl\u00e4ttar arbetet f\u00f6r l\u00e4kare och kirurger och som gjort nya typer av operationer m\u00f6jliga. Vi \u00e4r ocks\u00e5 marknadsledande inom segmentet&#8230;<\/p>\n","protected":false},"author":33,"featured_media":0,"parent":0,"menu_order":6,"comment_status":"open","ping_status":"closed","template":"","meta":[],"acf":[],"yoast_head":"<!-- This site is optimized with the Yoast SEO plugin v17.9 - https:\/\/yoast.com\/wordpress\/plugins\/seo\/ -->\n<title>Om oss - STILLE<\/title>\n<meta name=\"robots\" content=\"index, follow, max-snippet:-1, max-image-preview:large, max-video-preview:-1\" \/>\n<link rel=\"canonical\" href=\"https:\/\/www.stille.se\/se\/om-oss\/\" \/>\n<meta property=\"og:locale\" content=\"sv_SE\" \/>\n<meta property=\"og:type\" content=\"article\" \/>\n<meta property=\"og:title\" content=\"Om oss - STILLE\" \/>\n<meta property=\"og:description\" content=\"Om Stille Dagens Stille \u00e4r resultatet av n\u00e4rmare 180 \u00e5r av innovation i h\u00e4lso- och sjukv\u00e5rdens tj\u00e4nst, allt sedan Albert Stille grundade f\u00f6retaget 1841. Vi har sedan starten tillverkat och marknadsf\u00f6rt operationsinstrument av premiumkvalitet som underl\u00e4ttar arbetet f\u00f6r l\u00e4kare och kirurger och som gjort nya typer av operationer m\u00f6jliga. Vi \u00e4r ocks\u00e5 marknadsledande inom segmentet...\" \/>\n<meta property=\"og:url\" content=\"https:\/\/www.stille.se\/se\/om-oss\/\" \/>\n<meta property=\"og:site_name\" content=\"Stille SE\" \/>\n<meta property=\"article:publisher\" content=\"https:\/\/www.facebook.com\/stilleab\/\" \/>\n<meta property=\"article:modified_time\" content=\"2020-02-19T08:13:42+00:00\" \/>\n<meta property=\"og:image\" content=\"https:\/\/www.stille.se\/se\/wp-content\/uploads\/2019\/12\/stille-logo-800.jpg\" \/>\n\t<meta property=\"og:image:width\" content=\"562\" \/>\n\t<meta property=\"og:image:height\" content=\"314\" \/>\n\t<meta property=\"og:image:type\" content=\"image\/jpeg\" \/>\n<meta name=\"twitter:card\" content=\"summary_large_image\" \/>\n<meta name=\"twitter:label1\" content=\"Ber\u00e4knad l\u00e4stid\" \/>\n\t<meta name=\"twitter:data1\" content=\"2 minuter\" \/>\n<script type=\"application\/ld+json\" class=\"yoast-schema-graph\">{\"@context\":\"https:\/\/schema.org\",\"@graph\":[{\"@type\":\"Organization\",\"@id\":\"https:\/\/www.stille.se\/se\/#organization\",\"name\":\"Stille AB\",\"url\":\"https:\/\/www.stille.se\/se\/\",\"sameAs\":[\"https:\/\/www.facebook.com\/stilleab\/\",\"https:\/\/www.linkedin.com\/company\/stille-ab\/\",\"https:\/\/www.youtube.com\/channel\/UCpxmVroiwKKSXWe3ZCOrSqw\"],\"logo\":{\"@type\":\"ImageObject\",\"@id\":\"https:\/\/www.stille.se\/se\/#logo\",\"inLanguage\":\"sv-SE\",\"url\":\"https:\/\/www.stille.se\/se\/wp-content\/uploads\/2019\/12\/stille-logo-800.jpg\",\"contentUrl\":\"https:\/\/www.stille.se\/se\/wp-content\/uploads\/2019\/12\/stille-logo-800.jpg\",\"width\":562,\"height\":314,\"caption\":\"Stille AB\"},\"image\":{\"@id\":\"https:\/\/www.stille.se\/se\/#logo\"}},{\"@type\":\"WebSite\",\"@id\":\"https:\/\/www.stille.se\/se\/#website\",\"url\":\"https:\/\/www.stille.se\/se\/\",\"name\":\"Stille SE\",\"description\":\"\",\"publisher\":{\"@id\":\"https:\/\/www.stille.se\/se\/#organization\"},\"potentialAction\":[{\"@type\":\"SearchAction\",\"target\":{\"@type\":\"EntryPoint\",\"urlTemplate\":\"https:\/\/www.stille.se\/se\/?s={search_term_string}\"},\"query-input\":\"required name=search_term_string\"}],\"inLanguage\":\"sv-SE\"},{\"@type\":\"WebPage\",\"@id\":\"https:\/\/www.stille.se\/se\/om-oss\/#webpage\",\"url\":\"https:\/\/www.stille.se\/se\/om-oss\/\",\"name\":\"Om oss - STILLE\",\"isPartOf\":{\"@id\":\"https:\/\/www.stille.se\/se\/#website\"},\"datePublished\":\"2019-11-22T15:56:33+00:00\",\"dateModified\":\"2020-02-19T08:13:42+00:00\",\"breadcrumb\":{\"@id\":\"https:\/\/www.stille.se\/se\/om-oss\/#breadcrumb\"},\"inLanguage\":\"sv-SE\",\"potentialAction\":[{\"@type\":\"ReadAction\",\"target\":[\"https:\/\/www.stille.se\/se\/om-oss\/\"]}]},{\"@type\":\"BreadcrumbList\",\"@id\":\"https:\/\/www.stille.se\/se\/om-oss\/#breadcrumb\",\"itemListElement\":[{\"@type\":\"ListItem\",\"position\":1,\"name\":\"Hem\",\"item\":\"https:\/\/www.stille.se\/se\/\"},{\"@type\":\"ListItem\",\"position\":2,\"name\":\"Om oss\"}]}]}<\/script>\n<!-- \/ Yoast SEO plugin. -->","yoast_head_json":{"title":"Om oss - STILLE","robots":{"index":"index","follow":"follow","max-snippet":"max-snippet:-1","max-image-preview":"max-image-preview:large","max-video-preview":"max-video-preview:-1"},"canonical":"https:\/\/www.stille.se\/se\/om-oss\/","og_locale":"sv_SE","og_type":"article","og_title":"Om oss - STILLE","og_description":"Om Stille Dagens Stille \u00e4r resultatet av n\u00e4rmare 180 \u00e5r av innovation i h\u00e4lso- och sjukv\u00e5rdens tj\u00e4nst, allt sedan Albert Stille grundade f\u00f6retaget 1841. Vi har sedan starten tillverkat och marknadsf\u00f6rt operationsinstrument av premiumkvalitet som underl\u00e4ttar arbetet f\u00f6r l\u00e4kare och kirurger och som gjort nya typer av operationer m\u00f6jliga. Vi \u00e4r ocks\u00e5 marknadsledande inom segmentet...","og_url":"https:\/\/www.stille.se\/se\/om-oss\/","og_site_name":"Stille SE","article_publisher":"https:\/\/www.facebook.com\/stilleab\/","article_modified_time":"2020-02-19T08:13:42+00:00","og_image":[{"width":562,"height":314,"url":"https:\/\/www.stille.se\/se\/wp-content\/uploads\/2019\/12\/stille-logo-800.jpg","type":"image\/jpeg"}],"twitter_card":"summary_large_image","twitter_misc":{"Ber\u00e4knad l\u00e4stid":"2 minuter"},"schema":{"@context":"https:\/\/schema.org","@graph":[{"@type":"Organization","@id":"https:\/\/www.stille.se\/se\/#organization","name":"Stille AB","url":"https:\/\/www.stille.se\/se\/","sameAs":["https:\/\/www.facebook.com\/stilleab\/","https:\/\/www.linkedin.com\/company\/stille-ab\/","https:\/\/www.youtube.com\/channel\/UCpxmVroiwKKSXWe3ZCOrSqw"],"logo":{"@type":"ImageObject","@id":"https:\/\/www.stille.se\/se\/#logo","inLanguage":"sv-SE","url":"https:\/\/www.stille.se\/se\/wp-content\/uploads\/2019\/12\/stille-logo-800.jpg","contentUrl":"https:\/\/www.stille.se\/se\/wp-content\/uploads\/2019\/12\/stille-logo-800.jpg","width":562,"height":314,"caption":"Stille AB"},"image":{"@id":"https:\/\/www.stille.se\/se\/#logo"}},{"@type":"WebSite","@id":"https:\/\/www.stille.se\/se\/#website","url":"https:\/\/www.stille.se\/se\/","name":"Stille SE","description":"","publisher":{"@id":"https:\/\/www.stille.se\/se\/#organization"},"potentialAction":[{"@type":"SearchAction","target":{"@type":"EntryPoint","urlTemplate":"https:\/\/www.stille.se\/se\/?s={search_term_string}"},"query-input":"required name=search_term_string"}],"inLanguage":"sv-SE"},{"@type":"WebPage","@id":"https:\/\/www.stille.se\/se\/om-oss\/#webpage","url":"https:\/\/www.stille.se\/se\/om-oss\/","name":"Om oss - STILLE","isPartOf":{"@id":"https:\/\/www.stille.se\/se\/#website"},"datePublished":"2019-11-22T15:56:33+00:00","dateModified":"2020-02-19T08:13:42+00:00","breadcrumb":{"@id":"https:\/\/www.stille.se\/se\/om-oss\/#breadcrumb"},"inLanguage":"sv-SE","potentialAction":[{"@type":"ReadAction","target":["https:\/\/www.stille.se\/se\/om-oss\/"]}]},{"@type":"BreadcrumbList","@id":"https:\/\/www.stille.se\/se\/om-oss\/#breadcrumb","itemListElement":[{"@type":"ListItem","position":1,"name":"Hem","item":"https:\/\/www.stille.se\/se\/"},{"@type":"ListItem","position":2,"name":"Om oss"}]}]}},"_links":{"self":[{"href":"https:\/\/www.stille.se\/se\/wp-json\/wp\/v2\/pages\/1203"}],"collection":[{"href":"https:\/\/www.stille.se\/se\/wp-json\/wp\/v2\/pages"}],"about":[{"href":"https:\/\/www.stille.se\/se\/wp-json\/wp\/v2\/types\/page"}],"author":[{"embeddable":true,"href":"https:\/\/www.stille.se\/se\/wp-json\/wp\/v2\/users\/33"}],"replies":[{"embeddable":true,"href":"https:\/\/www.stille.se\/se\/wp-json\/wp\/v2\/comments?post=1203"}],"version-history":[{"count":9,"href":"https:\/\/www.stille.se\/se\/wp-json\/wp\/v2\/pages\/1203\/revisions"}],"predecessor-version":[{"id":29568,"href":"https:\/\/www.stille.se\/se\/wp-json\/wp\/v2\/pages\/1203\/revisions\/29568"}],"wp:attachment":[{"href":"https:\/\/www.stille.se\/se\/wp-json\/wp\/v2\/media?parent=1203"}],"curies":[{"name":"wp","href":"https:\/\/api.w.org\/{rel}","templated":true}]}}