{"id":1206,"date":"2019-11-22T15:56:34","date_gmt":"2019-11-22T15:56:34","guid":{"rendered":"https:\/\/www.stille.se\/se\/513-2__trashed\/historik\/"},"modified":"2020-02-19T08:13:42","modified_gmt":"2020-02-19T08:13:42","slug":"historik","status":"publish","type":"page","link":"https:\/\/www.stille.se\/se\/om-oss\/historik\/","title":{"rendered":"Historik"},"content":{"rendered":"<h1>Historien om Stille AB<\/h1>\n<p class=\"preamble\"><strong>Stille grundades 1841 av Albert Stille, som hade en verkstad f\u00f6r kirurgiska instrument i anslutning till Karolinska institutet i Stockholm, vilket vid den tiden l\u00e5g vid Serafimerlasarettet p\u00e5 Kungsholmen i Stockholm.<\/strong><\/p>\n<h5>Under Albert och Max Stilles ledning<\/h5>\n<p>Under Alberts ledning tillverkade Stille kirurgiska instrument av h\u00f6gsta kvalitet, vilka ofta utvecklades i n\u00e4ra samarbete med l\u00e4kare. Albert etablerade \u00e4ven tillverkning av bandage och proteser, och kom att \u00f6ppna butiker f\u00f6r f\u00f6rs\u00e4ljning till allm\u00e4nheten.<\/p>\n<p>Albert drev verkstaden och f\u00f6retaget fram till sin d\u00f6d 1893, d\u00e5 sonen Max Stille tog \u00f6ver ledningen. Vid h\u00f6jdpunkten av sl\u00e4kten Stilles ledning hade Stille 100 medarbetare och hade en permanent utst\u00e4llningslokal om 1200 kvadratmeters golvyta som frekvent bes\u00f6ktes av kirurger fr\u00e5n hela v\u00e4rlden. 1910, fyra \u00e5r efter det att \u00e4ven Max avlidit, slogs Stille ihop med Instrument och f\u00f6rbandsaktiebolaget Ch. O. Werner, och det sammanslagna aktiebolaget fick namnet AB Stille-Werner.<\/p>\n<h5>20-talets recession drabbar \u00e4ven Stille<\/h5>\n<p>Efter ett uppsving i f\u00f6rs\u00e4ljning under f\u00f6rsta v\u00e4rldskriget, drivet framf\u00f6r allt av efterfr\u00e5gan till f\u00f6ljd av krigsskador, upplevde Stille-Werner sv\u00e5righeter under b\u00f6rjan av 1920 p\u00e5 grund av det allm\u00e4nna ekonomiska l\u00e4get och stora l\u00e5n. 1923 inleder Stille-Werner diskussioner om att \u00f6verl\u00e5ta r\u00e4tten att ensamt s\u00e4lja bolagets produkter i USA till Kruger &amp; Toll, i utbyte mot bland annat l\u00e5n till investeringar i l\u00f6p- och h\u00e4rdugnar.<br \/>\nDen stora recessionen i slutet p\u00e5 1920-talet inte minst i USA slog dock h\u00e5rt mot Stille-Werner, och 1931 var f\u00f6retaget konkursm\u00e4ssigt. Till f\u00f6ljd av Kruger-kraschen tvingades Stille-Werner komma \u00f6verens med de tv\u00e5 st\u00f6rsta l\u00e5ngivarna, att skulderna skulle skrivas ned mot att \u00e4ven aktiekapitalet skrevs ned. P\u00e5 s\u00e5 vis kom Svenska Inteckningsgaranti AB att \u00f6verta kontrollen \u00f6ver Stille-Werner.<\/p>\n<h5>En ny storhetstid inleds p\u00e5 30-talet under Nils Westerdahl<\/h5>\n<p>1932 uts\u00e5gs ocks\u00e5 disponent Nils Westerdahl till ny styrelseordf\u00f6rande f\u00f6r Stille-Werner och han f\u00f6rv\u00e4rvade bolaget 1938. Under hans ledning och \u00e4garskap inledde bolaget sin andra storhetsperiod. Till exempel \u00f6kade den \u00e5rliga instrumentproduktionen mellan 1933 och 1940 fr\u00e5n 43 000 till 145 000 instrument. De bakomliggande orsakerna till detta var f\u00f6rst Karolinska sjukhusets byggande under 1930-talet, d\u00e4refter andra v\u00e4rldskrigets \u00f6kade efterfr\u00e5gan medicinska produkter och slutligen utbyggnaden av svensk sjukv\u00e5rd och etableringen av svenska sjukhus som p\u00e5gick fram till 1970-talet.<\/p>\n<p>Dessutom var ledningen under disponent Westerdahl mycket framsynt och kompetent, och lyckades framg\u00e5ngsrikt dra f\u00f6rdel av sjukv\u00e5rdens expansion. Exempel p\u00e5 framsynta lanseringar och etableringar var utvecklingen av gigli-s\u00e5gen, samarbetet med professor Olivecrona inom neurokirurgi, lanseringen av det batteridrivna operationsbordet och lansering av ett genomlysningsbart och portabelt operationsbord till f\u00f6rsvaret. Disponent Westerdahl f\u00f6rblev aktiv inom Stille-Werner fram till f\u00f6rs\u00e4ljningen av bolaget 1974.<\/p>\n<h5>Stille flyttar tillverkningen till Eskilstuna<\/h5>\n<p>Mellan 1930-talet och 1960-talet flyttades stora delar av den svenska instrumenttillverkningen fr\u00e5n Stockholm till Eskilstuna. Exempel p\u00e5 f\u00f6retag som etablerade sig i Eskilstuna var disponent Walling fr\u00e5n firman CV Heljestrand som startade eget (1938), O.H. \u00d6berg (1943), Eskilstuna Sax och Instrument Aktiebolag (EISA, 1945), Br\u00f6derna Lindkvist (BROLI, 1945). Stille-Werner etablerade sig i Eskilstuna 1951 med k\u00f6pet av EISA och 1959 k\u00f6ptes BROLI.<\/p>\n<h5>Tiden i MoDo-koncernen<\/h5>\n<p>1974 meddelade f\u00f6retagsledningen f\u00f6r Stille-Werner att bolaget hade f\u00f6rv\u00e4rvats av MoDo-koncernen och Sanna Holding.<br \/>\nUnder 1990 och 1991 hamnade MoDo:s stor\u00e4gare Matts Carlgren och Sanna-holding i akuta likviditetsproblem. 1993 f\u00f6rsattes Sanna Holding i konkurs. Linc Invest med Bengt Julander som tongivande f\u00f6rv\u00e4rvade Stille fr\u00e5n konkursboet. Under 1990-talet f\u00f6rl\u00e4ggs tillverkningen i sin helhet till Eskilstuna.<\/p>\n<h5>Stille g\u00e5r samman med Sonesta<\/h5>\n<p>2002 slogs Stille samman med Sonesta AB. Sonesta grundades 1984 av Agneta Sundstr\u00f6m som ett handelsbolag f\u00f6r importerade medicinska produkter. 1993 hade Sonesta lanserat sin f\u00f6rsta egna produkt, en gynekologistol. Under de f\u00f6ljande \u00e5ren lanserade Sonesta ett antal bordsprodukter f\u00f6r gynekologi och urologi \u2013 ofta i n\u00e4ra samarbete med l\u00e4kare \u2013 och lyckades bygga en marknadsledande position framf\u00f6r allt p\u00e5 den amerikanska marknaden.<\/p>\n<p>Genom att g\u00e5 samman s\u00e5g Stille och Sonesta en m\u00f6jlighet att skapa synergier inom f\u00f6rs\u00e4ljning, d\u00e5 Stille vid den tiden hade en blygsam f\u00f6rs\u00e4ljning p\u00e5 den amerikanska kontinenten men en stark st\u00e4llning i Europa och delar av Asien. Dessutom kunde Stille genom samg\u00e5endet bli noterat p\u00e5 Stockholmsb\u00f6rsen, vilket ocks\u00e5 skedde 2002.<\/p>\n<h5>Stille: Perfektion, Passion och P\u00e5litlighet<\/h5>\n<p>Att Stille genom \u00e5ren ansetts som en v\u00e4rldsledande tillverkare av kirurgiska instrument \u00e4r allm\u00e4nt k\u00e4nt. Grunden till detta lades redan av Albert och Max Stille, som var oerh\u00f6rt m\u00e5na om att dels s\u00e4kerst\u00e4lla h\u00f6g kompetensniv\u00e5 hos medarbetarna, dels om att h\u00e5lla st\u00e4ndig och aktiv kontakt med l\u00e4kare och kirurger. I viss m\u00e5n f\u00f6rstod Max detta \u00e4nnu b\u00e4ttre \u00e4n Albert, d\u00e5 Max utvidgade Stilles kontaktn\u00e4t till att omfatta \u00e4ven l\u00e4kare i andra l\u00e4nder. Det \u00e4r en tradition som f\u00f6rst\u00e4rktes av disponent Westerdahl, och ett arv som personalen p\u00e5 Stille \u00e4ven idag f\u00f6rvaltar med mycket stolthet.<\/p>\n","protected":false},"excerpt":{"rendered":"<p>Historien om Stille AB Stille grundades 1841 av Albert Stille, som hade en verkstad f\u00f6r kirurgiska instrument i anslutning till Karolinska institutet i Stockholm, vilket vid den tiden l\u00e5g vid Serafimerlasarettet p\u00e5 Kungsholmen i Stockholm. Under Albert och Max Stilles ledning Under Alberts ledning tillverkade Stille kirurgiska instrument av h\u00f6gsta kvalitet, vilka ofta utvecklades i&#8230;<\/p>\n","protected":false},"author":33,"featured_media":0,"parent":1203,"menu_order":0,"comment_status":"open","ping_status":"open","template":"","meta":[],"acf":[],"yoast_head":"<!-- This site is optimized with the Yoast SEO plugin v17.9 - https:\/\/yoast.com\/wordpress\/plugins\/seo\/ -->\n<title>Historik - STILLE<\/title>\n<meta name=\"robots\" content=\"index, follow, max-snippet:-1, max-image-preview:large, max-video-preview:-1\" \/>\n<link rel=\"canonical\" href=\"https:\/\/www.stille.se\/se\/om-oss\/historik\/\" \/>\n<meta property=\"og:locale\" content=\"sv_SE\" \/>\n<meta property=\"og:type\" content=\"article\" \/>\n<meta property=\"og:title\" content=\"Historik - STILLE\" \/>\n<meta property=\"og:description\" content=\"Historien om Stille AB Stille grundades 1841 av Albert Stille, som hade en verkstad f\u00f6r kirurgiska instrument i anslutning till Karolinska institutet i Stockholm, vilket vid den tiden l\u00e5g vid Serafimerlasarettet p\u00e5 Kungsholmen i Stockholm. Under Albert och Max Stilles ledning Under Alberts ledning tillverkade Stille kirurgiska instrument av h\u00f6gsta kvalitet, vilka ofta utvecklades i...\" \/>\n<meta property=\"og:url\" content=\"https:\/\/www.stille.se\/se\/om-oss\/historik\/\" \/>\n<meta property=\"og:site_name\" content=\"Stille SE\" \/>\n<meta property=\"article:publisher\" content=\"https:\/\/www.facebook.com\/stilleab\/\" \/>\n<meta property=\"article:modified_time\" content=\"2020-02-19T08:13:42+00:00\" \/>\n<meta property=\"og:image\" content=\"https:\/\/www.stille.se\/se\/wp-content\/uploads\/2019\/12\/stille-logo-800.jpg\" \/>\n\t<meta property=\"og:image:width\" content=\"562\" \/>\n\t<meta property=\"og:image:height\" content=\"314\" \/>\n\t<meta property=\"og:image:type\" content=\"image\/jpeg\" \/>\n<meta name=\"twitter:card\" content=\"summary_large_image\" \/>\n<meta name=\"twitter:label1\" content=\"Ber\u00e4knad l\u00e4stid\" \/>\n\t<meta name=\"twitter:data1\" content=\"4 minuter\" \/>\n<script type=\"application\/ld+json\" class=\"yoast-schema-graph\">{\"@context\":\"https:\/\/schema.org\",\"@graph\":[{\"@type\":\"Organization\",\"@id\":\"https:\/\/www.stille.se\/se\/#organization\",\"name\":\"Stille AB\",\"url\":\"https:\/\/www.stille.se\/se\/\",\"sameAs\":[\"https:\/\/www.facebook.com\/stilleab\/\",\"https:\/\/www.linkedin.com\/company\/stille-ab\/\",\"https:\/\/www.youtube.com\/channel\/UCpxmVroiwKKSXWe3ZCOrSqw\"],\"logo\":{\"@type\":\"ImageObject\",\"@id\":\"https:\/\/www.stille.se\/se\/#logo\",\"inLanguage\":\"sv-SE\",\"url\":\"https:\/\/www.stille.se\/se\/wp-content\/uploads\/2019\/12\/stille-logo-800.jpg\",\"contentUrl\":\"https:\/\/www.stille.se\/se\/wp-content\/uploads\/2019\/12\/stille-logo-800.jpg\",\"width\":562,\"height\":314,\"caption\":\"Stille AB\"},\"image\":{\"@id\":\"https:\/\/www.stille.se\/se\/#logo\"}},{\"@type\":\"WebSite\",\"@id\":\"https:\/\/www.stille.se\/se\/#website\",\"url\":\"https:\/\/www.stille.se\/se\/\",\"name\":\"Stille SE\",\"description\":\"\",\"publisher\":{\"@id\":\"https:\/\/www.stille.se\/se\/#organization\"},\"potentialAction\":[{\"@type\":\"SearchAction\",\"target\":{\"@type\":\"EntryPoint\",\"urlTemplate\":\"https:\/\/www.stille.se\/se\/?s={search_term_string}\"},\"query-input\":\"required name=search_term_string\"}],\"inLanguage\":\"sv-SE\"},{\"@type\":\"WebPage\",\"@id\":\"https:\/\/www.stille.se\/se\/om-oss\/historik\/#webpage\",\"url\":\"https:\/\/www.stille.se\/se\/om-oss\/historik\/\",\"name\":\"Historik - STILLE\",\"isPartOf\":{\"@id\":\"https:\/\/www.stille.se\/se\/#website\"},\"datePublished\":\"2019-11-22T15:56:34+00:00\",\"dateModified\":\"2020-02-19T08:13:42+00:00\",\"breadcrumb\":{\"@id\":\"https:\/\/www.stille.se\/se\/om-oss\/historik\/#breadcrumb\"},\"inLanguage\":\"sv-SE\",\"potentialAction\":[{\"@type\":\"ReadAction\",\"target\":[\"https:\/\/www.stille.se\/se\/om-oss\/historik\/\"]}]},{\"@type\":\"BreadcrumbList\",\"@id\":\"https:\/\/www.stille.se\/se\/om-oss\/historik\/#breadcrumb\",\"itemListElement\":[{\"@type\":\"ListItem\",\"position\":1,\"name\":\"Hem\",\"item\":\"https:\/\/www.stille.se\/se\/\"},{\"@type\":\"ListItem\",\"position\":2,\"name\":\"Om oss\",\"item\":\"https:\/\/www.stille.se\/se\/om-oss\/\"},{\"@type\":\"ListItem\",\"position\":3,\"name\":\"Historik\"}]}]}<\/script>\n<!-- \/ Yoast SEO plugin. -->","yoast_head_json":{"title":"Historik - STILLE","robots":{"index":"index","follow":"follow","max-snippet":"max-snippet:-1","max-image-preview":"max-image-preview:large","max-video-preview":"max-video-preview:-1"},"canonical":"https:\/\/www.stille.se\/se\/om-oss\/historik\/","og_locale":"sv_SE","og_type":"article","og_title":"Historik - STILLE","og_description":"Historien om Stille AB Stille grundades 1841 av Albert Stille, som hade en verkstad f\u00f6r kirurgiska instrument i anslutning till Karolinska institutet i Stockholm, vilket vid den tiden l\u00e5g vid Serafimerlasarettet p\u00e5 Kungsholmen i Stockholm. Under Albert och Max Stilles ledning Under Alberts ledning tillverkade Stille kirurgiska instrument av h\u00f6gsta kvalitet, vilka ofta utvecklades i...","og_url":"https:\/\/www.stille.se\/se\/om-oss\/historik\/","og_site_name":"Stille SE","article_publisher":"https:\/\/www.facebook.com\/stilleab\/","article_modified_time":"2020-02-19T08:13:42+00:00","og_image":[{"width":562,"height":314,"url":"https:\/\/www.stille.se\/se\/wp-content\/uploads\/2019\/12\/stille-logo-800.jpg","type":"image\/jpeg"}],"twitter_card":"summary_large_image","twitter_misc":{"Ber\u00e4knad l\u00e4stid":"4 minuter"},"schema":{"@context":"https:\/\/schema.org","@graph":[{"@type":"Organization","@id":"https:\/\/www.stille.se\/se\/#organization","name":"Stille AB","url":"https:\/\/www.stille.se\/se\/","sameAs":["https:\/\/www.facebook.com\/stilleab\/","https:\/\/www.linkedin.com\/company\/stille-ab\/","https:\/\/www.youtube.com\/channel\/UCpxmVroiwKKSXWe3ZCOrSqw"],"logo":{"@type":"ImageObject","@id":"https:\/\/www.stille.se\/se\/#logo","inLanguage":"sv-SE","url":"https:\/\/www.stille.se\/se\/wp-content\/uploads\/2019\/12\/stille-logo-800.jpg","contentUrl":"https:\/\/www.stille.se\/se\/wp-content\/uploads\/2019\/12\/stille-logo-800.jpg","width":562,"height":314,"caption":"Stille AB"},"image":{"@id":"https:\/\/www.stille.se\/se\/#logo"}},{"@type":"WebSite","@id":"https:\/\/www.stille.se\/se\/#website","url":"https:\/\/www.stille.se\/se\/","name":"Stille SE","description":"","publisher":{"@id":"https:\/\/www.stille.se\/se\/#organization"},"potentialAction":[{"@type":"SearchAction","target":{"@type":"EntryPoint","urlTemplate":"https:\/\/www.stille.se\/se\/?s={search_term_string}"},"query-input":"required name=search_term_string"}],"inLanguage":"sv-SE"},{"@type":"WebPage","@id":"https:\/\/www.stille.se\/se\/om-oss\/historik\/#webpage","url":"https:\/\/www.stille.se\/se\/om-oss\/historik\/","name":"Historik - STILLE","isPartOf":{"@id":"https:\/\/www.stille.se\/se\/#website"},"datePublished":"2019-11-22T15:56:34+00:00","dateModified":"2020-02-19T08:13:42+00:00","breadcrumb":{"@id":"https:\/\/www.stille.se\/se\/om-oss\/historik\/#breadcrumb"},"inLanguage":"sv-SE","potentialAction":[{"@type":"ReadAction","target":["https:\/\/www.stille.se\/se\/om-oss\/historik\/"]}]},{"@type":"BreadcrumbList","@id":"https:\/\/www.stille.se\/se\/om-oss\/historik\/#breadcrumb","itemListElement":[{"@type":"ListItem","position":1,"name":"Hem","item":"https:\/\/www.stille.se\/se\/"},{"@type":"ListItem","position":2,"name":"Om oss","item":"https:\/\/www.stille.se\/se\/om-oss\/"},{"@type":"ListItem","position":3,"name":"Historik"}]}]}},"_links":{"self":[{"href":"https:\/\/www.stille.se\/se\/wp-json\/wp\/v2\/pages\/1206"}],"collection":[{"href":"https:\/\/www.stille.se\/se\/wp-json\/wp\/v2\/pages"}],"about":[{"href":"https:\/\/www.stille.se\/se\/wp-json\/wp\/v2\/types\/page"}],"author":[{"embeddable":true,"href":"https:\/\/www.stille.se\/se\/wp-json\/wp\/v2\/users\/33"}],"replies":[{"embeddable":true,"href":"https:\/\/www.stille.se\/se\/wp-json\/wp\/v2\/comments?post=1206"}],"version-history":[{"count":6,"href":"https:\/\/www.stille.se\/se\/wp-json\/wp\/v2\/pages\/1206\/revisions"}],"predecessor-version":[{"id":21873,"href":"https:\/\/www.stille.se\/se\/wp-json\/wp\/v2\/pages\/1206\/revisions\/21873"}],"up":[{"embeddable":true,"href":"https:\/\/www.stille.se\/se\/wp-json\/wp\/v2\/pages\/1203"}],"wp:attachment":[{"href":"https:\/\/www.stille.se\/se\/wp-json\/wp\/v2\/media?parent=1206"}],"curies":[{"name":"wp","href":"https:\/\/api.w.org\/{rel}","templated":true}]}}