{"id":1209,"date":"2019-11-22T15:56:36","date_gmt":"2019-11-22T15:56:36","guid":{"rendered":"https:\/\/www.stille.se\/se\/513-2__trashed\/affarsomraden\/"},"modified":"2026-01-15T11:36:24","modified_gmt":"2026-01-15T10:36:24","slug":"affarsomraden","status":"publish","type":"page","link":"https:\/\/www.stille.se\/se\/om-oss\/affarsomraden\/","title":{"rendered":"Aff\u00e4rsomr\u00e5den"},"content":{"rendered":"<h1>Aff\u00e4rsomr\u00e5den<\/h1>\n<p class=\"preamble\"><strong>Stilles kunder finns p\u00e5 bland annat sjukhus, frist\u00e5ende kliniker och dagkirurgiska enheter. Vi har delat in verksamheten i tv\u00e5 olika aff\u00e4rsomr\u00e5den.<\/strong><\/p>\n<h5>Kirurgiska instrument<\/h5>\n<p>Stilles kirurgiska instrument anv\u00e4nds vid olika typer av \u00f6ppen kirurgi. Vi har en komplett portf\u00f6lj av handsmidda instrument som utvecklats i samarbete med ledande kirurger fr\u00e5n olika l\u00e4nder. Stilles instrument ligger bra i handen, \u00e4r v\u00e4lbalanserade och ger kirurgen mycket h\u00f6g precision och tillf\u00f6rlitlighet. Alla Stilles instrument s\u00e4ljs med 30 \u00e5rs garanti.<\/p>\n<p><a href=\"\/se\/produkt-kategori\/kirurgiska-instrument\">Se v\u00e5ra kirurgiska instrument<\/a><\/p>\n<h5>Operationsbord f\u00f6r C-b\u00e5ge (fluoroskopi)<\/h5>\n<p>Stilles operationsbord anv\u00e4nds vid minimalinvasiva ingrepp d\u00e4r h\u00f6g precision och bildkvalitet \u00e4r n\u00f6dv\u00e4ndig. V\u00e5rt mest avancerade bord, imagiQ3 Legacy, har exceptionellt h\u00f6g genomlyslighet, vilket g\u00f6r att str\u00e5lningen som anv\u00e4nds kan minskas ordentligt utan att bildkvaliteten p\u00e5verkas.<br \/>\nV\u00e5ra operationsbord i Medstone-serien finns i en m\u00e4ngd olika varianter och kan konfigureras f\u00f6r att passa olika kirurgiska specialiteter och typer av ingrepp.<\/p>\n<p><a href=\"\/se\/produkt-kategori\/bord\">Se v\u00e5ra operationsbord f\u00f6r C-b\u00e5ge<\/a><\/p>\n","protected":false},"excerpt":{"rendered":"<p>Aff\u00e4rsomr\u00e5den Stilles kunder finns p\u00e5 bland annat sjukhus, frist\u00e5ende kliniker och dagkirurgiska enheter. Vi har delat in verksamheten i tv\u00e5 olika aff\u00e4rsomr\u00e5den. Kirurgiska instrument Stilles kirurgiska instrument anv\u00e4nds vid olika typer av \u00f6ppen kirurgi. Vi har en komplett portf\u00f6lj av handsmidda instrument som utvecklats i samarbete med ledande kirurger fr\u00e5n olika l\u00e4nder. Stilles instrument ligger&#8230;<\/p>\n","protected":false},"author":33,"featured_media":0,"parent":1203,"menu_order":0,"comment_status":"open","ping_status":"closed","template":"","meta":[],"acf":[],"yoast_head":"<!-- This site is optimized with the Yoast SEO plugin v17.9 - https:\/\/yoast.com\/wordpress\/plugins\/seo\/ -->\n<title>Aff\u00e4rsomr\u00e5den - STILLE<\/title>\n<meta name=\"robots\" content=\"index, follow, max-snippet:-1, max-image-preview:large, max-video-preview:-1\" \/>\n<link rel=\"canonical\" href=\"https:\/\/www.stille.se\/se\/om-oss\/affarsomraden\/\" \/>\n<meta property=\"og:locale\" content=\"sv_SE\" \/>\n<meta property=\"og:type\" content=\"article\" \/>\n<meta property=\"og:title\" content=\"Aff\u00e4rsomr\u00e5den - STILLE\" \/>\n<meta property=\"og:description\" content=\"Aff\u00e4rsomr\u00e5den Stilles kunder finns p\u00e5 bland annat sjukhus, frist\u00e5ende kliniker och dagkirurgiska enheter. Vi har delat in verksamheten i tv\u00e5 olika aff\u00e4rsomr\u00e5den. Kirurgiska instrument Stilles kirurgiska instrument anv\u00e4nds vid olika typer av \u00f6ppen kirurgi. Vi har en komplett portf\u00f6lj av handsmidda instrument som utvecklats i samarbete med ledande kirurger fr\u00e5n olika l\u00e4nder. Stilles instrument ligger...\" \/>\n<meta property=\"og:url\" content=\"https:\/\/www.stille.se\/se\/om-oss\/affarsomraden\/\" \/>\n<meta property=\"og:site_name\" content=\"Stille SE\" \/>\n<meta property=\"article:publisher\" content=\"https:\/\/www.facebook.com\/stilleab\/\" \/>\n<meta property=\"article:modified_time\" content=\"2026-01-15T10:36:24+00:00\" \/>\n<meta property=\"og:image\" content=\"https:\/\/www.stille.se\/se\/wp-content\/uploads\/2019\/12\/stille-logo-800.jpg\" \/>\n\t<meta property=\"og:image:width\" content=\"562\" \/>\n\t<meta property=\"og:image:height\" content=\"314\" \/>\n\t<meta property=\"og:image:type\" content=\"image\/jpeg\" \/>\n<meta name=\"twitter:card\" content=\"summary_large_image\" \/>\n<meta name=\"twitter:label1\" content=\"Ber\u00e4knad l\u00e4stid\" \/>\n\t<meta name=\"twitter:data1\" content=\"1 minut\" \/>\n<script type=\"application\/ld+json\" class=\"yoast-schema-graph\">{\"@context\":\"https:\/\/schema.org\",\"@graph\":[{\"@type\":\"Organization\",\"@id\":\"https:\/\/www.stille.se\/se\/#organization\",\"name\":\"Stille AB\",\"url\":\"https:\/\/www.stille.se\/se\/\",\"sameAs\":[\"https:\/\/www.facebook.com\/stilleab\/\",\"https:\/\/www.linkedin.com\/company\/stille-ab\/\",\"https:\/\/www.youtube.com\/channel\/UCpxmVroiwKKSXWe3ZCOrSqw\"],\"logo\":{\"@type\":\"ImageObject\",\"@id\":\"https:\/\/www.stille.se\/se\/#logo\",\"inLanguage\":\"sv-SE\",\"url\":\"https:\/\/www.stille.se\/se\/wp-content\/uploads\/2019\/12\/stille-logo-800.jpg\",\"contentUrl\":\"https:\/\/www.stille.se\/se\/wp-content\/uploads\/2019\/12\/stille-logo-800.jpg\",\"width\":562,\"height\":314,\"caption\":\"Stille AB\"},\"image\":{\"@id\":\"https:\/\/www.stille.se\/se\/#logo\"}},{\"@type\":\"WebSite\",\"@id\":\"https:\/\/www.stille.se\/se\/#website\",\"url\":\"https:\/\/www.stille.se\/se\/\",\"name\":\"Stille SE\",\"description\":\"\",\"publisher\":{\"@id\":\"https:\/\/www.stille.se\/se\/#organization\"},\"potentialAction\":[{\"@type\":\"SearchAction\",\"target\":{\"@type\":\"EntryPoint\",\"urlTemplate\":\"https:\/\/www.stille.se\/se\/?s={search_term_string}\"},\"query-input\":\"required name=search_term_string\"}],\"inLanguage\":\"sv-SE\"},{\"@type\":\"WebPage\",\"@id\":\"https:\/\/www.stille.se\/se\/om-oss\/affarsomraden\/#webpage\",\"url\":\"https:\/\/www.stille.se\/se\/om-oss\/affarsomraden\/\",\"name\":\"Aff\\u00e4rsomr\\u00e5den - STILLE\",\"isPartOf\":{\"@id\":\"https:\/\/www.stille.se\/se\/#website\"},\"datePublished\":\"2019-11-22T15:56:36+00:00\",\"dateModified\":\"2026-01-15T10:36:24+00:00\",\"breadcrumb\":{\"@id\":\"https:\/\/www.stille.se\/se\/om-oss\/affarsomraden\/#breadcrumb\"},\"inLanguage\":\"sv-SE\",\"potentialAction\":[{\"@type\":\"ReadAction\",\"target\":[\"https:\/\/www.stille.se\/se\/om-oss\/affarsomraden\/\"]}]},{\"@type\":\"BreadcrumbList\",\"@id\":\"https:\/\/www.stille.se\/se\/om-oss\/affarsomraden\/#breadcrumb\",\"itemListElement\":[{\"@type\":\"ListItem\",\"position\":1,\"name\":\"Hem\",\"item\":\"https:\/\/www.stille.se\/se\/\"},{\"@type\":\"ListItem\",\"position\":2,\"name\":\"Om oss\",\"item\":\"https:\/\/www.stille.se\/se\/om-oss\/\"},{\"@type\":\"ListItem\",\"position\":3,\"name\":\"Aff\\u00e4rsomr\\u00e5den\"}]}]}<\/script>\n<!-- \/ Yoast SEO plugin. -->","yoast_head_json":{"title":"Aff\u00e4rsomr\u00e5den - STILLE","robots":{"index":"index","follow":"follow","max-snippet":"max-snippet:-1","max-image-preview":"max-image-preview:large","max-video-preview":"max-video-preview:-1"},"canonical":"https:\/\/www.stille.se\/se\/om-oss\/affarsomraden\/","og_locale":"sv_SE","og_type":"article","og_title":"Aff\u00e4rsomr\u00e5den - STILLE","og_description":"Aff\u00e4rsomr\u00e5den Stilles kunder finns p\u00e5 bland annat sjukhus, frist\u00e5ende kliniker och dagkirurgiska enheter. Vi har delat in verksamheten i tv\u00e5 olika aff\u00e4rsomr\u00e5den. Kirurgiska instrument Stilles kirurgiska instrument anv\u00e4nds vid olika typer av \u00f6ppen kirurgi. Vi har en komplett portf\u00f6lj av handsmidda instrument som utvecklats i samarbete med ledande kirurger fr\u00e5n olika l\u00e4nder. Stilles instrument ligger...","og_url":"https:\/\/www.stille.se\/se\/om-oss\/affarsomraden\/","og_site_name":"Stille SE","article_publisher":"https:\/\/www.facebook.com\/stilleab\/","article_modified_time":"2026-01-15T10:36:24+00:00","og_image":[{"width":562,"height":314,"url":"https:\/\/www.stille.se\/se\/wp-content\/uploads\/2019\/12\/stille-logo-800.jpg","type":"image\/jpeg"}],"twitter_card":"summary_large_image","twitter_misc":{"Ber\u00e4knad l\u00e4stid":"1 minut"},"schema":{"@context":"https:\/\/schema.org","@graph":[{"@type":"Organization","@id":"https:\/\/www.stille.se\/se\/#organization","name":"Stille AB","url":"https:\/\/www.stille.se\/se\/","sameAs":["https:\/\/www.facebook.com\/stilleab\/","https:\/\/www.linkedin.com\/company\/stille-ab\/","https:\/\/www.youtube.com\/channel\/UCpxmVroiwKKSXWe3ZCOrSqw"],"logo":{"@type":"ImageObject","@id":"https:\/\/www.stille.se\/se\/#logo","inLanguage":"sv-SE","url":"https:\/\/www.stille.se\/se\/wp-content\/uploads\/2019\/12\/stille-logo-800.jpg","contentUrl":"https:\/\/www.stille.se\/se\/wp-content\/uploads\/2019\/12\/stille-logo-800.jpg","width":562,"height":314,"caption":"Stille AB"},"image":{"@id":"https:\/\/www.stille.se\/se\/#logo"}},{"@type":"WebSite","@id":"https:\/\/www.stille.se\/se\/#website","url":"https:\/\/www.stille.se\/se\/","name":"Stille SE","description":"","publisher":{"@id":"https:\/\/www.stille.se\/se\/#organization"},"potentialAction":[{"@type":"SearchAction","target":{"@type":"EntryPoint","urlTemplate":"https:\/\/www.stille.se\/se\/?s={search_term_string}"},"query-input":"required name=search_term_string"}],"inLanguage":"sv-SE"},{"@type":"WebPage","@id":"https:\/\/www.stille.se\/se\/om-oss\/affarsomraden\/#webpage","url":"https:\/\/www.stille.se\/se\/om-oss\/affarsomraden\/","name":"Aff\u00e4rsomr\u00e5den - STILLE","isPartOf":{"@id":"https:\/\/www.stille.se\/se\/#website"},"datePublished":"2019-11-22T15:56:36+00:00","dateModified":"2026-01-15T10:36:24+00:00","breadcrumb":{"@id":"https:\/\/www.stille.se\/se\/om-oss\/affarsomraden\/#breadcrumb"},"inLanguage":"sv-SE","potentialAction":[{"@type":"ReadAction","target":["https:\/\/www.stille.se\/se\/om-oss\/affarsomraden\/"]}]},{"@type":"BreadcrumbList","@id":"https:\/\/www.stille.se\/se\/om-oss\/affarsomraden\/#breadcrumb","itemListElement":[{"@type":"ListItem","position":1,"name":"Hem","item":"https:\/\/www.stille.se\/se\/"},{"@type":"ListItem","position":2,"name":"Om oss","item":"https:\/\/www.stille.se\/se\/om-oss\/"},{"@type":"ListItem","position":3,"name":"Aff\u00e4rsomr\u00e5den"}]}]}},"_links":{"self":[{"href":"https:\/\/www.stille.se\/se\/wp-json\/wp\/v2\/pages\/1209"}],"collection":[{"href":"https:\/\/www.stille.se\/se\/wp-json\/wp\/v2\/pages"}],"about":[{"href":"https:\/\/www.stille.se\/se\/wp-json\/wp\/v2\/types\/page"}],"author":[{"embeddable":true,"href":"https:\/\/www.stille.se\/se\/wp-json\/wp\/v2\/users\/33"}],"replies":[{"embeddable":true,"href":"https:\/\/www.stille.se\/se\/wp-json\/wp\/v2\/comments?post=1209"}],"version-history":[{"count":11,"href":"https:\/\/www.stille.se\/se\/wp-json\/wp\/v2\/pages\/1209\/revisions"}],"predecessor-version":[{"id":48299,"href":"https:\/\/www.stille.se\/se\/wp-json\/wp\/v2\/pages\/1209\/revisions\/48299"}],"up":[{"embeddable":true,"href":"https:\/\/www.stille.se\/se\/wp-json\/wp\/v2\/pages\/1203"}],"wp:attachment":[{"href":"https:\/\/www.stille.se\/se\/wp-json\/wp\/v2\/media?parent=1209"}],"curies":[{"name":"wp","href":"https:\/\/api.w.org\/{rel}","templated":true}]}}