{"id":1212,"date":"2019-11-22T15:56:37","date_gmt":"2019-11-22T15:56:37","guid":{"rendered":"https:\/\/www.stille.se\/se\/513-2__trashed\/kvalitet-2\/"},"modified":"2020-10-09T13:09:40","modified_gmt":"2020-10-09T11:09:40","slug":"kvalitets-och-hallbarhetsarbete","status":"publish","type":"page","link":"https:\/\/www.stille.se\/se\/om-oss\/kvalitets-och-hallbarhetsarbete\/","title":{"rendered":"Kvalitets- och h\u00e5llbarhetsarbete"},"content":{"rendered":"<h1>Kvalitets- och h\u00e5llbarhetsarbete<\/h1>\n<p class=\"preamble\">Stilles produkter \u00e4r k\u00e4nda f\u00f6r sin h\u00f6ga och j\u00e4mna kvalitet. Vi \u00e4r stolta \u00f6ver att kunna l\u00e4mna 30 \u00e5rs garanti p\u00e5 v\u00e5ra kirurgiska instrument. Kvalitetsarbetet \u00e4r d\u00e4rf\u00f6r n\u00e5got som genomsyrar v\u00e5r vardag.<\/p>\n<p>Stille till\u00e4mpar ett verksamhetssystem som \u00e4r uppr\u00e4ttat och certifierat enligt kvalitetsstandarden ISO 13485:2016 f\u00f6r medicintekniska produkter. V\u00e5r ISO 13485-certifiering omfattar allt fr\u00e5n design och tillverkning till f\u00f6rs\u00e4ljning och service.<\/p>\n<p>V\u00e5rt kvalitetsarbete fokuserar p\u00e5 att s\u00e4kerst\u00e4lla patients\u00e4kerheten och att vi uppfyller alla nationella och regionala lagar, regler och standarder som g\u00e4ller f\u00f6r v\u00e5ra produkter och verksamhet. Samtliga anst\u00e4llda f\u00f6ljer i sitt arbete de rutiner och regler som f\u00f6reskrivs i v\u00e5rt verksamhetssystem. Kvalitetsfokus \u00e4r \u00e4ven en central del i v\u00e5r uppf\u00f6randekod.<\/p>\n<p>Vi f\u00f6ljer ocks\u00e5 EU-direktivet f\u00f6r medicintekniska produkter Medical Devices Directive (MDD). MDD kommer att ers\u00e4ttas av ett nytt EU-direktiv: Medical Device Regulation (MDR). Vi genomf\u00f6r just nu de sista uppdateringarna av v\u00e5rt ledningssystem f\u00f6r att ocks\u00e5 uppfylla kraven i MDR. Detta g\u00f6r vi i samarbete med v\u00e5r notified body Intertek.<\/p>\n","protected":false},"excerpt":{"rendered":"<p>Kvalitets- och h\u00e5llbarhetsarbete Stilles produkter \u00e4r k\u00e4nda f\u00f6r sin h\u00f6ga och j\u00e4mna kvalitet. Vi \u00e4r stolta \u00f6ver att kunna l\u00e4mna 30 \u00e5rs garanti p\u00e5 v\u00e5ra kirurgiska instrument. Kvalitetsarbetet \u00e4r d\u00e4rf\u00f6r n\u00e5got som genomsyrar v\u00e5r vardag. Stille till\u00e4mpar ett verksamhetssystem som \u00e4r uppr\u00e4ttat och certifierat enligt kvalitetsstandarden ISO 13485:2016 f\u00f6r medicintekniska produkter. V\u00e5r ISO 13485-certifiering omfattar&#8230;<\/p>\n","protected":false},"author":33,"featured_media":0,"parent":1203,"menu_order":0,"comment_status":"open","ping_status":"closed","template":"","meta":[],"acf":[],"yoast_head":"<!-- This site is optimized with the Yoast SEO plugin v17.9 - https:\/\/yoast.com\/wordpress\/plugins\/seo\/ -->\n<title>Kvalitets- och h\u00e5llbarhetsarbete - STILLE<\/title>\n<meta name=\"robots\" content=\"index, follow, max-snippet:-1, max-image-preview:large, max-video-preview:-1\" \/>\n<link rel=\"canonical\" href=\"https:\/\/www.stille.se\/se\/om-oss\/kvalitets-och-hallbarhetsarbete\/\" \/>\n<meta property=\"og:locale\" content=\"sv_SE\" \/>\n<meta property=\"og:type\" content=\"article\" \/>\n<meta property=\"og:title\" content=\"Kvalitets- och h\u00e5llbarhetsarbete - STILLE\" \/>\n<meta property=\"og:description\" content=\"Kvalitets- och h\u00e5llbarhetsarbete Stilles produkter \u00e4r k\u00e4nda f\u00f6r sin h\u00f6ga och j\u00e4mna kvalitet. Vi \u00e4r stolta \u00f6ver att kunna l\u00e4mna 30 \u00e5rs garanti p\u00e5 v\u00e5ra kirurgiska instrument. Kvalitetsarbetet \u00e4r d\u00e4rf\u00f6r n\u00e5got som genomsyrar v\u00e5r vardag. Stille till\u00e4mpar ett verksamhetssystem som \u00e4r uppr\u00e4ttat och certifierat enligt kvalitetsstandarden ISO 13485:2016 f\u00f6r medicintekniska produkter. V\u00e5r ISO 13485-certifiering omfattar...\" \/>\n<meta property=\"og:url\" content=\"https:\/\/www.stille.se\/se\/om-oss\/kvalitets-och-hallbarhetsarbete\/\" \/>\n<meta property=\"og:site_name\" content=\"Stille SE\" \/>\n<meta property=\"article:publisher\" content=\"https:\/\/www.facebook.com\/stilleab\/\" \/>\n<meta property=\"article:modified_time\" content=\"2020-10-09T11:09:40+00:00\" \/>\n<meta property=\"og:image\" content=\"https:\/\/www.stille.se\/se\/wp-content\/uploads\/2019\/12\/stille-logo-800.jpg\" \/>\n\t<meta property=\"og:image:width\" content=\"562\" \/>\n\t<meta property=\"og:image:height\" content=\"314\" \/>\n\t<meta property=\"og:image:type\" content=\"image\/jpeg\" \/>\n<meta name=\"twitter:card\" content=\"summary_large_image\" \/>\n<meta name=\"twitter:label1\" content=\"Ber\u00e4knad l\u00e4stid\" \/>\n\t<meta name=\"twitter:data1\" content=\"1 minut\" \/>\n<script type=\"application\/ld+json\" class=\"yoast-schema-graph\">{\"@context\":\"https:\/\/schema.org\",\"@graph\":[{\"@type\":\"Organization\",\"@id\":\"https:\/\/www.stille.se\/se\/#organization\",\"name\":\"Stille AB\",\"url\":\"https:\/\/www.stille.se\/se\/\",\"sameAs\":[\"https:\/\/www.facebook.com\/stilleab\/\",\"https:\/\/www.linkedin.com\/company\/stille-ab\/\",\"https:\/\/www.youtube.com\/channel\/UCpxmVroiwKKSXWe3ZCOrSqw\"],\"logo\":{\"@type\":\"ImageObject\",\"@id\":\"https:\/\/www.stille.se\/se\/#logo\",\"inLanguage\":\"sv-SE\",\"url\":\"https:\/\/www.stille.se\/se\/wp-content\/uploads\/2019\/12\/stille-logo-800.jpg\",\"contentUrl\":\"https:\/\/www.stille.se\/se\/wp-content\/uploads\/2019\/12\/stille-logo-800.jpg\",\"width\":562,\"height\":314,\"caption\":\"Stille AB\"},\"image\":{\"@id\":\"https:\/\/www.stille.se\/se\/#logo\"}},{\"@type\":\"WebSite\",\"@id\":\"https:\/\/www.stille.se\/se\/#website\",\"url\":\"https:\/\/www.stille.se\/se\/\",\"name\":\"Stille SE\",\"description\":\"\",\"publisher\":{\"@id\":\"https:\/\/www.stille.se\/se\/#organization\"},\"potentialAction\":[{\"@type\":\"SearchAction\",\"target\":{\"@type\":\"EntryPoint\",\"urlTemplate\":\"https:\/\/www.stille.se\/se\/?s={search_term_string}\"},\"query-input\":\"required name=search_term_string\"}],\"inLanguage\":\"sv-SE\"},{\"@type\":\"WebPage\",\"@id\":\"https:\/\/www.stille.se\/se\/om-oss\/kvalitets-och-hallbarhetsarbete\/#webpage\",\"url\":\"https:\/\/www.stille.se\/se\/om-oss\/kvalitets-och-hallbarhetsarbete\/\",\"name\":\"Kvalitets- och h\\u00e5llbarhetsarbete - STILLE\",\"isPartOf\":{\"@id\":\"https:\/\/www.stille.se\/se\/#website\"},\"datePublished\":\"2019-11-22T15:56:37+00:00\",\"dateModified\":\"2020-10-09T11:09:40+00:00\",\"breadcrumb\":{\"@id\":\"https:\/\/www.stille.se\/se\/om-oss\/kvalitets-och-hallbarhetsarbete\/#breadcrumb\"},\"inLanguage\":\"sv-SE\",\"potentialAction\":[{\"@type\":\"ReadAction\",\"target\":[\"https:\/\/www.stille.se\/se\/om-oss\/kvalitets-och-hallbarhetsarbete\/\"]}]},{\"@type\":\"BreadcrumbList\",\"@id\":\"https:\/\/www.stille.se\/se\/om-oss\/kvalitets-och-hallbarhetsarbete\/#breadcrumb\",\"itemListElement\":[{\"@type\":\"ListItem\",\"position\":1,\"name\":\"Hem\",\"item\":\"https:\/\/www.stille.se\/se\/\"},{\"@type\":\"ListItem\",\"position\":2,\"name\":\"Om oss\",\"item\":\"https:\/\/www.stille.se\/se\/om-oss\/\"},{\"@type\":\"ListItem\",\"position\":3,\"name\":\"Kvalitets- och h\\u00e5llbarhetsarbete\"}]}]}<\/script>\n<!-- \/ Yoast SEO plugin. -->","yoast_head_json":{"title":"Kvalitets- och h\u00e5llbarhetsarbete - STILLE","robots":{"index":"index","follow":"follow","max-snippet":"max-snippet:-1","max-image-preview":"max-image-preview:large","max-video-preview":"max-video-preview:-1"},"canonical":"https:\/\/www.stille.se\/se\/om-oss\/kvalitets-och-hallbarhetsarbete\/","og_locale":"sv_SE","og_type":"article","og_title":"Kvalitets- och h\u00e5llbarhetsarbete - STILLE","og_description":"Kvalitets- och h\u00e5llbarhetsarbete Stilles produkter \u00e4r k\u00e4nda f\u00f6r sin h\u00f6ga och j\u00e4mna kvalitet. Vi \u00e4r stolta \u00f6ver att kunna l\u00e4mna 30 \u00e5rs garanti p\u00e5 v\u00e5ra kirurgiska instrument. Kvalitetsarbetet \u00e4r d\u00e4rf\u00f6r n\u00e5got som genomsyrar v\u00e5r vardag. Stille till\u00e4mpar ett verksamhetssystem som \u00e4r uppr\u00e4ttat och certifierat enligt kvalitetsstandarden ISO 13485:2016 f\u00f6r medicintekniska produkter. V\u00e5r ISO 13485-certifiering omfattar...","og_url":"https:\/\/www.stille.se\/se\/om-oss\/kvalitets-och-hallbarhetsarbete\/","og_site_name":"Stille SE","article_publisher":"https:\/\/www.facebook.com\/stilleab\/","article_modified_time":"2020-10-09T11:09:40+00:00","og_image":[{"width":562,"height":314,"url":"https:\/\/www.stille.se\/se\/wp-content\/uploads\/2019\/12\/stille-logo-800.jpg","type":"image\/jpeg"}],"twitter_card":"summary_large_image","twitter_misc":{"Ber\u00e4knad l\u00e4stid":"1 minut"},"schema":{"@context":"https:\/\/schema.org","@graph":[{"@type":"Organization","@id":"https:\/\/www.stille.se\/se\/#organization","name":"Stille AB","url":"https:\/\/www.stille.se\/se\/","sameAs":["https:\/\/www.facebook.com\/stilleab\/","https:\/\/www.linkedin.com\/company\/stille-ab\/","https:\/\/www.youtube.com\/channel\/UCpxmVroiwKKSXWe3ZCOrSqw"],"logo":{"@type":"ImageObject","@id":"https:\/\/www.stille.se\/se\/#logo","inLanguage":"sv-SE","url":"https:\/\/www.stille.se\/se\/wp-content\/uploads\/2019\/12\/stille-logo-800.jpg","contentUrl":"https:\/\/www.stille.se\/se\/wp-content\/uploads\/2019\/12\/stille-logo-800.jpg","width":562,"height":314,"caption":"Stille AB"},"image":{"@id":"https:\/\/www.stille.se\/se\/#logo"}},{"@type":"WebSite","@id":"https:\/\/www.stille.se\/se\/#website","url":"https:\/\/www.stille.se\/se\/","name":"Stille SE","description":"","publisher":{"@id":"https:\/\/www.stille.se\/se\/#organization"},"potentialAction":[{"@type":"SearchAction","target":{"@type":"EntryPoint","urlTemplate":"https:\/\/www.stille.se\/se\/?s={search_term_string}"},"query-input":"required name=search_term_string"}],"inLanguage":"sv-SE"},{"@type":"WebPage","@id":"https:\/\/www.stille.se\/se\/om-oss\/kvalitets-och-hallbarhetsarbete\/#webpage","url":"https:\/\/www.stille.se\/se\/om-oss\/kvalitets-och-hallbarhetsarbete\/","name":"Kvalitets- och h\u00e5llbarhetsarbete - STILLE","isPartOf":{"@id":"https:\/\/www.stille.se\/se\/#website"},"datePublished":"2019-11-22T15:56:37+00:00","dateModified":"2020-10-09T11:09:40+00:00","breadcrumb":{"@id":"https:\/\/www.stille.se\/se\/om-oss\/kvalitets-och-hallbarhetsarbete\/#breadcrumb"},"inLanguage":"sv-SE","potentialAction":[{"@type":"ReadAction","target":["https:\/\/www.stille.se\/se\/om-oss\/kvalitets-och-hallbarhetsarbete\/"]}]},{"@type":"BreadcrumbList","@id":"https:\/\/www.stille.se\/se\/om-oss\/kvalitets-och-hallbarhetsarbete\/#breadcrumb","itemListElement":[{"@type":"ListItem","position":1,"name":"Hem","item":"https:\/\/www.stille.se\/se\/"},{"@type":"ListItem","position":2,"name":"Om oss","item":"https:\/\/www.stille.se\/se\/om-oss\/"},{"@type":"ListItem","position":3,"name":"Kvalitets- och h\u00e5llbarhetsarbete"}]}]}},"_links":{"self":[{"href":"https:\/\/www.stille.se\/se\/wp-json\/wp\/v2\/pages\/1212"}],"collection":[{"href":"https:\/\/www.stille.se\/se\/wp-json\/wp\/v2\/pages"}],"about":[{"href":"https:\/\/www.stille.se\/se\/wp-json\/wp\/v2\/types\/page"}],"author":[{"embeddable":true,"href":"https:\/\/www.stille.se\/se\/wp-json\/wp\/v2\/users\/33"}],"replies":[{"embeddable":true,"href":"https:\/\/www.stille.se\/se\/wp-json\/wp\/v2\/comments?post=1212"}],"version-history":[{"count":17,"href":"https:\/\/www.stille.se\/se\/wp-json\/wp\/v2\/pages\/1212\/revisions"}],"predecessor-version":[{"id":35090,"href":"https:\/\/www.stille.se\/se\/wp-json\/wp\/v2\/pages\/1212\/revisions\/35090"}],"up":[{"embeddable":true,"href":"https:\/\/www.stille.se\/se\/wp-json\/wp\/v2\/pages\/1203"}],"wp:attachment":[{"href":"https:\/\/www.stille.se\/se\/wp-json\/wp\/v2\/media?parent=1212"}],"curies":[{"name":"wp","href":"https:\/\/api.w.org\/{rel}","templated":true}]}}