{"id":1218,"date":"2019-11-22T15:56:43","date_gmt":"2019-11-22T15:56:43","guid":{"rendered":"https:\/\/www.stille.se\/se\/513-2__trashed\/ansvar\/"},"modified":"2026-01-15T15:00:42","modified_gmt":"2026-01-15T14:00:42","slug":"ansvar","status":"publish","type":"page","link":"https:\/\/www.stille.se\/se\/om-oss\/kvalitets-och-hallbarhetsarbete\/ansvar\/","title":{"rendered":"V\u00e5rt ansvar"},"content":{"rendered":"<h1>V\u00e5rt ansvar<\/h1>\n<p>Att leverera produkter som anv\u00e4nds vid operationer inneb\u00e4r ett stort ansvar d\u00e4r patientens liv och h\u00e4lsa st\u00e5r i fokus. D\u00e4rf\u00f6r l\u00e4gger vid stor vikt vid att v\u00e5ra produkter h\u00e5ller en h\u00f6g och j\u00e4mn kvalitet. Ocks\u00e5 operationspersonalens arbetsmilj\u00f6 \u00e4r viktig. Alla Stilles operationsinstrument \u00e4r utvecklade med god ergonomi och kontroll i fokus. Det g\u00f6r dem mycket uppskattade av kirurger inom flera olika discipliner.<\/p>\n<p>V\u00e5ra operationsbord, s\u00e4rskilt imagiQ3 Legacy, har mycket god genomlyslighet, vilket g\u00f6r att den str\u00e5ldos som kr\u00e4vs f\u00f6r god bild\u00e5tergivning blir avsev\u00e4rt l\u00e4gre. Den str\u00e5lning ditt operationsteam exponeras f\u00f6r under en arbetsdag blir d\u00e4rf\u00f6r mycket mindre.<\/p>\n<p>Vi har ocks\u00e5 ett ansvar f\u00f6r den p\u00e5verkan v\u00e5r verksamhet har p\u00e5 klimat och milj\u00f6. H\u00e4r jobbar vi bland annat med att effektivisera och minska v\u00e5r energif\u00f6rbrukning i tillverkningen och koldioxidutsl\u00e4pp fr\u00e5n v\u00e5ra transporter.<\/p>\n<p>N\u00e4r det g\u00e4ller arbetsf\u00f6rh\u00e5llanden och social h\u00e5llbarhet lutar vi oss mot v\u00e5r diskrimineringspolicy och uppf\u00f6randekod d\u00e4r riktlinjerna f\u00f6r vad vi f\u00f6rv\u00e4ntar oss av varandra \u00e4r mycket tydliga. Vi str\u00e4var efter ett \u00f6ppet och \u00e4rligt arbetsklimat b\u00e5de internt och i kontakter med kunder, partners och myndighetsrepresentanter.<\/p>\n<p>Vi skall n\u00e5 v\u00e5r vision om kirurgisk perfektion, s\u00e4kerst\u00e4lla kvalitet och ansvarstagande genom att:<\/p>\n<ul>\n<li>Fokusera p\u00e5 utvalda medicinska procedurer och behandlingar, och tillsammans med anv\u00e4ndare inom utvalt omr\u00e5de utveckla och marknadsf\u00f6ra l\u00f6sningar som bidrar till \u00f6kad patients\u00e4kerhet och kirurgisk perfektion.<\/li>\n<li>St\u00e4ndigt utveckla och anpassa organisationen, processer och medarbetarnas kompetens, samt arbeta efter v\u00e5ra k\u00e4rnv\u00e4rden.<\/li>\n<li>Alltid ta ansvar f\u00f6r det arbete vi g\u00f6r och aktivt arbeta efter v\u00e5r uppf\u00f6randekod.<\/li>\n<li>Aktivt arbeta efter v\u00e5r milj\u00f6policy och skapa f\u00f6ruts\u00e4ttningar f\u00f6r en h\u00e5llbar utveckling.<\/li>\n<li>F\u00f6lja de lagar och regler som g\u00e4ller f\u00f6r v\u00e5r verksamhet och d\u00e4rmed bidra till \u00f6kad patients\u00e4kerhet och kirurgisk perfektion.<\/li>\n<\/ul>\n","protected":false},"excerpt":{"rendered":"<p>V\u00e5rt ansvar Att leverera produkter som anv\u00e4nds vid operationer inneb\u00e4r ett stort ansvar d\u00e4r patientens liv och h\u00e4lsa st\u00e5r i fokus. D\u00e4rf\u00f6r l\u00e4gger vid stor vikt vid att v\u00e5ra produkter h\u00e5ller en h\u00f6g och j\u00e4mn kvalitet. Ocks\u00e5 operationspersonalens arbetsmilj\u00f6 \u00e4r viktig. Alla Stilles operationsinstrument \u00e4r utvecklade med god ergonomi och kontroll i fokus. Det g\u00f6r&#8230;<\/p>\n","protected":false},"author":33,"featured_media":0,"parent":1212,"menu_order":0,"comment_status":"open","ping_status":"open","template":"","meta":[],"acf":[],"yoast_head":"<!-- This site is optimized with the Yoast SEO plugin v17.9 - https:\/\/yoast.com\/wordpress\/plugins\/seo\/ -->\n<title>V\u00e5rt ansvar - STILLE<\/title>\n<meta name=\"robots\" content=\"index, follow, max-snippet:-1, max-image-preview:large, max-video-preview:-1\" \/>\n<link rel=\"canonical\" href=\"https:\/\/www.stille.se\/se\/om-oss\/kvalitets-och-hallbarhetsarbete\/ansvar\/\" \/>\n<meta property=\"og:locale\" content=\"sv_SE\" \/>\n<meta property=\"og:type\" content=\"article\" \/>\n<meta property=\"og:title\" content=\"V\u00e5rt ansvar - STILLE\" \/>\n<meta property=\"og:description\" content=\"V\u00e5rt ansvar Att leverera produkter som anv\u00e4nds vid operationer inneb\u00e4r ett stort ansvar d\u00e4r patientens liv och h\u00e4lsa st\u00e5r i fokus. D\u00e4rf\u00f6r l\u00e4gger vid stor vikt vid att v\u00e5ra produkter h\u00e5ller en h\u00f6g och j\u00e4mn kvalitet. Ocks\u00e5 operationspersonalens arbetsmilj\u00f6 \u00e4r viktig. Alla Stilles operationsinstrument \u00e4r utvecklade med god ergonomi och kontroll i fokus. Det g\u00f6r...\" \/>\n<meta property=\"og:url\" content=\"https:\/\/www.stille.se\/se\/om-oss\/kvalitets-och-hallbarhetsarbete\/ansvar\/\" \/>\n<meta property=\"og:site_name\" content=\"Stille SE\" \/>\n<meta property=\"article:publisher\" content=\"https:\/\/www.facebook.com\/stilleab\/\" \/>\n<meta property=\"article:modified_time\" content=\"2026-01-15T14:00:42+00:00\" \/>\n<meta property=\"og:image\" content=\"https:\/\/www.stille.se\/se\/wp-content\/uploads\/2019\/12\/stille-logo-800.jpg\" \/>\n\t<meta property=\"og:image:width\" content=\"562\" \/>\n\t<meta property=\"og:image:height\" content=\"314\" \/>\n\t<meta property=\"og:image:type\" content=\"image\/jpeg\" \/>\n<meta name=\"twitter:card\" content=\"summary_large_image\" \/>\n<meta name=\"twitter:label1\" content=\"Ber\u00e4knad l\u00e4stid\" \/>\n\t<meta name=\"twitter:data1\" content=\"2 minuter\" \/>\n<script type=\"application\/ld+json\" class=\"yoast-schema-graph\">{\"@context\":\"https:\/\/schema.org\",\"@graph\":[{\"@type\":\"Organization\",\"@id\":\"https:\/\/www.stille.se\/se\/#organization\",\"name\":\"Stille AB\",\"url\":\"https:\/\/www.stille.se\/se\/\",\"sameAs\":[\"https:\/\/www.facebook.com\/stilleab\/\",\"https:\/\/www.linkedin.com\/company\/stille-ab\/\",\"https:\/\/www.youtube.com\/channel\/UCpxmVroiwKKSXWe3ZCOrSqw\"],\"logo\":{\"@type\":\"ImageObject\",\"@id\":\"https:\/\/www.stille.se\/se\/#logo\",\"inLanguage\":\"sv-SE\",\"url\":\"https:\/\/www.stille.se\/se\/wp-content\/uploads\/2019\/12\/stille-logo-800.jpg\",\"contentUrl\":\"https:\/\/www.stille.se\/se\/wp-content\/uploads\/2019\/12\/stille-logo-800.jpg\",\"width\":562,\"height\":314,\"caption\":\"Stille AB\"},\"image\":{\"@id\":\"https:\/\/www.stille.se\/se\/#logo\"}},{\"@type\":\"WebSite\",\"@id\":\"https:\/\/www.stille.se\/se\/#website\",\"url\":\"https:\/\/www.stille.se\/se\/\",\"name\":\"Stille SE\",\"description\":\"\",\"publisher\":{\"@id\":\"https:\/\/www.stille.se\/se\/#organization\"},\"potentialAction\":[{\"@type\":\"SearchAction\",\"target\":{\"@type\":\"EntryPoint\",\"urlTemplate\":\"https:\/\/www.stille.se\/se\/?s={search_term_string}\"},\"query-input\":\"required name=search_term_string\"}],\"inLanguage\":\"sv-SE\"},{\"@type\":\"WebPage\",\"@id\":\"https:\/\/www.stille.se\/se\/om-oss\/kvalitets-och-hallbarhetsarbete\/ansvar\/#webpage\",\"url\":\"https:\/\/www.stille.se\/se\/om-oss\/kvalitets-och-hallbarhetsarbete\/ansvar\/\",\"name\":\"V\\u00e5rt ansvar - STILLE\",\"isPartOf\":{\"@id\":\"https:\/\/www.stille.se\/se\/#website\"},\"datePublished\":\"2019-11-22T15:56:43+00:00\",\"dateModified\":\"2026-01-15T14:00:42+00:00\",\"breadcrumb\":{\"@id\":\"https:\/\/www.stille.se\/se\/om-oss\/kvalitets-och-hallbarhetsarbete\/ansvar\/#breadcrumb\"},\"inLanguage\":\"sv-SE\",\"potentialAction\":[{\"@type\":\"ReadAction\",\"target\":[\"https:\/\/www.stille.se\/se\/om-oss\/kvalitets-och-hallbarhetsarbete\/ansvar\/\"]}]},{\"@type\":\"BreadcrumbList\",\"@id\":\"https:\/\/www.stille.se\/se\/om-oss\/kvalitets-och-hallbarhetsarbete\/ansvar\/#breadcrumb\",\"itemListElement\":[{\"@type\":\"ListItem\",\"position\":1,\"name\":\"Hem\",\"item\":\"https:\/\/www.stille.se\/se\/\"},{\"@type\":\"ListItem\",\"position\":2,\"name\":\"Om oss\",\"item\":\"https:\/\/www.stille.se\/se\/om-oss\/\"},{\"@type\":\"ListItem\",\"position\":3,\"name\":\"Kvalitets- och h\\u00e5llbarhetsarbete\",\"item\":\"https:\/\/www.stille.se\/se\/om-oss\/kvalitets-och-hallbarhetsarbete\/\"},{\"@type\":\"ListItem\",\"position\":4,\"name\":\"V\\u00e5rt ansvar\"}]}]}<\/script>\n<!-- \/ Yoast SEO plugin. -->","yoast_head_json":{"title":"V\u00e5rt ansvar - STILLE","robots":{"index":"index","follow":"follow","max-snippet":"max-snippet:-1","max-image-preview":"max-image-preview:large","max-video-preview":"max-video-preview:-1"},"canonical":"https:\/\/www.stille.se\/se\/om-oss\/kvalitets-och-hallbarhetsarbete\/ansvar\/","og_locale":"sv_SE","og_type":"article","og_title":"V\u00e5rt ansvar - STILLE","og_description":"V\u00e5rt ansvar Att leverera produkter som anv\u00e4nds vid operationer inneb\u00e4r ett stort ansvar d\u00e4r patientens liv och h\u00e4lsa st\u00e5r i fokus. D\u00e4rf\u00f6r l\u00e4gger vid stor vikt vid att v\u00e5ra produkter h\u00e5ller en h\u00f6g och j\u00e4mn kvalitet. Ocks\u00e5 operationspersonalens arbetsmilj\u00f6 \u00e4r viktig. Alla Stilles operationsinstrument \u00e4r utvecklade med god ergonomi och kontroll i fokus. Det g\u00f6r...","og_url":"https:\/\/www.stille.se\/se\/om-oss\/kvalitets-och-hallbarhetsarbete\/ansvar\/","og_site_name":"Stille SE","article_publisher":"https:\/\/www.facebook.com\/stilleab\/","article_modified_time":"2026-01-15T14:00:42+00:00","og_image":[{"width":562,"height":314,"url":"https:\/\/www.stille.se\/se\/wp-content\/uploads\/2019\/12\/stille-logo-800.jpg","type":"image\/jpeg"}],"twitter_card":"summary_large_image","twitter_misc":{"Ber\u00e4knad l\u00e4stid":"2 minuter"},"schema":{"@context":"https:\/\/schema.org","@graph":[{"@type":"Organization","@id":"https:\/\/www.stille.se\/se\/#organization","name":"Stille AB","url":"https:\/\/www.stille.se\/se\/","sameAs":["https:\/\/www.facebook.com\/stilleab\/","https:\/\/www.linkedin.com\/company\/stille-ab\/","https:\/\/www.youtube.com\/channel\/UCpxmVroiwKKSXWe3ZCOrSqw"],"logo":{"@type":"ImageObject","@id":"https:\/\/www.stille.se\/se\/#logo","inLanguage":"sv-SE","url":"https:\/\/www.stille.se\/se\/wp-content\/uploads\/2019\/12\/stille-logo-800.jpg","contentUrl":"https:\/\/www.stille.se\/se\/wp-content\/uploads\/2019\/12\/stille-logo-800.jpg","width":562,"height":314,"caption":"Stille AB"},"image":{"@id":"https:\/\/www.stille.se\/se\/#logo"}},{"@type":"WebSite","@id":"https:\/\/www.stille.se\/se\/#website","url":"https:\/\/www.stille.se\/se\/","name":"Stille SE","description":"","publisher":{"@id":"https:\/\/www.stille.se\/se\/#organization"},"potentialAction":[{"@type":"SearchAction","target":{"@type":"EntryPoint","urlTemplate":"https:\/\/www.stille.se\/se\/?s={search_term_string}"},"query-input":"required name=search_term_string"}],"inLanguage":"sv-SE"},{"@type":"WebPage","@id":"https:\/\/www.stille.se\/se\/om-oss\/kvalitets-och-hallbarhetsarbete\/ansvar\/#webpage","url":"https:\/\/www.stille.se\/se\/om-oss\/kvalitets-och-hallbarhetsarbete\/ansvar\/","name":"V\u00e5rt ansvar - STILLE","isPartOf":{"@id":"https:\/\/www.stille.se\/se\/#website"},"datePublished":"2019-11-22T15:56:43+00:00","dateModified":"2026-01-15T14:00:42+00:00","breadcrumb":{"@id":"https:\/\/www.stille.se\/se\/om-oss\/kvalitets-och-hallbarhetsarbete\/ansvar\/#breadcrumb"},"inLanguage":"sv-SE","potentialAction":[{"@type":"ReadAction","target":["https:\/\/www.stille.se\/se\/om-oss\/kvalitets-och-hallbarhetsarbete\/ansvar\/"]}]},{"@type":"BreadcrumbList","@id":"https:\/\/www.stille.se\/se\/om-oss\/kvalitets-och-hallbarhetsarbete\/ansvar\/#breadcrumb","itemListElement":[{"@type":"ListItem","position":1,"name":"Hem","item":"https:\/\/www.stille.se\/se\/"},{"@type":"ListItem","position":2,"name":"Om oss","item":"https:\/\/www.stille.se\/se\/om-oss\/"},{"@type":"ListItem","position":3,"name":"Kvalitets- och h\u00e5llbarhetsarbete","item":"https:\/\/www.stille.se\/se\/om-oss\/kvalitets-och-hallbarhetsarbete\/"},{"@type":"ListItem","position":4,"name":"V\u00e5rt ansvar"}]}]}},"_links":{"self":[{"href":"https:\/\/www.stille.se\/se\/wp-json\/wp\/v2\/pages\/1218"}],"collection":[{"href":"https:\/\/www.stille.se\/se\/wp-json\/wp\/v2\/pages"}],"about":[{"href":"https:\/\/www.stille.se\/se\/wp-json\/wp\/v2\/types\/page"}],"author":[{"embeddable":true,"href":"https:\/\/www.stille.se\/se\/wp-json\/wp\/v2\/users\/33"}],"replies":[{"embeddable":true,"href":"https:\/\/www.stille.se\/se\/wp-json\/wp\/v2\/comments?post=1218"}],"version-history":[{"count":5,"href":"https:\/\/www.stille.se\/se\/wp-json\/wp\/v2\/pages\/1218\/revisions"}],"predecessor-version":[{"id":48323,"href":"https:\/\/www.stille.se\/se\/wp-json\/wp\/v2\/pages\/1218\/revisions\/48323"}],"up":[{"embeddable":true,"href":"https:\/\/www.stille.se\/se\/wp-json\/wp\/v2\/pages\/1212"}],"wp:attachment":[{"href":"https:\/\/www.stille.se\/se\/wp-json\/wp\/v2\/media?parent=1218"}],"curies":[{"name":"wp","href":"https:\/\/api.w.org\/{rel}","templated":true}]}}