{"id":1221,"date":"2019-11-22T15:56:44","date_gmt":"2019-11-22T15:56:44","guid":{"rendered":"https:\/\/www.stille.se\/se\/513-2__trashed\/miljo\/"},"modified":"2026-04-02T08:57:38","modified_gmt":"2026-04-02T06:57:38","slug":"miljo-och-klimatpaverkan","status":"publish","type":"page","link":"https:\/\/www.stille.se\/se\/om-oss\/kvalitets-och-hallbarhetsarbete\/miljo-och-klimatpaverkan\/","title":{"rendered":"Milj\u00f6- och klimatp\u00e5verkan"},"content":{"rendered":"<h1>Milj\u00f6- och klimatp\u00e5verkan<\/h1>\n<p>Vi str\u00e4var efter att minimera den klimat- och milj\u00f6p\u00e5verkan som uppkommer som ett resultat av v\u00e5r verksamhet. Det g\u00e4ller bland annat anv\u00e4ndningen av milj\u00f6p\u00e5verkande kemikalier, transporter och v\u00e5r energif\u00f6rbrukning. F\u00f6r anst\u00e4llda g\u00e4ller att tj\u00e4nstebilar ska v\u00e4ljas med tanke p\u00e5 milj\u00f6v\u00e4nlighet, br\u00e4nslef\u00f6rbrukning och utsl\u00e4pp.<\/p>\n<p>N\u00e4r det kommer till h\u00e4lsop\u00e5verkande milj\u00f6faktorer bidrar vi \u00e4ven genom v\u00e5r utveckling av genomlysliga operationsbord som g\u00f6r att C-b\u00e5gens str\u00e5lning kan minskas och att den str\u00e5ldos som operationspersonalen dagligen f\u00f6r uts\u00e4tts blir mindre.<\/p>\n<p>Vi l\u00e4gger ocks\u00e5 stor vikt vid att de produkter vi tillverkar ska kunna anv\u00e4ndas under l\u00e5ng tid. Det minskar konsumtionen av r\u00e5varor med den energi\u00e5tg\u00e5ng och koldioxidutsl\u00e4pp som det inneb\u00e4r i allt fr\u00e5n prospektering och utvinning till anrikning, bearbetning och transporter. Samma sak g\u00e4ller f\u00f6r energif\u00f6rbrukningen i v\u00e5r egen tillverkning. Genom att tillhandah\u00e5lla produkter med l\u00e5ng h\u00e5llbarhet, minskas andelen koldioxidutsl\u00e4pp per operation f\u00f6r v\u00e5ra instrument och operationsbord. V\u00e5r h\u00f6ga produktkvalitet g\u00f6r att vi kan l\u00e4mna 30 \u00e5rs garanti p\u00e5 alla v\u00e5ra instrument. \u00d6ver tid blir v\u00e5r klimatp\u00e5verkan l\u00e4gre tack vare v\u00e5rt kvalitetsfokus. Det samma g\u00e4ller f\u00f6rst\u00e5s kostnaden f\u00f6r dig som kund.<\/p>\n<p>L\u00e4s mer i v\u00e5r h\u00e5llbarhetsrapport:<br \/>\n<a href=\"https:\/\/www.stille.se\/se\/wp-content\/uploads\/2026\/04\/stille_sustainability_report_2025-1.pdf\">Stille Sustainability Report 2025<\/a><\/p>\n","protected":false},"excerpt":{"rendered":"<p>Milj\u00f6- och klimatp\u00e5verkan Vi str\u00e4var efter att minimera den klimat- och milj\u00f6p\u00e5verkan som uppkommer som ett resultat av v\u00e5r verksamhet. Det g\u00e4ller bland annat anv\u00e4ndningen av milj\u00f6p\u00e5verkande kemikalier, transporter och v\u00e5r energif\u00f6rbrukning. F\u00f6r anst\u00e4llda g\u00e4ller att tj\u00e4nstebilar ska v\u00e4ljas med tanke p\u00e5 milj\u00f6v\u00e4nlighet, br\u00e4nslef\u00f6rbrukning och utsl\u00e4pp. N\u00e4r det kommer till h\u00e4lsop\u00e5verkande milj\u00f6faktorer bidrar vi \u00e4ven&#8230;<\/p>\n","protected":false},"author":33,"featured_media":0,"parent":1212,"menu_order":0,"comment_status":"open","ping_status":"closed","template":"","meta":[],"acf":[],"yoast_head":"<!-- This site is optimized with the Yoast SEO plugin v17.9 - https:\/\/yoast.com\/wordpress\/plugins\/seo\/ -->\n<title>Milj\u00f6- och klimatp\u00e5verkan - STILLE<\/title>\n<meta name=\"robots\" content=\"index, follow, max-snippet:-1, max-image-preview:large, max-video-preview:-1\" \/>\n<link rel=\"canonical\" href=\"https:\/\/www.stille.se\/se\/om-oss\/kvalitets-och-hallbarhetsarbete\/miljo-och-klimatpaverkan\/\" \/>\n<meta property=\"og:locale\" content=\"sv_SE\" \/>\n<meta property=\"og:type\" content=\"article\" \/>\n<meta property=\"og:title\" content=\"Milj\u00f6- och klimatp\u00e5verkan - STILLE\" \/>\n<meta property=\"og:description\" content=\"Milj\u00f6- och klimatp\u00e5verkan Vi str\u00e4var efter att minimera den klimat- och milj\u00f6p\u00e5verkan som uppkommer som ett resultat av v\u00e5r verksamhet. Det g\u00e4ller bland annat anv\u00e4ndningen av milj\u00f6p\u00e5verkande kemikalier, transporter och v\u00e5r energif\u00f6rbrukning. F\u00f6r anst\u00e4llda g\u00e4ller att tj\u00e4nstebilar ska v\u00e4ljas med tanke p\u00e5 milj\u00f6v\u00e4nlighet, br\u00e4nslef\u00f6rbrukning och utsl\u00e4pp. N\u00e4r det kommer till h\u00e4lsop\u00e5verkande milj\u00f6faktorer bidrar vi \u00e4ven...\" \/>\n<meta property=\"og:url\" content=\"https:\/\/www.stille.se\/se\/om-oss\/kvalitets-och-hallbarhetsarbete\/miljo-och-klimatpaverkan\/\" \/>\n<meta property=\"og:site_name\" content=\"Stille SE\" \/>\n<meta property=\"article:publisher\" content=\"https:\/\/www.facebook.com\/stilleab\/\" \/>\n<meta property=\"article:modified_time\" content=\"2026-04-02T06:57:38+00:00\" \/>\n<meta property=\"og:image\" content=\"https:\/\/www.stille.se\/se\/wp-content\/uploads\/2019\/12\/stille-logo-800.jpg\" \/>\n\t<meta property=\"og:image:width\" content=\"562\" \/>\n\t<meta property=\"og:image:height\" content=\"314\" \/>\n\t<meta property=\"og:image:type\" content=\"image\/jpeg\" \/>\n<meta name=\"twitter:card\" content=\"summary_large_image\" \/>\n<meta name=\"twitter:label1\" content=\"Ber\u00e4knad l\u00e4stid\" \/>\n\t<meta name=\"twitter:data1\" content=\"1 minut\" \/>\n<script type=\"application\/ld+json\" class=\"yoast-schema-graph\">{\"@context\":\"https:\/\/schema.org\",\"@graph\":[{\"@type\":\"Organization\",\"@id\":\"https:\/\/www.stille.se\/se\/#organization\",\"name\":\"Stille AB\",\"url\":\"https:\/\/www.stille.se\/se\/\",\"sameAs\":[\"https:\/\/www.facebook.com\/stilleab\/\",\"https:\/\/www.linkedin.com\/company\/stille-ab\/\",\"https:\/\/www.youtube.com\/channel\/UCpxmVroiwKKSXWe3ZCOrSqw\"],\"logo\":{\"@type\":\"ImageObject\",\"@id\":\"https:\/\/www.stille.se\/se\/#logo\",\"inLanguage\":\"sv-SE\",\"url\":\"https:\/\/www.stille.se\/se\/wp-content\/uploads\/2019\/12\/stille-logo-800.jpg\",\"contentUrl\":\"https:\/\/www.stille.se\/se\/wp-content\/uploads\/2019\/12\/stille-logo-800.jpg\",\"width\":562,\"height\":314,\"caption\":\"Stille AB\"},\"image\":{\"@id\":\"https:\/\/www.stille.se\/se\/#logo\"}},{\"@type\":\"WebSite\",\"@id\":\"https:\/\/www.stille.se\/se\/#website\",\"url\":\"https:\/\/www.stille.se\/se\/\",\"name\":\"Stille SE\",\"description\":\"\",\"publisher\":{\"@id\":\"https:\/\/www.stille.se\/se\/#organization\"},\"potentialAction\":[{\"@type\":\"SearchAction\",\"target\":{\"@type\":\"EntryPoint\",\"urlTemplate\":\"https:\/\/www.stille.se\/se\/?s={search_term_string}\"},\"query-input\":\"required name=search_term_string\"}],\"inLanguage\":\"sv-SE\"},{\"@type\":\"WebPage\",\"@id\":\"https:\/\/www.stille.se\/se\/om-oss\/kvalitets-och-hallbarhetsarbete\/miljo-och-klimatpaverkan\/#webpage\",\"url\":\"https:\/\/www.stille.se\/se\/om-oss\/kvalitets-och-hallbarhetsarbete\/miljo-och-klimatpaverkan\/\",\"name\":\"Milj\\u00f6- och klimatp\\u00e5verkan - STILLE\",\"isPartOf\":{\"@id\":\"https:\/\/www.stille.se\/se\/#website\"},\"datePublished\":\"2019-11-22T15:56:44+00:00\",\"dateModified\":\"2026-04-02T06:57:38+00:00\",\"breadcrumb\":{\"@id\":\"https:\/\/www.stille.se\/se\/om-oss\/kvalitets-och-hallbarhetsarbete\/miljo-och-klimatpaverkan\/#breadcrumb\"},\"inLanguage\":\"sv-SE\",\"potentialAction\":[{\"@type\":\"ReadAction\",\"target\":[\"https:\/\/www.stille.se\/se\/om-oss\/kvalitets-och-hallbarhetsarbete\/miljo-och-klimatpaverkan\/\"]}]},{\"@type\":\"BreadcrumbList\",\"@id\":\"https:\/\/www.stille.se\/se\/om-oss\/kvalitets-och-hallbarhetsarbete\/miljo-och-klimatpaverkan\/#breadcrumb\",\"itemListElement\":[{\"@type\":\"ListItem\",\"position\":1,\"name\":\"Hem\",\"item\":\"https:\/\/www.stille.se\/se\/\"},{\"@type\":\"ListItem\",\"position\":2,\"name\":\"Om oss\",\"item\":\"https:\/\/www.stille.se\/se\/om-oss\/\"},{\"@type\":\"ListItem\",\"position\":3,\"name\":\"Kvalitets- och h\\u00e5llbarhetsarbete\",\"item\":\"https:\/\/www.stille.se\/se\/om-oss\/kvalitets-och-hallbarhetsarbete\/\"},{\"@type\":\"ListItem\",\"position\":4,\"name\":\"Milj\\u00f6- och klimatp\\u00e5verkan\"}]}]}<\/script>\n<!-- \/ Yoast SEO plugin. -->","yoast_head_json":{"title":"Milj\u00f6- och klimatp\u00e5verkan - STILLE","robots":{"index":"index","follow":"follow","max-snippet":"max-snippet:-1","max-image-preview":"max-image-preview:large","max-video-preview":"max-video-preview:-1"},"canonical":"https:\/\/www.stille.se\/se\/om-oss\/kvalitets-och-hallbarhetsarbete\/miljo-och-klimatpaverkan\/","og_locale":"sv_SE","og_type":"article","og_title":"Milj\u00f6- och klimatp\u00e5verkan - STILLE","og_description":"Milj\u00f6- och klimatp\u00e5verkan Vi str\u00e4var efter att minimera den klimat- och milj\u00f6p\u00e5verkan som uppkommer som ett resultat av v\u00e5r verksamhet. Det g\u00e4ller bland annat anv\u00e4ndningen av milj\u00f6p\u00e5verkande kemikalier, transporter och v\u00e5r energif\u00f6rbrukning. F\u00f6r anst\u00e4llda g\u00e4ller att tj\u00e4nstebilar ska v\u00e4ljas med tanke p\u00e5 milj\u00f6v\u00e4nlighet, br\u00e4nslef\u00f6rbrukning och utsl\u00e4pp. N\u00e4r det kommer till h\u00e4lsop\u00e5verkande milj\u00f6faktorer bidrar vi \u00e4ven...","og_url":"https:\/\/www.stille.se\/se\/om-oss\/kvalitets-och-hallbarhetsarbete\/miljo-och-klimatpaverkan\/","og_site_name":"Stille SE","article_publisher":"https:\/\/www.facebook.com\/stilleab\/","article_modified_time":"2026-04-02T06:57:38+00:00","og_image":[{"width":562,"height":314,"url":"https:\/\/www.stille.se\/se\/wp-content\/uploads\/2019\/12\/stille-logo-800.jpg","type":"image\/jpeg"}],"twitter_card":"summary_large_image","twitter_misc":{"Ber\u00e4knad l\u00e4stid":"1 minut"},"schema":{"@context":"https:\/\/schema.org","@graph":[{"@type":"Organization","@id":"https:\/\/www.stille.se\/se\/#organization","name":"Stille AB","url":"https:\/\/www.stille.se\/se\/","sameAs":["https:\/\/www.facebook.com\/stilleab\/","https:\/\/www.linkedin.com\/company\/stille-ab\/","https:\/\/www.youtube.com\/channel\/UCpxmVroiwKKSXWe3ZCOrSqw"],"logo":{"@type":"ImageObject","@id":"https:\/\/www.stille.se\/se\/#logo","inLanguage":"sv-SE","url":"https:\/\/www.stille.se\/se\/wp-content\/uploads\/2019\/12\/stille-logo-800.jpg","contentUrl":"https:\/\/www.stille.se\/se\/wp-content\/uploads\/2019\/12\/stille-logo-800.jpg","width":562,"height":314,"caption":"Stille AB"},"image":{"@id":"https:\/\/www.stille.se\/se\/#logo"}},{"@type":"WebSite","@id":"https:\/\/www.stille.se\/se\/#website","url":"https:\/\/www.stille.se\/se\/","name":"Stille SE","description":"","publisher":{"@id":"https:\/\/www.stille.se\/se\/#organization"},"potentialAction":[{"@type":"SearchAction","target":{"@type":"EntryPoint","urlTemplate":"https:\/\/www.stille.se\/se\/?s={search_term_string}"},"query-input":"required name=search_term_string"}],"inLanguage":"sv-SE"},{"@type":"WebPage","@id":"https:\/\/www.stille.se\/se\/om-oss\/kvalitets-och-hallbarhetsarbete\/miljo-och-klimatpaverkan\/#webpage","url":"https:\/\/www.stille.se\/se\/om-oss\/kvalitets-och-hallbarhetsarbete\/miljo-och-klimatpaverkan\/","name":"Milj\u00f6- och klimatp\u00e5verkan - STILLE","isPartOf":{"@id":"https:\/\/www.stille.se\/se\/#website"},"datePublished":"2019-11-22T15:56:44+00:00","dateModified":"2026-04-02T06:57:38+00:00","breadcrumb":{"@id":"https:\/\/www.stille.se\/se\/om-oss\/kvalitets-och-hallbarhetsarbete\/miljo-och-klimatpaverkan\/#breadcrumb"},"inLanguage":"sv-SE","potentialAction":[{"@type":"ReadAction","target":["https:\/\/www.stille.se\/se\/om-oss\/kvalitets-och-hallbarhetsarbete\/miljo-och-klimatpaverkan\/"]}]},{"@type":"BreadcrumbList","@id":"https:\/\/www.stille.se\/se\/om-oss\/kvalitets-och-hallbarhetsarbete\/miljo-och-klimatpaverkan\/#breadcrumb","itemListElement":[{"@type":"ListItem","position":1,"name":"Hem","item":"https:\/\/www.stille.se\/se\/"},{"@type":"ListItem","position":2,"name":"Om oss","item":"https:\/\/www.stille.se\/se\/om-oss\/"},{"@type":"ListItem","position":3,"name":"Kvalitets- och h\u00e5llbarhetsarbete","item":"https:\/\/www.stille.se\/se\/om-oss\/kvalitets-och-hallbarhetsarbete\/"},{"@type":"ListItem","position":4,"name":"Milj\u00f6- och klimatp\u00e5verkan"}]}]}},"_links":{"self":[{"href":"https:\/\/www.stille.se\/se\/wp-json\/wp\/v2\/pages\/1221"}],"collection":[{"href":"https:\/\/www.stille.se\/se\/wp-json\/wp\/v2\/pages"}],"about":[{"href":"https:\/\/www.stille.se\/se\/wp-json\/wp\/v2\/types\/page"}],"author":[{"embeddable":true,"href":"https:\/\/www.stille.se\/se\/wp-json\/wp\/v2\/users\/33"}],"replies":[{"embeddable":true,"href":"https:\/\/www.stille.se\/se\/wp-json\/wp\/v2\/comments?post=1221"}],"version-history":[{"count":10,"href":"https:\/\/www.stille.se\/se\/wp-json\/wp\/v2\/pages\/1221\/revisions"}],"predecessor-version":[{"id":48492,"href":"https:\/\/www.stille.se\/se\/wp-json\/wp\/v2\/pages\/1221\/revisions\/48492"}],"up":[{"embeddable":true,"href":"https:\/\/www.stille.se\/se\/wp-json\/wp\/v2\/pages\/1212"}],"wp:attachment":[{"href":"https:\/\/www.stille.se\/se\/wp-json\/wp\/v2\/media?parent=1221"}],"curies":[{"name":"wp","href":"https:\/\/api.w.org\/{rel}","templated":true}]}}