{"id":1227,"date":"2019-11-22T15:56:47","date_gmt":"2019-11-22T15:56:47","guid":{"rendered":"https:\/\/www.stille.se\/se\/513-2__trashed\/uppforandekod\/"},"modified":"2022-07-12T12:51:31","modified_gmt":"2022-07-12T10:51:31","slug":"code-of-conduct","status":"publish","type":"page","link":"https:\/\/www.stille.se\/se\/om-oss\/kvalitets-och-hallbarhetsarbete\/code-of-conduct\/","title":{"rendered":"Code of Conduct"},"content":{"rendered":"<h1>Code of conduct<\/h1>\n<p>Stille har, som ett f\u00f6retag i h\u00e4lsov\u00e5rdsbranschen med global verksamhet, ett ansvar f\u00f6r att agera etiskt och ansvarsfullt i alla delar av v\u00e5r verksamhet. F\u00f6r att uppn\u00e5 detta har vi utarbetat tydliga riktlinjer och en upps\u00e4ttning klart uttalade etiska principer f\u00f6r att v\u00e4gleda oss, vilka samlats i v\u00e5r Uppf\u00f6randekod. Den hj\u00e4lper oss att vara tydliga med vad vi st\u00e5r f\u00f6r och hur vi agerar gentemot anst\u00e4llda, dig som kund och andra viktiga intressenter. Vi tror att ett etiskt agerande ocks\u00e5 f\u00f6rebygger on\u00f6digt risktagande och i l\u00e4ngden st\u00e4rker v\u00e5r resultatutveckling.<\/p>\n<p>Utan f\u00f6rtroende fr\u00e5n alla v\u00e5ra viktiga parter \u2013 v\u00e5ra kunder och patienterna som f\u00f6rlitar sig p\u00e5 v\u00e5ra produkter, v\u00e5ra anst\u00e4llda och aktie\u00e4gare samt myndigheter \u2013 kan vi inte f\u00f6rverkliga v\u00e5r vision om att Stille ska vara kirurgernas f\u00f6rstahandsval i hela v\u00e4rlden.<\/p>\n<p>V\u00e5r uppf\u00f6randekod \u00e4r d\u00e4rf\u00f6r en central del av arbetet med att bygga upp och beh\u00e5lla ett s\u00e5dant f\u00f6rtroende. Den \u00e4r ett grundl\u00e4ggande uttryck f\u00f6r den professionalism som vi efterstr\u00e4var i allt vi g\u00f6r och den personliga integritet vi f\u00f6rv\u00e4ntar oss av alla medarbetare.<\/p>\n<p>Uppf\u00f6randekoden tar sin utg\u00e5ngspunkt i v\u00e5ra k\u00e4rnv\u00e4rden och i internationellt accepterade principer:<\/p>\n<ul>\n<li>FN:s deklaration om m\u00e4nskliga r\u00e4ttigheter (www.un.org\/en\/documents\/udhr\/)<\/li>\n<li>FN:s barnkonvention (www.unicef.org\/crc)<\/li>\n<li>FN:s Global Compact (www.unglobalcompact.org)<\/li>\n<li>Internationella arbetsorganisationens principer och r\u00e4ttigheter i arbetet (https:\/\/www.ilo.org)<\/li>\n<\/ul>\n<p>L\u00e4s den Stilles fullst\u00e4ndiga Code of Conduct <a href=\"https:\/\/www.stille.se\/se\/wp-content\/uploads\/2021\/04\/lp10-001-en-utg-6-code-of-conduct.pdf\">h\u00e4r<\/a>.<\/p>\n","protected":false},"excerpt":{"rendered":"<p>Code of conduct Stille har, som ett f\u00f6retag i h\u00e4lsov\u00e5rdsbranschen med global verksamhet, ett ansvar f\u00f6r att agera etiskt och ansvarsfullt i alla delar av v\u00e5r verksamhet. F\u00f6r att uppn\u00e5 detta har vi utarbetat tydliga riktlinjer och en upps\u00e4ttning klart uttalade etiska principer f\u00f6r att v\u00e4gleda oss, vilka samlats i v\u00e5r Uppf\u00f6randekod. Den hj\u00e4lper oss&#8230;<\/p>\n","protected":false},"author":33,"featured_media":0,"parent":1212,"menu_order":0,"comment_status":"open","ping_status":"closed","template":"","meta":[],"acf":[],"yoast_head":"<!-- This site is optimized with the Yoast SEO plugin v17.9 - https:\/\/yoast.com\/wordpress\/plugins\/seo\/ -->\n<title>Code of Conduct - STILLE<\/title>\n<meta name=\"robots\" content=\"index, follow, max-snippet:-1, max-image-preview:large, max-video-preview:-1\" \/>\n<link rel=\"canonical\" href=\"https:\/\/www.stille.se\/se\/om-oss\/kvalitets-och-hallbarhetsarbete\/code-of-conduct\/\" \/>\n<meta property=\"og:locale\" content=\"sv_SE\" \/>\n<meta property=\"og:type\" content=\"article\" \/>\n<meta property=\"og:title\" content=\"Code of Conduct - STILLE\" \/>\n<meta property=\"og:description\" content=\"Code of conduct Stille har, som ett f\u00f6retag i h\u00e4lsov\u00e5rdsbranschen med global verksamhet, ett ansvar f\u00f6r att agera etiskt och ansvarsfullt i alla delar av v\u00e5r verksamhet. F\u00f6r att uppn\u00e5 detta har vi utarbetat tydliga riktlinjer och en upps\u00e4ttning klart uttalade etiska principer f\u00f6r att v\u00e4gleda oss, vilka samlats i v\u00e5r Uppf\u00f6randekod. Den hj\u00e4lper oss...\" \/>\n<meta property=\"og:url\" content=\"https:\/\/www.stille.se\/se\/om-oss\/kvalitets-och-hallbarhetsarbete\/code-of-conduct\/\" \/>\n<meta property=\"og:site_name\" content=\"Stille SE\" \/>\n<meta property=\"article:publisher\" content=\"https:\/\/www.facebook.com\/stilleab\/\" \/>\n<meta property=\"article:modified_time\" content=\"2022-07-12T10:51:31+00:00\" \/>\n<meta property=\"og:image\" content=\"https:\/\/www.stille.se\/se\/wp-content\/uploads\/2019\/12\/stille-logo-800.jpg\" \/>\n\t<meta property=\"og:image:width\" content=\"562\" \/>\n\t<meta property=\"og:image:height\" content=\"314\" \/>\n\t<meta property=\"og:image:type\" content=\"image\/jpeg\" \/>\n<meta name=\"twitter:card\" content=\"summary_large_image\" \/>\n<meta name=\"twitter:label1\" content=\"Ber\u00e4knad l\u00e4stid\" \/>\n\t<meta name=\"twitter:data1\" content=\"2 minuter\" \/>\n<script type=\"application\/ld+json\" class=\"yoast-schema-graph\">{\"@context\":\"https:\/\/schema.org\",\"@graph\":[{\"@type\":\"Organization\",\"@id\":\"https:\/\/www.stille.se\/se\/#organization\",\"name\":\"Stille AB\",\"url\":\"https:\/\/www.stille.se\/se\/\",\"sameAs\":[\"https:\/\/www.facebook.com\/stilleab\/\",\"https:\/\/www.linkedin.com\/company\/stille-ab\/\",\"https:\/\/www.youtube.com\/channel\/UCpxmVroiwKKSXWe3ZCOrSqw\"],\"logo\":{\"@type\":\"ImageObject\",\"@id\":\"https:\/\/www.stille.se\/se\/#logo\",\"inLanguage\":\"sv-SE\",\"url\":\"https:\/\/www.stille.se\/se\/wp-content\/uploads\/2019\/12\/stille-logo-800.jpg\",\"contentUrl\":\"https:\/\/www.stille.se\/se\/wp-content\/uploads\/2019\/12\/stille-logo-800.jpg\",\"width\":562,\"height\":314,\"caption\":\"Stille AB\"},\"image\":{\"@id\":\"https:\/\/www.stille.se\/se\/#logo\"}},{\"@type\":\"WebSite\",\"@id\":\"https:\/\/www.stille.se\/se\/#website\",\"url\":\"https:\/\/www.stille.se\/se\/\",\"name\":\"Stille SE\",\"description\":\"\",\"publisher\":{\"@id\":\"https:\/\/www.stille.se\/se\/#organization\"},\"potentialAction\":[{\"@type\":\"SearchAction\",\"target\":{\"@type\":\"EntryPoint\",\"urlTemplate\":\"https:\/\/www.stille.se\/se\/?s={search_term_string}\"},\"query-input\":\"required name=search_term_string\"}],\"inLanguage\":\"sv-SE\"},{\"@type\":\"WebPage\",\"@id\":\"https:\/\/www.stille.se\/se\/om-oss\/kvalitets-och-hallbarhetsarbete\/code-of-conduct\/#webpage\",\"url\":\"https:\/\/www.stille.se\/se\/om-oss\/kvalitets-och-hallbarhetsarbete\/code-of-conduct\/\",\"name\":\"Code of Conduct - STILLE\",\"isPartOf\":{\"@id\":\"https:\/\/www.stille.se\/se\/#website\"},\"datePublished\":\"2019-11-22T15:56:47+00:00\",\"dateModified\":\"2022-07-12T10:51:31+00:00\",\"breadcrumb\":{\"@id\":\"https:\/\/www.stille.se\/se\/om-oss\/kvalitets-och-hallbarhetsarbete\/code-of-conduct\/#breadcrumb\"},\"inLanguage\":\"sv-SE\",\"potentialAction\":[{\"@type\":\"ReadAction\",\"target\":[\"https:\/\/www.stille.se\/se\/om-oss\/kvalitets-och-hallbarhetsarbete\/code-of-conduct\/\"]}]},{\"@type\":\"BreadcrumbList\",\"@id\":\"https:\/\/www.stille.se\/se\/om-oss\/kvalitets-och-hallbarhetsarbete\/code-of-conduct\/#breadcrumb\",\"itemListElement\":[{\"@type\":\"ListItem\",\"position\":1,\"name\":\"Hem\",\"item\":\"https:\/\/www.stille.se\/se\/\"},{\"@type\":\"ListItem\",\"position\":2,\"name\":\"Om oss\",\"item\":\"https:\/\/www.stille.se\/se\/om-oss\/\"},{\"@type\":\"ListItem\",\"position\":3,\"name\":\"Kvalitets- och h\\u00e5llbarhetsarbete\",\"item\":\"https:\/\/www.stille.se\/se\/om-oss\/kvalitets-och-hallbarhetsarbete\/\"},{\"@type\":\"ListItem\",\"position\":4,\"name\":\"Code of Conduct\"}]}]}<\/script>\n<!-- \/ Yoast SEO plugin. -->","yoast_head_json":{"title":"Code of Conduct - STILLE","robots":{"index":"index","follow":"follow","max-snippet":"max-snippet:-1","max-image-preview":"max-image-preview:large","max-video-preview":"max-video-preview:-1"},"canonical":"https:\/\/www.stille.se\/se\/om-oss\/kvalitets-och-hallbarhetsarbete\/code-of-conduct\/","og_locale":"sv_SE","og_type":"article","og_title":"Code of Conduct - STILLE","og_description":"Code of conduct Stille har, som ett f\u00f6retag i h\u00e4lsov\u00e5rdsbranschen med global verksamhet, ett ansvar f\u00f6r att agera etiskt och ansvarsfullt i alla delar av v\u00e5r verksamhet. F\u00f6r att uppn\u00e5 detta har vi utarbetat tydliga riktlinjer och en upps\u00e4ttning klart uttalade etiska principer f\u00f6r att v\u00e4gleda oss, vilka samlats i v\u00e5r Uppf\u00f6randekod. Den hj\u00e4lper oss...","og_url":"https:\/\/www.stille.se\/se\/om-oss\/kvalitets-och-hallbarhetsarbete\/code-of-conduct\/","og_site_name":"Stille SE","article_publisher":"https:\/\/www.facebook.com\/stilleab\/","article_modified_time":"2022-07-12T10:51:31+00:00","og_image":[{"width":562,"height":314,"url":"https:\/\/www.stille.se\/se\/wp-content\/uploads\/2019\/12\/stille-logo-800.jpg","type":"image\/jpeg"}],"twitter_card":"summary_large_image","twitter_misc":{"Ber\u00e4knad l\u00e4stid":"2 minuter"},"schema":{"@context":"https:\/\/schema.org","@graph":[{"@type":"Organization","@id":"https:\/\/www.stille.se\/se\/#organization","name":"Stille AB","url":"https:\/\/www.stille.se\/se\/","sameAs":["https:\/\/www.facebook.com\/stilleab\/","https:\/\/www.linkedin.com\/company\/stille-ab\/","https:\/\/www.youtube.com\/channel\/UCpxmVroiwKKSXWe3ZCOrSqw"],"logo":{"@type":"ImageObject","@id":"https:\/\/www.stille.se\/se\/#logo","inLanguage":"sv-SE","url":"https:\/\/www.stille.se\/se\/wp-content\/uploads\/2019\/12\/stille-logo-800.jpg","contentUrl":"https:\/\/www.stille.se\/se\/wp-content\/uploads\/2019\/12\/stille-logo-800.jpg","width":562,"height":314,"caption":"Stille AB"},"image":{"@id":"https:\/\/www.stille.se\/se\/#logo"}},{"@type":"WebSite","@id":"https:\/\/www.stille.se\/se\/#website","url":"https:\/\/www.stille.se\/se\/","name":"Stille SE","description":"","publisher":{"@id":"https:\/\/www.stille.se\/se\/#organization"},"potentialAction":[{"@type":"SearchAction","target":{"@type":"EntryPoint","urlTemplate":"https:\/\/www.stille.se\/se\/?s={search_term_string}"},"query-input":"required name=search_term_string"}],"inLanguage":"sv-SE"},{"@type":"WebPage","@id":"https:\/\/www.stille.se\/se\/om-oss\/kvalitets-och-hallbarhetsarbete\/code-of-conduct\/#webpage","url":"https:\/\/www.stille.se\/se\/om-oss\/kvalitets-och-hallbarhetsarbete\/code-of-conduct\/","name":"Code of Conduct - STILLE","isPartOf":{"@id":"https:\/\/www.stille.se\/se\/#website"},"datePublished":"2019-11-22T15:56:47+00:00","dateModified":"2022-07-12T10:51:31+00:00","breadcrumb":{"@id":"https:\/\/www.stille.se\/se\/om-oss\/kvalitets-och-hallbarhetsarbete\/code-of-conduct\/#breadcrumb"},"inLanguage":"sv-SE","potentialAction":[{"@type":"ReadAction","target":["https:\/\/www.stille.se\/se\/om-oss\/kvalitets-och-hallbarhetsarbete\/code-of-conduct\/"]}]},{"@type":"BreadcrumbList","@id":"https:\/\/www.stille.se\/se\/om-oss\/kvalitets-och-hallbarhetsarbete\/code-of-conduct\/#breadcrumb","itemListElement":[{"@type":"ListItem","position":1,"name":"Hem","item":"https:\/\/www.stille.se\/se\/"},{"@type":"ListItem","position":2,"name":"Om oss","item":"https:\/\/www.stille.se\/se\/om-oss\/"},{"@type":"ListItem","position":3,"name":"Kvalitets- och h\u00e5llbarhetsarbete","item":"https:\/\/www.stille.se\/se\/om-oss\/kvalitets-och-hallbarhetsarbete\/"},{"@type":"ListItem","position":4,"name":"Code of Conduct"}]}]}},"_links":{"self":[{"href":"https:\/\/www.stille.se\/se\/wp-json\/wp\/v2\/pages\/1227"}],"collection":[{"href":"https:\/\/www.stille.se\/se\/wp-json\/wp\/v2\/pages"}],"about":[{"href":"https:\/\/www.stille.se\/se\/wp-json\/wp\/v2\/types\/page"}],"author":[{"embeddable":true,"href":"https:\/\/www.stille.se\/se\/wp-json\/wp\/v2\/users\/33"}],"replies":[{"embeddable":true,"href":"https:\/\/www.stille.se\/se\/wp-json\/wp\/v2\/comments?post=1227"}],"version-history":[{"count":10,"href":"https:\/\/www.stille.se\/se\/wp-json\/wp\/v2\/pages\/1227\/revisions"}],"predecessor-version":[{"id":43668,"href":"https:\/\/www.stille.se\/se\/wp-json\/wp\/v2\/pages\/1227\/revisions\/43668"}],"up":[{"embeddable":true,"href":"https:\/\/www.stille.se\/se\/wp-json\/wp\/v2\/pages\/1212"}],"wp:attachment":[{"href":"https:\/\/www.stille.se\/se\/wp-json\/wp\/v2\/media?parent=1227"}],"curies":[{"name":"wp","href":"https:\/\/api.w.org\/{rel}","templated":true}]}}