{"id":1230,"date":"2019-11-22T15:56:48","date_gmt":"2019-11-22T15:56:48","guid":{"rendered":"https:\/\/www.stille.se\/se\/513-2__trashed\/diskrimineringspolicy\/"},"modified":"2020-02-19T08:13:42","modified_gmt":"2020-02-19T08:13:42","slug":"diskrimineringspolicy","status":"publish","type":"page","link":"https:\/\/www.stille.se\/se\/om-oss\/kvalitets-och-hallbarhetsarbete\/diskrimineringspolicy\/","title":{"rendered":"Diskrimineringspolicy"},"content":{"rendered":"<h1>Diskrimineringspolicy<\/h1>\n<p>Stille v\u00e4rnar om ett arbetsklimat d\u00e4r alla medarbetare behandlas likv\u00e4rdigt och med respekt, h\u00e4nsyn och uppskattning f\u00f6r individen. Genom att ta till vara p\u00e5 v\u00e5ra olikheter f\u00e5r vi tillg\u00e5ng till en bred och varierad erfarenhet som \u00e4r en stor tillg\u00e5ng i v\u00e5rt arbete. Stille accepterar inte, och ser allvarligt p\u00e5, diskriminering, mobbning och trakasserier av alla slag.<\/p>\n<p>Vid tills\u00e4ttning av samtliga tj\u00e4nster, utv\u00e4rderingar av arbetsresultat, l\u00f6nerevisioner, kompetensutveckling och f\u00f6rdelning av arbetsuppgifter p\u00e5 Stille ska vi utg\u00e5 objektivt fr\u00e5n medarbetares kompetens och tidigare prestation.<\/p>\n<p>I synnerhet ska medarbetare behandlas lika oavsett ras, etnicitet, ursprung, kast, k\u00f6n, k\u00f6nsidentitet eller k\u00f6nsuttryck, etnisk tillh\u00f6righet, religion eller annan trosuppfattning, funktionsneds\u00e4ttning, sexuell l\u00e4ggning, \u00e5lder, fackf\u00f6reningstillh\u00f6righet eller politisk \u00e5sikt<\/p>\n<h5>Systematiskt arbete f\u00f6r lika villkor<\/h5>\n<p>Stille arbetar f\u00f6rebyggande mot diskriminering genom ett systematiskt arbete f\u00f6r lika villkor. Personalchefen ansvarar f\u00f6r att Stilles verksamhet kartl\u00e4ggs och analyseras \u00e5rligen utifr\u00e5n ett diskrimineringsperspektiv. I den \u00e5rliga kartl\u00e4ggningen dokumenteras risker eller faktiska diskrimineringsh\u00e4ndelser varefter \u00e5tg\u00e4rder planeras och successivt f\u00f6ljs upp. I synnerhet uppm\u00e4rksammas:<\/p>\n<ul>\n<li>F\u00f6r\u00e4ldraledighet<\/li>\n<li>L\u00f6nestatistik<\/li>\n<li>Kompetensutveckling<\/li>\n<li>Rekryteringsprocess<\/li>\n<li>Internrekrytering och befordringar<\/li>\n<\/ul>\n","protected":false},"excerpt":{"rendered":"<p>Diskrimineringspolicy Stille v\u00e4rnar om ett arbetsklimat d\u00e4r alla medarbetare behandlas likv\u00e4rdigt och med respekt, h\u00e4nsyn och uppskattning f\u00f6r individen. Genom att ta till vara p\u00e5 v\u00e5ra olikheter f\u00e5r vi tillg\u00e5ng till en bred och varierad erfarenhet som \u00e4r en stor tillg\u00e5ng i v\u00e5rt arbete. Stille accepterar inte, och ser allvarligt p\u00e5, diskriminering, mobbning och trakasserier&#8230;<\/p>\n","protected":false},"author":33,"featured_media":0,"parent":1212,"menu_order":0,"comment_status":"open","ping_status":"closed","template":"","meta":[],"acf":[],"yoast_head":"<!-- This site is optimized with the Yoast SEO plugin v17.9 - https:\/\/yoast.com\/wordpress\/plugins\/seo\/ -->\n<title>Diskrimineringspolicy - STILLE<\/title>\n<meta name=\"robots\" content=\"index, follow, max-snippet:-1, max-image-preview:large, max-video-preview:-1\" \/>\n<link rel=\"canonical\" href=\"https:\/\/www.stille.se\/se\/om-oss\/kvalitets-och-hallbarhetsarbete\/diskrimineringspolicy\/\" \/>\n<meta property=\"og:locale\" content=\"sv_SE\" \/>\n<meta property=\"og:type\" content=\"article\" \/>\n<meta property=\"og:title\" content=\"Diskrimineringspolicy - STILLE\" \/>\n<meta property=\"og:description\" content=\"Diskrimineringspolicy Stille v\u00e4rnar om ett arbetsklimat d\u00e4r alla medarbetare behandlas likv\u00e4rdigt och med respekt, h\u00e4nsyn och uppskattning f\u00f6r individen. Genom att ta till vara p\u00e5 v\u00e5ra olikheter f\u00e5r vi tillg\u00e5ng till en bred och varierad erfarenhet som \u00e4r en stor tillg\u00e5ng i v\u00e5rt arbete. Stille accepterar inte, och ser allvarligt p\u00e5, diskriminering, mobbning och trakasserier...\" \/>\n<meta property=\"og:url\" content=\"https:\/\/www.stille.se\/se\/om-oss\/kvalitets-och-hallbarhetsarbete\/diskrimineringspolicy\/\" \/>\n<meta property=\"og:site_name\" content=\"Stille SE\" \/>\n<meta property=\"article:publisher\" content=\"https:\/\/www.facebook.com\/stilleab\/\" \/>\n<meta property=\"article:modified_time\" content=\"2020-02-19T08:13:42+00:00\" \/>\n<meta property=\"og:image\" content=\"https:\/\/www.stille.se\/se\/wp-content\/uploads\/2019\/12\/stille-logo-800.jpg\" \/>\n\t<meta property=\"og:image:width\" content=\"562\" \/>\n\t<meta property=\"og:image:height\" content=\"314\" \/>\n\t<meta property=\"og:image:type\" content=\"image\/jpeg\" \/>\n<meta name=\"twitter:card\" content=\"summary_large_image\" \/>\n<meta name=\"twitter:label1\" content=\"Ber\u00e4knad l\u00e4stid\" \/>\n\t<meta name=\"twitter:data1\" content=\"1 minut\" \/>\n<script type=\"application\/ld+json\" class=\"yoast-schema-graph\">{\"@context\":\"https:\/\/schema.org\",\"@graph\":[{\"@type\":\"Organization\",\"@id\":\"https:\/\/www.stille.se\/se\/#organization\",\"name\":\"Stille AB\",\"url\":\"https:\/\/www.stille.se\/se\/\",\"sameAs\":[\"https:\/\/www.facebook.com\/stilleab\/\",\"https:\/\/www.linkedin.com\/company\/stille-ab\/\",\"https:\/\/www.youtube.com\/channel\/UCpxmVroiwKKSXWe3ZCOrSqw\"],\"logo\":{\"@type\":\"ImageObject\",\"@id\":\"https:\/\/www.stille.se\/se\/#logo\",\"inLanguage\":\"sv-SE\",\"url\":\"https:\/\/www.stille.se\/se\/wp-content\/uploads\/2019\/12\/stille-logo-800.jpg\",\"contentUrl\":\"https:\/\/www.stille.se\/se\/wp-content\/uploads\/2019\/12\/stille-logo-800.jpg\",\"width\":562,\"height\":314,\"caption\":\"Stille AB\"},\"image\":{\"@id\":\"https:\/\/www.stille.se\/se\/#logo\"}},{\"@type\":\"WebSite\",\"@id\":\"https:\/\/www.stille.se\/se\/#website\",\"url\":\"https:\/\/www.stille.se\/se\/\",\"name\":\"Stille SE\",\"description\":\"\",\"publisher\":{\"@id\":\"https:\/\/www.stille.se\/se\/#organization\"},\"potentialAction\":[{\"@type\":\"SearchAction\",\"target\":{\"@type\":\"EntryPoint\",\"urlTemplate\":\"https:\/\/www.stille.se\/se\/?s={search_term_string}\"},\"query-input\":\"required name=search_term_string\"}],\"inLanguage\":\"sv-SE\"},{\"@type\":\"WebPage\",\"@id\":\"https:\/\/www.stille.se\/se\/om-oss\/kvalitets-och-hallbarhetsarbete\/diskrimineringspolicy\/#webpage\",\"url\":\"https:\/\/www.stille.se\/se\/om-oss\/kvalitets-och-hallbarhetsarbete\/diskrimineringspolicy\/\",\"name\":\"Diskrimineringspolicy - STILLE\",\"isPartOf\":{\"@id\":\"https:\/\/www.stille.se\/se\/#website\"},\"datePublished\":\"2019-11-22T15:56:48+00:00\",\"dateModified\":\"2020-02-19T08:13:42+00:00\",\"breadcrumb\":{\"@id\":\"https:\/\/www.stille.se\/se\/om-oss\/kvalitets-och-hallbarhetsarbete\/diskrimineringspolicy\/#breadcrumb\"},\"inLanguage\":\"sv-SE\",\"potentialAction\":[{\"@type\":\"ReadAction\",\"target\":[\"https:\/\/www.stille.se\/se\/om-oss\/kvalitets-och-hallbarhetsarbete\/diskrimineringspolicy\/\"]}]},{\"@type\":\"BreadcrumbList\",\"@id\":\"https:\/\/www.stille.se\/se\/om-oss\/kvalitets-och-hallbarhetsarbete\/diskrimineringspolicy\/#breadcrumb\",\"itemListElement\":[{\"@type\":\"ListItem\",\"position\":1,\"name\":\"Hem\",\"item\":\"https:\/\/www.stille.se\/se\/\"},{\"@type\":\"ListItem\",\"position\":2,\"name\":\"Om oss\",\"item\":\"https:\/\/www.stille.se\/se\/om-oss\/\"},{\"@type\":\"ListItem\",\"position\":3,\"name\":\"Kvalitets- och h\\u00e5llbarhetsarbete\",\"item\":\"https:\/\/www.stille.se\/se\/om-oss\/kvalitets-och-hallbarhetsarbete\/\"},{\"@type\":\"ListItem\",\"position\":4,\"name\":\"Diskrimineringspolicy\"}]}]}<\/script>\n<!-- \/ Yoast SEO plugin. -->","yoast_head_json":{"title":"Diskrimineringspolicy - STILLE","robots":{"index":"index","follow":"follow","max-snippet":"max-snippet:-1","max-image-preview":"max-image-preview:large","max-video-preview":"max-video-preview:-1"},"canonical":"https:\/\/www.stille.se\/se\/om-oss\/kvalitets-och-hallbarhetsarbete\/diskrimineringspolicy\/","og_locale":"sv_SE","og_type":"article","og_title":"Diskrimineringspolicy - STILLE","og_description":"Diskrimineringspolicy Stille v\u00e4rnar om ett arbetsklimat d\u00e4r alla medarbetare behandlas likv\u00e4rdigt och med respekt, h\u00e4nsyn och uppskattning f\u00f6r individen. Genom att ta till vara p\u00e5 v\u00e5ra olikheter f\u00e5r vi tillg\u00e5ng till en bred och varierad erfarenhet som \u00e4r en stor tillg\u00e5ng i v\u00e5rt arbete. Stille accepterar inte, och ser allvarligt p\u00e5, diskriminering, mobbning och trakasserier...","og_url":"https:\/\/www.stille.se\/se\/om-oss\/kvalitets-och-hallbarhetsarbete\/diskrimineringspolicy\/","og_site_name":"Stille SE","article_publisher":"https:\/\/www.facebook.com\/stilleab\/","article_modified_time":"2020-02-19T08:13:42+00:00","og_image":[{"width":562,"height":314,"url":"https:\/\/www.stille.se\/se\/wp-content\/uploads\/2019\/12\/stille-logo-800.jpg","type":"image\/jpeg"}],"twitter_card":"summary_large_image","twitter_misc":{"Ber\u00e4knad l\u00e4stid":"1 minut"},"schema":{"@context":"https:\/\/schema.org","@graph":[{"@type":"Organization","@id":"https:\/\/www.stille.se\/se\/#organization","name":"Stille AB","url":"https:\/\/www.stille.se\/se\/","sameAs":["https:\/\/www.facebook.com\/stilleab\/","https:\/\/www.linkedin.com\/company\/stille-ab\/","https:\/\/www.youtube.com\/channel\/UCpxmVroiwKKSXWe3ZCOrSqw"],"logo":{"@type":"ImageObject","@id":"https:\/\/www.stille.se\/se\/#logo","inLanguage":"sv-SE","url":"https:\/\/www.stille.se\/se\/wp-content\/uploads\/2019\/12\/stille-logo-800.jpg","contentUrl":"https:\/\/www.stille.se\/se\/wp-content\/uploads\/2019\/12\/stille-logo-800.jpg","width":562,"height":314,"caption":"Stille AB"},"image":{"@id":"https:\/\/www.stille.se\/se\/#logo"}},{"@type":"WebSite","@id":"https:\/\/www.stille.se\/se\/#website","url":"https:\/\/www.stille.se\/se\/","name":"Stille SE","description":"","publisher":{"@id":"https:\/\/www.stille.se\/se\/#organization"},"potentialAction":[{"@type":"SearchAction","target":{"@type":"EntryPoint","urlTemplate":"https:\/\/www.stille.se\/se\/?s={search_term_string}"},"query-input":"required name=search_term_string"}],"inLanguage":"sv-SE"},{"@type":"WebPage","@id":"https:\/\/www.stille.se\/se\/om-oss\/kvalitets-och-hallbarhetsarbete\/diskrimineringspolicy\/#webpage","url":"https:\/\/www.stille.se\/se\/om-oss\/kvalitets-och-hallbarhetsarbete\/diskrimineringspolicy\/","name":"Diskrimineringspolicy - STILLE","isPartOf":{"@id":"https:\/\/www.stille.se\/se\/#website"},"datePublished":"2019-11-22T15:56:48+00:00","dateModified":"2020-02-19T08:13:42+00:00","breadcrumb":{"@id":"https:\/\/www.stille.se\/se\/om-oss\/kvalitets-och-hallbarhetsarbete\/diskrimineringspolicy\/#breadcrumb"},"inLanguage":"sv-SE","potentialAction":[{"@type":"ReadAction","target":["https:\/\/www.stille.se\/se\/om-oss\/kvalitets-och-hallbarhetsarbete\/diskrimineringspolicy\/"]}]},{"@type":"BreadcrumbList","@id":"https:\/\/www.stille.se\/se\/om-oss\/kvalitets-och-hallbarhetsarbete\/diskrimineringspolicy\/#breadcrumb","itemListElement":[{"@type":"ListItem","position":1,"name":"Hem","item":"https:\/\/www.stille.se\/se\/"},{"@type":"ListItem","position":2,"name":"Om oss","item":"https:\/\/www.stille.se\/se\/om-oss\/"},{"@type":"ListItem","position":3,"name":"Kvalitets- och h\u00e5llbarhetsarbete","item":"https:\/\/www.stille.se\/se\/om-oss\/kvalitets-och-hallbarhetsarbete\/"},{"@type":"ListItem","position":4,"name":"Diskrimineringspolicy"}]}]}},"_links":{"self":[{"href":"https:\/\/www.stille.se\/se\/wp-json\/wp\/v2\/pages\/1230"}],"collection":[{"href":"https:\/\/www.stille.se\/se\/wp-json\/wp\/v2\/pages"}],"about":[{"href":"https:\/\/www.stille.se\/se\/wp-json\/wp\/v2\/types\/page"}],"author":[{"embeddable":true,"href":"https:\/\/www.stille.se\/se\/wp-json\/wp\/v2\/users\/33"}],"replies":[{"embeddable":true,"href":"https:\/\/www.stille.se\/se\/wp-json\/wp\/v2\/comments?post=1230"}],"version-history":[{"count":4,"href":"https:\/\/www.stille.se\/se\/wp-json\/wp\/v2\/pages\/1230\/revisions"}],"predecessor-version":[{"id":21897,"href":"https:\/\/www.stille.se\/se\/wp-json\/wp\/v2\/pages\/1230\/revisions\/21897"}],"up":[{"embeddable":true,"href":"https:\/\/www.stille.se\/se\/wp-json\/wp\/v2\/pages\/1212"}],"wp:attachment":[{"href":"https:\/\/www.stille.se\/se\/wp-json\/wp\/v2\/media?parent=1230"}],"curies":[{"name":"wp","href":"https:\/\/api.w.org\/{rel}","templated":true}]}}