{"id":138,"date":"2019-11-06T11:44:43","date_gmt":"2019-11-06T11:44:43","guid":{"rendered":"https:\/\/www.stille.se\/se\/?page_id=138"},"modified":"2020-02-19T08:13:47","modified_gmt":"2020-02-19T08:13:47","slug":"integritetspolicy","status":"publish","type":"page","link":"https:\/\/www.stille.se\/se\/integritetspolicy\/","title":{"rendered":"Integritetspolicy"},"content":{"rendered":"<h4>ALLM\u00c4NT<\/h4>\n<p>Stille AB, org.nr 556249\u20134848, (\u201d<strong>Stille<\/strong>\u201d\u201d<strong>, \u201dvi\u201d, \u201doss\u201d eller \u201dv\u00e5r<\/strong>) vill s\u00e4kerst\u00e4lla att de personuppgifter som du tillhandah\u00e5ller hanteras p\u00e5 ett tryggt och s\u00e4kert s\u00e4tt.<\/p>\n<p>N\u00e4r du g\u00f6r best\u00e4llningar av oss, bes\u00f6ker v\u00e5r hemsida eller kommunicerar med oss via exempelvis e-post kommer du l\u00e4mna personuppgifter till oss. Denna integritetspolicy (\u201d<strong>Integritetspolicyn<\/strong>\u201d) f\u00f6rklarar vilka personuppgifter om dig som Stille samlar in och behandlar.<\/p>\n<p>Vi kommer att samla in, behandla och lagra dina personuppgifter i enlighet med best\u00e4mmelserna i EU-f\u00f6rordningen EU 2016\/679 (\u201d<strong>Dataskyddsf\u00f6rordningen<\/strong>\u201d) samt vid var tid g\u00e4llande svenska nationella lagar och best\u00e4mmelser. Integritetspolicyn kommer att l\u00f6pande uppdateras f\u00f6r att f\u00f6lja g\u00e4llande lagstiftning. Den senaste versionen av Integritetspolicyn kommer att finnas tillg\u00e4nglig p\u00e5 www.stille.se (\u201d<strong>Hemsidan<\/strong>\u201d).<\/p>\n<h4>PERSONUPPGIFTER<strong><br \/>\n<\/strong><\/h4>\n<p>N\u00e4r du g\u00f6r en best\u00e4llning av oss kan vi komma att spara bland annat ditt namn, adress, telefonnummer, e-postadress, betalningshistorik, betalningsinformation och k\u00f6pinformation. Vi beh\u00f6ver dina personuppgifter f\u00f6r kunna fullg\u00f6ra v\u00e5ra \u00e5taganden enligt det avtal om k\u00f6p som vi ing\u00e5r med dig. Mer om syftet med behandlingen av personuppgifter preciseras l\u00e4ngre ned i Integritetspolicyn.<\/p>\n<p>Ut\u00f6ver ovanst\u00e5ende kommer vi \u00e4ven att samla in, behandla och lagra f\u00f6ljande data n\u00e4r du anv\u00e4nder Hemsidan.<\/p>\n<ol>\n<li>Tekniska data r\u00f6rande enheter som du anv\u00e4nder och inst\u00e4llningar, t.ex. spr\u00e5kinst\u00e4llning, webbl\u00e4sarinst\u00e4llningar, tidszon, operativsystem, sk\u00e4rmuppl\u00f6sning och plattform.<\/li>\n<li>Anv\u00e4ndargenererade data (t.ex. klick- och bes\u00f6kshistorik)<\/li>\n<li>IP-adress<\/li>\n<\/ol>\n<h4>SYFTE OCH \u00c4NDAM\u00c5L MED BEHANDLINGEN AV PERSONUPPGIFTER<\/h4>\n<p>Stille \u00e4r personuppgiftsansvarig f\u00f6r behandlingen av de personuppgifter som tillhandah\u00e5llits av dig genom k\u00f6peavtalet eller som du l\u00e4mnat till oss vid exempelvis bes\u00f6k p\u00e5 Hemsidan eller vid kommunikation med oss. Stille kommer fr\u00e4mst att \u00e4ndv\u00e4nda dina personuppgifter f\u00f6r att kunna fullg\u00f6ra v\u00e5ra \u00e5taganden enligt k\u00f6peavtalet och f\u00f6r att kontakta dig med anledning av detta. I tabellen nedan har vi beskrivit hur vi kommer att bearbeta och behandla personuppgifter samt f\u00f6r vilka \u00e4ndam\u00e5l. I den h\u00f6gra kolumnen anges den r\u00e4ttsliga grunden som behandlingen baseras p\u00e5. Den r\u00e4ttsliga grunden f\u00f6rklarar varf\u00f6r det \u00e4r n\u00f6dv\u00e4ndigt att behandla personuppgifterna.<\/p>\n<table width=\"614\">\n<tbody>\n<tr>\n<td width=\"47\"><\/td>\n<td width=\"365\"><strong>De \u00e4ndam\u00e5l f\u00f6r vilka personuppgifter behandlas<\/strong><\/td>\n<td width=\"201\"><strong>Anledningen till att personuppgifterna behandlas (laglig grund)<\/strong><\/td>\n<\/tr>\n<tr>\n<td width=\"47\">i)<\/td>\n<td width=\"365\">Administrera anv\u00e4ndarkonto, innefattandes att s\u00e4kerst\u00e4lla anv\u00e4ndarens identitet, ge beh\u00f6righet f\u00f6r att logga in och uppr\u00e4tth\u00e5lla korrekta kontaktuppgifter.<\/td>\n<td width=\"201\">F\u00f6r att fullg\u00f6ra v\u00e5ra kontraktuella \u00e5taganden gentemot dig.<\/td>\n<\/tr>\n<tr>\n<td width=\"47\">ii)<\/td>\n<td width=\"365\">Administrera leverans till dig via den transport\u00f6r som du v\u00e4ljer samt kontakta dig med anledning av din best\u00e4llning.<\/td>\n<td width=\"201\">F\u00f6r att fullg\u00f6ra v\u00e5ra kontraktuella \u00e5taganden gentemot dig.<\/td>\n<\/tr>\n<tr>\n<td width=\"47\">iii)<\/td>\n<td width=\"365\">Administration och betalningshantering. Detta kan innefatta analys av m\u00f6jliga betall\u00f6sningar vilket kr\u00e4ver en kontroll gentemot betalningshistorik och inh\u00e4mtning av kreditupplysningar.<\/td>\n<td width=\"201\">F\u00f6r att fullg\u00f6ra v\u00e5ra kontraktuella \u00e5taganden gentemot dig. Stilles ber\u00e4ttigade intresse av att kontrollera kundens betalningsf\u00f6rm\u00e5ga och vilka betalningsalternativ som Stille kan erbjuda.<\/td>\n<\/tr>\n<tr>\n<td width=\"47\">iv)<\/td>\n<td width=\"365\">Skicka meddelanden och kommunicera med dig inom ramen f\u00f6r k\u00f6p och transaktioner som du gjort. Exempelvis kundtj\u00e4nst\u00e4renden och klagom\u00e5l- eller support\u00e4renden.<\/td>\n<td width=\"201\">F\u00f6r att fullg\u00f6ra v\u00e5ra kontraktuella \u00e5taganden gentemot dig.<\/td>\n<\/tr>\n<tr>\n<td width=\"47\">v)<\/td>\n<td width=\"365\">Registrera och administrera betalningsinformation och betalningshistorik<\/td>\n<td width=\"201\">F\u00f6r att fullg\u00f6ra v\u00e5ra kontraktuella \u00e5taganden gentemot dig. Stilles ber\u00e4ttigade intresse av att spara betalningshistorik<\/td>\n<\/tr>\n<tr>\n<td width=\"47\">vi)<\/td>\n<td width=\"365\">Kommunicera med dig ang\u00e5ende information om uppdatering eller \u00e4ndring av Integritetspolicyn och andra allm\u00e4nna villkor.<\/td>\n<td width=\"201\">F\u00f6r att fullg\u00f6ra v\u00e5ra kontraktuella \u00e5taganden gentemot dig. F\u00f6r att tillgodose v\u00e5rt ber\u00e4ttigade intresse av att tillse att du f\u00e5r korrekt information ang\u00e5ende v\u00e5r verksamhet<\/td>\n<\/tr>\n<tr>\n<td width=\"47\">vii)<\/td>\n<td width=\"365\">Ta fram underlag i syfte att f\u00f6rb\u00e4ttra IT-system i syfte att h\u00f6ja s\u00e4kerheten f\u00f6r Stille och dess kunder och bes\u00f6kare av Hemsidan. Skydda och f\u00f6rb\u00e4ttra Stilles IT-milj\u00f6 mot angrepp och intr\u00e5ng.<\/td>\n<td width=\"201\">F\u00f6r att tillgodose v\u00e5rt ber\u00e4ttigade intresse av att utv\u00e4rdera, utveckla och f\u00f6rb\u00e4ttra k\u00f6pfunktionerna och Hemsidan. F\u00f6r att uppfylla r\u00e4ttsliga f\u00f6rpliktelser om s\u00e5dana f\u00f6religger. I \u00f6vriga fall f\u00f6r att tillgodose v\u00e5rt ber\u00e4ttigade intresse av att kunna f\u00f6rhindra missbruk av Hemsidan eller f\u00f6r att f\u00f6rhindra, f\u00f6rebygga och utreda brott riktade mot oss eller v\u00e5ra kunder, eller f\u00f6r att kunna tillvarata r\u00e4ttsliga intressen.<\/td>\n<\/tr>\n<tr>\n<td width=\"47\">viii)<\/td>\n<td width=\"365\">Kundanalys, aff\u00e4rsutveckling, anv\u00e4ndarunders\u00f6kningar och intern verksamhet (s\u00e5som tester, analys, statistik och fels\u00f6kning)<\/td>\n<td width=\"201\">F\u00f6r att fullg\u00f6ra v\u00e5ra kontraktuella \u00e5taganden gentemot dig och v\u00e5ra ber\u00e4ttigade intressen att f\u00f6rb\u00e4ttra och utveckla v\u00e5r verksamhet.<\/td>\n<\/tr>\n<tr>\n<td width=\"47\">ix)<\/td>\n<td width=\"365\">Kommersiella och marknadsf\u00f6rings\u00e4ndam\u00e5l (t.ex. nyhetsbrev och information om Stilles utbud via sms och e-post, sociala medier eller andra elektroniska kanaler). \u00a0Inneh\u00e5llet kan baseras p\u00e5 analys av uppgifter som vi har samlat in p\u00e5 olika s\u00e4tt, t.ex. genom att sortera kunder i olika kundsegment.<\/td>\n<td width=\"201\">F\u00f6r att fullg\u00f6ra v\u00e5ra kontraktuella \u00e5taganden gentemot dig i de fall du anm\u00e4lt dig till exempelvis nyhetsbrev. F\u00f6r att tillgodose v\u00e5rt ber\u00e4ttigade intresse av att marknadsf\u00f6ra oss och skicka relevant information erbjudanden om v\u00e5rt utbud till gamla och nya kunder eller kontakter.<\/td>\n<\/tr>\n<tr>\n<td width=\"47\">x)<\/td>\n<td width=\"365\">F\u00f6lja g\u00e4llande lagstiftning (inklusive f\u00f6rebyggande av penningtv\u00e4tt och annan potentiellt olaglig verksamhet)<\/td>\n<td width=\"201\">F\u00f6r att f\u00f6lja till\u00e4mplig lagstiftning och andra ber\u00e4ttigade intressen.<\/td>\n<\/tr>\n<\/tbody>\n<\/table>\n<p>Information under punkt i)\u2013 x) ovan kan komma att hanteras med automatiserad behandling.<\/p>\n<h4>SAMTYCKE<\/h4>\n<p>I vissa fall grundar Stille sin behandling av personuppgifter p\u00e5 samtycke. I dessa fall har Stille bett dig godk\u00e4nna behandling av personuppgifter genom att du l\u00e4mnat ditt uttryckliga samtycke<\/p>\n<p>Du kan n\u00e4r som helst \u00e5terkalla ett l\u00e4mnat samtycke. Stille kommer d\u00e5 inte l\u00e4ngre hantera personuppgifterna eller inh\u00e4mta nya. Notera att ett \u00e5terkallande av samtycke kan inneb\u00e4ra att vi inte kan fullg\u00f6ra de skyldigheter vi har i f\u00f6rh\u00e5llande till dig och att Stille kan vara skyldig att enligt lag spara personuppgifterna.<\/p>\n<h4>LAGRING<\/h4>\n<p>Vi kommer bara att spara dina personuppgifter s\u00e5 l\u00e4nge som de beh\u00f6vs f\u00f6r att kunna fullg\u00f6ra v\u00e5rt avtal med dig eller f\u00f6r det fall Stille har ett ber\u00e4ttigat intresse att behandla personuppgifterna enligt vad som angetts ovan s\u00e5 l\u00e4nge det ber\u00e4ttigade intresset kvarst\u00e5r. Om det kr\u00e4vs enligt lag att personuppgifterna sparas (exempelvis f\u00f6r bokf\u00f6ring, penningtv\u00e4tt etc.) kommer de sparas s\u00e5 l\u00e4nge som det f\u00f6ljer av lag.<\/p>\n<h4>\u00d6VERF\u00d6RING AV PERSONUPPGIFTER TILL ANDRA<\/h4>\n<p>Stille kan komma att anv\u00e4nda tredje part som personuppgiftsbitr\u00e4de f\u00f6r hanteringen av personuppgifter. Personuppgiftsbitr\u00e4det kommer inte att dela dina personuppgifter eller anv\u00e4nda dem p\u00e5 n\u00e5got annat s\u00e4tt \u00e4n vad du har samtyckt till i denna Integritetspolicy.<\/p>\n<p>D\u00e4rut\u00f6ver kan dina personuppgifter komma att \u00f6verf\u00f6ras till v\u00e5ra IT-leverant\u00f6rer f\u00f6r bland annat drift och support av v\u00e5ra IT-system. Personuppgifterna kommer inte att anv\u00e4ndas f\u00f6r \u00e4ndam\u00e5l som \u00e4r of\u00f6renliga med \u00e4ndam\u00e5len som de fr\u00e5n b\u00f6rjan samlades in f\u00f6r och som framg\u00e5r av denna Integritetspolicy.<\/p>\n<p>I f\u00f6rekommande fall delar vi dina personuppgifter med mottagare som agerar sj\u00e4lvst\u00e4ndigt i f\u00f6rh\u00e5llande till Stille och dig. Dina personuppgifter kan d\u00e4rmed l\u00e4mnas ut till f\u00f6ljande mottagare:<\/p>\n<table>\n<tbody>\n<tr>\n<td width=\"196\"><strong>Mottagare <\/strong><\/td>\n<td width=\"196\"><strong>\u00c4ndam\u00e5l <\/strong><\/td>\n<td width=\"196\"><strong>Laglig grund <\/strong><\/td>\n<\/tr>\n<tr>\n<td width=\"196\">Myndigheter (t.ex. Polisen eller Skatteverket)<\/td>\n<td width=\"196\">L\u00e4mna information i enlighet med lagkrav eller myndighetsbeslut.<\/td>\n<td width=\"196\">R\u00e4ttslig f\u00f6rpliktelse<\/td>\n<\/tr>\n<tr>\n<td width=\"196\">Domstolar<\/td>\n<td width=\"196\">L\u00e4mna n\u00f6dv\u00e4ndig information i samband med r\u00e4ttstvister.<\/td>\n<td width=\"196\">Ber\u00e4ttigat intresse av att fastst\u00e4lla, g\u00f6ra g\u00e4llande och<\/p>\n<p>f\u00f6rsvara r\u00e4ttsliga anspr\u00e5k<\/td>\n<\/tr>\n<tr>\n<td width=\"196\">Potentiella k\u00f6pare och s\u00e4ljare av v\u00e5r verksamhet<\/td>\n<td width=\"196\">F\u00f6rs\u00e4ljning eller sammanslagning av verksamhet<\/td>\n<td width=\"196\">Ber\u00e4ttigat intresse<\/td>\n<\/tr>\n<\/tbody>\n<\/table>\n<h4>BEHANDLING UTANF\u00d6R EU\/EES<\/h4>\n<p>Stille str\u00e4var efter att alltid behandla dina personuppgifter inom EU\/EES. Personuppgifter som behandlas i de IT-system vi anv\u00e4nder f\u00f6r att fullg\u00f6ra v\u00e5rt avtal med dig eller f\u00f6r utskick av nyhetsbrev kan dock komma att delas med IT-leverant\u00f6rer utanf\u00f6r EU\/EES.<\/p>\n<h4>TILLG\u00c5NG, R\u00c4TTELSE OCH RADERING<\/h4>\n<p>Stille vill vara \u00f6ppna och transparenta med hur vi behandlar dina personuppgifter. Om du vill f\u00e5 insyn i den personuppgiftsbehandling som vi g\u00f6r i relation till dig har du r\u00e4tt att beg\u00e4ra att f\u00e5 tillg\u00e5ng till dina uppgifter. Du kan beg\u00e4ra ett utdrag som visar vilka personuppgifter vi har om dig.<\/p>\n<p>Om vi f\u00e5r en beg\u00e4ran fr\u00e5n dig om tillg\u00e5ng kan vi komma att fr\u00e5ga om ytterligare uppgifter f\u00f6r att s\u00e4kerst\u00e4lla vilka uppgifter du vill ta del av samt att vi l\u00e4mnar ut uppgifterna till r\u00e4tt person. Vi besvarar din f\u00f6rfr\u00e5gan utan on\u00f6digt dr\u00f6jsm\u00e5l och inom en m\u00e5nad. Du har r\u00e4tt att f\u00e5 s\u00e5dan information kostnadsfritt en g\u00e5ng per \u00e5r.<\/p>\n<p><u><strong>R\u00e4tt till r\u00e4ttelse<\/strong><br \/>\n<\/u>Du har alltid r\u00e4tt att beg\u00e4ra att dina personuppgifter r\u00e4ttas om uppgifterna \u00e4r felaktiga. Inom ramen f\u00f6r det angivna \u00e4ndam\u00e5let har du ocks\u00e5 r\u00e4tt att komplettera eventuellt ofullst\u00e4ndiga personuppgifter.<\/p>\n<p><u><strong>R\u00e4tt till radering<\/strong><br \/>\n<\/u>Du har r\u00e4tt att beg\u00e4ra radering av personuppgifter som vi behandlar om:<\/p>\n<ul>\n<li>Uppgifterna inte l\u00e4ngre \u00e4r n\u00f6dv\u00e4ndiga f\u00f6r de \u00e4ndam\u00e5l f\u00f6r vilka de har samlats in eller behandlats,<\/li>\n<li>Du inv\u00e4nder mot en intresseavv\u00e4gning av ber\u00e4ttigat intresse som vi har gjort och det saknas ber\u00e4ttigat intresse f\u00f6r oss som v\u00e4ger tyngre,<\/li>\n<li>Du inv\u00e4nder mot behandling f\u00f6r direktmarknadsf\u00f6rings\u00e4ndam\u00e5l,<\/li>\n<li>Personuppgifterna inte behandlats i enlighet med g\u00e4llande reglering, eller om<\/li>\n<li>Personuppgifterna m\u00e5ste raderas f\u00f6r att uppfylla en r\u00e4ttslig f\u00f6rpliktelse som vi omfattas av.<\/li>\n<\/ul>\n<p>Trots din beg\u00e4ran om radering av personuppgifter har vi dock r\u00e4tt att forts\u00e4tta behandlingen och inte tillm\u00f6tesg\u00e5 din beg\u00e4ran om behandlingen \u00e4r n\u00f6dv\u00e4ndig f\u00f6r:<\/p>\n<ul>\n<li>Att uppfylla en r\u00e4ttslig f\u00f6rpliktelse som vi omfattas av, eller<\/li>\n<li>Att kunna fastst\u00e4lla, g\u00f6ra g\u00e4llande eller f\u00f6rsvara r\u00e4ttsliga anspr\u00e5k.<\/li>\n<\/ul>\n<p><u><strong>R\u00e4tt till begr\u00e4nsning<\/strong><br \/>\n<\/u>Du har r\u00e4tt att kr\u00e4va att v\u00e5r behandling av dina personuppgifter begr\u00e4nsas. Begr\u00e4nsningen kan avse att personuppgifterna endast f\u00e5r behandlas f\u00f6r vissa \u00e4ndam\u00e5l eller att bara vissa personuppgifter f\u00e5r behandlas.<\/p>\n<p><strong><u>R\u00e4tt att g\u00f6ra inv\u00e4ndningar mot viss typ av behandling<br \/>\n<\/u><\/strong><em>Intresseavv\u00e4gning f\u00f6r ber\u00e4ttigat intresse<br \/>\n<\/em>Du har m\u00f6jlighet att inv\u00e4nda mot att vi behandlar personuppgifter om dig med st\u00f6d av intresseavv\u00e4gning. Vi kommer i s\u00e5dana fall att upph\u00f6ra med behandlingen om vi inte kan visa ett tvingande ber\u00e4ttigat sk\u00e4l f\u00f6r den aktuella behandlingen som v\u00e4ger tyngre \u00e4n dina intressen, r\u00e4ttigheter eller friheter I annat fall f\u00e5r vi bara behandla uppgifterna f\u00f6r att fastst\u00e4lla, ut\u00f6va eller f\u00f6rsvara r\u00e4ttsliga anspr\u00e5k.<\/p>\n<h4>COOKIES<\/h4>\n<p>Hemsidan inneh\u00e5ller cookies. En cookie \u00e4r en liten textfil som lagras p\u00e5 din enhet (t.ex. dator, mobiltelefon eller surfplatta) vilken g\u00f6r det m\u00f6jligt f\u00f6r oss att k\u00e4nna igen din webbl\u00e4sare genom lokal lagring. Cookies inneh\u00e5ller ingen direkt identifierbar information avseende individen (s\u00e5 som namn, adress, telefonnummer etc.) utan endast information om webbl\u00e4saren och den aktivitet som har skett genom webbl\u00e4saren. Lokal lagring av data kan till exempel inneh\u00e5lla anv\u00e4ndarinst\u00e4llningar, information om hur du har surfat, vilken webbl\u00e4sare du anv\u00e4nder, vilka annonser som har visats f\u00f6r dig och liknande beteende p\u00e5 de webbsidor som vi samarbetar med. S\u00e5dana uppgifter kan anv\u00e4ndas f\u00f6r att personifiera inneh\u00e5ll och funktioner i syfte att anpassa bes\u00f6ket p\u00e5 Hemsidan f\u00f6r anv\u00e4ndaren.<\/p>\n<p>I webbl\u00e4sarens inst\u00e4llningar finner du i regel en lista \u00f6ver alla cookies som finns lagrade f\u00f6r att ge dig en \u00f6versikt och, om du vill, radera o\u00f6nskade cookies. H\u00e4r kan du normalt ange om du accepterar lagring av cookies fr\u00e5n webbsidor du bes\u00f6ker, fr\u00e5n tredjeparter som \u00e4r anslutna till webbsidorna och i vissa fall om du vill f\u00e5 ett meddelande varje g\u00e5ng en ny cookie lagras.<\/p>\n<p>Om du v\u00e4ljer att inaktivera cookies, kan det hindra Hemsidan fr\u00e5n att fungera p\u00e5 avsett s\u00e4tt. Bland annat kan du beh\u00f6va logga in varje g\u00e5ng du bes\u00f6ker Hemsidan och du kommer kunna f\u00e5 slumpm\u00e4ssiga annonser ist\u00e4llet f\u00f6r annonser som \u00e4r relevanta f\u00f6r dig.<\/p>\n<h4>FR\u00c5GOR OCH KLAGOM\u00c5L<\/h4>\n<p>Tveka inte att kontakta oss om du har n\u00e5gra fr\u00e5gor eller klagom\u00e5l g\u00e4llande behandlingen av dina personuppgifter, eller andra fr\u00e5gor kring denna Integritetspolicy. Ange \u201dpersonuppgiftsbehandling\u201d i \u00e4mnesraden eller rubriken.<\/p>\n<p>Ansvarig f\u00f6r denna policy och dessa efterlevnad \u00e4r VD. Kontaktperson p\u00e5 Stille AB \u00e4r Hel\u00e9ne Sj\u00f6str\u00f6m Tamm som n\u00e5s p\u00e5 <a href=\"tel:004673033838\">0730 333 838<\/a> eller <a href=\"mailto:helene.sjostrom@stille.se\">helene.sjostrom@stille.se<\/a> , ni kan ocks\u00e5 kontakta Stille AB p\u00e5 <a href=\"mailto:order@stille.se\">order@stille.se<\/a><\/p>\n<p>Om du har n\u00e5gra klagom\u00e5l eller fr\u00e5gor kan du \u00e4ven kontakta Datainspektionen (Integritetsskyddsmyndigheten).<\/p>\n<hr \/>\n<p style=\"text-align: right;\"><strong>Doc no. <\/strong><strong>FAI16-005P-SE<\/strong><\/p>\n","protected":false},"excerpt":{"rendered":"<p>ALLM\u00c4NT Stille AB, org.nr 556249\u20134848, (\u201dStille\u201d\u201d, \u201dvi\u201d, \u201doss\u201d eller \u201dv\u00e5r) vill s\u00e4kerst\u00e4lla att de personuppgifter som du tillhandah\u00e5ller hanteras p\u00e5 ett tryggt och s\u00e4kert s\u00e4tt. N\u00e4r du g\u00f6r best\u00e4llningar av oss, bes\u00f6ker v\u00e5r hemsida eller kommunicerar med oss via exempelvis e-post kommer du l\u00e4mna personuppgifter till oss. Denna integritetspolicy (\u201dIntegritetspolicyn\u201d) f\u00f6rklarar vilka personuppgifter om dig&#8230;<\/p>\n","protected":false},"author":33,"featured_media":0,"parent":0,"menu_order":100,"comment_status":"closed","ping_status":"closed","template":"center-page.php","meta":[],"acf":[],"yoast_head":"<!-- This site is optimized with the Yoast SEO plugin v17.9 - https:\/\/yoast.com\/wordpress\/plugins\/seo\/ -->\n<title>Integritetspolicy - STILLE<\/title>\n<meta name=\"robots\" content=\"index, follow, max-snippet:-1, max-image-preview:large, max-video-preview:-1\" \/>\n<link rel=\"canonical\" href=\"https:\/\/www.stille.se\/se\/integritetspolicy\/\" \/>\n<meta property=\"og:locale\" content=\"sv_SE\" \/>\n<meta property=\"og:type\" content=\"article\" \/>\n<meta property=\"og:title\" content=\"Integritetspolicy - STILLE\" \/>\n<meta property=\"og:description\" content=\"ALLM\u00c4NT Stille AB, org.nr 556249\u20134848, (\u201dStille\u201d\u201d, \u201dvi\u201d, \u201doss\u201d eller \u201dv\u00e5r) vill s\u00e4kerst\u00e4lla att de personuppgifter som du tillhandah\u00e5ller hanteras p\u00e5 ett tryggt och s\u00e4kert s\u00e4tt. N\u00e4r du g\u00f6r best\u00e4llningar av oss, bes\u00f6ker v\u00e5r hemsida eller kommunicerar med oss via exempelvis e-post kommer du l\u00e4mna personuppgifter till oss. Denna integritetspolicy (\u201dIntegritetspolicyn\u201d) f\u00f6rklarar vilka personuppgifter om dig...\" \/>\n<meta property=\"og:url\" content=\"https:\/\/www.stille.se\/se\/integritetspolicy\/\" \/>\n<meta property=\"og:site_name\" content=\"Stille SE\" \/>\n<meta property=\"article:publisher\" content=\"https:\/\/www.facebook.com\/stilleab\/\" \/>\n<meta property=\"article:modified_time\" content=\"2020-02-19T08:13:47+00:00\" \/>\n<meta property=\"og:image\" content=\"https:\/\/www.stille.se\/se\/wp-content\/uploads\/2019\/12\/stille-logo-800.jpg\" \/>\n\t<meta property=\"og:image:width\" content=\"562\" \/>\n\t<meta property=\"og:image:height\" content=\"314\" \/>\n\t<meta property=\"og:image:type\" content=\"image\/jpeg\" \/>\n<meta name=\"twitter:card\" content=\"summary_large_image\" \/>\n<meta name=\"twitter:label1\" content=\"Ber\u00e4knad l\u00e4stid\" \/>\n\t<meta name=\"twitter:data1\" content=\"11 minuter\" \/>\n<script type=\"application\/ld+json\" class=\"yoast-schema-graph\">{\"@context\":\"https:\/\/schema.org\",\"@graph\":[{\"@type\":\"Organization\",\"@id\":\"https:\/\/www.stille.se\/se\/#organization\",\"name\":\"Stille AB\",\"url\":\"https:\/\/www.stille.se\/se\/\",\"sameAs\":[\"https:\/\/www.facebook.com\/stilleab\/\",\"https:\/\/www.linkedin.com\/company\/stille-ab\/\",\"https:\/\/www.youtube.com\/channel\/UCpxmVroiwKKSXWe3ZCOrSqw\"],\"logo\":{\"@type\":\"ImageObject\",\"@id\":\"https:\/\/www.stille.se\/se\/#logo\",\"inLanguage\":\"sv-SE\",\"url\":\"https:\/\/www.stille.se\/se\/wp-content\/uploads\/2019\/12\/stille-logo-800.jpg\",\"contentUrl\":\"https:\/\/www.stille.se\/se\/wp-content\/uploads\/2019\/12\/stille-logo-800.jpg\",\"width\":562,\"height\":314,\"caption\":\"Stille AB\"},\"image\":{\"@id\":\"https:\/\/www.stille.se\/se\/#logo\"}},{\"@type\":\"WebSite\",\"@id\":\"https:\/\/www.stille.se\/se\/#website\",\"url\":\"https:\/\/www.stille.se\/se\/\",\"name\":\"Stille SE\",\"description\":\"\",\"publisher\":{\"@id\":\"https:\/\/www.stille.se\/se\/#organization\"},\"potentialAction\":[{\"@type\":\"SearchAction\",\"target\":{\"@type\":\"EntryPoint\",\"urlTemplate\":\"https:\/\/www.stille.se\/se\/?s={search_term_string}\"},\"query-input\":\"required name=search_term_string\"}],\"inLanguage\":\"sv-SE\"},{\"@type\":\"WebPage\",\"@id\":\"https:\/\/www.stille.se\/se\/integritetspolicy\/#webpage\",\"url\":\"https:\/\/www.stille.se\/se\/integritetspolicy\/\",\"name\":\"Integritetspolicy - STILLE\",\"isPartOf\":{\"@id\":\"https:\/\/www.stille.se\/se\/#website\"},\"datePublished\":\"2019-11-06T11:44:43+00:00\",\"dateModified\":\"2020-02-19T08:13:47+00:00\",\"breadcrumb\":{\"@id\":\"https:\/\/www.stille.se\/se\/integritetspolicy\/#breadcrumb\"},\"inLanguage\":\"sv-SE\",\"potentialAction\":[{\"@type\":\"ReadAction\",\"target\":[\"https:\/\/www.stille.se\/se\/integritetspolicy\/\"]}]},{\"@type\":\"BreadcrumbList\",\"@id\":\"https:\/\/www.stille.se\/se\/integritetspolicy\/#breadcrumb\",\"itemListElement\":[{\"@type\":\"ListItem\",\"position\":1,\"name\":\"Hem\",\"item\":\"https:\/\/www.stille.se\/se\/\"},{\"@type\":\"ListItem\",\"position\":2,\"name\":\"Integritetspolicy\"}]}]}<\/script>\n<!-- \/ Yoast SEO plugin. -->","yoast_head_json":{"title":"Integritetspolicy - STILLE","robots":{"index":"index","follow":"follow","max-snippet":"max-snippet:-1","max-image-preview":"max-image-preview:large","max-video-preview":"max-video-preview:-1"},"canonical":"https:\/\/www.stille.se\/se\/integritetspolicy\/","og_locale":"sv_SE","og_type":"article","og_title":"Integritetspolicy - STILLE","og_description":"ALLM\u00c4NT Stille AB, org.nr 556249\u20134848, (\u201dStille\u201d\u201d, \u201dvi\u201d, \u201doss\u201d eller \u201dv\u00e5r) vill s\u00e4kerst\u00e4lla att de personuppgifter som du tillhandah\u00e5ller hanteras p\u00e5 ett tryggt och s\u00e4kert s\u00e4tt. N\u00e4r du g\u00f6r best\u00e4llningar av oss, bes\u00f6ker v\u00e5r hemsida eller kommunicerar med oss via exempelvis e-post kommer du l\u00e4mna personuppgifter till oss. Denna integritetspolicy (\u201dIntegritetspolicyn\u201d) f\u00f6rklarar vilka personuppgifter om dig...","og_url":"https:\/\/www.stille.se\/se\/integritetspolicy\/","og_site_name":"Stille SE","article_publisher":"https:\/\/www.facebook.com\/stilleab\/","article_modified_time":"2020-02-19T08:13:47+00:00","og_image":[{"width":562,"height":314,"url":"https:\/\/www.stille.se\/se\/wp-content\/uploads\/2019\/12\/stille-logo-800.jpg","type":"image\/jpeg"}],"twitter_card":"summary_large_image","twitter_misc":{"Ber\u00e4knad l\u00e4stid":"11 minuter"},"schema":{"@context":"https:\/\/schema.org","@graph":[{"@type":"Organization","@id":"https:\/\/www.stille.se\/se\/#organization","name":"Stille AB","url":"https:\/\/www.stille.se\/se\/","sameAs":["https:\/\/www.facebook.com\/stilleab\/","https:\/\/www.linkedin.com\/company\/stille-ab\/","https:\/\/www.youtube.com\/channel\/UCpxmVroiwKKSXWe3ZCOrSqw"],"logo":{"@type":"ImageObject","@id":"https:\/\/www.stille.se\/se\/#logo","inLanguage":"sv-SE","url":"https:\/\/www.stille.se\/se\/wp-content\/uploads\/2019\/12\/stille-logo-800.jpg","contentUrl":"https:\/\/www.stille.se\/se\/wp-content\/uploads\/2019\/12\/stille-logo-800.jpg","width":562,"height":314,"caption":"Stille AB"},"image":{"@id":"https:\/\/www.stille.se\/se\/#logo"}},{"@type":"WebSite","@id":"https:\/\/www.stille.se\/se\/#website","url":"https:\/\/www.stille.se\/se\/","name":"Stille SE","description":"","publisher":{"@id":"https:\/\/www.stille.se\/se\/#organization"},"potentialAction":[{"@type":"SearchAction","target":{"@type":"EntryPoint","urlTemplate":"https:\/\/www.stille.se\/se\/?s={search_term_string}"},"query-input":"required name=search_term_string"}],"inLanguage":"sv-SE"},{"@type":"WebPage","@id":"https:\/\/www.stille.se\/se\/integritetspolicy\/#webpage","url":"https:\/\/www.stille.se\/se\/integritetspolicy\/","name":"Integritetspolicy - STILLE","isPartOf":{"@id":"https:\/\/www.stille.se\/se\/#website"},"datePublished":"2019-11-06T11:44:43+00:00","dateModified":"2020-02-19T08:13:47+00:00","breadcrumb":{"@id":"https:\/\/www.stille.se\/se\/integritetspolicy\/#breadcrumb"},"inLanguage":"sv-SE","potentialAction":[{"@type":"ReadAction","target":["https:\/\/www.stille.se\/se\/integritetspolicy\/"]}]},{"@type":"BreadcrumbList","@id":"https:\/\/www.stille.se\/se\/integritetspolicy\/#breadcrumb","itemListElement":[{"@type":"ListItem","position":1,"name":"Hem","item":"https:\/\/www.stille.se\/se\/"},{"@type":"ListItem","position":2,"name":"Integritetspolicy"}]}]}},"_links":{"self":[{"href":"https:\/\/www.stille.se\/se\/wp-json\/wp\/v2\/pages\/138"}],"collection":[{"href":"https:\/\/www.stille.se\/se\/wp-json\/wp\/v2\/pages"}],"about":[{"href":"https:\/\/www.stille.se\/se\/wp-json\/wp\/v2\/types\/page"}],"author":[{"embeddable":true,"href":"https:\/\/www.stille.se\/se\/wp-json\/wp\/v2\/users\/33"}],"replies":[{"embeddable":true,"href":"https:\/\/www.stille.se\/se\/wp-json\/wp\/v2\/comments?post=138"}],"version-history":[{"count":3,"href":"https:\/\/www.stille.se\/se\/wp-json\/wp\/v2\/pages\/138\/revisions"}],"predecessor-version":[{"id":22683,"href":"https:\/\/www.stille.se\/se\/wp-json\/wp\/v2\/pages\/138\/revisions\/22683"}],"wp:attachment":[{"href":"https:\/\/www.stille.se\/se\/wp-json\/wp\/v2\/media?parent=138"}],"curies":[{"name":"wp","href":"https:\/\/api.w.org\/{rel}","templated":true}]}}