{"id":1854,"date":"2019-11-14T14:43:52","date_gmt":"2019-11-14T14:43:52","guid":{"rendered":"https:\/\/www.stille.se\/?page_id=1854"},"modified":"2020-03-10T14:15:50","modified_gmt":"2020-03-10T13:15:50","slug":"tack","status":"publish","type":"page","link":"https:\/\/www.stille.se\/se\/registrera-produkt\/tack\/","title":{"rendered":"Tack!"},"content":{"rendered":"\n<p>Tack f\u00f6r att du registrerat ditt nya bord hos STILLE.  Vi hoppas du kommer att uppskatta ditt nya bord.<\/p>\n\n\n\n<p>Om du har angett n\u00e5gra problem i din registrering s\u00e5 kommer en STILLE-representant att kolla upp detta och \u00e5terkomma till dig snarast m\u00f6jligt.<\/p>\n\n\n\n<p>F\u00f6r ytterligare fr\u00e5gor g\u00e4llande din registrering s\u00e5 tveka inte p\u00e5 att kontakta oss.<\/p>\n\n\n\n<p><strong>Kundservice:&nbsp;<\/strong> <a href=\"tel:0046858858011\">+46 (8) 588 58 011 <\/a>&nbsp;\/ <a href=\"mailto:order@stille.se\">order@stille.se<\/a><br><strong>Teknisk Service:<\/strong>&nbsp;<a href=\"mailto:service@stille.se\">service@stille.se<\/a><br><strong>Quality:<\/strong> <a href=\"mailto:qa@stille.se\">qa@stille.se<\/a><\/p>\n\n\n<p><a class=\"myt-btn myt-btn--primary\" href=\"https:\/\/www.stille.se\/se\/\">Tillbaka till startsidan<\/a><\/p>","protected":false},"excerpt":{"rendered":"<p>Tack f\u00f6r att du registrerat ditt nya bord hos STILLE. Vi hoppas du kommer att uppskatta ditt nya bord. Om du har angett n\u00e5gra problem i din registrering s\u00e5 kommer en STILLE-representant att kolla upp detta och \u00e5terkomma till dig snarast m\u00f6jligt. F\u00f6r ytterligare fr\u00e5gor g\u00e4llande din registrering s\u00e5 tveka inte p\u00e5 att kontakta oss&#8230;.<\/p>\n","protected":false},"author":33,"featured_media":0,"parent":825,"menu_order":0,"comment_status":"closed","ping_status":"closed","template":"center-page.php","meta":[],"acf":[],"yoast_head":"<!-- This site is optimized with the Yoast SEO plugin v17.9 - https:\/\/yoast.com\/wordpress\/plugins\/seo\/ -->\n<title>Tack! - STILLE<\/title>\n<meta name=\"robots\" content=\"noindex, follow\" \/>\n<meta property=\"og:locale\" content=\"sv_SE\" \/>\n<meta property=\"og:type\" content=\"article\" \/>\n<meta property=\"og:title\" content=\"Tack! - STILLE\" \/>\n<meta property=\"og:description\" content=\"Tack f\u00f6r att du registrerat ditt nya bord hos STILLE. Vi hoppas du kommer att uppskatta ditt nya bord. Om du har angett n\u00e5gra problem i din registrering s\u00e5 kommer en STILLE-representant att kolla upp detta och \u00e5terkomma till dig snarast m\u00f6jligt. F\u00f6r ytterligare fr\u00e5gor g\u00e4llande din registrering s\u00e5 tveka inte p\u00e5 att kontakta oss....\" \/>\n<meta property=\"og:url\" content=\"https:\/\/www.stille.se\/se\/registrera-produkt\/tack\/\" \/>\n<meta property=\"og:site_name\" content=\"Stille SE\" \/>\n<meta property=\"article:publisher\" content=\"https:\/\/www.facebook.com\/stilleab\/\" \/>\n<meta property=\"article:modified_time\" content=\"2020-03-10T13:15:50+00:00\" \/>\n<meta property=\"og:image\" content=\"https:\/\/www.stille.se\/se\/wp-content\/uploads\/2019\/12\/stille-logo-800.jpg\" \/>\n\t<meta property=\"og:image:width\" content=\"562\" \/>\n\t<meta property=\"og:image:height\" content=\"314\" \/>\n\t<meta property=\"og:image:type\" content=\"image\/jpeg\" \/>\n<meta name=\"twitter:card\" content=\"summary_large_image\" \/>\n<script type=\"application\/ld+json\" class=\"yoast-schema-graph\">{\"@context\":\"https:\/\/schema.org\",\"@graph\":[{\"@type\":\"Organization\",\"@id\":\"https:\/\/www.stille.se\/se\/#organization\",\"name\":\"Stille AB\",\"url\":\"https:\/\/www.stille.se\/se\/\",\"sameAs\":[\"https:\/\/www.facebook.com\/stilleab\/\",\"https:\/\/www.linkedin.com\/company\/stille-ab\/\",\"https:\/\/www.youtube.com\/channel\/UCpxmVroiwKKSXWe3ZCOrSqw\"],\"logo\":{\"@type\":\"ImageObject\",\"@id\":\"https:\/\/www.stille.se\/se\/#logo\",\"inLanguage\":\"sv-SE\",\"url\":\"https:\/\/www.stille.se\/se\/wp-content\/uploads\/2019\/12\/stille-logo-800.jpg\",\"contentUrl\":\"https:\/\/www.stille.se\/se\/wp-content\/uploads\/2019\/12\/stille-logo-800.jpg\",\"width\":562,\"height\":314,\"caption\":\"Stille AB\"},\"image\":{\"@id\":\"https:\/\/www.stille.se\/se\/#logo\"}},{\"@type\":\"WebSite\",\"@id\":\"https:\/\/www.stille.se\/se\/#website\",\"url\":\"https:\/\/www.stille.se\/se\/\",\"name\":\"Stille SE\",\"description\":\"\",\"publisher\":{\"@id\":\"https:\/\/www.stille.se\/se\/#organization\"},\"potentialAction\":[{\"@type\":\"SearchAction\",\"target\":{\"@type\":\"EntryPoint\",\"urlTemplate\":\"https:\/\/www.stille.se\/se\/?s={search_term_string}\"},\"query-input\":\"required name=search_term_string\"}],\"inLanguage\":\"sv-SE\"},{\"@type\":\"WebPage\",\"@id\":\"https:\/\/www.stille.se\/se\/registrera-produkt\/tack\/#webpage\",\"url\":\"https:\/\/www.stille.se\/se\/registrera-produkt\/tack\/\",\"name\":\"Tack! - STILLE\",\"isPartOf\":{\"@id\":\"https:\/\/www.stille.se\/se\/#website\"},\"datePublished\":\"2019-11-14T14:43:52+00:00\",\"dateModified\":\"2020-03-10T13:15:50+00:00\",\"breadcrumb\":{\"@id\":\"https:\/\/www.stille.se\/se\/registrera-produkt\/tack\/#breadcrumb\"},\"inLanguage\":\"sv-SE\",\"potentialAction\":[{\"@type\":\"ReadAction\",\"target\":[\"https:\/\/www.stille.se\/se\/registrera-produkt\/tack\/\"]}]},{\"@type\":\"BreadcrumbList\",\"@id\":\"https:\/\/www.stille.se\/se\/registrera-produkt\/tack\/#breadcrumb\",\"itemListElement\":[{\"@type\":\"ListItem\",\"position\":1,\"name\":\"Hem\",\"item\":\"https:\/\/www.stille.se\/se\/\"},{\"@type\":\"ListItem\",\"position\":2,\"name\":\"Registrera produkt\",\"item\":\"https:\/\/www.stille.se\/se\/registrera-produkt\/\"},{\"@type\":\"ListItem\",\"position\":3,\"name\":\"Tack!\"}]}]}<\/script>\n<!-- \/ Yoast SEO plugin. -->","yoast_head_json":{"title":"Tack! - STILLE","robots":{"index":"noindex","follow":"follow"},"og_locale":"sv_SE","og_type":"article","og_title":"Tack! - STILLE","og_description":"Tack f\u00f6r att du registrerat ditt nya bord hos STILLE. Vi hoppas du kommer att uppskatta ditt nya bord. Om du har angett n\u00e5gra problem i din registrering s\u00e5 kommer en STILLE-representant att kolla upp detta och \u00e5terkomma till dig snarast m\u00f6jligt. F\u00f6r ytterligare fr\u00e5gor g\u00e4llande din registrering s\u00e5 tveka inte p\u00e5 att kontakta oss....","og_url":"https:\/\/www.stille.se\/se\/registrera-produkt\/tack\/","og_site_name":"Stille SE","article_publisher":"https:\/\/www.facebook.com\/stilleab\/","article_modified_time":"2020-03-10T13:15:50+00:00","og_image":[{"width":562,"height":314,"url":"https:\/\/www.stille.se\/se\/wp-content\/uploads\/2019\/12\/stille-logo-800.jpg","type":"image\/jpeg"}],"twitter_card":"summary_large_image","schema":{"@context":"https:\/\/schema.org","@graph":[{"@type":"Organization","@id":"https:\/\/www.stille.se\/se\/#organization","name":"Stille AB","url":"https:\/\/www.stille.se\/se\/","sameAs":["https:\/\/www.facebook.com\/stilleab\/","https:\/\/www.linkedin.com\/company\/stille-ab\/","https:\/\/www.youtube.com\/channel\/UCpxmVroiwKKSXWe3ZCOrSqw"],"logo":{"@type":"ImageObject","@id":"https:\/\/www.stille.se\/se\/#logo","inLanguage":"sv-SE","url":"https:\/\/www.stille.se\/se\/wp-content\/uploads\/2019\/12\/stille-logo-800.jpg","contentUrl":"https:\/\/www.stille.se\/se\/wp-content\/uploads\/2019\/12\/stille-logo-800.jpg","width":562,"height":314,"caption":"Stille AB"},"image":{"@id":"https:\/\/www.stille.se\/se\/#logo"}},{"@type":"WebSite","@id":"https:\/\/www.stille.se\/se\/#website","url":"https:\/\/www.stille.se\/se\/","name":"Stille SE","description":"","publisher":{"@id":"https:\/\/www.stille.se\/se\/#organization"},"potentialAction":[{"@type":"SearchAction","target":{"@type":"EntryPoint","urlTemplate":"https:\/\/www.stille.se\/se\/?s={search_term_string}"},"query-input":"required name=search_term_string"}],"inLanguage":"sv-SE"},{"@type":"WebPage","@id":"https:\/\/www.stille.se\/se\/registrera-produkt\/tack\/#webpage","url":"https:\/\/www.stille.se\/se\/registrera-produkt\/tack\/","name":"Tack! - STILLE","isPartOf":{"@id":"https:\/\/www.stille.se\/se\/#website"},"datePublished":"2019-11-14T14:43:52+00:00","dateModified":"2020-03-10T13:15:50+00:00","breadcrumb":{"@id":"https:\/\/www.stille.se\/se\/registrera-produkt\/tack\/#breadcrumb"},"inLanguage":"sv-SE","potentialAction":[{"@type":"ReadAction","target":["https:\/\/www.stille.se\/se\/registrera-produkt\/tack\/"]}]},{"@type":"BreadcrumbList","@id":"https:\/\/www.stille.se\/se\/registrera-produkt\/tack\/#breadcrumb","itemListElement":[{"@type":"ListItem","position":1,"name":"Hem","item":"https:\/\/www.stille.se\/se\/"},{"@type":"ListItem","position":2,"name":"Registrera produkt","item":"https:\/\/www.stille.se\/se\/registrera-produkt\/"},{"@type":"ListItem","position":3,"name":"Tack!"}]}]}},"_links":{"self":[{"href":"https:\/\/www.stille.se\/se\/wp-json\/wp\/v2\/pages\/1854"}],"collection":[{"href":"https:\/\/www.stille.se\/se\/wp-json\/wp\/v2\/pages"}],"about":[{"href":"https:\/\/www.stille.se\/se\/wp-json\/wp\/v2\/types\/page"}],"author":[{"embeddable":true,"href":"https:\/\/www.stille.se\/se\/wp-json\/wp\/v2\/users\/33"}],"replies":[{"embeddable":true,"href":"https:\/\/www.stille.se\/se\/wp-json\/wp\/v2\/comments?post=1854"}],"version-history":[{"count":4,"href":"https:\/\/www.stille.se\/se\/wp-json\/wp\/v2\/pages\/1854\/revisions"}],"predecessor-version":[{"id":31728,"href":"https:\/\/www.stille.se\/se\/wp-json\/wp\/v2\/pages\/1854\/revisions\/31728"}],"up":[{"embeddable":true,"href":"https:\/\/www.stille.se\/se\/wp-json\/wp\/v2\/pages\/825"}],"wp:attachment":[{"href":"https:\/\/www.stille.se\/se\/wp-json\/wp\/v2\/media?parent=1854"}],"curies":[{"name":"wp","href":"https:\/\/api.w.org\/{rel}","templated":true}]}}