{"id":19413,"date":"2019-12-01T16:53:29","date_gmt":"2019-12-01T16:53:29","guid":{"rendered":"https:\/\/www.stille.se\/?page_id=19413"},"modified":"2025-06-09T13:27:33","modified_gmt":"2025-06-09T11:27:33","slug":"dokument","status":"publish","type":"page","link":"https:\/\/www.stille.se\/se\/om-oss\/media\/dokument\/","title":{"rendered":"Dokument"},"content":{"rendered":"<h1>Dokument<\/h1>\n\n<div class=\"admin-preview\"><div class=\"row block block-documents-listing block--full\">\n\t\t\t<div class=\"col-24\">\n\t\t\t<div class=\"d-md-flex single-listed-item p-4\">\n\t\t\t\t<div class=\"image-wrapper-documents\">\n\t\t\t\t\t<img src=\"https:\/\/www.stille.se\/se\/wp-content\/uploads\/2020\/04\/instrument-till-service-phpg21-001bil-se_4_pdf-180x180.jpg\" alt=\"\">\n\t\t\t\t<\/div>\n\t\t\t\t<div class=\"listed_documents_content d-md-flex align-items-center\">\n\t\t\t\t\t<div class=\"p-md-4\">\n\t\t\t\t\t\t\t\t\t\t\t\t\t<h4 >Serviceformul\u00e4r f\u00f6r instrument <\/h4>\n\t\t\t\t\t\t\t\t\t\t\t\t\t\t\t\t\t\t\t<p >V\u00e4nligen fyll i formul\u00e4ret och skicka med instrument som skall p\u00e5 service. Gl\u00f6m ej RSID eller annan referens f\u00f6r fakturering.<\/p>\n\t\t\t\t\t\t\t\t\t\t\t\t\t\t\t\t\t\t\t\t<a class=\"see-more-btn\" href=\"https:\/\/www.stille.se\/se\/wp-content\/uploads\/2024\/09\/instrument-till-service-phpg21-001bil-se_6.doc\">Svenska  <\/a>\n\t\t\t\t\t\t\t\t\t\t\t\t\t<\/div>\n\t\t\t\t<\/div>\n\t\t\t<\/div>\n\t\t<\/div>\n\t\t\t\t<div class=\"col-24\">\n\t\t\t<div class=\"d-md-flex single-listed-item p-4\">\n\t\t\t\t<div class=\"image-wrapper-documents\">\n\t\t\t\t\t<img src=\"https:\/\/www.stille.se\/se\/wp-content\/uploads\/2019\/12\/150x200_care_instructions-150x180.jpg\" alt=\"\">\n\t\t\t\t<\/div>\n\t\t\t\t<div class=\"listed_documents_content d-md-flex align-items-center\">\n\t\t\t\t\t<div class=\"p-md-4\">\n\t\t\t\t\t\t\t\t\t\t\t\t\t<h4 >Sk\u00f6tselanvisning <\/h4>\n\t\t\t\t\t\t\t\t\t\t\t\t\t\t\t\t\t\t\t<p >Stilles sk\u00f6tselanvisningar f\u00f6r kirurgiska instrument ger r\u00e5d och rekommendationer f\u00f6r att bibeh\u00e5lla maximal funktion och livsl\u00e4ngd f\u00f6r instrumentet. Dessutom \u00e4r villkoret f\u00f6r Stilles garanti\u00e5tagande att instrumentet hanteras och sk\u00f6ts i enlighet med nedan angivna instruktioner.<\/p>\n\t\t\t\t\t\t\t\t\t\t\t\t\t\t\t\t\t\t\t\t<a class=\"see-more-btn\" href=\"https:\/\/www.stille.se\/se\/wp-content\/uploads\/2021\/11\/instructions-for-use-and-care.pdf\">Flerspr\u00e5kig  <\/a>\n\t\t\t\t\t\t\t\t\t\t\t\t\t<\/div>\n\t\t\t\t<\/div>\n\t\t\t<\/div>\n\t\t<\/div>\n\t\t\t\t<div class=\"col-24\">\n\t\t\t<div class=\"d-md-flex single-listed-item p-4\">\n\t\t\t\t<div class=\"image-wrapper-documents\">\n\t\t\t\t\t<img src=\"https:\/\/www.stille.se\/se\/wp-content\/uploads\/2019\/12\/150x200_code-of-conduct-150x180.jpg\" alt=\"\">\n\t\t\t\t<\/div>\n\t\t\t\t<div class=\"listed_documents_content d-md-flex align-items-center\">\n\t\t\t\t\t<div class=\"p-md-4\">\n\t\t\t\t\t\t\t\t\t\t\t\t\t<h4 >Code of Conduct <\/h4>\n\t\t\t\t\t\t\t\t\t\t\t\t\t\t\t\t\t\t\t\t\t\t\t\t\t\t<a class=\"see-more-btn\" href=\"https:\/\/www.stille.se\/se\/wp-content\/uploads\/2021\/04\/lp10-001-en-utg-6-code-of-conduct.pdf\">Engelska  <\/a>\n\t\t\t\t\t\t\t\t\t\t\t\t\t<\/div>\n\t\t\t\t<\/div>\n\t\t\t<\/div>\n\t\t<\/div>\n\t\t\n<\/div>\n<\/div>","protected":false},"excerpt":{"rendered":"<p>Dokument<\/p>\n","protected":false},"author":33,"featured_media":0,"parent":3279,"menu_order":0,"comment_status":"open","ping_status":"closed","template":"","meta":[],"acf":[],"yoast_head":"<!-- This site is optimized with the Yoast SEO plugin v17.9 - https:\/\/yoast.com\/wordpress\/plugins\/seo\/ -->\n<title>Dokument - STILLE<\/title>\n<meta name=\"robots\" content=\"index, follow, max-snippet:-1, max-image-preview:large, max-video-preview:-1\" \/>\n<link rel=\"canonical\" href=\"https:\/\/www.stille.se\/se\/om-oss\/media\/dokument\/\" \/>\n<meta property=\"og:locale\" content=\"sv_SE\" \/>\n<meta property=\"og:type\" content=\"article\" \/>\n<meta property=\"og:title\" content=\"Dokument - STILLE\" \/>\n<meta property=\"og:description\" content=\"Dokument\" \/>\n<meta property=\"og:url\" content=\"https:\/\/www.stille.se\/se\/om-oss\/media\/dokument\/\" \/>\n<meta property=\"og:site_name\" content=\"Stille SE\" \/>\n<meta property=\"article:publisher\" content=\"https:\/\/www.facebook.com\/stilleab\/\" \/>\n<meta property=\"article:modified_time\" content=\"2025-06-09T11:27:33+00:00\" \/>\n<meta property=\"og:image\" content=\"https:\/\/www.stille.se\/se\/wp-content\/uploads\/2019\/12\/stille-logo-800.jpg\" \/>\n\t<meta property=\"og:image:width\" content=\"562\" \/>\n\t<meta property=\"og:image:height\" content=\"314\" \/>\n\t<meta property=\"og:image:type\" content=\"image\/jpeg\" \/>\n<meta name=\"twitter:card\" content=\"summary_large_image\" \/>\n<meta name=\"twitter:label1\" content=\"Ber\u00e4knad l\u00e4stid\" \/>\n\t<meta name=\"twitter:data1\" content=\"1 minut\" \/>\n<script type=\"application\/ld+json\" class=\"yoast-schema-graph\">{\"@context\":\"https:\/\/schema.org\",\"@graph\":[{\"@type\":\"Organization\",\"@id\":\"https:\/\/www.stille.se\/se\/#organization\",\"name\":\"Stille AB\",\"url\":\"https:\/\/www.stille.se\/se\/\",\"sameAs\":[\"https:\/\/www.facebook.com\/stilleab\/\",\"https:\/\/www.linkedin.com\/company\/stille-ab\/\",\"https:\/\/www.youtube.com\/channel\/UCpxmVroiwKKSXWe3ZCOrSqw\"],\"logo\":{\"@type\":\"ImageObject\",\"@id\":\"https:\/\/www.stille.se\/se\/#logo\",\"inLanguage\":\"sv-SE\",\"url\":\"https:\/\/www.stille.se\/se\/wp-content\/uploads\/2019\/12\/stille-logo-800.jpg\",\"contentUrl\":\"https:\/\/www.stille.se\/se\/wp-content\/uploads\/2019\/12\/stille-logo-800.jpg\",\"width\":562,\"height\":314,\"caption\":\"Stille AB\"},\"image\":{\"@id\":\"https:\/\/www.stille.se\/se\/#logo\"}},{\"@type\":\"WebSite\",\"@id\":\"https:\/\/www.stille.se\/se\/#website\",\"url\":\"https:\/\/www.stille.se\/se\/\",\"name\":\"Stille SE\",\"description\":\"\",\"publisher\":{\"@id\":\"https:\/\/www.stille.se\/se\/#organization\"},\"potentialAction\":[{\"@type\":\"SearchAction\",\"target\":{\"@type\":\"EntryPoint\",\"urlTemplate\":\"https:\/\/www.stille.se\/se\/?s={search_term_string}\"},\"query-input\":\"required name=search_term_string\"}],\"inLanguage\":\"sv-SE\"},{\"@type\":\"WebPage\",\"@id\":\"https:\/\/www.stille.se\/se\/om-oss\/media\/dokument\/#webpage\",\"url\":\"https:\/\/www.stille.se\/se\/om-oss\/media\/dokument\/\",\"name\":\"Dokument - STILLE\",\"isPartOf\":{\"@id\":\"https:\/\/www.stille.se\/se\/#website\"},\"datePublished\":\"2019-12-01T16:53:29+00:00\",\"dateModified\":\"2025-06-09T11:27:33+00:00\",\"breadcrumb\":{\"@id\":\"https:\/\/www.stille.se\/se\/om-oss\/media\/dokument\/#breadcrumb\"},\"inLanguage\":\"sv-SE\",\"potentialAction\":[{\"@type\":\"ReadAction\",\"target\":[\"https:\/\/www.stille.se\/se\/om-oss\/media\/dokument\/\"]}]},{\"@type\":\"BreadcrumbList\",\"@id\":\"https:\/\/www.stille.se\/se\/om-oss\/media\/dokument\/#breadcrumb\",\"itemListElement\":[{\"@type\":\"ListItem\",\"position\":1,\"name\":\"Hem\",\"item\":\"https:\/\/www.stille.se\/se\/\"},{\"@type\":\"ListItem\",\"position\":2,\"name\":\"Om oss\",\"item\":\"https:\/\/www.stille.se\/se\/om-oss\/\"},{\"@type\":\"ListItem\",\"position\":3,\"name\":\"Media\",\"item\":\"https:\/\/www.stille.se\/se\/om-oss\/media\/\"},{\"@type\":\"ListItem\",\"position\":4,\"name\":\"Dokument\"}]}]}<\/script>\n<!-- \/ Yoast SEO plugin. -->","yoast_head_json":{"title":"Dokument - STILLE","robots":{"index":"index","follow":"follow","max-snippet":"max-snippet:-1","max-image-preview":"max-image-preview:large","max-video-preview":"max-video-preview:-1"},"canonical":"https:\/\/www.stille.se\/se\/om-oss\/media\/dokument\/","og_locale":"sv_SE","og_type":"article","og_title":"Dokument - STILLE","og_description":"Dokument","og_url":"https:\/\/www.stille.se\/se\/om-oss\/media\/dokument\/","og_site_name":"Stille SE","article_publisher":"https:\/\/www.facebook.com\/stilleab\/","article_modified_time":"2025-06-09T11:27:33+00:00","og_image":[{"width":562,"height":314,"url":"https:\/\/www.stille.se\/se\/wp-content\/uploads\/2019\/12\/stille-logo-800.jpg","type":"image\/jpeg"}],"twitter_card":"summary_large_image","twitter_misc":{"Ber\u00e4knad l\u00e4stid":"1 minut"},"schema":{"@context":"https:\/\/schema.org","@graph":[{"@type":"Organization","@id":"https:\/\/www.stille.se\/se\/#organization","name":"Stille AB","url":"https:\/\/www.stille.se\/se\/","sameAs":["https:\/\/www.facebook.com\/stilleab\/","https:\/\/www.linkedin.com\/company\/stille-ab\/","https:\/\/www.youtube.com\/channel\/UCpxmVroiwKKSXWe3ZCOrSqw"],"logo":{"@type":"ImageObject","@id":"https:\/\/www.stille.se\/se\/#logo","inLanguage":"sv-SE","url":"https:\/\/www.stille.se\/se\/wp-content\/uploads\/2019\/12\/stille-logo-800.jpg","contentUrl":"https:\/\/www.stille.se\/se\/wp-content\/uploads\/2019\/12\/stille-logo-800.jpg","width":562,"height":314,"caption":"Stille AB"},"image":{"@id":"https:\/\/www.stille.se\/se\/#logo"}},{"@type":"WebSite","@id":"https:\/\/www.stille.se\/se\/#website","url":"https:\/\/www.stille.se\/se\/","name":"Stille SE","description":"","publisher":{"@id":"https:\/\/www.stille.se\/se\/#organization"},"potentialAction":[{"@type":"SearchAction","target":{"@type":"EntryPoint","urlTemplate":"https:\/\/www.stille.se\/se\/?s={search_term_string}"},"query-input":"required name=search_term_string"}],"inLanguage":"sv-SE"},{"@type":"WebPage","@id":"https:\/\/www.stille.se\/se\/om-oss\/media\/dokument\/#webpage","url":"https:\/\/www.stille.se\/se\/om-oss\/media\/dokument\/","name":"Dokument - STILLE","isPartOf":{"@id":"https:\/\/www.stille.se\/se\/#website"},"datePublished":"2019-12-01T16:53:29+00:00","dateModified":"2025-06-09T11:27:33+00:00","breadcrumb":{"@id":"https:\/\/www.stille.se\/se\/om-oss\/media\/dokument\/#breadcrumb"},"inLanguage":"sv-SE","potentialAction":[{"@type":"ReadAction","target":["https:\/\/www.stille.se\/se\/om-oss\/media\/dokument\/"]}]},{"@type":"BreadcrumbList","@id":"https:\/\/www.stille.se\/se\/om-oss\/media\/dokument\/#breadcrumb","itemListElement":[{"@type":"ListItem","position":1,"name":"Hem","item":"https:\/\/www.stille.se\/se\/"},{"@type":"ListItem","position":2,"name":"Om oss","item":"https:\/\/www.stille.se\/se\/om-oss\/"},{"@type":"ListItem","position":3,"name":"Media","item":"https:\/\/www.stille.se\/se\/om-oss\/media\/"},{"@type":"ListItem","position":4,"name":"Dokument"}]}]}},"_links":{"self":[{"href":"https:\/\/www.stille.se\/se\/wp-json\/wp\/v2\/pages\/19413"}],"collection":[{"href":"https:\/\/www.stille.se\/se\/wp-json\/wp\/v2\/pages"}],"about":[{"href":"https:\/\/www.stille.se\/se\/wp-json\/wp\/v2\/types\/page"}],"author":[{"embeddable":true,"href":"https:\/\/www.stille.se\/se\/wp-json\/wp\/v2\/users\/33"}],"replies":[{"embeddable":true,"href":"https:\/\/www.stille.se\/se\/wp-json\/wp\/v2\/comments?post=19413"}],"version-history":[{"count":33,"href":"https:\/\/www.stille.se\/se\/wp-json\/wp\/v2\/pages\/19413\/revisions"}],"predecessor-version":[{"id":48107,"href":"https:\/\/www.stille.se\/se\/wp-json\/wp\/v2\/pages\/19413\/revisions\/48107"}],"up":[{"embeddable":true,"href":"https:\/\/www.stille.se\/se\/wp-json\/wp\/v2\/pages\/3279"}],"wp:attachment":[{"href":"https:\/\/www.stille.se\/se\/wp-json\/wp\/v2\/media?parent=19413"}],"curies":[{"name":"wp","href":"https:\/\/api.w.org\/{rel}","templated":true}]}}