{"id":20784,"date":"2019-12-03T18:21:30","date_gmt":"2019-12-03T18:21:30","guid":{"rendered":"https:\/\/www.stille.se\/?page_id=20784"},"modified":"2026-01-26T14:52:03","modified_gmt":"2026-01-26T13:52:03","slug":"kontakt","status":"publish","type":"page","link":"https:\/\/www.stille.se\/se\/om-oss\/kontakt\/","title":{"rendered":"Kontakt"},"content":{"rendered":"<p>Oavsett vilket \u00e4rende du har s\u00e5 vill vi g\u00e4rna erbjuda en bra kontaktv\u00e4g. Har du fr\u00e5gor om en specifik produkt \u00e4r du v\u00e4lkommen att ta kontakt direkt med v\u00e5ra s\u00e4ljare eller tekniska support. D\u00e4r f\u00e5r du snabbast svar p\u00e5 dina fr\u00e5gor.<\/p>\n\n<div class=\"admin-preview\"><div class=\"block block-contact block--full\">\n\t<div>\n\t\t<div class=\"row\">\n\t\t\t<div class=\"col-22 col-md-24 d-flex justify-content-between align-items-center\">\n\t\t\t\t\t\t\t\t\t<h4 class=\"contact-main-heading mt-4\">Huvudkontor<\/h4>\n\t\t\t\t\t<div class=\"contact-chevron-wrapper mt-4\">\n\t\t\t\t\t\t<i class=\"fas fa-chevron-down contact-chevron-down\"><\/i>\n\t\t\t\t\t<\/div>\n\t\t\t\t\t\t\t<\/div>\n\t\t\t<div class=\"col-22 col-md-24\">\n\t\t\t\t<hr class=\"break-line-contact\">\n\t\t\t<\/div>\n\t\t<\/div>\n\t\t\t\t\t<div class=\"row contact-content-wrapper\">\n\t\t\t\t\t\t\t\t\t\t\t\t\t\t<div class=\"col-24 col-lg-12 contact-card mt-4\">\n\t\t\t\t\t\t\t\t\t\t\t\t\t<h4>Huvudkontor<\/h4>\n\t\t\t\t\t\t\t\t\t\t\t\t\t\t\t\t\t\t\t<p><strong>STILLE AB<\/strong><\/p>\n<p>Bes\u00f6ksadress:<br \/>\nEkbacken 11<br \/>\nSE-644 30 Torsh\u00e4lla<br \/>\nSweden<\/p>\n<p>Post- och faktureringsadress<br \/>\nBox 207<br \/>\nSE-631 03 Eskilstuna<\/p>\n\t\t\t\t\t\t\t\t\t\t\t\t\t\t\t\t\t\t\t<div class=\"d-flex align-items-center contact-content\">\n\t\t\t\t\t\t\t\t<i class=\"fal fa-phone icon-contact\"><\/i>\n\t\t\t\t\t\t\t\t<a href=\"tel:0046858858000\">+46 (8) 588 58 000<\/a>\n\t\t\t\t\t\t\t<\/div>\n\t\t\t\t\t\t\t\t\t\t\t\t\t\t\t\t\t\t\t\t\t\t\t\t\t<div class=\"d-flex align-items-center contact-content\">\n\t\t\t\t\t\t\t\t<i class=\"fal fa-envelope icon-contact\"><\/i>\n\t\t\t\t\t\t\t\t<a href=\"mailto:info@stille.se\">info@stille.se<\/a>\n\t\t\t\t\t\t\t<\/div>\n\t\t\t\t\t\t\t\t\t\t\t\t\t\t\t\t\t\t\t\t\t\t\t<\/div>\n\t\t\t\t\t\t\t\t\t\t\t\t\t\t<div class=\"col-24 col-lg-12 contact-card mt-4\">\n\t\t\t\t\t\t\t\t\t\t\t\t\t<h4>Dotterbolag<\/h4>\n\t\t\t\t\t\t\t\t\t\t\t\t\t\t\t\t\t\t\t<p><strong>Stille Surgical, Inc.<\/strong><\/p>\n<p>840 Parkview Blvd<br \/>\nLombard, IL 60148<br \/>\nUSA<\/p>\n\t\t\t\t\t\t\t\t\t\t\t\t\t\t\t\t\t\t\t<div class=\"d-flex align-items-center contact-content\">\n\t\t\t\t\t\t\t\t<i class=\"fal fa-phone icon-contact\"><\/i>\n\t\t\t\t\t\t\t\t<a href=\"tel:18006651614\">1-800-665-1614<\/a>\n\t\t\t\t\t\t\t<\/div>\n\t\t\t\t\t\t\t\t\t\t\t\t\t\t\t\t\t\t\t\t\t\t\t\t\t<div class=\"d-flex align-items-center contact-content\">\n\t\t\t\t\t\t\t\t<i class=\"fal fa-envelope icon-contact\"><\/i>\n\t\t\t\t\t\t\t\t<a href=\"mailto:sales.us@stille.se\">sales.us@stille.se<\/a>\n\t\t\t\t\t\t\t<\/div>\n\t\t\t\t\t\t\t\t\t\t\t\t\t\t\t\t\t\t\t\t\t\t\t<\/div>\n\t\t\t\t\t\t\t<\/div>\n\t\t\t<\/div>\n<\/div><\/div>\n\n<div class=\"admin-preview\"><div class=\"block block-contact block--none\">\n\t<div>\n\t\t<div class=\"row\">\n\t\t\t<div class=\"col-22 col-md-24 d-flex justify-content-between align-items-center\">\n\t\t\t\t\t\t\t\t\t<h4 class=\"contact-main-heading mt-4\">Service<\/h4>\n\t\t\t\t\t<div class=\"contact-chevron-wrapper mt-4\">\n\t\t\t\t\t\t<i class=\"fas fa-chevron-down contact-chevron-down\"><\/i>\n\t\t\t\t\t<\/div>\n\t\t\t\t\t\t\t<\/div>\n\t\t\t<div class=\"col-22 col-md-24\">\n\t\t\t\t<hr class=\"break-line-contact\">\n\t\t\t<\/div>\n\t\t<\/div>\n\t\t\t\t\t<div class=\"row contact-content-wrapper\">\n\t\t\t\t\t\t\t\t\t\t\t\t\t\t<div class=\"col-24 col-lg-12 contact-card mt-4\">\n\t\t\t\t\t\t\t\t\t\t\t\t\t<h4>Kundservice<\/h4>\n\t\t\t\t\t\t\t\t\t\t\t\t\t\t\t\t\t\t\t<p>F\u00f6r orderl\u00e4ggning och generella f\u00f6rfr\u00e5gningar<\/p>\n\t\t\t\t\t\t\t\t\t\t\t\t\t\t\t\t\t\t\t<div class=\"d-flex align-items-center contact-content\">\n\t\t\t\t\t\t\t\t<i class=\"fal fa-phone icon-contact\"><\/i>\n\t\t\t\t\t\t\t\t<a href=\"tel:0046858858000\">+46 (8) 588 58 000<\/a>\n\t\t\t\t\t\t\t<\/div>\n\t\t\t\t\t\t\t\t\t\t\t\t\t\t\t\t\t\t\t\t\t\t\t\t\t<div class=\"d-flex align-items-center contact-content\">\n\t\t\t\t\t\t\t\t<i class=\"fal fa-envelope icon-contact\"><\/i>\n\t\t\t\t\t\t\t\t<a href=\"mailto:order@stille.se\">order@stille.se<\/a>\n\t\t\t\t\t\t\t<\/div>\n\t\t\t\t\t\t\t\t\t\t\t\t\t\t\t\t\t\t\t\t\t\t\t<\/div>\n\t\t\t\t\t\t\t\t\t\t\t\t\t\t<div class=\"col-24 col-lg-12 contact-card mt-4\">\n\t\t\t\t\t\t\t\t\t\t\t\t\t<h4>Instrumentservice<\/h4>\n\t\t\t\t\t\t\t\t\t\t\t\t\t\t\t\t\t\t\t<p>F\u00f6r reparationer och service av instrument.<\/p>\n<p><a href=\"https:\/\/www.stille.se\/se\/wp-content\/uploads\/2020\/04\/instrument-till-service-phpg21-001bil-se_4.pdf\">Ladda ner serviceformul\u00e4r f\u00f6r instrument<\/a><\/p>\n\t\t\t\t\t\t\t\t\t\t\t\t\t\t\t\t\t\t\t\t\t\t\t\t\t\t\t\t\t\t\t<div class=\"d-flex align-items-center contact-content\">\n\t\t\t\t\t\t\t\t<i class=\"fal fa-envelope icon-contact\"><\/i>\n\t\t\t\t\t\t\t\t<a href=\"mailto:instrument-service@stille.se\">instrument-service@stille.se<\/a>\n\t\t\t\t\t\t\t<\/div>\n\t\t\t\t\t\t\t\t\t\t\t\t\t\t\t\t\t\t\t\t\t\t\t<\/div>\n\t\t\t\t\t\t\t\t\t\t\t\t\t\t<div class=\"col-24 col-lg-12 contact-card mt-4\">\n\t\t\t\t\t\t\t\t\t\t\t\t\t<h4>Bordsservice<\/h4>\n\t\t\t\t\t\t\t\t\t\t\t\t\t\t\t\t\t\t\t<p>F\u00f6r tekniska reparationer och service<\/p>\n\t\t\t\t\t\t\t\t\t\t\t\t\t\t\t\t\t\t\t<div class=\"d-flex align-items-center contact-content\">\n\t\t\t\t\t\t\t\t<i class=\"fal fa-phone icon-contact\"><\/i>\n\t\t\t\t\t\t\t\t<a href=\"tel:46858858030\">+46 (8) 588 580 30<\/a>\n\t\t\t\t\t\t\t<\/div>\n\t\t\t\t\t\t\t\t\t\t\t\t\t\t\t\t\t\t\t\t\t\t\t\t\t<div class=\"d-flex align-items-center contact-content\">\n\t\t\t\t\t\t\t\t<i class=\"fal fa-envelope icon-contact\"><\/i>\n\t\t\t\t\t\t\t\t<a href=\"mailto:service@stille.se\">service@stille.se<\/a>\n\t\t\t\t\t\t\t<\/div>\n\t\t\t\t\t\t\t\t\t\t\t\t\t\t\t\t\t\t\t\t\t\t\t<\/div>\n\t\t\t\t\t\t\t<\/div>\n\t\t\t<\/div>\n<\/div><\/div>\n\n<div class=\"admin-preview\"><div class=\"block block-contact block--none\">\n\t<div>\n\t\t<div class=\"row\">\n\t\t\t<div class=\"col-22 col-md-24 d-flex justify-content-between align-items-center\">\n\t\t\t\t\t\t\t\t\t<h4 class=\"contact-main-heading mt-4\">Bord f\u00f6r C-b\u00e5ge<\/h4>\n\t\t\t\t\t<div class=\"contact-chevron-wrapper mt-4\">\n\t\t\t\t\t\t<i class=\"fas fa-chevron-down contact-chevron-down\"><\/i>\n\t\t\t\t\t<\/div>\n\t\t\t\t\t\t\t<\/div>\n\t\t\t<div class=\"col-22 col-md-24\">\n\t\t\t\t<hr class=\"break-line-contact\">\n\t\t\t<\/div>\n\t\t<\/div>\n\t\t\t\t\t<div class=\"row contact-content-wrapper\">\n\t\t\t\t\t\t\t\t\t\t\t\t\t\t<div class=\"col-24 col-lg-12 contact-card mt-4\">\n\t\t\t\t\t\t\t\t\t\t\t\t\t<h4>Sven Olaerts<\/h4>\n\t\t\t\t\t\t\t\t\t\t\t\t\t\t\t\t\t\t\t<p><strong><span class=\"ui-provider ec buo bup buq bur bus but buu buv buw bux buy buz bva bvb bvc bvd bve bvf bvg bvh bvi bvj bvk bvl bvm bvn bvo bvp bvq bvr bvs bvt bvu bvv\" dir=\"ltr\">Acting Business Unit Manager<\/span><br \/>\n<\/strong><\/p>\n\t\t\t\t\t\t\t\t\t\t\t\t\t\t\t\t\t\t\t\t\t\t\t\t\t\t\t\t\t\t\t<div class=\"d-flex align-items-center contact-content\">\n\t\t\t\t\t\t\t\t<i class=\"fal fa-envelope icon-contact\"><\/i>\n\t\t\t\t\t\t\t\t<a href=\"mailto:sven.olaerts@stille.se\">sven.olaerts@stille.se<\/a>\n\t\t\t\t\t\t\t<\/div>\n\t\t\t\t\t\t\t\t\t\t\t\t\t\t\t\t\t\t\t\t\t\t\t<\/div>\n\t\t\t\t\t\t\t\t\t\t\t\t\t\t<div class=\"col-24 col-lg-12 contact-card mt-4\">\n\t\t\t\t\t\t\t\t\t\t\t\t\t<h4>Mattias Fors<\/h4>\n\t\t\t\t\t\t\t\t\t\t\t\t\t\t\t\t\t\t\t<p><strong>International Service Manager and Sales Manager<br \/>\n<\/strong>Nordic<\/p>\n\t\t\t\t\t\t\t\t\t\t\t\t\t\t\t\t\t\t\t\t\t\t\t\t\t\t\t\t\t\t\t<div class=\"d-flex align-items-center contact-content\">\n\t\t\t\t\t\t\t\t<i class=\"fal fa-envelope icon-contact\"><\/i>\n\t\t\t\t\t\t\t\t<a href=\"mailto:mattias.fors@stille.se\">mattias.fors@stille.se<\/a>\n\t\t\t\t\t\t\t<\/div>\n\t\t\t\t\t\t\t\t\t\t\t\t\t\t\t\t\t\t\t\t\t\t\t<\/div>\n\t\t\t\t\t\t\t\t\t\t\t\t\t\t<div class=\"col-24 col-lg-12 contact-card mt-4\">\n\t\t\t\t\t\t\t\t\t\t\t\t\t<h4>Markus Zons<\/h4>\n\t\t\t\t\t\t\t\t\t\t\t\t\t\t\t\t\t\t\t<p><strong>International Business Manager<br \/>\n<\/strong>Europa \u2013 Mellan\u00f6stern \u2013 Sydasien \u2013 ANZ<\/p>\n\t\t\t\t\t\t\t\t\t\t\t\t\t\t\t\t\t\t\t\t\t\t\t\t\t\t\t\t\t\t\t<div class=\"d-flex align-items-center contact-content\">\n\t\t\t\t\t\t\t\t<i class=\"fal fa-envelope icon-contact\"><\/i>\n\t\t\t\t\t\t\t\t<a href=\"mailto:markus.zons@stille.se\">markus.zons@stille.se<\/a>\n\t\t\t\t\t\t\t<\/div>\n\t\t\t\t\t\t\t\t\t\t\t\t\t\t\t\t\t\t\t\t\t\t\t<\/div>\n\t\t\t\t\t\t\t\t\t\t\t\t\t\t<div class=\"col-24 col-lg-12 contact-card mt-4\">\n\t\t\t\t\t\t\t\t\t\t\t\t\t<h4>Sandra Lovito<\/h4>\n\t\t\t\t\t\t\t\t\t\t\t\t\t\t\t\t\t\t\t<p><strong>Country Manager<\/strong><br \/>\nItalien &#8211; Medelhavet &#8211; LATAM<\/p>\n\t\t\t\t\t\t\t\t\t\t\t\t\t\t\t\t\t\t\t\t\t\t\t\t\t\t\t\t\t\t\t<div class=\"d-flex align-items-center contact-content\">\n\t\t\t\t\t\t\t\t<i class=\"fal fa-envelope icon-contact\"><\/i>\n\t\t\t\t\t\t\t\t<a href=\"mailto:sandra.lovito@stille.se\">sandra.lovito@stille.se<\/a>\n\t\t\t\t\t\t\t<\/div>\n\t\t\t\t\t\t\t\t\t\t\t\t\t\t\t\t\t\t\t\t\t\t\t<\/div>\n\t\t\t\t\t\t\t\t\t\t\t\t\t\t<div class=\"col-24 col-lg-12 contact-card mt-4\">\n\t\t\t\t\t\t\t\t\t\t\t\t\t<h4>Sumire Hirot<\/h4>\n\t\t\t\t\t\t\t\t\t\t\t\t\t\t\t\t\t\t\t<p><strong>International Sales &amp; Marketing Manager<br \/>\n<\/strong>Frankrike &#8211; Franska Nordafrika &#8211; Ryssland &#8211; Japan &#8211; Korea &#8211; ASEAN<\/p>\n\t\t\t\t\t\t\t\t\t\t\t\t\t\t\t\t\t\t\t\t\t\t\t\t\t\t\t\t\t\t\t<div class=\"d-flex align-items-center contact-content\">\n\t\t\t\t\t\t\t\t<i class=\"fal fa-envelope icon-contact\"><\/i>\n\t\t\t\t\t\t\t\t<a href=\"mailto:sumire.hirot@stille.se\">sumire.hirot@stille.se<\/a>\n\t\t\t\t\t\t\t<\/div>\n\t\t\t\t\t\t\t\t\t\t\t\t\t\t\t\t\t\t\t\t\t\t\t<\/div>\n\t\t\t\t\t\t\t<\/div>\n\t\t\t<\/div>\n<\/div><\/div>\n\n<div class=\"admin-preview\"><div class=\"block block-contact block--none\">\n\t<div>\n\t\t<div class=\"row\">\n\t\t\t<div class=\"col-22 col-md-24 d-flex justify-content-between align-items-center\">\n\t\t\t\t\t\t\t\t\t<h4 class=\"contact-main-heading mt-4\">Instrument<\/h4>\n\t\t\t\t\t<div class=\"contact-chevron-wrapper mt-4\">\n\t\t\t\t\t\t<i class=\"fas fa-chevron-down contact-chevron-down\"><\/i>\n\t\t\t\t\t<\/div>\n\t\t\t\t\t\t\t<\/div>\n\t\t\t<div class=\"col-22 col-md-24\">\n\t\t\t\t<hr class=\"break-line-contact\">\n\t\t\t<\/div>\n\t\t<\/div>\n\t\t\t\t\t<div class=\"row contact-content-wrapper\">\n\t\t\t\t\t\t\t\t\t\t\t\t\t\t<div class=\"col-24 col-lg-12 contact-card mt-4\">\n\t\t\t\t\t\t\t\t\t\t\t\t\t<h4>Pontus L\u00fcning<\/h4>\n\t\t\t\t\t\t\t\t\t\t\t\t\t\t\t\t\t\t\t<p><strong>Produkt- och f\u00f6rs\u00e4ljningschef<\/strong><\/p>\n\t\t\t\t\t\t\t\t\t\t\t\t\t\t\t\t\t\t\t\t\t\t\t\t\t\t\t\t\t\t\t<div class=\"d-flex align-items-center contact-content\">\n\t\t\t\t\t\t\t\t<i class=\"fal fa-envelope icon-contact\"><\/i>\n\t\t\t\t\t\t\t\t<a href=\"mailto:pontus.luning@stille.se\">pontus.luning@stille.se<\/a>\n\t\t\t\t\t\t\t<\/div>\n\t\t\t\t\t\t\t\t\t\t\t\t\t\t\t\t\t\t\t\t\t\t\t<\/div>\n\t\t\t\t\t\t\t\t\t\t\t\t\t\t<div class=\"col-24 col-lg-12 contact-card mt-4\">\n\t\t\t\t\t\t\t\t\t\t\t\t\t<h4>\u00c5sa Skogsberg<\/h4>\n\t\t\t\t\t\t\t\t\t\t\t\t\t\t\t\t\t\t\t<p><strong>Produktspecialist<\/strong><strong><br \/>\n<\/strong><\/p>\n\t\t\t\t\t\t\t\t\t\t\t\t\t\t\t\t\t\t\t\t\t\t\t\t\t\t\t\t\t\t\t<div class=\"d-flex align-items-center contact-content\">\n\t\t\t\t\t\t\t\t<i class=\"fal fa-envelope icon-contact\"><\/i>\n\t\t\t\t\t\t\t\t<a href=\"mailto:asa.skogsberg@stille.se\">asa.skogsberg@stille.se<\/a>\n\t\t\t\t\t\t\t<\/div>\n\t\t\t\t\t\t\t\t\t\t\t\t\t\t\t\t\t\t\t\t\t\t\t<\/div>\n\t\t\t\t\t\t\t\t\t\t\t\t\t\t<div class=\"col-24 col-lg-12 contact-card mt-4\">\n\t\t\t\t\t\t\t\t\t\t\t\t\t<h4>Mats Riedl<\/h4>\n\t\t\t\t\t\t\t\t\t\t\t\t\t\t\t\t\t\t\t<p><strong>Produktspecialist<\/strong><strong><br \/>\n<\/strong><\/p>\n\t\t\t\t\t\t\t\t\t\t\t\t\t\t\t\t\t\t\t\t\t\t\t\t\t\t\t\t\t\t\t<div class=\"d-flex align-items-center contact-content\">\n\t\t\t\t\t\t\t\t<i class=\"fal fa-envelope icon-contact\"><\/i>\n\t\t\t\t\t\t\t\t<a href=\"mailto:mats.riedl@stille.se\">mats.riedl@stille.se<\/a>\n\t\t\t\t\t\t\t<\/div>\n\t\t\t\t\t\t\t\t\t\t\t\t\t\t\t\t\t\t\t\t\t\t\t<\/div>\n\t\t\t\t\t\t\t<\/div>\n\t\t\t<\/div>\n<\/div><\/div>","protected":false},"excerpt":{"rendered":"<p>Oavsett vilket \u00e4rende du har s\u00e5 vill vi g\u00e4rna erbjuda en bra kontaktv\u00e4g. Har du fr\u00e5gor om en specifik produkt \u00e4r du v\u00e4lkommen att ta kontakt direkt med v\u00e5ra s\u00e4ljare eller tekniska support. D\u00e4r f\u00e5r du snabbast svar p\u00e5 dina fr\u00e5gor.<\/p>\n","protected":false},"author":33,"featured_media":0,"parent":1203,"menu_order":50,"comment_status":"closed","ping_status":"closed","template":"","meta":[],"acf":[],"yoast_head":"<!-- This site is optimized with the Yoast SEO plugin v17.9 - https:\/\/yoast.com\/wordpress\/plugins\/seo\/ -->\n<title>Kontakt - STILLE<\/title>\n<meta name=\"robots\" content=\"index, follow, max-snippet:-1, max-image-preview:large, max-video-preview:-1\" \/>\n<link rel=\"canonical\" href=\"https:\/\/www.stille.se\/se\/om-oss\/kontakt\/\" \/>\n<meta property=\"og:locale\" content=\"sv_SE\" \/>\n<meta property=\"og:type\" content=\"article\" \/>\n<meta property=\"og:title\" content=\"Kontakt - STILLE\" \/>\n<meta property=\"og:description\" content=\"Oavsett vilket \u00e4rende du har s\u00e5 vill vi g\u00e4rna erbjuda en bra kontaktv\u00e4g. Har du fr\u00e5gor om en specifik produkt \u00e4r du v\u00e4lkommen att ta kontakt direkt med v\u00e5ra s\u00e4ljare eller tekniska support. D\u00e4r f\u00e5r du snabbast svar p\u00e5 dina fr\u00e5gor.\" \/>\n<meta property=\"og:url\" content=\"https:\/\/www.stille.se\/se\/om-oss\/kontakt\/\" \/>\n<meta property=\"og:site_name\" content=\"Stille SE\" \/>\n<meta property=\"article:publisher\" content=\"https:\/\/www.facebook.com\/stilleab\/\" \/>\n<meta property=\"article:modified_time\" content=\"2026-01-26T13:52:03+00:00\" \/>\n<meta property=\"og:image\" content=\"https:\/\/www.stille.se\/se\/wp-content\/uploads\/2019\/12\/stille-logo-800.jpg\" \/>\n\t<meta property=\"og:image:width\" content=\"562\" \/>\n\t<meta property=\"og:image:height\" content=\"314\" \/>\n\t<meta property=\"og:image:type\" content=\"image\/jpeg\" \/>\n<meta name=\"twitter:card\" content=\"summary_large_image\" \/>\n<meta name=\"twitter:label1\" content=\"Ber\u00e4knad l\u00e4stid\" \/>\n\t<meta name=\"twitter:data1\" content=\"1 minut\" \/>\n<script type=\"application\/ld+json\" class=\"yoast-schema-graph\">{\"@context\":\"https:\/\/schema.org\",\"@graph\":[{\"@type\":\"Organization\",\"@id\":\"https:\/\/www.stille.se\/se\/#organization\",\"name\":\"Stille AB\",\"url\":\"https:\/\/www.stille.se\/se\/\",\"sameAs\":[\"https:\/\/www.facebook.com\/stilleab\/\",\"https:\/\/www.linkedin.com\/company\/stille-ab\/\",\"https:\/\/www.youtube.com\/channel\/UCpxmVroiwKKSXWe3ZCOrSqw\"],\"logo\":{\"@type\":\"ImageObject\",\"@id\":\"https:\/\/www.stille.se\/se\/#logo\",\"inLanguage\":\"sv-SE\",\"url\":\"https:\/\/www.stille.se\/se\/wp-content\/uploads\/2019\/12\/stille-logo-800.jpg\",\"contentUrl\":\"https:\/\/www.stille.se\/se\/wp-content\/uploads\/2019\/12\/stille-logo-800.jpg\",\"width\":562,\"height\":314,\"caption\":\"Stille AB\"},\"image\":{\"@id\":\"https:\/\/www.stille.se\/se\/#logo\"}},{\"@type\":\"WebSite\",\"@id\":\"https:\/\/www.stille.se\/se\/#website\",\"url\":\"https:\/\/www.stille.se\/se\/\",\"name\":\"Stille SE\",\"description\":\"\",\"publisher\":{\"@id\":\"https:\/\/www.stille.se\/se\/#organization\"},\"potentialAction\":[{\"@type\":\"SearchAction\",\"target\":{\"@type\":\"EntryPoint\",\"urlTemplate\":\"https:\/\/www.stille.se\/se\/?s={search_term_string}\"},\"query-input\":\"required name=search_term_string\"}],\"inLanguage\":\"sv-SE\"},{\"@type\":\"WebPage\",\"@id\":\"https:\/\/www.stille.se\/se\/om-oss\/kontakt\/#webpage\",\"url\":\"https:\/\/www.stille.se\/se\/om-oss\/kontakt\/\",\"name\":\"Kontakt - STILLE\",\"isPartOf\":{\"@id\":\"https:\/\/www.stille.se\/se\/#website\"},\"datePublished\":\"2019-12-03T18:21:30+00:00\",\"dateModified\":\"2026-01-26T13:52:03+00:00\",\"breadcrumb\":{\"@id\":\"https:\/\/www.stille.se\/se\/om-oss\/kontakt\/#breadcrumb\"},\"inLanguage\":\"sv-SE\",\"potentialAction\":[{\"@type\":\"ReadAction\",\"target\":[\"https:\/\/www.stille.se\/se\/om-oss\/kontakt\/\"]}]},{\"@type\":\"BreadcrumbList\",\"@id\":\"https:\/\/www.stille.se\/se\/om-oss\/kontakt\/#breadcrumb\",\"itemListElement\":[{\"@type\":\"ListItem\",\"position\":1,\"name\":\"Hem\",\"item\":\"https:\/\/www.stille.se\/se\/\"},{\"@type\":\"ListItem\",\"position\":2,\"name\":\"Om oss\",\"item\":\"https:\/\/www.stille.se\/se\/om-oss\/\"},{\"@type\":\"ListItem\",\"position\":3,\"name\":\"Kontakt\"}]}]}<\/script>\n<!-- \/ Yoast SEO plugin. -->","yoast_head_json":{"title":"Kontakt - STILLE","robots":{"index":"index","follow":"follow","max-snippet":"max-snippet:-1","max-image-preview":"max-image-preview:large","max-video-preview":"max-video-preview:-1"},"canonical":"https:\/\/www.stille.se\/se\/om-oss\/kontakt\/","og_locale":"sv_SE","og_type":"article","og_title":"Kontakt - STILLE","og_description":"Oavsett vilket \u00e4rende du har s\u00e5 vill vi g\u00e4rna erbjuda en bra kontaktv\u00e4g. Har du fr\u00e5gor om en specifik produkt \u00e4r du v\u00e4lkommen att ta kontakt direkt med v\u00e5ra s\u00e4ljare eller tekniska support. D\u00e4r f\u00e5r du snabbast svar p\u00e5 dina fr\u00e5gor.","og_url":"https:\/\/www.stille.se\/se\/om-oss\/kontakt\/","og_site_name":"Stille SE","article_publisher":"https:\/\/www.facebook.com\/stilleab\/","article_modified_time":"2026-01-26T13:52:03+00:00","og_image":[{"width":562,"height":314,"url":"https:\/\/www.stille.se\/se\/wp-content\/uploads\/2019\/12\/stille-logo-800.jpg","type":"image\/jpeg"}],"twitter_card":"summary_large_image","twitter_misc":{"Ber\u00e4knad l\u00e4stid":"1 minut"},"schema":{"@context":"https:\/\/schema.org","@graph":[{"@type":"Organization","@id":"https:\/\/www.stille.se\/se\/#organization","name":"Stille AB","url":"https:\/\/www.stille.se\/se\/","sameAs":["https:\/\/www.facebook.com\/stilleab\/","https:\/\/www.linkedin.com\/company\/stille-ab\/","https:\/\/www.youtube.com\/channel\/UCpxmVroiwKKSXWe3ZCOrSqw"],"logo":{"@type":"ImageObject","@id":"https:\/\/www.stille.se\/se\/#logo","inLanguage":"sv-SE","url":"https:\/\/www.stille.se\/se\/wp-content\/uploads\/2019\/12\/stille-logo-800.jpg","contentUrl":"https:\/\/www.stille.se\/se\/wp-content\/uploads\/2019\/12\/stille-logo-800.jpg","width":562,"height":314,"caption":"Stille AB"},"image":{"@id":"https:\/\/www.stille.se\/se\/#logo"}},{"@type":"WebSite","@id":"https:\/\/www.stille.se\/se\/#website","url":"https:\/\/www.stille.se\/se\/","name":"Stille SE","description":"","publisher":{"@id":"https:\/\/www.stille.se\/se\/#organization"},"potentialAction":[{"@type":"SearchAction","target":{"@type":"EntryPoint","urlTemplate":"https:\/\/www.stille.se\/se\/?s={search_term_string}"},"query-input":"required name=search_term_string"}],"inLanguage":"sv-SE"},{"@type":"WebPage","@id":"https:\/\/www.stille.se\/se\/om-oss\/kontakt\/#webpage","url":"https:\/\/www.stille.se\/se\/om-oss\/kontakt\/","name":"Kontakt - STILLE","isPartOf":{"@id":"https:\/\/www.stille.se\/se\/#website"},"datePublished":"2019-12-03T18:21:30+00:00","dateModified":"2026-01-26T13:52:03+00:00","breadcrumb":{"@id":"https:\/\/www.stille.se\/se\/om-oss\/kontakt\/#breadcrumb"},"inLanguage":"sv-SE","potentialAction":[{"@type":"ReadAction","target":["https:\/\/www.stille.se\/se\/om-oss\/kontakt\/"]}]},{"@type":"BreadcrumbList","@id":"https:\/\/www.stille.se\/se\/om-oss\/kontakt\/#breadcrumb","itemListElement":[{"@type":"ListItem","position":1,"name":"Hem","item":"https:\/\/www.stille.se\/se\/"},{"@type":"ListItem","position":2,"name":"Om oss","item":"https:\/\/www.stille.se\/se\/om-oss\/"},{"@type":"ListItem","position":3,"name":"Kontakt"}]}]}},"_links":{"self":[{"href":"https:\/\/www.stille.se\/se\/wp-json\/wp\/v2\/pages\/20784"}],"collection":[{"href":"https:\/\/www.stille.se\/se\/wp-json\/wp\/v2\/pages"}],"about":[{"href":"https:\/\/www.stille.se\/se\/wp-json\/wp\/v2\/types\/page"}],"author":[{"embeddable":true,"href":"https:\/\/www.stille.se\/se\/wp-json\/wp\/v2\/users\/33"}],"replies":[{"embeddable":true,"href":"https:\/\/www.stille.se\/se\/wp-json\/wp\/v2\/comments?post=20784"}],"version-history":[{"count":99,"href":"https:\/\/www.stille.se\/se\/wp-json\/wp\/v2\/pages\/20784\/revisions"}],"predecessor-version":[{"id":48375,"href":"https:\/\/www.stille.se\/se\/wp-json\/wp\/v2\/pages\/20784\/revisions\/48375"}],"up":[{"embeddable":true,"href":"https:\/\/www.stille.se\/se\/wp-json\/wp\/v2\/pages\/1203"}],"wp:attachment":[{"href":"https:\/\/www.stille.se\/se\/wp-json\/wp\/v2\/media?parent=20784"}],"curies":[{"name":"wp","href":"https:\/\/api.w.org\/{rel}","templated":true}]}}