{"id":21945,"date":"2019-11-30T12:18:37","date_gmt":"2019-11-30T12:18:37","guid":{"rendered":"https:\/\/www.stille.se\/?page_id=17706"},"modified":"2026-01-15T14:52:18","modified_gmt":"2026-01-15T13:52:18","slug":"produktvideos","status":"publish","type":"page","link":"https:\/\/www.stille.se\/se\/om-oss\/media\/videos\/produktvideos\/","title":{"rendered":"Produktvideos"},"content":{"rendered":"<h1>Produktvideos<\/h1>\n\n<div class=\"admin-preview\"><div class=\"row block block-video-listing block--none\">\n\t\t\t<div class=\"col-24\">\n\t\t\t<div class=\"d-md-flex single-listed-item p-4\">\n\t\t\t\t<div class=\"ifram-wrapper\">\n\t\t\t\t<iframe loading=\"lazy\" title=\"STILLE Surgical instruments\" width=\"400\" height=\"225\" src=\"https:\/\/www.youtube.com\/embed\/r47IDnMDa3Y?feature=oembed\" frameborder=\"0\" allow=\"accelerometer; autoplay; clipboard-write; encrypted-media; gyroscope; picture-in-picture; web-share\" referrerpolicy=\"strict-origin-when-cross-origin\" allowfullscreen><\/iframe>\t\t\t\t<\/div>\n\t\t\t\t<div class=\"d-md-flex align-items-center mt-2 mt-md-0 pl-0 pl-md-4\">\n\t\t\t\t\t<div class=\"p-md-4\">\n\t\t\t\t\t\t\t\t\t\t\t\t\t<h4 >Stille Instruments \u2013 V\u00e4gen till perfektion <\/h4> \n\t\t\t\t\t\t\t\t\t\t\t\t\t\t\t\t\t\t\t<p >F\u00f6lj den magiska resan n\u00e4r ett par STILLE SuperCut-saxar skapas.<\/p>\n\t\t\t\t\t\t\t\t\t\t\t<\/div>\n\t\t\t\t<\/div>\n\t\t\t<\/div>\n\t\t<\/div>\n\t\t\t\t<div class=\"col-24\">\n\t\t\t<div class=\"d-md-flex single-listed-item p-4\">\n\t\t\t\t<div class=\"ifram-wrapper\">\n\t\t\t\t<iframe loading=\"lazy\" title=\"imagiQ3\u2122 Legacy Features\" width=\"400\" height=\"225\" src=\"https:\/\/www.youtube.com\/embed\/q_DUCcXWn7Y?feature=oembed\" frameborder=\"0\" allow=\"accelerometer; autoplay; clipboard-write; encrypted-media; gyroscope; picture-in-picture; web-share\" referrerpolicy=\"strict-origin-when-cross-origin\" allowfullscreen><\/iframe>\t\t\t\t<\/div>\n\t\t\t\t<div class=\"d-md-flex align-items-center mt-2 mt-md-0 pl-0 pl-md-4\">\n\t\t\t\t\t<div class=\"p-md-4\">\n\t\t\t\t\t\t\t\t\t\t\t\t\t<h4 >STILLE imagiQ3 Legacy \u2013 funktioner f\u00f6r kirurgiskt genomlysningsbord <\/h4> \n\t\t\t\t\t\t\t\t\t\t\t\t\t\t\t\t\t\t\t<p >Byggd p\u00e5 decennier av erfarenhet och tusentals imagiQ-enheter installerade v\u00e4rlden \u00f6ver omdefinierar tredje generationen, imagiQ3 Legacy, vad bildkvalitet i toppklass inneb\u00e4r. Genom att integrera den senaste tekniken och samtidigt bevara imagiQ:s v\u00e4lk\u00e4nda h\u00f6ga r\u00f6ntgengenomsl\u00e4pplighet samt den legendariska TrueFreeFloat\u2122, tar den kirurgiska precisionen till n\u00e4sta niv\u00e5.\r\nAlltid steget f\u00f6re t\u00e4njer imagiQ3\u2122 Legacy p\u00e5 gr\u00e4nserna f\u00f6r perfektion och blir d\u00e4rmed ett verkligt m\u00e4sterverk i operationssalar och kateterlabb.\r\nFull\u00e4nda din perfektion med ultimat visualisering och effektivitet i operationssalen med imagiQ3 Legacy!<\/p>\n\t\t\t\t\t\t\t\t\t\t\t<\/div>\n\t\t\t\t<\/div>\n\t\t\t<\/div>\n\t\t<\/div>\n\t\t\t\t<div class=\"col-24\">\n\t\t\t<div class=\"d-md-flex single-listed-item p-4\">\n\t\t\t\t<div class=\"ifram-wrapper\">\n\t\t\t\t<iframe loading=\"lazy\" title=\"The Low-Dose Enabler: imagiQ2 and imagiQ3 Legacy, surgical imaging tables\" width=\"400\" height=\"225\" src=\"https:\/\/www.youtube.com\/embed\/JkqFmvNmScw?feature=oembed\" frameborder=\"0\" allow=\"accelerometer; autoplay; clipboard-write; encrypted-media; gyroscope; picture-in-picture; web-share\" referrerpolicy=\"strict-origin-when-cross-origin\" allowfullscreen><\/iframe>\t\t\t\t<\/div>\n\t\t\t\t<div class=\"d-md-flex align-items-center mt-2 mt-md-0 pl-0 pl-md-4\">\n\t\t\t\t\t<div class=\"p-md-4\">\n\t\t\t\t\t\t\t\t\t\t\t\t\t<h4 >STILLE imagiQ2 och imagiQ3 Legacy kirurgiska genomlysningsbord: M\u00f6jligg\u00f6rare av l\u00e5gdos <\/h4> \n\t\t\t\t\t\t\t\t\t\t\t\t\t\t\t\t\t\t\t<p >De kirurgiska genomlysningsborden imagiQ2 och imagiQ3 Legacy fr\u00e5n STILLE representerar ett viktigt framsteg inom utvecklingen av l\u00e5gdos-teknologi och g\u00f6r operationssalen till en \u00e4nnu s\u00e4krare plats \u2013 b\u00e5de f\u00f6r patienter och f\u00f6r hela det kirurgiska teamet.\r\n\r\nSTILLE imagiQ2 och imagiQ3 Legacy kirurgiska genomlysningsbord reducerar str\u00e5ldosen fr\u00e5n C-arm upp till 20 % j\u00e4mf\u00f6rt med STILLEs f\u00f6rsta generation imagiQ. F\u00f6r att s\u00e4tta detta i perspektiv motsvarar denna reducering den str\u00e5ldos kroppen uts\u00e4tts f\u00f6r vid mer \u00e4n 250 konventionella lungr\u00f6ntgenunders\u00f6kningar.\r\n\r\nDOSSTUDIE\r\n\r\nEn j\u00e4mf\u00f6rande studie har genomf\u00f6rts f\u00f6r att verifiera den nya l\u00e5gdos-bordsskivan imagiQ2 fr\u00e5n STILLE. Studien visade att den nya l\u00f6sningen ger 20 % l\u00e4gre str\u00e5lningsexponering \u00e4n den tidigare modellen, imagiQ.\r\n\r\nAnalysen genomf\u00f6rdes vid Shoreline Surgical Associates Clinic i Middletown, Connecticut, USA \u2013 en klinik som leds av k\u00e4rlkirurgen Dr. Joseph Coatti.\r\n\r\nL\u00e4s dosstudien h\u00e4r:\r\nhttp:\/\/www.stille.se\/imagiq2\/dose_study\/<\/p>\n\t\t\t\t\t\t\t\t\t\t\t<\/div>\n\t\t\t\t<\/div>\n\t\t\t<\/div>\n\t\t<\/div>\n\t\t\t\t<div class=\"col-24\">\n\t\t\t<div class=\"d-md-flex single-listed-item p-4\">\n\t\t\t\t<div class=\"ifram-wrapper\">\n\t\t\t\t<iframe loading=\"lazy\" title=\"Behind Stille, behind imagiQ3 Legacy - Ralph&#039;s story\" width=\"400\" height=\"225\" src=\"https:\/\/www.youtube.com\/embed\/RmndN1ks9hM?feature=oembed\" frameborder=\"0\" allow=\"accelerometer; autoplay; clipboard-write; encrypted-media; gyroscope; picture-in-picture; web-share\" referrerpolicy=\"strict-origin-when-cross-origin\" allowfullscreen><\/iframe>\t\t\t\t<\/div>\n\t\t\t\t<div class=\"d-md-flex align-items-center mt-2 mt-md-0 pl-0 pl-md-4\">\n\t\t\t\t\t<div class=\"p-md-4\">\n\t\t\t\t\t\t\t\t\t\t\t\t\t<h4 >Bakom Stille, bakom imagiQ3 Legacy <\/h4> \n\t\t\t\t\t\t\t\t\t\t\t\t\t\t\t\t\t\t\t<p >Bakom medicintekniska produkter finns patienternas ber\u00e4ttelser.\r\nBakom medicintekniska produkter finns v\u00e5rdgivarnas starka och engagerande ber\u00e4ttelser.\r\nBakom medicintekniska produkter finns de inspirerande ber\u00e4ttelserna om engagerade yrkespersoner.\r\nTeknik och medicintekniska produkter, som #imagiQ3 Legacy, definieras inte enbart av sina specifikationer och funktioner. Det \u00e4r engagemanget hos m\u00e4nniskorna som skapar, utvecklar och f\u00f6rfinar dem som driver deras framg\u00e5ng.\r\nDet handlar om mer \u00e4n bara teknik \u2013 det handlar om att p\u00e5 djupet f\u00f6rst\u00e5 hur produkten anv\u00e4nds i praktiken och att st\u00e4ndigt hitta nya s\u00e4tt att f\u00f6rb\u00e4ttra den.\r\n\u25aa\ufe0f Vad \u00e4r det som verkligen g\u00f6r imagiQ3 Legacy unik?\r\nTeknologin bakom imagiQ3 Legacy f\u00e5r liv genom de passionerade medarbetarna p\u00e5 Stille, som \u00e4r h\u00e4ngivna att driva kirurgisk perfektion fram\u00e5t. Deras engagemang f\u00f6r b\u00e4ttre v\u00e5rd drivs av h\u00e5rt arbete, expertis och en stark innovationskraft.\r\nTa del av videon och f\u00e5 en exklusiv inblick bakom kulisserna tillsammans med v\u00e5r Product Director, Ralph Tamm.\r\nFr\u00e5n konstruktion till design \u2013 ett tydligt bevis p\u00e5 det dedikerade teamet bakom Stille som formar framtidens kirurgiska l\u00f6sningar.<\/p>\n\t\t\t\t\t\t\t\t\t\t\t<\/div>\n\t\t\t\t<\/div>\n\t\t\t<\/div>\n\t\t<\/div>\n\t\t\t\t<div class=\"col-24\">\n\t\t\t<div class=\"d-md-flex single-listed-item p-4\">\n\t\t\t\t<div class=\"ifram-wrapper\">\n\t\t\t\t<iframe loading=\"lazy\" title=\"STILLE Medstone3 CV vascular floating C-arm table\" width=\"400\" height=\"225\" src=\"https:\/\/www.youtube.com\/embed\/Ds1s4Xu5u_E?feature=oembed\" frameborder=\"0\" allow=\"accelerometer; autoplay; clipboard-write; encrypted-media; gyroscope; picture-in-picture; web-share\" referrerpolicy=\"strict-origin-when-cross-origin\" allowfullscreen><\/iframe>\t\t\t\t<\/div>\n\t\t\t\t<div class=\"d-md-flex align-items-center mt-2 mt-md-0 pl-0 pl-md-4\">\n\t\t\t\t\t<div class=\"p-md-4\">\n\t\t\t\t\t\t\t\t\t\t\t\t\t<h4 >STILLE Medstone3 CV vaskul\u00e4rt flytande C-armsbord <\/h4> \n\t\t\t\t\t\t\t\t\t\t\t\t\t\t\t\t\t\t\t<p >STILLE Medstone C-armsbord bidrar till \u00f6kad effektivitet i operationssalen och utg\u00f6r samtidigt en prisv\u00e4rd l\u00f6sning med den kvalitet och tillf\u00f6rlitlighet som k\u00e4nnetecknar svensk teknik.<\/p>\n\t\t\t\t\t\t\t\t\t\t\t<\/div>\n\t\t\t\t<\/div>\n\t\t\t<\/div>\n\t\t<\/div>\n\t\t\t\n<\/div>\n<\/div>","protected":false},"excerpt":{"rendered":"<p>Produktvideos<\/p>\n","protected":false},"author":33,"featured_media":0,"parent":21942,"menu_order":0,"comment_status":"open","ping_status":"closed","template":"","meta":[],"acf":[],"yoast_head":"<!-- This site is optimized with the Yoast SEO plugin v17.9 - https:\/\/yoast.com\/wordpress\/plugins\/seo\/ -->\n<title>Produktvideos - STILLE<\/title>\n<meta name=\"robots\" content=\"index, follow, max-snippet:-1, max-image-preview:large, max-video-preview:-1\" \/>\n<link rel=\"canonical\" href=\"https:\/\/www.stille.se\/se\/om-oss\/media\/videos\/produktvideos\/\" \/>\n<meta property=\"og:locale\" content=\"sv_SE\" \/>\n<meta property=\"og:type\" content=\"article\" \/>\n<meta property=\"og:title\" content=\"Produktvideos - STILLE\" \/>\n<meta property=\"og:description\" content=\"Produktvideos\" \/>\n<meta property=\"og:url\" content=\"https:\/\/www.stille.se\/se\/om-oss\/media\/videos\/produktvideos\/\" \/>\n<meta property=\"og:site_name\" content=\"Stille SE\" \/>\n<meta property=\"article:publisher\" content=\"https:\/\/www.facebook.com\/stilleab\/\" \/>\n<meta property=\"article:modified_time\" content=\"2026-01-15T13:52:18+00:00\" \/>\n<meta property=\"og:image\" content=\"https:\/\/www.stille.se\/se\/wp-content\/uploads\/2019\/12\/stille-logo-800.jpg\" \/>\n\t<meta property=\"og:image:width\" content=\"562\" \/>\n\t<meta property=\"og:image:height\" content=\"314\" \/>\n\t<meta property=\"og:image:type\" content=\"image\/jpeg\" \/>\n<meta name=\"twitter:card\" content=\"summary_large_image\" \/>\n<meta name=\"twitter:label1\" content=\"Ber\u00e4knad l\u00e4stid\" \/>\n\t<meta name=\"twitter:data1\" content=\"1 minut\" \/>\n<script type=\"application\/ld+json\" class=\"yoast-schema-graph\">{\"@context\":\"https:\/\/schema.org\",\"@graph\":[{\"@type\":\"Organization\",\"@id\":\"https:\/\/www.stille.se\/se\/#organization\",\"name\":\"Stille AB\",\"url\":\"https:\/\/www.stille.se\/se\/\",\"sameAs\":[\"https:\/\/www.facebook.com\/stilleab\/\",\"https:\/\/www.linkedin.com\/company\/stille-ab\/\",\"https:\/\/www.youtube.com\/channel\/UCpxmVroiwKKSXWe3ZCOrSqw\"],\"logo\":{\"@type\":\"ImageObject\",\"@id\":\"https:\/\/www.stille.se\/se\/#logo\",\"inLanguage\":\"sv-SE\",\"url\":\"https:\/\/www.stille.se\/se\/wp-content\/uploads\/2019\/12\/stille-logo-800.jpg\",\"contentUrl\":\"https:\/\/www.stille.se\/se\/wp-content\/uploads\/2019\/12\/stille-logo-800.jpg\",\"width\":562,\"height\":314,\"caption\":\"Stille AB\"},\"image\":{\"@id\":\"https:\/\/www.stille.se\/se\/#logo\"}},{\"@type\":\"WebSite\",\"@id\":\"https:\/\/www.stille.se\/se\/#website\",\"url\":\"https:\/\/www.stille.se\/se\/\",\"name\":\"Stille SE\",\"description\":\"\",\"publisher\":{\"@id\":\"https:\/\/www.stille.se\/se\/#organization\"},\"potentialAction\":[{\"@type\":\"SearchAction\",\"target\":{\"@type\":\"EntryPoint\",\"urlTemplate\":\"https:\/\/www.stille.se\/se\/?s={search_term_string}\"},\"query-input\":\"required name=search_term_string\"}],\"inLanguage\":\"sv-SE\"},{\"@type\":\"WebPage\",\"@id\":\"https:\/\/www.stille.se\/se\/om-oss\/media\/videos\/produktvideos\/#webpage\",\"url\":\"https:\/\/www.stille.se\/se\/om-oss\/media\/videos\/produktvideos\/\",\"name\":\"Produktvideos - STILLE\",\"isPartOf\":{\"@id\":\"https:\/\/www.stille.se\/se\/#website\"},\"datePublished\":\"2019-11-30T12:18:37+00:00\",\"dateModified\":\"2026-01-15T13:52:18+00:00\",\"breadcrumb\":{\"@id\":\"https:\/\/www.stille.se\/se\/om-oss\/media\/videos\/produktvideos\/#breadcrumb\"},\"inLanguage\":\"sv-SE\",\"potentialAction\":[{\"@type\":\"ReadAction\",\"target\":[\"https:\/\/www.stille.se\/se\/om-oss\/media\/videos\/produktvideos\/\"]}]},{\"@type\":\"BreadcrumbList\",\"@id\":\"https:\/\/www.stille.se\/se\/om-oss\/media\/videos\/produktvideos\/#breadcrumb\",\"itemListElement\":[{\"@type\":\"ListItem\",\"position\":1,\"name\":\"Hem\",\"item\":\"https:\/\/www.stille.se\/se\/\"},{\"@type\":\"ListItem\",\"position\":2,\"name\":\"Om oss\",\"item\":\"https:\/\/www.stille.se\/se\/om-oss\/\"},{\"@type\":\"ListItem\",\"position\":3,\"name\":\"Media\",\"item\":\"https:\/\/www.stille.se\/se\/om-oss\/media\/\"},{\"@type\":\"ListItem\",\"position\":4,\"name\":\"Videos\",\"item\":\"https:\/\/www.stille.se\/se\/om-oss\/media\/videos\/\"},{\"@type\":\"ListItem\",\"position\":5,\"name\":\"Produktvideos\"}]}]}<\/script>\n<!-- \/ Yoast SEO plugin. -->","yoast_head_json":{"title":"Produktvideos - STILLE","robots":{"index":"index","follow":"follow","max-snippet":"max-snippet:-1","max-image-preview":"max-image-preview:large","max-video-preview":"max-video-preview:-1"},"canonical":"https:\/\/www.stille.se\/se\/om-oss\/media\/videos\/produktvideos\/","og_locale":"sv_SE","og_type":"article","og_title":"Produktvideos - STILLE","og_description":"Produktvideos","og_url":"https:\/\/www.stille.se\/se\/om-oss\/media\/videos\/produktvideos\/","og_site_name":"Stille SE","article_publisher":"https:\/\/www.facebook.com\/stilleab\/","article_modified_time":"2026-01-15T13:52:18+00:00","og_image":[{"width":562,"height":314,"url":"https:\/\/www.stille.se\/se\/wp-content\/uploads\/2019\/12\/stille-logo-800.jpg","type":"image\/jpeg"}],"twitter_card":"summary_large_image","twitter_misc":{"Ber\u00e4knad l\u00e4stid":"1 minut"},"schema":{"@context":"https:\/\/schema.org","@graph":[{"@type":"Organization","@id":"https:\/\/www.stille.se\/se\/#organization","name":"Stille AB","url":"https:\/\/www.stille.se\/se\/","sameAs":["https:\/\/www.facebook.com\/stilleab\/","https:\/\/www.linkedin.com\/company\/stille-ab\/","https:\/\/www.youtube.com\/channel\/UCpxmVroiwKKSXWe3ZCOrSqw"],"logo":{"@type":"ImageObject","@id":"https:\/\/www.stille.se\/se\/#logo","inLanguage":"sv-SE","url":"https:\/\/www.stille.se\/se\/wp-content\/uploads\/2019\/12\/stille-logo-800.jpg","contentUrl":"https:\/\/www.stille.se\/se\/wp-content\/uploads\/2019\/12\/stille-logo-800.jpg","width":562,"height":314,"caption":"Stille AB"},"image":{"@id":"https:\/\/www.stille.se\/se\/#logo"}},{"@type":"WebSite","@id":"https:\/\/www.stille.se\/se\/#website","url":"https:\/\/www.stille.se\/se\/","name":"Stille SE","description":"","publisher":{"@id":"https:\/\/www.stille.se\/se\/#organization"},"potentialAction":[{"@type":"SearchAction","target":{"@type":"EntryPoint","urlTemplate":"https:\/\/www.stille.se\/se\/?s={search_term_string}"},"query-input":"required name=search_term_string"}],"inLanguage":"sv-SE"},{"@type":"WebPage","@id":"https:\/\/www.stille.se\/se\/om-oss\/media\/videos\/produktvideos\/#webpage","url":"https:\/\/www.stille.se\/se\/om-oss\/media\/videos\/produktvideos\/","name":"Produktvideos - STILLE","isPartOf":{"@id":"https:\/\/www.stille.se\/se\/#website"},"datePublished":"2019-11-30T12:18:37+00:00","dateModified":"2026-01-15T13:52:18+00:00","breadcrumb":{"@id":"https:\/\/www.stille.se\/se\/om-oss\/media\/videos\/produktvideos\/#breadcrumb"},"inLanguage":"sv-SE","potentialAction":[{"@type":"ReadAction","target":["https:\/\/www.stille.se\/se\/om-oss\/media\/videos\/produktvideos\/"]}]},{"@type":"BreadcrumbList","@id":"https:\/\/www.stille.se\/se\/om-oss\/media\/videos\/produktvideos\/#breadcrumb","itemListElement":[{"@type":"ListItem","position":1,"name":"Hem","item":"https:\/\/www.stille.se\/se\/"},{"@type":"ListItem","position":2,"name":"Om oss","item":"https:\/\/www.stille.se\/se\/om-oss\/"},{"@type":"ListItem","position":3,"name":"Media","item":"https:\/\/www.stille.se\/se\/om-oss\/media\/"},{"@type":"ListItem","position":4,"name":"Videos","item":"https:\/\/www.stille.se\/se\/om-oss\/media\/videos\/"},{"@type":"ListItem","position":5,"name":"Produktvideos"}]}]}},"_links":{"self":[{"href":"https:\/\/www.stille.se\/se\/wp-json\/wp\/v2\/pages\/21945"}],"collection":[{"href":"https:\/\/www.stille.se\/se\/wp-json\/wp\/v2\/pages"}],"about":[{"href":"https:\/\/www.stille.se\/se\/wp-json\/wp\/v2\/types\/page"}],"author":[{"embeddable":true,"href":"https:\/\/www.stille.se\/se\/wp-json\/wp\/v2\/users\/33"}],"replies":[{"embeddable":true,"href":"https:\/\/www.stille.se\/se\/wp-json\/wp\/v2\/comments?post=21945"}],"version-history":[{"count":34,"href":"https:\/\/www.stille.se\/se\/wp-json\/wp\/v2\/pages\/21945\/revisions"}],"predecessor-version":[{"id":48319,"href":"https:\/\/www.stille.se\/se\/wp-json\/wp\/v2\/pages\/21945\/revisions\/48319"}],"up":[{"embeddable":true,"href":"https:\/\/www.stille.se\/se\/wp-json\/wp\/v2\/pages\/21942"}],"wp:attachment":[{"href":"https:\/\/www.stille.se\/se\/wp-json\/wp\/v2\/media?parent=21945"}],"curies":[{"name":"wp","href":"https:\/\/api.w.org\/{rel}","templated":true}]}}