{"id":21951,"date":"2019-11-30T15:11:56","date_gmt":"2019-11-30T14:11:56","guid":{"rendered":"https:\/\/www.stille.se\/?page_id=17886"},"modified":"2026-02-06T15:24:50","modified_gmt":"2026-02-06T14:24:50","slug":"instrument-broschyrer","status":"publish","type":"page","link":"https:\/\/www.stille.se\/se\/om-oss\/media\/broschyrer\/instrument-broschyrer\/","title":{"rendered":"Instrument-broschyrer"},"content":{"rendered":"<h1>Instrument-broschyrer<\/h1>\n\n<div class=\"admin-preview\"><div class=\"row block block-documents-listing block--full\">\n\t\t\t<div class=\"col-24\">\n\t\t\t<div class=\"d-md-flex single-listed-item p-4\">\n\t\t\t\t<div class=\"image-wrapper-documents\">\n\t\t\t\t\t<img src=\"https:\/\/www.stille.se\/se\/wp-content\/uploads\/2025\/04\/stille-instruments-catalogue-cover-180x180.jpg\" alt=\"\">\n\t\t\t\t<\/div>\n\t\t\t\t<div class=\"listed_documents_content d-md-flex align-items-center\">\n\t\t\t\t\t<div class=\"p-md-4\">\n\t\t\t\t\t\t\t\t\t\t\t\t\t<h4 >STILLE kirurgisk instrumentkatalog <\/h4>\n\t\t\t\t\t\t\t\t\t\t\t\t\t\t\t\t\t\t\t<p >Hitta dina kirurgiska instrumentbehov i STILLEs katalog.<\/p>\n\t\t\t\t\t\t\t\t\t\t\t\t\t\t\t\t\t\t\t\t<a class=\"see-more-btn\" href=\"https:\/\/www.stille.se\/se\/wp-content\/uploads\/2024\/02\/stille-instruments-catalogue.pdf\">Flerspr\u00e5kig  <\/a>\n\t\t\t\t\t\t\t\t\t\t\t\t\t<\/div>\n\t\t\t\t<\/div>\n\t\t\t<\/div>\n\t\t<\/div>\n\t\t\t\t<div class=\"col-24\">\n\t\t\t<div class=\"d-md-flex single-listed-item p-4\">\n\t\t\t\t<div class=\"image-wrapper-documents\">\n\t\t\t\t\t<img src=\"https:\/\/www.stille.se\/se\/wp-content\/uploads\/2025\/06\/950-g100-0004-se-02-arskoder-omslag-180x180.jpg\" alt=\"\">\n\t\t\t\t<\/div>\n\t\t\t\t<div class=\"listed_documents_content d-md-flex align-items-center\">\n\t\t\t\t\t<div class=\"p-md-4\">\n\t\t\t\t\t\t\t\t\t\t\t\t\t<h4 >STILLE instrument \u00e5rskoder <\/h4>\n\t\t\t\t\t\t\t\t\t\t\t\t\t\t\t\t\t\t\t<p >Alla STILLE instrument \u00e4r m\u00e4rkta med en kod f\u00f6r tillverknings\u00e5r. H\u00e4r hittar du koderna f\u00f6r respektive \u00e5r i en tabell.<\/p>\n\t\t\t\t\t\t\t\t\t\t\t\t\t\t\t\t\t\t\t\t<a class=\"see-more-btn\" href=\"https:\/\/www.stille.se\/se\/wp-content\/uploads\/2025\/06\/950-g100-0004-se-02-arskoder-2025.pdf\">Svenska  <\/a>\n\t\t\t\t\t\t\t\t\t\t\t\t\t<\/div>\n\t\t\t\t<\/div>\n\t\t\t<\/div>\n\t\t<\/div>\n\t\t\t\t<div class=\"col-24\">\n\t\t\t<div class=\"d-md-flex single-listed-item p-4\">\n\t\t\t\t<div class=\"image-wrapper-documents\">\n\t\t\t\t\t<img src=\"https:\/\/www.stille.se\/se\/wp-content\/uploads\/2026\/01\/stille_selected_models-180x180.png\" alt=\"\">\n\t\t\t\t<\/div>\n\t\t\t\t<div class=\"listed_documents_content d-md-flex align-items-center\">\n\t\t\t\t\t<div class=\"p-md-4\">\n\t\t\t\t\t\t\t\t\t\t\t\t\t<h4 >STILLE utvalda instrument <\/h4>\n\t\t\t\t\t\t\t\t\t\t\t\t\t\t\t\t\t\t\t<p >H\u00e4r visas de mest popul\u00e4ra och v\u00e4lk\u00e4nda instrumenten fr\u00e5n STILLE.<\/p>\n\t\t\t\t\t\t\t\t\t\t\t\t\t\t\t\t\t\t\t\t<a class=\"see-more-btn\" href=\"https:\/\/www.stille.se\/se\/wp-content\/uploads\/2019\/11\/stille_instruments_selected_models.pdf\">Engelska  <\/a>\n\t\t\t\t\t\t\t\t\t\t\t\t\t<\/div>\n\t\t\t\t<\/div>\n\t\t\t<\/div>\n\t\t<\/div>\n\t\t\t\t<div class=\"col-24\">\n\t\t\t<div class=\"d-md-flex single-listed-item p-4\">\n\t\t\t\t<div class=\"image-wrapper-documents\">\n\t\t\t\t\t<img src=\"https:\/\/www.stille.se\/se\/wp-content\/uploads\/2019\/12\/150x200_thumb_know_how_service-150x180.jpg\" alt=\"\">\n\t\t\t\t<\/div>\n\t\t\t\t<div class=\"listed_documents_content d-md-flex align-items-center\">\n\t\t\t\t\t<div class=\"p-md-4\">\n\t\t\t\t\t\t\t\t\t\t\t\t\t<h4 >STILLE Know\u00a0How \u2013 Service <\/h4>\n\t\t\t\t\t\t\t\t\t\t\t\t\t\t\t\t\t\t\t<p >L\u00e4s mer om STILLEs unika serviceerbjudande.<\/p>\n\t\t\t\t\t\t\t\t\t\t\t\t\t\t\t\t\t\t\t\t<a class=\"see-more-btn\" href=\"https:\/\/www.stille.se\/se\/wp-content\/uploads\/2019\/11\/stille_knowhow_service.pdf\">Engelska  <\/a>\n\t\t\t\t\t\t\t\t\t\t\t\t\t<\/div>\n\t\t\t\t<\/div>\n\t\t\t<\/div>\n\t\t<\/div>\n\t\t\t\t<div class=\"col-24\">\n\t\t\t<div class=\"d-md-flex single-listed-item p-4\">\n\t\t\t\t<div class=\"image-wrapper-documents\">\n\t\t\t\t\t<img src=\"https:\/\/www.stille.se\/se\/wp-content\/uploads\/2019\/12\/150x200_thumb_know_how_audit-150x180.jpg\" alt=\"\">\n\t\t\t\t<\/div>\n\t\t\t\t<div class=\"listed_documents_content d-md-flex align-items-center\">\n\t\t\t\t\t<div class=\"p-md-4\">\n\t\t\t\t\t\t\t\t\t\t\t\t\t<h4 >STILLE Know How &#8211; Audit <\/h4>\n\t\t\t\t\t\t\t\t\t\t\t\t\t\t\t\t\t\t\t<p >L\u00e5t v\u00e5ra duktiga instrumentmakare kontrollera statusen p\u00e5 era instrument.<\/p>\n\t\t\t\t\t\t\t\t\t\t\t\t\t\t\t\t\t\t\t\t<a class=\"see-more-btn\" href=\"https:\/\/www.stille.se\/se\/wp-content\/uploads\/2019\/11\/stille_knowhow_audit.pdf\">Engelska  <\/a>\n\t\t\t\t\t\t\t\t\t\t\t\t\t<\/div>\n\t\t\t\t<\/div>\n\t\t\t<\/div>\n\t\t<\/div>\n\t\t\t\t<div class=\"col-24\">\n\t\t\t<div class=\"d-md-flex single-listed-item p-4\">\n\t\t\t\t<div class=\"image-wrapper-documents\">\n\t\t\t\t\t<img src=\"https:\/\/www.stille.se\/se\/wp-content\/uploads\/2019\/12\/150x200_thumb_know_how_education-150x180.jpg\" alt=\"\">\n\t\t\t\t<\/div>\n\t\t\t\t<div class=\"listed_documents_content d-md-flex align-items-center\">\n\t\t\t\t\t<div class=\"p-md-4\">\n\t\t\t\t\t\t\t\t\t\t\t\t\t<h4 >STILLE Know How &#8211; Education <\/h4>\n\t\t\t\t\t\t\t\t\t\t\t\t\t\t\t\t\t\t\t<p >Ta del av v\u00e5ra popul\u00e4ra kurser och utbildningar.<\/p>\n\t\t\t\t\t\t\t\t\t\t\t\t\t\t\t\t\t\t\t\t<a class=\"see-more-btn\" href=\"https:\/\/www.stille.se\/se\/wp-content\/uploads\/2019\/11\/stille_knowhow_education.pdf\">Engelska  <\/a>\n\t\t\t\t\t\t\t\t\t\t\t\t\t<\/div>\n\t\t\t\t<\/div>\n\t\t\t<\/div>\n\t\t<\/div>\n\t\t\t\t<div class=\"col-24\">\n\t\t\t<div class=\"d-md-flex single-listed-item p-4\">\n\t\t\t\t<div class=\"image-wrapper-documents\">\n\t\t\t\t\t<img src=\"https:\/\/www.stille.se\/se\/wp-content\/uploads\/2024\/02\/stille_diamond_frontpage-180x180.png\" alt=\"\">\n\t\t\t\t<\/div>\n\t\t\t\t<div class=\"listed_documents_content d-md-flex align-items-center\">\n\t\t\t\t\t<div class=\"p-md-4\">\n\t\t\t\t\t\t\t\t\t\t\t\t\t<h4 >STILLE Diamond SuperCut saxar <\/h4>\n\t\t\t\t\t\t\t\t\t\t\t\t\t\t\t\t\t\t\t<p >Diamond SuperCut saxarna \u00e4r handgjorda f\u00f6r perfektion. Saxarna \u00e4r helt belagda med ett tunt diamant-liknande ytskikt som \u00f6vertr\u00e4ffar allt du tidigare har pr\u00f6vat.<\/p>\n\t\t\t\t\t\t\t\t\t\t\t\t\t\t\t\t\t\t\t\t<a class=\"see-more-btn\" href=\"https:\/\/www.stille.se\/se\/wp-content\/uploads\/2024\/02\/stille-diamond-supercut-scissors.pdf\">Engelska  <\/a>\n\t\t\t\t\t\t\t\t\t\t\t\t\t<\/div>\n\t\t\t\t<\/div>\n\t\t\t<\/div>\n\t\t<\/div>\n\t\t\t\t<div class=\"col-24\">\n\t\t\t<div class=\"d-md-flex single-listed-item p-4\">\n\t\t\t\t<div class=\"image-wrapper-documents\">\n\t\t\t\t\t<img src=\"https:\/\/www.stille.se\/se\/wp-content\/uploads\/2024\/02\/stille-ergonomic-frontpage-180x180.png\" alt=\"\">\n\t\t\t\t<\/div>\n\t\t\t\t<div class=\"listed_documents_content d-md-flex align-items-center\">\n\t\t\t\t\t<div class=\"p-md-4\">\n\t\t\t\t\t\t\t\t\t\t\t\t\t<h4 >STILLE Ergonomic SuperCut saxar <\/h4>\n\t\t\t\t\t\t\t\t\t\t\t\t\t\t\t\t\t\t\t<p >V\u00e5ra SuperCut saxar med ergonomisk design vidh\u00e5ller din prestation under tidskr\u00e4vande procedurer utan att kompromissa precisionen. <\/p>\n\t\t\t\t\t\t\t\t\t\t\t\t\t\t\t\t\t\t\t\t<a class=\"see-more-btn\" href=\"https:\/\/www.stille.se\/se\/wp-content\/uploads\/2024\/02\/stille-ergonomic-supercut-scissors.pdf\">Engelska  <\/a>\n\t\t\t\t\t\t\t\t\t\t\t\t\t<\/div>\n\t\t\t\t<\/div>\n\t\t\t<\/div>\n\t\t<\/div>\n\t\t\t\t<div class=\"col-24\">\n\t\t\t<div class=\"d-md-flex single-listed-item p-4\">\n\t\t\t\t<div class=\"image-wrapper-documents\">\n\t\t\t\t\t<img src=\"https:\/\/www.stille.se\/se\/wp-content\/uploads\/2019\/12\/150x200_thumb_supercutxe-150x180.jpg\" alt=\"\">\n\t\t\t\t<\/div>\n\t\t\t\t<div class=\"listed_documents_content d-md-flex align-items-center\">\n\t\t\t\t\t<div class=\"p-md-4\">\n\t\t\t\t\t\t\t\t\t\t\t\t\t<h4 >STILLE SuperCut <\/h4>\n\t\t\t\t\t\t\t\t\t\t\t\t\t\t\t\t\t\t\t<p >Ta en titt p\u00e5 STILLEs ber\u00f6mda original SuperCut saxar, handgjorda i Eskilstuna av v\u00e5ra skickliga instrumentmakare.<\/p>\n\t\t\t\t\t\t\t\t\t\t\t\t\t\t\t\t\t\t\t\t<a class=\"see-more-btn\" href=\"https:\/\/www.stille.se\/se\/wp-content\/uploads\/2019\/11\/stille_supercutxe.pdf\">Engelska  <\/a>\n\t\t\t\t\t\t\t\t\t\t\t\t\t<\/div>\n\t\t\t\t<\/div>\n\t\t\t<\/div>\n\t\t<\/div>\n\t\t\t\t<div class=\"col-24\">\n\t\t\t<div class=\"d-md-flex single-listed-item p-4\">\n\t\t\t\t<div class=\"image-wrapper-documents\">\n\t\t\t\t\t<img src=\"https:\/\/www.stille.se\/se\/wp-content\/uploads\/2026\/01\/stille_popular_models_forceps-scaled-180x180.jpg\" alt=\"\">\n\t\t\t\t<\/div>\n\t\t\t\t<div class=\"listed_documents_content d-md-flex align-items-center\">\n\t\t\t\t\t<div class=\"p-md-4\">\n\t\t\t\t\t\t\t\t\t\t\t\t\t<h4 >STILLE popul\u00e4ra modeller: pincetter <\/h4>\n\t\t\t\t\t\t\t\t\t\t\t\t\t\t\t\t\t\t\t<p >Som en f\u00f6rl\u00e4ngning av kirurgens tumme och pekfinger, m\u00e5ste pincetten greppa och sl\u00e4ppa med samma k\u00e4nslighet som ett par fingertoppar. H\u00e4r visas n\u00e5gra av v\u00e5ra mest popul\u00e4ra pincetter.<\/p>\n\t\t\t\t\t\t\t\t\t\t\t\t\t\t\t\t\t\t\t\t<a class=\"see-more-btn\" href=\"https:\/\/www.stille.se\/se\/wp-content\/uploads\/2024\/02\/stille-popular-models-forceps.pdf\">Engelska  <\/a>\n\t\t\t\t\t\t\t\t\t\t\t\t\t<\/div>\n\t\t\t\t<\/div>\n\t\t\t<\/div>\n\t\t<\/div>\n\t\t\t\t<div class=\"col-24\">\n\t\t\t<div class=\"d-md-flex single-listed-item p-4\">\n\t\t\t\t<div class=\"image-wrapper-documents\">\n\t\t\t\t\t<img src=\"https:\/\/www.stille.se\/se\/wp-content\/uploads\/2026\/01\/stille_needle_holders_coverimage-scaled-180x180.jpg\" alt=\"\">\n\t\t\t\t<\/div>\n\t\t\t\t<div class=\"listed_documents_content d-md-flex align-items-center\">\n\t\t\t\t\t<div class=\"p-md-4\">\n\t\t\t\t\t\t\t\t\t\t\t\t\t<h4 >STILLE popul\u00e4ra modeller: n\u00e5lf\u00f6rare <\/h4>\n\t\t\t\t\t\t\t\t\t\t\t\t\t\t\t\t\t\t\t<p >Ett perfekt resultat vid suturering kr\u00e4ver ett p\u00e5litligt och h\u00e5llbart instrument. STILLEs n\u00e5lf\u00f6rare k\u00e4nns l\u00e4tt igen p\u00e5 den gracila och rundade designen, som hj\u00e4lper kirurgen att h\u00e5lla n\u00e5len i ett s\u00e4kert grepp.<\/p>\n\t\t\t\t\t\t\t\t\t\t\t\t\t\t\t\t\t\t\t\t<a class=\"see-more-btn\" href=\"https:\/\/www.stille.se\/se\/wp-content\/uploads\/2024\/02\/stille-popular-models-needleholders.pdf\">Engelska  <\/a>\n\t\t\t\t\t\t\t\t\t\t\t\t\t<\/div>\n\t\t\t\t<\/div>\n\t\t\t<\/div>\n\t\t<\/div>\n\t\t\t\t<div class=\"col-24\">\n\t\t\t<div class=\"d-md-flex single-listed-item p-4\">\n\t\t\t\t<div class=\"image-wrapper-documents\">\n\t\t\t\t\t<img src=\"https:\/\/www.stille.se\/se\/wp-content\/uploads\/2019\/12\/150x200_thumb_scissors_plastic-150x180.jpg\" alt=\"\">\n\t\t\t\t<\/div>\n\t\t\t\t<div class=\"listed_documents_content d-md-flex align-items-center\">\n\t\t\t\t\t<div class=\"p-md-4\">\n\t\t\t\t\t\t\t\t\t\t\t\t\t<h4 >STILLE saxar f\u00f6r plastikkirurgi <\/h4>\n\t\t\t\t\t\t\t\t\t\t\t\t\t\t\t\t\t\t\t<p >H\u00e4r presenteras n\u00e5gra av v\u00e5ra mest popul\u00e4ra saxar f\u00f6r plastikkirurgi.<\/p>\n\t\t\t\t\t\t\t\t\t\t\t\t\t\t\t\t\t\t\t\t<a class=\"see-more-btn\" href=\"https:\/\/www.stille.se\/se\/wp-content\/uploads\/2019\/11\/950-101-00004-en-01-stille-scissors.pdf\">Engelska  <\/a>\n\t\t\t\t\t\t\t\t\t\t\t\t\t<\/div>\n\t\t\t\t<\/div>\n\t\t\t<\/div>\n\t\t<\/div>\n\t\t\t\t<div class=\"col-24\">\n\t\t\t<div class=\"d-md-flex single-listed-item p-4\">\n\t\t\t\t<div class=\"image-wrapper-documents\">\n\t\t\t\t\t<img src=\"https:\/\/www.stille.se\/se\/wp-content\/uploads\/2026\/01\/stille-needleholder-size-chart-scaled-180x180.jpg\" alt=\"\">\n\t\t\t\t<\/div>\n\t\t\t\t<div class=\"listed_documents_content d-md-flex align-items-center\">\n\t\t\t\t\t<div class=\"p-md-4\">\n\t\t\t\t\t\t\t\t\t\t\t\t\t<h4 >N\u00e5lf\u00f6rare i relation till suturstorlek <\/h4>\n\t\t\t\t\t\t\t\t\t\t\t\t\t\t\t\t\t\t\t<p >Det \u00e4r viktigt att anv\u00e4nda r\u00e4tt n\u00e5lf\u00f6rare till suturn\u00e5len. H\u00e4r \u00e4r en tabell som visar l\u00e4mplig n\u00e5lf\u00f6rare f\u00f6r dina behov.<\/p>\n\t\t\t\t\t\t\t\t\t\t\t\t\t\t\t\t\t\t\t\t<a class=\"see-more-btn\" href=\"https:\/\/www.stille.se\/se\/wp-content\/uploads\/2019\/11\/needleholders_size_chart.pdf\">Engelska  <\/a>\n\t\t\t\t\t\t\t\t\t\t\t\t\t<\/div>\n\t\t\t\t<\/div>\n\t\t\t<\/div>\n\t\t<\/div>\n\t\t\t\t<div class=\"col-24\">\n\t\t\t<div class=\"d-md-flex single-listed-item p-4\">\n\t\t\t\t<div class=\"image-wrapper-documents\">\n\t\t\t\t\t<img src=\"https:\/\/www.stille.se\/se\/wp-content\/uploads\/2019\/12\/150x200_thumb_frimand_duogrip-150x180.jpg\" alt=\"\">\n\t\t\t\t<\/div>\n\t\t\t\t<div class=\"listed_documents_content d-md-flex align-items-center\">\n\t\t\t\t\t<div class=\"p-md-4\">\n\t\t\t\t\t\t\t\t\t\t\t\t\t<h4 >STILLE-Frimand DUO-GRIP n\u00e5lf\u00f6rare <\/h4>\n\t\t\t\t\t\t\t\t\t\t\t\t\t\t\t\t\t\t\t<p >Denna innovativa n\u00e5lf\u00f6rare minskar sutureringstiden och v\u00e4vnadsp\u00e5verkan samtidigt som den ger f\u00f6rb\u00e4ttrad ergonomi f\u00f6r kirurgen.<\/p>\n\t\t\t\t\t\t\t\t\t\t\t\t\t\t\t\t\t\t\t\t<a class=\"see-more-btn\" href=\"https:\/\/www.stille.se\/se\/wp-content\/uploads\/2019\/11\/stille-frimand-duo-grip_eng.pdf\">Engelska  <\/a>\n\t\t\t\t\t\t\t\t\t\t\t\t\t<\/div>\n\t\t\t\t<\/div>\n\t\t\t<\/div>\n\t\t<\/div>\n\t\t\t\t<div class=\"col-24\">\n\t\t\t<div class=\"d-md-flex single-listed-item p-4\">\n\t\t\t\t<div class=\"image-wrapper-documents\">\n\t\t\t\t\t<img src=\"https:\/\/www.stille.se\/se\/wp-content\/uploads\/2026\/01\/stille_microinstruments_frontpage-180x180.png\" alt=\"\">\n\t\t\t\t<\/div>\n\t\t\t\t<div class=\"listed_documents_content d-md-flex align-items-center\">\n\t\t\t\t\t<div class=\"p-md-4\">\n\t\t\t\t\t\t\t\t\t\t\t\t\t<h4 >STILLE mikroinstrument <\/h4>\n\t\t\t\t\t\t\t\t\t\t\t\t\t\t\t\t\t\t\t<p >Sortimentet med STILLE mikroinstrument inneh\u00e5ller ett brett utbud av rostfria och titan-instrument. Instrumenten ger kirurgen den fingertoppsk\u00e4nsla, perfekta balans och p\u00e5litlighet som kr\u00e4vs under l\u00e5nga och kr\u00e4vande ingrepp.<\/p>\n\t\t\t\t\t\t\t\t\t\t\t\t\t\t\t\t\t\t\t\t<a class=\"see-more-btn\" href=\"https:\/\/www.stille.se\/se\/wp-content\/uploads\/2019\/11\/stille_micro_instruments.pdf\">Engelska  <\/a>\n\t\t\t\t\t\t\t\t\t\t\t\t\t<\/div>\n\t\t\t\t<\/div>\n\t\t\t<\/div>\n\t\t<\/div>\n\t\t\n<\/div>\n<\/div>","protected":false},"excerpt":{"rendered":"<p>Instrument-broschyrer<\/p>\n","protected":false},"author":33,"featured_media":0,"parent":3282,"menu_order":3,"comment_status":"open","ping_status":"closed","template":"","meta":[],"acf":[],"yoast_head":"<!-- This site is optimized with the Yoast SEO plugin v17.9 - https:\/\/yoast.com\/wordpress\/plugins\/seo\/ -->\n<title>Instrument-broschyrer - STILLE<\/title>\n<meta name=\"robots\" content=\"index, follow, max-snippet:-1, max-image-preview:large, max-video-preview:-1\" \/>\n<link rel=\"canonical\" href=\"https:\/\/www.stille.se\/se\/om-oss\/media\/broschyrer\/instrument-broschyrer\/\" \/>\n<meta property=\"og:locale\" content=\"sv_SE\" \/>\n<meta property=\"og:type\" content=\"article\" \/>\n<meta property=\"og:title\" content=\"Instrument-broschyrer - STILLE\" \/>\n<meta property=\"og:description\" content=\"Instrument-broschyrer\" \/>\n<meta property=\"og:url\" content=\"https:\/\/www.stille.se\/se\/om-oss\/media\/broschyrer\/instrument-broschyrer\/\" \/>\n<meta property=\"og:site_name\" content=\"Stille SE\" \/>\n<meta property=\"article:publisher\" content=\"https:\/\/www.facebook.com\/stilleab\/\" \/>\n<meta property=\"article:modified_time\" content=\"2026-02-06T14:24:50+00:00\" \/>\n<meta property=\"og:image\" content=\"https:\/\/www.stille.se\/se\/wp-content\/uploads\/2019\/12\/stille-logo-800.jpg\" \/>\n\t<meta property=\"og:image:width\" content=\"562\" \/>\n\t<meta property=\"og:image:height\" content=\"314\" \/>\n\t<meta property=\"og:image:type\" content=\"image\/jpeg\" \/>\n<meta name=\"twitter:card\" content=\"summary_large_image\" \/>\n<meta name=\"twitter:label1\" content=\"Ber\u00e4knad l\u00e4stid\" \/>\n\t<meta name=\"twitter:data1\" content=\"1 minut\" \/>\n<script type=\"application\/ld+json\" class=\"yoast-schema-graph\">{\"@context\":\"https:\/\/schema.org\",\"@graph\":[{\"@type\":\"Organization\",\"@id\":\"https:\/\/www.stille.se\/se\/#organization\",\"name\":\"Stille AB\",\"url\":\"https:\/\/www.stille.se\/se\/\",\"sameAs\":[\"https:\/\/www.facebook.com\/stilleab\/\",\"https:\/\/www.linkedin.com\/company\/stille-ab\/\",\"https:\/\/www.youtube.com\/channel\/UCpxmVroiwKKSXWe3ZCOrSqw\"],\"logo\":{\"@type\":\"ImageObject\",\"@id\":\"https:\/\/www.stille.se\/se\/#logo\",\"inLanguage\":\"sv-SE\",\"url\":\"https:\/\/www.stille.se\/se\/wp-content\/uploads\/2019\/12\/stille-logo-800.jpg\",\"contentUrl\":\"https:\/\/www.stille.se\/se\/wp-content\/uploads\/2019\/12\/stille-logo-800.jpg\",\"width\":562,\"height\":314,\"caption\":\"Stille AB\"},\"image\":{\"@id\":\"https:\/\/www.stille.se\/se\/#logo\"}},{\"@type\":\"WebSite\",\"@id\":\"https:\/\/www.stille.se\/se\/#website\",\"url\":\"https:\/\/www.stille.se\/se\/\",\"name\":\"Stille SE\",\"description\":\"\",\"publisher\":{\"@id\":\"https:\/\/www.stille.se\/se\/#organization\"},\"potentialAction\":[{\"@type\":\"SearchAction\",\"target\":{\"@type\":\"EntryPoint\",\"urlTemplate\":\"https:\/\/www.stille.se\/se\/?s={search_term_string}\"},\"query-input\":\"required name=search_term_string\"}],\"inLanguage\":\"sv-SE\"},{\"@type\":\"WebPage\",\"@id\":\"https:\/\/www.stille.se\/se\/om-oss\/media\/broschyrer\/instrument-broschyrer\/#webpage\",\"url\":\"https:\/\/www.stille.se\/se\/om-oss\/media\/broschyrer\/instrument-broschyrer\/\",\"name\":\"Instrument-broschyrer - STILLE\",\"isPartOf\":{\"@id\":\"https:\/\/www.stille.se\/se\/#website\"},\"datePublished\":\"2019-11-30T14:11:56+00:00\",\"dateModified\":\"2026-02-06T14:24:50+00:00\",\"breadcrumb\":{\"@id\":\"https:\/\/www.stille.se\/se\/om-oss\/media\/broschyrer\/instrument-broschyrer\/#breadcrumb\"},\"inLanguage\":\"sv-SE\",\"potentialAction\":[{\"@type\":\"ReadAction\",\"target\":[\"https:\/\/www.stille.se\/se\/om-oss\/media\/broschyrer\/instrument-broschyrer\/\"]}]},{\"@type\":\"BreadcrumbList\",\"@id\":\"https:\/\/www.stille.se\/se\/om-oss\/media\/broschyrer\/instrument-broschyrer\/#breadcrumb\",\"itemListElement\":[{\"@type\":\"ListItem\",\"position\":1,\"name\":\"Hem\",\"item\":\"https:\/\/www.stille.se\/se\/\"},{\"@type\":\"ListItem\",\"position\":2,\"name\":\"Om oss\",\"item\":\"https:\/\/www.stille.se\/se\/om-oss\/\"},{\"@type\":\"ListItem\",\"position\":3,\"name\":\"Media\",\"item\":\"https:\/\/www.stille.se\/se\/om-oss\/media\/\"},{\"@type\":\"ListItem\",\"position\":4,\"name\":\"Broschyrer och Kataloger\",\"item\":\"https:\/\/www.stille.se\/se\/om-oss\/media\/broschyrer\/\"},{\"@type\":\"ListItem\",\"position\":5,\"name\":\"Instrument-broschyrer\"}]}]}<\/script>\n<!-- \/ Yoast SEO plugin. -->","yoast_head_json":{"title":"Instrument-broschyrer - STILLE","robots":{"index":"index","follow":"follow","max-snippet":"max-snippet:-1","max-image-preview":"max-image-preview:large","max-video-preview":"max-video-preview:-1"},"canonical":"https:\/\/www.stille.se\/se\/om-oss\/media\/broschyrer\/instrument-broschyrer\/","og_locale":"sv_SE","og_type":"article","og_title":"Instrument-broschyrer - STILLE","og_description":"Instrument-broschyrer","og_url":"https:\/\/www.stille.se\/se\/om-oss\/media\/broschyrer\/instrument-broschyrer\/","og_site_name":"Stille SE","article_publisher":"https:\/\/www.facebook.com\/stilleab\/","article_modified_time":"2026-02-06T14:24:50+00:00","og_image":[{"width":562,"height":314,"url":"https:\/\/www.stille.se\/se\/wp-content\/uploads\/2019\/12\/stille-logo-800.jpg","type":"image\/jpeg"}],"twitter_card":"summary_large_image","twitter_misc":{"Ber\u00e4knad l\u00e4stid":"1 minut"},"schema":{"@context":"https:\/\/schema.org","@graph":[{"@type":"Organization","@id":"https:\/\/www.stille.se\/se\/#organization","name":"Stille AB","url":"https:\/\/www.stille.se\/se\/","sameAs":["https:\/\/www.facebook.com\/stilleab\/","https:\/\/www.linkedin.com\/company\/stille-ab\/","https:\/\/www.youtube.com\/channel\/UCpxmVroiwKKSXWe3ZCOrSqw"],"logo":{"@type":"ImageObject","@id":"https:\/\/www.stille.se\/se\/#logo","inLanguage":"sv-SE","url":"https:\/\/www.stille.se\/se\/wp-content\/uploads\/2019\/12\/stille-logo-800.jpg","contentUrl":"https:\/\/www.stille.se\/se\/wp-content\/uploads\/2019\/12\/stille-logo-800.jpg","width":562,"height":314,"caption":"Stille AB"},"image":{"@id":"https:\/\/www.stille.se\/se\/#logo"}},{"@type":"WebSite","@id":"https:\/\/www.stille.se\/se\/#website","url":"https:\/\/www.stille.se\/se\/","name":"Stille SE","description":"","publisher":{"@id":"https:\/\/www.stille.se\/se\/#organization"},"potentialAction":[{"@type":"SearchAction","target":{"@type":"EntryPoint","urlTemplate":"https:\/\/www.stille.se\/se\/?s={search_term_string}"},"query-input":"required name=search_term_string"}],"inLanguage":"sv-SE"},{"@type":"WebPage","@id":"https:\/\/www.stille.se\/se\/om-oss\/media\/broschyrer\/instrument-broschyrer\/#webpage","url":"https:\/\/www.stille.se\/se\/om-oss\/media\/broschyrer\/instrument-broschyrer\/","name":"Instrument-broschyrer - STILLE","isPartOf":{"@id":"https:\/\/www.stille.se\/se\/#website"},"datePublished":"2019-11-30T14:11:56+00:00","dateModified":"2026-02-06T14:24:50+00:00","breadcrumb":{"@id":"https:\/\/www.stille.se\/se\/om-oss\/media\/broschyrer\/instrument-broschyrer\/#breadcrumb"},"inLanguage":"sv-SE","potentialAction":[{"@type":"ReadAction","target":["https:\/\/www.stille.se\/se\/om-oss\/media\/broschyrer\/instrument-broschyrer\/"]}]},{"@type":"BreadcrumbList","@id":"https:\/\/www.stille.se\/se\/om-oss\/media\/broschyrer\/instrument-broschyrer\/#breadcrumb","itemListElement":[{"@type":"ListItem","position":1,"name":"Hem","item":"https:\/\/www.stille.se\/se\/"},{"@type":"ListItem","position":2,"name":"Om oss","item":"https:\/\/www.stille.se\/se\/om-oss\/"},{"@type":"ListItem","position":3,"name":"Media","item":"https:\/\/www.stille.se\/se\/om-oss\/media\/"},{"@type":"ListItem","position":4,"name":"Broschyrer och Kataloger","item":"https:\/\/www.stille.se\/se\/om-oss\/media\/broschyrer\/"},{"@type":"ListItem","position":5,"name":"Instrument-broschyrer"}]}]}},"_links":{"self":[{"href":"https:\/\/www.stille.se\/se\/wp-json\/wp\/v2\/pages\/21951"}],"collection":[{"href":"https:\/\/www.stille.se\/se\/wp-json\/wp\/v2\/pages"}],"about":[{"href":"https:\/\/www.stille.se\/se\/wp-json\/wp\/v2\/types\/page"}],"author":[{"embeddable":true,"href":"https:\/\/www.stille.se\/se\/wp-json\/wp\/v2\/users\/33"}],"replies":[{"embeddable":true,"href":"https:\/\/www.stille.se\/se\/wp-json\/wp\/v2\/comments?post=21951"}],"version-history":[{"count":41,"href":"https:\/\/www.stille.se\/se\/wp-json\/wp\/v2\/pages\/21951\/revisions"}],"predecessor-version":[{"id":48423,"href":"https:\/\/www.stille.se\/se\/wp-json\/wp\/v2\/pages\/21951\/revisions\/48423"}],"up":[{"embeddable":true,"href":"https:\/\/www.stille.se\/se\/wp-json\/wp\/v2\/pages\/3282"}],"wp:attachment":[{"href":"https:\/\/www.stille.se\/se\/wp-json\/wp\/v2\/media?parent=21951"}],"curies":[{"name":"wp","href":"https:\/\/api.w.org\/{rel}","templated":true}]}}