{"id":22407,"date":"2019-12-16T11:54:30","date_gmt":"2019-12-16T11:54:30","guid":{"rendered":"https:\/\/www.stille.se\/se\/?page_id=22407"},"modified":"2026-01-29T14:48:47","modified_gmt":"2026-01-29T13:48:47","slug":"support","status":"publish","type":"page","link":"https:\/\/www.stille.se\/se\/support\/","title":{"rendered":"Support"},"content":{"rendered":"<h1>Support<\/h1>\n<p>Det \u00e4r v\u00e5r h\u00f6gsta prioritet att erbjuda dig b\u00e4sta m\u00f6jliga support och se till att se till att du f\u00e5r s\u00e5 mycket nytta som m\u00f6jligt av dina STILLE-produkter. Nedan hittar du snabbl\u00e4nkar till de mest anv\u00e4nda supportfunktionerna.<\/p>\n<p>Tveka inte att kontakta v\u00e5r kundtj\u00e4nst om du har n\u00e5gra fr\u00e5gor, vi ser framemot att hj\u00e4lpa dig ytterligare.<\/p>\n\n\n<div style=\"height:53px\" aria-hidden=\"true\" class=\"wp-block-spacer\"><\/div>\n\n\n\n<div class=\"wp-container-4 wp-block-columns has-3-columns\">\n<div class=\"wp-container-1 wp-block-column\">\n<h4>Registrera bord<\/h4>\n\n\n\n<p>Registrera ditt nya STILLE operationsbord h\u00e4r.<\/p>\n\n\n\n<p><a class=\"myt-btn myt-btn--primary\" href=\"https:\/\/www.stille.se\/se\/registrera-produkt\/\">Registrera bord<\/a><\/p>\n<\/div>\n\n\n\n<div class=\"wp-container-2 wp-block-column\">\n<h4>Anm\u00e4l service<\/h4>\n\n\n\n<p>Anm\u00e4l underh\u00e5ll, service<br>eller reparation h\u00e4r.<\/p>\n\n\n\n<p><a class=\"myt-btn myt-btn--primary\" href=\"https:\/\/www.stille.se\/RegisterService\/\">Anm\u00e4l service<\/a><\/p>\n<\/div>\n\n\n\n<div class=\"wp-container-3 wp-block-column\">\n<h4>Felanm\u00e4lan<\/h4>\n\n\n\n<p>Anm\u00e4l ett problem<br>med ditt bord.<\/p>\n\n\n\n<p><a class=\"myt-btn myt-btn--primary\" href=\"https:\/\/www.stille.se\/se\/felanmalan\/\">Felanm\u00e4lan<\/a><\/p>\n<\/div>\n<\/div>\n\n\n\n<div style=\"height:53px\" aria-hidden=\"true\" class=\"wp-block-spacer\"><\/div>\n\n\n\n<div class=\"wp-container-6 wp-block-columns has-3-columns\">\n<div class=\"wp-container-5 wp-block-column\">\n<h4>F\u00e5 tillg\u00e5ng till v\u00e5rt Learning Space<\/h4>\n\n\n\n<p>Se produktvideor, tekniska manualer och<br>utbildning samt l\u00e4r dig mer om STILLE-bord.<\/p>\n\n\n\n<p style=\"text-align: left\"><a class=\"myt-btn myt-btn--primary\" href=\"https:\/\/stille.spce.com\/s\/marketing\" target=\"_blank\" rel=\"noopener\">Bes\u00f6k det publika Learning Space<\/a><\/p>\n\n\n\n<p style=\"text-align: left\"><a class=\"myt-btn myt-btn--secondary\" href=\"https:\/\/www.stille.se\/my-account\/request-a-dedicated-learning-space\/\">Beg\u00e4r \u00e5tkomst till tekniska resurser<\/a><\/p>\n<\/div>\n<\/div>\n","protected":false},"excerpt":{"rendered":"<p>Support Det \u00e4r v\u00e5r h\u00f6gsta prioritet att erbjuda dig b\u00e4sta m\u00f6jliga support och se till att se till att du f\u00e5r s\u00e5 mycket nytta som m\u00f6jligt av dina STILLE-produkter. Nedan hittar du snabbl\u00e4nkar till de mest anv\u00e4nda supportfunktionerna. Tveka inte att kontakta v\u00e5r kundtj\u00e4nst om du har n\u00e5gra fr\u00e5gor, vi ser framemot att hj\u00e4lpa dig&#8230;<\/p>\n","protected":false},"author":33,"featured_media":0,"parent":0,"menu_order":15,"comment_status":"closed","ping_status":"closed","template":"center-page.php","meta":[],"acf":[],"yoast_head":"<!-- This site is optimized with the Yoast SEO plugin v17.9 - https:\/\/yoast.com\/wordpress\/plugins\/seo\/ -->\n<title>Support - STILLE<\/title>\n<meta name=\"robots\" content=\"index, follow, max-snippet:-1, max-image-preview:large, max-video-preview:-1\" \/>\n<link rel=\"canonical\" href=\"https:\/\/www.stille.se\/se\/support\/\" \/>\n<meta property=\"og:locale\" content=\"sv_SE\" \/>\n<meta property=\"og:type\" content=\"article\" \/>\n<meta property=\"og:title\" content=\"Support - STILLE\" \/>\n<meta property=\"og:description\" content=\"Support Det \u00e4r v\u00e5r h\u00f6gsta prioritet att erbjuda dig b\u00e4sta m\u00f6jliga support och se till att se till att du f\u00e5r s\u00e5 mycket nytta som m\u00f6jligt av dina STILLE-produkter. Nedan hittar du snabbl\u00e4nkar till de mest anv\u00e4nda supportfunktionerna. Tveka inte att kontakta v\u00e5r kundtj\u00e4nst om du har n\u00e5gra fr\u00e5gor, vi ser framemot att hj\u00e4lpa dig...\" \/>\n<meta property=\"og:url\" content=\"https:\/\/www.stille.se\/se\/support\/\" \/>\n<meta property=\"og:site_name\" content=\"Stille SE\" \/>\n<meta property=\"article:publisher\" content=\"https:\/\/www.facebook.com\/stilleab\/\" \/>\n<meta property=\"article:modified_time\" content=\"2026-01-29T13:48:47+00:00\" \/>\n<meta property=\"og:image\" content=\"https:\/\/www.stille.se\/se\/wp-content\/uploads\/2019\/12\/stille-logo-800.jpg\" \/>\n\t<meta property=\"og:image:width\" content=\"562\" \/>\n\t<meta property=\"og:image:height\" content=\"314\" \/>\n\t<meta property=\"og:image:type\" content=\"image\/jpeg\" \/>\n<meta name=\"twitter:card\" content=\"summary_large_image\" \/>\n<meta name=\"twitter:label1\" content=\"Ber\u00e4knad l\u00e4stid\" \/>\n\t<meta name=\"twitter:data1\" content=\"1 minut\" \/>\n<script type=\"application\/ld+json\" class=\"yoast-schema-graph\">{\"@context\":\"https:\/\/schema.org\",\"@graph\":[{\"@type\":\"Organization\",\"@id\":\"https:\/\/www.stille.se\/se\/#organization\",\"name\":\"Stille AB\",\"url\":\"https:\/\/www.stille.se\/se\/\",\"sameAs\":[\"https:\/\/www.facebook.com\/stilleab\/\",\"https:\/\/www.linkedin.com\/company\/stille-ab\/\",\"https:\/\/www.youtube.com\/channel\/UCpxmVroiwKKSXWe3ZCOrSqw\"],\"logo\":{\"@type\":\"ImageObject\",\"@id\":\"https:\/\/www.stille.se\/se\/#logo\",\"inLanguage\":\"sv-SE\",\"url\":\"https:\/\/www.stille.se\/se\/wp-content\/uploads\/2019\/12\/stille-logo-800.jpg\",\"contentUrl\":\"https:\/\/www.stille.se\/se\/wp-content\/uploads\/2019\/12\/stille-logo-800.jpg\",\"width\":562,\"height\":314,\"caption\":\"Stille AB\"},\"image\":{\"@id\":\"https:\/\/www.stille.se\/se\/#logo\"}},{\"@type\":\"WebSite\",\"@id\":\"https:\/\/www.stille.se\/se\/#website\",\"url\":\"https:\/\/www.stille.se\/se\/\",\"name\":\"Stille SE\",\"description\":\"\",\"publisher\":{\"@id\":\"https:\/\/www.stille.se\/se\/#organization\"},\"potentialAction\":[{\"@type\":\"SearchAction\",\"target\":{\"@type\":\"EntryPoint\",\"urlTemplate\":\"https:\/\/www.stille.se\/se\/?s={search_term_string}\"},\"query-input\":\"required name=search_term_string\"}],\"inLanguage\":\"sv-SE\"},{\"@type\":\"WebPage\",\"@id\":\"https:\/\/www.stille.se\/se\/support\/#webpage\",\"url\":\"https:\/\/www.stille.se\/se\/support\/\",\"name\":\"Support - STILLE\",\"isPartOf\":{\"@id\":\"https:\/\/www.stille.se\/se\/#website\"},\"datePublished\":\"2019-12-16T11:54:30+00:00\",\"dateModified\":\"2026-01-29T13:48:47+00:00\",\"breadcrumb\":{\"@id\":\"https:\/\/www.stille.se\/se\/support\/#breadcrumb\"},\"inLanguage\":\"sv-SE\",\"potentialAction\":[{\"@type\":\"ReadAction\",\"target\":[\"https:\/\/www.stille.se\/se\/support\/\"]}]},{\"@type\":\"BreadcrumbList\",\"@id\":\"https:\/\/www.stille.se\/se\/support\/#breadcrumb\",\"itemListElement\":[{\"@type\":\"ListItem\",\"position\":1,\"name\":\"Hem\",\"item\":\"https:\/\/www.stille.se\/se\/\"},{\"@type\":\"ListItem\",\"position\":2,\"name\":\"Support\"}]}]}<\/script>\n<!-- \/ Yoast SEO plugin. -->","yoast_head_json":{"title":"Support - STILLE","robots":{"index":"index","follow":"follow","max-snippet":"max-snippet:-1","max-image-preview":"max-image-preview:large","max-video-preview":"max-video-preview:-1"},"canonical":"https:\/\/www.stille.se\/se\/support\/","og_locale":"sv_SE","og_type":"article","og_title":"Support - STILLE","og_description":"Support Det \u00e4r v\u00e5r h\u00f6gsta prioritet att erbjuda dig b\u00e4sta m\u00f6jliga support och se till att se till att du f\u00e5r s\u00e5 mycket nytta som m\u00f6jligt av dina STILLE-produkter. Nedan hittar du snabbl\u00e4nkar till de mest anv\u00e4nda supportfunktionerna. Tveka inte att kontakta v\u00e5r kundtj\u00e4nst om du har n\u00e5gra fr\u00e5gor, vi ser framemot att hj\u00e4lpa dig...","og_url":"https:\/\/www.stille.se\/se\/support\/","og_site_name":"Stille SE","article_publisher":"https:\/\/www.facebook.com\/stilleab\/","article_modified_time":"2026-01-29T13:48:47+00:00","og_image":[{"width":562,"height":314,"url":"https:\/\/www.stille.se\/se\/wp-content\/uploads\/2019\/12\/stille-logo-800.jpg","type":"image\/jpeg"}],"twitter_card":"summary_large_image","twitter_misc":{"Ber\u00e4knad l\u00e4stid":"1 minut"},"schema":{"@context":"https:\/\/schema.org","@graph":[{"@type":"Organization","@id":"https:\/\/www.stille.se\/se\/#organization","name":"Stille AB","url":"https:\/\/www.stille.se\/se\/","sameAs":["https:\/\/www.facebook.com\/stilleab\/","https:\/\/www.linkedin.com\/company\/stille-ab\/","https:\/\/www.youtube.com\/channel\/UCpxmVroiwKKSXWe3ZCOrSqw"],"logo":{"@type":"ImageObject","@id":"https:\/\/www.stille.se\/se\/#logo","inLanguage":"sv-SE","url":"https:\/\/www.stille.se\/se\/wp-content\/uploads\/2019\/12\/stille-logo-800.jpg","contentUrl":"https:\/\/www.stille.se\/se\/wp-content\/uploads\/2019\/12\/stille-logo-800.jpg","width":562,"height":314,"caption":"Stille AB"},"image":{"@id":"https:\/\/www.stille.se\/se\/#logo"}},{"@type":"WebSite","@id":"https:\/\/www.stille.se\/se\/#website","url":"https:\/\/www.stille.se\/se\/","name":"Stille SE","description":"","publisher":{"@id":"https:\/\/www.stille.se\/se\/#organization"},"potentialAction":[{"@type":"SearchAction","target":{"@type":"EntryPoint","urlTemplate":"https:\/\/www.stille.se\/se\/?s={search_term_string}"},"query-input":"required name=search_term_string"}],"inLanguage":"sv-SE"},{"@type":"WebPage","@id":"https:\/\/www.stille.se\/se\/support\/#webpage","url":"https:\/\/www.stille.se\/se\/support\/","name":"Support - STILLE","isPartOf":{"@id":"https:\/\/www.stille.se\/se\/#website"},"datePublished":"2019-12-16T11:54:30+00:00","dateModified":"2026-01-29T13:48:47+00:00","breadcrumb":{"@id":"https:\/\/www.stille.se\/se\/support\/#breadcrumb"},"inLanguage":"sv-SE","potentialAction":[{"@type":"ReadAction","target":["https:\/\/www.stille.se\/se\/support\/"]}]},{"@type":"BreadcrumbList","@id":"https:\/\/www.stille.se\/se\/support\/#breadcrumb","itemListElement":[{"@type":"ListItem","position":1,"name":"Hem","item":"https:\/\/www.stille.se\/se\/"},{"@type":"ListItem","position":2,"name":"Support"}]}]}},"_links":{"self":[{"href":"https:\/\/www.stille.se\/se\/wp-json\/wp\/v2\/pages\/22407"}],"collection":[{"href":"https:\/\/www.stille.se\/se\/wp-json\/wp\/v2\/pages"}],"about":[{"href":"https:\/\/www.stille.se\/se\/wp-json\/wp\/v2\/types\/page"}],"author":[{"embeddable":true,"href":"https:\/\/www.stille.se\/se\/wp-json\/wp\/v2\/users\/33"}],"replies":[{"embeddable":true,"href":"https:\/\/www.stille.se\/se\/wp-json\/wp\/v2\/comments?post=22407"}],"version-history":[{"count":11,"href":"https:\/\/www.stille.se\/se\/wp-json\/wp\/v2\/pages\/22407\/revisions"}],"predecessor-version":[{"id":48412,"href":"https:\/\/www.stille.se\/se\/wp-json\/wp\/v2\/pages\/22407\/revisions\/48412"}],"wp:attachment":[{"href":"https:\/\/www.stille.se\/se\/wp-json\/wp\/v2\/media?parent=22407"}],"curies":[{"name":"wp","href":"https:\/\/api.w.org\/{rel}","templated":true}]}}