{"id":3279,"date":"2019-11-21T15:51:33","date_gmt":"2019-11-21T15:51:33","guid":{"rendered":"https:\/\/www.stille.se\/media\/"},"modified":"2025-01-12T23:25:13","modified_gmt":"2025-01-12T22:25:13","slug":"media","status":"publish","type":"page","link":"https:\/\/www.stille.se\/se\/om-oss\/media\/","title":{"rendered":"Media"},"content":{"rendered":"<h1>Media<\/h1>\n<p>H\u00e4r hittar du alla v\u00e5ra broschyrer och filmer som beskriver v\u00e5ra produkter, men ocks\u00e5 dokumentation och studier som r\u00f6r v\u00e5ra produkter och deras anv\u00e4ndning.<\/p>\n\n\n<div class=\"wp-container-3 wp-block-columns has-2-columns\">\n<div class=\"wp-container-1 wp-block-column\">\n<h4>Broschyrer och Kataloger<\/h4>\n\n\n\n<p>H\u00e4r hittar du alla v\u00e5ra broschyrer, produktblad och produktkataloger. N\u00e5gra av dem \u00e4r tillg\u00e4ngliga p\u00e5 flera olika spr\u00e5k.<\/p>\n\n\n\n<p><a class=\"myt-btn myt-btn--primary\" href=\"https:\/\/www.stille.se\/se\/om-oss\/media\/broschyrer\/\">Broschyrer och Kataloger<\/a><\/p>\n<\/div>\n\n\n\n<div class=\"wp-container-2 wp-block-column\">\n<h4>Videos<\/h4>\n\n\n\n<p>H\u00e4r har vi samlat filmer som beskriver v\u00e5ra produkter och deras funktioner. H\u00e4r finns ocks\u00e5 instruktionsfilmer att anv\u00e4nda i utbildningssyfte.<\/p>\n\n\n\n<p><a class=\"myt-btn myt-btn--primary\" href=\"https:\/\/www.stille.se\/se\/om-oss\/media\/videos\/\">Videos<\/a><\/p>\n<\/div>\n<\/div>\n\n\n\n<div class=\"wp-container-6 wp-block-columns has-2-columns\">\n<div class=\"wp-container-4 wp-block-column\">\n<h4>Studier<\/h4>\n\n\n\n<p>H\u00e4r hittar du dokumentation och rapporter fr\u00e5n olika studier som ber\u00f6r Stilles produkter, antingen specifikt eller generellt.<\/p>\n\n\n\n<p><a class=\"myt-btn myt-btn--primary\" href=\"https:\/\/www.stille.se\/se\/om-oss\/media\/studier\/\">Studier<\/a><\/p>\n<\/div>\n\n\n\n<div class=\"wp-container-5 wp-block-column\">\n<h4>Dokument<\/h4>\n\n\n\n<p> H\u00e4r hittar du manualer, teknisk dokumentation, certifikat, godk\u00e4nnanden och olika formul\u00e4r, samt v\u00e5ra allm\u00e4nna villkor.<\/p>\n\n\n\n<p><a class=\"myt-btn myt-btn--primary\" href=\"https:\/\/www.stille.se\/se\/om-oss\/media\/dokument\/\">Dokument<\/a><\/p>\n<\/div>\n<\/div>\n\n\n\n<p><\/p>\n","protected":false},"excerpt":{"rendered":"<p>Media H\u00e4r hittar du alla v\u00e5ra broschyrer och filmer som beskriver v\u00e5ra produkter, men ocks\u00e5 dokumentation och studier som r\u00f6r v\u00e5ra produkter och deras anv\u00e4ndning. Broschyrer och Kataloger H\u00e4r hittar du alla v\u00e5ra broschyrer, produktblad och produktkataloger. N\u00e5gra av dem \u00e4r tillg\u00e4ngliga p\u00e5 flera olika spr\u00e5k. Broschyrer och Kataloger Videos H\u00e4r har vi samlat filmer&#8230;<\/p>\n","protected":false},"author":33,"featured_media":0,"parent":1203,"menu_order":30,"comment_status":"open","ping_status":"closed","template":"","meta":[],"acf":[],"yoast_head":"<!-- This site is optimized with the Yoast SEO plugin v17.9 - https:\/\/yoast.com\/wordpress\/plugins\/seo\/ -->\n<title>Media - STILLE<\/title>\n<meta name=\"robots\" content=\"index, follow, max-snippet:-1, max-image-preview:large, max-video-preview:-1\" \/>\n<link rel=\"canonical\" href=\"https:\/\/www.stille.se\/se\/om-oss\/media\/\" \/>\n<meta property=\"og:locale\" content=\"sv_SE\" \/>\n<meta property=\"og:type\" content=\"article\" \/>\n<meta property=\"og:title\" content=\"Media - STILLE\" \/>\n<meta property=\"og:description\" content=\"Media H\u00e4r hittar du alla v\u00e5ra broschyrer och filmer som beskriver v\u00e5ra produkter, men ocks\u00e5 dokumentation och studier som r\u00f6r v\u00e5ra produkter och deras anv\u00e4ndning. Broschyrer och Kataloger H\u00e4r hittar du alla v\u00e5ra broschyrer, produktblad och produktkataloger. N\u00e5gra av dem \u00e4r tillg\u00e4ngliga p\u00e5 flera olika spr\u00e5k. Broschyrer och Kataloger Videos H\u00e4r har vi samlat filmer...\" \/>\n<meta property=\"og:url\" content=\"https:\/\/www.stille.se\/se\/om-oss\/media\/\" \/>\n<meta property=\"og:site_name\" content=\"Stille SE\" \/>\n<meta property=\"article:publisher\" content=\"https:\/\/www.facebook.com\/stilleab\/\" \/>\n<meta property=\"article:modified_time\" content=\"2025-01-12T22:25:13+00:00\" \/>\n<meta property=\"og:image\" content=\"https:\/\/www.stille.se\/se\/wp-content\/uploads\/2019\/12\/stille-logo-800.jpg\" \/>\n\t<meta property=\"og:image:width\" content=\"562\" \/>\n\t<meta property=\"og:image:height\" content=\"314\" \/>\n\t<meta property=\"og:image:type\" content=\"image\/jpeg\" \/>\n<meta name=\"twitter:card\" content=\"summary_large_image\" \/>\n<meta name=\"twitter:label1\" content=\"Ber\u00e4knad l\u00e4stid\" \/>\n\t<meta name=\"twitter:data1\" content=\"1 minut\" \/>\n<script type=\"application\/ld+json\" class=\"yoast-schema-graph\">{\"@context\":\"https:\/\/schema.org\",\"@graph\":[{\"@type\":\"Organization\",\"@id\":\"https:\/\/www.stille.se\/se\/#organization\",\"name\":\"Stille AB\",\"url\":\"https:\/\/www.stille.se\/se\/\",\"sameAs\":[\"https:\/\/www.facebook.com\/stilleab\/\",\"https:\/\/www.linkedin.com\/company\/stille-ab\/\",\"https:\/\/www.youtube.com\/channel\/UCpxmVroiwKKSXWe3ZCOrSqw\"],\"logo\":{\"@type\":\"ImageObject\",\"@id\":\"https:\/\/www.stille.se\/se\/#logo\",\"inLanguage\":\"sv-SE\",\"url\":\"https:\/\/www.stille.se\/se\/wp-content\/uploads\/2019\/12\/stille-logo-800.jpg\",\"contentUrl\":\"https:\/\/www.stille.se\/se\/wp-content\/uploads\/2019\/12\/stille-logo-800.jpg\",\"width\":562,\"height\":314,\"caption\":\"Stille AB\"},\"image\":{\"@id\":\"https:\/\/www.stille.se\/se\/#logo\"}},{\"@type\":\"WebSite\",\"@id\":\"https:\/\/www.stille.se\/se\/#website\",\"url\":\"https:\/\/www.stille.se\/se\/\",\"name\":\"Stille SE\",\"description\":\"\",\"publisher\":{\"@id\":\"https:\/\/www.stille.se\/se\/#organization\"},\"potentialAction\":[{\"@type\":\"SearchAction\",\"target\":{\"@type\":\"EntryPoint\",\"urlTemplate\":\"https:\/\/www.stille.se\/se\/?s={search_term_string}\"},\"query-input\":\"required name=search_term_string\"}],\"inLanguage\":\"sv-SE\"},{\"@type\":\"WebPage\",\"@id\":\"https:\/\/www.stille.se\/se\/om-oss\/media\/#webpage\",\"url\":\"https:\/\/www.stille.se\/se\/om-oss\/media\/\",\"name\":\"Media - STILLE\",\"isPartOf\":{\"@id\":\"https:\/\/www.stille.se\/se\/#website\"},\"datePublished\":\"2019-11-21T15:51:33+00:00\",\"dateModified\":\"2025-01-12T22:25:13+00:00\",\"breadcrumb\":{\"@id\":\"https:\/\/www.stille.se\/se\/om-oss\/media\/#breadcrumb\"},\"inLanguage\":\"sv-SE\",\"potentialAction\":[{\"@type\":\"ReadAction\",\"target\":[\"https:\/\/www.stille.se\/se\/om-oss\/media\/\"]}]},{\"@type\":\"BreadcrumbList\",\"@id\":\"https:\/\/www.stille.se\/se\/om-oss\/media\/#breadcrumb\",\"itemListElement\":[{\"@type\":\"ListItem\",\"position\":1,\"name\":\"Hem\",\"item\":\"https:\/\/www.stille.se\/se\/\"},{\"@type\":\"ListItem\",\"position\":2,\"name\":\"Om oss\",\"item\":\"https:\/\/www.stille.se\/se\/om-oss\/\"},{\"@type\":\"ListItem\",\"position\":3,\"name\":\"Media\"}]}]}<\/script>\n<!-- \/ Yoast SEO plugin. -->","yoast_head_json":{"title":"Media - STILLE","robots":{"index":"index","follow":"follow","max-snippet":"max-snippet:-1","max-image-preview":"max-image-preview:large","max-video-preview":"max-video-preview:-1"},"canonical":"https:\/\/www.stille.se\/se\/om-oss\/media\/","og_locale":"sv_SE","og_type":"article","og_title":"Media - STILLE","og_description":"Media H\u00e4r hittar du alla v\u00e5ra broschyrer och filmer som beskriver v\u00e5ra produkter, men ocks\u00e5 dokumentation och studier som r\u00f6r v\u00e5ra produkter och deras anv\u00e4ndning. Broschyrer och Kataloger H\u00e4r hittar du alla v\u00e5ra broschyrer, produktblad och produktkataloger. N\u00e5gra av dem \u00e4r tillg\u00e4ngliga p\u00e5 flera olika spr\u00e5k. Broschyrer och Kataloger Videos H\u00e4r har vi samlat filmer...","og_url":"https:\/\/www.stille.se\/se\/om-oss\/media\/","og_site_name":"Stille SE","article_publisher":"https:\/\/www.facebook.com\/stilleab\/","article_modified_time":"2025-01-12T22:25:13+00:00","og_image":[{"width":562,"height":314,"url":"https:\/\/www.stille.se\/se\/wp-content\/uploads\/2019\/12\/stille-logo-800.jpg","type":"image\/jpeg"}],"twitter_card":"summary_large_image","twitter_misc":{"Ber\u00e4knad l\u00e4stid":"1 minut"},"schema":{"@context":"https:\/\/schema.org","@graph":[{"@type":"Organization","@id":"https:\/\/www.stille.se\/se\/#organization","name":"Stille AB","url":"https:\/\/www.stille.se\/se\/","sameAs":["https:\/\/www.facebook.com\/stilleab\/","https:\/\/www.linkedin.com\/company\/stille-ab\/","https:\/\/www.youtube.com\/channel\/UCpxmVroiwKKSXWe3ZCOrSqw"],"logo":{"@type":"ImageObject","@id":"https:\/\/www.stille.se\/se\/#logo","inLanguage":"sv-SE","url":"https:\/\/www.stille.se\/se\/wp-content\/uploads\/2019\/12\/stille-logo-800.jpg","contentUrl":"https:\/\/www.stille.se\/se\/wp-content\/uploads\/2019\/12\/stille-logo-800.jpg","width":562,"height":314,"caption":"Stille AB"},"image":{"@id":"https:\/\/www.stille.se\/se\/#logo"}},{"@type":"WebSite","@id":"https:\/\/www.stille.se\/se\/#website","url":"https:\/\/www.stille.se\/se\/","name":"Stille SE","description":"","publisher":{"@id":"https:\/\/www.stille.se\/se\/#organization"},"potentialAction":[{"@type":"SearchAction","target":{"@type":"EntryPoint","urlTemplate":"https:\/\/www.stille.se\/se\/?s={search_term_string}"},"query-input":"required name=search_term_string"}],"inLanguage":"sv-SE"},{"@type":"WebPage","@id":"https:\/\/www.stille.se\/se\/om-oss\/media\/#webpage","url":"https:\/\/www.stille.se\/se\/om-oss\/media\/","name":"Media - STILLE","isPartOf":{"@id":"https:\/\/www.stille.se\/se\/#website"},"datePublished":"2019-11-21T15:51:33+00:00","dateModified":"2025-01-12T22:25:13+00:00","breadcrumb":{"@id":"https:\/\/www.stille.se\/se\/om-oss\/media\/#breadcrumb"},"inLanguage":"sv-SE","potentialAction":[{"@type":"ReadAction","target":["https:\/\/www.stille.se\/se\/om-oss\/media\/"]}]},{"@type":"BreadcrumbList","@id":"https:\/\/www.stille.se\/se\/om-oss\/media\/#breadcrumb","itemListElement":[{"@type":"ListItem","position":1,"name":"Hem","item":"https:\/\/www.stille.se\/se\/"},{"@type":"ListItem","position":2,"name":"Om oss","item":"https:\/\/www.stille.se\/se\/om-oss\/"},{"@type":"ListItem","position":3,"name":"Media"}]}]}},"_links":{"self":[{"href":"https:\/\/www.stille.se\/se\/wp-json\/wp\/v2\/pages\/3279"}],"collection":[{"href":"https:\/\/www.stille.se\/se\/wp-json\/wp\/v2\/pages"}],"about":[{"href":"https:\/\/www.stille.se\/se\/wp-json\/wp\/v2\/types\/page"}],"author":[{"embeddable":true,"href":"https:\/\/www.stille.se\/se\/wp-json\/wp\/v2\/users\/33"}],"replies":[{"embeddable":true,"href":"https:\/\/www.stille.se\/se\/wp-json\/wp\/v2\/comments?post=3279"}],"version-history":[{"count":10,"href":"https:\/\/www.stille.se\/se\/wp-json\/wp\/v2\/pages\/3279\/revisions"}],"predecessor-version":[{"id":47949,"href":"https:\/\/www.stille.se\/se\/wp-json\/wp\/v2\/pages\/3279\/revisions\/47949"}],"up":[{"embeddable":true,"href":"https:\/\/www.stille.se\/se\/wp-json\/wp\/v2\/pages\/1203"}],"wp:attachment":[{"href":"https:\/\/www.stille.se\/se\/wp-json\/wp\/v2\/media?parent=3279"}],"curies":[{"name":"wp","href":"https:\/\/api.w.org\/{rel}","templated":true}]}}