{"id":3282,"date":"2019-11-21T15:51:35","date_gmt":"2019-11-21T15:51:35","guid":{"rendered":"https:\/\/www.stille.se\/media\/brochures\/"},"modified":"2026-01-15T11:38:15","modified_gmt":"2026-01-15T10:38:15","slug":"broschyrer","status":"publish","type":"page","link":"https:\/\/www.stille.se\/se\/om-oss\/media\/broschyrer\/","title":{"rendered":"Broschyrer och Kataloger"},"content":{"rendered":"<h1>Broschyrer och Kataloger<\/h1>\n<p>H\u00e4r hittar du alla v\u00e5ra broschyrer, produktblad och produktkataloger. N\u00e5gra av dem \u00e4r tillg\u00e4ngliga p\u00e5 flera olika spr\u00e5k.<\/p>\n\n\n<div class=\"wp-container-3 wp-block-columns has-3-columns\">\n<div class=\"wp-container-1 wp-block-column\">\n<h4>Instrument-broschyrer<\/h4>\n\n\n\n<p>Produktkatalog, broschyrer, datablad mm.<\/p>\n\n\n\n<p><a class=\"myt-btn myt-btn--primary\" href=\"https:\/\/www.stille.se\/se\/om-oss\/media\/broschyrer\/instrument-broschyrer\/\" target=\"_blank\" rel=\"noopener\">Instrument-broschyrer<\/a><\/p>\n<\/div>\n\n\n\n<div class=\"wp-container-2 wp-block-column\">\n<h4>imagiQ3 Legacy-broschyrer<\/h4>\n\n\n\n<p>Broschyr, tillbeh\u00f6rslista och produktnyheter.<\/p>\n\n\n\n<p><a class=\"myt-btn myt-btn--primary\" href=\"https:\/\/www.stille.se\/se\/om-oss\/media\/broschyrer\/imagiq3-legacy-broschyrer\/\" target=\"_blank\" rel=\"noopener\">imagiQ3 Legacy-broschyrer<\/a><\/p>\n<\/div>\n<\/div>\n\n\n\n<div class=\"wp-container-6 wp-block-columns\">\n<div class=\"wp-container-4 wp-block-column\">\n<h4>Medstone-broschyrer<\/h4>\n\n\n\n<p>Broschyrer f\u00f6r olika kirigiska discipliner.<\/p>\n\n\n\n<p><a class=\"myt-btn myt-btn--primary\" href=\"https:\/\/www.stille.se\/se\/om-oss\/media\/broschyrer\/medstonebroschyrer\/\" target=\"_blank\" rel=\"noopener\">Medstone-broschyrer<\/a><\/p>\n<\/div>\n\n\n\n<div class=\"wp-container-5 wp-block-column\"><\/div>\n<\/div>\n\n\n\n<p><\/p>\n","protected":false},"excerpt":{"rendered":"<p>Broschyrer och Kataloger H\u00e4r hittar du alla v\u00e5ra broschyrer, produktblad och produktkataloger. N\u00e5gra av dem \u00e4r tillg\u00e4ngliga p\u00e5 flera olika spr\u00e5k. Instrument-broschyrer Produktkatalog, broschyrer, datablad mm. Instrument-broschyrer imagiQ3 Legacy-broschyrer Broschyr, tillbeh\u00f6rslista och produktnyheter. imagiQ3 Legacy-broschyrer Medstone-broschyrer Broschyrer f\u00f6r olika kirigiska discipliner. Medstone-broschyrer<\/p>\n","protected":false},"author":33,"featured_media":0,"parent":3279,"menu_order":0,"comment_status":"open","ping_status":"closed","template":"","meta":[],"acf":[],"yoast_head":"<!-- This site is optimized with the Yoast SEO plugin v17.9 - https:\/\/yoast.com\/wordpress\/plugins\/seo\/ -->\n<title>Broschyrer och Kataloger - STILLE<\/title>\n<meta name=\"robots\" content=\"index, follow, max-snippet:-1, max-image-preview:large, max-video-preview:-1\" \/>\n<link rel=\"canonical\" href=\"https:\/\/www.stille.se\/se\/om-oss\/media\/broschyrer\/\" \/>\n<meta property=\"og:locale\" content=\"sv_SE\" \/>\n<meta property=\"og:type\" content=\"article\" \/>\n<meta property=\"og:title\" content=\"Broschyrer och Kataloger - STILLE\" \/>\n<meta property=\"og:description\" content=\"Broschyrer och Kataloger H\u00e4r hittar du alla v\u00e5ra broschyrer, produktblad och produktkataloger. N\u00e5gra av dem \u00e4r tillg\u00e4ngliga p\u00e5 flera olika spr\u00e5k. Instrument-broschyrer Produktkatalog, broschyrer, datablad mm. Instrument-broschyrer imagiQ3 Legacy-broschyrer Broschyr, tillbeh\u00f6rslista och produktnyheter. imagiQ3 Legacy-broschyrer Medstone-broschyrer Broschyrer f\u00f6r olika kirigiska discipliner. Medstone-broschyrer\" \/>\n<meta property=\"og:url\" content=\"https:\/\/www.stille.se\/se\/om-oss\/media\/broschyrer\/\" \/>\n<meta property=\"og:site_name\" content=\"Stille SE\" \/>\n<meta property=\"article:publisher\" content=\"https:\/\/www.facebook.com\/stilleab\/\" \/>\n<meta property=\"article:modified_time\" content=\"2026-01-15T10:38:15+00:00\" \/>\n<meta property=\"og:image\" content=\"https:\/\/www.stille.se\/se\/wp-content\/uploads\/2019\/12\/stille-logo-800.jpg\" \/>\n\t<meta property=\"og:image:width\" content=\"562\" \/>\n\t<meta property=\"og:image:height\" content=\"314\" \/>\n\t<meta property=\"og:image:type\" content=\"image\/jpeg\" \/>\n<meta name=\"twitter:card\" content=\"summary_large_image\" \/>\n<meta name=\"twitter:label1\" content=\"Ber\u00e4knad l\u00e4stid\" \/>\n\t<meta name=\"twitter:data1\" content=\"1 minut\" \/>\n<script type=\"application\/ld+json\" class=\"yoast-schema-graph\">{\"@context\":\"https:\/\/schema.org\",\"@graph\":[{\"@type\":\"Organization\",\"@id\":\"https:\/\/www.stille.se\/se\/#organization\",\"name\":\"Stille AB\",\"url\":\"https:\/\/www.stille.se\/se\/\",\"sameAs\":[\"https:\/\/www.facebook.com\/stilleab\/\",\"https:\/\/www.linkedin.com\/company\/stille-ab\/\",\"https:\/\/www.youtube.com\/channel\/UCpxmVroiwKKSXWe3ZCOrSqw\"],\"logo\":{\"@type\":\"ImageObject\",\"@id\":\"https:\/\/www.stille.se\/se\/#logo\",\"inLanguage\":\"sv-SE\",\"url\":\"https:\/\/www.stille.se\/se\/wp-content\/uploads\/2019\/12\/stille-logo-800.jpg\",\"contentUrl\":\"https:\/\/www.stille.se\/se\/wp-content\/uploads\/2019\/12\/stille-logo-800.jpg\",\"width\":562,\"height\":314,\"caption\":\"Stille AB\"},\"image\":{\"@id\":\"https:\/\/www.stille.se\/se\/#logo\"}},{\"@type\":\"WebSite\",\"@id\":\"https:\/\/www.stille.se\/se\/#website\",\"url\":\"https:\/\/www.stille.se\/se\/\",\"name\":\"Stille SE\",\"description\":\"\",\"publisher\":{\"@id\":\"https:\/\/www.stille.se\/se\/#organization\"},\"potentialAction\":[{\"@type\":\"SearchAction\",\"target\":{\"@type\":\"EntryPoint\",\"urlTemplate\":\"https:\/\/www.stille.se\/se\/?s={search_term_string}\"},\"query-input\":\"required name=search_term_string\"}],\"inLanguage\":\"sv-SE\"},{\"@type\":\"WebPage\",\"@id\":\"https:\/\/www.stille.se\/se\/om-oss\/media\/broschyrer\/#webpage\",\"url\":\"https:\/\/www.stille.se\/se\/om-oss\/media\/broschyrer\/\",\"name\":\"Broschyrer och Kataloger - STILLE\",\"isPartOf\":{\"@id\":\"https:\/\/www.stille.se\/se\/#website\"},\"datePublished\":\"2019-11-21T15:51:35+00:00\",\"dateModified\":\"2026-01-15T10:38:15+00:00\",\"breadcrumb\":{\"@id\":\"https:\/\/www.stille.se\/se\/om-oss\/media\/broschyrer\/#breadcrumb\"},\"inLanguage\":\"sv-SE\",\"potentialAction\":[{\"@type\":\"ReadAction\",\"target\":[\"https:\/\/www.stille.se\/se\/om-oss\/media\/broschyrer\/\"]}]},{\"@type\":\"BreadcrumbList\",\"@id\":\"https:\/\/www.stille.se\/se\/om-oss\/media\/broschyrer\/#breadcrumb\",\"itemListElement\":[{\"@type\":\"ListItem\",\"position\":1,\"name\":\"Hem\",\"item\":\"https:\/\/www.stille.se\/se\/\"},{\"@type\":\"ListItem\",\"position\":2,\"name\":\"Om oss\",\"item\":\"https:\/\/www.stille.se\/se\/om-oss\/\"},{\"@type\":\"ListItem\",\"position\":3,\"name\":\"Media\",\"item\":\"https:\/\/www.stille.se\/se\/om-oss\/media\/\"},{\"@type\":\"ListItem\",\"position\":4,\"name\":\"Broschyrer och Kataloger\"}]}]}<\/script>\n<!-- \/ Yoast SEO plugin. -->","yoast_head_json":{"title":"Broschyrer och Kataloger - STILLE","robots":{"index":"index","follow":"follow","max-snippet":"max-snippet:-1","max-image-preview":"max-image-preview:large","max-video-preview":"max-video-preview:-1"},"canonical":"https:\/\/www.stille.se\/se\/om-oss\/media\/broschyrer\/","og_locale":"sv_SE","og_type":"article","og_title":"Broschyrer och Kataloger - STILLE","og_description":"Broschyrer och Kataloger H\u00e4r hittar du alla v\u00e5ra broschyrer, produktblad och produktkataloger. N\u00e5gra av dem \u00e4r tillg\u00e4ngliga p\u00e5 flera olika spr\u00e5k. Instrument-broschyrer Produktkatalog, broschyrer, datablad mm. Instrument-broschyrer imagiQ3 Legacy-broschyrer Broschyr, tillbeh\u00f6rslista och produktnyheter. imagiQ3 Legacy-broschyrer Medstone-broschyrer Broschyrer f\u00f6r olika kirigiska discipliner. Medstone-broschyrer","og_url":"https:\/\/www.stille.se\/se\/om-oss\/media\/broschyrer\/","og_site_name":"Stille SE","article_publisher":"https:\/\/www.facebook.com\/stilleab\/","article_modified_time":"2026-01-15T10:38:15+00:00","og_image":[{"width":562,"height":314,"url":"https:\/\/www.stille.se\/se\/wp-content\/uploads\/2019\/12\/stille-logo-800.jpg","type":"image\/jpeg"}],"twitter_card":"summary_large_image","twitter_misc":{"Ber\u00e4knad l\u00e4stid":"1 minut"},"schema":{"@context":"https:\/\/schema.org","@graph":[{"@type":"Organization","@id":"https:\/\/www.stille.se\/se\/#organization","name":"Stille AB","url":"https:\/\/www.stille.se\/se\/","sameAs":["https:\/\/www.facebook.com\/stilleab\/","https:\/\/www.linkedin.com\/company\/stille-ab\/","https:\/\/www.youtube.com\/channel\/UCpxmVroiwKKSXWe3ZCOrSqw"],"logo":{"@type":"ImageObject","@id":"https:\/\/www.stille.se\/se\/#logo","inLanguage":"sv-SE","url":"https:\/\/www.stille.se\/se\/wp-content\/uploads\/2019\/12\/stille-logo-800.jpg","contentUrl":"https:\/\/www.stille.se\/se\/wp-content\/uploads\/2019\/12\/stille-logo-800.jpg","width":562,"height":314,"caption":"Stille AB"},"image":{"@id":"https:\/\/www.stille.se\/se\/#logo"}},{"@type":"WebSite","@id":"https:\/\/www.stille.se\/se\/#website","url":"https:\/\/www.stille.se\/se\/","name":"Stille SE","description":"","publisher":{"@id":"https:\/\/www.stille.se\/se\/#organization"},"potentialAction":[{"@type":"SearchAction","target":{"@type":"EntryPoint","urlTemplate":"https:\/\/www.stille.se\/se\/?s={search_term_string}"},"query-input":"required name=search_term_string"}],"inLanguage":"sv-SE"},{"@type":"WebPage","@id":"https:\/\/www.stille.se\/se\/om-oss\/media\/broschyrer\/#webpage","url":"https:\/\/www.stille.se\/se\/om-oss\/media\/broschyrer\/","name":"Broschyrer och Kataloger - STILLE","isPartOf":{"@id":"https:\/\/www.stille.se\/se\/#website"},"datePublished":"2019-11-21T15:51:35+00:00","dateModified":"2026-01-15T10:38:15+00:00","breadcrumb":{"@id":"https:\/\/www.stille.se\/se\/om-oss\/media\/broschyrer\/#breadcrumb"},"inLanguage":"sv-SE","potentialAction":[{"@type":"ReadAction","target":["https:\/\/www.stille.se\/se\/om-oss\/media\/broschyrer\/"]}]},{"@type":"BreadcrumbList","@id":"https:\/\/www.stille.se\/se\/om-oss\/media\/broschyrer\/#breadcrumb","itemListElement":[{"@type":"ListItem","position":1,"name":"Hem","item":"https:\/\/www.stille.se\/se\/"},{"@type":"ListItem","position":2,"name":"Om oss","item":"https:\/\/www.stille.se\/se\/om-oss\/"},{"@type":"ListItem","position":3,"name":"Media","item":"https:\/\/www.stille.se\/se\/om-oss\/media\/"},{"@type":"ListItem","position":4,"name":"Broschyrer och Kataloger"}]}]}},"_links":{"self":[{"href":"https:\/\/www.stille.se\/se\/wp-json\/wp\/v2\/pages\/3282"}],"collection":[{"href":"https:\/\/www.stille.se\/se\/wp-json\/wp\/v2\/pages"}],"about":[{"href":"https:\/\/www.stille.se\/se\/wp-json\/wp\/v2\/types\/page"}],"author":[{"embeddable":true,"href":"https:\/\/www.stille.se\/se\/wp-json\/wp\/v2\/users\/33"}],"replies":[{"embeddable":true,"href":"https:\/\/www.stille.se\/se\/wp-json\/wp\/v2\/comments?post=3282"}],"version-history":[{"count":14,"href":"https:\/\/www.stille.se\/se\/wp-json\/wp\/v2\/pages\/3282\/revisions"}],"predecessor-version":[{"id":48300,"href":"https:\/\/www.stille.se\/se\/wp-json\/wp\/v2\/pages\/3282\/revisions\/48300"}],"up":[{"embeddable":true,"href":"https:\/\/www.stille.se\/se\/wp-json\/wp\/v2\/pages\/3279"}],"wp:attachment":[{"href":"https:\/\/www.stille.se\/se\/wp-json\/wp\/v2\/media?parent=3282"}],"curies":[{"name":"wp","href":"https:\/\/api.w.org\/{rel}","templated":true}]}}