{"id":34644,"date":"2020-06-11T11:35:46","date_gmt":"2020-06-11T09:35:46","guid":{"rendered":"https:\/\/www.stille.se\/se\/?page_id=34644"},"modified":"2025-10-30T15:34:36","modified_gmt":"2025-10-30T14:34:36","slug":"instrumentvardsutbildning","status":"publish","type":"page","link":"https:\/\/www.stille.se\/se\/instrumentvardsutbildning\/","title":{"rendered":"Instrumentv\u00e5rdsutbildning"},"content":{"rendered":"\n<p>Kunskap om instrumentv\u00e5rd och instrumenthantering \u00e4r en n\u00f6dv\u00e4ndig faktor f\u00f6r att klara dagens s\u00e4kerhets- och ekonomiska krav.<\/p>\n\n\n\n<p>Det \u00e4r viktigt att k\u00e4nna till hur tillverkning och material p\u00e5verkar v\u00e5ra instrument och varf\u00f6r rostfritt rostar. Hanterar du och dina kolleger instrumenten p\u00e5 r\u00e4tt s\u00e4tt? Vet du varf\u00f6r rostfritt egentligen rostar? V\u00e5r instrumentv\u00e5rdsutbildning kan vara till hj\u00e4lp f\u00f6r att f\u00e5 f\u00f6rdjupade kunskaper som hj\u00e4lper dig att b\u00e5de maximera instrumentets livsl\u00e4ngd och trygga patients\u00e4kerheten.<\/p>\n\n\n\n<p>Kursen v\u00e4nder sig fr\u00e4mst till operations\u2013 och sterilpersonal inom sjukv\u00e5rden men \u00e4r \u00f6ppen f\u00f6r alla som \u00e4r intresserade och som arbetar inom v\u00e5rden.<\/p>\n\n\n\n<p><strong>Kursen behandlar f\u00f6ljande omr\u00e5den:<\/strong><br>\u2013 Instrumenttillverkning (Fabriksbes\u00f6k)<br>\u2013 Materiall\u00e4ra<br>\u2013 Korrosion<br>\u2013 Missf\u00e4rgning<br>\u2013 Hanteringsanvisningar f\u00f6r sterilcentralen<br>\u2013 Hanteringsanvisningar f\u00f6r kliniken<br>\u2013 Instrumentservice<\/p>\n\n\n\n<p><strong>Kursplats:<\/strong>\u00a0ELITE Stadshotellet, Eskilstuna<br><strong>Pris:<\/strong>\u00a02026: 8.100 kr\/person (exkl. moms). <\/p>\n\n\n\n<p><em>Priset inkluderar logi p\u00e5 hotell, m\u00e5ltider samt kurslitteratur.<\/em><\/p>\n\n\n\n<hr class=\"wp-block-separator has-css-opacity is-style-wide\" \/>\n\n\n\n<h3>Kommande utbildningar<\/h3>\n\n\n\n<p>Vi tackar f\u00f6r intresset f\u00f6r v\u00e5ra kurser under \u00e5ret som g\u00e5tt. H\u00e4r hittar du v\u00e5ra kommande kursdatum. F\u00f6r eventuella fr\u00e5gor, kontakta oss g\u00e4rna p\u00e5 telefon <a href=\"tel:004658858000\">08-588 58 000<\/a> eller e-post <a href=\"mailto:utbildning@stille.se\">utbildning@stille.se<\/a><\/p>\n\n\n\n<div class=\"vertical-posts-container container\">\n\t<div class=\"col-lg-24 card-wrapper block-latest-news vertical-list\">\n\t\t<div class=\"latest-news-card row\">\n\n\t\t\t<div class=\"card-image mt-2 col-md-7 col-lg-8 col-xl-7 text-md-center default-image p-0\">\n\t\t\t\t<a href=\"https:\/\/www.stille.se\/se\/event\/instrumentvardsutbildning-april-2026\/\"><img src=\"https:\/\/www.stille.se\/se\/wp-content\/themes\/stille-2020\/assets\/img\/stille_events.jpg\" class=\"wp-post-image p-3\"\/><\/a>\n\t\t\t<\/div>\n\n\t\t\t<div class=\"latest-news-content col-lg-16 col-xl-16 pt-3 pb-3 col-md-24 pl-md-3\">\n\t\t\t\t<p class=\"category-list\">\n\t\t\t\t\t<i class=\"fas fa-calendar-alt calendar-icon\"> <\/i> 22 April 2026\t\t\t\t\t<i class=\"fas fa-tag tag-icon\"> <\/i><a href=\"https:\/\/www.stille.se\/se\/event-category\/events\/\">Events<\/a>, <a href=\"https:\/\/www.stille.se\/se\/event-category\/utbildningar\/\">Utbildningar<\/a>\t\t\t\t<\/p>\n\t\t\t\t<p class=\"category-list\"><i class=\"fas fa-map-marker-alt listing-icon\"><\/i> ELITE Stadshotellet Eskilstuna<\/p>\t\t\t\t<a href=\"https:\/\/www.stille.se\/se\/event\/instrumentvardsutbildning-april-2026\/\">\n\t\t\t\t\t<h3 class=\"latest-news-post-title\">Instrumentv\u00e5rdsutbildning April 2026<\/h3>\n\t\t\t\t\t<p class='post-excerpt'>Det \u00e4r viktigt att k\u00e4nna till hur tillverkning och material p\u00e5verkar v\u00e5ra instrument och varf\u00f6r rostfritt rostar. Hanterar du och dina kolleger instrumenten p\u00e5 r\u00e4tt s\u00e4tt? V...<\/p>\n\t\t\t\t<\/a>\n\t\t\t\t<a href=\"https:\/\/www.stille.se\/se\/event\/instrumentvardsutbildning-april-2026\/\" class=\"see-more-btn d-flex align-items-center\">L\u00e4s mer <i class=\"fal fa-long-arrow-right ml-2\"><\/i><\/a>\n\t\t\t<\/div>\n\t\t<\/div>\n\t<\/div>\n<\/div>\n<div class=\"vertical-posts-container container\">\n\t<div class=\"col-lg-24 card-wrapper block-latest-news vertical-list\">\n\t\t<div class=\"latest-news-card row\">\n\n\t\t\t<div class=\"card-image mt-2 col-md-7 col-lg-8 col-xl-7 text-md-center default-image p-0\">\n\t\t\t\t<a href=\"https:\/\/www.stille.se\/se\/event\/instrumentvardsutbildning-maj-2026\/\"><img src=\"https:\/\/www.stille.se\/se\/wp-content\/themes\/stille-2020\/assets\/img\/stille_events.jpg\" class=\"wp-post-image p-3\"\/><\/a>\n\t\t\t<\/div>\n\n\t\t\t<div class=\"latest-news-content col-lg-16 col-xl-16 pt-3 pb-3 col-md-24 pl-md-3\">\n\t\t\t\t<p class=\"category-list\">\n\t\t\t\t\t<i class=\"fas fa-calendar-alt calendar-icon\"> <\/i> 27 May 2026\t\t\t\t\t<i class=\"fas fa-tag tag-icon\"> <\/i><a href=\"https:\/\/www.stille.se\/se\/event-category\/events\/\">Events<\/a>, <a href=\"https:\/\/www.stille.se\/se\/event-category\/utbildningar\/\">Utbildningar<\/a>\t\t\t\t<\/p>\n\t\t\t\t<p class=\"category-list\"><i class=\"fas fa-map-marker-alt listing-icon\"><\/i> ELITE Stadshotellet Eskilstuna<\/p>\t\t\t\t<a href=\"https:\/\/www.stille.se\/se\/event\/instrumentvardsutbildning-maj-2026\/\">\n\t\t\t\t\t<h3 class=\"latest-news-post-title\">Instrumentv\u00e5rdsutbildning Maj 2026<\/h3>\n\t\t\t\t\t<p class='post-excerpt'>Det \u00e4r viktigt att k\u00e4nna till hur tillverkning och material p\u00e5verkar v\u00e5ra instrument och varf\u00f6r rostfritt rostar. Hanterar du och dina kolleger instrumenten p\u00e5 r\u00e4tt s\u00e4tt? V...<\/p>\n\t\t\t\t<\/a>\n\t\t\t\t<a href=\"https:\/\/www.stille.se\/se\/event\/instrumentvardsutbildning-maj-2026\/\" class=\"see-more-btn d-flex align-items-center\">L\u00e4s mer <i class=\"fal fa-long-arrow-right ml-2\"><\/i><\/a>\n\t\t\t<\/div>\n\t\t<\/div>\n\t<\/div>\n<\/div><div id=\"pagination-container-1\" class=\"\">\n<\/div>\n\n<div id=\"pagination-button-block-1\" class=\"vertical-posts-container container\">\n\t<div class=\"col-lg-24 card-wrapper block-latest-news vertical-list text-center\">\n\t<button class=\"myt-btn--primary myt-btn mt-5 mb-5 pagination-load-more posts-load-more\"\n\t\t\tdata-page=\"1\" data-endpoint=\"https:\/\/www.stille.se\/se\" data-load-text=\"Loading...\"\n\t\t\tdata-num-posts=\"2\" data-categories=\"utbildningar\" data-query=\"\" data-post-type=\"event\">\n\t\tLoad more\t<\/button>\n\t<\/div>\n<\/div>\n","protected":false},"excerpt":{"rendered":"<p>Kunskap om instrumentv\u00e5rd och instrumenthantering \u00e4r en n\u00f6dv\u00e4ndig faktor f\u00f6r att klara dagens s\u00e4kerhets- och ekonomiska krav. Det \u00e4r viktigt att k\u00e4nna till hur tillverkning och material p\u00e5verkar v\u00e5ra instrument och varf\u00f6r rostfritt rostar. Hanterar du och dina kolleger instrumenten p\u00e5 r\u00e4tt s\u00e4tt? Vet du varf\u00f6r rostfritt egentligen rostar? V\u00e5r instrumentv\u00e5rdsutbildning kan vara till hj\u00e4lp&#8230;<\/p>\n","protected":false},"author":33,"featured_media":0,"parent":0,"menu_order":0,"comment_status":"closed","ping_status":"closed","template":"","meta":[],"acf":[],"yoast_head":"<!-- This site is optimized with the Yoast SEO plugin v17.9 - https:\/\/yoast.com\/wordpress\/plugins\/seo\/ -->\n<title>Instrumentv\u00e5rdsutbildning - STILLE<\/title>\n<meta name=\"robots\" content=\"index, follow, max-snippet:-1, max-image-preview:large, max-video-preview:-1\" \/>\n<link rel=\"canonical\" href=\"https:\/\/www.stille.se\/se\/instrumentvardsutbildning\/\" \/>\n<meta property=\"og:locale\" content=\"sv_SE\" \/>\n<meta property=\"og:type\" content=\"article\" \/>\n<meta property=\"og:title\" content=\"Instrumentv\u00e5rdsutbildning - STILLE\" \/>\n<meta property=\"og:description\" content=\"Kunskap om instrumentv\u00e5rd och instrumenthantering \u00e4r en n\u00f6dv\u00e4ndig faktor f\u00f6r att klara dagens s\u00e4kerhets- och ekonomiska krav. Det \u00e4r viktigt att k\u00e4nna till hur tillverkning och material p\u00e5verkar v\u00e5ra instrument och varf\u00f6r rostfritt rostar. Hanterar du och dina kolleger instrumenten p\u00e5 r\u00e4tt s\u00e4tt? Vet du varf\u00f6r rostfritt egentligen rostar? V\u00e5r instrumentv\u00e5rdsutbildning kan vara till hj\u00e4lp...\" \/>\n<meta property=\"og:url\" content=\"https:\/\/www.stille.se\/se\/instrumentvardsutbildning\/\" \/>\n<meta property=\"og:site_name\" content=\"Stille SE\" \/>\n<meta property=\"article:publisher\" content=\"https:\/\/www.facebook.com\/stilleab\/\" \/>\n<meta property=\"article:modified_time\" content=\"2025-10-30T14:34:36+00:00\" \/>\n<meta property=\"og:image\" content=\"https:\/\/www.stille.se\/se\/wp-content\/uploads\/2019\/12\/stille-logo-800.jpg\" \/>\n\t<meta property=\"og:image:width\" content=\"562\" \/>\n\t<meta property=\"og:image:height\" content=\"314\" \/>\n\t<meta property=\"og:image:type\" content=\"image\/jpeg\" \/>\n<meta name=\"twitter:card\" content=\"summary_large_image\" \/>\n<meta name=\"twitter:label1\" content=\"Ber\u00e4knad l\u00e4stid\" \/>\n\t<meta name=\"twitter:data1\" content=\"1 minut\" \/>\n<script type=\"application\/ld+json\" class=\"yoast-schema-graph\">{\"@context\":\"https:\/\/schema.org\",\"@graph\":[{\"@type\":\"Organization\",\"@id\":\"https:\/\/www.stille.se\/se\/#organization\",\"name\":\"Stille AB\",\"url\":\"https:\/\/www.stille.se\/se\/\",\"sameAs\":[\"https:\/\/www.facebook.com\/stilleab\/\",\"https:\/\/www.linkedin.com\/company\/stille-ab\/\",\"https:\/\/www.youtube.com\/channel\/UCpxmVroiwKKSXWe3ZCOrSqw\"],\"logo\":{\"@type\":\"ImageObject\",\"@id\":\"https:\/\/www.stille.se\/se\/#logo\",\"inLanguage\":\"sv-SE\",\"url\":\"https:\/\/www.stille.se\/se\/wp-content\/uploads\/2019\/12\/stille-logo-800.jpg\",\"contentUrl\":\"https:\/\/www.stille.se\/se\/wp-content\/uploads\/2019\/12\/stille-logo-800.jpg\",\"width\":562,\"height\":314,\"caption\":\"Stille AB\"},\"image\":{\"@id\":\"https:\/\/www.stille.se\/se\/#logo\"}},{\"@type\":\"WebSite\",\"@id\":\"https:\/\/www.stille.se\/se\/#website\",\"url\":\"https:\/\/www.stille.se\/se\/\",\"name\":\"Stille SE\",\"description\":\"\",\"publisher\":{\"@id\":\"https:\/\/www.stille.se\/se\/#organization\"},\"potentialAction\":[{\"@type\":\"SearchAction\",\"target\":{\"@type\":\"EntryPoint\",\"urlTemplate\":\"https:\/\/www.stille.se\/se\/?s={search_term_string}\"},\"query-input\":\"required name=search_term_string\"}],\"inLanguage\":\"sv-SE\"},{\"@type\":\"WebPage\",\"@id\":\"https:\/\/www.stille.se\/se\/instrumentvardsutbildning\/#webpage\",\"url\":\"https:\/\/www.stille.se\/se\/instrumentvardsutbildning\/\",\"name\":\"Instrumentv\\u00e5rdsutbildning - STILLE\",\"isPartOf\":{\"@id\":\"https:\/\/www.stille.se\/se\/#website\"},\"datePublished\":\"2020-06-11T09:35:46+00:00\",\"dateModified\":\"2025-10-30T14:34:36+00:00\",\"breadcrumb\":{\"@id\":\"https:\/\/www.stille.se\/se\/instrumentvardsutbildning\/#breadcrumb\"},\"inLanguage\":\"sv-SE\",\"potentialAction\":[{\"@type\":\"ReadAction\",\"target\":[\"https:\/\/www.stille.se\/se\/instrumentvardsutbildning\/\"]}]},{\"@type\":\"BreadcrumbList\",\"@id\":\"https:\/\/www.stille.se\/se\/instrumentvardsutbildning\/#breadcrumb\",\"itemListElement\":[{\"@type\":\"ListItem\",\"position\":1,\"name\":\"Hem\",\"item\":\"https:\/\/www.stille.se\/se\/\"},{\"@type\":\"ListItem\",\"position\":2,\"name\":\"Instrumentv\\u00e5rdsutbildning\"}]}]}<\/script>\n<!-- \/ Yoast SEO plugin. -->","yoast_head_json":{"title":"Instrumentv\u00e5rdsutbildning - STILLE","robots":{"index":"index","follow":"follow","max-snippet":"max-snippet:-1","max-image-preview":"max-image-preview:large","max-video-preview":"max-video-preview:-1"},"canonical":"https:\/\/www.stille.se\/se\/instrumentvardsutbildning\/","og_locale":"sv_SE","og_type":"article","og_title":"Instrumentv\u00e5rdsutbildning - STILLE","og_description":"Kunskap om instrumentv\u00e5rd och instrumenthantering \u00e4r en n\u00f6dv\u00e4ndig faktor f\u00f6r att klara dagens s\u00e4kerhets- och ekonomiska krav. Det \u00e4r viktigt att k\u00e4nna till hur tillverkning och material p\u00e5verkar v\u00e5ra instrument och varf\u00f6r rostfritt rostar. Hanterar du och dina kolleger instrumenten p\u00e5 r\u00e4tt s\u00e4tt? Vet du varf\u00f6r rostfritt egentligen rostar? V\u00e5r instrumentv\u00e5rdsutbildning kan vara till hj\u00e4lp...","og_url":"https:\/\/www.stille.se\/se\/instrumentvardsutbildning\/","og_site_name":"Stille SE","article_publisher":"https:\/\/www.facebook.com\/stilleab\/","article_modified_time":"2025-10-30T14:34:36+00:00","og_image":[{"width":562,"height":314,"url":"https:\/\/www.stille.se\/se\/wp-content\/uploads\/2019\/12\/stille-logo-800.jpg","type":"image\/jpeg"}],"twitter_card":"summary_large_image","twitter_misc":{"Ber\u00e4knad l\u00e4stid":"1 minut"},"schema":{"@context":"https:\/\/schema.org","@graph":[{"@type":"Organization","@id":"https:\/\/www.stille.se\/se\/#organization","name":"Stille AB","url":"https:\/\/www.stille.se\/se\/","sameAs":["https:\/\/www.facebook.com\/stilleab\/","https:\/\/www.linkedin.com\/company\/stille-ab\/","https:\/\/www.youtube.com\/channel\/UCpxmVroiwKKSXWe3ZCOrSqw"],"logo":{"@type":"ImageObject","@id":"https:\/\/www.stille.se\/se\/#logo","inLanguage":"sv-SE","url":"https:\/\/www.stille.se\/se\/wp-content\/uploads\/2019\/12\/stille-logo-800.jpg","contentUrl":"https:\/\/www.stille.se\/se\/wp-content\/uploads\/2019\/12\/stille-logo-800.jpg","width":562,"height":314,"caption":"Stille AB"},"image":{"@id":"https:\/\/www.stille.se\/se\/#logo"}},{"@type":"WebSite","@id":"https:\/\/www.stille.se\/se\/#website","url":"https:\/\/www.stille.se\/se\/","name":"Stille SE","description":"","publisher":{"@id":"https:\/\/www.stille.se\/se\/#organization"},"potentialAction":[{"@type":"SearchAction","target":{"@type":"EntryPoint","urlTemplate":"https:\/\/www.stille.se\/se\/?s={search_term_string}"},"query-input":"required name=search_term_string"}],"inLanguage":"sv-SE"},{"@type":"WebPage","@id":"https:\/\/www.stille.se\/se\/instrumentvardsutbildning\/#webpage","url":"https:\/\/www.stille.se\/se\/instrumentvardsutbildning\/","name":"Instrumentv\u00e5rdsutbildning - STILLE","isPartOf":{"@id":"https:\/\/www.stille.se\/se\/#website"},"datePublished":"2020-06-11T09:35:46+00:00","dateModified":"2025-10-30T14:34:36+00:00","breadcrumb":{"@id":"https:\/\/www.stille.se\/se\/instrumentvardsutbildning\/#breadcrumb"},"inLanguage":"sv-SE","potentialAction":[{"@type":"ReadAction","target":["https:\/\/www.stille.se\/se\/instrumentvardsutbildning\/"]}]},{"@type":"BreadcrumbList","@id":"https:\/\/www.stille.se\/se\/instrumentvardsutbildning\/#breadcrumb","itemListElement":[{"@type":"ListItem","position":1,"name":"Hem","item":"https:\/\/www.stille.se\/se\/"},{"@type":"ListItem","position":2,"name":"Instrumentv\u00e5rdsutbildning"}]}]}},"_links":{"self":[{"href":"https:\/\/www.stille.se\/se\/wp-json\/wp\/v2\/pages\/34644"}],"collection":[{"href":"https:\/\/www.stille.se\/se\/wp-json\/wp\/v2\/pages"}],"about":[{"href":"https:\/\/www.stille.se\/se\/wp-json\/wp\/v2\/types\/page"}],"author":[{"embeddable":true,"href":"https:\/\/www.stille.se\/se\/wp-json\/wp\/v2\/users\/33"}],"replies":[{"embeddable":true,"href":"https:\/\/www.stille.se\/se\/wp-json\/wp\/v2\/comments?post=34644"}],"version-history":[{"count":23,"href":"https:\/\/www.stille.se\/se\/wp-json\/wp\/v2\/pages\/34644\/revisions"}],"predecessor-version":[{"id":48218,"href":"https:\/\/www.stille.se\/se\/wp-json\/wp\/v2\/pages\/34644\/revisions\/48218"}],"wp:attachment":[{"href":"https:\/\/www.stille.se\/se\/wp-json\/wp\/v2\/media?parent=34644"}],"curies":[{"name":"wp","href":"https:\/\/api.w.org\/{rel}","templated":true}]}}