{"id":34704,"date":"2020-06-11T11:46:38","date_gmt":"2020-06-11T09:46:38","guid":{"rendered":"https:\/\/www.stille.se\/se\/?page_id=34704"},"modified":"2024-09-18T09:10:07","modified_gmt":"2024-09-18T07:10:07","slug":"instrumentservice-och-reparation","status":"publish","type":"page","link":"https:\/\/www.stille.se\/se\/instrumentservice-och-reparation\/","title":{"rendered":"Instrumentservice och reparation"},"content":{"rendered":"\n<p>Att skicka era instrument f\u00f6r service till STILLE \u00e4r ett enkelt s\u00e4tt att f\u00f6rs\u00e4kra er om att instrumenten kan forts\u00e4tta anv\u00e4ndas med maximal livsl\u00e4ngd samt s\u00e4kerst\u00e4lla h\u00f6gsta precision och funktion.<\/p>\n\n\n\n<p>V\u00e5ra instrumentmakare har m\u00e5ng\u00e5rig erfarenhet av tillverkning samt service av kirurgiska instrument och genomf\u00f6r alltid en noggrann kontroll av era instrument. Exempelvis demonteras alltid alla STILLE-saxar f\u00f6r att kunna reng\u00f6ras, poleras och slipas p\u00e5 korrekt s\u00e4tt. Ledskruven justeras och saxbladens vinkel kalibreras exakt f\u00f6r att \u00e5stadkomma ett rent och mjukt klipp. Instrumentets livsl\u00e4ngd f\u00f6rl\u00e4ngs avsev\u00e4rt om det servas i tid och p\u00e5 r\u00e4tt s\u00e4tt. Detta \u00e4r extra viktigt f\u00f6r klippande instrument.<\/p>\n\n\n\n<p>STILLE service \u00e5terst\u00e4ller era instrument till s\u00e5 n\u00e4ra nyskick som m\u00f6jligt. Vi l\u00e4gger stolthet i v\u00e5ra instruments kvalitet och livsl\u00e4ngd och str\u00e4var d\u00e4rf\u00f6r efter minsta m\u00f6jliga p\u00e5verkan p\u00e5 instrumenten i samband med service. Saxar skall kunna slipas m\u00e5nga g\u00e5nger under sin livstid om det g\u00f6rs p\u00e5 korrekt s\u00e4tt.<\/p>\n\n\n\n<p>F\u00f6r mer information <a href=\"mailto:instrument-service@stille.se\">kontakta oss<\/a><\/p>\n\n\n\n<p><a href=\"https:\/\/www.stille.se\/se\/wp-content\/uploads\/2024\/09\/instrument-till-service-phpg21-001bil-se_6.doc\">Ladda ner serviceformul\u00e4r f\u00f6r instrument<\/a><\/p>\n","protected":false},"excerpt":{"rendered":"<p>Att skicka era instrument f\u00f6r service till STILLE \u00e4r ett enkelt s\u00e4tt att f\u00f6rs\u00e4kra er om att instrumenten kan forts\u00e4tta anv\u00e4ndas med maximal livsl\u00e4ngd samt s\u00e4kerst\u00e4lla h\u00f6gsta precision och funktion. V\u00e5ra instrumentmakare har m\u00e5ng\u00e5rig erfarenhet av tillverkning samt service av kirurgiska instrument och genomf\u00f6r alltid en noggrann kontroll av era instrument. Exempelvis demonteras alltid alla&#8230;<\/p>\n","protected":false},"author":33,"featured_media":0,"parent":0,"menu_order":0,"comment_status":"closed","ping_status":"closed","template":"","meta":[],"acf":[],"yoast_head":"<!-- This site is optimized with the Yoast SEO plugin v17.9 - https:\/\/yoast.com\/wordpress\/plugins\/seo\/ -->\n<title>Instrumentservice och reparation - STILLE<\/title>\n<meta name=\"robots\" content=\"index, follow, max-snippet:-1, max-image-preview:large, max-video-preview:-1\" \/>\n<link rel=\"canonical\" href=\"https:\/\/www.stille.se\/se\/instrumentservice-och-reparation\/\" \/>\n<meta property=\"og:locale\" content=\"sv_SE\" \/>\n<meta property=\"og:type\" content=\"article\" \/>\n<meta property=\"og:title\" content=\"Instrumentservice och reparation - STILLE\" \/>\n<meta property=\"og:description\" content=\"Att skicka era instrument f\u00f6r service till STILLE \u00e4r ett enkelt s\u00e4tt att f\u00f6rs\u00e4kra er om att instrumenten kan forts\u00e4tta anv\u00e4ndas med maximal livsl\u00e4ngd samt s\u00e4kerst\u00e4lla h\u00f6gsta precision och funktion. V\u00e5ra instrumentmakare har m\u00e5ng\u00e5rig erfarenhet av tillverkning samt service av kirurgiska instrument och genomf\u00f6r alltid en noggrann kontroll av era instrument. Exempelvis demonteras alltid alla...\" \/>\n<meta property=\"og:url\" content=\"https:\/\/www.stille.se\/se\/instrumentservice-och-reparation\/\" \/>\n<meta property=\"og:site_name\" content=\"Stille SE\" \/>\n<meta property=\"article:publisher\" content=\"https:\/\/www.facebook.com\/stilleab\/\" \/>\n<meta property=\"article:modified_time\" content=\"2024-09-18T07:10:07+00:00\" \/>\n<meta property=\"og:image\" content=\"https:\/\/www.stille.se\/se\/wp-content\/uploads\/2019\/12\/stille-logo-800.jpg\" \/>\n\t<meta property=\"og:image:width\" content=\"562\" \/>\n\t<meta property=\"og:image:height\" content=\"314\" \/>\n\t<meta property=\"og:image:type\" content=\"image\/jpeg\" \/>\n<meta name=\"twitter:card\" content=\"summary_large_image\" \/>\n<meta name=\"twitter:label1\" content=\"Ber\u00e4knad l\u00e4stid\" \/>\n\t<meta name=\"twitter:data1\" content=\"1 minut\" \/>\n<script type=\"application\/ld+json\" class=\"yoast-schema-graph\">{\"@context\":\"https:\/\/schema.org\",\"@graph\":[{\"@type\":\"Organization\",\"@id\":\"https:\/\/www.stille.se\/se\/#organization\",\"name\":\"Stille AB\",\"url\":\"https:\/\/www.stille.se\/se\/\",\"sameAs\":[\"https:\/\/www.facebook.com\/stilleab\/\",\"https:\/\/www.linkedin.com\/company\/stille-ab\/\",\"https:\/\/www.youtube.com\/channel\/UCpxmVroiwKKSXWe3ZCOrSqw\"],\"logo\":{\"@type\":\"ImageObject\",\"@id\":\"https:\/\/www.stille.se\/se\/#logo\",\"inLanguage\":\"sv-SE\",\"url\":\"https:\/\/www.stille.se\/se\/wp-content\/uploads\/2019\/12\/stille-logo-800.jpg\",\"contentUrl\":\"https:\/\/www.stille.se\/se\/wp-content\/uploads\/2019\/12\/stille-logo-800.jpg\",\"width\":562,\"height\":314,\"caption\":\"Stille AB\"},\"image\":{\"@id\":\"https:\/\/www.stille.se\/se\/#logo\"}},{\"@type\":\"WebSite\",\"@id\":\"https:\/\/www.stille.se\/se\/#website\",\"url\":\"https:\/\/www.stille.se\/se\/\",\"name\":\"Stille SE\",\"description\":\"\",\"publisher\":{\"@id\":\"https:\/\/www.stille.se\/se\/#organization\"},\"potentialAction\":[{\"@type\":\"SearchAction\",\"target\":{\"@type\":\"EntryPoint\",\"urlTemplate\":\"https:\/\/www.stille.se\/se\/?s={search_term_string}\"},\"query-input\":\"required name=search_term_string\"}],\"inLanguage\":\"sv-SE\"},{\"@type\":\"WebPage\",\"@id\":\"https:\/\/www.stille.se\/se\/instrumentservice-och-reparation\/#webpage\",\"url\":\"https:\/\/www.stille.se\/se\/instrumentservice-och-reparation\/\",\"name\":\"Instrumentservice och reparation - STILLE\",\"isPartOf\":{\"@id\":\"https:\/\/www.stille.se\/se\/#website\"},\"datePublished\":\"2020-06-11T09:46:38+00:00\",\"dateModified\":\"2024-09-18T07:10:07+00:00\",\"breadcrumb\":{\"@id\":\"https:\/\/www.stille.se\/se\/instrumentservice-och-reparation\/#breadcrumb\"},\"inLanguage\":\"sv-SE\",\"potentialAction\":[{\"@type\":\"ReadAction\",\"target\":[\"https:\/\/www.stille.se\/se\/instrumentservice-och-reparation\/\"]}]},{\"@type\":\"BreadcrumbList\",\"@id\":\"https:\/\/www.stille.se\/se\/instrumentservice-och-reparation\/#breadcrumb\",\"itemListElement\":[{\"@type\":\"ListItem\",\"position\":1,\"name\":\"Hem\",\"item\":\"https:\/\/www.stille.se\/se\/\"},{\"@type\":\"ListItem\",\"position\":2,\"name\":\"Instrumentservice och reparation\"}]}]}<\/script>\n<!-- \/ Yoast SEO plugin. -->","yoast_head_json":{"title":"Instrumentservice och reparation - STILLE","robots":{"index":"index","follow":"follow","max-snippet":"max-snippet:-1","max-image-preview":"max-image-preview:large","max-video-preview":"max-video-preview:-1"},"canonical":"https:\/\/www.stille.se\/se\/instrumentservice-och-reparation\/","og_locale":"sv_SE","og_type":"article","og_title":"Instrumentservice och reparation - STILLE","og_description":"Att skicka era instrument f\u00f6r service till STILLE \u00e4r ett enkelt s\u00e4tt att f\u00f6rs\u00e4kra er om att instrumenten kan forts\u00e4tta anv\u00e4ndas med maximal livsl\u00e4ngd samt s\u00e4kerst\u00e4lla h\u00f6gsta precision och funktion. V\u00e5ra instrumentmakare har m\u00e5ng\u00e5rig erfarenhet av tillverkning samt service av kirurgiska instrument och genomf\u00f6r alltid en noggrann kontroll av era instrument. Exempelvis demonteras alltid alla...","og_url":"https:\/\/www.stille.se\/se\/instrumentservice-och-reparation\/","og_site_name":"Stille SE","article_publisher":"https:\/\/www.facebook.com\/stilleab\/","article_modified_time":"2024-09-18T07:10:07+00:00","og_image":[{"width":562,"height":314,"url":"https:\/\/www.stille.se\/se\/wp-content\/uploads\/2019\/12\/stille-logo-800.jpg","type":"image\/jpeg"}],"twitter_card":"summary_large_image","twitter_misc":{"Ber\u00e4knad l\u00e4stid":"1 minut"},"schema":{"@context":"https:\/\/schema.org","@graph":[{"@type":"Organization","@id":"https:\/\/www.stille.se\/se\/#organization","name":"Stille AB","url":"https:\/\/www.stille.se\/se\/","sameAs":["https:\/\/www.facebook.com\/stilleab\/","https:\/\/www.linkedin.com\/company\/stille-ab\/","https:\/\/www.youtube.com\/channel\/UCpxmVroiwKKSXWe3ZCOrSqw"],"logo":{"@type":"ImageObject","@id":"https:\/\/www.stille.se\/se\/#logo","inLanguage":"sv-SE","url":"https:\/\/www.stille.se\/se\/wp-content\/uploads\/2019\/12\/stille-logo-800.jpg","contentUrl":"https:\/\/www.stille.se\/se\/wp-content\/uploads\/2019\/12\/stille-logo-800.jpg","width":562,"height":314,"caption":"Stille AB"},"image":{"@id":"https:\/\/www.stille.se\/se\/#logo"}},{"@type":"WebSite","@id":"https:\/\/www.stille.se\/se\/#website","url":"https:\/\/www.stille.se\/se\/","name":"Stille SE","description":"","publisher":{"@id":"https:\/\/www.stille.se\/se\/#organization"},"potentialAction":[{"@type":"SearchAction","target":{"@type":"EntryPoint","urlTemplate":"https:\/\/www.stille.se\/se\/?s={search_term_string}"},"query-input":"required name=search_term_string"}],"inLanguage":"sv-SE"},{"@type":"WebPage","@id":"https:\/\/www.stille.se\/se\/instrumentservice-och-reparation\/#webpage","url":"https:\/\/www.stille.se\/se\/instrumentservice-och-reparation\/","name":"Instrumentservice och reparation - STILLE","isPartOf":{"@id":"https:\/\/www.stille.se\/se\/#website"},"datePublished":"2020-06-11T09:46:38+00:00","dateModified":"2024-09-18T07:10:07+00:00","breadcrumb":{"@id":"https:\/\/www.stille.se\/se\/instrumentservice-och-reparation\/#breadcrumb"},"inLanguage":"sv-SE","potentialAction":[{"@type":"ReadAction","target":["https:\/\/www.stille.se\/se\/instrumentservice-och-reparation\/"]}]},{"@type":"BreadcrumbList","@id":"https:\/\/www.stille.se\/se\/instrumentservice-och-reparation\/#breadcrumb","itemListElement":[{"@type":"ListItem","position":1,"name":"Hem","item":"https:\/\/www.stille.se\/se\/"},{"@type":"ListItem","position":2,"name":"Instrumentservice och reparation"}]}]}},"_links":{"self":[{"href":"https:\/\/www.stille.se\/se\/wp-json\/wp\/v2\/pages\/34704"}],"collection":[{"href":"https:\/\/www.stille.se\/se\/wp-json\/wp\/v2\/pages"}],"about":[{"href":"https:\/\/www.stille.se\/se\/wp-json\/wp\/v2\/types\/page"}],"author":[{"embeddable":true,"href":"https:\/\/www.stille.se\/se\/wp-json\/wp\/v2\/users\/33"}],"replies":[{"embeddable":true,"href":"https:\/\/www.stille.se\/se\/wp-json\/wp\/v2\/comments?post=34704"}],"version-history":[{"count":5,"href":"https:\/\/www.stille.se\/se\/wp-json\/wp\/v2\/pages\/34704\/revisions"}],"predecessor-version":[{"id":47797,"href":"https:\/\/www.stille.se\/se\/wp-json\/wp\/v2\/pages\/34704\/revisions\/47797"}],"wp:attachment":[{"href":"https:\/\/www.stille.se\/se\/wp-json\/wp\/v2\/media?parent=34704"}],"curies":[{"name":"wp","href":"https:\/\/api.w.org\/{rel}","templated":true}]}}