{"id":34710,"date":"2020-06-11T11:39:38","date_gmt":"2020-06-11T09:39:38","guid":{"rendered":"https:\/\/www.stille.se\/se\/?page_id=34710"},"modified":"2020-06-11T12:22:32","modified_gmt":"2020-06-11T10:22:32","slug":"instrumentgenomgang","status":"publish","type":"page","link":"https:\/\/www.stille.se\/se\/instrumentgenomgang\/","title":{"rendered":"Instrumentgenomg\u00e5ng"},"content":{"rendered":"\n<p><strong>F\u00f6rs\u00e4kra Er om att Era instrument \u00e4r s\u00e4kra att anv\u00e4nda &nbsp;och i gott skicka f\u00f6r att h\u00e5lla s\u00e5 l\u00e4nge som m\u00f6jligt.<\/strong><\/p>\n\n\n\n<p>Stille vill som tillverkare av kirurgiska instrument bidra till att minimera riskerna f\u00f6r att ett instrument g\u00e5r s\u00f6nder under operation med tanke p\u00e5 de allvarliga f\u00f6ljder detta kan f\u00e5 f\u00f6r patients\u00e4kerheten.<\/p>\n\n\n\n<p>Vi koncentrerar oss vid genomg\u00e5ngen p\u00e5 att uppt\u00e4cka instrument som kan vara farliga att anv\u00e4nda \u2013 med br\u00e4ckor eller korrosion \u2013 samt instrument som beh\u00f6ver servas \u2013 exempelvis saxar som inte klipper ordentligt, n\u00e5lf\u00f6rare med slitna k\u00e4ftar och kl\u00e4mmor med k\u00e4ftar som inte st\u00e4nger korrekt.<\/p>\n\n\n\n<p>Vid en instrumentgenomg\u00e5ng g\u00e5r en av Stilles erfarna instrumentmakare igenom ca 1.000 instrument per dag.<\/p>\n\n\n\n<p>Stille kan d\u00e4rigenom hj\u00e4lpa Er med rekommendationer \u00f6ver vilka instrument som b\u00f6r kasseras eller repareras p\u00e5 respektive instrumentgaller. Genomg\u00e5ngen fungerar ocks\u00e5 som ett komplement till sjukhusets kvailtetss\u00e4kring.<\/p>\n\n\n\n<p>\u00d6nskar ni hj\u00e4lp med en professionell genomg\u00e5ng av Era instrument, kontakta oss s\u00e5 planerar vi gemensamt in denna vid ett tillf\u00e4lle som passar er. Vi \u00e4r medvetna om att varje sjukhus har sina specifika behov och \u00e4r g\u00e4rna med och diskuterar en skr\u00e4ddarsydd l\u00f6sning.<\/p>\n\n\n\n<p>F\u00f6r att boka en instrumentgenomg\u00e5ng&nbsp;<a href=\"https:\/\/www.stille.se\/se\/om-oss\/kontakt\/\">kontakta ansvarig s\u00e4ljare<\/a><\/p>\n","protected":false},"excerpt":{"rendered":"<p>F\u00f6rs\u00e4kra Er om att Era instrument \u00e4r s\u00e4kra att anv\u00e4nda &nbsp;och i gott skicka f\u00f6r att h\u00e5lla s\u00e5 l\u00e4nge som m\u00f6jligt. Stille vill som tillverkare av kirurgiska instrument bidra till att minimera riskerna f\u00f6r att ett instrument g\u00e5r s\u00f6nder under operation med tanke p\u00e5 de allvarliga f\u00f6ljder detta kan f\u00e5 f\u00f6r patients\u00e4kerheten. Vi koncentrerar oss&#8230;<\/p>\n","protected":false},"author":33,"featured_media":0,"parent":0,"menu_order":0,"comment_status":"closed","ping_status":"closed","template":"","meta":[],"acf":[],"yoast_head":"<!-- This site is optimized with the Yoast SEO plugin v17.9 - https:\/\/yoast.com\/wordpress\/plugins\/seo\/ -->\n<title>Instrumentgenomg\u00e5ng - STILLE<\/title>\n<meta name=\"robots\" content=\"index, follow, max-snippet:-1, max-image-preview:large, max-video-preview:-1\" \/>\n<link rel=\"canonical\" href=\"https:\/\/www.stille.se\/se\/?page_id=34710\" \/>\n<meta property=\"og:locale\" content=\"sv_SE\" \/>\n<meta property=\"og:type\" content=\"article\" \/>\n<meta property=\"og:title\" content=\"Instrumentgenomg\u00e5ng - STILLE\" \/>\n<meta property=\"og:description\" content=\"F\u00f6rs\u00e4kra Er om att Era instrument \u00e4r s\u00e4kra att anv\u00e4nda &nbsp;och i gott skicka f\u00f6r att h\u00e5lla s\u00e5 l\u00e4nge som m\u00f6jligt. Stille vill som tillverkare av kirurgiska instrument bidra till att minimera riskerna f\u00f6r att ett instrument g\u00e5r s\u00f6nder under operation med tanke p\u00e5 de allvarliga f\u00f6ljder detta kan f\u00e5 f\u00f6r patients\u00e4kerheten. Vi koncentrerar oss...\" \/>\n<meta property=\"og:url\" content=\"https:\/\/www.stille.se\/se\/?page_id=34710\" \/>\n<meta property=\"og:site_name\" content=\"Stille SE\" \/>\n<meta property=\"article:publisher\" content=\"https:\/\/www.facebook.com\/stilleab\/\" \/>\n<meta property=\"article:modified_time\" content=\"2020-06-11T10:22:32+00:00\" \/>\n<meta property=\"og:image\" content=\"https:\/\/www.stille.se\/se\/wp-content\/uploads\/2019\/12\/stille-logo-800.jpg\" \/>\n\t<meta property=\"og:image:width\" content=\"562\" \/>\n\t<meta property=\"og:image:height\" content=\"314\" \/>\n\t<meta property=\"og:image:type\" content=\"image\/jpeg\" \/>\n<meta name=\"twitter:card\" content=\"summary_large_image\" \/>\n<meta name=\"twitter:label1\" content=\"Ber\u00e4knad l\u00e4stid\" \/>\n\t<meta name=\"twitter:data1\" content=\"1 minut\" \/>\n<script type=\"application\/ld+json\" class=\"yoast-schema-graph\">{\"@context\":\"https:\/\/schema.org\",\"@graph\":[{\"@type\":\"Organization\",\"@id\":\"https:\/\/www.stille.se\/se\/#organization\",\"name\":\"Stille AB\",\"url\":\"https:\/\/www.stille.se\/se\/\",\"sameAs\":[\"https:\/\/www.facebook.com\/stilleab\/\",\"https:\/\/www.linkedin.com\/company\/stille-ab\/\",\"https:\/\/www.youtube.com\/channel\/UCpxmVroiwKKSXWe3ZCOrSqw\"],\"logo\":{\"@type\":\"ImageObject\",\"@id\":\"https:\/\/www.stille.se\/se\/#logo\",\"inLanguage\":\"sv-SE\",\"url\":\"https:\/\/www.stille.se\/se\/wp-content\/uploads\/2019\/12\/stille-logo-800.jpg\",\"contentUrl\":\"https:\/\/www.stille.se\/se\/wp-content\/uploads\/2019\/12\/stille-logo-800.jpg\",\"width\":562,\"height\":314,\"caption\":\"Stille AB\"},\"image\":{\"@id\":\"https:\/\/www.stille.se\/se\/#logo\"}},{\"@type\":\"WebSite\",\"@id\":\"https:\/\/www.stille.se\/se\/#website\",\"url\":\"https:\/\/www.stille.se\/se\/\",\"name\":\"Stille SE\",\"description\":\"\",\"publisher\":{\"@id\":\"https:\/\/www.stille.se\/se\/#organization\"},\"potentialAction\":[{\"@type\":\"SearchAction\",\"target\":{\"@type\":\"EntryPoint\",\"urlTemplate\":\"https:\/\/www.stille.se\/se\/?s={search_term_string}\"},\"query-input\":\"required name=search_term_string\"}],\"inLanguage\":\"sv-SE\"},{\"@type\":\"WebPage\",\"@id\":\"https:\/\/www.stille.se\/se\/?page_id=34710#webpage\",\"url\":\"https:\/\/www.stille.se\/se\/?page_id=34710\",\"name\":\"Instrumentgenomg\\u00e5ng - STILLE\",\"isPartOf\":{\"@id\":\"https:\/\/www.stille.se\/se\/#website\"},\"datePublished\":\"2020-06-11T09:39:38+00:00\",\"dateModified\":\"2020-06-11T10:22:32+00:00\",\"breadcrumb\":{\"@id\":\"https:\/\/www.stille.se\/se\/?page_id=34710#breadcrumb\"},\"inLanguage\":\"sv-SE\",\"potentialAction\":[{\"@type\":\"ReadAction\",\"target\":[\"https:\/\/www.stille.se\/se\/?page_id=34710\"]}]},{\"@type\":\"BreadcrumbList\",\"@id\":\"https:\/\/www.stille.se\/se\/?page_id=34710#breadcrumb\",\"itemListElement\":[{\"@type\":\"ListItem\",\"position\":1,\"name\":\"Hem\",\"item\":\"https:\/\/www.stille.se\/se\/\"},{\"@type\":\"ListItem\",\"position\":2,\"name\":\"Instrumentgenomg\\u00e5ng\"}]}]}<\/script>\n<!-- \/ Yoast SEO plugin. -->","yoast_head_json":{"title":"Instrumentgenomg\u00e5ng - STILLE","robots":{"index":"index","follow":"follow","max-snippet":"max-snippet:-1","max-image-preview":"max-image-preview:large","max-video-preview":"max-video-preview:-1"},"canonical":"https:\/\/www.stille.se\/se\/?page_id=34710","og_locale":"sv_SE","og_type":"article","og_title":"Instrumentgenomg\u00e5ng - STILLE","og_description":"F\u00f6rs\u00e4kra Er om att Era instrument \u00e4r s\u00e4kra att anv\u00e4nda &nbsp;och i gott skicka f\u00f6r att h\u00e5lla s\u00e5 l\u00e4nge som m\u00f6jligt. Stille vill som tillverkare av kirurgiska instrument bidra till att minimera riskerna f\u00f6r att ett instrument g\u00e5r s\u00f6nder under operation med tanke p\u00e5 de allvarliga f\u00f6ljder detta kan f\u00e5 f\u00f6r patients\u00e4kerheten. Vi koncentrerar oss...","og_url":"https:\/\/www.stille.se\/se\/?page_id=34710","og_site_name":"Stille SE","article_publisher":"https:\/\/www.facebook.com\/stilleab\/","article_modified_time":"2020-06-11T10:22:32+00:00","og_image":[{"width":562,"height":314,"url":"https:\/\/www.stille.se\/se\/wp-content\/uploads\/2019\/12\/stille-logo-800.jpg","type":"image\/jpeg"}],"twitter_card":"summary_large_image","twitter_misc":{"Ber\u00e4knad l\u00e4stid":"1 minut"},"schema":{"@context":"https:\/\/schema.org","@graph":[{"@type":"Organization","@id":"https:\/\/www.stille.se\/se\/#organization","name":"Stille AB","url":"https:\/\/www.stille.se\/se\/","sameAs":["https:\/\/www.facebook.com\/stilleab\/","https:\/\/www.linkedin.com\/company\/stille-ab\/","https:\/\/www.youtube.com\/channel\/UCpxmVroiwKKSXWe3ZCOrSqw"],"logo":{"@type":"ImageObject","@id":"https:\/\/www.stille.se\/se\/#logo","inLanguage":"sv-SE","url":"https:\/\/www.stille.se\/se\/wp-content\/uploads\/2019\/12\/stille-logo-800.jpg","contentUrl":"https:\/\/www.stille.se\/se\/wp-content\/uploads\/2019\/12\/stille-logo-800.jpg","width":562,"height":314,"caption":"Stille AB"},"image":{"@id":"https:\/\/www.stille.se\/se\/#logo"}},{"@type":"WebSite","@id":"https:\/\/www.stille.se\/se\/#website","url":"https:\/\/www.stille.se\/se\/","name":"Stille SE","description":"","publisher":{"@id":"https:\/\/www.stille.se\/se\/#organization"},"potentialAction":[{"@type":"SearchAction","target":{"@type":"EntryPoint","urlTemplate":"https:\/\/www.stille.se\/se\/?s={search_term_string}"},"query-input":"required name=search_term_string"}],"inLanguage":"sv-SE"},{"@type":"WebPage","@id":"https:\/\/www.stille.se\/se\/?page_id=34710#webpage","url":"https:\/\/www.stille.se\/se\/?page_id=34710","name":"Instrumentgenomg\u00e5ng - STILLE","isPartOf":{"@id":"https:\/\/www.stille.se\/se\/#website"},"datePublished":"2020-06-11T09:39:38+00:00","dateModified":"2020-06-11T10:22:32+00:00","breadcrumb":{"@id":"https:\/\/www.stille.se\/se\/?page_id=34710#breadcrumb"},"inLanguage":"sv-SE","potentialAction":[{"@type":"ReadAction","target":["https:\/\/www.stille.se\/se\/?page_id=34710"]}]},{"@type":"BreadcrumbList","@id":"https:\/\/www.stille.se\/se\/?page_id=34710#breadcrumb","itemListElement":[{"@type":"ListItem","position":1,"name":"Hem","item":"https:\/\/www.stille.se\/se\/"},{"@type":"ListItem","position":2,"name":"Instrumentgenomg\u00e5ng"}]}]}},"_links":{"self":[{"href":"https:\/\/www.stille.se\/se\/wp-json\/wp\/v2\/pages\/34710"}],"collection":[{"href":"https:\/\/www.stille.se\/se\/wp-json\/wp\/v2\/pages"}],"about":[{"href":"https:\/\/www.stille.se\/se\/wp-json\/wp\/v2\/types\/page"}],"author":[{"embeddable":true,"href":"https:\/\/www.stille.se\/se\/wp-json\/wp\/v2\/users\/33"}],"replies":[{"embeddable":true,"href":"https:\/\/www.stille.se\/se\/wp-json\/wp\/v2\/comments?post=34710"}],"version-history":[{"count":5,"href":"https:\/\/www.stille.se\/se\/wp-json\/wp\/v2\/pages\/34710\/revisions"}],"predecessor-version":[{"id":34761,"href":"https:\/\/www.stille.se\/se\/wp-json\/wp\/v2\/pages\/34710\/revisions\/34761"}],"wp:attachment":[{"href":"https:\/\/www.stille.se\/se\/wp-json\/wp\/v2\/media?parent=34710"}],"curies":[{"name":"wp","href":"https:\/\/api.w.org\/{rel}","templated":true}]}}