{"id":43621,"date":"2022-04-29T16:42:08","date_gmt":"2022-04-29T14:42:08","guid":{"rendered":"https:\/\/www.stille.se\/se\/?page_id=43621"},"modified":"2025-02-05T10:45:22","modified_gmt":"2025-02-05T09:45:22","slug":"lediga-jobb","status":"publish","type":"page","link":"https:\/\/www.stille.se\/se\/om-oss\/lediga-jobb\/","title":{"rendered":"Jobba hos oss"},"content":{"rendered":"\n<p>Dagens Stille \u00e4r resultatet av n\u00e4rmare 180 \u00e5r av innovation i h\u00e4lso- och sjukv\u00e5rdens tj\u00e4nst, allt sedan Albert Stille grundade f\u00f6retaget 1841. Vi har sedan starten tillverkat och marknadsf\u00f6rt kirurgiska instrument och operationsbord av premiumkvalitet som underl\u00e4ttar arbetet f\u00f6r l\u00e4kare och kirurger samt gjort nya operationer m\u00f6jliga. Stilles vision \u00e4r att vi med v\u00e5ra produkter ska skapa f\u00f6ruts\u00e4ttningar f\u00f6r kirurgisk perfektion \u201dSurgical perfection. For life\u201d.<\/p>\n\n\n\n<p>Teamk\u00e4nslan, kvalit\u00e9tsfokus och stolthet \u00f6ver v\u00e5rt hantverk \u00e4r starkt hos oss och du kommer att vara omgiven av kollegor som r\u00e4knas som n\u00e5gra av de b\u00e4sta i branschen. Vi erbjuder ett sp\u00e4nnande och utmanande jobb, med stora m\u00f6jligheter inom en framtidsbransch och ett f\u00f6retag i stark utveckling. Tillsammans \u00e4r vi alla med och bidrar till v\u00e5r sp\u00e4nnande framtid.<\/p>\n\n\n\n<p><\/p>\n\n\n<p style=\"text-align: left;\"><a class=\"myt-btn myt-btn--primary\" href=\"https:\/\/stillegroup.careers.haileyhr.app\/\" target=\"_blank\" rel=\"noopener\">Till karri\u00e4rssidan<\/a><\/p>","protected":false},"excerpt":{"rendered":"<p>Dagens Stille \u00e4r resultatet av n\u00e4rmare 180 \u00e5r av innovation i h\u00e4lso- och sjukv\u00e5rdens tj\u00e4nst, allt sedan Albert Stille grundade f\u00f6retaget 1841. Vi har sedan starten tillverkat och marknadsf\u00f6rt kirurgiska instrument och operationsbord av premiumkvalitet som underl\u00e4ttar arbetet f\u00f6r l\u00e4kare och kirurger samt gjort nya operationer m\u00f6jliga. Stilles vision \u00e4r att vi med v\u00e5ra produkter&#8230;<\/p>\n","protected":false},"author":33,"featured_media":0,"parent":1203,"menu_order":0,"comment_status":"closed","ping_status":"closed","template":"","meta":[],"acf":[],"yoast_head":"<!-- This site is optimized with the Yoast SEO plugin v17.9 - https:\/\/yoast.com\/wordpress\/plugins\/seo\/ -->\n<title>Jobba hos oss - STILLE<\/title>\n<meta name=\"robots\" content=\"index, follow, max-snippet:-1, max-image-preview:large, max-video-preview:-1\" \/>\n<link rel=\"canonical\" href=\"https:\/\/www.stille.se\/se\/om-oss\/lediga-jobb\/\" \/>\n<meta property=\"og:locale\" content=\"sv_SE\" \/>\n<meta property=\"og:type\" content=\"article\" \/>\n<meta property=\"og:title\" content=\"Jobba hos oss - STILLE\" \/>\n<meta property=\"og:description\" content=\"Dagens Stille \u00e4r resultatet av n\u00e4rmare 180 \u00e5r av innovation i h\u00e4lso- och sjukv\u00e5rdens tj\u00e4nst, allt sedan Albert Stille grundade f\u00f6retaget 1841. Vi har sedan starten tillverkat och marknadsf\u00f6rt kirurgiska instrument och operationsbord av premiumkvalitet som underl\u00e4ttar arbetet f\u00f6r l\u00e4kare och kirurger samt gjort nya operationer m\u00f6jliga. Stilles vision \u00e4r att vi med v\u00e5ra produkter...\" \/>\n<meta property=\"og:url\" content=\"https:\/\/www.stille.se\/se\/om-oss\/lediga-jobb\/\" \/>\n<meta property=\"og:site_name\" content=\"Stille SE\" \/>\n<meta property=\"article:publisher\" content=\"https:\/\/www.facebook.com\/stilleab\/\" \/>\n<meta property=\"article:modified_time\" content=\"2025-02-05T09:45:22+00:00\" \/>\n<meta property=\"og:image\" content=\"https:\/\/www.stille.se\/se\/wp-content\/uploads\/2019\/12\/stille-logo-800.jpg\" \/>\n\t<meta property=\"og:image:width\" content=\"562\" \/>\n\t<meta property=\"og:image:height\" content=\"314\" \/>\n\t<meta property=\"og:image:type\" content=\"image\/jpeg\" \/>\n<meta name=\"twitter:card\" content=\"summary_large_image\" \/>\n<meta name=\"twitter:label1\" content=\"Ber\u00e4knad l\u00e4stid\" \/>\n\t<meta name=\"twitter:data1\" content=\"1 minut\" \/>\n<script type=\"application\/ld+json\" class=\"yoast-schema-graph\">{\"@context\":\"https:\/\/schema.org\",\"@graph\":[{\"@type\":\"Organization\",\"@id\":\"https:\/\/www.stille.se\/se\/#organization\",\"name\":\"Stille AB\",\"url\":\"https:\/\/www.stille.se\/se\/\",\"sameAs\":[\"https:\/\/www.facebook.com\/stilleab\/\",\"https:\/\/www.linkedin.com\/company\/stille-ab\/\",\"https:\/\/www.youtube.com\/channel\/UCpxmVroiwKKSXWe3ZCOrSqw\"],\"logo\":{\"@type\":\"ImageObject\",\"@id\":\"https:\/\/www.stille.se\/se\/#logo\",\"inLanguage\":\"sv-SE\",\"url\":\"https:\/\/www.stille.se\/se\/wp-content\/uploads\/2019\/12\/stille-logo-800.jpg\",\"contentUrl\":\"https:\/\/www.stille.se\/se\/wp-content\/uploads\/2019\/12\/stille-logo-800.jpg\",\"width\":562,\"height\":314,\"caption\":\"Stille AB\"},\"image\":{\"@id\":\"https:\/\/www.stille.se\/se\/#logo\"}},{\"@type\":\"WebSite\",\"@id\":\"https:\/\/www.stille.se\/se\/#website\",\"url\":\"https:\/\/www.stille.se\/se\/\",\"name\":\"Stille SE\",\"description\":\"\",\"publisher\":{\"@id\":\"https:\/\/www.stille.se\/se\/#organization\"},\"potentialAction\":[{\"@type\":\"SearchAction\",\"target\":{\"@type\":\"EntryPoint\",\"urlTemplate\":\"https:\/\/www.stille.se\/se\/?s={search_term_string}\"},\"query-input\":\"required name=search_term_string\"}],\"inLanguage\":\"sv-SE\"},{\"@type\":\"WebPage\",\"@id\":\"https:\/\/www.stille.se\/se\/om-oss\/lediga-jobb\/#webpage\",\"url\":\"https:\/\/www.stille.se\/se\/om-oss\/lediga-jobb\/\",\"name\":\"Jobba hos oss - STILLE\",\"isPartOf\":{\"@id\":\"https:\/\/www.stille.se\/se\/#website\"},\"datePublished\":\"2022-04-29T14:42:08+00:00\",\"dateModified\":\"2025-02-05T09:45:22+00:00\",\"breadcrumb\":{\"@id\":\"https:\/\/www.stille.se\/se\/om-oss\/lediga-jobb\/#breadcrumb\"},\"inLanguage\":\"sv-SE\",\"potentialAction\":[{\"@type\":\"ReadAction\",\"target\":[\"https:\/\/www.stille.se\/se\/om-oss\/lediga-jobb\/\"]}]},{\"@type\":\"BreadcrumbList\",\"@id\":\"https:\/\/www.stille.se\/se\/om-oss\/lediga-jobb\/#breadcrumb\",\"itemListElement\":[{\"@type\":\"ListItem\",\"position\":1,\"name\":\"Hem\",\"item\":\"https:\/\/www.stille.se\/se\/\"},{\"@type\":\"ListItem\",\"position\":2,\"name\":\"Om oss\",\"item\":\"https:\/\/www.stille.se\/se\/om-oss\/\"},{\"@type\":\"ListItem\",\"position\":3,\"name\":\"Jobba hos oss\"}]}]}<\/script>\n<!-- \/ Yoast SEO plugin. -->","yoast_head_json":{"title":"Jobba hos oss - STILLE","robots":{"index":"index","follow":"follow","max-snippet":"max-snippet:-1","max-image-preview":"max-image-preview:large","max-video-preview":"max-video-preview:-1"},"canonical":"https:\/\/www.stille.se\/se\/om-oss\/lediga-jobb\/","og_locale":"sv_SE","og_type":"article","og_title":"Jobba hos oss - STILLE","og_description":"Dagens Stille \u00e4r resultatet av n\u00e4rmare 180 \u00e5r av innovation i h\u00e4lso- och sjukv\u00e5rdens tj\u00e4nst, allt sedan Albert Stille grundade f\u00f6retaget 1841. Vi har sedan starten tillverkat och marknadsf\u00f6rt kirurgiska instrument och operationsbord av premiumkvalitet som underl\u00e4ttar arbetet f\u00f6r l\u00e4kare och kirurger samt gjort nya operationer m\u00f6jliga. Stilles vision \u00e4r att vi med v\u00e5ra produkter...","og_url":"https:\/\/www.stille.se\/se\/om-oss\/lediga-jobb\/","og_site_name":"Stille SE","article_publisher":"https:\/\/www.facebook.com\/stilleab\/","article_modified_time":"2025-02-05T09:45:22+00:00","og_image":[{"width":562,"height":314,"url":"https:\/\/www.stille.se\/se\/wp-content\/uploads\/2019\/12\/stille-logo-800.jpg","type":"image\/jpeg"}],"twitter_card":"summary_large_image","twitter_misc":{"Ber\u00e4knad l\u00e4stid":"1 minut"},"schema":{"@context":"https:\/\/schema.org","@graph":[{"@type":"Organization","@id":"https:\/\/www.stille.se\/se\/#organization","name":"Stille AB","url":"https:\/\/www.stille.se\/se\/","sameAs":["https:\/\/www.facebook.com\/stilleab\/","https:\/\/www.linkedin.com\/company\/stille-ab\/","https:\/\/www.youtube.com\/channel\/UCpxmVroiwKKSXWe3ZCOrSqw"],"logo":{"@type":"ImageObject","@id":"https:\/\/www.stille.se\/se\/#logo","inLanguage":"sv-SE","url":"https:\/\/www.stille.se\/se\/wp-content\/uploads\/2019\/12\/stille-logo-800.jpg","contentUrl":"https:\/\/www.stille.se\/se\/wp-content\/uploads\/2019\/12\/stille-logo-800.jpg","width":562,"height":314,"caption":"Stille AB"},"image":{"@id":"https:\/\/www.stille.se\/se\/#logo"}},{"@type":"WebSite","@id":"https:\/\/www.stille.se\/se\/#website","url":"https:\/\/www.stille.se\/se\/","name":"Stille SE","description":"","publisher":{"@id":"https:\/\/www.stille.se\/se\/#organization"},"potentialAction":[{"@type":"SearchAction","target":{"@type":"EntryPoint","urlTemplate":"https:\/\/www.stille.se\/se\/?s={search_term_string}"},"query-input":"required name=search_term_string"}],"inLanguage":"sv-SE"},{"@type":"WebPage","@id":"https:\/\/www.stille.se\/se\/om-oss\/lediga-jobb\/#webpage","url":"https:\/\/www.stille.se\/se\/om-oss\/lediga-jobb\/","name":"Jobba hos oss - STILLE","isPartOf":{"@id":"https:\/\/www.stille.se\/se\/#website"},"datePublished":"2022-04-29T14:42:08+00:00","dateModified":"2025-02-05T09:45:22+00:00","breadcrumb":{"@id":"https:\/\/www.stille.se\/se\/om-oss\/lediga-jobb\/#breadcrumb"},"inLanguage":"sv-SE","potentialAction":[{"@type":"ReadAction","target":["https:\/\/www.stille.se\/se\/om-oss\/lediga-jobb\/"]}]},{"@type":"BreadcrumbList","@id":"https:\/\/www.stille.se\/se\/om-oss\/lediga-jobb\/#breadcrumb","itemListElement":[{"@type":"ListItem","position":1,"name":"Hem","item":"https:\/\/www.stille.se\/se\/"},{"@type":"ListItem","position":2,"name":"Om oss","item":"https:\/\/www.stille.se\/se\/om-oss\/"},{"@type":"ListItem","position":3,"name":"Jobba hos oss"}]}]}},"_links":{"self":[{"href":"https:\/\/www.stille.se\/se\/wp-json\/wp\/v2\/pages\/43621"}],"collection":[{"href":"https:\/\/www.stille.se\/se\/wp-json\/wp\/v2\/pages"}],"about":[{"href":"https:\/\/www.stille.se\/se\/wp-json\/wp\/v2\/types\/page"}],"author":[{"embeddable":true,"href":"https:\/\/www.stille.se\/se\/wp-json\/wp\/v2\/users\/33"}],"replies":[{"embeddable":true,"href":"https:\/\/www.stille.se\/se\/wp-json\/wp\/v2\/comments?post=43621"}],"version-history":[{"count":28,"href":"https:\/\/www.stille.se\/se\/wp-json\/wp\/v2\/pages\/43621\/revisions"}],"predecessor-version":[{"id":47981,"href":"https:\/\/www.stille.se\/se\/wp-json\/wp\/v2\/pages\/43621\/revisions\/47981"}],"up":[{"embeddable":true,"href":"https:\/\/www.stille.se\/se\/wp-json\/wp\/v2\/pages\/1203"}],"wp:attachment":[{"href":"https:\/\/www.stille.se\/se\/wp-json\/wp\/v2\/media?parent=43621"}],"curies":[{"name":"wp","href":"https:\/\/api.w.org\/{rel}","templated":true}]}}