{"id":47016,"date":"2023-08-24T15:36:24","date_gmt":"2023-08-24T13:36:24","guid":{"rendered":"https:\/\/www.stille.se\/se\/?page_id=47016"},"modified":"2024-11-15T14:50:14","modified_gmt":"2024-11-15T13:50:14","slug":"presentationer","status":"publish","type":"page","link":"https:\/\/www.stille.se\/se\/investerare\/finansiella-rapporter-nyheter\/presentationer\/","title":{"rendered":"Presentationer"},"content":{"rendered":"<h1 style=\"text-align: left;\">Presentationer<\/h1>\n\n\n<p><strong>VD Torbj\u00f6rn Sk\u00f6ld<\/strong> <strong>presenterar p\u00e5<strong><strong> Redeye Medtech &amp; Diagnostics Event 2024<\/strong><\/strong><br><\/strong>13 november, 2024<\/p>\n\n\n\n<figure class=\"wp-block-embed is-type-wp-embed is-provider-wistia-inc wp-block-embed-wistia-inc\"><div class=\"wp-block-embed__wrapper\">\n<iframe class=\"wp-embedded-content\" sandbox=\"allow-scripts\" security=\"restricted\" title=\"Stille Video\" src=\"https:\/\/fast.wistia.net\/embed\/iframe\/yvzihtmk7n?dnt=1#?secret=sTPUKAOVZd\" data-secret=\"sTPUKAOVZd\" frameborder=\"0\" scrolling=\"no\" width=\"740\" height=\"416\"><\/iframe>\n<\/div><\/figure>\n\n\n\n<p><strong><strong>Updaterad f\u00f6retagspresentation<\/strong> <strong>Q3<\/strong><br><\/strong>28 oktober, 2024<\/p>\n\n\n\n<div class=\"wp-block-file\"><a id=\"wp-block-file--media-4b4c8196-5c87-4a4a-a3e2-25e6bf5c6dee\" href=\"https:\/\/www.stille.se\/se\/wp-content\/uploads\/2024\/10\/20241028-stille-investor-presentation-q3.pdf\">Stille f\u00f6retagspresentation &#8211; Q3<\/a><\/div>\n\n\n\n<p class=\"wp-embed-aspect-16-9 wp-has-aspect-ratio\"><strong>F\u00f6retagspresentation: Pareto Healthcare Conference<br><\/strong>19 september, 2024<\/p>\n\n\n\n<div class=\"wp-block-file wp-embed-aspect-16-9 wp-has-aspect-ratio\"><a id=\"wp-block-file--media-4b4c8196-5c87-4a4a-a3e2-25e6bf5c6dee\" href=\"https:\/\/www.stille.se\/se\/wp-content\/uploads\/2024\/09\/20240918-stille-investor-presentation-q2-pareto-full.pdf\">Stille f\u00f6retagspresentation: Pareto Healthcare Conference<\/a><\/div>\n\n\n\n<p id=\"block-f4c6acac-771a-48ab-8365-cf5946f948fd\"><strong>VD Torbj\u00f6rn Sk\u00f6ld kommenterar Bokslutskommunik\u00e9 2023<br><\/strong>16 februari, 2024<\/p>\n\n\n\n<figure class=\"wp-block-embed is-type-wp-embed is-provider-wistia-inc wp-block-embed-wistia-inc\"><div class=\"wp-block-embed__wrapper\">\n<iframe class=\"wp-embedded-content\" sandbox=\"allow-scripts\" security=\"restricted\" title=\"Stille Video\" src=\"https:\/\/fast.wistia.net\/embed\/iframe\/d8vdeel8st?dnt=1#?secret=Nb0a8Qj5Ii\" data-secret=\"Nb0a8Qj5Ii\" frameborder=\"0\" scrolling=\"no\" width=\"740\" height=\"416\"><\/iframe>\n<\/div><\/figure>\n\n\n\n<p><strong><strong>VD Torbj\u00f6rn Sk\u00f6ld kommenterar f\u00f6rv\u00e4rvet av Fehling Instruments<\/strong><br><\/strong>29 november, 2023<\/p>\n\n\n\n<figure class=\"wp-block-embed is-type-video is-provider-youtube wp-block-embed-youtube wp-embed-aspect-16-9 wp-has-aspect-ratio\"><div class=\"wp-block-embed__wrapper\">\n<iframe loading=\"lazy\" title=\"CEO Torbj\u00f6rn Sk\u00f6ld comments on the acquisition of Fehling Instruments\" width=\"740\" height=\"416\" src=\"https:\/\/www.youtube.com\/embed\/PfVyYJjsWho?feature=oembed\" frameborder=\"0\" allow=\"accelerometer; autoplay; clipboard-write; encrypted-media; gyroscope; picture-in-picture; web-share\" referrerpolicy=\"strict-origin-when-cross-origin\" allowfullscreen><\/iframe>\n<\/div><\/figure>\n\n\n\n<p><strong><strong><strong>VD Torbj\u00f6rn Sk\u00f6ld presenterar p\u00e5<\/strong> Redeye Life Science Day 2023<\/strong><br><\/strong>27 november, 2023<\/p>\n\n\n\n<figure class=\"wp-block-embed is-type-wp-embed is-provider-wistia-inc wp-block-embed-wistia-inc\"><div class=\"wp-block-embed__wrapper\">\n<iframe class=\"wp-embedded-content\" sandbox=\"allow-scripts\" security=\"restricted\" title=\"stille Video\" src=\"https:\/\/fast.wistia.net\/embed\/iframe\/kxk7dujw31?dnt=1#?secret=0cdyo8ETgp\" data-secret=\"0cdyo8ETgp\" frameborder=\"0\" scrolling=\"no\" width=\"740\" height=\"416\"><\/iframe>\n<\/div><\/figure>\n\n\n\n<p class=\"wp-embed-aspect-16-9 wp-has-aspect-ratio\"><strong>Updaterad f\u00f6retagspresentation<\/strong> <strong>Q3<br><\/strong>7 november, 2023<\/p>\n\n\n\n<div class=\"wp-block-file wp-embed-aspect-16-9 wp-has-aspect-ratio\"><a id=\"wp-block-file--media-4b4c8196-5c87-4a4a-a3e2-25e6bf5c6dee\" href=\"https:\/\/www.stille.se\/wp-content\/uploads\/2023\/11\/20231107-stille-investor-presentation-q3-update.pdf\">Stille f\u00f6retagspresentation &#8211; Q3<\/a><\/div>\n\n\n\n<p><strong><strong>VD Torbj\u00f6rn Sk\u00f6ld presenterar p\u00e5 Pareto Securities Healthcare Conference<\/strong><br><\/strong>15 september, 2023<\/p>\n\n\n\n<figure class=\"wp-block-image size-large is-resized is-style-default\"><a href=\"https:\/\/www.stille.se\/wp-content\/uploads\/2023\/09\/20230907-stille-investor-presentation_final.pdf\"><img loading=\"lazy\" src=\"https:\/\/www.stille.se\/wp-content\/uploads\/2023\/09\/stille2-1024x683.jpg\" alt=\"\" class=\"wp-image-53050\" width=\"600\" height=\"400\"\/><\/a><\/figure>\n\n\n\n<p>Klicka p\u00e5 bilden f\u00f6r att ladda ner presentationen.<\/p>\n\n\n\n<p><strong>Uppdaterad<\/strong> <strong>f\u00f6retagspresentation Q2<br><\/strong>8 september, 2023<\/p>\n\n\n\n<div class=\"wp-block-file\"><a id=\"wp-block-file--media-4b4c8196-5c87-4a4a-a3e2-25e6bf5c6dee\" href=\"https:\/\/www.stille.se\/wp-content\/uploads\/2023\/09\/20230907-stille-investor-presentation_final.pdf\">Stille f\u00f6retagspresentation &#8211; Q2<\/a><\/div>\n\n\n\n<p><strong>VD Torbj\u00f6rn Sk\u00f6ld presenterar p\u00e5 Redeye Medtech Event<\/strong><br>10 maj, 2023<\/p>\n\n\n\n<figure class=\"wp-block-embed is-type-wp-embed is-provider-wistia-inc wp-block-embed-wistia-inc\"><div class=\"wp-block-embed__wrapper\">\n<iframe class=\"wp-embedded-content\" sandbox=\"allow-scripts\" security=\"restricted\" title=\"Stille Video\" src=\"https:\/\/fast.wistia.net\/embed\/iframe\/d8vdeel8st?dnt=1#?secret=Nb0a8Qj5Ii\" data-secret=\"Nb0a8Qj5Ii\" frameborder=\"0\" scrolling=\"no\" width=\"740\" height=\"416\"><\/iframe>\n<\/div><\/figure>\n\n\n\n<p><strong>VD<\/strong> <strong>Hanna Ernestam Wilkman presenterar p\u00e5 Redeye Theme: Medtech &amp; Diagnostics 2022<\/strong><br>12 maj, 2022<\/p>\n\n\n\n<figure class=\"wp-block-embed is-type-wp-embed is-provider-wistia-inc wp-block-embed-wistia-inc\"><div class=\"wp-block-embed__wrapper\">\n<iframe class=\"wp-embedded-content\" sandbox=\"allow-scripts\" security=\"restricted\" title=\"Stille220511 Video\" src=\"https:\/\/fast.wistia.net\/embed\/iframe\/dvthazjbpq?dnt=1#?secret=bmO7oRhj27\" data-secret=\"bmO7oRhj27\" frameborder=\"0\" scrolling=\"no\" width=\"740\" height=\"416\"><\/iframe>\n<\/div><\/figure>\n\n\n\n<p><strong>VD Hanna Ernestam Wilkman presenterar p\u00e5 Redeye Theme: Medtech &amp; Diagnostics 2022<\/strong><br>25 februari, 2022<\/p>\n\n\n\n<figure class=\"wp-block-embed is-type-wp-embed is-provider-wistia-inc wp-block-embed-wistia-inc\"><div class=\"wp-block-embed__wrapper\">\n<iframe class=\"wp-embedded-content\" sandbox=\"allow-scripts\" security=\"restricted\" title=\"Stille Video\" src=\"https:\/\/fast.wistia.net\/embed\/iframe\/awlnecn7oz?dnt=1#?secret=04tJra2cki\" data-secret=\"04tJra2cki\" frameborder=\"0\" scrolling=\"no\" width=\"740\" height=\"416\"><\/iframe>\n<\/div><\/figure>\n\n\n\n<p><strong>VD Hanna Ernestam Wilkman presenterar p\u00e5 Redeye Life Science Day 2021<br><\/strong>15 November, 2021<\/p>\n\n\n\n<figure class=\"wp-block-embed is-type-wp-embed is-provider-wistia-inc wp-block-embed-wistia-inc\"><div class=\"wp-block-embed__wrapper\">\n<iframe class=\"wp-embedded-content\" sandbox=\"allow-scripts\" security=\"restricted\" title=\"Stille Video\" src=\"https:\/\/fast.wistia.net\/embed\/iframe\/w2qwcuw2l8?dnt=1#?secret=6URiyimK57\" data-secret=\"6URiyimK57\" frameborder=\"0\" scrolling=\"no\" width=\"740\" height=\"416\"><\/iframe>\n<\/div><\/figure>\n\n\n\n<p><strong>VD David Jern presenterar p\u00e5 Corporate Finance Life Science seminarium<br><\/strong>6 mars, 2018<\/p>\n\n\n\n<figure class=\"wp-block-embed is-type-video is-provider-youtube wp-block-embed-youtube wp-embed-aspect-16-9 wp-has-aspect-ratio\"><div class=\"wp-block-embed__wrapper\">\n<iframe loading=\"lazy\" title=\"Stille ab p\u00e5 Stockholm Corporate Finance Life Science seminarium 20180306\" width=\"740\" height=\"416\" src=\"https:\/\/www.youtube.com\/embed\/2Bj4uddKiks?feature=oembed\" frameborder=\"0\" allow=\"accelerometer; autoplay; clipboard-write; encrypted-media; gyroscope; picture-in-picture; web-share\" referrerpolicy=\"strict-origin-when-cross-origin\" allowfullscreen><\/iframe>\n<\/div><\/figure>\n","protected":false},"excerpt":{"rendered":"<p>Presentationer VD Torbj\u00f6rn Sk\u00f6ld presenterar p\u00e5 Redeye Medtech &amp; Diagnostics Event 202413 november, 2024 Updaterad f\u00f6retagspresentation Q328 oktober, 2024 F\u00f6retagspresentation: Pareto Healthcare Conference19 september, 2024 VD Torbj\u00f6rn Sk\u00f6ld kommenterar Bokslutskommunik\u00e9 202316 februari, 2024 VD Torbj\u00f6rn Sk\u00f6ld kommenterar f\u00f6rv\u00e4rvet av Fehling Instruments29 november, 2023 VD Torbj\u00f6rn Sk\u00f6ld presenterar p\u00e5 Redeye Life Science Day 202327 november, 2023&#8230;<\/p>\n","protected":false},"author":33,"featured_media":0,"parent":1191,"menu_order":0,"comment_status":"open","ping_status":"closed","template":"","meta":[],"acf":[],"yoast_head":"<!-- This site is optimized with the Yoast SEO plugin v17.9 - https:\/\/yoast.com\/wordpress\/plugins\/seo\/ -->\n<title>Presentationer - STILLE<\/title>\n<meta name=\"robots\" content=\"index, follow, max-snippet:-1, max-image-preview:large, max-video-preview:-1\" \/>\n<link rel=\"canonical\" href=\"https:\/\/www.stille.se\/se\/investerare\/finansiella-rapporter-nyheter\/presentationer\/\" \/>\n<meta property=\"og:locale\" content=\"sv_SE\" \/>\n<meta property=\"og:type\" content=\"article\" \/>\n<meta property=\"og:title\" content=\"Presentationer - STILLE\" \/>\n<meta property=\"og:description\" content=\"Presentationer VD Torbj\u00f6rn Sk\u00f6ld presenterar p\u00e5 Redeye Medtech &amp; Diagnostics Event 202413 november, 2024 Updaterad f\u00f6retagspresentation Q328 oktober, 2024 F\u00f6retagspresentation: Pareto Healthcare Conference19 september, 2024 VD Torbj\u00f6rn Sk\u00f6ld kommenterar Bokslutskommunik\u00e9 202316 februari, 2024 VD Torbj\u00f6rn Sk\u00f6ld kommenterar f\u00f6rv\u00e4rvet av Fehling Instruments29 november, 2023 VD Torbj\u00f6rn Sk\u00f6ld presenterar p\u00e5 Redeye Life Science Day 202327 november, 2023...\" \/>\n<meta property=\"og:url\" content=\"https:\/\/www.stille.se\/se\/investerare\/finansiella-rapporter-nyheter\/presentationer\/\" \/>\n<meta property=\"og:site_name\" content=\"Stille SE\" \/>\n<meta property=\"article:publisher\" content=\"https:\/\/www.facebook.com\/stilleab\/\" \/>\n<meta property=\"article:modified_time\" content=\"2024-11-15T13:50:14+00:00\" \/>\n<meta property=\"og:image\" content=\"https:\/\/www.stille.se\/wp-content\/uploads\/2023\/09\/stille2-1024x683.jpg\" \/>\n<meta name=\"twitter:card\" content=\"summary_large_image\" \/>\n<meta name=\"twitter:label1\" content=\"Ber\u00e4knad l\u00e4stid\" \/>\n\t<meta name=\"twitter:data1\" content=\"2 minuter\" \/>\n<script type=\"application\/ld+json\" class=\"yoast-schema-graph\">{\"@context\":\"https:\/\/schema.org\",\"@graph\":[{\"@type\":\"Organization\",\"@id\":\"https:\/\/www.stille.se\/se\/#organization\",\"name\":\"Stille AB\",\"url\":\"https:\/\/www.stille.se\/se\/\",\"sameAs\":[\"https:\/\/www.facebook.com\/stilleab\/\",\"https:\/\/www.linkedin.com\/company\/stille-ab\/\",\"https:\/\/www.youtube.com\/channel\/UCpxmVroiwKKSXWe3ZCOrSqw\"],\"logo\":{\"@type\":\"ImageObject\",\"@id\":\"https:\/\/www.stille.se\/se\/#logo\",\"inLanguage\":\"sv-SE\",\"url\":\"https:\/\/www.stille.se\/se\/wp-content\/uploads\/2019\/12\/stille-logo-800.jpg\",\"contentUrl\":\"https:\/\/www.stille.se\/se\/wp-content\/uploads\/2019\/12\/stille-logo-800.jpg\",\"width\":562,\"height\":314,\"caption\":\"Stille AB\"},\"image\":{\"@id\":\"https:\/\/www.stille.se\/se\/#logo\"}},{\"@type\":\"WebSite\",\"@id\":\"https:\/\/www.stille.se\/se\/#website\",\"url\":\"https:\/\/www.stille.se\/se\/\",\"name\":\"Stille SE\",\"description\":\"\",\"publisher\":{\"@id\":\"https:\/\/www.stille.se\/se\/#organization\"},\"potentialAction\":[{\"@type\":\"SearchAction\",\"target\":{\"@type\":\"EntryPoint\",\"urlTemplate\":\"https:\/\/www.stille.se\/se\/?s={search_term_string}\"},\"query-input\":\"required name=search_term_string\"}],\"inLanguage\":\"sv-SE\"},{\"@type\":\"ImageObject\",\"@id\":\"https:\/\/www.stille.se\/se\/investerare\/finansiella-rapporter-nyheter\/presentationer\/#primaryimage\",\"inLanguage\":\"sv-SE\",\"url\":\"https:\/\/www.stille.se\/wp-content\/uploads\/2023\/09\/stille2-1024x683.jpg\",\"contentUrl\":\"https:\/\/www.stille.se\/wp-content\/uploads\/2023\/09\/stille2-1024x683.jpg\"},{\"@type\":\"WebPage\",\"@id\":\"https:\/\/www.stille.se\/se\/investerare\/finansiella-rapporter-nyheter\/presentationer\/#webpage\",\"url\":\"https:\/\/www.stille.se\/se\/investerare\/finansiella-rapporter-nyheter\/presentationer\/\",\"name\":\"Presentationer - STILLE\",\"isPartOf\":{\"@id\":\"https:\/\/www.stille.se\/se\/#website\"},\"primaryImageOfPage\":{\"@id\":\"https:\/\/www.stille.se\/se\/investerare\/finansiella-rapporter-nyheter\/presentationer\/#primaryimage\"},\"datePublished\":\"2023-08-24T13:36:24+00:00\",\"dateModified\":\"2024-11-15T13:50:14+00:00\",\"breadcrumb\":{\"@id\":\"https:\/\/www.stille.se\/se\/investerare\/finansiella-rapporter-nyheter\/presentationer\/#breadcrumb\"},\"inLanguage\":\"sv-SE\",\"potentialAction\":[{\"@type\":\"ReadAction\",\"target\":[\"https:\/\/www.stille.se\/se\/investerare\/finansiella-rapporter-nyheter\/presentationer\/\"]}]},{\"@type\":\"BreadcrumbList\",\"@id\":\"https:\/\/www.stille.se\/se\/investerare\/finansiella-rapporter-nyheter\/presentationer\/#breadcrumb\",\"itemListElement\":[{\"@type\":\"ListItem\",\"position\":1,\"name\":\"Hem\",\"item\":\"https:\/\/www.stille.se\/se\/\"},{\"@type\":\"ListItem\",\"position\":2,\"name\":\"Investerare\",\"item\":\"https:\/\/www.stille.se\/se\/?page_id=1107\"},{\"@type\":\"ListItem\",\"position\":3,\"name\":\"Finansiella rapporter &amp; nyheter\",\"item\":\"https:\/\/www.stille.se\/se\/?page_id=1191\"},{\"@type\":\"ListItem\",\"position\":4,\"name\":\"Presentationer\"}]}]}<\/script>\n<!-- \/ Yoast SEO plugin. -->","yoast_head_json":{"title":"Presentationer - STILLE","robots":{"index":"index","follow":"follow","max-snippet":"max-snippet:-1","max-image-preview":"max-image-preview:large","max-video-preview":"max-video-preview:-1"},"canonical":"https:\/\/www.stille.se\/se\/investerare\/finansiella-rapporter-nyheter\/presentationer\/","og_locale":"sv_SE","og_type":"article","og_title":"Presentationer - STILLE","og_description":"Presentationer VD Torbj\u00f6rn Sk\u00f6ld presenterar p\u00e5 Redeye Medtech &amp; Diagnostics Event 202413 november, 2024 Updaterad f\u00f6retagspresentation Q328 oktober, 2024 F\u00f6retagspresentation: Pareto Healthcare Conference19 september, 2024 VD Torbj\u00f6rn Sk\u00f6ld kommenterar Bokslutskommunik\u00e9 202316 februari, 2024 VD Torbj\u00f6rn Sk\u00f6ld kommenterar f\u00f6rv\u00e4rvet av Fehling Instruments29 november, 2023 VD Torbj\u00f6rn Sk\u00f6ld presenterar p\u00e5 Redeye Life Science Day 202327 november, 2023...","og_url":"https:\/\/www.stille.se\/se\/investerare\/finansiella-rapporter-nyheter\/presentationer\/","og_site_name":"Stille SE","article_publisher":"https:\/\/www.facebook.com\/stilleab\/","article_modified_time":"2024-11-15T13:50:14+00:00","og_image":[{"url":"https:\/\/www.stille.se\/wp-content\/uploads\/2023\/09\/stille2-1024x683.jpg"}],"twitter_card":"summary_large_image","twitter_misc":{"Ber\u00e4knad l\u00e4stid":"2 minuter"},"schema":{"@context":"https:\/\/schema.org","@graph":[{"@type":"Organization","@id":"https:\/\/www.stille.se\/se\/#organization","name":"Stille AB","url":"https:\/\/www.stille.se\/se\/","sameAs":["https:\/\/www.facebook.com\/stilleab\/","https:\/\/www.linkedin.com\/company\/stille-ab\/","https:\/\/www.youtube.com\/channel\/UCpxmVroiwKKSXWe3ZCOrSqw"],"logo":{"@type":"ImageObject","@id":"https:\/\/www.stille.se\/se\/#logo","inLanguage":"sv-SE","url":"https:\/\/www.stille.se\/se\/wp-content\/uploads\/2019\/12\/stille-logo-800.jpg","contentUrl":"https:\/\/www.stille.se\/se\/wp-content\/uploads\/2019\/12\/stille-logo-800.jpg","width":562,"height":314,"caption":"Stille AB"},"image":{"@id":"https:\/\/www.stille.se\/se\/#logo"}},{"@type":"WebSite","@id":"https:\/\/www.stille.se\/se\/#website","url":"https:\/\/www.stille.se\/se\/","name":"Stille SE","description":"","publisher":{"@id":"https:\/\/www.stille.se\/se\/#organization"},"potentialAction":[{"@type":"SearchAction","target":{"@type":"EntryPoint","urlTemplate":"https:\/\/www.stille.se\/se\/?s={search_term_string}"},"query-input":"required name=search_term_string"}],"inLanguage":"sv-SE"},{"@type":"ImageObject","@id":"https:\/\/www.stille.se\/se\/investerare\/finansiella-rapporter-nyheter\/presentationer\/#primaryimage","inLanguage":"sv-SE","url":"https:\/\/www.stille.se\/wp-content\/uploads\/2023\/09\/stille2-1024x683.jpg","contentUrl":"https:\/\/www.stille.se\/wp-content\/uploads\/2023\/09\/stille2-1024x683.jpg"},{"@type":"WebPage","@id":"https:\/\/www.stille.se\/se\/investerare\/finansiella-rapporter-nyheter\/presentationer\/#webpage","url":"https:\/\/www.stille.se\/se\/investerare\/finansiella-rapporter-nyheter\/presentationer\/","name":"Presentationer - STILLE","isPartOf":{"@id":"https:\/\/www.stille.se\/se\/#website"},"primaryImageOfPage":{"@id":"https:\/\/www.stille.se\/se\/investerare\/finansiella-rapporter-nyheter\/presentationer\/#primaryimage"},"datePublished":"2023-08-24T13:36:24+00:00","dateModified":"2024-11-15T13:50:14+00:00","breadcrumb":{"@id":"https:\/\/www.stille.se\/se\/investerare\/finansiella-rapporter-nyheter\/presentationer\/#breadcrumb"},"inLanguage":"sv-SE","potentialAction":[{"@type":"ReadAction","target":["https:\/\/www.stille.se\/se\/investerare\/finansiella-rapporter-nyheter\/presentationer\/"]}]},{"@type":"BreadcrumbList","@id":"https:\/\/www.stille.se\/se\/investerare\/finansiella-rapporter-nyheter\/presentationer\/#breadcrumb","itemListElement":[{"@type":"ListItem","position":1,"name":"Hem","item":"https:\/\/www.stille.se\/se\/"},{"@type":"ListItem","position":2,"name":"Investerare","item":"https:\/\/www.stille.se\/se\/?page_id=1107"},{"@type":"ListItem","position":3,"name":"Finansiella rapporter &amp; nyheter","item":"https:\/\/www.stille.se\/se\/?page_id=1191"},{"@type":"ListItem","position":4,"name":"Presentationer"}]}]}},"_links":{"self":[{"href":"https:\/\/www.stille.se\/se\/wp-json\/wp\/v2\/pages\/47016"}],"collection":[{"href":"https:\/\/www.stille.se\/se\/wp-json\/wp\/v2\/pages"}],"about":[{"href":"https:\/\/www.stille.se\/se\/wp-json\/wp\/v2\/types\/page"}],"author":[{"embeddable":true,"href":"https:\/\/www.stille.se\/se\/wp-json\/wp\/v2\/users\/33"}],"replies":[{"embeddable":true,"href":"https:\/\/www.stille.se\/se\/wp-json\/wp\/v2\/comments?post=47016"}],"version-history":[{"count":16,"href":"https:\/\/www.stille.se\/se\/wp-json\/wp\/v2\/pages\/47016\/revisions"}],"predecessor-version":[{"id":47901,"href":"https:\/\/www.stille.se\/se\/wp-json\/wp\/v2\/pages\/47016\/revisions\/47901"}],"up":[{"embeddable":true,"href":"https:\/\/www.stille.se\/se\/wp-json\/wp\/v2\/pages\/1191"}],"wp:attachment":[{"href":"https:\/\/www.stille.se\/se\/wp-json\/wp\/v2\/media?parent=47016"}],"curies":[{"name":"wp","href":"https:\/\/api.w.org\/{rel}","templated":true}]}}