{"id":47851,"date":"2024-10-01T16:11:32","date_gmt":"2024-10-01T14:11:32","guid":{"rendered":"https:\/\/www.stille.se\/se\/?page_id=47851"},"modified":"2024-10-01T16:19:46","modified_gmt":"2024-10-01T14:19:46","slug":"produktsupport","status":"publish","type":"page","link":"https:\/\/www.stille.se\/se\/mitt-konto\/produktsupport\/","title":{"rendered":"Produktsupport"},"content":{"rendered":"\n<p>H\u00e4r kan du enkelt hitta den support du beh\u00f6ver f\u00f6r att f\u00e5 ut det mesta av v\u00e5ra produkter. F\u00f6r att komma ig\u00e5ng, v\u00e4lj den produkt du vill ha hj\u00e4lp med, s\u00e5 f\u00e5r du tillg\u00e5ng till mer information som \u00e4r skr\u00e4ddarsydd efter din roll.<\/p>\n\n\n\n<p>Beh\u00f6ver du hj\u00e4lp med n\u00e5got annat? V\u00e5r support finns alltid h\u00e4r f\u00f6r att svara p\u00e5 dina fr\u00e5gor.<\/p>\n\n\n<div class=\"support-page-links fullwidth\"><h4>Produktdokumentation<\/h4><h6><\/h6><div class=\"support-page-select\">\n\t\t\t<button class=\"btn dropdown-toggle\" type=\"button\" data-toggle=\"dropdown\" aria-haspopup=\"true\" aria-expanded=\"false\">\t\t\t\t\n\t\t\t\t<span class=\"current-option\" data-default-text=\"Select a product page\">V\u00e4lj en produkt<\/span> \n\t\t\t<\/button>\n\t\t\t<div class=\"dropdown-menu\"><span class=\"dropdown-item\" data-url=\"https:\/\/www.stille.se\/?p=53569\">imagiQ3\u2122 Legacy Support Page<\/span><span class=\"dropdown-item\" data-url=\"https:\/\/www.stille.se\/?p=52740\">imagiQ2\u2122 Support Page<\/span><\/div><button class=\"myt-btn myt-btn--secondary mx-auto text-image-btn my-4 text-center support-show disabled\">\n\t\t\t\tVisa produktdokumentation<\/button><\/div>\n","protected":false},"excerpt":{"rendered":"<p>H\u00e4r kan du enkelt hitta den support du beh\u00f6ver f\u00f6r att f\u00e5 ut det mesta av v\u00e5ra produkter. F\u00f6r att komma ig\u00e5ng, v\u00e4lj den produkt du vill ha hj\u00e4lp med, s\u00e5 f\u00e5r du tillg\u00e5ng till mer information som \u00e4r skr\u00e4ddarsydd efter din roll. Beh\u00f6ver du hj\u00e4lp med n\u00e5got annat? V\u00e5r support finns alltid h\u00e4r f\u00f6r&#8230;<\/p>\n","protected":false},"author":33,"featured_media":0,"parent":129,"menu_order":0,"comment_status":"closed","ping_status":"closed","template":"","meta":[],"acf":[],"yoast_head":"<!-- This site is optimized with the Yoast SEO plugin v17.9 - https:\/\/yoast.com\/wordpress\/plugins\/seo\/ -->\n<title>Produktsupport - STILLE<\/title>\n<meta name=\"robots\" content=\"index, follow, max-snippet:-1, max-image-preview:large, max-video-preview:-1\" \/>\n<link rel=\"canonical\" href=\"https:\/\/www.stille.se\/se\/mitt-konto\/produktsupport\/\" \/>\n<meta property=\"og:locale\" content=\"sv_SE\" \/>\n<meta property=\"og:type\" content=\"article\" \/>\n<meta property=\"og:title\" content=\"Produktsupport - STILLE\" \/>\n<meta property=\"og:description\" content=\"H\u00e4r kan du enkelt hitta den support du beh\u00f6ver f\u00f6r att f\u00e5 ut det mesta av v\u00e5ra produkter. F\u00f6r att komma ig\u00e5ng, v\u00e4lj den produkt du vill ha hj\u00e4lp med, s\u00e5 f\u00e5r du tillg\u00e5ng till mer information som \u00e4r skr\u00e4ddarsydd efter din roll. Beh\u00f6ver du hj\u00e4lp med n\u00e5got annat? V\u00e5r support finns alltid h\u00e4r f\u00f6r...\" \/>\n<meta property=\"og:url\" content=\"https:\/\/www.stille.se\/se\/mitt-konto\/produktsupport\/\" \/>\n<meta property=\"og:site_name\" content=\"Stille SE\" \/>\n<meta property=\"article:publisher\" content=\"https:\/\/www.facebook.com\/stilleab\/\" \/>\n<meta property=\"article:modified_time\" content=\"2024-10-01T14:19:46+00:00\" \/>\n<meta property=\"og:image\" content=\"https:\/\/www.stille.se\/se\/wp-content\/uploads\/2019\/12\/stille-logo-800.jpg\" \/>\n\t<meta property=\"og:image:width\" content=\"562\" \/>\n\t<meta property=\"og:image:height\" content=\"314\" \/>\n\t<meta property=\"og:image:type\" content=\"image\/jpeg\" \/>\n<meta name=\"twitter:card\" content=\"summary_large_image\" \/>\n<meta name=\"twitter:label1\" content=\"Ber\u00e4knad l\u00e4stid\" \/>\n\t<meta name=\"twitter:data1\" content=\"1 minut\" \/>\n<script type=\"application\/ld+json\" class=\"yoast-schema-graph\">{\"@context\":\"https:\/\/schema.org\",\"@graph\":[{\"@type\":\"Organization\",\"@id\":\"https:\/\/www.stille.se\/se\/#organization\",\"name\":\"Stille AB\",\"url\":\"https:\/\/www.stille.se\/se\/\",\"sameAs\":[\"https:\/\/www.facebook.com\/stilleab\/\",\"https:\/\/www.linkedin.com\/company\/stille-ab\/\",\"https:\/\/www.youtube.com\/channel\/UCpxmVroiwKKSXWe3ZCOrSqw\"],\"logo\":{\"@type\":\"ImageObject\",\"@id\":\"https:\/\/www.stille.se\/se\/#logo\",\"inLanguage\":\"sv-SE\",\"url\":\"https:\/\/www.stille.se\/se\/wp-content\/uploads\/2019\/12\/stille-logo-800.jpg\",\"contentUrl\":\"https:\/\/www.stille.se\/se\/wp-content\/uploads\/2019\/12\/stille-logo-800.jpg\",\"width\":562,\"height\":314,\"caption\":\"Stille AB\"},\"image\":{\"@id\":\"https:\/\/www.stille.se\/se\/#logo\"}},{\"@type\":\"WebSite\",\"@id\":\"https:\/\/www.stille.se\/se\/#website\",\"url\":\"https:\/\/www.stille.se\/se\/\",\"name\":\"Stille SE\",\"description\":\"\",\"publisher\":{\"@id\":\"https:\/\/www.stille.se\/se\/#organization\"},\"potentialAction\":[{\"@type\":\"SearchAction\",\"target\":{\"@type\":\"EntryPoint\",\"urlTemplate\":\"https:\/\/www.stille.se\/se\/?s={search_term_string}\"},\"query-input\":\"required name=search_term_string\"}],\"inLanguage\":\"sv-SE\"},{\"@type\":\"WebPage\",\"@id\":\"https:\/\/www.stille.se\/se\/mitt-konto\/produktsupport\/#webpage\",\"url\":\"https:\/\/www.stille.se\/se\/mitt-konto\/produktsupport\/\",\"name\":\"Produktsupport - STILLE\",\"isPartOf\":{\"@id\":\"https:\/\/www.stille.se\/se\/#website\"},\"datePublished\":\"2024-10-01T14:11:32+00:00\",\"dateModified\":\"2024-10-01T14:19:46+00:00\",\"breadcrumb\":{\"@id\":\"https:\/\/www.stille.se\/se\/mitt-konto\/produktsupport\/#breadcrumb\"},\"inLanguage\":\"sv-SE\",\"potentialAction\":[{\"@type\":\"ReadAction\",\"target\":[\"https:\/\/www.stille.se\/se\/mitt-konto\/produktsupport\/\"]}]},{\"@type\":\"BreadcrumbList\",\"@id\":\"https:\/\/www.stille.se\/se\/mitt-konto\/produktsupport\/#breadcrumb\",\"itemListElement\":[{\"@type\":\"ListItem\",\"position\":1,\"name\":\"Hem\",\"item\":\"https:\/\/www.stille.se\/se\/\"},{\"@type\":\"ListItem\",\"position\":2,\"name\":\"Mitt konto\",\"item\":\"https:\/\/www.stille.se\/se\/mitt-konto\/\"},{\"@type\":\"ListItem\",\"position\":3,\"name\":\"Produktsupport\"}]}]}<\/script>\n<!-- \/ Yoast SEO plugin. -->","yoast_head_json":{"title":"Produktsupport - STILLE","robots":{"index":"index","follow":"follow","max-snippet":"max-snippet:-1","max-image-preview":"max-image-preview:large","max-video-preview":"max-video-preview:-1"},"canonical":"https:\/\/www.stille.se\/se\/mitt-konto\/produktsupport\/","og_locale":"sv_SE","og_type":"article","og_title":"Produktsupport - STILLE","og_description":"H\u00e4r kan du enkelt hitta den support du beh\u00f6ver f\u00f6r att f\u00e5 ut det mesta av v\u00e5ra produkter. F\u00f6r att komma ig\u00e5ng, v\u00e4lj den produkt du vill ha hj\u00e4lp med, s\u00e5 f\u00e5r du tillg\u00e5ng till mer information som \u00e4r skr\u00e4ddarsydd efter din roll. Beh\u00f6ver du hj\u00e4lp med n\u00e5got annat? V\u00e5r support finns alltid h\u00e4r f\u00f6r...","og_url":"https:\/\/www.stille.se\/se\/mitt-konto\/produktsupport\/","og_site_name":"Stille SE","article_publisher":"https:\/\/www.facebook.com\/stilleab\/","article_modified_time":"2024-10-01T14:19:46+00:00","og_image":[{"width":562,"height":314,"url":"https:\/\/www.stille.se\/se\/wp-content\/uploads\/2019\/12\/stille-logo-800.jpg","type":"image\/jpeg"}],"twitter_card":"summary_large_image","twitter_misc":{"Ber\u00e4knad l\u00e4stid":"1 minut"},"schema":{"@context":"https:\/\/schema.org","@graph":[{"@type":"Organization","@id":"https:\/\/www.stille.se\/se\/#organization","name":"Stille AB","url":"https:\/\/www.stille.se\/se\/","sameAs":["https:\/\/www.facebook.com\/stilleab\/","https:\/\/www.linkedin.com\/company\/stille-ab\/","https:\/\/www.youtube.com\/channel\/UCpxmVroiwKKSXWe3ZCOrSqw"],"logo":{"@type":"ImageObject","@id":"https:\/\/www.stille.se\/se\/#logo","inLanguage":"sv-SE","url":"https:\/\/www.stille.se\/se\/wp-content\/uploads\/2019\/12\/stille-logo-800.jpg","contentUrl":"https:\/\/www.stille.se\/se\/wp-content\/uploads\/2019\/12\/stille-logo-800.jpg","width":562,"height":314,"caption":"Stille AB"},"image":{"@id":"https:\/\/www.stille.se\/se\/#logo"}},{"@type":"WebSite","@id":"https:\/\/www.stille.se\/se\/#website","url":"https:\/\/www.stille.se\/se\/","name":"Stille SE","description":"","publisher":{"@id":"https:\/\/www.stille.se\/se\/#organization"},"potentialAction":[{"@type":"SearchAction","target":{"@type":"EntryPoint","urlTemplate":"https:\/\/www.stille.se\/se\/?s={search_term_string}"},"query-input":"required name=search_term_string"}],"inLanguage":"sv-SE"},{"@type":"WebPage","@id":"https:\/\/www.stille.se\/se\/mitt-konto\/produktsupport\/#webpage","url":"https:\/\/www.stille.se\/se\/mitt-konto\/produktsupport\/","name":"Produktsupport - STILLE","isPartOf":{"@id":"https:\/\/www.stille.se\/se\/#website"},"datePublished":"2024-10-01T14:11:32+00:00","dateModified":"2024-10-01T14:19:46+00:00","breadcrumb":{"@id":"https:\/\/www.stille.se\/se\/mitt-konto\/produktsupport\/#breadcrumb"},"inLanguage":"sv-SE","potentialAction":[{"@type":"ReadAction","target":["https:\/\/www.stille.se\/se\/mitt-konto\/produktsupport\/"]}]},{"@type":"BreadcrumbList","@id":"https:\/\/www.stille.se\/se\/mitt-konto\/produktsupport\/#breadcrumb","itemListElement":[{"@type":"ListItem","position":1,"name":"Hem","item":"https:\/\/www.stille.se\/se\/"},{"@type":"ListItem","position":2,"name":"Mitt konto","item":"https:\/\/www.stille.se\/se\/mitt-konto\/"},{"@type":"ListItem","position":3,"name":"Produktsupport"}]}]}},"_links":{"self":[{"href":"https:\/\/www.stille.se\/se\/wp-json\/wp\/v2\/pages\/47851"}],"collection":[{"href":"https:\/\/www.stille.se\/se\/wp-json\/wp\/v2\/pages"}],"about":[{"href":"https:\/\/www.stille.se\/se\/wp-json\/wp\/v2\/types\/page"}],"author":[{"embeddable":true,"href":"https:\/\/www.stille.se\/se\/wp-json\/wp\/v2\/users\/33"}],"replies":[{"embeddable":true,"href":"https:\/\/www.stille.se\/se\/wp-json\/wp\/v2\/comments?post=47851"}],"version-history":[{"count":5,"href":"https:\/\/www.stille.se\/se\/wp-json\/wp\/v2\/pages\/47851\/revisions"}],"predecessor-version":[{"id":47858,"href":"https:\/\/www.stille.se\/se\/wp-json\/wp\/v2\/pages\/47851\/revisions\/47858"}],"up":[{"embeddable":true,"href":"https:\/\/www.stille.se\/se\/wp-json\/wp\/v2\/pages\/129"}],"wp:attachment":[{"href":"https:\/\/www.stille.se\/se\/wp-json\/wp\/v2\/media?parent=47851"}],"curies":[{"name":"wp","href":"https:\/\/api.w.org\/{rel}","templated":true}]}}