{"id":825,"date":"2019-10-24T08:16:16","date_gmt":"2019-10-24T07:16:16","guid":{"rendered":"https:\/\/www.stille.se\/?page_id=825"},"modified":"2025-05-18T16:48:09","modified_gmt":"2025-05-18T14:48:09","slug":"registrera-produkt","status":"publish","type":"page","link":"https:\/\/www.stille.se\/se\/registrera-produkt\/","title":{"rendered":"Registrera produkt"},"content":{"rendered":"<h1><b><span lang=\"EN-US\">Registrera ditt bord f\u00f6r att kvalificera dig f\u00f6r den f\u00f6rl\u00e4ngda garantin<\/span><\/b><\/h1>\n<p style=\"font-weight: 400\">Genom att registrera ditt Stille-bord f\u00e5r du ta del av v\u00e5r f\u00f6rl\u00e4ngda garanti, som inkluderar upp till <strong>4 \u00e5rs garanti<\/strong> p\u00e5 reservdelar*.<\/p>\n<p style=\"font-weight: 400\">Garantiperioden b\u00f6rjar g\u00e4lla fr\u00e5n installationsdatumet. Installationsrapporten ska vara ifylld eller inskickad till Stille senast 10 dagar efter installationen, dock senast 6 m\u00e5nader fr\u00e5n fakturadatum. F\u00f6r att den f\u00f6rl\u00e4ngda garantin ska vara giltig kr\u00e4vs f\u00f6rebyggande underh\u00e5ll en g\u00e5ng per \u00e5r eller var 2 000:e drifttimme \u2013 beroende p\u00e5 vilket som intr\u00e4ffar f\u00f6rst.<\/p>\n<p style=\"font-weight: 400\">Om bordet inte registreras hos Stille g\u00e4ller en 2-\u00e5rig garanti* fr\u00e5n leveransdatumet.<\/p>\n<p style=\"font-weight: 400\">Om du har n\u00e5gra fr\u00e5gor, v\u00e4nligen kontakta din s\u00e4ljrepresentant.<\/p>\n<p>*G\u00e4ller ej hjul, batterier, madrasser, elkablar, eluttag, integrerade styrmoduler samt hand- och\/eller fotkontroller, som har 12 m\u00e5naders garanti f\u00f6r b\u00e5de delar och arbete. <a href=\"https:\/\/www.stille.se\/se\/regler-och-villkor\/\">Se v\u00e5ra villkor<\/a>.<\/p>\n\n<div class=\"admin-preview\"><div class=\"block block-service-register-table block--none\">\n\t<form name=\"loginform\" id=\"loginform\" action=\"https:\/\/www.stille.se\/se\/wp-login.php\" method=\"post\"><p class=\"login-username\">\n\t\t\t\t<label for=\"user_login\">Anv\u00e4ndarnamn eller e-postadress<\/label>\n\t\t\t\t<input type=\"text\" name=\"log\" id=\"user_login\" autocomplete=\"username\" class=\"input\" value=\"\" size=\"20\" \/>\n\t\t\t<\/p><p class=\"login-password\">\n\t\t\t\t<label for=\"user_pass\">L\u00f6senord<\/label>\n\t\t\t\t<input type=\"password\" name=\"pwd\" id=\"user_pass\" autocomplete=\"current-password\" class=\"input\" value=\"\" size=\"20\" \/>\n\t\t\t<\/p><p class=\"login-remember\"><label><input name=\"rememberme\" type=\"checkbox\" id=\"rememberme\" value=\"forever\" \/> Kom ih\u00e5g mig<\/label><\/p><p class=\"login-submit\">\n\t\t\t\t<input type=\"submit\" name=\"wp-submit\" id=\"wp-submit\" class=\"button button-primary\" value=\"Logga in\" \/>\n\t\t\t\t<input type=\"hidden\" name=\"redirect_to\" value=\"https:\/\/www.stille.se\/se\/wp-json\/wp\/v2\/pages\/825\" \/>\n\t\t\t<\/p><\/form>\t<a class=\"myt-btn myt-btn--secondary\" href=\"\/se\/wp-json\/wp\/v2\/pages\/825?register-product=1\">Continue without login<\/a>\n<\/div>\n<\/div>","protected":false},"excerpt":{"rendered":"<p>Registrera ditt bord f\u00f6r att kvalificera dig f\u00f6r den f\u00f6rl\u00e4ngda garantin Genom att registrera ditt Stille-bord f\u00e5r du ta del av v\u00e5r f\u00f6rl\u00e4ngda garanti, som inkluderar upp till 4 \u00e5rs garanti p\u00e5 reservdelar*. Garantiperioden b\u00f6rjar g\u00e4lla fr\u00e5n installationsdatumet. Installationsrapporten ska vara ifylld eller inskickad till Stille senast 10 dagar efter installationen, dock senast 6 m\u00e5nader&#8230;<\/p>\n","protected":false},"author":33,"featured_media":0,"parent":0,"menu_order":50,"comment_status":"closed","ping_status":"closed","template":"center-page.php","meta":[],"acf":[],"yoast_head":"<!-- This site is optimized with the Yoast SEO plugin v17.9 - https:\/\/yoast.com\/wordpress\/plugins\/seo\/ -->\n<title>Registrera produkt - STILLE<\/title>\n<meta name=\"robots\" content=\"index, follow, max-snippet:-1, max-image-preview:large, max-video-preview:-1\" \/>\n<link rel=\"canonical\" href=\"https:\/\/www.stille.se\/se\/registrera-produkt\/\" \/>\n<meta property=\"og:locale\" content=\"sv_SE\" \/>\n<meta property=\"og:type\" content=\"article\" \/>\n<meta property=\"og:title\" content=\"Registrera produkt - STILLE\" \/>\n<meta property=\"og:description\" content=\"Registrera ditt bord f\u00f6r att kvalificera dig f\u00f6r den f\u00f6rl\u00e4ngda garantin Genom att registrera ditt Stille-bord f\u00e5r du ta del av v\u00e5r f\u00f6rl\u00e4ngda garanti, som inkluderar upp till 4 \u00e5rs garanti p\u00e5 reservdelar*. Garantiperioden b\u00f6rjar g\u00e4lla fr\u00e5n installationsdatumet. Installationsrapporten ska vara ifylld eller inskickad till Stille senast 10 dagar efter installationen, dock senast 6 m\u00e5nader...\" \/>\n<meta property=\"og:url\" content=\"https:\/\/www.stille.se\/se\/registrera-produkt\/\" \/>\n<meta property=\"og:site_name\" content=\"Stille SE\" \/>\n<meta property=\"article:publisher\" content=\"https:\/\/www.facebook.com\/stilleab\/\" \/>\n<meta property=\"article:modified_time\" content=\"2025-05-18T14:48:09+00:00\" \/>\n<meta property=\"og:image\" content=\"https:\/\/www.stille.se\/se\/wp-content\/uploads\/2019\/12\/stille-logo-800.jpg\" \/>\n\t<meta property=\"og:image:width\" content=\"562\" \/>\n\t<meta property=\"og:image:height\" content=\"314\" \/>\n\t<meta property=\"og:image:type\" content=\"image\/jpeg\" \/>\n<meta name=\"twitter:card\" content=\"summary_large_image\" \/>\n<meta name=\"twitter:label1\" content=\"Ber\u00e4knad l\u00e4stid\" \/>\n\t<meta name=\"twitter:data1\" content=\"1 minut\" \/>\n<script type=\"application\/ld+json\" class=\"yoast-schema-graph\">{\"@context\":\"https:\/\/schema.org\",\"@graph\":[{\"@type\":\"Organization\",\"@id\":\"https:\/\/www.stille.se\/se\/#organization\",\"name\":\"Stille AB\",\"url\":\"https:\/\/www.stille.se\/se\/\",\"sameAs\":[\"https:\/\/www.facebook.com\/stilleab\/\",\"https:\/\/www.linkedin.com\/company\/stille-ab\/\",\"https:\/\/www.youtube.com\/channel\/UCpxmVroiwKKSXWe3ZCOrSqw\"],\"logo\":{\"@type\":\"ImageObject\",\"@id\":\"https:\/\/www.stille.se\/se\/#logo\",\"inLanguage\":\"sv-SE\",\"url\":\"https:\/\/www.stille.se\/se\/wp-content\/uploads\/2019\/12\/stille-logo-800.jpg\",\"contentUrl\":\"https:\/\/www.stille.se\/se\/wp-content\/uploads\/2019\/12\/stille-logo-800.jpg\",\"width\":562,\"height\":314,\"caption\":\"Stille AB\"},\"image\":{\"@id\":\"https:\/\/www.stille.se\/se\/#logo\"}},{\"@type\":\"WebSite\",\"@id\":\"https:\/\/www.stille.se\/se\/#website\",\"url\":\"https:\/\/www.stille.se\/se\/\",\"name\":\"Stille SE\",\"description\":\"\",\"publisher\":{\"@id\":\"https:\/\/www.stille.se\/se\/#organization\"},\"potentialAction\":[{\"@type\":\"SearchAction\",\"target\":{\"@type\":\"EntryPoint\",\"urlTemplate\":\"https:\/\/www.stille.se\/se\/?s={search_term_string}\"},\"query-input\":\"required name=search_term_string\"}],\"inLanguage\":\"sv-SE\"},{\"@type\":\"WebPage\",\"@id\":\"https:\/\/www.stille.se\/se\/registrera-produkt\/#webpage\",\"url\":\"https:\/\/www.stille.se\/se\/registrera-produkt\/\",\"name\":\"Registrera produkt - STILLE\",\"isPartOf\":{\"@id\":\"https:\/\/www.stille.se\/se\/#website\"},\"datePublished\":\"2019-10-24T07:16:16+00:00\",\"dateModified\":\"2025-05-18T14:48:09+00:00\",\"breadcrumb\":{\"@id\":\"https:\/\/www.stille.se\/se\/registrera-produkt\/#breadcrumb\"},\"inLanguage\":\"sv-SE\",\"potentialAction\":[{\"@type\":\"ReadAction\",\"target\":[\"https:\/\/www.stille.se\/se\/registrera-produkt\/\"]}]},{\"@type\":\"BreadcrumbList\",\"@id\":\"https:\/\/www.stille.se\/se\/registrera-produkt\/#breadcrumb\",\"itemListElement\":[{\"@type\":\"ListItem\",\"position\":1,\"name\":\"Hem\",\"item\":\"https:\/\/www.stille.se\/se\/\"},{\"@type\":\"ListItem\",\"position\":2,\"name\":\"Registrera produkt\"}]}]}<\/script>\n<!-- \/ Yoast SEO plugin. -->","yoast_head_json":{"title":"Registrera produkt - STILLE","robots":{"index":"index","follow":"follow","max-snippet":"max-snippet:-1","max-image-preview":"max-image-preview:large","max-video-preview":"max-video-preview:-1"},"canonical":"https:\/\/www.stille.se\/se\/registrera-produkt\/","og_locale":"sv_SE","og_type":"article","og_title":"Registrera produkt - STILLE","og_description":"Registrera ditt bord f\u00f6r att kvalificera dig f\u00f6r den f\u00f6rl\u00e4ngda garantin Genom att registrera ditt Stille-bord f\u00e5r du ta del av v\u00e5r f\u00f6rl\u00e4ngda garanti, som inkluderar upp till 4 \u00e5rs garanti p\u00e5 reservdelar*. Garantiperioden b\u00f6rjar g\u00e4lla fr\u00e5n installationsdatumet. Installationsrapporten ska vara ifylld eller inskickad till Stille senast 10 dagar efter installationen, dock senast 6 m\u00e5nader...","og_url":"https:\/\/www.stille.se\/se\/registrera-produkt\/","og_site_name":"Stille SE","article_publisher":"https:\/\/www.facebook.com\/stilleab\/","article_modified_time":"2025-05-18T14:48:09+00:00","og_image":[{"width":562,"height":314,"url":"https:\/\/www.stille.se\/se\/wp-content\/uploads\/2019\/12\/stille-logo-800.jpg","type":"image\/jpeg"}],"twitter_card":"summary_large_image","twitter_misc":{"Ber\u00e4knad l\u00e4stid":"1 minut"},"schema":{"@context":"https:\/\/schema.org","@graph":[{"@type":"Organization","@id":"https:\/\/www.stille.se\/se\/#organization","name":"Stille AB","url":"https:\/\/www.stille.se\/se\/","sameAs":["https:\/\/www.facebook.com\/stilleab\/","https:\/\/www.linkedin.com\/company\/stille-ab\/","https:\/\/www.youtube.com\/channel\/UCpxmVroiwKKSXWe3ZCOrSqw"],"logo":{"@type":"ImageObject","@id":"https:\/\/www.stille.se\/se\/#logo","inLanguage":"sv-SE","url":"https:\/\/www.stille.se\/se\/wp-content\/uploads\/2019\/12\/stille-logo-800.jpg","contentUrl":"https:\/\/www.stille.se\/se\/wp-content\/uploads\/2019\/12\/stille-logo-800.jpg","width":562,"height":314,"caption":"Stille AB"},"image":{"@id":"https:\/\/www.stille.se\/se\/#logo"}},{"@type":"WebSite","@id":"https:\/\/www.stille.se\/se\/#website","url":"https:\/\/www.stille.se\/se\/","name":"Stille SE","description":"","publisher":{"@id":"https:\/\/www.stille.se\/se\/#organization"},"potentialAction":[{"@type":"SearchAction","target":{"@type":"EntryPoint","urlTemplate":"https:\/\/www.stille.se\/se\/?s={search_term_string}"},"query-input":"required name=search_term_string"}],"inLanguage":"sv-SE"},{"@type":"WebPage","@id":"https:\/\/www.stille.se\/se\/registrera-produkt\/#webpage","url":"https:\/\/www.stille.se\/se\/registrera-produkt\/","name":"Registrera produkt - STILLE","isPartOf":{"@id":"https:\/\/www.stille.se\/se\/#website"},"datePublished":"2019-10-24T07:16:16+00:00","dateModified":"2025-05-18T14:48:09+00:00","breadcrumb":{"@id":"https:\/\/www.stille.se\/se\/registrera-produkt\/#breadcrumb"},"inLanguage":"sv-SE","potentialAction":[{"@type":"ReadAction","target":["https:\/\/www.stille.se\/se\/registrera-produkt\/"]}]},{"@type":"BreadcrumbList","@id":"https:\/\/www.stille.se\/se\/registrera-produkt\/#breadcrumb","itemListElement":[{"@type":"ListItem","position":1,"name":"Hem","item":"https:\/\/www.stille.se\/se\/"},{"@type":"ListItem","position":2,"name":"Registrera produkt"}]}]}},"_links":{"self":[{"href":"https:\/\/www.stille.se\/se\/wp-json\/wp\/v2\/pages\/825"}],"collection":[{"href":"https:\/\/www.stille.se\/se\/wp-json\/wp\/v2\/pages"}],"about":[{"href":"https:\/\/www.stille.se\/se\/wp-json\/wp\/v2\/types\/page"}],"author":[{"embeddable":true,"href":"https:\/\/www.stille.se\/se\/wp-json\/wp\/v2\/users\/33"}],"replies":[{"embeddable":true,"href":"https:\/\/www.stille.se\/se\/wp-json\/wp\/v2\/comments?post=825"}],"version-history":[{"count":12,"href":"https:\/\/www.stille.se\/se\/wp-json\/wp\/v2\/pages\/825\/revisions"}],"predecessor-version":[{"id":48056,"href":"https:\/\/www.stille.se\/se\/wp-json\/wp\/v2\/pages\/825\/revisions\/48056"}],"wp:attachment":[{"href":"https:\/\/www.stille.se\/se\/wp-json\/wp\/v2\/media?parent=825"}],"curies":[{"name":"wp","href":"https:\/\/api.w.org\/{rel}","templated":true}]}}