{"id":10860,"date":"2019-12-19T07:36:36","date_gmt":"2019-12-19T07:36:36","guid":{"rendered":"https:\/\/www.stille.se\/se\/product\/ogonsax-stille-95-cm\/"},"modified":"2021-11-19T15:31:45","modified_gmt":"2021-11-19T14:31:45","slug":"ogonsax-stille-95-cm","status":"publish","type":"product","link":"https:\/\/www.stille.se\/se\/produkt\/ogonsax-stille-95-cm\/","title":{"rendered":"\u00d6GONSAX STILLE 9,5 CM"},"content":{"rendered":"","protected":false},"excerpt":{"rendered":"<p>Gracil \u00f6gonsax med vassa eller trubbiga spetsar och stora finger\u00f6glor. Denna sax kallas ocks\u00e5 irissax och anv\u00e4nds till nerver, senor och blodk\u00e4rl. Den passar mycket bra f\u00f6r alla typer av finkirurgi. Blad med svall.<\/p>\n","protected":false},"featured_media":20295,"template":"","meta":[],"product_cat":[339,342,348],"product_tag":[],"acf":[],"yoast_head":"<!-- This site is optimized with the Yoast SEO plugin v17.9 - https:\/\/yoast.com\/wordpress\/plugins\/seo\/ -->\n<title>\u00d6GONSAX STILLE 9,5 CM - Stille SE STILLE<\/title>\n<meta name=\"robots\" content=\"index, follow, max-snippet:-1, max-image-preview:large, max-video-preview:-1\" \/>\n<link rel=\"canonical\" href=\"https:\/\/www.stille.se\/se\/produkt\/ogonsax-stille-95-cm\/\" \/>\n<meta property=\"og:locale\" content=\"sv_SE\" \/>\n<meta property=\"og:type\" content=\"article\" \/>\n<meta property=\"og:title\" content=\"\u00d6GONSAX STILLE 9,5 CM - Stille SE STILLE\" \/>\n<meta property=\"og:description\" content=\"Gracil \u00f6gonsax med vassa eller trubbiga spetsar och stora finger\u00f6glor. Denna sax kallas ocks\u00e5 irissax och anv\u00e4nds till nerver, senor och blodk\u00e4rl. Den passar mycket bra f\u00f6r alla typer av finkirurgi. Blad med svall.\" \/>\n<meta property=\"og:url\" content=\"https:\/\/www.stille.se\/se\/produkt\/ogonsax-stille-95-cm\/\" \/>\n<meta property=\"og:site_name\" content=\"Stille SE\" \/>\n<meta property=\"article:publisher\" content=\"https:\/\/www.facebook.com\/stilleab\/\" \/>\n<meta property=\"article:modified_time\" content=\"2021-11-19T14:31:45+00:00\" \/>\n<meta property=\"og:image\" content=\"https:\/\/www.stille.se\/se\/wp-content\/uploads\/2019\/12\/1200x1200_101-8003.jpg\" \/>\n\t<meta property=\"og:image:width\" content=\"1200\" \/>\n\t<meta property=\"og:image:height\" content=\"1200\" \/>\n\t<meta property=\"og:image:type\" content=\"image\/jpeg\" \/>\n<meta name=\"twitter:card\" content=\"summary_large_image\" \/>\n<script type=\"application\/ld+json\" class=\"yoast-schema-graph\">{\"@context\":\"https:\/\/schema.org\",\"@graph\":[{\"@type\":\"Organization\",\"@id\":\"https:\/\/www.stille.se\/se\/#organization\",\"name\":\"Stille AB\",\"url\":\"https:\/\/www.stille.se\/se\/\",\"sameAs\":[\"https:\/\/www.facebook.com\/stilleab\/\",\"https:\/\/www.linkedin.com\/company\/stille-ab\/\",\"https:\/\/www.youtube.com\/channel\/UCpxmVroiwKKSXWe3ZCOrSqw\"],\"logo\":{\"@type\":\"ImageObject\",\"@id\":\"https:\/\/www.stille.se\/se\/#logo\",\"inLanguage\":\"sv-SE\",\"url\":\"https:\/\/www.stille.se\/se\/wp-content\/uploads\/2019\/12\/stille-logo-800.jpg\",\"contentUrl\":\"https:\/\/www.stille.se\/se\/wp-content\/uploads\/2019\/12\/stille-logo-800.jpg\",\"width\":562,\"height\":314,\"caption\":\"Stille AB\"},\"image\":{\"@id\":\"https:\/\/www.stille.se\/se\/#logo\"}},{\"@type\":\"WebSite\",\"@id\":\"https:\/\/www.stille.se\/se\/#website\",\"url\":\"https:\/\/www.stille.se\/se\/\",\"name\":\"Stille SE\",\"description\":\"\",\"publisher\":{\"@id\":\"https:\/\/www.stille.se\/se\/#organization\"},\"potentialAction\":[{\"@type\":\"SearchAction\",\"target\":{\"@type\":\"EntryPoint\",\"urlTemplate\":\"https:\/\/www.stille.se\/se\/?s={search_term_string}\"},\"query-input\":\"required name=search_term_string\"}],\"inLanguage\":\"sv-SE\"},{\"@type\":\"ImageObject\",\"@id\":\"https:\/\/www.stille.se\/se\/produkt\/ogonsax-stille-95-cm\/#primaryimage\",\"inLanguage\":\"sv-SE\",\"url\":\"https:\/\/www.stille.se\/se\/wp-content\/uploads\/2019\/12\/1200x1200_101-8003.jpg\",\"contentUrl\":\"https:\/\/www.stille.se\/se\/wp-content\/uploads\/2019\/12\/1200x1200_101-8003.jpg\",\"width\":1200,\"height\":1200},{\"@type\":\"WebPage\",\"@id\":\"https:\/\/www.stille.se\/se\/produkt\/ogonsax-stille-95-cm\/#webpage\",\"url\":\"https:\/\/www.stille.se\/se\/produkt\/ogonsax-stille-95-cm\/\",\"name\":\"\\u00d6GONSAX STILLE 9,5 CM - Stille SE STILLE\",\"isPartOf\":{\"@id\":\"https:\/\/www.stille.se\/se\/#website\"},\"primaryImageOfPage\":{\"@id\":\"https:\/\/www.stille.se\/se\/produkt\/ogonsax-stille-95-cm\/#primaryimage\"},\"datePublished\":\"2019-12-19T07:36:36+00:00\",\"dateModified\":\"2021-11-19T14:31:45+00:00\",\"breadcrumb\":{\"@id\":\"https:\/\/www.stille.se\/se\/produkt\/ogonsax-stille-95-cm\/#breadcrumb\"},\"inLanguage\":\"sv-SE\",\"potentialAction\":[{\"@type\":\"ReadAction\",\"target\":[\"https:\/\/www.stille.se\/se\/produkt\/ogonsax-stille-95-cm\/\"]}]},{\"@type\":\"BreadcrumbList\",\"@id\":\"https:\/\/www.stille.se\/se\/produkt\/ogonsax-stille-95-cm\/#breadcrumb\",\"itemListElement\":[{\"@type\":\"ListItem\",\"position\":1,\"name\":\"Hem\",\"item\":\"https:\/\/www.stille.se\/se\/\"},{\"@type\":\"ListItem\",\"position\":2,\"name\":\"Butik\",\"item\":\"https:\/\/www.stille.se\/se\/butik\/\"},{\"@type\":\"ListItem\",\"position\":3,\"name\":\"Kirurgiska instrument\",\"item\":\"https:\/\/www.stille.se\/se\/produkt-kategori\/kirurgiska-instrument\/\"},{\"@type\":\"ListItem\",\"position\":4,\"name\":\"Saxar\",\"item\":\"https:\/\/www.stille.se\/se\/produkt-kategori\/kirurgiska-instrument\/saxar\/\"},{\"@type\":\"ListItem\",\"position\":5,\"name\":\"\\u00d6gonsaxar\",\"item\":\"https:\/\/www.stille.se\/se\/produkt-kategori\/kirurgiska-instrument\/saxar\/ogonsaxar\/\"},{\"@type\":\"ListItem\",\"position\":6,\"name\":\"\\u00d6GONSAX STILLE 9,5 CM\"}]}]}<\/script>\n<!-- \/ Yoast SEO plugin. -->","yoast_head_json":{"title":"\u00d6GONSAX STILLE 9,5 CM - Stille SE STILLE","robots":{"index":"index","follow":"follow","max-snippet":"max-snippet:-1","max-image-preview":"max-image-preview:large","max-video-preview":"max-video-preview:-1"},"canonical":"https:\/\/www.stille.se\/se\/produkt\/ogonsax-stille-95-cm\/","og_locale":"sv_SE","og_type":"article","og_title":"\u00d6GONSAX STILLE 9,5 CM - Stille SE STILLE","og_description":"Gracil \u00f6gonsax med vassa eller trubbiga spetsar och stora finger\u00f6glor. Denna sax kallas ocks\u00e5 irissax och anv\u00e4nds till nerver, senor och blodk\u00e4rl. Den passar mycket bra f\u00f6r alla typer av finkirurgi. Blad med svall.","og_url":"https:\/\/www.stille.se\/se\/produkt\/ogonsax-stille-95-cm\/","og_site_name":"Stille SE","article_publisher":"https:\/\/www.facebook.com\/stilleab\/","article_modified_time":"2021-11-19T14:31:45+00:00","og_image":[{"width":1200,"height":1200,"url":"https:\/\/www.stille.se\/se\/wp-content\/uploads\/2019\/12\/1200x1200_101-8003.jpg","type":"image\/jpeg"}],"twitter_card":"summary_large_image","schema":{"@context":"https:\/\/schema.org","@graph":[{"@type":"Organization","@id":"https:\/\/www.stille.se\/se\/#organization","name":"Stille AB","url":"https:\/\/www.stille.se\/se\/","sameAs":["https:\/\/www.facebook.com\/stilleab\/","https:\/\/www.linkedin.com\/company\/stille-ab\/","https:\/\/www.youtube.com\/channel\/UCpxmVroiwKKSXWe3ZCOrSqw"],"logo":{"@type":"ImageObject","@id":"https:\/\/www.stille.se\/se\/#logo","inLanguage":"sv-SE","url":"https:\/\/www.stille.se\/se\/wp-content\/uploads\/2019\/12\/stille-logo-800.jpg","contentUrl":"https:\/\/www.stille.se\/se\/wp-content\/uploads\/2019\/12\/stille-logo-800.jpg","width":562,"height":314,"caption":"Stille AB"},"image":{"@id":"https:\/\/www.stille.se\/se\/#logo"}},{"@type":"WebSite","@id":"https:\/\/www.stille.se\/se\/#website","url":"https:\/\/www.stille.se\/se\/","name":"Stille SE","description":"","publisher":{"@id":"https:\/\/www.stille.se\/se\/#organization"},"potentialAction":[{"@type":"SearchAction","target":{"@type":"EntryPoint","urlTemplate":"https:\/\/www.stille.se\/se\/?s={search_term_string}"},"query-input":"required name=search_term_string"}],"inLanguage":"sv-SE"},{"@type":"ImageObject","@id":"https:\/\/www.stille.se\/se\/produkt\/ogonsax-stille-95-cm\/#primaryimage","inLanguage":"sv-SE","url":"https:\/\/www.stille.se\/se\/wp-content\/uploads\/2019\/12\/1200x1200_101-8003.jpg","contentUrl":"https:\/\/www.stille.se\/se\/wp-content\/uploads\/2019\/12\/1200x1200_101-8003.jpg","width":1200,"height":1200},{"@type":"WebPage","@id":"https:\/\/www.stille.se\/se\/produkt\/ogonsax-stille-95-cm\/#webpage","url":"https:\/\/www.stille.se\/se\/produkt\/ogonsax-stille-95-cm\/","name":"\u00d6GONSAX STILLE 9,5 CM - Stille SE STILLE","isPartOf":{"@id":"https:\/\/www.stille.se\/se\/#website"},"primaryImageOfPage":{"@id":"https:\/\/www.stille.se\/se\/produkt\/ogonsax-stille-95-cm\/#primaryimage"},"datePublished":"2019-12-19T07:36:36+00:00","dateModified":"2021-11-19T14:31:45+00:00","breadcrumb":{"@id":"https:\/\/www.stille.se\/se\/produkt\/ogonsax-stille-95-cm\/#breadcrumb"},"inLanguage":"sv-SE","potentialAction":[{"@type":"ReadAction","target":["https:\/\/www.stille.se\/se\/produkt\/ogonsax-stille-95-cm\/"]}]},{"@type":"BreadcrumbList","@id":"https:\/\/www.stille.se\/se\/produkt\/ogonsax-stille-95-cm\/#breadcrumb","itemListElement":[{"@type":"ListItem","position":1,"name":"Hem","item":"https:\/\/www.stille.se\/se\/"},{"@type":"ListItem","position":2,"name":"Butik","item":"https:\/\/www.stille.se\/se\/butik\/"},{"@type":"ListItem","position":3,"name":"Kirurgiska instrument","item":"https:\/\/www.stille.se\/se\/produkt-kategori\/kirurgiska-instrument\/"},{"@type":"ListItem","position":4,"name":"Saxar","item":"https:\/\/www.stille.se\/se\/produkt-kategori\/kirurgiska-instrument\/saxar\/"},{"@type":"ListItem","position":5,"name":"\u00d6gonsaxar","item":"https:\/\/www.stille.se\/se\/produkt-kategori\/kirurgiska-instrument\/saxar\/ogonsaxar\/"},{"@type":"ListItem","position":6,"name":"\u00d6GONSAX STILLE 9,5 CM"}]}]}},"_links":{"self":[{"href":"https:\/\/www.stille.se\/se\/wp-json\/wp\/v2\/product\/10860"}],"collection":[{"href":"https:\/\/www.stille.se\/se\/wp-json\/wp\/v2\/product"}],"about":[{"href":"https:\/\/www.stille.se\/se\/wp-json\/wp\/v2\/types\/product"}],"wp:featuredmedia":[{"embeddable":true,"href":"https:\/\/www.stille.se\/se\/wp-json\/wp\/v2\/media\/20295"}],"wp:attachment":[{"href":"https:\/\/www.stille.se\/se\/wp-json\/wp\/v2\/media?parent=10860"}],"wp:term":[{"taxonomy":"product_cat","embeddable":true,"href":"https:\/\/www.stille.se\/se\/wp-json\/wp\/v2\/product_cat?post=10860"},{"taxonomy":"product_tag","embeddable":true,"href":"https:\/\/www.stille.se\/se\/wp-json\/wp\/v2\/product_tag?post=10860"}],"curies":[{"name":"wp","href":"https:\/\/api.w.org\/{rel}","templated":true}]}}