{"id":11574,"date":"2019-12-19T07:38:41","date_gmt":"2019-12-19T07:38:41","guid":{"rendered":"https:\/\/www.stille.se\/se\/product\/stille-ekberg-ragnell-supercut-ergonomisk-dissektionssax\/"},"modified":"2020-04-09T15:11:11","modified_gmt":"2020-04-09T13:11:11","slug":"stille-ekberg-ragnell-supercut-ergonomisk-dissektionssax","status":"publish","type":"product","link":"https:\/\/www.stille.se\/se\/produkt\/stille-ekberg-ragnell-supercut-ergonomisk-dissektionssax\/","title":{"rendered":"STILLE-EKBERG RAGNELL SUPERCUT ERGONOMISK DISSEKTIONSSAX"},"content":{"rendered":"","protected":false},"excerpt":{"rendered":"<p>Ergo Ekberg Dissektionssax SuperCut med platta, rundade spetsar. Anv\u00e4nds ofta inom plastikkirurgi. De kortare modellerna anv\u00e4nds f\u00f6r att komma under lamb\u00e5er och de l\u00e4ngre f\u00f6r vidare dissektion. Blad b\u00f6jda upp\u00e5t eller ned\u00e5t.<\/p>\n","protected":false},"featured_media":20484,"template":"","meta":[],"product_cat":[339,342,354,345],"product_tag":[],"acf":[],"yoast_head":"<!-- This site is optimized with the Yoast SEO plugin v17.9 - https:\/\/yoast.com\/wordpress\/plugins\/seo\/ -->\n<title>STILLE-EKBERG RAGNELL SUPERCUT ERGONOMISK DISSEKTIONSSAX - Stille SE STILLE<\/title>\n<meta name=\"robots\" content=\"index, follow, max-snippet:-1, max-image-preview:large, max-video-preview:-1\" \/>\n<link rel=\"canonical\" href=\"https:\/\/www.stille.se\/se\/produkt\/stille-ekberg-ragnell-supercut-ergonomisk-dissektionssax\/\" \/>\n<meta property=\"og:locale\" content=\"sv_SE\" \/>\n<meta property=\"og:type\" content=\"article\" \/>\n<meta property=\"og:title\" content=\"STILLE-EKBERG RAGNELL SUPERCUT ERGONOMISK DISSEKTIONSSAX - Stille SE STILLE\" \/>\n<meta property=\"og:description\" content=\"Ergo Ekberg Dissektionssax SuperCut med platta, rundade spetsar. Anv\u00e4nds ofta inom plastikkirurgi. De kortare modellerna anv\u00e4nds f\u00f6r att komma under lamb\u00e5er och de l\u00e4ngre f\u00f6r vidare dissektion. Blad b\u00f6jda upp\u00e5t eller ned\u00e5t.\" \/>\n<meta property=\"og:url\" content=\"https:\/\/www.stille.se\/se\/produkt\/stille-ekberg-ragnell-supercut-ergonomisk-dissektionssax\/\" \/>\n<meta property=\"og:site_name\" content=\"Stille SE\" \/>\n<meta property=\"article:publisher\" content=\"https:\/\/www.facebook.com\/stilleab\/\" \/>\n<meta property=\"article:modified_time\" content=\"2020-04-09T13:11:11+00:00\" \/>\n<meta property=\"og:image\" content=\"https:\/\/www.stille.se\/se\/wp-content\/uploads\/2019\/12\/1200x1200_101-8380-153u.jpg\" \/>\n\t<meta property=\"og:image:width\" content=\"1200\" \/>\n\t<meta property=\"og:image:height\" content=\"1200\" \/>\n\t<meta property=\"og:image:type\" content=\"image\/jpeg\" \/>\n<meta name=\"twitter:card\" content=\"summary_large_image\" \/>\n<script type=\"application\/ld+json\" class=\"yoast-schema-graph\">{\"@context\":\"https:\/\/schema.org\",\"@graph\":[{\"@type\":\"Organization\",\"@id\":\"https:\/\/www.stille.se\/se\/#organization\",\"name\":\"Stille AB\",\"url\":\"https:\/\/www.stille.se\/se\/\",\"sameAs\":[\"https:\/\/www.facebook.com\/stilleab\/\",\"https:\/\/www.linkedin.com\/company\/stille-ab\/\",\"https:\/\/www.youtube.com\/channel\/UCpxmVroiwKKSXWe3ZCOrSqw\"],\"logo\":{\"@type\":\"ImageObject\",\"@id\":\"https:\/\/www.stille.se\/se\/#logo\",\"inLanguage\":\"sv-SE\",\"url\":\"https:\/\/www.stille.se\/se\/wp-content\/uploads\/2019\/12\/stille-logo-800.jpg\",\"contentUrl\":\"https:\/\/www.stille.se\/se\/wp-content\/uploads\/2019\/12\/stille-logo-800.jpg\",\"width\":562,\"height\":314,\"caption\":\"Stille AB\"},\"image\":{\"@id\":\"https:\/\/www.stille.se\/se\/#logo\"}},{\"@type\":\"WebSite\",\"@id\":\"https:\/\/www.stille.se\/se\/#website\",\"url\":\"https:\/\/www.stille.se\/se\/\",\"name\":\"Stille SE\",\"description\":\"\",\"publisher\":{\"@id\":\"https:\/\/www.stille.se\/se\/#organization\"},\"potentialAction\":[{\"@type\":\"SearchAction\",\"target\":{\"@type\":\"EntryPoint\",\"urlTemplate\":\"https:\/\/www.stille.se\/se\/?s={search_term_string}\"},\"query-input\":\"required name=search_term_string\"}],\"inLanguage\":\"sv-SE\"},{\"@type\":\"ImageObject\",\"@id\":\"https:\/\/www.stille.se\/se\/produkt\/stille-ekberg-ragnell-supercut-ergonomisk-dissektionssax\/#primaryimage\",\"inLanguage\":\"sv-SE\",\"url\":\"https:\/\/www.stille.se\/se\/wp-content\/uploads\/2019\/12\/1200x1200_101-8380-153u.jpg\",\"contentUrl\":\"https:\/\/www.stille.se\/se\/wp-content\/uploads\/2019\/12\/1200x1200_101-8380-153u.jpg\",\"width\":1200,\"height\":1200},{\"@type\":\"WebPage\",\"@id\":\"https:\/\/www.stille.se\/se\/produkt\/stille-ekberg-ragnell-supercut-ergonomisk-dissektionssax\/#webpage\",\"url\":\"https:\/\/www.stille.se\/se\/produkt\/stille-ekberg-ragnell-supercut-ergonomisk-dissektionssax\/\",\"name\":\"STILLE-EKBERG RAGNELL SUPERCUT ERGONOMISK DISSEKTIONSSAX - Stille SE STILLE\",\"isPartOf\":{\"@id\":\"https:\/\/www.stille.se\/se\/#website\"},\"primaryImageOfPage\":{\"@id\":\"https:\/\/www.stille.se\/se\/produkt\/stille-ekberg-ragnell-supercut-ergonomisk-dissektionssax\/#primaryimage\"},\"datePublished\":\"2019-12-19T07:38:41+00:00\",\"dateModified\":\"2020-04-09T13:11:11+00:00\",\"breadcrumb\":{\"@id\":\"https:\/\/www.stille.se\/se\/produkt\/stille-ekberg-ragnell-supercut-ergonomisk-dissektionssax\/#breadcrumb\"},\"inLanguage\":\"sv-SE\",\"potentialAction\":[{\"@type\":\"ReadAction\",\"target\":[\"https:\/\/www.stille.se\/se\/produkt\/stille-ekberg-ragnell-supercut-ergonomisk-dissektionssax\/\"]}]},{\"@type\":\"BreadcrumbList\",\"@id\":\"https:\/\/www.stille.se\/se\/produkt\/stille-ekberg-ragnell-supercut-ergonomisk-dissektionssax\/#breadcrumb\",\"itemListElement\":[{\"@type\":\"ListItem\",\"position\":1,\"name\":\"Hem\",\"item\":\"https:\/\/www.stille.se\/se\/\"},{\"@type\":\"ListItem\",\"position\":2,\"name\":\"Butik\",\"item\":\"https:\/\/www.stille.se\/se\/butik\/\"},{\"@type\":\"ListItem\",\"position\":3,\"name\":\"Kirurgiska instrument\",\"item\":\"https:\/\/www.stille.se\/se\/produkt-kategori\/kirurgiska-instrument\/\"},{\"@type\":\"ListItem\",\"position\":4,\"name\":\"Saxar\",\"item\":\"https:\/\/www.stille.se\/se\/produkt-kategori\/kirurgiska-instrument\/saxar\/\"},{\"@type\":\"ListItem\",\"position\":5,\"name\":\"Dissektionssaxar\",\"item\":\"https:\/\/www.stille.se\/se\/produkt-kategori\/kirurgiska-instrument\/saxar\/dissektionssaxar\/\"},{\"@type\":\"ListItem\",\"position\":6,\"name\":\"STILLE-EKBERG RAGNELL SUPERCUT ERGONOMISK DISSEKTIONSSAX\"}]}]}<\/script>\n<!-- \/ Yoast SEO plugin. -->","yoast_head_json":{"title":"STILLE-EKBERG RAGNELL SUPERCUT ERGONOMISK DISSEKTIONSSAX - Stille SE STILLE","robots":{"index":"index","follow":"follow","max-snippet":"max-snippet:-1","max-image-preview":"max-image-preview:large","max-video-preview":"max-video-preview:-1"},"canonical":"https:\/\/www.stille.se\/se\/produkt\/stille-ekberg-ragnell-supercut-ergonomisk-dissektionssax\/","og_locale":"sv_SE","og_type":"article","og_title":"STILLE-EKBERG RAGNELL SUPERCUT ERGONOMISK DISSEKTIONSSAX - Stille SE STILLE","og_description":"Ergo Ekberg Dissektionssax SuperCut med platta, rundade spetsar. Anv\u00e4nds ofta inom plastikkirurgi. De kortare modellerna anv\u00e4nds f\u00f6r att komma under lamb\u00e5er och de l\u00e4ngre f\u00f6r vidare dissektion. Blad b\u00f6jda upp\u00e5t eller ned\u00e5t.","og_url":"https:\/\/www.stille.se\/se\/produkt\/stille-ekberg-ragnell-supercut-ergonomisk-dissektionssax\/","og_site_name":"Stille SE","article_publisher":"https:\/\/www.facebook.com\/stilleab\/","article_modified_time":"2020-04-09T13:11:11+00:00","og_image":[{"width":1200,"height":1200,"url":"https:\/\/www.stille.se\/se\/wp-content\/uploads\/2019\/12\/1200x1200_101-8380-153u.jpg","type":"image\/jpeg"}],"twitter_card":"summary_large_image","schema":{"@context":"https:\/\/schema.org","@graph":[{"@type":"Organization","@id":"https:\/\/www.stille.se\/se\/#organization","name":"Stille AB","url":"https:\/\/www.stille.se\/se\/","sameAs":["https:\/\/www.facebook.com\/stilleab\/","https:\/\/www.linkedin.com\/company\/stille-ab\/","https:\/\/www.youtube.com\/channel\/UCpxmVroiwKKSXWe3ZCOrSqw"],"logo":{"@type":"ImageObject","@id":"https:\/\/www.stille.se\/se\/#logo","inLanguage":"sv-SE","url":"https:\/\/www.stille.se\/se\/wp-content\/uploads\/2019\/12\/stille-logo-800.jpg","contentUrl":"https:\/\/www.stille.se\/se\/wp-content\/uploads\/2019\/12\/stille-logo-800.jpg","width":562,"height":314,"caption":"Stille AB"},"image":{"@id":"https:\/\/www.stille.se\/se\/#logo"}},{"@type":"WebSite","@id":"https:\/\/www.stille.se\/se\/#website","url":"https:\/\/www.stille.se\/se\/","name":"Stille SE","description":"","publisher":{"@id":"https:\/\/www.stille.se\/se\/#organization"},"potentialAction":[{"@type":"SearchAction","target":{"@type":"EntryPoint","urlTemplate":"https:\/\/www.stille.se\/se\/?s={search_term_string}"},"query-input":"required name=search_term_string"}],"inLanguage":"sv-SE"},{"@type":"ImageObject","@id":"https:\/\/www.stille.se\/se\/produkt\/stille-ekberg-ragnell-supercut-ergonomisk-dissektionssax\/#primaryimage","inLanguage":"sv-SE","url":"https:\/\/www.stille.se\/se\/wp-content\/uploads\/2019\/12\/1200x1200_101-8380-153u.jpg","contentUrl":"https:\/\/www.stille.se\/se\/wp-content\/uploads\/2019\/12\/1200x1200_101-8380-153u.jpg","width":1200,"height":1200},{"@type":"WebPage","@id":"https:\/\/www.stille.se\/se\/produkt\/stille-ekberg-ragnell-supercut-ergonomisk-dissektionssax\/#webpage","url":"https:\/\/www.stille.se\/se\/produkt\/stille-ekberg-ragnell-supercut-ergonomisk-dissektionssax\/","name":"STILLE-EKBERG RAGNELL SUPERCUT ERGONOMISK DISSEKTIONSSAX - Stille SE STILLE","isPartOf":{"@id":"https:\/\/www.stille.se\/se\/#website"},"primaryImageOfPage":{"@id":"https:\/\/www.stille.se\/se\/produkt\/stille-ekberg-ragnell-supercut-ergonomisk-dissektionssax\/#primaryimage"},"datePublished":"2019-12-19T07:38:41+00:00","dateModified":"2020-04-09T13:11:11+00:00","breadcrumb":{"@id":"https:\/\/www.stille.se\/se\/produkt\/stille-ekberg-ragnell-supercut-ergonomisk-dissektionssax\/#breadcrumb"},"inLanguage":"sv-SE","potentialAction":[{"@type":"ReadAction","target":["https:\/\/www.stille.se\/se\/produkt\/stille-ekberg-ragnell-supercut-ergonomisk-dissektionssax\/"]}]},{"@type":"BreadcrumbList","@id":"https:\/\/www.stille.se\/se\/produkt\/stille-ekberg-ragnell-supercut-ergonomisk-dissektionssax\/#breadcrumb","itemListElement":[{"@type":"ListItem","position":1,"name":"Hem","item":"https:\/\/www.stille.se\/se\/"},{"@type":"ListItem","position":2,"name":"Butik","item":"https:\/\/www.stille.se\/se\/butik\/"},{"@type":"ListItem","position":3,"name":"Kirurgiska instrument","item":"https:\/\/www.stille.se\/se\/produkt-kategori\/kirurgiska-instrument\/"},{"@type":"ListItem","position":4,"name":"Saxar","item":"https:\/\/www.stille.se\/se\/produkt-kategori\/kirurgiska-instrument\/saxar\/"},{"@type":"ListItem","position":5,"name":"Dissektionssaxar","item":"https:\/\/www.stille.se\/se\/produkt-kategori\/kirurgiska-instrument\/saxar\/dissektionssaxar\/"},{"@type":"ListItem","position":6,"name":"STILLE-EKBERG RAGNELL SUPERCUT ERGONOMISK DISSEKTIONSSAX"}]}]}},"_links":{"self":[{"href":"https:\/\/www.stille.se\/se\/wp-json\/wp\/v2\/product\/11574"}],"collection":[{"href":"https:\/\/www.stille.se\/se\/wp-json\/wp\/v2\/product"}],"about":[{"href":"https:\/\/www.stille.se\/se\/wp-json\/wp\/v2\/types\/product"}],"wp:featuredmedia":[{"embeddable":true,"href":"https:\/\/www.stille.se\/se\/wp-json\/wp\/v2\/media\/20484"}],"wp:attachment":[{"href":"https:\/\/www.stille.se\/se\/wp-json\/wp\/v2\/media?parent=11574"}],"wp:term":[{"taxonomy":"product_cat","embeddable":true,"href":"https:\/\/www.stille.se\/se\/wp-json\/wp\/v2\/product_cat?post=11574"},{"taxonomy":"product_tag","embeddable":true,"href":"https:\/\/www.stille.se\/se\/wp-json\/wp\/v2\/product_tag?post=11574"}],"curies":[{"name":"wp","href":"https:\/\/api.w.org\/{rel}","templated":true}]}}