{"id":11619,"date":"2019-12-19T07:38:41","date_gmt":"2019-12-19T07:38:41","guid":{"rendered":"https:\/\/www.stille.se\/se\/product\/gorney-stille-supercut-face-lift-sax\/"},"modified":"2020-04-15T14:14:47","modified_gmt":"2020-04-15T12:14:47","slug":"gorney-stille-supercut-face-lift-sax","status":"publish","type":"product","link":"https:\/\/www.stille.se\/se\/produkt\/gorney-stille-supercut-face-lift-sax\/","title":{"rendered":"GORNEY STILLE SUPERCUT FACE-LIFT SAX"},"content":{"rendered":"","protected":false},"excerpt":{"rendered":"<p>SuperCut faceliftsax med platta spetsar och blad med dubbelsvall. Halvvassa ytterkanter p\u00e5 bladen f\u00f6r extra effektiv dissektion. Raka eller b\u00f6jda blad. Tv\u00e5 modeller med tandade blad f\u00f6r extra bra grepp om v\u00e4vnaden.<\/p>\n","protected":false},"featured_media":20511,"template":"","meta":[],"product_cat":[339,342,369,345],"product_tag":[],"acf":[],"yoast_head":"<!-- This site is optimized with the Yoast SEO plugin v17.9 - https:\/\/yoast.com\/wordpress\/plugins\/seo\/ -->\n<title>GORNEY STILLE SUPERCUT FACE-LIFT SAX - Stille SE STILLE<\/title>\n<meta name=\"robots\" content=\"index, follow, max-snippet:-1, max-image-preview:large, max-video-preview:-1\" \/>\n<link rel=\"canonical\" href=\"https:\/\/www.stille.se\/se\/produkt\/gorney-stille-supercut-face-lift-sax\/\" \/>\n<meta property=\"og:locale\" content=\"sv_SE\" \/>\n<meta property=\"og:type\" content=\"article\" \/>\n<meta property=\"og:title\" content=\"GORNEY STILLE SUPERCUT FACE-LIFT SAX - Stille SE STILLE\" \/>\n<meta property=\"og:description\" content=\"SuperCut faceliftsax med platta spetsar och blad med dubbelsvall. Halvvassa ytterkanter p\u00e5 bladen f\u00f6r extra effektiv dissektion. Raka eller b\u00f6jda blad. Tv\u00e5 modeller med tandade blad f\u00f6r extra bra grepp om v\u00e4vnaden.\" \/>\n<meta property=\"og:url\" content=\"https:\/\/www.stille.se\/se\/produkt\/gorney-stille-supercut-face-lift-sax\/\" \/>\n<meta property=\"og:site_name\" content=\"Stille SE\" \/>\n<meta property=\"article:publisher\" content=\"https:\/\/www.facebook.com\/stilleab\/\" \/>\n<meta property=\"article:modified_time\" content=\"2020-04-15T12:14:47+00:00\" \/>\n<meta property=\"og:image\" content=\"https:\/\/www.stille.se\/se\/wp-content\/uploads\/2019\/12\/1200x1200_101-8430-171.jpg\" \/>\n\t<meta property=\"og:image:width\" content=\"1200\" \/>\n\t<meta property=\"og:image:height\" content=\"1200\" \/>\n\t<meta property=\"og:image:type\" content=\"image\/jpeg\" \/>\n<meta name=\"twitter:card\" content=\"summary_large_image\" \/>\n<script type=\"application\/ld+json\" class=\"yoast-schema-graph\">{\"@context\":\"https:\/\/schema.org\",\"@graph\":[{\"@type\":\"Organization\",\"@id\":\"https:\/\/www.stille.se\/se\/#organization\",\"name\":\"Stille AB\",\"url\":\"https:\/\/www.stille.se\/se\/\",\"sameAs\":[\"https:\/\/www.facebook.com\/stilleab\/\",\"https:\/\/www.linkedin.com\/company\/stille-ab\/\",\"https:\/\/www.youtube.com\/channel\/UCpxmVroiwKKSXWe3ZCOrSqw\"],\"logo\":{\"@type\":\"ImageObject\",\"@id\":\"https:\/\/www.stille.se\/se\/#logo\",\"inLanguage\":\"sv-SE\",\"url\":\"https:\/\/www.stille.se\/se\/wp-content\/uploads\/2019\/12\/stille-logo-800.jpg\",\"contentUrl\":\"https:\/\/www.stille.se\/se\/wp-content\/uploads\/2019\/12\/stille-logo-800.jpg\",\"width\":562,\"height\":314,\"caption\":\"Stille AB\"},\"image\":{\"@id\":\"https:\/\/www.stille.se\/se\/#logo\"}},{\"@type\":\"WebSite\",\"@id\":\"https:\/\/www.stille.se\/se\/#website\",\"url\":\"https:\/\/www.stille.se\/se\/\",\"name\":\"Stille SE\",\"description\":\"\",\"publisher\":{\"@id\":\"https:\/\/www.stille.se\/se\/#organization\"},\"potentialAction\":[{\"@type\":\"SearchAction\",\"target\":{\"@type\":\"EntryPoint\",\"urlTemplate\":\"https:\/\/www.stille.se\/se\/?s={search_term_string}\"},\"query-input\":\"required name=search_term_string\"}],\"inLanguage\":\"sv-SE\"},{\"@type\":\"ImageObject\",\"@id\":\"https:\/\/www.stille.se\/se\/produkt\/gorney-stille-supercut-face-lift-sax\/#primaryimage\",\"inLanguage\":\"sv-SE\",\"url\":\"https:\/\/www.stille.se\/se\/wp-content\/uploads\/2019\/12\/1200x1200_101-8430-171.jpg\",\"contentUrl\":\"https:\/\/www.stille.se\/se\/wp-content\/uploads\/2019\/12\/1200x1200_101-8430-171.jpg\",\"width\":1200,\"height\":1200},{\"@type\":\"WebPage\",\"@id\":\"https:\/\/www.stille.se\/se\/produkt\/gorney-stille-supercut-face-lift-sax\/#webpage\",\"url\":\"https:\/\/www.stille.se\/se\/produkt\/gorney-stille-supercut-face-lift-sax\/\",\"name\":\"GORNEY STILLE SUPERCUT FACE-LIFT SAX - Stille SE STILLE\",\"isPartOf\":{\"@id\":\"https:\/\/www.stille.se\/se\/#website\"},\"primaryImageOfPage\":{\"@id\":\"https:\/\/www.stille.se\/se\/produkt\/gorney-stille-supercut-face-lift-sax\/#primaryimage\"},\"datePublished\":\"2019-12-19T07:38:41+00:00\",\"dateModified\":\"2020-04-15T12:14:47+00:00\",\"breadcrumb\":{\"@id\":\"https:\/\/www.stille.se\/se\/produkt\/gorney-stille-supercut-face-lift-sax\/#breadcrumb\"},\"inLanguage\":\"sv-SE\",\"potentialAction\":[{\"@type\":\"ReadAction\",\"target\":[\"https:\/\/www.stille.se\/se\/produkt\/gorney-stille-supercut-face-lift-sax\/\"]}]},{\"@type\":\"BreadcrumbList\",\"@id\":\"https:\/\/www.stille.se\/se\/produkt\/gorney-stille-supercut-face-lift-sax\/#breadcrumb\",\"itemListElement\":[{\"@type\":\"ListItem\",\"position\":1,\"name\":\"Hem\",\"item\":\"https:\/\/www.stille.se\/se\/\"},{\"@type\":\"ListItem\",\"position\":2,\"name\":\"Butik\",\"item\":\"https:\/\/www.stille.se\/se\/butik\/\"},{\"@type\":\"ListItem\",\"position\":3,\"name\":\"Kirurgiska instrument\",\"item\":\"https:\/\/www.stille.se\/se\/produkt-kategori\/kirurgiska-instrument\/\"},{\"@type\":\"ListItem\",\"position\":4,\"name\":\"Saxar\",\"item\":\"https:\/\/www.stille.se\/se\/produkt-kategori\/kirurgiska-instrument\/saxar\/\"},{\"@type\":\"ListItem\",\"position\":5,\"name\":\"Face-lift saxar\",\"item\":\"https:\/\/www.stille.se\/se\/produkt-kategori\/kirurgiska-instrument\/saxar\/face-lift-saxar\/\"},{\"@type\":\"ListItem\",\"position\":6,\"name\":\"GORNEY STILLE SUPERCUT FACE-LIFT SAX\"}]}]}<\/script>\n<!-- \/ Yoast SEO plugin. -->","yoast_head_json":{"title":"GORNEY STILLE SUPERCUT FACE-LIFT SAX - Stille SE STILLE","robots":{"index":"index","follow":"follow","max-snippet":"max-snippet:-1","max-image-preview":"max-image-preview:large","max-video-preview":"max-video-preview:-1"},"canonical":"https:\/\/www.stille.se\/se\/produkt\/gorney-stille-supercut-face-lift-sax\/","og_locale":"sv_SE","og_type":"article","og_title":"GORNEY STILLE SUPERCUT FACE-LIFT SAX - Stille SE STILLE","og_description":"SuperCut faceliftsax med platta spetsar och blad med dubbelsvall. Halvvassa ytterkanter p\u00e5 bladen f\u00f6r extra effektiv dissektion. Raka eller b\u00f6jda blad. Tv\u00e5 modeller med tandade blad f\u00f6r extra bra grepp om v\u00e4vnaden.","og_url":"https:\/\/www.stille.se\/se\/produkt\/gorney-stille-supercut-face-lift-sax\/","og_site_name":"Stille SE","article_publisher":"https:\/\/www.facebook.com\/stilleab\/","article_modified_time":"2020-04-15T12:14:47+00:00","og_image":[{"width":1200,"height":1200,"url":"https:\/\/www.stille.se\/se\/wp-content\/uploads\/2019\/12\/1200x1200_101-8430-171.jpg","type":"image\/jpeg"}],"twitter_card":"summary_large_image","schema":{"@context":"https:\/\/schema.org","@graph":[{"@type":"Organization","@id":"https:\/\/www.stille.se\/se\/#organization","name":"Stille AB","url":"https:\/\/www.stille.se\/se\/","sameAs":["https:\/\/www.facebook.com\/stilleab\/","https:\/\/www.linkedin.com\/company\/stille-ab\/","https:\/\/www.youtube.com\/channel\/UCpxmVroiwKKSXWe3ZCOrSqw"],"logo":{"@type":"ImageObject","@id":"https:\/\/www.stille.se\/se\/#logo","inLanguage":"sv-SE","url":"https:\/\/www.stille.se\/se\/wp-content\/uploads\/2019\/12\/stille-logo-800.jpg","contentUrl":"https:\/\/www.stille.se\/se\/wp-content\/uploads\/2019\/12\/stille-logo-800.jpg","width":562,"height":314,"caption":"Stille AB"},"image":{"@id":"https:\/\/www.stille.se\/se\/#logo"}},{"@type":"WebSite","@id":"https:\/\/www.stille.se\/se\/#website","url":"https:\/\/www.stille.se\/se\/","name":"Stille SE","description":"","publisher":{"@id":"https:\/\/www.stille.se\/se\/#organization"},"potentialAction":[{"@type":"SearchAction","target":{"@type":"EntryPoint","urlTemplate":"https:\/\/www.stille.se\/se\/?s={search_term_string}"},"query-input":"required name=search_term_string"}],"inLanguage":"sv-SE"},{"@type":"ImageObject","@id":"https:\/\/www.stille.se\/se\/produkt\/gorney-stille-supercut-face-lift-sax\/#primaryimage","inLanguage":"sv-SE","url":"https:\/\/www.stille.se\/se\/wp-content\/uploads\/2019\/12\/1200x1200_101-8430-171.jpg","contentUrl":"https:\/\/www.stille.se\/se\/wp-content\/uploads\/2019\/12\/1200x1200_101-8430-171.jpg","width":1200,"height":1200},{"@type":"WebPage","@id":"https:\/\/www.stille.se\/se\/produkt\/gorney-stille-supercut-face-lift-sax\/#webpage","url":"https:\/\/www.stille.se\/se\/produkt\/gorney-stille-supercut-face-lift-sax\/","name":"GORNEY STILLE SUPERCUT FACE-LIFT SAX - Stille SE STILLE","isPartOf":{"@id":"https:\/\/www.stille.se\/se\/#website"},"primaryImageOfPage":{"@id":"https:\/\/www.stille.se\/se\/produkt\/gorney-stille-supercut-face-lift-sax\/#primaryimage"},"datePublished":"2019-12-19T07:38:41+00:00","dateModified":"2020-04-15T12:14:47+00:00","breadcrumb":{"@id":"https:\/\/www.stille.se\/se\/produkt\/gorney-stille-supercut-face-lift-sax\/#breadcrumb"},"inLanguage":"sv-SE","potentialAction":[{"@type":"ReadAction","target":["https:\/\/www.stille.se\/se\/produkt\/gorney-stille-supercut-face-lift-sax\/"]}]},{"@type":"BreadcrumbList","@id":"https:\/\/www.stille.se\/se\/produkt\/gorney-stille-supercut-face-lift-sax\/#breadcrumb","itemListElement":[{"@type":"ListItem","position":1,"name":"Hem","item":"https:\/\/www.stille.se\/se\/"},{"@type":"ListItem","position":2,"name":"Butik","item":"https:\/\/www.stille.se\/se\/butik\/"},{"@type":"ListItem","position":3,"name":"Kirurgiska instrument","item":"https:\/\/www.stille.se\/se\/produkt-kategori\/kirurgiska-instrument\/"},{"@type":"ListItem","position":4,"name":"Saxar","item":"https:\/\/www.stille.se\/se\/produkt-kategori\/kirurgiska-instrument\/saxar\/"},{"@type":"ListItem","position":5,"name":"Face-lift saxar","item":"https:\/\/www.stille.se\/se\/produkt-kategori\/kirurgiska-instrument\/saxar\/face-lift-saxar\/"},{"@type":"ListItem","position":6,"name":"GORNEY STILLE SUPERCUT FACE-LIFT SAX"}]}]}},"_links":{"self":[{"href":"https:\/\/www.stille.se\/se\/wp-json\/wp\/v2\/product\/11619"}],"collection":[{"href":"https:\/\/www.stille.se\/se\/wp-json\/wp\/v2\/product"}],"about":[{"href":"https:\/\/www.stille.se\/se\/wp-json\/wp\/v2\/types\/product"}],"wp:featuredmedia":[{"embeddable":true,"href":"https:\/\/www.stille.se\/se\/wp-json\/wp\/v2\/media\/20511"}],"wp:attachment":[{"href":"https:\/\/www.stille.se\/se\/wp-json\/wp\/v2\/media?parent=11619"}],"wp:term":[{"taxonomy":"product_cat","embeddable":true,"href":"https:\/\/www.stille.se\/se\/wp-json\/wp\/v2\/product_cat?post=11619"},{"taxonomy":"product_tag","embeddable":true,"href":"https:\/\/www.stille.se\/se\/wp-json\/wp\/v2\/product_tag?post=11619"}],"curies":[{"name":"wp","href":"https:\/\/api.w.org\/{rel}","templated":true}]}}