{"id":11904,"date":"2019-12-19T07:39:33","date_gmt":"2019-12-19T07:39:33","guid":{"rendered":"https:\/\/www.stille.se\/se\/product\/adlercreutz-stille-kirurgisk-pincett\/"},"modified":"2020-04-15T15:06:53","modified_gmt":"2020-04-15T13:06:53","slug":"adlercreutz-stille-kirurgisk-pincett","status":"publish","type":"product","link":"https:\/\/www.stille.se\/se\/produkt\/adlercreutz-stille-kirurgisk-pincett\/","title":{"rendered":"ADLERCREUTZ STILLE KIRURGISK PINCETT"},"content":{"rendered":"","protected":false},"excerpt":{"rendered":"<p>Pincett med 4&#215;5 fina klor. Mycket anv\u00e4ndbar inom neurokirurgi f\u00f6r att greppa duran, och inom kardiovaskul\u00e4r kirurgi f\u00f6r att h\u00e5lla perikardium. Finns i tre olika l\u00e4ngder.<\/p>\n","protected":false},"featured_media":20637,"template":"","meta":[],"product_cat":[339,375,378],"product_tag":[],"acf":[],"yoast_head":"<!-- This site is optimized with the Yoast SEO plugin v17.9 - https:\/\/yoast.com\/wordpress\/plugins\/seo\/ -->\n<title>ADLERCREUTZ STILLE KIRURGISK PINCETT - Stille SE STILLE<\/title>\n<meta name=\"robots\" content=\"index, follow, max-snippet:-1, max-image-preview:large, max-video-preview:-1\" \/>\n<link rel=\"canonical\" href=\"https:\/\/www.stille.se\/se\/produkt\/adlercreutz-stille-kirurgisk-pincett\/\" \/>\n<meta property=\"og:locale\" content=\"sv_SE\" \/>\n<meta property=\"og:type\" content=\"article\" \/>\n<meta property=\"og:title\" content=\"ADLERCREUTZ STILLE KIRURGISK PINCETT - Stille SE STILLE\" \/>\n<meta property=\"og:description\" content=\"Pincett med 4x5 fina klor. Mycket anv\u00e4ndbar inom neurokirurgi f\u00f6r att greppa duran, och inom kardiovaskul\u00e4r kirurgi f\u00f6r att h\u00e5lla perikardium. Finns i tre olika l\u00e4ngder.\" \/>\n<meta property=\"og:url\" content=\"https:\/\/www.stille.se\/se\/produkt\/adlercreutz-stille-kirurgisk-pincett\/\" \/>\n<meta property=\"og:site_name\" content=\"Stille SE\" \/>\n<meta property=\"article:publisher\" content=\"https:\/\/www.facebook.com\/stilleab\/\" \/>\n<meta property=\"article:modified_time\" content=\"2020-04-15T13:06:53+00:00\" \/>\n<meta property=\"og:image\" content=\"https:\/\/www.stille.se\/se\/wp-content\/uploads\/2019\/12\/1200x1200_102-9248-25.jpg\" \/>\n\t<meta property=\"og:image:width\" content=\"1200\" \/>\n\t<meta property=\"og:image:height\" content=\"1200\" \/>\n\t<meta property=\"og:image:type\" content=\"image\/jpeg\" \/>\n<meta name=\"twitter:card\" content=\"summary_large_image\" \/>\n<script type=\"application\/ld+json\" class=\"yoast-schema-graph\">{\"@context\":\"https:\/\/schema.org\",\"@graph\":[{\"@type\":\"Organization\",\"@id\":\"https:\/\/www.stille.se\/se\/#organization\",\"name\":\"Stille AB\",\"url\":\"https:\/\/www.stille.se\/se\/\",\"sameAs\":[\"https:\/\/www.facebook.com\/stilleab\/\",\"https:\/\/www.linkedin.com\/company\/stille-ab\/\",\"https:\/\/www.youtube.com\/channel\/UCpxmVroiwKKSXWe3ZCOrSqw\"],\"logo\":{\"@type\":\"ImageObject\",\"@id\":\"https:\/\/www.stille.se\/se\/#logo\",\"inLanguage\":\"sv-SE\",\"url\":\"https:\/\/www.stille.se\/se\/wp-content\/uploads\/2019\/12\/stille-logo-800.jpg\",\"contentUrl\":\"https:\/\/www.stille.se\/se\/wp-content\/uploads\/2019\/12\/stille-logo-800.jpg\",\"width\":562,\"height\":314,\"caption\":\"Stille AB\"},\"image\":{\"@id\":\"https:\/\/www.stille.se\/se\/#logo\"}},{\"@type\":\"WebSite\",\"@id\":\"https:\/\/www.stille.se\/se\/#website\",\"url\":\"https:\/\/www.stille.se\/se\/\",\"name\":\"Stille SE\",\"description\":\"\",\"publisher\":{\"@id\":\"https:\/\/www.stille.se\/se\/#organization\"},\"potentialAction\":[{\"@type\":\"SearchAction\",\"target\":{\"@type\":\"EntryPoint\",\"urlTemplate\":\"https:\/\/www.stille.se\/se\/?s={search_term_string}\"},\"query-input\":\"required name=search_term_string\"}],\"inLanguage\":\"sv-SE\"},{\"@type\":\"ImageObject\",\"@id\":\"https:\/\/www.stille.se\/se\/produkt\/adlercreutz-stille-kirurgisk-pincett\/#primaryimage\",\"inLanguage\":\"sv-SE\",\"url\":\"https:\/\/www.stille.se\/se\/wp-content\/uploads\/2019\/12\/1200x1200_102-9248-25.jpg\",\"contentUrl\":\"https:\/\/www.stille.se\/se\/wp-content\/uploads\/2019\/12\/1200x1200_102-9248-25.jpg\",\"width\":1200,\"height\":1200},{\"@type\":\"WebPage\",\"@id\":\"https:\/\/www.stille.se\/se\/produkt\/adlercreutz-stille-kirurgisk-pincett\/#webpage\",\"url\":\"https:\/\/www.stille.se\/se\/produkt\/adlercreutz-stille-kirurgisk-pincett\/\",\"name\":\"ADLERCREUTZ STILLE KIRURGISK PINCETT - Stille SE STILLE\",\"isPartOf\":{\"@id\":\"https:\/\/www.stille.se\/se\/#website\"},\"primaryImageOfPage\":{\"@id\":\"https:\/\/www.stille.se\/se\/produkt\/adlercreutz-stille-kirurgisk-pincett\/#primaryimage\"},\"datePublished\":\"2019-12-19T07:39:33+00:00\",\"dateModified\":\"2020-04-15T13:06:53+00:00\",\"breadcrumb\":{\"@id\":\"https:\/\/www.stille.se\/se\/produkt\/adlercreutz-stille-kirurgisk-pincett\/#breadcrumb\"},\"inLanguage\":\"sv-SE\",\"potentialAction\":[{\"@type\":\"ReadAction\",\"target\":[\"https:\/\/www.stille.se\/se\/produkt\/adlercreutz-stille-kirurgisk-pincett\/\"]}]},{\"@type\":\"BreadcrumbList\",\"@id\":\"https:\/\/www.stille.se\/se\/produkt\/adlercreutz-stille-kirurgisk-pincett\/#breadcrumb\",\"itemListElement\":[{\"@type\":\"ListItem\",\"position\":1,\"name\":\"Hem\",\"item\":\"https:\/\/www.stille.se\/se\/\"},{\"@type\":\"ListItem\",\"position\":2,\"name\":\"Butik\",\"item\":\"https:\/\/www.stille.se\/se\/butik\/\"},{\"@type\":\"ListItem\",\"position\":3,\"name\":\"Kirurgiska instrument\",\"item\":\"https:\/\/www.stille.se\/se\/produkt-kategori\/kirurgiska-instrument\/\"},{\"@type\":\"ListItem\",\"position\":4,\"name\":\"Pincetter\",\"item\":\"https:\/\/www.stille.se\/se\/produkt-kategori\/kirurgiska-instrument\/pincetter\/\"},{\"@type\":\"ListItem\",\"position\":5,\"name\":\"Kirurgiska pincetter\",\"item\":\"https:\/\/www.stille.se\/se\/produkt-kategori\/kirurgiska-instrument\/pincetter\/kirurgiska-pincetter\/\"},{\"@type\":\"ListItem\",\"position\":6,\"name\":\"ADLERCREUTZ STILLE KIRURGISK PINCETT\"}]}]}<\/script>\n<!-- \/ Yoast SEO plugin. -->","yoast_head_json":{"title":"ADLERCREUTZ STILLE KIRURGISK PINCETT - Stille SE STILLE","robots":{"index":"index","follow":"follow","max-snippet":"max-snippet:-1","max-image-preview":"max-image-preview:large","max-video-preview":"max-video-preview:-1"},"canonical":"https:\/\/www.stille.se\/se\/produkt\/adlercreutz-stille-kirurgisk-pincett\/","og_locale":"sv_SE","og_type":"article","og_title":"ADLERCREUTZ STILLE KIRURGISK PINCETT - Stille SE STILLE","og_description":"Pincett med 4x5 fina klor. Mycket anv\u00e4ndbar inom neurokirurgi f\u00f6r att greppa duran, och inom kardiovaskul\u00e4r kirurgi f\u00f6r att h\u00e5lla perikardium. Finns i tre olika l\u00e4ngder.","og_url":"https:\/\/www.stille.se\/se\/produkt\/adlercreutz-stille-kirurgisk-pincett\/","og_site_name":"Stille SE","article_publisher":"https:\/\/www.facebook.com\/stilleab\/","article_modified_time":"2020-04-15T13:06:53+00:00","og_image":[{"width":1200,"height":1200,"url":"https:\/\/www.stille.se\/se\/wp-content\/uploads\/2019\/12\/1200x1200_102-9248-25.jpg","type":"image\/jpeg"}],"twitter_card":"summary_large_image","schema":{"@context":"https:\/\/schema.org","@graph":[{"@type":"Organization","@id":"https:\/\/www.stille.se\/se\/#organization","name":"Stille AB","url":"https:\/\/www.stille.se\/se\/","sameAs":["https:\/\/www.facebook.com\/stilleab\/","https:\/\/www.linkedin.com\/company\/stille-ab\/","https:\/\/www.youtube.com\/channel\/UCpxmVroiwKKSXWe3ZCOrSqw"],"logo":{"@type":"ImageObject","@id":"https:\/\/www.stille.se\/se\/#logo","inLanguage":"sv-SE","url":"https:\/\/www.stille.se\/se\/wp-content\/uploads\/2019\/12\/stille-logo-800.jpg","contentUrl":"https:\/\/www.stille.se\/se\/wp-content\/uploads\/2019\/12\/stille-logo-800.jpg","width":562,"height":314,"caption":"Stille AB"},"image":{"@id":"https:\/\/www.stille.se\/se\/#logo"}},{"@type":"WebSite","@id":"https:\/\/www.stille.se\/se\/#website","url":"https:\/\/www.stille.se\/se\/","name":"Stille SE","description":"","publisher":{"@id":"https:\/\/www.stille.se\/se\/#organization"},"potentialAction":[{"@type":"SearchAction","target":{"@type":"EntryPoint","urlTemplate":"https:\/\/www.stille.se\/se\/?s={search_term_string}"},"query-input":"required name=search_term_string"}],"inLanguage":"sv-SE"},{"@type":"ImageObject","@id":"https:\/\/www.stille.se\/se\/produkt\/adlercreutz-stille-kirurgisk-pincett\/#primaryimage","inLanguage":"sv-SE","url":"https:\/\/www.stille.se\/se\/wp-content\/uploads\/2019\/12\/1200x1200_102-9248-25.jpg","contentUrl":"https:\/\/www.stille.se\/se\/wp-content\/uploads\/2019\/12\/1200x1200_102-9248-25.jpg","width":1200,"height":1200},{"@type":"WebPage","@id":"https:\/\/www.stille.se\/se\/produkt\/adlercreutz-stille-kirurgisk-pincett\/#webpage","url":"https:\/\/www.stille.se\/se\/produkt\/adlercreutz-stille-kirurgisk-pincett\/","name":"ADLERCREUTZ STILLE KIRURGISK PINCETT - Stille SE STILLE","isPartOf":{"@id":"https:\/\/www.stille.se\/se\/#website"},"primaryImageOfPage":{"@id":"https:\/\/www.stille.se\/se\/produkt\/adlercreutz-stille-kirurgisk-pincett\/#primaryimage"},"datePublished":"2019-12-19T07:39:33+00:00","dateModified":"2020-04-15T13:06:53+00:00","breadcrumb":{"@id":"https:\/\/www.stille.se\/se\/produkt\/adlercreutz-stille-kirurgisk-pincett\/#breadcrumb"},"inLanguage":"sv-SE","potentialAction":[{"@type":"ReadAction","target":["https:\/\/www.stille.se\/se\/produkt\/adlercreutz-stille-kirurgisk-pincett\/"]}]},{"@type":"BreadcrumbList","@id":"https:\/\/www.stille.se\/se\/produkt\/adlercreutz-stille-kirurgisk-pincett\/#breadcrumb","itemListElement":[{"@type":"ListItem","position":1,"name":"Hem","item":"https:\/\/www.stille.se\/se\/"},{"@type":"ListItem","position":2,"name":"Butik","item":"https:\/\/www.stille.se\/se\/butik\/"},{"@type":"ListItem","position":3,"name":"Kirurgiska instrument","item":"https:\/\/www.stille.se\/se\/produkt-kategori\/kirurgiska-instrument\/"},{"@type":"ListItem","position":4,"name":"Pincetter","item":"https:\/\/www.stille.se\/se\/produkt-kategori\/kirurgiska-instrument\/pincetter\/"},{"@type":"ListItem","position":5,"name":"Kirurgiska pincetter","item":"https:\/\/www.stille.se\/se\/produkt-kategori\/kirurgiska-instrument\/pincetter\/kirurgiska-pincetter\/"},{"@type":"ListItem","position":6,"name":"ADLERCREUTZ STILLE KIRURGISK PINCETT"}]}]}},"_links":{"self":[{"href":"https:\/\/www.stille.se\/se\/wp-json\/wp\/v2\/product\/11904"}],"collection":[{"href":"https:\/\/www.stille.se\/se\/wp-json\/wp\/v2\/product"}],"about":[{"href":"https:\/\/www.stille.se\/se\/wp-json\/wp\/v2\/types\/product"}],"wp:featuredmedia":[{"embeddable":true,"href":"https:\/\/www.stille.se\/se\/wp-json\/wp\/v2\/media\/20637"}],"wp:attachment":[{"href":"https:\/\/www.stille.se\/se\/wp-json\/wp\/v2\/media?parent=11904"}],"wp:term":[{"taxonomy":"product_cat","embeddable":true,"href":"https:\/\/www.stille.se\/se\/wp-json\/wp\/v2\/product_cat?post=11904"},{"taxonomy":"product_tag","embeddable":true,"href":"https:\/\/www.stille.se\/se\/wp-json\/wp\/v2\/product_tag?post=11904"}],"curies":[{"name":"wp","href":"https:\/\/api.w.org\/{rel}","templated":true}]}}