{"id":12264,"date":"2019-12-19T07:40:50","date_gmt":"2019-12-19T07:40:50","guid":{"rendered":"https:\/\/www.stille.se\/se\/product\/sawtell-stille-peang\/"},"modified":"2020-04-21T15:35:03","modified_gmt":"2020-04-21T13:35:03","slug":"sawtell-stille-peang","status":"publish","type":"product","link":"https:\/\/www.stille.se\/se\/produkt\/sawtell-stille-peang\/","title":{"rendered":"SAWTELL STILLE PEANG"},"content":{"rendered":"","protected":false},"excerpt":{"rendered":"<p>En peang med halvv\u00e4gs karrerade, relativt kraftigt b\u00f6jda k\u00e4ftar. Finns i tv\u00e5 olika l\u00e4ngder.<\/p>\n","protected":false},"featured_media":20760,"template":"","meta":[],"product_cat":[339,399,402],"product_tag":[],"acf":[],"yoast_head":"<!-- This site is optimized with the Yoast SEO plugin v17.9 - https:\/\/yoast.com\/wordpress\/plugins\/seo\/ -->\n<title>SAWTELL STILLE PEANG - Stille SE STILLE<\/title>\n<meta name=\"robots\" content=\"index, follow, max-snippet:-1, max-image-preview:large, max-video-preview:-1\" \/>\n<link rel=\"canonical\" href=\"https:\/\/www.stille.se\/se\/produkt\/sawtell-stille-peang\/\" \/>\n<meta property=\"og:locale\" content=\"sv_SE\" \/>\n<meta property=\"og:type\" content=\"article\" \/>\n<meta property=\"og:title\" content=\"SAWTELL STILLE PEANG - Stille SE STILLE\" \/>\n<meta property=\"og:description\" content=\"En peang med halvv\u00e4gs karrerade, relativt kraftigt b\u00f6jda k\u00e4ftar. Finns i tv\u00e5 olika l\u00e4ngder.\" \/>\n<meta property=\"og:url\" content=\"https:\/\/www.stille.se\/se\/produkt\/sawtell-stille-peang\/\" \/>\n<meta property=\"og:site_name\" content=\"Stille SE\" \/>\n<meta property=\"article:publisher\" content=\"https:\/\/www.facebook.com\/stilleab\/\" \/>\n<meta property=\"article:modified_time\" content=\"2020-04-21T13:35:03+00:00\" \/>\n<meta property=\"og:image\" content=\"https:\/\/www.stille.se\/se\/wp-content\/uploads\/2019\/12\/1200x1200_103-10413-241.jpg\" \/>\n\t<meta property=\"og:image:width\" content=\"1200\" \/>\n\t<meta property=\"og:image:height\" content=\"1200\" \/>\n\t<meta property=\"og:image:type\" content=\"image\/jpeg\" \/>\n<meta name=\"twitter:card\" content=\"summary_large_image\" \/>\n<script type=\"application\/ld+json\" class=\"yoast-schema-graph\">{\"@context\":\"https:\/\/schema.org\",\"@graph\":[{\"@type\":\"Organization\",\"@id\":\"https:\/\/www.stille.se\/se\/#organization\",\"name\":\"Stille AB\",\"url\":\"https:\/\/www.stille.se\/se\/\",\"sameAs\":[\"https:\/\/www.facebook.com\/stilleab\/\",\"https:\/\/www.linkedin.com\/company\/stille-ab\/\",\"https:\/\/www.youtube.com\/channel\/UCpxmVroiwKKSXWe3ZCOrSqw\"],\"logo\":{\"@type\":\"ImageObject\",\"@id\":\"https:\/\/www.stille.se\/se\/#logo\",\"inLanguage\":\"sv-SE\",\"url\":\"https:\/\/www.stille.se\/se\/wp-content\/uploads\/2019\/12\/stille-logo-800.jpg\",\"contentUrl\":\"https:\/\/www.stille.se\/se\/wp-content\/uploads\/2019\/12\/stille-logo-800.jpg\",\"width\":562,\"height\":314,\"caption\":\"Stille AB\"},\"image\":{\"@id\":\"https:\/\/www.stille.se\/se\/#logo\"}},{\"@type\":\"WebSite\",\"@id\":\"https:\/\/www.stille.se\/se\/#website\",\"url\":\"https:\/\/www.stille.se\/se\/\",\"name\":\"Stille SE\",\"description\":\"\",\"publisher\":{\"@id\":\"https:\/\/www.stille.se\/se\/#organization\"},\"potentialAction\":[{\"@type\":\"SearchAction\",\"target\":{\"@type\":\"EntryPoint\",\"urlTemplate\":\"https:\/\/www.stille.se\/se\/?s={search_term_string}\"},\"query-input\":\"required name=search_term_string\"}],\"inLanguage\":\"sv-SE\"},{\"@type\":\"ImageObject\",\"@id\":\"https:\/\/www.stille.se\/se\/produkt\/sawtell-stille-peang\/#primaryimage\",\"inLanguage\":\"sv-SE\",\"url\":\"https:\/\/www.stille.se\/se\/wp-content\/uploads\/2019\/12\/1200x1200_103-10413-241.jpg\",\"contentUrl\":\"https:\/\/www.stille.se\/se\/wp-content\/uploads\/2019\/12\/1200x1200_103-10413-241.jpg\",\"width\":1200,\"height\":1200},{\"@type\":\"WebPage\",\"@id\":\"https:\/\/www.stille.se\/se\/produkt\/sawtell-stille-peang\/#webpage\",\"url\":\"https:\/\/www.stille.se\/se\/produkt\/sawtell-stille-peang\/\",\"name\":\"SAWTELL STILLE PEANG - Stille SE STILLE\",\"isPartOf\":{\"@id\":\"https:\/\/www.stille.se\/se\/#website\"},\"primaryImageOfPage\":{\"@id\":\"https:\/\/www.stille.se\/se\/produkt\/sawtell-stille-peang\/#primaryimage\"},\"datePublished\":\"2019-12-19T07:40:50+00:00\",\"dateModified\":\"2020-04-21T13:35:03+00:00\",\"breadcrumb\":{\"@id\":\"https:\/\/www.stille.se\/se\/produkt\/sawtell-stille-peang\/#breadcrumb\"},\"inLanguage\":\"sv-SE\",\"potentialAction\":[{\"@type\":\"ReadAction\",\"target\":[\"https:\/\/www.stille.se\/se\/produkt\/sawtell-stille-peang\/\"]}]},{\"@type\":\"BreadcrumbList\",\"@id\":\"https:\/\/www.stille.se\/se\/produkt\/sawtell-stille-peang\/#breadcrumb\",\"itemListElement\":[{\"@type\":\"ListItem\",\"position\":1,\"name\":\"Hem\",\"item\":\"https:\/\/www.stille.se\/se\/\"},{\"@type\":\"ListItem\",\"position\":2,\"name\":\"Butik\",\"item\":\"https:\/\/www.stille.se\/se\/butik\/\"},{\"@type\":\"ListItem\",\"position\":3,\"name\":\"Kirurgiska instrument\",\"item\":\"https:\/\/www.stille.se\/se\/produkt-kategori\/kirurgiska-instrument\/\"},{\"@type\":\"ListItem\",\"position\":4,\"name\":\"Peanger och ligaturkl\\u00e4mmare\",\"item\":\"https:\/\/www.stille.se\/se\/produkt-kategori\/kirurgiska-instrument\/peanger-och-ligaturklammare\/\"},{\"@type\":\"ListItem\",\"position\":5,\"name\":\"Peanger\",\"item\":\"https:\/\/www.stille.se\/se\/produkt-kategori\/kirurgiska-instrument\/peanger-och-ligaturklammare\/peanger\/\"},{\"@type\":\"ListItem\",\"position\":6,\"name\":\"SAWTELL STILLE PEANG\"}]}]}<\/script>\n<!-- \/ Yoast SEO plugin. -->","yoast_head_json":{"title":"SAWTELL STILLE PEANG - Stille SE STILLE","robots":{"index":"index","follow":"follow","max-snippet":"max-snippet:-1","max-image-preview":"max-image-preview:large","max-video-preview":"max-video-preview:-1"},"canonical":"https:\/\/www.stille.se\/se\/produkt\/sawtell-stille-peang\/","og_locale":"sv_SE","og_type":"article","og_title":"SAWTELL STILLE PEANG - Stille SE STILLE","og_description":"En peang med halvv\u00e4gs karrerade, relativt kraftigt b\u00f6jda k\u00e4ftar. Finns i tv\u00e5 olika l\u00e4ngder.","og_url":"https:\/\/www.stille.se\/se\/produkt\/sawtell-stille-peang\/","og_site_name":"Stille SE","article_publisher":"https:\/\/www.facebook.com\/stilleab\/","article_modified_time":"2020-04-21T13:35:03+00:00","og_image":[{"width":1200,"height":1200,"url":"https:\/\/www.stille.se\/se\/wp-content\/uploads\/2019\/12\/1200x1200_103-10413-241.jpg","type":"image\/jpeg"}],"twitter_card":"summary_large_image","schema":{"@context":"https:\/\/schema.org","@graph":[{"@type":"Organization","@id":"https:\/\/www.stille.se\/se\/#organization","name":"Stille AB","url":"https:\/\/www.stille.se\/se\/","sameAs":["https:\/\/www.facebook.com\/stilleab\/","https:\/\/www.linkedin.com\/company\/stille-ab\/","https:\/\/www.youtube.com\/channel\/UCpxmVroiwKKSXWe3ZCOrSqw"],"logo":{"@type":"ImageObject","@id":"https:\/\/www.stille.se\/se\/#logo","inLanguage":"sv-SE","url":"https:\/\/www.stille.se\/se\/wp-content\/uploads\/2019\/12\/stille-logo-800.jpg","contentUrl":"https:\/\/www.stille.se\/se\/wp-content\/uploads\/2019\/12\/stille-logo-800.jpg","width":562,"height":314,"caption":"Stille AB"},"image":{"@id":"https:\/\/www.stille.se\/se\/#logo"}},{"@type":"WebSite","@id":"https:\/\/www.stille.se\/se\/#website","url":"https:\/\/www.stille.se\/se\/","name":"Stille SE","description":"","publisher":{"@id":"https:\/\/www.stille.se\/se\/#organization"},"potentialAction":[{"@type":"SearchAction","target":{"@type":"EntryPoint","urlTemplate":"https:\/\/www.stille.se\/se\/?s={search_term_string}"},"query-input":"required name=search_term_string"}],"inLanguage":"sv-SE"},{"@type":"ImageObject","@id":"https:\/\/www.stille.se\/se\/produkt\/sawtell-stille-peang\/#primaryimage","inLanguage":"sv-SE","url":"https:\/\/www.stille.se\/se\/wp-content\/uploads\/2019\/12\/1200x1200_103-10413-241.jpg","contentUrl":"https:\/\/www.stille.se\/se\/wp-content\/uploads\/2019\/12\/1200x1200_103-10413-241.jpg","width":1200,"height":1200},{"@type":"WebPage","@id":"https:\/\/www.stille.se\/se\/produkt\/sawtell-stille-peang\/#webpage","url":"https:\/\/www.stille.se\/se\/produkt\/sawtell-stille-peang\/","name":"SAWTELL STILLE PEANG - Stille SE STILLE","isPartOf":{"@id":"https:\/\/www.stille.se\/se\/#website"},"primaryImageOfPage":{"@id":"https:\/\/www.stille.se\/se\/produkt\/sawtell-stille-peang\/#primaryimage"},"datePublished":"2019-12-19T07:40:50+00:00","dateModified":"2020-04-21T13:35:03+00:00","breadcrumb":{"@id":"https:\/\/www.stille.se\/se\/produkt\/sawtell-stille-peang\/#breadcrumb"},"inLanguage":"sv-SE","potentialAction":[{"@type":"ReadAction","target":["https:\/\/www.stille.se\/se\/produkt\/sawtell-stille-peang\/"]}]},{"@type":"BreadcrumbList","@id":"https:\/\/www.stille.se\/se\/produkt\/sawtell-stille-peang\/#breadcrumb","itemListElement":[{"@type":"ListItem","position":1,"name":"Hem","item":"https:\/\/www.stille.se\/se\/"},{"@type":"ListItem","position":2,"name":"Butik","item":"https:\/\/www.stille.se\/se\/butik\/"},{"@type":"ListItem","position":3,"name":"Kirurgiska instrument","item":"https:\/\/www.stille.se\/se\/produkt-kategori\/kirurgiska-instrument\/"},{"@type":"ListItem","position":4,"name":"Peanger och ligaturkl\u00e4mmare","item":"https:\/\/www.stille.se\/se\/produkt-kategori\/kirurgiska-instrument\/peanger-och-ligaturklammare\/"},{"@type":"ListItem","position":5,"name":"Peanger","item":"https:\/\/www.stille.se\/se\/produkt-kategori\/kirurgiska-instrument\/peanger-och-ligaturklammare\/peanger\/"},{"@type":"ListItem","position":6,"name":"SAWTELL STILLE PEANG"}]}]}},"_links":{"self":[{"href":"https:\/\/www.stille.se\/se\/wp-json\/wp\/v2\/product\/12264"}],"collection":[{"href":"https:\/\/www.stille.se\/se\/wp-json\/wp\/v2\/product"}],"about":[{"href":"https:\/\/www.stille.se\/se\/wp-json\/wp\/v2\/types\/product"}],"wp:featuredmedia":[{"embeddable":true,"href":"https:\/\/www.stille.se\/se\/wp-json\/wp\/v2\/media\/20760"}],"wp:attachment":[{"href":"https:\/\/www.stille.se\/se\/wp-json\/wp\/v2\/media?parent=12264"}],"wp:term":[{"taxonomy":"product_cat","embeddable":true,"href":"https:\/\/www.stille.se\/se\/wp-json\/wp\/v2\/product_cat?post=12264"},{"taxonomy":"product_tag","embeddable":true,"href":"https:\/\/www.stille.se\/se\/wp-json\/wp\/v2\/product_tag?post=12264"}],"curies":[{"name":"wp","href":"https:\/\/api.w.org\/{rel}","templated":true}]}}