{"id":12348,"date":"2019-12-19T07:41:07","date_gmt":"2019-12-19T07:41:07","guid":{"rendered":"https:\/\/www.stille.se\/se\/product\/gillies-stille-nalforare\/"},"modified":"2020-04-21T15:49:54","modified_gmt":"2020-04-21T13:49:54","slug":"gillies-stille-nalforare","status":"publish","type":"product","link":"https:\/\/www.stille.se\/se\/produkt\/gillies-stille-nalforare\/","title":{"rendered":"GILLIES STILLE N\u00c5LF\u00d6RARE"},"content":{"rendered":"","protected":false},"excerpt":{"rendered":"<p>N\u00e5lf\u00f6rare med sax. Ergonomisk utformning av sk\u00e4nglar och finger\u00f6glor. Utan kn\u00e4ppe. Karrerade k\u00e4ftar med sp\u00e5r eller h\u00e5rdmetallk\u00e4ftar. Saxdelen g\u00f6r att man kan sy och klippa med samma instrument. Avsedd f\u00f6r 2\/0 sutur och finare.<\/p>\n","protected":false},"featured_media":20805,"template":"","meta":[],"product_cat":[339,408,411],"product_tag":[],"acf":[],"yoast_head":"<!-- This site is optimized with the Yoast SEO plugin v17.9 - https:\/\/yoast.com\/wordpress\/plugins\/seo\/ -->\n<title>GILLIES STILLE N\u00c5LF\u00d6RARE - Stille SE STILLE<\/title>\n<meta name=\"robots\" content=\"index, follow, max-snippet:-1, max-image-preview:large, max-video-preview:-1\" \/>\n<link rel=\"canonical\" href=\"https:\/\/www.stille.se\/se\/produkt\/gillies-stille-nalforare\/\" \/>\n<meta property=\"og:locale\" content=\"sv_SE\" \/>\n<meta property=\"og:type\" content=\"article\" \/>\n<meta property=\"og:title\" content=\"GILLIES STILLE N\u00c5LF\u00d6RARE - Stille SE STILLE\" \/>\n<meta property=\"og:description\" content=\"N\u00e5lf\u00f6rare med sax. Ergonomisk utformning av sk\u00e4nglar och finger\u00f6glor. Utan kn\u00e4ppe. Karrerade k\u00e4ftar med sp\u00e5r eller h\u00e5rdmetallk\u00e4ftar. Saxdelen g\u00f6r att man kan sy och klippa med samma instrument. Avsedd f\u00f6r 2\/0 sutur och finare.\" \/>\n<meta property=\"og:url\" content=\"https:\/\/www.stille.se\/se\/produkt\/gillies-stille-nalforare\/\" \/>\n<meta property=\"og:site_name\" content=\"Stille SE\" \/>\n<meta property=\"article:publisher\" content=\"https:\/\/www.facebook.com\/stilleab\/\" \/>\n<meta property=\"article:modified_time\" content=\"2020-04-21T13:49:54+00:00\" \/>\n<meta property=\"og:image\" content=\"https:\/\/www.stille.se\/se\/wp-content\/uploads\/2019\/12\/1200x1200_104-15551.jpg\" \/>\n\t<meta property=\"og:image:width\" content=\"1200\" \/>\n\t<meta property=\"og:image:height\" content=\"1200\" \/>\n\t<meta property=\"og:image:type\" content=\"image\/jpeg\" \/>\n<meta name=\"twitter:card\" content=\"summary_large_image\" \/>\n<script type=\"application\/ld+json\" class=\"yoast-schema-graph\">{\"@context\":\"https:\/\/schema.org\",\"@graph\":[{\"@type\":\"Organization\",\"@id\":\"https:\/\/www.stille.se\/se\/#organization\",\"name\":\"Stille AB\",\"url\":\"https:\/\/www.stille.se\/se\/\",\"sameAs\":[\"https:\/\/www.facebook.com\/stilleab\/\",\"https:\/\/www.linkedin.com\/company\/stille-ab\/\",\"https:\/\/www.youtube.com\/channel\/UCpxmVroiwKKSXWe3ZCOrSqw\"],\"logo\":{\"@type\":\"ImageObject\",\"@id\":\"https:\/\/www.stille.se\/se\/#logo\",\"inLanguage\":\"sv-SE\",\"url\":\"https:\/\/www.stille.se\/se\/wp-content\/uploads\/2019\/12\/stille-logo-800.jpg\",\"contentUrl\":\"https:\/\/www.stille.se\/se\/wp-content\/uploads\/2019\/12\/stille-logo-800.jpg\",\"width\":562,\"height\":314,\"caption\":\"Stille AB\"},\"image\":{\"@id\":\"https:\/\/www.stille.se\/se\/#logo\"}},{\"@type\":\"WebSite\",\"@id\":\"https:\/\/www.stille.se\/se\/#website\",\"url\":\"https:\/\/www.stille.se\/se\/\",\"name\":\"Stille SE\",\"description\":\"\",\"publisher\":{\"@id\":\"https:\/\/www.stille.se\/se\/#organization\"},\"potentialAction\":[{\"@type\":\"SearchAction\",\"target\":{\"@type\":\"EntryPoint\",\"urlTemplate\":\"https:\/\/www.stille.se\/se\/?s={search_term_string}\"},\"query-input\":\"required name=search_term_string\"}],\"inLanguage\":\"sv-SE\"},{\"@type\":\"ImageObject\",\"@id\":\"https:\/\/www.stille.se\/se\/produkt\/gillies-stille-nalforare\/#primaryimage\",\"inLanguage\":\"sv-SE\",\"url\":\"https:\/\/www.stille.se\/se\/wp-content\/uploads\/2019\/12\/1200x1200_104-15551.jpg\",\"contentUrl\":\"https:\/\/www.stille.se\/se\/wp-content\/uploads\/2019\/12\/1200x1200_104-15551.jpg\",\"width\":1200,\"height\":1200},{\"@type\":\"WebPage\",\"@id\":\"https:\/\/www.stille.se\/se\/produkt\/gillies-stille-nalforare\/#webpage\",\"url\":\"https:\/\/www.stille.se\/se\/produkt\/gillies-stille-nalforare\/\",\"name\":\"GILLIES STILLE N\\u00c5LF\\u00d6RARE - Stille SE STILLE\",\"isPartOf\":{\"@id\":\"https:\/\/www.stille.se\/se\/#website\"},\"primaryImageOfPage\":{\"@id\":\"https:\/\/www.stille.se\/se\/produkt\/gillies-stille-nalforare\/#primaryimage\"},\"datePublished\":\"2019-12-19T07:41:07+00:00\",\"dateModified\":\"2020-04-21T13:49:54+00:00\",\"breadcrumb\":{\"@id\":\"https:\/\/www.stille.se\/se\/produkt\/gillies-stille-nalforare\/#breadcrumb\"},\"inLanguage\":\"sv-SE\",\"potentialAction\":[{\"@type\":\"ReadAction\",\"target\":[\"https:\/\/www.stille.se\/se\/produkt\/gillies-stille-nalforare\/\"]}]},{\"@type\":\"BreadcrumbList\",\"@id\":\"https:\/\/www.stille.se\/se\/produkt\/gillies-stille-nalforare\/#breadcrumb\",\"itemListElement\":[{\"@type\":\"ListItem\",\"position\":1,\"name\":\"Hem\",\"item\":\"https:\/\/www.stille.se\/se\/\"},{\"@type\":\"ListItem\",\"position\":2,\"name\":\"Butik\",\"item\":\"https:\/\/www.stille.se\/se\/butik\/\"},{\"@type\":\"ListItem\",\"position\":3,\"name\":\"Kirurgiska instrument\",\"item\":\"https:\/\/www.stille.se\/se\/produkt-kategori\/kirurgiska-instrument\/\"},{\"@type\":\"ListItem\",\"position\":4,\"name\":\"N\\u00e5lf\\u00f6rare och st\\u00e5ltr\\u00e5dsroterare\",\"item\":\"https:\/\/www.stille.se\/se\/produkt-kategori\/kirurgiska-instrument\/nalforare-och-staltradsroterare\/\"},{\"@type\":\"ListItem\",\"position\":5,\"name\":\"N\\u00e5lf\\u00f6rare\",\"item\":\"https:\/\/www.stille.se\/se\/produkt-kategori\/kirurgiska-instrument\/nalforare-och-staltradsroterare\/nalforare\/\"},{\"@type\":\"ListItem\",\"position\":6,\"name\":\"GILLIES STILLE N\\u00c5LF\\u00d6RARE\"}]}]}<\/script>\n<!-- \/ Yoast SEO plugin. -->","yoast_head_json":{"title":"GILLIES STILLE N\u00c5LF\u00d6RARE - Stille SE STILLE","robots":{"index":"index","follow":"follow","max-snippet":"max-snippet:-1","max-image-preview":"max-image-preview:large","max-video-preview":"max-video-preview:-1"},"canonical":"https:\/\/www.stille.se\/se\/produkt\/gillies-stille-nalforare\/","og_locale":"sv_SE","og_type":"article","og_title":"GILLIES STILLE N\u00c5LF\u00d6RARE - Stille SE STILLE","og_description":"N\u00e5lf\u00f6rare med sax. Ergonomisk utformning av sk\u00e4nglar och finger\u00f6glor. Utan kn\u00e4ppe. Karrerade k\u00e4ftar med sp\u00e5r eller h\u00e5rdmetallk\u00e4ftar. Saxdelen g\u00f6r att man kan sy och klippa med samma instrument. Avsedd f\u00f6r 2\/0 sutur och finare.","og_url":"https:\/\/www.stille.se\/se\/produkt\/gillies-stille-nalforare\/","og_site_name":"Stille SE","article_publisher":"https:\/\/www.facebook.com\/stilleab\/","article_modified_time":"2020-04-21T13:49:54+00:00","og_image":[{"width":1200,"height":1200,"url":"https:\/\/www.stille.se\/se\/wp-content\/uploads\/2019\/12\/1200x1200_104-15551.jpg","type":"image\/jpeg"}],"twitter_card":"summary_large_image","schema":{"@context":"https:\/\/schema.org","@graph":[{"@type":"Organization","@id":"https:\/\/www.stille.se\/se\/#organization","name":"Stille AB","url":"https:\/\/www.stille.se\/se\/","sameAs":["https:\/\/www.facebook.com\/stilleab\/","https:\/\/www.linkedin.com\/company\/stille-ab\/","https:\/\/www.youtube.com\/channel\/UCpxmVroiwKKSXWe3ZCOrSqw"],"logo":{"@type":"ImageObject","@id":"https:\/\/www.stille.se\/se\/#logo","inLanguage":"sv-SE","url":"https:\/\/www.stille.se\/se\/wp-content\/uploads\/2019\/12\/stille-logo-800.jpg","contentUrl":"https:\/\/www.stille.se\/se\/wp-content\/uploads\/2019\/12\/stille-logo-800.jpg","width":562,"height":314,"caption":"Stille AB"},"image":{"@id":"https:\/\/www.stille.se\/se\/#logo"}},{"@type":"WebSite","@id":"https:\/\/www.stille.se\/se\/#website","url":"https:\/\/www.stille.se\/se\/","name":"Stille SE","description":"","publisher":{"@id":"https:\/\/www.stille.se\/se\/#organization"},"potentialAction":[{"@type":"SearchAction","target":{"@type":"EntryPoint","urlTemplate":"https:\/\/www.stille.se\/se\/?s={search_term_string}"},"query-input":"required name=search_term_string"}],"inLanguage":"sv-SE"},{"@type":"ImageObject","@id":"https:\/\/www.stille.se\/se\/produkt\/gillies-stille-nalforare\/#primaryimage","inLanguage":"sv-SE","url":"https:\/\/www.stille.se\/se\/wp-content\/uploads\/2019\/12\/1200x1200_104-15551.jpg","contentUrl":"https:\/\/www.stille.se\/se\/wp-content\/uploads\/2019\/12\/1200x1200_104-15551.jpg","width":1200,"height":1200},{"@type":"WebPage","@id":"https:\/\/www.stille.se\/se\/produkt\/gillies-stille-nalforare\/#webpage","url":"https:\/\/www.stille.se\/se\/produkt\/gillies-stille-nalforare\/","name":"GILLIES STILLE N\u00c5LF\u00d6RARE - Stille SE STILLE","isPartOf":{"@id":"https:\/\/www.stille.se\/se\/#website"},"primaryImageOfPage":{"@id":"https:\/\/www.stille.se\/se\/produkt\/gillies-stille-nalforare\/#primaryimage"},"datePublished":"2019-12-19T07:41:07+00:00","dateModified":"2020-04-21T13:49:54+00:00","breadcrumb":{"@id":"https:\/\/www.stille.se\/se\/produkt\/gillies-stille-nalforare\/#breadcrumb"},"inLanguage":"sv-SE","potentialAction":[{"@type":"ReadAction","target":["https:\/\/www.stille.se\/se\/produkt\/gillies-stille-nalforare\/"]}]},{"@type":"BreadcrumbList","@id":"https:\/\/www.stille.se\/se\/produkt\/gillies-stille-nalforare\/#breadcrumb","itemListElement":[{"@type":"ListItem","position":1,"name":"Hem","item":"https:\/\/www.stille.se\/se\/"},{"@type":"ListItem","position":2,"name":"Butik","item":"https:\/\/www.stille.se\/se\/butik\/"},{"@type":"ListItem","position":3,"name":"Kirurgiska instrument","item":"https:\/\/www.stille.se\/se\/produkt-kategori\/kirurgiska-instrument\/"},{"@type":"ListItem","position":4,"name":"N\u00e5lf\u00f6rare och st\u00e5ltr\u00e5dsroterare","item":"https:\/\/www.stille.se\/se\/produkt-kategori\/kirurgiska-instrument\/nalforare-och-staltradsroterare\/"},{"@type":"ListItem","position":5,"name":"N\u00e5lf\u00f6rare","item":"https:\/\/www.stille.se\/se\/produkt-kategori\/kirurgiska-instrument\/nalforare-och-staltradsroterare\/nalforare\/"},{"@type":"ListItem","position":6,"name":"GILLIES STILLE N\u00c5LF\u00d6RARE"}]}]}},"_links":{"self":[{"href":"https:\/\/www.stille.se\/se\/wp-json\/wp\/v2\/product\/12348"}],"collection":[{"href":"https:\/\/www.stille.se\/se\/wp-json\/wp\/v2\/product"}],"about":[{"href":"https:\/\/www.stille.se\/se\/wp-json\/wp\/v2\/types\/product"}],"wp:featuredmedia":[{"embeddable":true,"href":"https:\/\/www.stille.se\/se\/wp-json\/wp\/v2\/media\/20805"}],"wp:attachment":[{"href":"https:\/\/www.stille.se\/se\/wp-json\/wp\/v2\/media?parent=12348"}],"wp:term":[{"taxonomy":"product_cat","embeddable":true,"href":"https:\/\/www.stille.se\/se\/wp-json\/wp\/v2\/product_cat?post=12348"},{"taxonomy":"product_tag","embeddable":true,"href":"https:\/\/www.stille.se\/se\/wp-json\/wp\/v2\/product_tag?post=12348"}],"curies":[{"name":"wp","href":"https:\/\/api.w.org\/{rel}","templated":true}]}}