{"id":13971,"date":"2019-12-19T07:45:55","date_gmt":"2019-12-19T07:45:55","guid":{"rendered":"https:\/\/www.stille.se\/se\/product\/stille-supercut-mikro-karlsax\/"},"modified":"2021-11-24T13:08:40","modified_gmt":"2021-11-24T12:08:40","slug":"stille-supercut-mikro-karlsax","status":"publish","type":"product","link":"https:\/\/www.stille.se\/se\/produkt\/stille-supercut-mikro-karlsax\/","title":{"rendered":"STILLE SUPERCUT MIKRO K\u00c4RLSAX"},"content":{"rendered":"","protected":false},"excerpt":{"rendered":"<p>STILLE SuperCut mikrosax med blad i flera olika vinklar. F\u00f6r fin k\u00e4rlkirurgi. Bladl\u00e4ngd 11 mm. Finns i tv\u00e5 olika l\u00e4ngder &#8211; 18 eller 21 cm.<\/p>\n","protected":false},"featured_media":21375,"template":"","meta":[],"product_cat":[339,558,561],"product_tag":[],"acf":[],"yoast_head":"<!-- This site is optimized with the Yoast SEO plugin v17.9 - https:\/\/yoast.com\/wordpress\/plugins\/seo\/ -->\n<title>STILLE SUPERCUT MIKRO K\u00c4RLSAX - Stille SE STILLE<\/title>\n<meta name=\"robots\" content=\"index, follow, max-snippet:-1, max-image-preview:large, max-video-preview:-1\" \/>\n<link rel=\"canonical\" href=\"https:\/\/www.stille.se\/se\/produkt\/stille-supercut-mikro-karlsax\/\" \/>\n<meta property=\"og:locale\" content=\"sv_SE\" \/>\n<meta property=\"og:type\" content=\"article\" \/>\n<meta property=\"og:title\" content=\"STILLE SUPERCUT MIKRO K\u00c4RLSAX - Stille SE STILLE\" \/>\n<meta property=\"og:description\" content=\"STILLE SuperCut mikrosax med blad i flera olika vinklar. F\u00f6r fin k\u00e4rlkirurgi. Bladl\u00e4ngd 11 mm. Finns i tv\u00e5 olika l\u00e4ngder - 18 eller 21 cm.\" \/>\n<meta property=\"og:url\" content=\"https:\/\/www.stille.se\/se\/produkt\/stille-supercut-mikro-karlsax\/\" \/>\n<meta property=\"og:site_name\" content=\"Stille SE\" \/>\n<meta property=\"article:publisher\" content=\"https:\/\/www.facebook.com\/stilleab\/\" \/>\n<meta property=\"article:modified_time\" content=\"2021-11-24T12:08:40+00:00\" \/>\n<meta property=\"og:image\" content=\"https:\/\/www.stille.se\/se\/wp-content\/uploads\/2019\/12\/1200x1200_117-a120-45.jpg\" \/>\n\t<meta property=\"og:image:width\" content=\"1200\" \/>\n\t<meta property=\"og:image:height\" content=\"1200\" \/>\n\t<meta property=\"og:image:type\" content=\"image\/jpeg\" \/>\n<meta name=\"twitter:card\" content=\"summary_large_image\" \/>\n<script type=\"application\/ld+json\" class=\"yoast-schema-graph\">{\"@context\":\"https:\/\/schema.org\",\"@graph\":[{\"@type\":\"Organization\",\"@id\":\"https:\/\/www.stille.se\/se\/#organization\",\"name\":\"Stille AB\",\"url\":\"https:\/\/www.stille.se\/se\/\",\"sameAs\":[\"https:\/\/www.facebook.com\/stilleab\/\",\"https:\/\/www.linkedin.com\/company\/stille-ab\/\",\"https:\/\/www.youtube.com\/channel\/UCpxmVroiwKKSXWe3ZCOrSqw\"],\"logo\":{\"@type\":\"ImageObject\",\"@id\":\"https:\/\/www.stille.se\/se\/#logo\",\"inLanguage\":\"sv-SE\",\"url\":\"https:\/\/www.stille.se\/se\/wp-content\/uploads\/2019\/12\/stille-logo-800.jpg\",\"contentUrl\":\"https:\/\/www.stille.se\/se\/wp-content\/uploads\/2019\/12\/stille-logo-800.jpg\",\"width\":562,\"height\":314,\"caption\":\"Stille AB\"},\"image\":{\"@id\":\"https:\/\/www.stille.se\/se\/#logo\"}},{\"@type\":\"WebSite\",\"@id\":\"https:\/\/www.stille.se\/se\/#website\",\"url\":\"https:\/\/www.stille.se\/se\/\",\"name\":\"Stille SE\",\"description\":\"\",\"publisher\":{\"@id\":\"https:\/\/www.stille.se\/se\/#organization\"},\"potentialAction\":[{\"@type\":\"SearchAction\",\"target\":{\"@type\":\"EntryPoint\",\"urlTemplate\":\"https:\/\/www.stille.se\/se\/?s={search_term_string}\"},\"query-input\":\"required name=search_term_string\"}],\"inLanguage\":\"sv-SE\"},{\"@type\":\"ImageObject\",\"@id\":\"https:\/\/www.stille.se\/se\/produkt\/stille-supercut-mikro-karlsax\/#primaryimage\",\"inLanguage\":\"sv-SE\",\"url\":\"https:\/\/www.stille.se\/se\/wp-content\/uploads\/2019\/12\/1200x1200_117-a120-45.jpg\",\"contentUrl\":\"https:\/\/www.stille.se\/se\/wp-content\/uploads\/2019\/12\/1200x1200_117-a120-45.jpg\",\"width\":1200,\"height\":1200},{\"@type\":\"WebPage\",\"@id\":\"https:\/\/www.stille.se\/se\/produkt\/stille-supercut-mikro-karlsax\/#webpage\",\"url\":\"https:\/\/www.stille.se\/se\/produkt\/stille-supercut-mikro-karlsax\/\",\"name\":\"STILLE SUPERCUT MIKRO K\\u00c4RLSAX - Stille SE STILLE\",\"isPartOf\":{\"@id\":\"https:\/\/www.stille.se\/se\/#website\"},\"primaryImageOfPage\":{\"@id\":\"https:\/\/www.stille.se\/se\/produkt\/stille-supercut-mikro-karlsax\/#primaryimage\"},\"datePublished\":\"2019-12-19T07:45:55+00:00\",\"dateModified\":\"2021-11-24T12:08:40+00:00\",\"breadcrumb\":{\"@id\":\"https:\/\/www.stille.se\/se\/produkt\/stille-supercut-mikro-karlsax\/#breadcrumb\"},\"inLanguage\":\"sv-SE\",\"potentialAction\":[{\"@type\":\"ReadAction\",\"target\":[\"https:\/\/www.stille.se\/se\/produkt\/stille-supercut-mikro-karlsax\/\"]}]},{\"@type\":\"BreadcrumbList\",\"@id\":\"https:\/\/www.stille.se\/se\/produkt\/stille-supercut-mikro-karlsax\/#breadcrumb\",\"itemListElement\":[{\"@type\":\"ListItem\",\"position\":1,\"name\":\"Hem\",\"item\":\"https:\/\/www.stille.se\/se\/\"},{\"@type\":\"ListItem\",\"position\":2,\"name\":\"Butik\",\"item\":\"https:\/\/www.stille.se\/se\/butik\/\"},{\"@type\":\"ListItem\",\"position\":3,\"name\":\"Mikrokirurgiska instrument\",\"item\":\"https:\/\/www.stille.se\/se\/produkt-kategori\/mikrokirurgiska-instrument\/\"},{\"@type\":\"ListItem\",\"position\":4,\"name\":\"STILLE\",\"item\":\"https:\/\/www.stille.se\/se\/produkt-kategori\/mikrokirurgiska-instrument\/stille\/\"},{\"@type\":\"ListItem\",\"position\":5,\"name\":\"Mikrosaxar\",\"item\":\"https:\/\/www.stille.se\/se\/produkt-kategori\/mikrokirurgiska-instrument\/stille\/mikrosaxar\/\"},{\"@type\":\"ListItem\",\"position\":6,\"name\":\"STILLE SUPERCUT MIKRO K\\u00c4RLSAX\"}]}]}<\/script>\n<!-- \/ Yoast SEO plugin. -->","yoast_head_json":{"title":"STILLE SUPERCUT MIKRO K\u00c4RLSAX - Stille SE STILLE","robots":{"index":"index","follow":"follow","max-snippet":"max-snippet:-1","max-image-preview":"max-image-preview:large","max-video-preview":"max-video-preview:-1"},"canonical":"https:\/\/www.stille.se\/se\/produkt\/stille-supercut-mikro-karlsax\/","og_locale":"sv_SE","og_type":"article","og_title":"STILLE SUPERCUT MIKRO K\u00c4RLSAX - Stille SE STILLE","og_description":"STILLE SuperCut mikrosax med blad i flera olika vinklar. F\u00f6r fin k\u00e4rlkirurgi. Bladl\u00e4ngd 11 mm. Finns i tv\u00e5 olika l\u00e4ngder - 18 eller 21 cm.","og_url":"https:\/\/www.stille.se\/se\/produkt\/stille-supercut-mikro-karlsax\/","og_site_name":"Stille SE","article_publisher":"https:\/\/www.facebook.com\/stilleab\/","article_modified_time":"2021-11-24T12:08:40+00:00","og_image":[{"width":1200,"height":1200,"url":"https:\/\/www.stille.se\/se\/wp-content\/uploads\/2019\/12\/1200x1200_117-a120-45.jpg","type":"image\/jpeg"}],"twitter_card":"summary_large_image","schema":{"@context":"https:\/\/schema.org","@graph":[{"@type":"Organization","@id":"https:\/\/www.stille.se\/se\/#organization","name":"Stille AB","url":"https:\/\/www.stille.se\/se\/","sameAs":["https:\/\/www.facebook.com\/stilleab\/","https:\/\/www.linkedin.com\/company\/stille-ab\/","https:\/\/www.youtube.com\/channel\/UCpxmVroiwKKSXWe3ZCOrSqw"],"logo":{"@type":"ImageObject","@id":"https:\/\/www.stille.se\/se\/#logo","inLanguage":"sv-SE","url":"https:\/\/www.stille.se\/se\/wp-content\/uploads\/2019\/12\/stille-logo-800.jpg","contentUrl":"https:\/\/www.stille.se\/se\/wp-content\/uploads\/2019\/12\/stille-logo-800.jpg","width":562,"height":314,"caption":"Stille AB"},"image":{"@id":"https:\/\/www.stille.se\/se\/#logo"}},{"@type":"WebSite","@id":"https:\/\/www.stille.se\/se\/#website","url":"https:\/\/www.stille.se\/se\/","name":"Stille SE","description":"","publisher":{"@id":"https:\/\/www.stille.se\/se\/#organization"},"potentialAction":[{"@type":"SearchAction","target":{"@type":"EntryPoint","urlTemplate":"https:\/\/www.stille.se\/se\/?s={search_term_string}"},"query-input":"required name=search_term_string"}],"inLanguage":"sv-SE"},{"@type":"ImageObject","@id":"https:\/\/www.stille.se\/se\/produkt\/stille-supercut-mikro-karlsax\/#primaryimage","inLanguage":"sv-SE","url":"https:\/\/www.stille.se\/se\/wp-content\/uploads\/2019\/12\/1200x1200_117-a120-45.jpg","contentUrl":"https:\/\/www.stille.se\/se\/wp-content\/uploads\/2019\/12\/1200x1200_117-a120-45.jpg","width":1200,"height":1200},{"@type":"WebPage","@id":"https:\/\/www.stille.se\/se\/produkt\/stille-supercut-mikro-karlsax\/#webpage","url":"https:\/\/www.stille.se\/se\/produkt\/stille-supercut-mikro-karlsax\/","name":"STILLE SUPERCUT MIKRO K\u00c4RLSAX - Stille SE STILLE","isPartOf":{"@id":"https:\/\/www.stille.se\/se\/#website"},"primaryImageOfPage":{"@id":"https:\/\/www.stille.se\/se\/produkt\/stille-supercut-mikro-karlsax\/#primaryimage"},"datePublished":"2019-12-19T07:45:55+00:00","dateModified":"2021-11-24T12:08:40+00:00","breadcrumb":{"@id":"https:\/\/www.stille.se\/se\/produkt\/stille-supercut-mikro-karlsax\/#breadcrumb"},"inLanguage":"sv-SE","potentialAction":[{"@type":"ReadAction","target":["https:\/\/www.stille.se\/se\/produkt\/stille-supercut-mikro-karlsax\/"]}]},{"@type":"BreadcrumbList","@id":"https:\/\/www.stille.se\/se\/produkt\/stille-supercut-mikro-karlsax\/#breadcrumb","itemListElement":[{"@type":"ListItem","position":1,"name":"Hem","item":"https:\/\/www.stille.se\/se\/"},{"@type":"ListItem","position":2,"name":"Butik","item":"https:\/\/www.stille.se\/se\/butik\/"},{"@type":"ListItem","position":3,"name":"Mikrokirurgiska instrument","item":"https:\/\/www.stille.se\/se\/produkt-kategori\/mikrokirurgiska-instrument\/"},{"@type":"ListItem","position":4,"name":"STILLE","item":"https:\/\/www.stille.se\/se\/produkt-kategori\/mikrokirurgiska-instrument\/stille\/"},{"@type":"ListItem","position":5,"name":"Mikrosaxar","item":"https:\/\/www.stille.se\/se\/produkt-kategori\/mikrokirurgiska-instrument\/stille\/mikrosaxar\/"},{"@type":"ListItem","position":6,"name":"STILLE SUPERCUT MIKRO K\u00c4RLSAX"}]}]}},"_links":{"self":[{"href":"https:\/\/www.stille.se\/se\/wp-json\/wp\/v2\/product\/13971"}],"collection":[{"href":"https:\/\/www.stille.se\/se\/wp-json\/wp\/v2\/product"}],"about":[{"href":"https:\/\/www.stille.se\/se\/wp-json\/wp\/v2\/types\/product"}],"wp:featuredmedia":[{"embeddable":true,"href":"https:\/\/www.stille.se\/se\/wp-json\/wp\/v2\/media\/21375"}],"wp:attachment":[{"href":"https:\/\/www.stille.se\/se\/wp-json\/wp\/v2\/media?parent=13971"}],"wp:term":[{"taxonomy":"product_cat","embeddable":true,"href":"https:\/\/www.stille.se\/se\/wp-json\/wp\/v2\/product_cat?post=13971"},{"taxonomy":"product_tag","embeddable":true,"href":"https:\/\/www.stille.se\/se\/wp-json\/wp\/v2\/product_tag?post=13971"}],"curies":[{"name":"wp","href":"https:\/\/api.w.org\/{rel}","templated":true}]}}