{"id":28458,"date":"2019-12-19T13:09:49","date_gmt":"2019-12-19T13:09:49","guid":{"rendered":"https:\/\/www.stille.se\/se\/?post_type=product&#038;p=28458"},"modified":"2026-01-27T17:06:49","modified_gmt":"2026-01-27T16:06:49","slug":"medstone3-pm","status":"publish","type":"product","link":"https:\/\/www.stille.se\/se\/produkt\/medstone3-pm\/","title":{"rendered":"Medstone3 PM"},"content":{"rendered":"","protected":false},"excerpt":{"rendered":"<p>Stilles Medstone3 PM \u00e4r ett bord f\u00f6r C-b\u00e5ge som ger en prisv\u00e4rd l\u00f6sning f\u00f6r sm\u00e4rtbehandlingar och andra ingrepp d\u00e4r det r\u00e4cker med ett begr\u00e4nsat antal bordsr\u00f6relser. Bordet liknar avancerade bord av andra m\u00e4rken, men \u00e4r av h\u00f6g, svensk kvalitet som bara Stille kan erbjuda.<\/p>\n<p>Motoriserade bordr\u00f6relser: h\u00f6jdjustering, sidolutning, Trendelenburg.<\/p>\n","protected":false},"featured_media":48290,"template":"","meta":[],"product_cat":[714,717],"product_tag":[],"acf":[],"yoast_head":"<!-- This site is optimized with the Yoast SEO plugin v17.9 - https:\/\/yoast.com\/wordpress\/plugins\/seo\/ -->\n<title>Medstone3 PM - Stille SE STILLE<\/title>\n<meta name=\"robots\" content=\"index, follow, max-snippet:-1, max-image-preview:large, max-video-preview:-1\" \/>\n<link rel=\"canonical\" href=\"https:\/\/www.stille.se\/se\/produkt\/medstone3-pm\/\" \/>\n<meta property=\"og:locale\" content=\"sv_SE\" \/>\n<meta property=\"og:type\" content=\"article\" \/>\n<meta property=\"og:title\" content=\"Medstone3 PM - Stille SE STILLE\" \/>\n<meta property=\"og:description\" content=\"Stilles Medstone3 PM \u00e4r ett bord f\u00f6r C-b\u00e5ge som ger en prisv\u00e4rd l\u00f6sning f\u00f6r sm\u00e4rtbehandlingar och andra ingrepp d\u00e4r det r\u00e4cker med ett begr\u00e4nsat antal bordsr\u00f6relser. Bordet liknar avancerade bord av andra m\u00e4rken, men \u00e4r av h\u00f6g, svensk kvalitet som bara Stille kan erbjuda.  Motoriserade bordr\u00f6relser: h\u00f6jdjustering, sidolutning, Trendelenburg.\" \/>\n<meta property=\"og:url\" content=\"https:\/\/www.stille.se\/se\/produkt\/medstone3-pm\/\" \/>\n<meta property=\"og:site_name\" content=\"Stille SE\" \/>\n<meta property=\"article:publisher\" content=\"https:\/\/www.facebook.com\/stilleab\/\" \/>\n<meta property=\"article:modified_time\" content=\"2026-01-27T16:06:49+00:00\" \/>\n<meta property=\"og:image\" content=\"https:\/\/www.stille.se\/se\/wp-content\/uploads\/2019\/12\/web_500-1006_1200x1200.jpg\" \/>\n\t<meta property=\"og:image:width\" content=\"1200\" \/>\n\t<meta property=\"og:image:height\" content=\"1200\" \/>\n\t<meta property=\"og:image:type\" content=\"image\/jpeg\" \/>\n<meta name=\"twitter:card\" content=\"summary_large_image\" \/>\n<script type=\"application\/ld+json\" class=\"yoast-schema-graph\">{\"@context\":\"https:\/\/schema.org\",\"@graph\":[{\"@type\":\"Organization\",\"@id\":\"https:\/\/www.stille.se\/se\/#organization\",\"name\":\"Stille AB\",\"url\":\"https:\/\/www.stille.se\/se\/\",\"sameAs\":[\"https:\/\/www.facebook.com\/stilleab\/\",\"https:\/\/www.linkedin.com\/company\/stille-ab\/\",\"https:\/\/www.youtube.com\/channel\/UCpxmVroiwKKSXWe3ZCOrSqw\"],\"logo\":{\"@type\":\"ImageObject\",\"@id\":\"https:\/\/www.stille.se\/se\/#logo\",\"inLanguage\":\"sv-SE\",\"url\":\"https:\/\/www.stille.se\/se\/wp-content\/uploads\/2019\/12\/stille-logo-800.jpg\",\"contentUrl\":\"https:\/\/www.stille.se\/se\/wp-content\/uploads\/2019\/12\/stille-logo-800.jpg\",\"width\":562,\"height\":314,\"caption\":\"Stille AB\"},\"image\":{\"@id\":\"https:\/\/www.stille.se\/se\/#logo\"}},{\"@type\":\"WebSite\",\"@id\":\"https:\/\/www.stille.se\/se\/#website\",\"url\":\"https:\/\/www.stille.se\/se\/\",\"name\":\"Stille SE\",\"description\":\"\",\"publisher\":{\"@id\":\"https:\/\/www.stille.se\/se\/#organization\"},\"potentialAction\":[{\"@type\":\"SearchAction\",\"target\":{\"@type\":\"EntryPoint\",\"urlTemplate\":\"https:\/\/www.stille.se\/se\/?s={search_term_string}\"},\"query-input\":\"required name=search_term_string\"}],\"inLanguage\":\"sv-SE\"},{\"@type\":\"ImageObject\",\"@id\":\"https:\/\/www.stille.se\/se\/produkt\/medstone3-pm\/#primaryimage\",\"inLanguage\":\"sv-SE\",\"url\":\"https:\/\/www.stille.se\/se\/wp-content\/uploads\/2019\/12\/web_500-1006_1200x1200.jpg\",\"contentUrl\":\"https:\/\/www.stille.se\/se\/wp-content\/uploads\/2019\/12\/web_500-1006_1200x1200.jpg\",\"width\":1200,\"height\":1200},{\"@type\":\"WebPage\",\"@id\":\"https:\/\/www.stille.se\/se\/produkt\/medstone3-pm\/#webpage\",\"url\":\"https:\/\/www.stille.se\/se\/produkt\/medstone3-pm\/\",\"name\":\"Medstone3 PM - Stille SE STILLE\",\"isPartOf\":{\"@id\":\"https:\/\/www.stille.se\/se\/#website\"},\"primaryImageOfPage\":{\"@id\":\"https:\/\/www.stille.se\/se\/produkt\/medstone3-pm\/#primaryimage\"},\"datePublished\":\"2019-12-19T13:09:49+00:00\",\"dateModified\":\"2026-01-27T16:06:49+00:00\",\"breadcrumb\":{\"@id\":\"https:\/\/www.stille.se\/se\/produkt\/medstone3-pm\/#breadcrumb\"},\"inLanguage\":\"sv-SE\",\"potentialAction\":[{\"@type\":\"ReadAction\",\"target\":[\"https:\/\/www.stille.se\/se\/produkt\/medstone3-pm\/\"]}]},{\"@type\":\"BreadcrumbList\",\"@id\":\"https:\/\/www.stille.se\/se\/produkt\/medstone3-pm\/#breadcrumb\",\"itemListElement\":[{\"@type\":\"ListItem\",\"position\":1,\"name\":\"Hem\",\"item\":\"https:\/\/www.stille.se\/se\/\"},{\"@type\":\"ListItem\",\"position\":2,\"name\":\"Butik\",\"item\":\"https:\/\/www.stille.se\/se\/butik\/\"},{\"@type\":\"ListItem\",\"position\":3,\"name\":\"Bord f\\u00f6r C-b\\u00e5ge\",\"item\":\"https:\/\/www.stille.se\/se\/produkt-kategori\/bord\/\"},{\"@type\":\"ListItem\",\"position\":4,\"name\":\"Sm\\u00e4rtlindring\",\"item\":\"https:\/\/www.stille.se\/se\/produkt-kategori\/bord\/smartlindring\/\"},{\"@type\":\"ListItem\",\"position\":5,\"name\":\"Medstone3 PM\"}]}]}<\/script>\n<!-- \/ Yoast SEO plugin. -->","yoast_head_json":{"title":"Medstone3 PM - Stille SE STILLE","robots":{"index":"index","follow":"follow","max-snippet":"max-snippet:-1","max-image-preview":"max-image-preview:large","max-video-preview":"max-video-preview:-1"},"canonical":"https:\/\/www.stille.se\/se\/produkt\/medstone3-pm\/","og_locale":"sv_SE","og_type":"article","og_title":"Medstone3 PM - Stille SE STILLE","og_description":"Stilles Medstone3 PM \u00e4r ett bord f\u00f6r C-b\u00e5ge som ger en prisv\u00e4rd l\u00f6sning f\u00f6r sm\u00e4rtbehandlingar och andra ingrepp d\u00e4r det r\u00e4cker med ett begr\u00e4nsat antal bordsr\u00f6relser. Bordet liknar avancerade bord av andra m\u00e4rken, men \u00e4r av h\u00f6g, svensk kvalitet som bara Stille kan erbjuda.  Motoriserade bordr\u00f6relser: h\u00f6jdjustering, sidolutning, Trendelenburg.","og_url":"https:\/\/www.stille.se\/se\/produkt\/medstone3-pm\/","og_site_name":"Stille SE","article_publisher":"https:\/\/www.facebook.com\/stilleab\/","article_modified_time":"2026-01-27T16:06:49+00:00","og_image":[{"width":1200,"height":1200,"url":"https:\/\/www.stille.se\/se\/wp-content\/uploads\/2019\/12\/web_500-1006_1200x1200.jpg","type":"image\/jpeg"}],"twitter_card":"summary_large_image","schema":{"@context":"https:\/\/schema.org","@graph":[{"@type":"Organization","@id":"https:\/\/www.stille.se\/se\/#organization","name":"Stille AB","url":"https:\/\/www.stille.se\/se\/","sameAs":["https:\/\/www.facebook.com\/stilleab\/","https:\/\/www.linkedin.com\/company\/stille-ab\/","https:\/\/www.youtube.com\/channel\/UCpxmVroiwKKSXWe3ZCOrSqw"],"logo":{"@type":"ImageObject","@id":"https:\/\/www.stille.se\/se\/#logo","inLanguage":"sv-SE","url":"https:\/\/www.stille.se\/se\/wp-content\/uploads\/2019\/12\/stille-logo-800.jpg","contentUrl":"https:\/\/www.stille.se\/se\/wp-content\/uploads\/2019\/12\/stille-logo-800.jpg","width":562,"height":314,"caption":"Stille AB"},"image":{"@id":"https:\/\/www.stille.se\/se\/#logo"}},{"@type":"WebSite","@id":"https:\/\/www.stille.se\/se\/#website","url":"https:\/\/www.stille.se\/se\/","name":"Stille SE","description":"","publisher":{"@id":"https:\/\/www.stille.se\/se\/#organization"},"potentialAction":[{"@type":"SearchAction","target":{"@type":"EntryPoint","urlTemplate":"https:\/\/www.stille.se\/se\/?s={search_term_string}"},"query-input":"required name=search_term_string"}],"inLanguage":"sv-SE"},{"@type":"ImageObject","@id":"https:\/\/www.stille.se\/se\/produkt\/medstone3-pm\/#primaryimage","inLanguage":"sv-SE","url":"https:\/\/www.stille.se\/se\/wp-content\/uploads\/2019\/12\/web_500-1006_1200x1200.jpg","contentUrl":"https:\/\/www.stille.se\/se\/wp-content\/uploads\/2019\/12\/web_500-1006_1200x1200.jpg","width":1200,"height":1200},{"@type":"WebPage","@id":"https:\/\/www.stille.se\/se\/produkt\/medstone3-pm\/#webpage","url":"https:\/\/www.stille.se\/se\/produkt\/medstone3-pm\/","name":"Medstone3 PM - Stille SE STILLE","isPartOf":{"@id":"https:\/\/www.stille.se\/se\/#website"},"primaryImageOfPage":{"@id":"https:\/\/www.stille.se\/se\/produkt\/medstone3-pm\/#primaryimage"},"datePublished":"2019-12-19T13:09:49+00:00","dateModified":"2026-01-27T16:06:49+00:00","breadcrumb":{"@id":"https:\/\/www.stille.se\/se\/produkt\/medstone3-pm\/#breadcrumb"},"inLanguage":"sv-SE","potentialAction":[{"@type":"ReadAction","target":["https:\/\/www.stille.se\/se\/produkt\/medstone3-pm\/"]}]},{"@type":"BreadcrumbList","@id":"https:\/\/www.stille.se\/se\/produkt\/medstone3-pm\/#breadcrumb","itemListElement":[{"@type":"ListItem","position":1,"name":"Hem","item":"https:\/\/www.stille.se\/se\/"},{"@type":"ListItem","position":2,"name":"Butik","item":"https:\/\/www.stille.se\/se\/butik\/"},{"@type":"ListItem","position":3,"name":"Bord f\u00f6r C-b\u00e5ge","item":"https:\/\/www.stille.se\/se\/produkt-kategori\/bord\/"},{"@type":"ListItem","position":4,"name":"Sm\u00e4rtlindring","item":"https:\/\/www.stille.se\/se\/produkt-kategori\/bord\/smartlindring\/"},{"@type":"ListItem","position":5,"name":"Medstone3 PM"}]}]}},"_links":{"self":[{"href":"https:\/\/www.stille.se\/se\/wp-json\/wp\/v2\/product\/28458"}],"collection":[{"href":"https:\/\/www.stille.se\/se\/wp-json\/wp\/v2\/product"}],"about":[{"href":"https:\/\/www.stille.se\/se\/wp-json\/wp\/v2\/types\/product"}],"wp:featuredmedia":[{"embeddable":true,"href":"https:\/\/www.stille.se\/se\/wp-json\/wp\/v2\/media\/48290"}],"wp:attachment":[{"href":"https:\/\/www.stille.se\/se\/wp-json\/wp\/v2\/media?parent=28458"}],"wp:term":[{"taxonomy":"product_cat","embeddable":true,"href":"https:\/\/www.stille.se\/se\/wp-json\/wp\/v2\/product_cat?post=28458"},{"taxonomy":"product_tag","embeddable":true,"href":"https:\/\/www.stille.se\/se\/wp-json\/wp\/v2\/product_tag?post=28458"}],"curies":[{"name":"wp","href":"https:\/\/api.w.org\/{rel}","templated":true}]}}