{"id":28485,"date":"2019-12-19T13:46:33","date_gmt":"2019-12-19T13:46:33","guid":{"rendered":"https:\/\/www.stille.se\/se\/?post_type=product&#038;p=28485"},"modified":"2026-01-27T17:01:56","modified_gmt":"2026-01-27T16:01:56","slug":"medstone5-cv","status":"publish","type":"product","link":"https:\/\/www.stille.se\/se\/produkt\/medstone5-cv\/","title":{"rendered":"Medstone5 CV"},"content":{"rendered":"","protected":false},"excerpt":{"rendered":"<p>Stilles Medstone-bord f\u00f6r C-b\u00e5ge bidrar till effektivare operationer och ingrepp, samtidigt som de \u00e4r prisv\u00e4rda, p\u00e5litliga och av god kvalitet. Alla komponenter \u00e4r utvecklade med den senaste svenska tekniken f\u00f6r behandling med hj\u00e4lp av minimalinvasiva ingrepp.<\/p>\n<p>Motoriserade bordr\u00f6relser: h\u00f6jdjustering, sidolutning, Trendelenburg, sidledsf\u00f6rflyttning, l\u00e4ngsg\u00e5ende f\u00f6rflyttning.<\/p>\n","protected":false},"featured_media":48282,"template":"","meta":[],"product_cat":[714,1272,1273,720],"product_tag":[],"acf":[],"yoast_head":"<!-- This site is optimized with the Yoast SEO plugin v17.9 - https:\/\/yoast.com\/wordpress\/plugins\/seo\/ -->\n<title>Medstone5 CV - Stille SE STILLE<\/title>\n<meta name=\"robots\" content=\"index, follow, max-snippet:-1, max-image-preview:large, max-video-preview:-1\" \/>\n<link rel=\"canonical\" href=\"https:\/\/www.stille.se\/se\/produkt\/medstone5-cv\/\" \/>\n<meta property=\"og:locale\" content=\"sv_SE\" \/>\n<meta property=\"og:type\" content=\"article\" \/>\n<meta property=\"og:title\" content=\"Medstone5 CV - Stille SE STILLE\" \/>\n<meta property=\"og:description\" content=\"Stilles Medstone-bord f\u00f6r C-b\u00e5ge bidrar till effektivare operationer och ingrepp, samtidigt som de \u00e4r prisv\u00e4rda, p\u00e5litliga och av god kvalitet. Alla komponenter \u00e4r utvecklade med den senaste svenska tekniken f\u00f6r behandling med hj\u00e4lp av minimalinvasiva ingrepp.  Motoriserade bordr\u00f6relser: h\u00f6jdjustering, sidolutning, Trendelenburg, sidledsf\u00f6rflyttning, l\u00e4ngsg\u00e5ende f\u00f6rflyttning.\" \/>\n<meta property=\"og:url\" content=\"https:\/\/www.stille.se\/se\/produkt\/medstone5-cv\/\" \/>\n<meta property=\"og:site_name\" content=\"Stille SE\" \/>\n<meta property=\"article:publisher\" content=\"https:\/\/www.facebook.com\/stilleab\/\" \/>\n<meta property=\"article:modified_time\" content=\"2026-01-27T16:01:56+00:00\" \/>\n<meta property=\"og:image\" content=\"https:\/\/www.stille.se\/se\/wp-content\/uploads\/2019\/12\/web_500-1002_1200x1200.jpg\" \/>\n\t<meta property=\"og:image:width\" content=\"1200\" \/>\n\t<meta property=\"og:image:height\" content=\"1200\" \/>\n\t<meta property=\"og:image:type\" content=\"image\/jpeg\" \/>\n<meta name=\"twitter:card\" content=\"summary_large_image\" \/>\n<script type=\"application\/ld+json\" class=\"yoast-schema-graph\">{\"@context\":\"https:\/\/schema.org\",\"@graph\":[{\"@type\":\"Organization\",\"@id\":\"https:\/\/www.stille.se\/se\/#organization\",\"name\":\"Stille AB\",\"url\":\"https:\/\/www.stille.se\/se\/\",\"sameAs\":[\"https:\/\/www.facebook.com\/stilleab\/\",\"https:\/\/www.linkedin.com\/company\/stille-ab\/\",\"https:\/\/www.youtube.com\/channel\/UCpxmVroiwKKSXWe3ZCOrSqw\"],\"logo\":{\"@type\":\"ImageObject\",\"@id\":\"https:\/\/www.stille.se\/se\/#logo\",\"inLanguage\":\"sv-SE\",\"url\":\"https:\/\/www.stille.se\/se\/wp-content\/uploads\/2019\/12\/stille-logo-800.jpg\",\"contentUrl\":\"https:\/\/www.stille.se\/se\/wp-content\/uploads\/2019\/12\/stille-logo-800.jpg\",\"width\":562,\"height\":314,\"caption\":\"Stille AB\"},\"image\":{\"@id\":\"https:\/\/www.stille.se\/se\/#logo\"}},{\"@type\":\"WebSite\",\"@id\":\"https:\/\/www.stille.se\/se\/#website\",\"url\":\"https:\/\/www.stille.se\/se\/\",\"name\":\"Stille SE\",\"description\":\"\",\"publisher\":{\"@id\":\"https:\/\/www.stille.se\/se\/#organization\"},\"potentialAction\":[{\"@type\":\"SearchAction\",\"target\":{\"@type\":\"EntryPoint\",\"urlTemplate\":\"https:\/\/www.stille.se\/se\/?s={search_term_string}\"},\"query-input\":\"required name=search_term_string\"}],\"inLanguage\":\"sv-SE\"},{\"@type\":\"ImageObject\",\"@id\":\"https:\/\/www.stille.se\/se\/produkt\/medstone5-cv\/#primaryimage\",\"inLanguage\":\"sv-SE\",\"url\":\"https:\/\/www.stille.se\/se\/wp-content\/uploads\/2019\/12\/web_500-1002_1200x1200.jpg\",\"contentUrl\":\"https:\/\/www.stille.se\/se\/wp-content\/uploads\/2019\/12\/web_500-1002_1200x1200.jpg\",\"width\":1200,\"height\":1200},{\"@type\":\"WebPage\",\"@id\":\"https:\/\/www.stille.se\/se\/produkt\/medstone5-cv\/#webpage\",\"url\":\"https:\/\/www.stille.se\/se\/produkt\/medstone5-cv\/\",\"name\":\"Medstone5 CV - Stille SE STILLE\",\"isPartOf\":{\"@id\":\"https:\/\/www.stille.se\/se\/#website\"},\"primaryImageOfPage\":{\"@id\":\"https:\/\/www.stille.se\/se\/produkt\/medstone5-cv\/#primaryimage\"},\"datePublished\":\"2019-12-19T13:46:33+00:00\",\"dateModified\":\"2026-01-27T16:01:56+00:00\",\"breadcrumb\":{\"@id\":\"https:\/\/www.stille.se\/se\/produkt\/medstone5-cv\/#breadcrumb\"},\"inLanguage\":\"sv-SE\",\"potentialAction\":[{\"@type\":\"ReadAction\",\"target\":[\"https:\/\/www.stille.se\/se\/produkt\/medstone5-cv\/\"]}]},{\"@type\":\"BreadcrumbList\",\"@id\":\"https:\/\/www.stille.se\/se\/produkt\/medstone5-cv\/#breadcrumb\",\"itemListElement\":[{\"@type\":\"ListItem\",\"position\":1,\"name\":\"Hem\",\"item\":\"https:\/\/www.stille.se\/se\/\"},{\"@type\":\"ListItem\",\"position\":2,\"name\":\"Butik\",\"item\":\"https:\/\/www.stille.se\/se\/butik\/\"},{\"@type\":\"ListItem\",\"position\":3,\"name\":\"Bord f\\u00f6r C-b\\u00e5ge\",\"item\":\"https:\/\/www.stille.se\/se\/produkt-kategori\/bord\/\"},{\"@type\":\"ListItem\",\"position\":4,\"name\":\"Medstone5 CV\"}]}]}<\/script>\n<!-- \/ Yoast SEO plugin. -->","yoast_head_json":{"title":"Medstone5 CV - Stille SE STILLE","robots":{"index":"index","follow":"follow","max-snippet":"max-snippet:-1","max-image-preview":"max-image-preview:large","max-video-preview":"max-video-preview:-1"},"canonical":"https:\/\/www.stille.se\/se\/produkt\/medstone5-cv\/","og_locale":"sv_SE","og_type":"article","og_title":"Medstone5 CV - Stille SE STILLE","og_description":"Stilles Medstone-bord f\u00f6r C-b\u00e5ge bidrar till effektivare operationer och ingrepp, samtidigt som de \u00e4r prisv\u00e4rda, p\u00e5litliga och av god kvalitet. Alla komponenter \u00e4r utvecklade med den senaste svenska tekniken f\u00f6r behandling med hj\u00e4lp av minimalinvasiva ingrepp.  Motoriserade bordr\u00f6relser: h\u00f6jdjustering, sidolutning, Trendelenburg, sidledsf\u00f6rflyttning, l\u00e4ngsg\u00e5ende f\u00f6rflyttning.","og_url":"https:\/\/www.stille.se\/se\/produkt\/medstone5-cv\/","og_site_name":"Stille SE","article_publisher":"https:\/\/www.facebook.com\/stilleab\/","article_modified_time":"2026-01-27T16:01:56+00:00","og_image":[{"width":1200,"height":1200,"url":"https:\/\/www.stille.se\/se\/wp-content\/uploads\/2019\/12\/web_500-1002_1200x1200.jpg","type":"image\/jpeg"}],"twitter_card":"summary_large_image","schema":{"@context":"https:\/\/schema.org","@graph":[{"@type":"Organization","@id":"https:\/\/www.stille.se\/se\/#organization","name":"Stille AB","url":"https:\/\/www.stille.se\/se\/","sameAs":["https:\/\/www.facebook.com\/stilleab\/","https:\/\/www.linkedin.com\/company\/stille-ab\/","https:\/\/www.youtube.com\/channel\/UCpxmVroiwKKSXWe3ZCOrSqw"],"logo":{"@type":"ImageObject","@id":"https:\/\/www.stille.se\/se\/#logo","inLanguage":"sv-SE","url":"https:\/\/www.stille.se\/se\/wp-content\/uploads\/2019\/12\/stille-logo-800.jpg","contentUrl":"https:\/\/www.stille.se\/se\/wp-content\/uploads\/2019\/12\/stille-logo-800.jpg","width":562,"height":314,"caption":"Stille AB"},"image":{"@id":"https:\/\/www.stille.se\/se\/#logo"}},{"@type":"WebSite","@id":"https:\/\/www.stille.se\/se\/#website","url":"https:\/\/www.stille.se\/se\/","name":"Stille SE","description":"","publisher":{"@id":"https:\/\/www.stille.se\/se\/#organization"},"potentialAction":[{"@type":"SearchAction","target":{"@type":"EntryPoint","urlTemplate":"https:\/\/www.stille.se\/se\/?s={search_term_string}"},"query-input":"required name=search_term_string"}],"inLanguage":"sv-SE"},{"@type":"ImageObject","@id":"https:\/\/www.stille.se\/se\/produkt\/medstone5-cv\/#primaryimage","inLanguage":"sv-SE","url":"https:\/\/www.stille.se\/se\/wp-content\/uploads\/2019\/12\/web_500-1002_1200x1200.jpg","contentUrl":"https:\/\/www.stille.se\/se\/wp-content\/uploads\/2019\/12\/web_500-1002_1200x1200.jpg","width":1200,"height":1200},{"@type":"WebPage","@id":"https:\/\/www.stille.se\/se\/produkt\/medstone5-cv\/#webpage","url":"https:\/\/www.stille.se\/se\/produkt\/medstone5-cv\/","name":"Medstone5 CV - Stille SE STILLE","isPartOf":{"@id":"https:\/\/www.stille.se\/se\/#website"},"primaryImageOfPage":{"@id":"https:\/\/www.stille.se\/se\/produkt\/medstone5-cv\/#primaryimage"},"datePublished":"2019-12-19T13:46:33+00:00","dateModified":"2026-01-27T16:01:56+00:00","breadcrumb":{"@id":"https:\/\/www.stille.se\/se\/produkt\/medstone5-cv\/#breadcrumb"},"inLanguage":"sv-SE","potentialAction":[{"@type":"ReadAction","target":["https:\/\/www.stille.se\/se\/produkt\/medstone5-cv\/"]}]},{"@type":"BreadcrumbList","@id":"https:\/\/www.stille.se\/se\/produkt\/medstone5-cv\/#breadcrumb","itemListElement":[{"@type":"ListItem","position":1,"name":"Hem","item":"https:\/\/www.stille.se\/se\/"},{"@type":"ListItem","position":2,"name":"Butik","item":"https:\/\/www.stille.se\/se\/butik\/"},{"@type":"ListItem","position":3,"name":"Bord f\u00f6r C-b\u00e5ge","item":"https:\/\/www.stille.se\/se\/produkt-kategori\/bord\/"},{"@type":"ListItem","position":4,"name":"Medstone5 CV"}]}]}},"_links":{"self":[{"href":"https:\/\/www.stille.se\/se\/wp-json\/wp\/v2\/product\/28485"}],"collection":[{"href":"https:\/\/www.stille.se\/se\/wp-json\/wp\/v2\/product"}],"about":[{"href":"https:\/\/www.stille.se\/se\/wp-json\/wp\/v2\/types\/product"}],"wp:featuredmedia":[{"embeddable":true,"href":"https:\/\/www.stille.se\/se\/wp-json\/wp\/v2\/media\/48282"}],"wp:attachment":[{"href":"https:\/\/www.stille.se\/se\/wp-json\/wp\/v2\/media?parent=28485"}],"wp:term":[{"taxonomy":"product_cat","embeddable":true,"href":"https:\/\/www.stille.se\/se\/wp-json\/wp\/v2\/product_cat?post=28485"},{"taxonomy":"product_tag","embeddable":true,"href":"https:\/\/www.stille.se\/se\/wp-json\/wp\/v2\/product_tag?post=28485"}],"curies":[{"name":"wp","href":"https:\/\/api.w.org\/{rel}","templated":true}]}}