{"id":46594,"date":"2022-12-07T13:49:35","date_gmt":"2022-12-07T12:49:35","guid":{"rendered":"https:\/\/www.stille.se\/se\/?post_type=product&#038;p=46594"},"modified":"2023-02-02T13:43:15","modified_gmt":"2023-02-02T12:43:15","slug":"st-acland-approximatorklamma-med-ram-8-mm","status":"publish","type":"product","link":"https:\/\/www.stille.se\/se\/produkt\/st-acland-approximatorklamma-med-ram-8-mm\/","title":{"rendered":"S&amp;T ACLAND APPROXIMATORKL\u00c4MMA MED RAM 8 MM"},"content":{"rendered":"","protected":false},"excerpt":{"rendered":"<p>Acland approximatorkl\u00e4mmor med ram fr\u00e5n S&amp;T. En styck per f\u00f6rpackning.<\/p>\n","protected":false},"featured_media":46599,"template":"","meta":[],"product_cat":[558,1185,1211,1214],"product_tag":[],"acf":[],"yoast_head":"<!-- This site is optimized with the Yoast SEO plugin v17.9 - https:\/\/yoast.com\/wordpress\/plugins\/seo\/ -->\n<title>S&amp;T ACLAND APPROXIMATORKL\u00c4MMA MED RAM 8 MM - Stille SE STILLE<\/title>\n<meta name=\"robots\" content=\"index, follow, max-snippet:-1, max-image-preview:large, max-video-preview:-1\" \/>\n<link rel=\"canonical\" href=\"https:\/\/www.stille.se\/se\/produkt\/st-acland-approximatorklamma-med-ram-8-mm\/\" \/>\n<meta property=\"og:locale\" content=\"sv_SE\" \/>\n<meta property=\"og:type\" content=\"article\" \/>\n<meta property=\"og:title\" content=\"S&amp;T ACLAND APPROXIMATORKL\u00c4MMA MED RAM 8 MM - Stille SE STILLE\" \/>\n<meta property=\"og:description\" content=\"Acland approximatorkl\u00e4mmor med ram fr\u00e5n S&amp;T. En styck per f\u00f6rpackning.\" \/>\n<meta property=\"og:url\" content=\"https:\/\/www.stille.se\/se\/produkt\/st-acland-approximatorklamma-med-ram-8-mm\/\" \/>\n<meta property=\"og:site_name\" content=\"Stille SE\" \/>\n<meta property=\"article:publisher\" content=\"https:\/\/www.facebook.com\/stilleab\/\" \/>\n<meta property=\"article:modified_time\" content=\"2023-02-02T12:43:15+00:00\" \/>\n<meta property=\"og:image\" content=\"https:\/\/www.stille.se\/se\/wp-content\/uploads\/2022\/12\/00409.png\" \/>\n\t<meta property=\"og:image:width\" content=\"4500\" \/>\n\t<meta property=\"og:image:height\" content=\"4500\" \/>\n\t<meta property=\"og:image:type\" content=\"image\/png\" \/>\n<meta name=\"twitter:card\" content=\"summary_large_image\" \/>\n<script type=\"application\/ld+json\" class=\"yoast-schema-graph\">{\"@context\":\"https:\/\/schema.org\",\"@graph\":[{\"@type\":\"Organization\",\"@id\":\"https:\/\/www.stille.se\/se\/#organization\",\"name\":\"Stille AB\",\"url\":\"https:\/\/www.stille.se\/se\/\",\"sameAs\":[\"https:\/\/www.facebook.com\/stilleab\/\",\"https:\/\/www.linkedin.com\/company\/stille-ab\/\",\"https:\/\/www.youtube.com\/channel\/UCpxmVroiwKKSXWe3ZCOrSqw\"],\"logo\":{\"@type\":\"ImageObject\",\"@id\":\"https:\/\/www.stille.se\/se\/#logo\",\"inLanguage\":\"sv-SE\",\"url\":\"https:\/\/www.stille.se\/se\/wp-content\/uploads\/2019\/12\/stille-logo-800.jpg\",\"contentUrl\":\"https:\/\/www.stille.se\/se\/wp-content\/uploads\/2019\/12\/stille-logo-800.jpg\",\"width\":562,\"height\":314,\"caption\":\"Stille AB\"},\"image\":{\"@id\":\"https:\/\/www.stille.se\/se\/#logo\"}},{\"@type\":\"WebSite\",\"@id\":\"https:\/\/www.stille.se\/se\/#website\",\"url\":\"https:\/\/www.stille.se\/se\/\",\"name\":\"Stille SE\",\"description\":\"\",\"publisher\":{\"@id\":\"https:\/\/www.stille.se\/se\/#organization\"},\"potentialAction\":[{\"@type\":\"SearchAction\",\"target\":{\"@type\":\"EntryPoint\",\"urlTemplate\":\"https:\/\/www.stille.se\/se\/?s={search_term_string}\"},\"query-input\":\"required name=search_term_string\"}],\"inLanguage\":\"sv-SE\"},{\"@type\":\"ImageObject\",\"@id\":\"https:\/\/www.stille.se\/se\/produkt\/st-acland-approximatorklamma-med-ram-8-mm\/#primaryimage\",\"inLanguage\":\"sv-SE\",\"url\":\"https:\/\/www.stille.se\/se\/wp-content\/uploads\/2022\/12\/00409.png\",\"contentUrl\":\"https:\/\/www.stille.se\/se\/wp-content\/uploads\/2022\/12\/00409.png\",\"width\":4500,\"height\":4500},{\"@type\":\"WebPage\",\"@id\":\"https:\/\/www.stille.se\/se\/produkt\/st-acland-approximatorklamma-med-ram-8-mm\/#webpage\",\"url\":\"https:\/\/www.stille.se\/se\/produkt\/st-acland-approximatorklamma-med-ram-8-mm\/\",\"name\":\"S&amp;T ACLAND APPROXIMATORKL\\u00c4MMA MED RAM 8 MM - Stille SE STILLE\",\"isPartOf\":{\"@id\":\"https:\/\/www.stille.se\/se\/#website\"},\"primaryImageOfPage\":{\"@id\":\"https:\/\/www.stille.se\/se\/produkt\/st-acland-approximatorklamma-med-ram-8-mm\/#primaryimage\"},\"datePublished\":\"2022-12-07T12:49:35+00:00\",\"dateModified\":\"2023-02-02T12:43:15+00:00\",\"breadcrumb\":{\"@id\":\"https:\/\/www.stille.se\/se\/produkt\/st-acland-approximatorklamma-med-ram-8-mm\/#breadcrumb\"},\"inLanguage\":\"sv-SE\",\"potentialAction\":[{\"@type\":\"ReadAction\",\"target\":[\"https:\/\/www.stille.se\/se\/produkt\/st-acland-approximatorklamma-med-ram-8-mm\/\"]}]},{\"@type\":\"BreadcrumbList\",\"@id\":\"https:\/\/www.stille.se\/se\/produkt\/st-acland-approximatorklamma-med-ram-8-mm\/#breadcrumb\",\"itemListElement\":[{\"@type\":\"ListItem\",\"position\":1,\"name\":\"Hem\",\"item\":\"https:\/\/www.stille.se\/se\/\"},{\"@type\":\"ListItem\",\"position\":2,\"name\":\"Butik\",\"item\":\"https:\/\/www.stille.se\/se\/butik\/\"},{\"@type\":\"ListItem\",\"position\":3,\"name\":\"Mikrokirurgiska instrument\",\"item\":\"https:\/\/www.stille.se\/se\/produkt-kategori\/mikrokirurgiska-instrument\/\"},{\"@type\":\"ListItem\",\"position\":4,\"name\":\"S&amp;T\",\"item\":\"https:\/\/www.stille.se\/se\/produkt-kategori\/mikrokirurgiska-instrument\/st\/\"},{\"@type\":\"ListItem\",\"position\":5,\"name\":\"Acland mikrok\\u00e4rlkl\\u00e4mmor\",\"item\":\"https:\/\/www.stille.se\/se\/produkt-kategori\/mikrokirurgiska-instrument\/st\/acland-mikrokarlklammor\/\"},{\"@type\":\"ListItem\",\"position\":6,\"name\":\"Acland approximatorkl\\u00e4mmor med ram\",\"item\":\"https:\/\/www.stille.se\/se\/produkt-kategori\/mikrokirurgiska-instrument\/st\/acland-mikrokarlklammor\/acland-approximatorklammor-med-ram\/\"},{\"@type\":\"ListItem\",\"position\":7,\"name\":\"S&amp;T ACLAND APPROXIMATORKL\\u00c4MMA MED RAM 8 MM\"}]}]}<\/script>\n<!-- \/ Yoast SEO plugin. -->","yoast_head_json":{"title":"S&amp;T ACLAND APPROXIMATORKL\u00c4MMA MED RAM 8 MM - Stille SE STILLE","robots":{"index":"index","follow":"follow","max-snippet":"max-snippet:-1","max-image-preview":"max-image-preview:large","max-video-preview":"max-video-preview:-1"},"canonical":"https:\/\/www.stille.se\/se\/produkt\/st-acland-approximatorklamma-med-ram-8-mm\/","og_locale":"sv_SE","og_type":"article","og_title":"S&amp;T ACLAND APPROXIMATORKL\u00c4MMA MED RAM 8 MM - Stille SE STILLE","og_description":"Acland approximatorkl\u00e4mmor med ram fr\u00e5n S&amp;T. En styck per f\u00f6rpackning.","og_url":"https:\/\/www.stille.se\/se\/produkt\/st-acland-approximatorklamma-med-ram-8-mm\/","og_site_name":"Stille SE","article_publisher":"https:\/\/www.facebook.com\/stilleab\/","article_modified_time":"2023-02-02T12:43:15+00:00","og_image":[{"width":4500,"height":4500,"url":"https:\/\/www.stille.se\/se\/wp-content\/uploads\/2022\/12\/00409.png","type":"image\/png"}],"twitter_card":"summary_large_image","schema":{"@context":"https:\/\/schema.org","@graph":[{"@type":"Organization","@id":"https:\/\/www.stille.se\/se\/#organization","name":"Stille AB","url":"https:\/\/www.stille.se\/se\/","sameAs":["https:\/\/www.facebook.com\/stilleab\/","https:\/\/www.linkedin.com\/company\/stille-ab\/","https:\/\/www.youtube.com\/channel\/UCpxmVroiwKKSXWe3ZCOrSqw"],"logo":{"@type":"ImageObject","@id":"https:\/\/www.stille.se\/se\/#logo","inLanguage":"sv-SE","url":"https:\/\/www.stille.se\/se\/wp-content\/uploads\/2019\/12\/stille-logo-800.jpg","contentUrl":"https:\/\/www.stille.se\/se\/wp-content\/uploads\/2019\/12\/stille-logo-800.jpg","width":562,"height":314,"caption":"Stille AB"},"image":{"@id":"https:\/\/www.stille.se\/se\/#logo"}},{"@type":"WebSite","@id":"https:\/\/www.stille.se\/se\/#website","url":"https:\/\/www.stille.se\/se\/","name":"Stille SE","description":"","publisher":{"@id":"https:\/\/www.stille.se\/se\/#organization"},"potentialAction":[{"@type":"SearchAction","target":{"@type":"EntryPoint","urlTemplate":"https:\/\/www.stille.se\/se\/?s={search_term_string}"},"query-input":"required name=search_term_string"}],"inLanguage":"sv-SE"},{"@type":"ImageObject","@id":"https:\/\/www.stille.se\/se\/produkt\/st-acland-approximatorklamma-med-ram-8-mm\/#primaryimage","inLanguage":"sv-SE","url":"https:\/\/www.stille.se\/se\/wp-content\/uploads\/2022\/12\/00409.png","contentUrl":"https:\/\/www.stille.se\/se\/wp-content\/uploads\/2022\/12\/00409.png","width":4500,"height":4500},{"@type":"WebPage","@id":"https:\/\/www.stille.se\/se\/produkt\/st-acland-approximatorklamma-med-ram-8-mm\/#webpage","url":"https:\/\/www.stille.se\/se\/produkt\/st-acland-approximatorklamma-med-ram-8-mm\/","name":"S&amp;T ACLAND APPROXIMATORKL\u00c4MMA MED RAM 8 MM - Stille SE STILLE","isPartOf":{"@id":"https:\/\/www.stille.se\/se\/#website"},"primaryImageOfPage":{"@id":"https:\/\/www.stille.se\/se\/produkt\/st-acland-approximatorklamma-med-ram-8-mm\/#primaryimage"},"datePublished":"2022-12-07T12:49:35+00:00","dateModified":"2023-02-02T12:43:15+00:00","breadcrumb":{"@id":"https:\/\/www.stille.se\/se\/produkt\/st-acland-approximatorklamma-med-ram-8-mm\/#breadcrumb"},"inLanguage":"sv-SE","potentialAction":[{"@type":"ReadAction","target":["https:\/\/www.stille.se\/se\/produkt\/st-acland-approximatorklamma-med-ram-8-mm\/"]}]},{"@type":"BreadcrumbList","@id":"https:\/\/www.stille.se\/se\/produkt\/st-acland-approximatorklamma-med-ram-8-mm\/#breadcrumb","itemListElement":[{"@type":"ListItem","position":1,"name":"Hem","item":"https:\/\/www.stille.se\/se\/"},{"@type":"ListItem","position":2,"name":"Butik","item":"https:\/\/www.stille.se\/se\/butik\/"},{"@type":"ListItem","position":3,"name":"Mikrokirurgiska instrument","item":"https:\/\/www.stille.se\/se\/produkt-kategori\/mikrokirurgiska-instrument\/"},{"@type":"ListItem","position":4,"name":"S&amp;T","item":"https:\/\/www.stille.se\/se\/produkt-kategori\/mikrokirurgiska-instrument\/st\/"},{"@type":"ListItem","position":5,"name":"Acland mikrok\u00e4rlkl\u00e4mmor","item":"https:\/\/www.stille.se\/se\/produkt-kategori\/mikrokirurgiska-instrument\/st\/acland-mikrokarlklammor\/"},{"@type":"ListItem","position":6,"name":"Acland approximatorkl\u00e4mmor med ram","item":"https:\/\/www.stille.se\/se\/produkt-kategori\/mikrokirurgiska-instrument\/st\/acland-mikrokarlklammor\/acland-approximatorklammor-med-ram\/"},{"@type":"ListItem","position":7,"name":"S&amp;T ACLAND APPROXIMATORKL\u00c4MMA MED RAM 8 MM"}]}]}},"_links":{"self":[{"href":"https:\/\/www.stille.se\/se\/wp-json\/wp\/v2\/product\/46594"}],"collection":[{"href":"https:\/\/www.stille.se\/se\/wp-json\/wp\/v2\/product"}],"about":[{"href":"https:\/\/www.stille.se\/se\/wp-json\/wp\/v2\/types\/product"}],"wp:featuredmedia":[{"embeddable":true,"href":"https:\/\/www.stille.se\/se\/wp-json\/wp\/v2\/media\/46599"}],"wp:attachment":[{"href":"https:\/\/www.stille.se\/se\/wp-json\/wp\/v2\/media?parent=46594"}],"wp:term":[{"taxonomy":"product_cat","embeddable":true,"href":"https:\/\/www.stille.se\/se\/wp-json\/wp\/v2\/product_cat?post=46594"},{"taxonomy":"product_tag","embeddable":true,"href":"https:\/\/www.stille.se\/se\/wp-json\/wp\/v2\/product_tag?post=46594"}],"curies":[{"name":"wp","href":"https:\/\/api.w.org\/{rel}","templated":true}]}}